{"id":7,"date":"2021-11-05T09:25:11","date_gmt":"2021-11-05T08:25:11","guid":{"rendered":"https:\/\/web.umons.ac.be\/afon\/equipe\/"},"modified":"2026-02-08T17:36:58","modified_gmt":"2026-02-08T16:36:58","slug":"equipe","status":"publish","type":"page","link":"https:\/\/web.umons.ac.be\/afon\/equipe\/","title":{"rendered":"Membres du service"},"content":{"rendered":"<p>Le service d&rsquo;Analyse fonctionnelle est actuellement compos\u00e9 de :<\/p>\n<ul>\n<li><a href=\"https:\/\/staff.umons.ac.be\/quentin.menet\/\" target=\"_blank\" rel=\"noopener\">Quentin MENET<\/a> (Chef de service)<\/li>\n<li><a href=\"https:\/\/staff.umons.ac.be\/Karl.GROSSE-ERDMANN\/index.html\" target=\"_blank\" rel=\"noopener\">Karl GROSSE-ERDMANN<\/a> (Professeur \u00e9m\u00e9rite)<\/li>\n<li><a href=\"https:\/\/staff.umons.ac.be\/Noemie.FOUGNIES\/index.html\" target=\"_blank\" rel=\"noopener\">No\u00e9mie FOUGNIES<\/a> (Assistante et doctorante)<\/li>\n<li><a href=\"https:\/\/staff.umons.ac.be\/Alessandro.QUATTROCCHI\/\" target=\"_blank\" rel=\"noopener\">Alessandro QUATTROCCHI<\/a> (Doctorant)<\/li>\n<li><a href=\"https:\/\/staff.umons.ac.be\/Kevin.AGNEESSENS\/\" target=\"_blank\" rel=\"noopener\"><span lang=\"en-GB\">Kevin<\/span><span lang=\"en-GB\"> AGNEESSENS<\/span><\/a>\u00a0 (Collaborateur scientifique volontaire)<\/li>\n<li><a href=\"https:\/\/staff.umons.ac.be\/catherine.finet\/index.html\" target=\"_blank\" rel=\"noopener\"><span lang=\"en-GB\" data-olk-copy-source=\"MessageBody\">Catherine FINET<\/span><\/a> (Collaboratrice scientifique volontaire)<\/li>\n<li><a href=\"https:\/\/staff.umons.ac.be\/monia.mestiri\/\" target=\"_blank\" rel=\"noopener\"><span lang=\"en-GB\">Monia MESTIRI<\/span><\/a> (Collaboratrice scientifique volontaire)<\/li>\n<\/ul>\n<p>Par le pass\u00e9, le service d&rsquo;Analyse fonctionnelle a \u00e9galement compt\u00e9 parmi ses membres :<\/p>\n<ul>\n<li><a href=\"https:\/\/www.sabanciuniv.edu\/rehber\/KisiselBilgilerCV.php?sicil=4499&amp;dil=Eng\" target=\"_blank\" rel=\"noopener\">Dimitrios PAPATHANASIOU<\/a> (Sabanci University, Istanbul, Turquie)<\/li>\n<li><a href=\"https:\/\/fernando.mat.br\/\" target=\"_blank\" rel=\"noopener\">Fernando COSTA JR<\/a>\u00a0(Universidade Federal da Para\u00edba, Jo\u00e3o Pessoa, Br\u00e9sil)<\/li>\n<\/ul>\n<p>&nbsp;<\/p>\n","protected":false},"excerpt":{"rendered":"<p>Le service d&rsquo;Analyse fonctionnelle est actuellement compos\u00e9 de : Quentin MENET (Chef de service) Karl GROSSE-ERDMANN (Professeur \u00e9m\u00e9rite) No\u00e9mie FOUGNIES (Assistante et doctorante) Alessandro QUATTROCCHI (Doctorant) Kevin AGNEESSENS\u00a0 (Collaborateur scientifique volontaire) Catherine FINET (Collaboratrice scientifique volontaire) Monia MESTIRI (Collaboratrice scientifique volontaire) Par le pass\u00e9, le service d&rsquo;Analyse fonctionnelle a \u00e9galement compt\u00e9 parmi ses membres : [&hellip;]<\/p>\n","protected":false},"author":4,"featured_media":0,"parent":0,"menu_order":0,"comment_status":"closed","ping_status":"closed","template":"","meta":{"footnotes":""},"class_list":["post-7","page","type-page","status-publish","hentry"],"yoast_head":"<!-- This site is optimized with the Yoast SEO plugin v27.2 - https:\/\/yoast.com\/product\/yoast-seo-wordpress\/ -->\n<title>Membres du service - Service \/ FS - Analyse fonctionnelle<\/title>\n<meta name=\"robots\" content=\"index, follow, max-snippet:-1, max-image-preview:large, max-video-preview:-1\" \/>\n<link rel=\"canonical\" href=\"https:\/\/web.umons.ac.be\/afon\/equipe\/\" \/>\n<meta property=\"og:locale\" content=\"fr_FR\" \/>\n<meta property=\"og:type\" content=\"article\" \/>\n<meta property=\"og:title\" content=\"Membres du service - Service \/ FS - Analyse fonctionnelle\" \/>\n<meta property=\"og:description\" content=\"Le service d&rsquo;Analyse fonctionnelle est actuellement compos\u00e9 de : Quentin MENET (Chef de service) Karl GROSSE-ERDMANN (Professeur \u00e9m\u00e9rite) No\u00e9mie FOUGNIES (Assistante et doctorante) Alessandro QUATTROCCHI (Doctorant) Kevin AGNEESSENS\u00a0 (Collaborateur scientifique volontaire) Catherine FINET (Collaboratrice scientifique volontaire) Monia MESTIRI (Collaboratrice scientifique volontaire) Par le pass\u00e9, le service d&rsquo;Analyse fonctionnelle a \u00e9galement compt\u00e9 parmi ses membres : [&hellip;]\" \/>\n<meta property=\"og:url\" content=\"https:\/\/web.umons.ac.be\/afon\/equipe\/\" \/>\n<meta property=\"og:site_name\" content=\"Service \/ FS - Analyse fonctionnelle\" \/>\n<meta property=\"article:modified_time\" content=\"2026-02-08T16:36:58+00:00\" \/>\n<meta name=\"twitter:card\" content=\"summary_large_image\" \/>\n<meta name=\"twitter:label1\" content=\"Dur\u00e9e de lecture estim\u00e9e\" \/>\n\t<meta name=\"twitter:data1\" content=\"1 minute\" \/>\n<script type=\"application\/ld+json\" class=\"yoast-schema-graph\">{\"@context\":\"https:\/\/schema.org\",\"@graph\":[{\"@type\":\"WebPage\",\"@id\":\"https:\/\/web.umons.ac.be\/afon\/equipe\/\",\"url\":\"https:\/\/web.umons.ac.be\/afon\/equipe\/\",\"name\":\"Membres du service - Service \/ FS - Analyse fonctionnelle\",\"isPartOf\":{\"@id\":\"https:\/\/web.umons.ac.be\/afon\/#website\"},\"datePublished\":\"2021-11-05T08:25:11+00:00\",\"dateModified\":\"2026-02-08T16:36:58+00:00\",\"breadcrumb\":{\"@id\":\"https:\/\/web.umons.ac.be\/afon\/equipe\/#breadcrumb\"},\"inLanguage\":\"fr-FR\",\"potentialAction\":[{\"@type\":\"ReadAction\",\"target\":[\"https:\/\/web.umons.ac.be\/afon\/equipe\/\"]}]},{\"@type\":\"BreadcrumbList\",\"@id\":\"https:\/\/web.umons.ac.be\/afon\/equipe\/#breadcrumb\",\"itemListElement\":[{\"@type\":\"ListItem\",\"position\":1,\"name\":\"Home\",\"item\":\"https:\/\/web.umons.ac.be\/afon\/\"},{\"@type\":\"ListItem\",\"position\":2,\"name\":\"Membres du service\"}]},{\"@type\":\"WebSite\",\"@id\":\"https:\/\/web.umons.ac.be\/afon\/#website\",\"url\":\"https:\/\/web.umons.ac.be\/afon\/\",\"name\":\"Service \/ FS - Analyse fonctionnelle\",\"description\":\"\",\"potentialAction\":[{\"@type\":\"SearchAction\",\"target\":{\"@type\":\"EntryPoint\",\"urlTemplate\":\"https:\/\/web.umons.ac.be\/afon\/?s={search_term_string}\"},\"query-input\":{\"@type\":\"PropertyValueSpecification\",\"valueRequired\":true,\"valueName\":\"search_term_string\"}}],\"inLanguage\":\"fr-FR\"}]}<\/script>\n<!-- \/ Yoast SEO plugin. -->","yoast_head_json":{"title":"Membres du service - Service \/ FS - Analyse fonctionnelle","robots":{"index":"index","follow":"follow","max-snippet":"max-snippet:-1","max-image-preview":"max-image-preview:large","max-video-preview":"max-video-preview:-1"},"canonical":"https:\/\/web.umons.ac.be\/afon\/equipe\/","og_locale":"fr_FR","og_type":"article","og_title":"Membres du service - Service \/ FS - Analyse fonctionnelle","og_description":"Le service d&rsquo;Analyse fonctionnelle est actuellement compos\u00e9 de : Quentin MENET (Chef de service) Karl GROSSE-ERDMANN (Professeur \u00e9m\u00e9rite) No\u00e9mie FOUGNIES (Assistante et doctorante) Alessandro QUATTROCCHI (Doctorant) Kevin AGNEESSENS\u00a0 (Collaborateur scientifique volontaire) Catherine FINET (Collaboratrice scientifique volontaire) Monia MESTIRI (Collaboratrice scientifique volontaire) Par le pass\u00e9, le service d&rsquo;Analyse fonctionnelle a \u00e9galement compt\u00e9 parmi ses membres : [&hellip;]","og_url":"https:\/\/web.umons.ac.be\/afon\/equipe\/","og_site_name":"Service \/ FS - Analyse fonctionnelle","article_modified_time":"2026-02-08T16:36:58+00:00","twitter_card":"summary_large_image","twitter_misc":{"Dur\u00e9e de lecture estim\u00e9e":"1 minute"},"schema":{"@context":"https:\/\/schema.org","@graph":[{"@type":"WebPage","@id":"https:\/\/web.umons.ac.be\/afon\/equipe\/","url":"https:\/\/web.umons.ac.be\/afon\/equipe\/","name":"Membres du service - Service \/ FS - Analyse fonctionnelle","isPartOf":{"@id":"https:\/\/web.umons.ac.be\/afon\/#website"},"datePublished":"2021-11-05T08:25:11+00:00","dateModified":"2026-02-08T16:36:58+00:00","breadcrumb":{"@id":"https:\/\/web.umons.ac.be\/afon\/equipe\/#breadcrumb"},"inLanguage":"fr-FR","potentialAction":[{"@type":"ReadAction","target":["https:\/\/web.umons.ac.be\/afon\/equipe\/"]}]},{"@type":"BreadcrumbList","@id":"https:\/\/web.umons.ac.be\/afon\/equipe\/#breadcrumb","itemListElement":[{"@type":"ListItem","position":1,"name":"Home","item":"https:\/\/web.umons.ac.be\/afon\/"},{"@type":"ListItem","position":2,"name":"Membres du service"}]},{"@type":"WebSite","@id":"https:\/\/web.umons.ac.be\/afon\/#website","url":"https:\/\/web.umons.ac.be\/afon\/","name":"Service \/ FS - Analyse fonctionnelle","description":"","potentialAction":[{"@type":"SearchAction","target":{"@type":"EntryPoint","urlTemplate":"https:\/\/web.umons.ac.be\/afon\/?s={search_term_string}"},"query-input":{"@type":"PropertyValueSpecification","valueRequired":true,"valueName":"search_term_string"}}],"inLanguage":"fr-FR"}]}},"lang":"fr","translations":{"fr":7},"pll_sync_post":[],"_links":{"self":[{"href":"https:\/\/web.umons.ac.be\/afon\/wp-json\/wp\/v2\/pages\/7","targetHints":{"allow":["GET"]}}],"collection":[{"href":"https:\/\/web.umons.ac.be\/afon\/wp-json\/wp\/v2\/pages"}],"about":[{"href":"https:\/\/web.umons.ac.be\/afon\/wp-json\/wp\/v2\/types\/page"}],"author":[{"embeddable":true,"href":"https:\/\/web.umons.ac.be\/afon\/wp-json\/wp\/v2\/users\/4"}],"replies":[{"embeddable":true,"href":"https:\/\/web.umons.ac.be\/afon\/wp-json\/wp\/v2\/comments?post=7"}],"version-history":[{"count":3,"href":"https:\/\/web.umons.ac.be\/afon\/wp-json\/wp\/v2\/pages\/7\/revisions"}],"predecessor-version":[{"id":225,"href":"https:\/\/web.umons.ac.be\/afon\/wp-json\/wp\/v2\/pages\/7\/revisions\/225"}],"wp:attachment":[{"href":"https:\/\/web.umons.ac.be\/afon\/wp-json\/wp\/v2\/media?parent=7"}],"curies":[{"name":"wp","href":"https:\/\/api.w.org\/{rel}","templated":true}]}}