{"id":11,"date":"2021-11-02T13:47:27","date_gmt":"2021-11-02T12:47:27","guid":{"rendered":"https:\/\/web.umons.ac.be\/algo\/activites-denseignement\/"},"modified":"2026-03-10T15:10:18","modified_gmt":"2026-03-10T14:10:18","slug":"enseignement","status":"publish","type":"page","link":"https:\/\/web.umons.ac.be\/algo\/enseignement\/","title":{"rendered":"Activit\u00e9s d&rsquo;enseignement"},"content":{"rendered":"<p><img loading=\"lazy\" decoding=\"async\" class=\"alignright size-medium wp-image-156\" src=\"https:\/\/web.umons.ac.be\/app\/uploads\/sites\/65\/2024\/05\/Screenshot-2024-05-02-at-14.38.28-171x300.png\" alt=\"\" width=\"171\" height=\"300\" srcset=\"https:\/\/web.umons.ac.be\/app\/uploads\/sites\/65\/2024\/05\/Screenshot-2024-05-02-at-14.38.28-171x300.png 171w, https:\/\/web.umons.ac.be\/app\/uploads\/sites\/65\/2024\/05\/Screenshot-2024-05-02-at-14.38.28-585x1024.png 585w, https:\/\/web.umons.ac.be\/app\/uploads\/sites\/65\/2024\/05\/Screenshot-2024-05-02-at-14.38.28-768x1344.png 768w, https:\/\/web.umons.ac.be\/app\/uploads\/sites\/65\/2024\/05\/Screenshot-2024-05-02-at-14.38.28-878x1536.png 878w, https:\/\/web.umons.ac.be\/app\/uploads\/sites\/65\/2024\/05\/Screenshot-2024-05-02-at-14.38.28-377x660.png 377w, https:\/\/web.umons.ac.be\/app\/uploads\/sites\/65\/2024\/05\/Screenshot-2024-05-02-at-14.38.28-30x52.png 30w, https:\/\/web.umons.ac.be\/app\/uploads\/sites\/65\/2024\/05\/Screenshot-2024-05-02-at-14.38.28-34x60.png 34w, https:\/\/web.umons.ac.be\/app\/uploads\/sites\/65\/2024\/05\/Screenshot-2024-05-02-at-14.38.28-360x630.png 360w, https:\/\/web.umons.ac.be\/app\/uploads\/sites\/65\/2024\/05\/Screenshot-2024-05-02-at-14.38.28.png 1030w\" sizes=\"auto, (max-width: 171px) 100vw, 171px\" \/>Notre service est en charge de diff\u00e9rents cours principalement li\u00e9s \u00e0 l&rsquo;algorithmique, la programmation, l&rsquo;intelligence articifielle et la th\u00e9orie des graphes :<\/p>\n<ul>\n<li>Algorithmique et programmation imp\u00e9rative (B1 en sciences informatiques, B1 en sciences math\u00e9matiques, B2 en sciences physique)<\/li>\n<li>Compl\u00e9ments d&rsquo;algorithmique (B1 en sciences informatiques)<\/li>\n<li>Aide \u00e0 la r\u00e9ussite (B1 en sciences informatiques)<\/li>\n<li>Approches classiques de l&rsquo;Intelligence Articifielle (B3 en sciences informatiques, en option en sciences math\u00e9matiques)<\/li>\n<li>Intelligence Artificielle (M1 en sciences informatiques en horaire d\u00e9cal\u00e9 \u00e0 Charleroi)<\/li>\n<li>Graphes &amp; Intelligence Artificielle (M1 en sciences informatiques &#8211; toutes finalit\u00e9s, en option en sciences math\u00e9matiques)<\/li>\n<li>S\u00e9jour scientifique en centre de recherche (M2 en sciences informatiques, finalit\u00e9 approfondie)<\/li>\n<li>S\u00e9minaires de m\u00e9thodologie sp\u00e9ciale en informatique (AESS en informatique)<\/li>\n<\/ul>\n<p>Les supports et les informations relatives \u00e0 ces cours sont disponibles sur la <a href=\"https:\/\/moodle.umons.ac.be\/\">plateforme Moodle<\/a> de l&rsquo;Universit\u00e9.<\/p>\n<p>Une note d&rsquo;<a href=\"https:\/\/hdl.handle.net\/20.500.12907\/55713\">aide \u00e0 la r\u00e9daction scientifique en informatique est disponible ici<\/a>.<\/p>\n<p>De plus, les membres du service surpervisent chaque ann\u00e9e des stages et des m\u00e9moires d&rsquo;\u00e9tudiants en M2 en sciences informatiques.<\/p>\n<p>Les principales formations auxquelles le Service participe sont reprises ci-dessous.<\/p>\n<start-cask-shortcode-wrapper><article class=\"shortcode-training training-small content-block scheme-fs\">\n\t<a href=\"https:\/\/web.umons.ac.be\/fs\/fr\/training\/ba-scinfo\/\" class=\"training-link scheme-border-hover\">\n\t\t<header class=\"training-small-header\">\n\t\t\t<div class=\"training-small-entity scheme-color\">\n\t\t\t\tFacult\u00e9 \/ FS\t\t\t\t\t           \t<img decoding=\"async\" src=\"https:\/\/web.umons.ac.be\/app\/uploads\/sites\/11\/2017\/05\/FS.png\" class=\"training-small-entity-logo\" alt=\"Ic\u00f4ne de Facult\u00e9 \/ FS\">\n\t        \t\t\t\t<\/div>\n\t\t\t<div class=\"training-small-degree\">\n\t\t\t\tBachelier en\t\t\t<\/div>\n\n\t\t\t<h1 class=\"training-small-title\">Sciences informatiques<\/h1>\n\n\t\t\t\t\t<\/header>\n\t\t\t\t<div class=\"training-small-content\">\n\t\t\t<div class=\"training-small-location\">\n\t\t\t\t<span class=\"icon umons-icon-pin\" aria-hidden=\"true\"><\/span>\n\t\t\t\t<span class=\"location\">Mons<\/span>\n\t\t\t<\/div>\n\n\t\t\t\t\t\t<div class=\"training-small-side-info\">\n\t\t\t\t<ul class=\"training-small-side-info-list\">\n\t\t\t\t\t\t\t\t\t\t<li>\n\t\t\t\t\t\t<div class=\"training-single-schedule\">\n\t\t\t\t\t\t\t<div class=\"label\">Horaire<\/div>\n\t\t\t\t\t\t\t<div class=\"value\">Horaire de jour<\/div>\n\t\t\t\t\t\t<\/div>\n\t\t\t\t\t<\/li>\n\t\t\t\t\t\t\t\t\t\t\t\t\t\t\t<li>\n\t\t\t\t\t\t<div class=\"training-single-credits\">\n\t\t\t\t\t\t\t<div class=\"label\">Cr\u00e9dits ECTS<\/div>\n\t\t\t\t\t\t\t<div class=\"value\">180<\/div>\n\t\t\t\t\t\t<\/div>\n\t\t\t\t\t<\/li>\n\t\t\t\t\t\t\t\t\t\t\t\t\t\t\t<li>\n\t\t\t\t\t\t<div class=\"training-single-languages\">\n\t\t\t\t\t\t\t<div class=\"label\">Langue<\/div>\n\t\t\t\t\t\t\t<div class=\"value\">\n\t\t\t\t\t\t\t\t<span class=\"lang\">Fran\u00e7ais<\/span>\n\t\t\t\t\t\t\t<\/div>\n\t\t\t\t\t\t<\/div>\n\t\t\t\t\t<\/li>\n\t\t\t\t\t\t\t\t\t<\/ul>\n\t\t\t<\/div>\n\t\t\t\t\t<\/div>\n\t\t\t<\/a>\n<\/article>\n<end-cask-shortcode-wrapper>\n<start-cask-shortcode-wrapper><article class=\"shortcode-training training-small content-block scheme-fs\">\n\t<a href=\"https:\/\/web.umons.ac.be\/fs\/fr\/training\/m2-infofs\/\" class=\"training-link scheme-border-hover\">\n\t\t<header class=\"training-small-header\">\n\t\t\t<div class=\"training-small-entity scheme-color\">\n\t\t\t\tFacult\u00e9 \/ FS\t\t\t\t\t           \t<img decoding=\"async\" src=\"https:\/\/web.umons.ac.be\/app\/uploads\/sites\/11\/2017\/05\/FS.png\" class=\"training-small-entity-logo\" alt=\"Ic\u00f4ne de Facult\u00e9 \/ FS\">\n\t        \t\t\t\t<\/div>\n\t\t\t<div class=\"training-small-degree\">\n\t\t\t\tMaster en\t\t\t<\/div>\n\n\t\t\t<h1 class=\"training-small-title\">Sciences informatiques<\/h1>\n\n\t\t\t\t\t\t<div class=\"training-small-subtitle\">\n\t\t\t\t<strong>Finalit\u00e9 sp\u00e9cialis\u00e9e<\/strong>\n\t\t\t<\/div>\n\t\t\t\t\t<\/header>\n\t\t\t\t<div class=\"training-small-content\">\n\t\t\t<div class=\"training-small-location\">\n\t\t\t\t<span class=\"icon umons-icon-pin\" aria-hidden=\"true\"><\/span>\n\t\t\t\t<span class=\"location\">Mons<\/span>\n\t\t\t<\/div>\n\n\t\t\t\t\t\t<div class=\"training-small-side-info\">\n\t\t\t\t<ul class=\"training-small-side-info-list\">\n\t\t\t\t\t\t\t\t\t\t<li>\n\t\t\t\t\t\t<div class=\"training-single-schedule\">\n\t\t\t\t\t\t\t<div class=\"label\">Horaire<\/div>\n\t\t\t\t\t\t\t<div class=\"value\">Horaire de jour<\/div>\n\t\t\t\t\t\t<\/div>\n\t\t\t\t\t<\/li>\n\t\t\t\t\t\t\t\t\t\t\t\t\t\t\t<li>\n\t\t\t\t\t\t<div class=\"training-single-credits\">\n\t\t\t\t\t\t\t<div class=\"label\">Cr\u00e9dits ECTS<\/div>\n\t\t\t\t\t\t\t<div class=\"value\">120<\/div>\n\t\t\t\t\t\t<\/div>\n\t\t\t\t\t<\/li>\n\t\t\t\t\t\t\t\t\t\t\t\t\t\t\t<li>\n\t\t\t\t\t\t<div class=\"training-single-languages\">\n\t\t\t\t\t\t\t<div class=\"label\">Langue<\/div>\n\t\t\t\t\t\t\t<div class=\"value\">\n\t\t\t\t\t\t\t\t<span class=\"lang\">Fran\u00e7ais<\/span>\n\t\t\t\t\t\t\t<\/div>\n\t\t\t\t\t\t<\/div>\n\t\t\t\t\t<\/li>\n\t\t\t\t\t\t\t\t\t<\/ul>\n\t\t\t<\/div>\n\t\t\t\t\t<\/div>\n\t\t\t<\/a>\n<\/article>\n<end-cask-shortcode-wrapper>\n<start-cask-shortcode-wrapper><article class=\"shortcode-training training-small content-block scheme-fs\">\n\t<a href=\"https:\/\/web.umons.ac.be\/fs\/fr\/training\/m2-inffsa\/\" class=\"training-link scheme-border-hover\">\n\t\t<header class=\"training-small-header\">\n\t\t\t<div class=\"training-small-entity scheme-color\">\n\t\t\t\tFacult\u00e9 \/ FS\t\t\t\t\t           \t<img decoding=\"async\" src=\"https:\/\/web.umons.ac.be\/app\/uploads\/sites\/11\/2017\/05\/FS.png\" class=\"training-small-entity-logo\" alt=\"Ic\u00f4ne de Facult\u00e9 \/ FS\">\n\t        \t\t\t\t<\/div>\n\t\t\t<div class=\"training-small-degree\">\n\t\t\t\tMaster en\t\t\t<\/div>\n\n\t\t\t<h1 class=\"training-small-title\">Sciences informatiques<\/h1>\n\n\t\t\t\t\t\t<div class=\"training-small-subtitle\">\n\t\t\t\t<strong>Finalit\u00e9 sp\u00e9cialis\u00e9e en Artificial Intelligence and Data Analytics<\/strong>\n\t\t\t<\/div>\n\t\t\t\t\t<\/header>\n\t\t\t\t<div class=\"training-small-content\">\n\t\t\t<div class=\"training-small-location\">\n\t\t\t\t<span class=\"icon umons-icon-pin\" aria-hidden=\"true\"><\/span>\n\t\t\t\t<span class=\"location\">Mons<\/span>\n\t\t\t<\/div>\n\n\t\t\t\t\t\t<div class=\"training-small-side-info\">\n\t\t\t\t<ul class=\"training-small-side-info-list\">\n\t\t\t\t\t\t\t\t\t\t<li>\n\t\t\t\t\t\t<div class=\"training-single-schedule\">\n\t\t\t\t\t\t\t<div class=\"label\">Horaire<\/div>\n\t\t\t\t\t\t\t<div class=\"value\">Horaire de jour<\/div>\n\t\t\t\t\t\t<\/div>\n\t\t\t\t\t<\/li>\n\t\t\t\t\t\t\t\t\t\t\t\t\t\t\t<li>\n\t\t\t\t\t\t<div class=\"training-single-credits\">\n\t\t\t\t\t\t\t<div class=\"label\">Cr\u00e9dits ECTS<\/div>\n\t\t\t\t\t\t\t<div class=\"value\">120<\/div>\n\t\t\t\t\t\t<\/div>\n\t\t\t\t\t<\/li>\n\t\t\t\t\t\t\t\t\t\t\t\t\t\t\t<li>\n\t\t\t\t\t\t<div class=\"training-single-languages\">\n\t\t\t\t\t\t\t<div class=\"label\">Langue<\/div>\n\t\t\t\t\t\t\t<div class=\"value\">\n\t\t\t\t\t\t\t\t<span class=\"lang\">Fran\u00e7ais<\/span>\n\t\t\t\t\t\t\t<\/div>\n\t\t\t\t\t\t<\/div>\n\t\t\t\t\t<\/li>\n\t\t\t\t\t\t\t\t\t<\/ul>\n\t\t\t<\/div>\n\t\t\t\t\t<\/div>\n\t\t\t<\/a>\n<\/article>\n<end-cask-shortcode-wrapper>\n<start-cask-shortcode-wrapper><article class=\"shortcode-training training-small content-block scheme-fs\">\n\t<a href=\"https:\/\/web.umons.ac.be\/fs\/fr\/training\/m2-infofa\/\" class=\"training-link scheme-border-hover\">\n\t\t<header class=\"training-small-header\">\n\t\t\t<div class=\"training-small-entity scheme-color\">\n\t\t\t\tFacult\u00e9 \/ FS\t\t\t\t\t           \t<img decoding=\"async\" src=\"https:\/\/web.umons.ac.be\/app\/uploads\/sites\/11\/2017\/05\/FS.png\" class=\"training-small-entity-logo\" alt=\"Ic\u00f4ne de Facult\u00e9 \/ FS\">\n\t        \t\t\t\t<\/div>\n\t\t\t<div class=\"training-small-degree\">\n\t\t\t\tMaster en\t\t\t<\/div>\n\n\t\t\t<h1 class=\"training-small-title\">Sciences informatiques<\/h1>\n\n\t\t\t\t\t\t<div class=\"training-small-subtitle\">\n\t\t\t\t<strong>Finalit\u00e9 approfondie<\/strong>\n\t\t\t<\/div>\n\t\t\t\t\t<\/header>\n\t\t\t\t<div class=\"training-small-content\">\n\t\t\t<div class=\"training-small-location\">\n\t\t\t\t<span class=\"icon umons-icon-pin\" aria-hidden=\"true\"><\/span>\n\t\t\t\t<span class=\"location\">Mons<\/span>\n\t\t\t<\/div>\n\n\t\t\t\t\t\t<div class=\"training-small-side-info\">\n\t\t\t\t<ul class=\"training-small-side-info-list\">\n\t\t\t\t\t\t\t\t\t\t<li>\n\t\t\t\t\t\t<div class=\"training-single-schedule\">\n\t\t\t\t\t\t\t<div class=\"label\">Horaire<\/div>\n\t\t\t\t\t\t\t<div class=\"value\">Horaire de jour<\/div>\n\t\t\t\t\t\t<\/div>\n\t\t\t\t\t<\/li>\n\t\t\t\t\t\t\t\t\t\t\t\t\t\t\t<li>\n\t\t\t\t\t\t<div class=\"training-single-credits\">\n\t\t\t\t\t\t\t<div class=\"label\">Cr\u00e9dits ECTS<\/div>\n\t\t\t\t\t\t\t<div class=\"value\">120<\/div>\n\t\t\t\t\t\t<\/div>\n\t\t\t\t\t<\/li>\n\t\t\t\t\t\t\t\t\t\t\t\t\t\t\t<li>\n\t\t\t\t\t\t<div class=\"training-single-languages\">\n\t\t\t\t\t\t\t<div class=\"label\">Langue<\/div>\n\t\t\t\t\t\t\t<div class=\"value\">\n\t\t\t\t\t\t\t\t<span class=\"lang\">Fran\u00e7ais<\/span>\n\t\t\t\t\t\t\t<\/div>\n\t\t\t\t\t\t<\/div>\n\t\t\t\t\t<\/li>\n\t\t\t\t\t\t\t\t\t<\/ul>\n\t\t\t<\/div>\n\t\t\t\t\t<\/div>\n\t\t\t<\/a>\n<\/article>\n<end-cask-shortcode-wrapper>\n<start-cask-shortcode-wrapper><article class=\"shortcode-training training-small content-block scheme-fs\">\n\t<a href=\"https:\/\/web.umons.ac.be\/fs\/fr\/training\/m1-info60\/\" class=\"training-link scheme-border-hover\">\n\t\t<header class=\"training-small-header\">\n\t\t\t<div class=\"training-small-entity scheme-color\">\n\t\t\t\tFacult\u00e9 \/ FS\t\t\t\t\t           \t<img decoding=\"async\" src=\"https:\/\/web.umons.ac.be\/app\/uploads\/sites\/11\/2017\/05\/FS.png\" class=\"training-small-entity-logo\" alt=\"Ic\u00f4ne de Facult\u00e9 \/ FS\">\n\t        \t\t\t\t<\/div>\n\t\t\t<div class=\"training-small-degree\">\n\t\t\t\tMaster en\t\t\t<\/div>\n\n\t\t\t<h1 class=\"training-small-title\">Sciences informatiques<\/h1>\n\n\t\t\t\t\t<\/header>\n\t\t\t\t<div class=\"training-small-content\">\n\t\t\t<div class=\"training-small-location\">\n\t\t\t\t<span class=\"icon umons-icon-pin\" aria-hidden=\"true\"><\/span>\n\t\t\t\t<span class=\"location\">Mons<\/span>\n\t\t\t<\/div>\n\n\t\t\t\t\t\t<div class=\"training-small-side-info\">\n\t\t\t\t<ul class=\"training-small-side-info-list\">\n\t\t\t\t\t\t\t\t\t\t<li>\n\t\t\t\t\t\t<div class=\"training-single-schedule\">\n\t\t\t\t\t\t\t<div class=\"label\">Horaire<\/div>\n\t\t\t\t\t\t\t<div class=\"value\">Horaire de jour<\/div>\n\t\t\t\t\t\t<\/div>\n\t\t\t\t\t<\/li>\n\t\t\t\t\t\t\t\t\t\t\t\t\t\t\t<li>\n\t\t\t\t\t\t<div class=\"training-single-credits\">\n\t\t\t\t\t\t\t<div class=\"label\">Cr\u00e9dits ECTS<\/div>\n\t\t\t\t\t\t\t<div class=\"value\">60<\/div>\n\t\t\t\t\t\t<\/div>\n\t\t\t\t\t<\/li>\n\t\t\t\t\t\t\t\t\t\t\t\t\t\t\t<li>\n\t\t\t\t\t\t<div class=\"training-single-languages\">\n\t\t\t\t\t\t\t<div class=\"label\">Langue<\/div>\n\t\t\t\t\t\t\t<div class=\"value\">\n\t\t\t\t\t\t\t\t<span class=\"lang\">Fran\u00e7ais<\/span>\n\t\t\t\t\t\t\t<\/div>\n\t\t\t\t\t\t<\/div>\n\t\t\t\t\t<\/li>\n\t\t\t\t\t\t\t\t\t<\/ul>\n\t\t\t<\/div>\n\t\t\t\t\t<\/div>\n\t\t\t<\/a>\n<\/article>\n<end-cask-shortcode-wrapper>\n<start-cask-shortcode-wrapper><article class=\"shortcode-training training-small content-block scheme-fs\">\n\t<a href=\"https:\/\/web.umons.ac.be\/fs\/fr\/training\/m1-info60-c\/\" class=\"training-link scheme-border-hover\">\n\t\t<header class=\"training-small-header\">\n\t\t\t<div class=\"training-small-entity scheme-color\">\n\t\t\t\tFacult\u00e9 \/ FS\t\t\t\t\t           \t<img decoding=\"async\" src=\"https:\/\/web.umons.ac.be\/app\/uploads\/sites\/11\/2017\/05\/FS.png\" class=\"training-small-entity-logo\" alt=\"Ic\u00f4ne de Facult\u00e9 \/ FS\">\n\t        \t\t\t\t<\/div>\n\t\t\t<div class=\"training-small-degree\">\n\t\t\t\tMaster en\t\t\t<\/div>\n\n\t\t\t<h1 class=\"training-small-title\">Sciences informatiques<\/h1>\n\n\t\t\t\t\t<\/header>\n\t\t\t\t<div class=\"training-small-content\">\n\t\t\t<div class=\"training-small-location\">\n\t\t\t\t<span class=\"icon umons-icon-pin\" aria-hidden=\"true\"><\/span>\n\t\t\t\t<span class=\"location\">Charleroi<\/span>\n\t\t\t<\/div>\n\n\t\t\t\t\t\t<div class=\"training-small-side-info\">\n\t\t\t\t<ul class=\"training-small-side-info-list\">\n\t\t\t\t\t\t\t\t\t\t<li>\n\t\t\t\t\t\t<div class=\"training-single-schedule\">\n\t\t\t\t\t\t\t<div class=\"label\">Horaire<\/div>\n\t\t\t\t\t\t\t<div class=\"value\">Horaire d\u00e9cal\u00e9<\/div>\n\t\t\t\t\t\t<\/div>\n\t\t\t\t\t<\/li>\n\t\t\t\t\t\t\t\t\t\t\t\t\t\t\t<li>\n\t\t\t\t\t\t<div class=\"training-single-credits\">\n\t\t\t\t\t\t\t<div class=\"label\">Cr\u00e9dits ECTS<\/div>\n\t\t\t\t\t\t\t<div class=\"value\">60<\/div>\n\t\t\t\t\t\t<\/div>\n\t\t\t\t\t<\/li>\n\t\t\t\t\t\t\t\t\t\t\t\t\t\t\t<li>\n\t\t\t\t\t\t<div class=\"training-single-languages\">\n\t\t\t\t\t\t\t<div class=\"label\">Langue<\/div>\n\t\t\t\t\t\t\t<div class=\"value\">\n\t\t\t\t\t\t\t\t<span class=\"lang\">Fran\u00e7ais<\/span>\n\t\t\t\t\t\t\t<\/div>\n\t\t\t\t\t\t<\/div>\n\t\t\t\t\t<\/li>\n\t\t\t\t\t\t\t\t\t<\/ul>\n\t\t\t<\/div>\n\t\t\t\t\t<\/div>\n\t\t\t<\/a>\n<\/article>\n<end-cask-shortcode-wrapper>\n<start-cask-shortcode-wrapper><article class=\"shortcode-training training-small content-block scheme-fs\">\n\t<a href=\"https:\/\/web.umons.ac.be\/fs\/fr\/training\/m2-infosp-c\/\" class=\"training-link scheme-border-hover\">\n\t\t<header class=\"training-small-header\">\n\t\t\t<div class=\"training-small-entity scheme-color\">\n\t\t\t\tFacult\u00e9 \/ FS\t\t\t\t\t           \t<img decoding=\"async\" src=\"https:\/\/web.umons.ac.be\/app\/uploads\/sites\/11\/2017\/05\/FS.png\" class=\"training-small-entity-logo\" alt=\"Ic\u00f4ne de Facult\u00e9 \/ FS\">\n\t        \t\t\t\t<\/div>\n\t\t\t<div class=\"training-small-degree\">\n\t\t\t\tMaster en\t\t\t<\/div>\n\n\t\t\t<h1 class=\"training-small-title\">Sciences informatiques<\/h1>\n\n\t\t\t\t\t\t<div class=\"training-small-subtitle\">\n\t\t\t\t<strong>Finalit\u00e9 sp\u00e9cialis\u00e9e professionnelle<\/strong>\n\t\t\t<\/div>\n\t\t\t\t\t<\/header>\n\t\t\t\t<div class=\"training-small-content\">\n\t\t\t<div class=\"training-small-location\">\n\t\t\t\t<span class=\"icon umons-icon-pin\" aria-hidden=\"true\"><\/span>\n\t\t\t\t<span class=\"location\">Charleroi<\/span>\n\t\t\t<\/div>\n\n\t\t\t\t\t\t<div class=\"training-small-side-info\">\n\t\t\t\t<ul class=\"training-small-side-info-list\">\n\t\t\t\t\t\t\t\t\t\t<li>\n\t\t\t\t\t\t<div class=\"training-single-schedule\">\n\t\t\t\t\t\t\t<div class=\"label\">Horaire<\/div>\n\t\t\t\t\t\t\t<div class=\"value\">Horaire en alternance<\/div>\n\t\t\t\t\t\t<\/div>\n\t\t\t\t\t<\/li>\n\t\t\t\t\t\t\t\t\t\t\t\t\t\t\t<li>\n\t\t\t\t\t\t<div class=\"training-single-credits\">\n\t\t\t\t\t\t\t<div class=\"label\">Cr\u00e9dits ECTS<\/div>\n\t\t\t\t\t\t\t<div class=\"value\">120<\/div>\n\t\t\t\t\t\t<\/div>\n\t\t\t\t\t<\/li>\n\t\t\t\t\t\t\t\t\t\t\t\t\t\t\t<li>\n\t\t\t\t\t\t<div class=\"training-single-languages\">\n\t\t\t\t\t\t\t<div class=\"label\">Langue<\/div>\n\t\t\t\t\t\t\t<div class=\"value\">\n\t\t\t\t\t\t\t\t<span class=\"lang\">Fran\u00e7ais<\/span>\n\t\t\t\t\t\t\t<\/div>\n\t\t\t\t\t\t<\/div>\n\t\t\t\t\t<\/li>\n\t\t\t\t\t\t\t\t\t<\/ul>\n\t\t\t<\/div>\n\t\t\t\t\t<\/div>\n\t\t\t<\/a>\n<\/article>\n<end-cask-shortcode-wrapper>\n<start-cask-shortcode-wrapper><end-cask-shortcode-wrapper>\n","protected":false},"excerpt":{"rendered":"<p>Notre service est en charge de diff\u00e9rents cours principalement li\u00e9s \u00e0 l&rsquo;algorithmique, la programmation, l&rsquo;intelligence articifielle et la th\u00e9orie des graphes : Algorithmique et programmation imp\u00e9rative (B1 en sciences informatiques, B1 en sciences math\u00e9matiques, B2 en sciences physique) Compl\u00e9ments d&rsquo;algorithmique (B1 en sciences informatiques) Aide \u00e0 la r\u00e9ussite (B1 en sciences informatiques) Approches classiques de [&hellip;]<\/p>\n","protected":false},"author":4,"featured_media":0,"parent":0,"menu_order":0,"comment_status":"closed","ping_status":"closed","template":"","meta":{"footnotes":""},"class_list":["post-11","page","type-page","status-publish","hentry"],"yoast_head":"<!-- This site is optimized with the Yoast SEO plugin v27.2 - https:\/\/yoast.com\/product\/yoast-seo-wordpress\/ -->\n<title>Activit\u00e9s d&#039;enseignement - Service \/ FS - Algorithmique<\/title>\n<meta name=\"robots\" content=\"index, follow, max-snippet:-1, max-image-preview:large, max-video-preview:-1\" \/>\n<link rel=\"canonical\" href=\"https:\/\/web.umons.ac.be\/algo\/enseignement\/\" \/>\n<meta property=\"og:locale\" content=\"fr_FR\" \/>\n<meta property=\"og:type\" content=\"article\" \/>\n<meta property=\"og:title\" content=\"Activit\u00e9s d&#039;enseignement - Service \/ FS - Algorithmique\" \/>\n<meta property=\"og:description\" content=\"Notre service est en charge de diff\u00e9rents cours principalement li\u00e9s \u00e0 l&rsquo;algorithmique, la programmation, l&rsquo;intelligence articifielle et la th\u00e9orie des graphes : Algorithmique et programmation imp\u00e9rative (B1 en sciences informatiques, B1 en sciences math\u00e9matiques, B2 en sciences physique) Compl\u00e9ments d&rsquo;algorithmique (B1 en sciences informatiques) Aide \u00e0 la r\u00e9ussite (B1 en sciences informatiques) Approches classiques de [&hellip;]\" \/>\n<meta property=\"og:url\" content=\"https:\/\/web.umons.ac.be\/algo\/enseignement\/\" \/>\n<meta property=\"og:site_name\" content=\"Service \/ FS - Algorithmique\" \/>\n<meta property=\"article:modified_time\" content=\"2026-03-10T14:10:18+00:00\" \/>\n<meta property=\"og:image\" content=\"https:\/\/web.umons.ac.be\/app\/uploads\/sites\/65\/2024\/05\/Screenshot-2024-05-02-at-14.38.28.png\" \/>\n\t<meta property=\"og:image:width\" content=\"1030\" \/>\n\t<meta property=\"og:image:height\" content=\"1802\" \/>\n\t<meta property=\"og:image:type\" content=\"image\/png\" \/>\n<meta name=\"twitter:card\" content=\"summary_large_image\" \/>\n<meta name=\"twitter:label1\" content=\"Dur\u00e9e de lecture estim\u00e9e\" \/>\n\t<meta name=\"twitter:data1\" content=\"2 minutes\" \/>\n<script type=\"application\/ld+json\" class=\"yoast-schema-graph\">{\"@context\":\"https:\/\/schema.org\",\"@graph\":[{\"@type\":\"WebPage\",\"@id\":\"https:\/\/web.umons.ac.be\/algo\/enseignement\/\",\"url\":\"https:\/\/web.umons.ac.be\/algo\/enseignement\/\",\"name\":\"Activit\u00e9s d'enseignement - Service \/ FS - Algorithmique\",\"isPartOf\":{\"@id\":\"https:\/\/web.umons.ac.be\/algo\/#website\"},\"primaryImageOfPage\":{\"@id\":\"https:\/\/web.umons.ac.be\/algo\/enseignement\/#primaryimage\"},\"image\":{\"@id\":\"https:\/\/web.umons.ac.be\/algo\/enseignement\/#primaryimage\"},\"thumbnailUrl\":\"https:\/\/web.umons.ac.be\/app\/uploads\/sites\/65\/2024\/05\/Screenshot-2024-05-02-at-14.38.28-171x300.png\",\"datePublished\":\"2021-11-02T12:47:27+00:00\",\"dateModified\":\"2026-03-10T14:10:18+00:00\",\"breadcrumb\":{\"@id\":\"https:\/\/web.umons.ac.be\/algo\/enseignement\/#breadcrumb\"},\"inLanguage\":\"fr-FR\",\"potentialAction\":[{\"@type\":\"ReadAction\",\"target\":[\"https:\/\/web.umons.ac.be\/algo\/enseignement\/\"]}]},{\"@type\":\"ImageObject\",\"inLanguage\":\"fr-FR\",\"@id\":\"https:\/\/web.umons.ac.be\/algo\/enseignement\/#primaryimage\",\"url\":\"https:\/\/web.umons.ac.be\/app\/uploads\/sites\/65\/2024\/05\/Screenshot-2024-05-02-at-14.38.28-171x300.png\",\"contentUrl\":\"https:\/\/web.umons.ac.be\/app\/uploads\/sites\/65\/2024\/05\/Screenshot-2024-05-02-at-14.38.28-171x300.png\"},{\"@type\":\"BreadcrumbList\",\"@id\":\"https:\/\/web.umons.ac.be\/algo\/enseignement\/#breadcrumb\",\"itemListElement\":[{\"@type\":\"ListItem\",\"position\":1,\"name\":\"Home\",\"item\":\"https:\/\/web.umons.ac.be\/algo\/\"},{\"@type\":\"ListItem\",\"position\":2,\"name\":\"Activit\u00e9s d&rsquo;enseignement\"}]},{\"@type\":\"WebSite\",\"@id\":\"https:\/\/web.umons.ac.be\/algo\/#website\",\"url\":\"https:\/\/web.umons.ac.be\/algo\/\",\"name\":\"Service \/ FS - Algorithmique\",\"description\":\"\",\"potentialAction\":[{\"@type\":\"SearchAction\",\"target\":{\"@type\":\"EntryPoint\",\"urlTemplate\":\"https:\/\/web.umons.ac.be\/algo\/?s={search_term_string}\"},\"query-input\":{\"@type\":\"PropertyValueSpecification\",\"valueRequired\":true,\"valueName\":\"search_term_string\"}}],\"inLanguage\":\"fr-FR\"}]}<\/script>\n<!-- \/ Yoast SEO plugin. -->","yoast_head_json":{"title":"Activit\u00e9s d'enseignement - Service \/ FS - Algorithmique","robots":{"index":"index","follow":"follow","max-snippet":"max-snippet:-1","max-image-preview":"max-image-preview:large","max-video-preview":"max-video-preview:-1"},"canonical":"https:\/\/web.umons.ac.be\/algo\/enseignement\/","og_locale":"fr_FR","og_type":"article","og_title":"Activit\u00e9s d'enseignement - Service \/ FS - Algorithmique","og_description":"Notre service est en charge de diff\u00e9rents cours principalement li\u00e9s \u00e0 l&rsquo;algorithmique, la programmation, l&rsquo;intelligence articifielle et la th\u00e9orie des graphes : Algorithmique et programmation imp\u00e9rative (B1 en sciences informatiques, B1 en sciences math\u00e9matiques, B2 en sciences physique) Compl\u00e9ments d&rsquo;algorithmique (B1 en sciences informatiques) Aide \u00e0 la r\u00e9ussite (B1 en sciences informatiques) Approches classiques de [&hellip;]","og_url":"https:\/\/web.umons.ac.be\/algo\/enseignement\/","og_site_name":"Service \/ FS - Algorithmique","article_modified_time":"2026-03-10T14:10:18+00:00","og_image":[{"width":1030,"height":1802,"url":"https:\/\/web.umons.ac.be\/app\/uploads\/sites\/65\/2024\/05\/Screenshot-2024-05-02-at-14.38.28.png","type":"image\/png"}],"twitter_card":"summary_large_image","twitter_misc":{"Dur\u00e9e de lecture estim\u00e9e":"2 minutes"},"schema":{"@context":"https:\/\/schema.org","@graph":[{"@type":"WebPage","@id":"https:\/\/web.umons.ac.be\/algo\/enseignement\/","url":"https:\/\/web.umons.ac.be\/algo\/enseignement\/","name":"Activit\u00e9s d'enseignement - Service \/ FS - Algorithmique","isPartOf":{"@id":"https:\/\/web.umons.ac.be\/algo\/#website"},"primaryImageOfPage":{"@id":"https:\/\/web.umons.ac.be\/algo\/enseignement\/#primaryimage"},"image":{"@id":"https:\/\/web.umons.ac.be\/algo\/enseignement\/#primaryimage"},"thumbnailUrl":"https:\/\/web.umons.ac.be\/app\/uploads\/sites\/65\/2024\/05\/Screenshot-2024-05-02-at-14.38.28-171x300.png","datePublished":"2021-11-02T12:47:27+00:00","dateModified":"2026-03-10T14:10:18+00:00","breadcrumb":{"@id":"https:\/\/web.umons.ac.be\/algo\/enseignement\/#breadcrumb"},"inLanguage":"fr-FR","potentialAction":[{"@type":"ReadAction","target":["https:\/\/web.umons.ac.be\/algo\/enseignement\/"]}]},{"@type":"ImageObject","inLanguage":"fr-FR","@id":"https:\/\/web.umons.ac.be\/algo\/enseignement\/#primaryimage","url":"https:\/\/web.umons.ac.be\/app\/uploads\/sites\/65\/2024\/05\/Screenshot-2024-05-02-at-14.38.28-171x300.png","contentUrl":"https:\/\/web.umons.ac.be\/app\/uploads\/sites\/65\/2024\/05\/Screenshot-2024-05-02-at-14.38.28-171x300.png"},{"@type":"BreadcrumbList","@id":"https:\/\/web.umons.ac.be\/algo\/enseignement\/#breadcrumb","itemListElement":[{"@type":"ListItem","position":1,"name":"Home","item":"https:\/\/web.umons.ac.be\/algo\/"},{"@type":"ListItem","position":2,"name":"Activit\u00e9s d&rsquo;enseignement"}]},{"@type":"WebSite","@id":"https:\/\/web.umons.ac.be\/algo\/#website","url":"https:\/\/web.umons.ac.be\/algo\/","name":"Service \/ FS - Algorithmique","description":"","potentialAction":[{"@type":"SearchAction","target":{"@type":"EntryPoint","urlTemplate":"https:\/\/web.umons.ac.be\/algo\/?s={search_term_string}"},"query-input":{"@type":"PropertyValueSpecification","valueRequired":true,"valueName":"search_term_string"}}],"inLanguage":"fr-FR"}]}},"lang":"fr","translations":{"fr":11},"pll_sync_post":[],"_links":{"self":[{"href":"https:\/\/web.umons.ac.be\/algo\/wp-json\/wp\/v2\/pages\/11","targetHints":{"allow":["GET"]}}],"collection":[{"href":"https:\/\/web.umons.ac.be\/algo\/wp-json\/wp\/v2\/pages"}],"about":[{"href":"https:\/\/web.umons.ac.be\/algo\/wp-json\/wp\/v2\/types\/page"}],"author":[{"embeddable":true,"href":"https:\/\/web.umons.ac.be\/algo\/wp-json\/wp\/v2\/users\/4"}],"replies":[{"embeddable":true,"href":"https:\/\/web.umons.ac.be\/algo\/wp-json\/wp\/v2\/comments?post=11"}],"version-history":[{"count":4,"href":"https:\/\/web.umons.ac.be\/algo\/wp-json\/wp\/v2\/pages\/11\/revisions"}],"predecessor-version":[{"id":211,"href":"https:\/\/web.umons.ac.be\/algo\/wp-json\/wp\/v2\/pages\/11\/revisions\/211"}],"wp:attachment":[{"href":"https:\/\/web.umons.ac.be\/algo\/wp-json\/wp\/v2\/media?parent=11"}],"curies":[{"name":"wp","href":"https:\/\/api.w.org\/{rel}","templated":true}]}}