{"id":15,"date":"2021-11-02T13:47:28","date_gmt":"2021-11-02T12:47:28","guid":{"rendered":"https:\/\/web.umons.ac.be\/algo\/activites-de-recherche\/"},"modified":"2024-05-02T14:45:40","modified_gmt":"2024-05-02T12:45:40","slug":"recherche","status":"publish","type":"page","link":"https:\/\/web.umons.ac.be\/algo\/recherche\/","title":{"rendered":"Activit\u00e9s de recherche"},"content":{"rendered":"<p><img loading=\"lazy\" decoding=\"async\" class=\"alignright size-full wp-image-159\" src=\"https:\/\/web.umons.ac.be\/app\/uploads\/sites\/65\/2024\/05\/logo.png\" alt=\"\" width=\"261\" height=\"174\" srcset=\"https:\/\/web.umons.ac.be\/app\/uploads\/sites\/65\/2024\/05\/logo.png 261w, https:\/\/web.umons.ac.be\/app\/uploads\/sites\/65\/2024\/05\/logo-30x20.png 30w, https:\/\/web.umons.ac.be\/app\/uploads\/sites\/65\/2024\/05\/logo-60x40.png 60w\" sizes=\"auto, (max-width: 261px) 100vw, 261px\" \/>Le service d&rsquo;Algorithmique m\u00e8ne ses recherches dans le domaine de la th\u00e9orie extr\u00e9male des graphes et de la d\u00e9couverte scientifique assist\u00e9e par ordinateur dans ce domaine.<\/p>\n<ul>\n<li><a href=\"https:\/\/web.umons.ac.be\/algo\/recherche\/publications\/\">Publications du service<\/a><\/li>\n<li><a href=\"https:\/\/web.umons.ac.be\/algo\/recherche\/logiciels\/\">Logiciels d&rsquo;aide \u00e0 la d\u00e9couverte en th\u00e9orie des graphes (co)-d\u00e9velopp\u00e9s au sein du service<\/a><\/li>\n<\/ul>\n<hr \/>\n<p>Les membres de notre service collaborent activement avec divers laboratoires nationaux et internationaux. Ces \u00e9quipes sont bas\u00e9es principalement dans les universit\u00e9 ou centres de recherches suivants :<\/p>\n<ul>\n<li>GERAD et Ecole Polytechnique de Montr\u00e9al<\/li>\n<li>Universit\u00e9 de Fribourg<\/li>\n<li>University of Ljubljana<\/li>\n<li>ULB<\/li>\n<li>UGent<\/li>\n<li>KULeuven (KULAK)<\/li>\n<\/ul>\n<p>Il est \u00e9galement rattach\u00e9 \u00e0 deux instituts de recherche de l\u2019UMONS :<\/p>\n<start-cask-shortcode-wrapper>\t\t<div class=\"associated-institutes content-block scheme-fs\">\n\t\t\t<ul class=\"institutes-list\">\n\t\t\t\t\t\t\t\t\t\t<li>\n\t\t\t\t\t\t\t<a href=\"https:\/\/web.umons.ac.be\/complexys\" title=\"Acc\u00e9der au site web de : Institut \/ Complexys\" class=\"associated-institute\">\n\t\t\t\t\t\t\t\t<img loading=\"lazy\" decoding=\"async\" width=\"1\" height=\"1\" src=\"https:\/\/web.umons.ac.be\/app\/uploads\/sites\/31\/2017\/11\/complexys_logo_fr.svg\" class=\"attachment-thumbnail size-thumbnail\" alt=\"\" \/>\t\t\t\t\t\t\t<\/a>\t\t\t\n\t\t\t\t\t\t<\/li>\n\t\t\t\t\t\t\t\t\t\t<li>\n\t\t\t\t\t\t\t<a href=\"https:\/\/web.umons.ac.be\/infortech\" title=\"Acc\u00e9der au site web de : Institut \/ Infortech\" class=\"associated-institute\">\n\t\t\t\t\t\t\t\t<img loading=\"lazy\" decoding=\"async\" width=\"1\" height=\"1\" src=\"https:\/\/web.umons.ac.be\/app\/uploads\/sites\/34\/2017\/12\/infortech_logo_fr.svg\" class=\"attachment-thumbnail size-thumbnail\" alt=\"\" \/>\t\t\t\t\t\t\t<\/a>\t\t\t\n\t\t\t\t\t\t<\/li>\n\t\t\t\t\t\t\t<\/ul>\n\t\t<\/div>\n <end-cask-shortcode-wrapper>\n","protected":false},"excerpt":{"rendered":"<p>Le service d&rsquo;Algorithmique m\u00e8ne ses recherches dans le domaine de la th\u00e9orie extr\u00e9male des graphes et de la d\u00e9couverte scientifique assist\u00e9e par ordinateur dans ce domaine. Publications du service Logiciels d&rsquo;aide \u00e0 la d\u00e9couverte en th\u00e9orie des graphes (co)-d\u00e9velopp\u00e9s au sein du service Les membres de notre service collaborent activement avec divers laboratoires nationaux et [&hellip;]<\/p>\n","protected":false},"author":4,"featured_media":0,"parent":0,"menu_order":0,"comment_status":"closed","ping_status":"closed","template":"","meta":{"footnotes":""},"class_list":["post-15","page","type-page","status-publish","hentry"],"yoast_head":"<!-- This site is optimized with the Yoast SEO plugin v27.2 - https:\/\/yoast.com\/product\/yoast-seo-wordpress\/ -->\n<title>Activit\u00e9s de recherche - Service \/ FS - Algorithmique<\/title>\n<meta name=\"robots\" content=\"index, follow, max-snippet:-1, max-image-preview:large, max-video-preview:-1\" \/>\n<link rel=\"canonical\" href=\"https:\/\/web.umons.ac.be\/algo\/recherche\/\" \/>\n<meta property=\"og:locale\" content=\"fr_FR\" \/>\n<meta property=\"og:type\" content=\"article\" \/>\n<meta property=\"og:title\" content=\"Activit\u00e9s de recherche - Service \/ FS - Algorithmique\" \/>\n<meta property=\"og:description\" content=\"Le service d&rsquo;Algorithmique m\u00e8ne ses recherches dans le domaine de la th\u00e9orie extr\u00e9male des graphes et de la d\u00e9couverte scientifique assist\u00e9e par ordinateur dans ce domaine. Publications du service Logiciels d&rsquo;aide \u00e0 la d\u00e9couverte en th\u00e9orie des graphes (co)-d\u00e9velopp\u00e9s au sein du service Les membres de notre service collaborent activement avec divers laboratoires nationaux et [&hellip;]\" \/>\n<meta property=\"og:url\" content=\"https:\/\/web.umons.ac.be\/algo\/recherche\/\" \/>\n<meta property=\"og:site_name\" content=\"Service \/ FS - Algorithmique\" \/>\n<meta property=\"article:modified_time\" content=\"2024-05-02T12:45:40+00:00\" \/>\n<meta property=\"og:image\" content=\"https:\/\/web.umons.ac.be\/app\/uploads\/sites\/65\/2024\/05\/logo.png\" \/>\n<meta name=\"twitter:card\" content=\"summary_large_image\" \/>\n<meta name=\"twitter:label1\" content=\"Dur\u00e9e de lecture estim\u00e9e\" \/>\n\t<meta name=\"twitter:data1\" content=\"1 minute\" \/>\n<script type=\"application\/ld+json\" class=\"yoast-schema-graph\">{\"@context\":\"https:\/\/schema.org\",\"@graph\":[{\"@type\":\"WebPage\",\"@id\":\"https:\/\/web.umons.ac.be\/algo\/recherche\/\",\"url\":\"https:\/\/web.umons.ac.be\/algo\/recherche\/\",\"name\":\"Activit\u00e9s de recherche - Service \/ FS - Algorithmique\",\"isPartOf\":{\"@id\":\"https:\/\/web.umons.ac.be\/algo\/#website\"},\"primaryImageOfPage\":{\"@id\":\"https:\/\/web.umons.ac.be\/algo\/recherche\/#primaryimage\"},\"image\":{\"@id\":\"https:\/\/web.umons.ac.be\/algo\/recherche\/#primaryimage\"},\"thumbnailUrl\":\"https:\/\/web.umons.ac.be\/app\/uploads\/sites\/65\/2024\/05\/logo.png\",\"datePublished\":\"2021-11-02T12:47:28+00:00\",\"dateModified\":\"2024-05-02T12:45:40+00:00\",\"breadcrumb\":{\"@id\":\"https:\/\/web.umons.ac.be\/algo\/recherche\/#breadcrumb\"},\"inLanguage\":\"fr-FR\",\"potentialAction\":[{\"@type\":\"ReadAction\",\"target\":[\"https:\/\/web.umons.ac.be\/algo\/recherche\/\"]}]},{\"@type\":\"ImageObject\",\"inLanguage\":\"fr-FR\",\"@id\":\"https:\/\/web.umons.ac.be\/algo\/recherche\/#primaryimage\",\"url\":\"https:\/\/web.umons.ac.be\/app\/uploads\/sites\/65\/2024\/05\/logo.png\",\"contentUrl\":\"https:\/\/web.umons.ac.be\/app\/uploads\/sites\/65\/2024\/05\/logo.png\"},{\"@type\":\"BreadcrumbList\",\"@id\":\"https:\/\/web.umons.ac.be\/algo\/recherche\/#breadcrumb\",\"itemListElement\":[{\"@type\":\"ListItem\",\"position\":1,\"name\":\"Home\",\"item\":\"https:\/\/web.umons.ac.be\/algo\/\"},{\"@type\":\"ListItem\",\"position\":2,\"name\":\"Activit\u00e9s de recherche\"}]},{\"@type\":\"WebSite\",\"@id\":\"https:\/\/web.umons.ac.be\/algo\/#website\",\"url\":\"https:\/\/web.umons.ac.be\/algo\/\",\"name\":\"Service \/ FS - Algorithmique\",\"description\":\"\",\"potentialAction\":[{\"@type\":\"SearchAction\",\"target\":{\"@type\":\"EntryPoint\",\"urlTemplate\":\"https:\/\/web.umons.ac.be\/algo\/?s={search_term_string}\"},\"query-input\":{\"@type\":\"PropertyValueSpecification\",\"valueRequired\":true,\"valueName\":\"search_term_string\"}}],\"inLanguage\":\"fr-FR\"}]}<\/script>\n<!-- \/ Yoast SEO plugin. -->","yoast_head_json":{"title":"Activit\u00e9s de recherche - Service \/ FS - Algorithmique","robots":{"index":"index","follow":"follow","max-snippet":"max-snippet:-1","max-image-preview":"max-image-preview:large","max-video-preview":"max-video-preview:-1"},"canonical":"https:\/\/web.umons.ac.be\/algo\/recherche\/","og_locale":"fr_FR","og_type":"article","og_title":"Activit\u00e9s de recherche - Service \/ FS - Algorithmique","og_description":"Le service d&rsquo;Algorithmique m\u00e8ne ses recherches dans le domaine de la th\u00e9orie extr\u00e9male des graphes et de la d\u00e9couverte scientifique assist\u00e9e par ordinateur dans ce domaine. Publications du service Logiciels d&rsquo;aide \u00e0 la d\u00e9couverte en th\u00e9orie des graphes (co)-d\u00e9velopp\u00e9s au sein du service Les membres de notre service collaborent activement avec divers laboratoires nationaux et [&hellip;]","og_url":"https:\/\/web.umons.ac.be\/algo\/recherche\/","og_site_name":"Service \/ FS - Algorithmique","article_modified_time":"2024-05-02T12:45:40+00:00","og_image":[{"url":"https:\/\/web.umons.ac.be\/app\/uploads\/sites\/65\/2024\/05\/logo.png","type":"","width":"","height":""}],"twitter_card":"summary_large_image","twitter_misc":{"Dur\u00e9e de lecture estim\u00e9e":"1 minute"},"schema":{"@context":"https:\/\/schema.org","@graph":[{"@type":"WebPage","@id":"https:\/\/web.umons.ac.be\/algo\/recherche\/","url":"https:\/\/web.umons.ac.be\/algo\/recherche\/","name":"Activit\u00e9s de recherche - Service \/ FS - Algorithmique","isPartOf":{"@id":"https:\/\/web.umons.ac.be\/algo\/#website"},"primaryImageOfPage":{"@id":"https:\/\/web.umons.ac.be\/algo\/recherche\/#primaryimage"},"image":{"@id":"https:\/\/web.umons.ac.be\/algo\/recherche\/#primaryimage"},"thumbnailUrl":"https:\/\/web.umons.ac.be\/app\/uploads\/sites\/65\/2024\/05\/logo.png","datePublished":"2021-11-02T12:47:28+00:00","dateModified":"2024-05-02T12:45:40+00:00","breadcrumb":{"@id":"https:\/\/web.umons.ac.be\/algo\/recherche\/#breadcrumb"},"inLanguage":"fr-FR","potentialAction":[{"@type":"ReadAction","target":["https:\/\/web.umons.ac.be\/algo\/recherche\/"]}]},{"@type":"ImageObject","inLanguage":"fr-FR","@id":"https:\/\/web.umons.ac.be\/algo\/recherche\/#primaryimage","url":"https:\/\/web.umons.ac.be\/app\/uploads\/sites\/65\/2024\/05\/logo.png","contentUrl":"https:\/\/web.umons.ac.be\/app\/uploads\/sites\/65\/2024\/05\/logo.png"},{"@type":"BreadcrumbList","@id":"https:\/\/web.umons.ac.be\/algo\/recherche\/#breadcrumb","itemListElement":[{"@type":"ListItem","position":1,"name":"Home","item":"https:\/\/web.umons.ac.be\/algo\/"},{"@type":"ListItem","position":2,"name":"Activit\u00e9s de recherche"}]},{"@type":"WebSite","@id":"https:\/\/web.umons.ac.be\/algo\/#website","url":"https:\/\/web.umons.ac.be\/algo\/","name":"Service \/ FS - Algorithmique","description":"","potentialAction":[{"@type":"SearchAction","target":{"@type":"EntryPoint","urlTemplate":"https:\/\/web.umons.ac.be\/algo\/?s={search_term_string}"},"query-input":{"@type":"PropertyValueSpecification","valueRequired":true,"valueName":"search_term_string"}}],"inLanguage":"fr-FR"}]}},"lang":"fr","translations":{"fr":15,"en":17},"pll_sync_post":[],"_links":{"self":[{"href":"https:\/\/web.umons.ac.be\/algo\/wp-json\/wp\/v2\/pages\/15","targetHints":{"allow":["GET"]}}],"collection":[{"href":"https:\/\/web.umons.ac.be\/algo\/wp-json\/wp\/v2\/pages"}],"about":[{"href":"https:\/\/web.umons.ac.be\/algo\/wp-json\/wp\/v2\/types\/page"}],"author":[{"embeddable":true,"href":"https:\/\/web.umons.ac.be\/algo\/wp-json\/wp\/v2\/users\/4"}],"replies":[{"embeddable":true,"href":"https:\/\/web.umons.ac.be\/algo\/wp-json\/wp\/v2\/comments?post=15"}],"version-history":[{"count":3,"href":"https:\/\/web.umons.ac.be\/algo\/wp-json\/wp\/v2\/pages\/15\/revisions"}],"predecessor-version":[{"id":160,"href":"https:\/\/web.umons.ac.be\/algo\/wp-json\/wp\/v2\/pages\/15\/revisions\/160"}],"wp:attachment":[{"href":"https:\/\/web.umons.ac.be\/algo\/wp-json\/wp\/v2\/media?parent=15"}],"curies":[{"name":"wp","href":"https:\/\/api.w.org\/{rel}","templated":true}]}}