{"id":7,"date":"2021-11-02T13:47:26","date_gmt":"2021-11-02T12:47:26","guid":{"rendered":"https:\/\/web.umons.ac.be\/algo\/equipe\/"},"modified":"2024-11-08T16:00:30","modified_gmt":"2024-11-08T15:00:30","slug":"equipe","status":"publish","type":"page","link":"https:\/\/web.umons.ac.be\/algo\/equipe\/","title":{"rendered":"\u00c9quipe"},"content":{"rendered":"<h2>Membres du service<\/h2>\n<ul>\n<li>Prof. <a href=\"https:\/\/web.umons.ac.be\/algo\/hadrien-melot\/\">Hadrien M\u00e9lot<\/a>, professeur et chef du service<img loading=\"lazy\" decoding=\"async\" class=\" wp-image-64 aligncenter\" src=\"https:\/\/web.umons.ac.be\/app\/uploads\/sites\/65\/2024\/05\/photo-e1714572053602-231x300.jpg\" alt=\"\" width=\"140\" height=\"182\" \/><\/li>\n<li>S\u00e9bastien Bonte, doctorant et assistant (dans le <a href=\"http:\/\/informatique.umons.ac.be\/ssi\/\">Service des Syst\u00e8mes d&rsquo;Information<\/a>) <img loading=\"lazy\" decoding=\"async\" class=\"aligncenter size-medium wp-image-139\" src=\"https:\/\/web.umons.ac.be\/app\/uploads\/sites\/65\/2024\/05\/seb-226x300.jpeg\" alt=\"\" width=\"113\" height=\"150\" srcset=\"https:\/\/web.umons.ac.be\/app\/uploads\/sites\/65\/2024\/05\/seb-226x300.jpeg 226w, https:\/\/web.umons.ac.be\/app\/uploads\/sites\/65\/2024\/05\/seb-770x1024.jpeg 770w, https:\/\/web.umons.ac.be\/app\/uploads\/sites\/65\/2024\/05\/seb-768x1022.jpeg 768w, https:\/\/web.umons.ac.be\/app\/uploads\/sites\/65\/2024\/05\/seb-496x660.jpeg 496w, https:\/\/web.umons.ac.be\/app\/uploads\/sites\/65\/2024\/05\/seb-30x40.jpeg 30w, https:\/\/web.umons.ac.be\/app\/uploads\/sites\/65\/2024\/05\/seb-45x60.jpeg 45w, https:\/\/web.umons.ac.be\/app\/uploads\/sites\/65\/2024\/05\/seb-360x479.jpeg 360w, https:\/\/web.umons.ac.be\/app\/uploads\/sites\/65\/2024\/05\/seb.jpeg 872w\" sizes=\"auto, (max-width: 113px) 100vw, 113px\" \/><\/li>\n<li>Dr. Gauvain Devillez, collaborateur scientifique et postdoctorant \u00e0 l&rsquo;Universit\u00e9 de Lubjana <img loading=\"lazy\" decoding=\"async\" class=\"aligncenter size-medium wp-image-140\" src=\"https:\/\/web.umons.ac.be\/app\/uploads\/sites\/65\/2024\/05\/gauvain-234x300.jpeg\" alt=\"\" width=\"117\" height=\"150\" srcset=\"https:\/\/web.umons.ac.be\/app\/uploads\/sites\/65\/2024\/05\/gauvain-234x300.jpeg 234w, https:\/\/web.umons.ac.be\/app\/uploads\/sites\/65\/2024\/05\/gauvain-799x1024.jpeg 799w, https:\/\/web.umons.ac.be\/app\/uploads\/sites\/65\/2024\/05\/gauvain-768x985.jpeg 768w, https:\/\/web.umons.ac.be\/app\/uploads\/sites\/65\/2024\/05\/gauvain-515x660.jpeg 515w, https:\/\/web.umons.ac.be\/app\/uploads\/sites\/65\/2024\/05\/gauvain-30x38.jpeg 30w, https:\/\/web.umons.ac.be\/app\/uploads\/sites\/65\/2024\/05\/gauvain-47x60.jpeg 47w, https:\/\/web.umons.ac.be\/app\/uploads\/sites\/65\/2024\/05\/gauvain-360x462.jpeg 360w, https:\/\/web.umons.ac.be\/app\/uploads\/sites\/65\/2024\/05\/gauvain.jpeg 836w\" sizes=\"auto, (max-width: 117px) 100vw, 117px\" \/><\/li>\n<li>Valentin Dusollier, doctorant et assistant (dans le <a href=\"http:\/\/informatique-umons.be\/networks\">Service des R\u00e9seaux et T\u00e9l\u00e9communications<\/a>) <img loading=\"lazy\" decoding=\"async\" class=\"aligncenter size-medium wp-image-153\" src=\"https:\/\/web.umons.ac.be\/app\/uploads\/sites\/65\/2024\/05\/valentin-223x300.jpeg\" alt=\"\" width=\"111\" height=\"150\" srcset=\"https:\/\/web.umons.ac.be\/app\/uploads\/sites\/65\/2024\/05\/valentin-223x300.jpeg 223w, https:\/\/web.umons.ac.be\/app\/uploads\/sites\/65\/2024\/05\/valentin-762x1024.jpeg 762w, https:\/\/web.umons.ac.be\/app\/uploads\/sites\/65\/2024\/05\/valentin-768x1032.jpeg 768w, https:\/\/web.umons.ac.be\/app\/uploads\/sites\/65\/2024\/05\/valentin-491x660.jpeg 491w, https:\/\/web.umons.ac.be\/app\/uploads\/sites\/65\/2024\/05\/valentin-30x40.jpeg 30w, https:\/\/web.umons.ac.be\/app\/uploads\/sites\/65\/2024\/05\/valentin-45x60.jpeg 45w, https:\/\/web.umons.ac.be\/app\/uploads\/sites\/65\/2024\/05\/valentin-360x484.jpeg 360w, https:\/\/web.umons.ac.be\/app\/uploads\/sites\/65\/2024\/05\/valentin.jpeg 944w\" sizes=\"auto, (max-width: 111px) 100vw, 111px\" \/><\/li>\n<\/ul>\n<h2>Collaborateurs scientifiques<\/h2>\n<ul>\n<li>Dr. Romain Absil, collaborateur scientifique et professeur \u00e0 la HE2B<img loading=\"lazy\" decoding=\"async\" class=\"aligncenter size-medium wp-image-138\" src=\"https:\/\/web.umons.ac.be\/app\/uploads\/sites\/65\/2024\/05\/RomainABSIL-259x300.jpg\" alt=\"\" width=\"130\" height=\"150\" srcset=\"https:\/\/web.umons.ac.be\/app\/uploads\/sites\/65\/2024\/05\/RomainABSIL-259x300.jpg 259w, https:\/\/web.umons.ac.be\/app\/uploads\/sites\/65\/2024\/05\/RomainABSIL-30x35.jpg 30w, https:\/\/web.umons.ac.be\/app\/uploads\/sites\/65\/2024\/05\/RomainABSIL-52x60.jpg 52w, https:\/\/web.umons.ac.be\/app\/uploads\/sites\/65\/2024\/05\/RomainABSIL.jpg 312w\" sizes=\"auto, (max-width: 130px) 100vw, 130px\" \/><\/li>\n<li>Pierre Hauweele, doctorant et collaborateur scientifique <img loading=\"lazy\" decoding=\"async\" class=\"aligncenter  wp-image-141\" src=\"https:\/\/web.umons.ac.be\/app\/uploads\/sites\/65\/2024\/05\/pierre.jpg\" alt=\"\" width=\"131\" height=\"131\" srcset=\"https:\/\/web.umons.ac.be\/app\/uploads\/sites\/65\/2024\/05\/pierre.jpg 200w, https:\/\/web.umons.ac.be\/app\/uploads\/sites\/65\/2024\/05\/pierre-150x150.jpg 150w, https:\/\/web.umons.ac.be\/app\/uploads\/sites\/65\/2024\/05\/pierre-30x30.jpg 30w, https:\/\/web.umons.ac.be\/app\/uploads\/sites\/65\/2024\/05\/pierre-80x80.jpg 80w, https:\/\/web.umons.ac.be\/app\/uploads\/sites\/65\/2024\/05\/pierre-60x60.jpg 60w\" sizes=\"auto, (max-width: 131px) 100vw, 131px\" \/><\/li>\n<\/ul>\n<h2>Anciens membres du service<\/h2>\n<ul>\n<li>Dr. Wivine Blevic<\/li>\n<li>Prof. <a href=\"https:\/\/people.cs.kuleuven.be\/~jan.goedgebeur\/\">Jan Goedgebeur<\/a><\/li>\n<li>Dr. Quentin Meurisse<\/li>\n<\/ul>\n","protected":false},"excerpt":{"rendered":"<p>Membres du service Prof. Hadrien M\u00e9lot, professeur et chef du service S\u00e9bastien Bonte, doctorant et assistant (dans le Service des Syst\u00e8mes d&rsquo;Information) Dr. Gauvain Devillez, collaborateur scientifique et postdoctorant \u00e0 l&rsquo;Universit\u00e9 de Lubjana Valentin Dusollier, doctorant et assistant (dans le Service des R\u00e9seaux et T\u00e9l\u00e9communications) Collaborateurs scientifiques Dr. Romain Absil, collaborateur scientifique et professeur \u00e0 [&hellip;]<\/p>\n","protected":false},"author":4,"featured_media":0,"parent":0,"menu_order":0,"comment_status":"closed","ping_status":"closed","template":"","meta":{"footnotes":""},"class_list":["post-7","page","type-page","status-publish","hentry"],"yoast_head":"<!-- This site is optimized with the Yoast SEO plugin v27.2 - https:\/\/yoast.com\/product\/yoast-seo-wordpress\/ -->\n<title>\u00c9quipe - Service \/ FS - Algorithmique<\/title>\n<meta name=\"robots\" content=\"index, follow, max-snippet:-1, max-image-preview:large, max-video-preview:-1\" \/>\n<link rel=\"canonical\" href=\"https:\/\/web.umons.ac.be\/algo\/equipe\/\" \/>\n<meta property=\"og:locale\" content=\"fr_FR\" \/>\n<meta property=\"og:type\" content=\"article\" \/>\n<meta property=\"og:title\" content=\"\u00c9quipe - Service \/ FS - Algorithmique\" \/>\n<meta property=\"og:description\" content=\"Membres du service Prof. Hadrien M\u00e9lot, professeur et chef du service S\u00e9bastien Bonte, doctorant et assistant (dans le Service des Syst\u00e8mes d&rsquo;Information) Dr. Gauvain Devillez, collaborateur scientifique et postdoctorant \u00e0 l&rsquo;Universit\u00e9 de Lubjana Valentin Dusollier, doctorant et assistant (dans le Service des R\u00e9seaux et T\u00e9l\u00e9communications) Collaborateurs scientifiques Dr. Romain Absil, collaborateur scientifique et professeur \u00e0 [&hellip;]\" \/>\n<meta property=\"og:url\" content=\"https:\/\/web.umons.ac.be\/algo\/equipe\/\" \/>\n<meta property=\"og:site_name\" content=\"Service \/ FS - Algorithmique\" \/>\n<meta property=\"article:modified_time\" content=\"2024-11-08T15:00:30+00:00\" \/>\n<meta property=\"og:image\" content=\"https:\/\/web.umons.ac.be\/app\/uploads\/sites\/65\/2024\/05\/photo-e1714572053602-231x300.jpg\" \/>\n<meta name=\"twitter:card\" content=\"summary_large_image\" \/>\n<meta name=\"twitter:label1\" content=\"Dur\u00e9e de lecture estim\u00e9e\" \/>\n\t<meta name=\"twitter:data1\" content=\"2 minutes\" \/>\n<script type=\"application\/ld+json\" class=\"yoast-schema-graph\">{\"@context\":\"https:\/\/schema.org\",\"@graph\":[{\"@type\":\"WebPage\",\"@id\":\"https:\/\/web.umons.ac.be\/algo\/equipe\/\",\"url\":\"https:\/\/web.umons.ac.be\/algo\/equipe\/\",\"name\":\"\u00c9quipe - Service \/ FS - Algorithmique\",\"isPartOf\":{\"@id\":\"https:\/\/web.umons.ac.be\/algo\/#website\"},\"primaryImageOfPage\":{\"@id\":\"https:\/\/web.umons.ac.be\/algo\/equipe\/#primaryimage\"},\"image\":{\"@id\":\"https:\/\/web.umons.ac.be\/algo\/equipe\/#primaryimage\"},\"thumbnailUrl\":\"https:\/\/web.umons.ac.be\/app\/uploads\/sites\/65\/2024\/05\/photo-e1714572053602-231x300.jpg\",\"datePublished\":\"2021-11-02T12:47:26+00:00\",\"dateModified\":\"2024-11-08T15:00:30+00:00\",\"breadcrumb\":{\"@id\":\"https:\/\/web.umons.ac.be\/algo\/equipe\/#breadcrumb\"},\"inLanguage\":\"fr-FR\",\"potentialAction\":[{\"@type\":\"ReadAction\",\"target\":[\"https:\/\/web.umons.ac.be\/algo\/equipe\/\"]}]},{\"@type\":\"ImageObject\",\"inLanguage\":\"fr-FR\",\"@id\":\"https:\/\/web.umons.ac.be\/algo\/equipe\/#primaryimage\",\"url\":\"https:\/\/web.umons.ac.be\/app\/uploads\/sites\/65\/2024\/05\/photo-e1714572053602-231x300.jpg\",\"contentUrl\":\"https:\/\/web.umons.ac.be\/app\/uploads\/sites\/65\/2024\/05\/photo-e1714572053602-231x300.jpg\"},{\"@type\":\"BreadcrumbList\",\"@id\":\"https:\/\/web.umons.ac.be\/algo\/equipe\/#breadcrumb\",\"itemListElement\":[{\"@type\":\"ListItem\",\"position\":1,\"name\":\"Home\",\"item\":\"https:\/\/web.umons.ac.be\/algo\/\"},{\"@type\":\"ListItem\",\"position\":2,\"name\":\"\u00c9quipe\"}]},{\"@type\":\"WebSite\",\"@id\":\"https:\/\/web.umons.ac.be\/algo\/#website\",\"url\":\"https:\/\/web.umons.ac.be\/algo\/\",\"name\":\"Service \/ FS - Algorithmique\",\"description\":\"\",\"potentialAction\":[{\"@type\":\"SearchAction\",\"target\":{\"@type\":\"EntryPoint\",\"urlTemplate\":\"https:\/\/web.umons.ac.be\/algo\/?s={search_term_string}\"},\"query-input\":{\"@type\":\"PropertyValueSpecification\",\"valueRequired\":true,\"valueName\":\"search_term_string\"}}],\"inLanguage\":\"fr-FR\"}]}<\/script>\n<!-- \/ Yoast SEO plugin. -->","yoast_head_json":{"title":"\u00c9quipe - Service \/ FS - Algorithmique","robots":{"index":"index","follow":"follow","max-snippet":"max-snippet:-1","max-image-preview":"max-image-preview:large","max-video-preview":"max-video-preview:-1"},"canonical":"https:\/\/web.umons.ac.be\/algo\/equipe\/","og_locale":"fr_FR","og_type":"article","og_title":"\u00c9quipe - Service \/ FS - Algorithmique","og_description":"Membres du service Prof. Hadrien M\u00e9lot, professeur et chef du service S\u00e9bastien Bonte, doctorant et assistant (dans le Service des Syst\u00e8mes d&rsquo;Information) Dr. Gauvain Devillez, collaborateur scientifique et postdoctorant \u00e0 l&rsquo;Universit\u00e9 de Lubjana Valentin Dusollier, doctorant et assistant (dans le Service des R\u00e9seaux et T\u00e9l\u00e9communications) Collaborateurs scientifiques Dr. Romain Absil, collaborateur scientifique et professeur \u00e0 [&hellip;]","og_url":"https:\/\/web.umons.ac.be\/algo\/equipe\/","og_site_name":"Service \/ FS - Algorithmique","article_modified_time":"2024-11-08T15:00:30+00:00","og_image":[{"url":"https:\/\/web.umons.ac.be\/app\/uploads\/sites\/65\/2024\/05\/photo-e1714572053602-231x300.jpg","type":"","width":"","height":""}],"twitter_card":"summary_large_image","twitter_misc":{"Dur\u00e9e de lecture estim\u00e9e":"2 minutes"},"schema":{"@context":"https:\/\/schema.org","@graph":[{"@type":"WebPage","@id":"https:\/\/web.umons.ac.be\/algo\/equipe\/","url":"https:\/\/web.umons.ac.be\/algo\/equipe\/","name":"\u00c9quipe - Service \/ FS - Algorithmique","isPartOf":{"@id":"https:\/\/web.umons.ac.be\/algo\/#website"},"primaryImageOfPage":{"@id":"https:\/\/web.umons.ac.be\/algo\/equipe\/#primaryimage"},"image":{"@id":"https:\/\/web.umons.ac.be\/algo\/equipe\/#primaryimage"},"thumbnailUrl":"https:\/\/web.umons.ac.be\/app\/uploads\/sites\/65\/2024\/05\/photo-e1714572053602-231x300.jpg","datePublished":"2021-11-02T12:47:26+00:00","dateModified":"2024-11-08T15:00:30+00:00","breadcrumb":{"@id":"https:\/\/web.umons.ac.be\/algo\/equipe\/#breadcrumb"},"inLanguage":"fr-FR","potentialAction":[{"@type":"ReadAction","target":["https:\/\/web.umons.ac.be\/algo\/equipe\/"]}]},{"@type":"ImageObject","inLanguage":"fr-FR","@id":"https:\/\/web.umons.ac.be\/algo\/equipe\/#primaryimage","url":"https:\/\/web.umons.ac.be\/app\/uploads\/sites\/65\/2024\/05\/photo-e1714572053602-231x300.jpg","contentUrl":"https:\/\/web.umons.ac.be\/app\/uploads\/sites\/65\/2024\/05\/photo-e1714572053602-231x300.jpg"},{"@type":"BreadcrumbList","@id":"https:\/\/web.umons.ac.be\/algo\/equipe\/#breadcrumb","itemListElement":[{"@type":"ListItem","position":1,"name":"Home","item":"https:\/\/web.umons.ac.be\/algo\/"},{"@type":"ListItem","position":2,"name":"\u00c9quipe"}]},{"@type":"WebSite","@id":"https:\/\/web.umons.ac.be\/algo\/#website","url":"https:\/\/web.umons.ac.be\/algo\/","name":"Service \/ FS - Algorithmique","description":"","potentialAction":[{"@type":"SearchAction","target":{"@type":"EntryPoint","urlTemplate":"https:\/\/web.umons.ac.be\/algo\/?s={search_term_string}"},"query-input":{"@type":"PropertyValueSpecification","valueRequired":true,"valueName":"search_term_string"}}],"inLanguage":"fr-FR"}]}},"lang":"fr","translations":{"fr":7,"en":9},"pll_sync_post":[],"_links":{"self":[{"href":"https:\/\/web.umons.ac.be\/algo\/wp-json\/wp\/v2\/pages\/7","targetHints":{"allow":["GET"]}}],"collection":[{"href":"https:\/\/web.umons.ac.be\/algo\/wp-json\/wp\/v2\/pages"}],"about":[{"href":"https:\/\/web.umons.ac.be\/algo\/wp-json\/wp\/v2\/types\/page"}],"author":[{"embeddable":true,"href":"https:\/\/web.umons.ac.be\/algo\/wp-json\/wp\/v2\/users\/4"}],"replies":[{"embeddable":true,"href":"https:\/\/web.umons.ac.be\/algo\/wp-json\/wp\/v2\/comments?post=7"}],"version-history":[{"count":3,"href":"https:\/\/web.umons.ac.be\/algo\/wp-json\/wp\/v2\/pages\/7\/revisions"}],"predecessor-version":[{"id":198,"href":"https:\/\/web.umons.ac.be\/algo\/wp-json\/wp\/v2\/pages\/7\/revisions\/198"}],"wp:attachment":[{"href":"https:\/\/web.umons.ac.be\/algo\/wp-json\/wp\/v2\/media?parent=7"}],"curies":[{"name":"wp","href":"https:\/\/api.w.org\/{rel}","templated":true}]}}