{"id":11,"date":"2026-03-13T14:26:54","date_gmt":"2026-03-13T13:26:54","guid":{"rendered":"https:\/\/web.umons.ac.be\/amte\/activites-denseignement\/"},"modified":"2026-03-13T14:56:31","modified_gmt":"2026-03-13T13:56:31","slug":"activites-denseignement","status":"publish","type":"page","link":"https:\/\/web.umons.ac.be\/amte\/fr\/activites-denseignement\/","title":{"rendered":"Activit\u00e9s d&rsquo;enseignement"},"content":{"rendered":"<p>Le m\u00e9nagement des territoires propose de r\u00e9concilier usages humains, biodiversit\u00e9, paysages et \u00e9quilibres \u00e9cosyst\u00e9miques, en int\u00e9grant la pr\u00e9servation des ressources naturelles et du vivant dans la conception des espaces habit\u00e9s.<\/p>\n<p>Dans le cadre du Master en Urbanisme et D\u00e9veloppement territorial \u00e0 Charleroi, cette approche se d\u00e9cline \u00e0 travers un ensemble d\u2019enseignements qui explorent les leviers d\u2019un am\u00e9nagement plus sobre, plus \u00e9cologique et plus juste. Les cours abordent les r\u00e9seaux \u00e9cologiques et les solutions fond\u00e9es sur la nature, les \u00e9l\u00e9ments de paysage et d\u2019espaces publics, ainsi que les enjeux de la sobri\u00e9t\u00e9 fonci\u00e8re et des nouvelles strat\u00e9gies de planification. Les \u00e9tudiants sont invit\u00e9s \u00e0 d\u00e9velopper une analyse critique des politiques d\u2019am\u00e9nagement et \u00e0 s\u2019approprier les notions d\u2019int\u00e9gration du vivant et \u00e0 mobiliser les ressources locales mat\u00e9rielles et sociales (acteurs et outils de planification), \u00e0 travers des ateliers de programmation, des cours th\u00e9oriques, un stage et un travail de fin d\u2019\u00e9tudes ancr\u00e9s dans des probl\u00e9matiques territoriales concr\u00e8tes.<\/p>\n<p>Au sein du Master en Architecture \u00e0 Mons, cette approche trouve un prolongement dans l\u2019\u00e9tude du paysage comme vecteur de compr\u00e9hension et de projet. Les enseignements d\u2019histoire du paysage, de compl\u00e9ment d\u2019analyse et paysage, ainsi que l\u2019atelier Architectures \u2013 Territoires \u2013 Strat\u00e9gies \u2013 Paysage, permettent d\u2019exp\u00e9rimenter des d\u00e9marches de conception int\u00e9grant les dimensions \u00e9cologiques, sociales et sensibles du territoire. Le paysage y devient un outil d\u2019interpr\u00e9tation et de composition, au service d\u2019une architecture capable de dialoguer avec les dynamiques territoriales et les formes vivantes qui la traversent.<\/p>\n<p>Ainsi, l\u2019ensemble de ces enseignements propose une formation transdisciplinaire, attentive \u00e0 la complexit\u00e9 des territoires contemporains et \u00e0 la n\u00e9cessit\u00e9 d\u2019inventer des pratiques de projet qui m\u00e9nagent le vivant, en conjuguant composition architecturale et urbanistique, responsabilit\u00e9 \u00e9cologique et imagination collective.<\/p>\n","protected":false},"excerpt":{"rendered":"<p>Le m\u00e9nagement des territoires propose de r\u00e9concilier usages humains, biodiversit\u00e9, paysages et \u00e9quilibres \u00e9cosyst\u00e9miques, en int\u00e9grant la pr\u00e9servation des ressources naturelles et du vivant dans la conception des espaces habit\u00e9s. Dans le cadre du Master en Urbanisme et D\u00e9veloppement territorial \u00e0 Charleroi, cette approche se d\u00e9cline \u00e0 travers un ensemble d\u2019enseignements qui explorent les leviers [&hellip;]<\/p>\n","protected":false},"author":2,"featured_media":0,"parent":0,"menu_order":0,"comment_status":"closed","ping_status":"closed","template":"","meta":{"footnotes":""},"class_list":["post-11","page","type-page","status-publish","hentry"],"yoast_head":"<!-- This site is optimized with the Yoast SEO plugin v27.2 - https:\/\/yoast.com\/product\/yoast-seo-wordpress\/ -->\n<title>Activit\u00e9s d&#039;enseignement - Service \/ FAU - (A)M\u00e9nagement des Territoires<\/title>\n<meta name=\"robots\" content=\"index, follow, max-snippet:-1, max-image-preview:large, max-video-preview:-1\" \/>\n<link rel=\"canonical\" href=\"https:\/\/web.umons.ac.be\/amte\/fr\/activites-denseignement\/\" \/>\n<meta property=\"og:locale\" content=\"fr_FR\" \/>\n<meta property=\"og:type\" content=\"article\" \/>\n<meta property=\"og:title\" content=\"Activit\u00e9s d&#039;enseignement - Service \/ FAU - (A)M\u00e9nagement des Territoires\" \/>\n<meta property=\"og:description\" content=\"Le m\u00e9nagement des territoires propose de r\u00e9concilier usages humains, biodiversit\u00e9, paysages et \u00e9quilibres \u00e9cosyst\u00e9miques, en int\u00e9grant la pr\u00e9servation des ressources naturelles et du vivant dans la conception des espaces habit\u00e9s. Dans le cadre du Master en Urbanisme et D\u00e9veloppement territorial \u00e0 Charleroi, cette approche se d\u00e9cline \u00e0 travers un ensemble d\u2019enseignements qui explorent les leviers [&hellip;]\" \/>\n<meta property=\"og:url\" content=\"https:\/\/web.umons.ac.be\/amte\/fr\/activites-denseignement\/\" \/>\n<meta property=\"og:site_name\" content=\"Service \/ FAU - (A)M\u00e9nagement des Territoires\" \/>\n<meta property=\"article:modified_time\" content=\"2026-03-13T13:56:31+00:00\" \/>\n<meta name=\"twitter:card\" content=\"summary_large_image\" \/>\n<script type=\"application\/ld+json\" class=\"yoast-schema-graph\">{\"@context\":\"https:\/\/schema.org\",\"@graph\":[{\"@type\":\"WebPage\",\"@id\":\"https:\/\/web.umons.ac.be\/amte\/fr\/activites-denseignement\/\",\"url\":\"https:\/\/web.umons.ac.be\/amte\/fr\/activites-denseignement\/\",\"name\":\"Activit\u00e9s d'enseignement - Service \/ FAU - (A)M\u00e9nagement des Territoires\",\"isPartOf\":{\"@id\":\"https:\/\/web.umons.ac.be\/amte\/#website\"},\"datePublished\":\"2026-03-13T13:26:54+00:00\",\"dateModified\":\"2026-03-13T13:56:31+00:00\",\"breadcrumb\":{\"@id\":\"https:\/\/web.umons.ac.be\/amte\/fr\/activites-denseignement\/#breadcrumb\"},\"inLanguage\":\"fr-FR\",\"potentialAction\":[{\"@type\":\"ReadAction\",\"target\":[\"https:\/\/web.umons.ac.be\/amte\/fr\/activites-denseignement\/\"]}]},{\"@type\":\"BreadcrumbList\",\"@id\":\"https:\/\/web.umons.ac.be\/amte\/fr\/activites-denseignement\/#breadcrumb\",\"itemListElement\":[{\"@type\":\"ListItem\",\"position\":1,\"name\":\"Accueil\",\"item\":\"https:\/\/web.umons.ac.be\/amte\/fr\/\"},{\"@type\":\"ListItem\",\"position\":2,\"name\":\"Activit\u00e9s d&rsquo;enseignement\"}]},{\"@type\":\"WebSite\",\"@id\":\"https:\/\/web.umons.ac.be\/amte\/#website\",\"url\":\"https:\/\/web.umons.ac.be\/amte\/\",\"name\":\"Service \/ FAU - (A)M\u00e9nagement des Territoires\",\"description\":\"\",\"potentialAction\":[{\"@type\":\"SearchAction\",\"target\":{\"@type\":\"EntryPoint\",\"urlTemplate\":\"https:\/\/web.umons.ac.be\/amte\/?s={search_term_string}\"},\"query-input\":{\"@type\":\"PropertyValueSpecification\",\"valueRequired\":true,\"valueName\":\"search_term_string\"}}],\"inLanguage\":\"fr-FR\"}]}<\/script>\n<!-- \/ Yoast SEO plugin. -->","yoast_head_json":{"title":"Activit\u00e9s d'enseignement - Service \/ FAU - (A)M\u00e9nagement des Territoires","robots":{"index":"index","follow":"follow","max-snippet":"max-snippet:-1","max-image-preview":"max-image-preview:large","max-video-preview":"max-video-preview:-1"},"canonical":"https:\/\/web.umons.ac.be\/amte\/fr\/activites-denseignement\/","og_locale":"fr_FR","og_type":"article","og_title":"Activit\u00e9s d'enseignement - Service \/ FAU - (A)M\u00e9nagement des Territoires","og_description":"Le m\u00e9nagement des territoires propose de r\u00e9concilier usages humains, biodiversit\u00e9, paysages et \u00e9quilibres \u00e9cosyst\u00e9miques, en int\u00e9grant la pr\u00e9servation des ressources naturelles et du vivant dans la conception des espaces habit\u00e9s. Dans le cadre du Master en Urbanisme et D\u00e9veloppement territorial \u00e0 Charleroi, cette approche se d\u00e9cline \u00e0 travers un ensemble d\u2019enseignements qui explorent les leviers [&hellip;]","og_url":"https:\/\/web.umons.ac.be\/amte\/fr\/activites-denseignement\/","og_site_name":"Service \/ FAU - (A)M\u00e9nagement des Territoires","article_modified_time":"2026-03-13T13:56:31+00:00","twitter_card":"summary_large_image","schema":{"@context":"https:\/\/schema.org","@graph":[{"@type":"WebPage","@id":"https:\/\/web.umons.ac.be\/amte\/fr\/activites-denseignement\/","url":"https:\/\/web.umons.ac.be\/amte\/fr\/activites-denseignement\/","name":"Activit\u00e9s d'enseignement - Service \/ FAU - (A)M\u00e9nagement des Territoires","isPartOf":{"@id":"https:\/\/web.umons.ac.be\/amte\/#website"},"datePublished":"2026-03-13T13:26:54+00:00","dateModified":"2026-03-13T13:56:31+00:00","breadcrumb":{"@id":"https:\/\/web.umons.ac.be\/amte\/fr\/activites-denseignement\/#breadcrumb"},"inLanguage":"fr-FR","potentialAction":[{"@type":"ReadAction","target":["https:\/\/web.umons.ac.be\/amte\/fr\/activites-denseignement\/"]}]},{"@type":"BreadcrumbList","@id":"https:\/\/web.umons.ac.be\/amte\/fr\/activites-denseignement\/#breadcrumb","itemListElement":[{"@type":"ListItem","position":1,"name":"Accueil","item":"https:\/\/web.umons.ac.be\/amte\/fr\/"},{"@type":"ListItem","position":2,"name":"Activit\u00e9s d&rsquo;enseignement"}]},{"@type":"WebSite","@id":"https:\/\/web.umons.ac.be\/amte\/#website","url":"https:\/\/web.umons.ac.be\/amte\/","name":"Service \/ FAU - (A)M\u00e9nagement des Territoires","description":"","potentialAction":[{"@type":"SearchAction","target":{"@type":"EntryPoint","urlTemplate":"https:\/\/web.umons.ac.be\/amte\/?s={search_term_string}"},"query-input":{"@type":"PropertyValueSpecification","valueRequired":true,"valueName":"search_term_string"}}],"inLanguage":"fr-FR"}]}},"lang":"fr","translations":{"fr":11,"en":13},"pll_sync_post":[],"_links":{"self":[{"href":"https:\/\/web.umons.ac.be\/amte\/wp-json\/wp\/v2\/pages\/11","targetHints":{"allow":["GET"]}}],"collection":[{"href":"https:\/\/web.umons.ac.be\/amte\/wp-json\/wp\/v2\/pages"}],"about":[{"href":"https:\/\/web.umons.ac.be\/amte\/wp-json\/wp\/v2\/types\/page"}],"author":[{"embeddable":true,"href":"https:\/\/web.umons.ac.be\/amte\/wp-json\/wp\/v2\/users\/2"}],"replies":[{"embeddable":true,"href":"https:\/\/web.umons.ac.be\/amte\/wp-json\/wp\/v2\/comments?post=11"}],"version-history":[{"count":3,"href":"https:\/\/web.umons.ac.be\/amte\/wp-json\/wp\/v2\/pages\/11\/revisions"}],"predecessor-version":[{"id":80,"href":"https:\/\/web.umons.ac.be\/amte\/wp-json\/wp\/v2\/pages\/11\/revisions\/80"}],"wp:attachment":[{"href":"https:\/\/web.umons.ac.be\/amte\/wp-json\/wp\/v2\/media?parent=11"}],"curies":[{"name":"wp","href":"https:\/\/api.w.org\/{rel}","templated":true}]}}