{"id":15,"date":"2026-03-13T14:26:54","date_gmt":"2026-03-13T13:26:54","guid":{"rendered":"https:\/\/web.umons.ac.be\/amte\/activites-de-recherche\/"},"modified":"2026-03-17T15:57:28","modified_gmt":"2026-03-17T14:57:28","slug":"activites-de-recherche","status":"publish","type":"page","link":"https:\/\/web.umons.ac.be\/amte\/fr\/activites-de-recherche\/","title":{"rendered":"Activit\u00e9s de recherche"},"content":{"rendered":"<p>Dans le cadre des objectifs de r\u00e9duction de l&rsquo;artificialisation des sols, les recherches portent sur l\u2019\u00e9volution des strat\u00e9gies, outils de planification et syst\u00e8mes d\u2019acteurs au sein d\u2019espaces convoit\u00e9s et \u00e0 faible rente fonci\u00e8re (portuaires, artisanaux, agricoles, nature spontan\u00e9e, etc.). Elles combinent analyses de politiques publiques, strat\u00e9gies territoriales et mobilisations citoyennes, avec une compr\u00e9hension fine des \u00e9quilibres \u00e9cosyst\u00e9miques pour pr\u00e9server sols, cycle de l\u2019eau et biodiversit\u00e9.<\/p>\n<p>Les territoires \u00e9tudi\u00e9s sont souvent sous pression fonci\u00e8re li\u00e9e \u00e0 la m\u00e9tropolisation, mais jouent des r\u00f4les multiples : supports de services \u00e9cosyst\u00e9miques de production et de r\u00e9gulation, sources de connaissances (savoirs, savoir-faire), \u00e9l\u00e9ments paysagers et porteurs de b\u00e9n\u00e9fices environnementaux et sociaux.<\/p>\n<p>Les recherches se concentrent sur diff\u00e9rentes interfaces : ville\/port\/eau, ville-agriculture, ville\/activit\u00e9s productives, friches. Les m\u00e9thodologies mobilis\u00e9es incluent analyses g\u00e9ohistoriques, \u00e9tudes des transformations de l\u2019occupation des sols, anatomie des processus de projet et syst\u00e8mes d\u2019acteurs, repr\u00e9sentations territoriales, mod\u00e9lisation des r\u00e9seaux \u00e9cologiques et analyse des services \u00e9cosyst\u00e9miques.<\/p>\n<p>Les projets r\u00e9alis\u00e9s ou en cours sont r\u00e9alis\u00e9s en partenariat avec des collectivit\u00e9s locales, dans le cadre d\u2019appels europ\u00e9ens, ou r\u00e9gionaux, soutenus par des fonds publics (Micro-projet Interreg BLUE \u2013 FEDER ; SUNLOOP \u2013 FNRS, FNS et ANR ; R\u00e9seau Inter-Friches \u2013 CIST et APERAU). Plusieurs th\u00e8ses r\u00e9alis\u00e9es ou en cours visent \u00e0 interroger et r\u00e9inventer des pratiques d\u2019am\u00e9nagement conciliant usages humains, biodiversit\u00e9 et fonctions \u00e9cologiques.<\/p>\n<hr \/>\n<p>Notre service est, par ailleurs rattach\u00e9 \u00e0 un institut de recherche de l\u2019UMONS :<\/p>\n<start-cask-shortcode-wrapper>\t\t<div class=\"associated-institutes content-block scheme-fau\">\n\t\t\t<ul class=\"institutes-list\">\n\t\t\t\t\t\t\t\t\t\t<li>\n\t\t\t\t\t\t\t<a href=\"https:\/\/web.umons.ac.be\/biosciences\" title=\"Acc\u00e9der au site web de : Institut \/ Biosciences\" class=\"associated-institute\">\n\t\t\t\t\t\t\t\t<img loading=\"lazy\" decoding=\"async\" width=\"1\" height=\"1\" src=\"https:\/\/web.umons.ac.be\/app\/uploads\/sites\/30\/2017\/11\/biosciences_logo_fr.svg\" class=\"attachment-thumbnail size-thumbnail\" alt=\"\" \/>\t\t\t\t\t\t\t<\/a>\t\t\t\n\t\t\t\t\t\t<\/li>\n\t\t\t\t\t\t\t\t\t\t<li>\n\t\t\t\t\t\t\t<a href=\"https:\/\/web.umons.ac.be\/soci_e_ter\" title=\"Acc\u00e9der au site web de : Institut \/ Soci&amp;ter\" class=\"associated-institute\">\n\t\t\t\t\t\t\t\t<img loading=\"lazy\" decoding=\"async\" width=\"1\" height=\"1\" src=\"https:\/\/web.umons.ac.be\/app\/uploads\/sites\/33\/2021\/11\/Societer-FR.svg\" class=\"attachment-thumbnail size-thumbnail\" alt=\"\" \/>\t\t\t\t\t\t\t<\/a>\t\t\t\n\t\t\t\t\t\t<\/li>\n\t\t\t\t\t\t\t<\/ul>\n\t\t<\/div>\n <end-cask-shortcode-wrapper>\n<p>&nbsp;<\/p>\n<p>&nbsp;<\/p>\n<p>&nbsp;<\/p>\n","protected":false},"excerpt":{"rendered":"<p>Dans le cadre des objectifs de r\u00e9duction de l&rsquo;artificialisation des sols, les recherches portent sur l\u2019\u00e9volution des strat\u00e9gies, outils de planification et syst\u00e8mes d\u2019acteurs au sein d\u2019espaces convoit\u00e9s et \u00e0 faible rente fonci\u00e8re (portuaires, artisanaux, agricoles, nature spontan\u00e9e, etc.). Elles combinent analyses de politiques publiques, strat\u00e9gies territoriales et mobilisations citoyennes, avec une compr\u00e9hension fine des [&hellip;]<\/p>\n","protected":false},"author":2,"featured_media":0,"parent":0,"menu_order":0,"comment_status":"closed","ping_status":"closed","template":"","meta":{"footnotes":""},"class_list":["post-15","page","type-page","status-publish","hentry"],"yoast_head":"<!-- This site is optimized with the Yoast SEO plugin v27.2 - https:\/\/yoast.com\/product\/yoast-seo-wordpress\/ -->\n<title>Activit\u00e9s de recherche - Service \/ FAU - (A)M\u00e9nagement des Territoires<\/title>\n<meta name=\"robots\" content=\"index, follow, max-snippet:-1, max-image-preview:large, max-video-preview:-1\" \/>\n<link rel=\"canonical\" href=\"https:\/\/web.umons.ac.be\/amte\/fr\/activites-de-recherche\/\" \/>\n<meta property=\"og:locale\" content=\"fr_FR\" \/>\n<meta property=\"og:type\" content=\"article\" \/>\n<meta property=\"og:title\" content=\"Activit\u00e9s de recherche - Service \/ FAU - (A)M\u00e9nagement des Territoires\" \/>\n<meta property=\"og:description\" content=\"Dans le cadre des objectifs de r\u00e9duction de l&rsquo;artificialisation des sols, les recherches portent sur l\u2019\u00e9volution des strat\u00e9gies, outils de planification et syst\u00e8mes d\u2019acteurs au sein d\u2019espaces convoit\u00e9s et \u00e0 faible rente fonci\u00e8re (portuaires, artisanaux, agricoles, nature spontan\u00e9e, etc.). Elles combinent analyses de politiques publiques, strat\u00e9gies territoriales et mobilisations citoyennes, avec une compr\u00e9hension fine des [&hellip;]\" \/>\n<meta property=\"og:url\" content=\"https:\/\/web.umons.ac.be\/amte\/fr\/activites-de-recherche\/\" \/>\n<meta property=\"og:site_name\" content=\"Service \/ FAU - (A)M\u00e9nagement des Territoires\" \/>\n<meta property=\"article:modified_time\" content=\"2026-03-17T14:57:28+00:00\" \/>\n<meta name=\"twitter:card\" content=\"summary_large_image\" \/>\n<meta name=\"twitter:label1\" content=\"Dur\u00e9e de lecture estim\u00e9e\" \/>\n\t<meta name=\"twitter:data1\" content=\"2 minutes\" \/>\n<script type=\"application\/ld+json\" class=\"yoast-schema-graph\">{\"@context\":\"https:\/\/schema.org\",\"@graph\":[{\"@type\":\"WebPage\",\"@id\":\"https:\/\/web.umons.ac.be\/amte\/fr\/activites-de-recherche\/\",\"url\":\"https:\/\/web.umons.ac.be\/amte\/fr\/activites-de-recherche\/\",\"name\":\"Activit\u00e9s de recherche - Service \/ FAU - (A)M\u00e9nagement des Territoires\",\"isPartOf\":{\"@id\":\"https:\/\/web.umons.ac.be\/amte\/#website\"},\"datePublished\":\"2026-03-13T13:26:54+00:00\",\"dateModified\":\"2026-03-17T14:57:28+00:00\",\"breadcrumb\":{\"@id\":\"https:\/\/web.umons.ac.be\/amte\/fr\/activites-de-recherche\/#breadcrumb\"},\"inLanguage\":\"fr-FR\",\"potentialAction\":[{\"@type\":\"ReadAction\",\"target\":[\"https:\/\/web.umons.ac.be\/amte\/fr\/activites-de-recherche\/\"]}]},{\"@type\":\"BreadcrumbList\",\"@id\":\"https:\/\/web.umons.ac.be\/amte\/fr\/activites-de-recherche\/#breadcrumb\",\"itemListElement\":[{\"@type\":\"ListItem\",\"position\":1,\"name\":\"Accueil\",\"item\":\"https:\/\/web.umons.ac.be\/amte\/fr\/\"},{\"@type\":\"ListItem\",\"position\":2,\"name\":\"Activit\u00e9s de recherche\"}]},{\"@type\":\"WebSite\",\"@id\":\"https:\/\/web.umons.ac.be\/amte\/#website\",\"url\":\"https:\/\/web.umons.ac.be\/amte\/\",\"name\":\"Service \/ FAU - (A)M\u00e9nagement des Territoires\",\"description\":\"\",\"potentialAction\":[{\"@type\":\"SearchAction\",\"target\":{\"@type\":\"EntryPoint\",\"urlTemplate\":\"https:\/\/web.umons.ac.be\/amte\/?s={search_term_string}\"},\"query-input\":{\"@type\":\"PropertyValueSpecification\",\"valueRequired\":true,\"valueName\":\"search_term_string\"}}],\"inLanguage\":\"fr-FR\"}]}<\/script>\n<!-- \/ Yoast SEO plugin. -->","yoast_head_json":{"title":"Activit\u00e9s de recherche - Service \/ FAU - (A)M\u00e9nagement des Territoires","robots":{"index":"index","follow":"follow","max-snippet":"max-snippet:-1","max-image-preview":"max-image-preview:large","max-video-preview":"max-video-preview:-1"},"canonical":"https:\/\/web.umons.ac.be\/amte\/fr\/activites-de-recherche\/","og_locale":"fr_FR","og_type":"article","og_title":"Activit\u00e9s de recherche - Service \/ FAU - (A)M\u00e9nagement des Territoires","og_description":"Dans le cadre des objectifs de r\u00e9duction de l&rsquo;artificialisation des sols, les recherches portent sur l\u2019\u00e9volution des strat\u00e9gies, outils de planification et syst\u00e8mes d\u2019acteurs au sein d\u2019espaces convoit\u00e9s et \u00e0 faible rente fonci\u00e8re (portuaires, artisanaux, agricoles, nature spontan\u00e9e, etc.). Elles combinent analyses de politiques publiques, strat\u00e9gies territoriales et mobilisations citoyennes, avec une compr\u00e9hension fine des [&hellip;]","og_url":"https:\/\/web.umons.ac.be\/amte\/fr\/activites-de-recherche\/","og_site_name":"Service \/ FAU - (A)M\u00e9nagement des Territoires","article_modified_time":"2026-03-17T14:57:28+00:00","twitter_card":"summary_large_image","twitter_misc":{"Dur\u00e9e de lecture estim\u00e9e":"2 minutes"},"schema":{"@context":"https:\/\/schema.org","@graph":[{"@type":"WebPage","@id":"https:\/\/web.umons.ac.be\/amte\/fr\/activites-de-recherche\/","url":"https:\/\/web.umons.ac.be\/amte\/fr\/activites-de-recherche\/","name":"Activit\u00e9s de recherche - Service \/ FAU - (A)M\u00e9nagement des Territoires","isPartOf":{"@id":"https:\/\/web.umons.ac.be\/amte\/#website"},"datePublished":"2026-03-13T13:26:54+00:00","dateModified":"2026-03-17T14:57:28+00:00","breadcrumb":{"@id":"https:\/\/web.umons.ac.be\/amte\/fr\/activites-de-recherche\/#breadcrumb"},"inLanguage":"fr-FR","potentialAction":[{"@type":"ReadAction","target":["https:\/\/web.umons.ac.be\/amte\/fr\/activites-de-recherche\/"]}]},{"@type":"BreadcrumbList","@id":"https:\/\/web.umons.ac.be\/amte\/fr\/activites-de-recherche\/#breadcrumb","itemListElement":[{"@type":"ListItem","position":1,"name":"Accueil","item":"https:\/\/web.umons.ac.be\/amte\/fr\/"},{"@type":"ListItem","position":2,"name":"Activit\u00e9s de recherche"}]},{"@type":"WebSite","@id":"https:\/\/web.umons.ac.be\/amte\/#website","url":"https:\/\/web.umons.ac.be\/amte\/","name":"Service \/ FAU - (A)M\u00e9nagement des Territoires","description":"","potentialAction":[{"@type":"SearchAction","target":{"@type":"EntryPoint","urlTemplate":"https:\/\/web.umons.ac.be\/amte\/?s={search_term_string}"},"query-input":{"@type":"PropertyValueSpecification","valueRequired":true,"valueName":"search_term_string"}}],"inLanguage":"fr-FR"}]}},"lang":"fr","translations":{"fr":15,"en":17},"pll_sync_post":[],"_links":{"self":[{"href":"https:\/\/web.umons.ac.be\/amte\/wp-json\/wp\/v2\/pages\/15","targetHints":{"allow":["GET"]}}],"collection":[{"href":"https:\/\/web.umons.ac.be\/amte\/wp-json\/wp\/v2\/pages"}],"about":[{"href":"https:\/\/web.umons.ac.be\/amte\/wp-json\/wp\/v2\/types\/page"}],"author":[{"embeddable":true,"href":"https:\/\/web.umons.ac.be\/amte\/wp-json\/wp\/v2\/users\/2"}],"replies":[{"embeddable":true,"href":"https:\/\/web.umons.ac.be\/amte\/wp-json\/wp\/v2\/comments?post=15"}],"version-history":[{"count":3,"href":"https:\/\/web.umons.ac.be\/amte\/wp-json\/wp\/v2\/pages\/15\/revisions"}],"predecessor-version":[{"id":123,"href":"https:\/\/web.umons.ac.be\/amte\/wp-json\/wp\/v2\/pages\/15\/revisions\/123"}],"wp:attachment":[{"href":"https:\/\/web.umons.ac.be\/amte\/wp-json\/wp\/v2\/media?parent=15"}],"curies":[{"name":"wp","href":"https:\/\/api.w.org\/{rel}","templated":true}]}}