{"id":90,"date":"2026-03-13T15:08:38","date_gmt":"2026-03-13T14:08:38","guid":{"rendered":"https:\/\/web.umons.ac.be\/amte\/?page_id=90"},"modified":"2026-03-16T15:32:06","modified_gmt":"2026-03-16T14:32:06","slug":"cours","status":"publish","type":"page","link":"https:\/\/web.umons.ac.be\/amte\/fr\/activites-denseignement\/cours\/","title":{"rendered":"Cours"},"content":{"rendered":"<div id=\"yui_3_18_1_1_1773671426449_14\" class=\"info\">\n<h3 id=\"yui_3_18_1_1_1773671426449_13\" class=\"coursename\"><a id=\"yui_3_18_1_1_1773671426449_12\" class=\"aalink\" href=\"https:\/\/moodle.umons.ac.be\/course\/view.php?id=4876\">Services \u00e9cosyst\u00e9miques comme approche territoriale<\/a><\/h3>\n<div class=\"moreinfo\"><\/div>\n<\/div>\n<div class=\"content\">\n<div class=\"d-flex\">\n<div class=\"courseimage\"><span style=\"font-size: 14px;\">Le cours propose d\u2019approcher un territoire par le prisme des \u00e9cosyst\u00e8mes et de leur capacit\u00e9 \u00e0 produire des services pour r\u00e9pondre aux \u00e9quilibres naturels et aux besoins fondamentaux que demande le projet humain. En analysant les services actuellement fournis par une vall\u00e9e semi-rurale qui sert d\u2019exemple aux deux AA de l\u2019UE, les \u00e9tudiants pourront explorer, d\u00e9battre et g\u00e9n\u00e9rer des id\u00e9es pour proposer un projet qui pose une vision sur le bien-\u00eatre humain en utilisant l\u2019espace public comme levier d\u2019action. La notion de SES est une bonne mani\u00e8re de fournir aux \u00e9tudiants un vocable qui leur permet d&rsquo;aborder\/appr\u00e9hender de mani\u00e8re commune et avec un m\u00eame vocabulaire une s\u00e9rie d&rsquo;enjeux li\u00e9s \u00e0 la capacit\u00e9 des \u00e9cosyst\u00e8mes \u00e0 fournir des services d&rsquo;approvisionnement (nourriture, bois, \u00e9nergie, &#8230;), des services de r\u00e9gulation (lutte contre les inondations, pollinisation, stockage de carbone, &#8230;), et des services culturels (sant\u00e9\/bien \u00eatre, harmonie, paysages, valeur patrimoniale, &#8230;) dans l\u2019optique de \u2018m\u00e9nager\u2019 le territoire en axant le projet sur la priorisation de certains services.<\/span><\/div>\n<div class=\"flex-grow-1\">\n<ul class=\"teachers\">\n<li><span class=\"font-weight-bold\">Co-titulaire:\u00a0<\/span><a href=\"https:\/\/moodle.umons.ac.be\/user\/profile.php?id=37464\">Yves HUBERT<\/a><\/li>\n<li><span class=\"font-weight-bold\">Co-titulaire:\u00a0<\/span><a href=\"https:\/\/moodle.umons.ac.be\/user\/profile.php?id=38645\">Marie PAIRON<\/a><\/li>\n<li>\n<hr \/>\n<\/li>\n<\/ul>\n<\/div>\n<\/div>\n<\/div>\n","protected":false},"excerpt":{"rendered":"<p>Services \u00e9cosyst\u00e9miques comme approche territoriale Le cours propose d\u2019approcher un territoire par le prisme des \u00e9cosyst\u00e8mes et de leur capacit\u00e9 \u00e0 produire des services pour r\u00e9pondre aux \u00e9quilibres naturels et aux besoins fondamentaux que demande le projet humain. En analysant les services actuellement fournis par une vall\u00e9e semi-rurale qui sert d\u2019exemple aux deux AA de [&hellip;]<\/p>\n","protected":false},"author":2,"featured_media":0,"parent":11,"menu_order":0,"comment_status":"closed","ping_status":"closed","template":"","meta":{"footnotes":""},"class_list":["post-90","page","type-page","status-publish","hentry"],"yoast_head":"<!-- This site is optimized with the Yoast SEO plugin v27.2 - https:\/\/yoast.com\/product\/yoast-seo-wordpress\/ -->\n<title>Cours - Service \/ FAU - (A)M\u00e9nagement des Territoires<\/title>\n<meta name=\"robots\" content=\"index, follow, max-snippet:-1, max-image-preview:large, max-video-preview:-1\" \/>\n<link rel=\"canonical\" href=\"https:\/\/web.umons.ac.be\/amte\/fr\/activites-denseignement\/cours\/\" \/>\n<meta property=\"og:locale\" content=\"fr_FR\" \/>\n<meta property=\"og:type\" content=\"article\" \/>\n<meta property=\"og:title\" content=\"Cours - Service \/ FAU - (A)M\u00e9nagement des Territoires\" \/>\n<meta property=\"og:description\" content=\"Services \u00e9cosyst\u00e9miques comme approche territoriale Le cours propose d\u2019approcher un territoire par le prisme des \u00e9cosyst\u00e8mes et de leur capacit\u00e9 \u00e0 produire des services pour r\u00e9pondre aux \u00e9quilibres naturels et aux besoins fondamentaux que demande le projet humain. En analysant les services actuellement fournis par une vall\u00e9e semi-rurale qui sert d\u2019exemple aux deux AA de [&hellip;]\" \/>\n<meta property=\"og:url\" content=\"https:\/\/web.umons.ac.be\/amte\/fr\/activites-denseignement\/cours\/\" \/>\n<meta property=\"og:site_name\" content=\"Service \/ FAU - (A)M\u00e9nagement des Territoires\" \/>\n<meta property=\"article:modified_time\" content=\"2026-03-16T14:32:06+00:00\" \/>\n<meta name=\"twitter:card\" content=\"summary_large_image\" \/>\n<meta name=\"twitter:label1\" content=\"Dur\u00e9e de lecture estim\u00e9e\" \/>\n\t<meta name=\"twitter:data1\" content=\"1 minute\" \/>\n<script type=\"application\/ld+json\" class=\"yoast-schema-graph\">{\"@context\":\"https:\/\/schema.org\",\"@graph\":[{\"@type\":\"WebPage\",\"@id\":\"https:\/\/web.umons.ac.be\/amte\/fr\/activites-denseignement\/cours\/\",\"url\":\"https:\/\/web.umons.ac.be\/amte\/fr\/activites-denseignement\/cours\/\",\"name\":\"Cours - Service \/ FAU - (A)M\u00e9nagement des Territoires\",\"isPartOf\":{\"@id\":\"https:\/\/web.umons.ac.be\/amte\/#website\"},\"datePublished\":\"2026-03-13T14:08:38+00:00\",\"dateModified\":\"2026-03-16T14:32:06+00:00\",\"breadcrumb\":{\"@id\":\"https:\/\/web.umons.ac.be\/amte\/fr\/activites-denseignement\/cours\/#breadcrumb\"},\"inLanguage\":\"fr-FR\",\"potentialAction\":[{\"@type\":\"ReadAction\",\"target\":[\"https:\/\/web.umons.ac.be\/amte\/fr\/activites-denseignement\/cours\/\"]}]},{\"@type\":\"BreadcrumbList\",\"@id\":\"https:\/\/web.umons.ac.be\/amte\/fr\/activites-denseignement\/cours\/#breadcrumb\",\"itemListElement\":[{\"@type\":\"ListItem\",\"position\":1,\"name\":\"Accueil\",\"item\":\"https:\/\/web.umons.ac.be\/amte\/fr\/\"},{\"@type\":\"ListItem\",\"position\":2,\"name\":\"Activit\u00e9s d&rsquo;enseignement\",\"item\":\"https:\/\/web.umons.ac.be\/amte\/fr\/activites-denseignement\/\"},{\"@type\":\"ListItem\",\"position\":3,\"name\":\"Cours\"}]},{\"@type\":\"WebSite\",\"@id\":\"https:\/\/web.umons.ac.be\/amte\/#website\",\"url\":\"https:\/\/web.umons.ac.be\/amte\/\",\"name\":\"Service \/ FAU - (A)M\u00e9nagement des Territoires\",\"description\":\"\",\"potentialAction\":[{\"@type\":\"SearchAction\",\"target\":{\"@type\":\"EntryPoint\",\"urlTemplate\":\"https:\/\/web.umons.ac.be\/amte\/?s={search_term_string}\"},\"query-input\":{\"@type\":\"PropertyValueSpecification\",\"valueRequired\":true,\"valueName\":\"search_term_string\"}}],\"inLanguage\":\"fr-FR\"}]}<\/script>\n<!-- \/ Yoast SEO plugin. -->","yoast_head_json":{"title":"Cours - Service \/ FAU - (A)M\u00e9nagement des Territoires","robots":{"index":"index","follow":"follow","max-snippet":"max-snippet:-1","max-image-preview":"max-image-preview:large","max-video-preview":"max-video-preview:-1"},"canonical":"https:\/\/web.umons.ac.be\/amte\/fr\/activites-denseignement\/cours\/","og_locale":"fr_FR","og_type":"article","og_title":"Cours - Service \/ FAU - (A)M\u00e9nagement des Territoires","og_description":"Services \u00e9cosyst\u00e9miques comme approche territoriale Le cours propose d\u2019approcher un territoire par le prisme des \u00e9cosyst\u00e8mes et de leur capacit\u00e9 \u00e0 produire des services pour r\u00e9pondre aux \u00e9quilibres naturels et aux besoins fondamentaux que demande le projet humain. En analysant les services actuellement fournis par une vall\u00e9e semi-rurale qui sert d\u2019exemple aux deux AA de [&hellip;]","og_url":"https:\/\/web.umons.ac.be\/amte\/fr\/activites-denseignement\/cours\/","og_site_name":"Service \/ FAU - (A)M\u00e9nagement des Territoires","article_modified_time":"2026-03-16T14:32:06+00:00","twitter_card":"summary_large_image","twitter_misc":{"Dur\u00e9e de lecture estim\u00e9e":"1 minute"},"schema":{"@context":"https:\/\/schema.org","@graph":[{"@type":"WebPage","@id":"https:\/\/web.umons.ac.be\/amte\/fr\/activites-denseignement\/cours\/","url":"https:\/\/web.umons.ac.be\/amte\/fr\/activites-denseignement\/cours\/","name":"Cours - Service \/ FAU - (A)M\u00e9nagement des Territoires","isPartOf":{"@id":"https:\/\/web.umons.ac.be\/amte\/#website"},"datePublished":"2026-03-13T14:08:38+00:00","dateModified":"2026-03-16T14:32:06+00:00","breadcrumb":{"@id":"https:\/\/web.umons.ac.be\/amte\/fr\/activites-denseignement\/cours\/#breadcrumb"},"inLanguage":"fr-FR","potentialAction":[{"@type":"ReadAction","target":["https:\/\/web.umons.ac.be\/amte\/fr\/activites-denseignement\/cours\/"]}]},{"@type":"BreadcrumbList","@id":"https:\/\/web.umons.ac.be\/amte\/fr\/activites-denseignement\/cours\/#breadcrumb","itemListElement":[{"@type":"ListItem","position":1,"name":"Accueil","item":"https:\/\/web.umons.ac.be\/amte\/fr\/"},{"@type":"ListItem","position":2,"name":"Activit\u00e9s d&rsquo;enseignement","item":"https:\/\/web.umons.ac.be\/amte\/fr\/activites-denseignement\/"},{"@type":"ListItem","position":3,"name":"Cours"}]},{"@type":"WebSite","@id":"https:\/\/web.umons.ac.be\/amte\/#website","url":"https:\/\/web.umons.ac.be\/amte\/","name":"Service \/ FAU - (A)M\u00e9nagement des Territoires","description":"","potentialAction":[{"@type":"SearchAction","target":{"@type":"EntryPoint","urlTemplate":"https:\/\/web.umons.ac.be\/amte\/?s={search_term_string}"},"query-input":{"@type":"PropertyValueSpecification","valueRequired":true,"valueName":"search_term_string"}}],"inLanguage":"fr-FR"}]}},"lang":"fr","translations":{"fr":90},"pll_sync_post":[],"_links":{"self":[{"href":"https:\/\/web.umons.ac.be\/amte\/wp-json\/wp\/v2\/pages\/90","targetHints":{"allow":["GET"]}}],"collection":[{"href":"https:\/\/web.umons.ac.be\/amte\/wp-json\/wp\/v2\/pages"}],"about":[{"href":"https:\/\/web.umons.ac.be\/amte\/wp-json\/wp\/v2\/types\/page"}],"author":[{"embeddable":true,"href":"https:\/\/web.umons.ac.be\/amte\/wp-json\/wp\/v2\/users\/2"}],"replies":[{"embeddable":true,"href":"https:\/\/web.umons.ac.be\/amte\/wp-json\/wp\/v2\/comments?post=90"}],"version-history":[{"count":2,"href":"https:\/\/web.umons.ac.be\/amte\/wp-json\/wp\/v2\/pages\/90\/revisions"}],"predecessor-version":[{"id":120,"href":"https:\/\/web.umons.ac.be\/amte\/wp-json\/wp\/v2\/pages\/90\/revisions\/120"}],"up":[{"embeddable":true,"href":"https:\/\/web.umons.ac.be\/amte\/wp-json\/wp\/v2\/pages\/11"}],"wp:attachment":[{"href":"https:\/\/web.umons.ac.be\/amte\/wp-json\/wp\/v2\/media?parent=90"}],"curies":[{"name":"wp","href":"https:\/\/api.w.org\/{rel}","templated":true}]}}