{"id":11,"date":"2021-11-22T15:39:41","date_gmt":"2021-11-22T14:39:41","guid":{"rendered":"https:\/\/web.umons.ac.be\/anph\/activites-denseignement\/"},"modified":"2021-11-22T15:55:03","modified_gmt":"2021-11-22T14:55:03","slug":"activites-denseignement","status":"publish","type":"page","link":"https:\/\/web.umons.ac.be\/anph\/activites-denseignement\/","title":{"rendered":"Activit\u00e9s d&rsquo;enseignement"},"content":{"rendered":"<ul>\n<li>Pharmaceutical Research (CLIL course)<\/li>\n<li>Analyse pharmaceutique appliqu\u00e9e<\/li>\n<li>Analyse instrumentale<\/li>\n<li>Analyse instrumentale pharmaceutique<\/li>\n<li>Bioanalyse<\/li>\n<li>Chimie analytique quantitative<\/li>\n<li>Chimie analytique quantitative et qualitative<\/li>\n<li>Etude des m\u00e9dicaments inorganiques<\/li>\n<li>Introduction \u00e0 la connaissance du m\u00e9dicament<\/li>\n<li>Introduction \u00e0 la pratique officinale<\/li>\n<li>Lab on a chip<\/li>\n<li>Principes physico-chimiques appliqu\u00e9s \u00e0 la technologie pharmaceutique<\/li>\n<\/ul>\n","protected":false},"excerpt":{"rendered":"<p>Pharmaceutical Research (CLIL course) Analyse pharmaceutique appliqu\u00e9e Analyse instrumentale Analyse instrumentale pharmaceutique Bioanalyse Chimie analytique quantitative Chimie analytique quantitative et qualitative Etude des m\u00e9dicaments inorganiques Introduction \u00e0 la connaissance du m\u00e9dicament Introduction \u00e0 la pratique officinale Lab on a chip Principes physico-chimiques appliqu\u00e9s \u00e0 la technologie pharmaceutique<\/p>\n","protected":false},"author":4,"featured_media":0,"parent":0,"menu_order":0,"comment_status":"closed","ping_status":"closed","template":"","meta":{"footnotes":""},"class_list":["post-11","page","type-page","status-publish","hentry"],"yoast_head":"<!-- This site is optimized with the Yoast SEO plugin v27.2 - https:\/\/yoast.com\/product\/yoast-seo-wordpress\/ -->\n<title>Activit\u00e9s d&#039;enseignement - Service \/ FMPB - Analyse pharmaceutique<\/title>\n<meta name=\"robots\" content=\"index, follow, max-snippet:-1, max-image-preview:large, max-video-preview:-1\" \/>\n<link rel=\"canonical\" href=\"https:\/\/web.umons.ac.be\/anph\/activites-denseignement\/\" \/>\n<meta property=\"og:locale\" content=\"fr_FR\" \/>\n<meta property=\"og:type\" content=\"article\" \/>\n<meta property=\"og:title\" content=\"Activit\u00e9s d&#039;enseignement - Service \/ FMPB - Analyse pharmaceutique\" \/>\n<meta property=\"og:description\" content=\"Pharmaceutical Research (CLIL course) Analyse pharmaceutique appliqu\u00e9e Analyse instrumentale Analyse instrumentale pharmaceutique Bioanalyse Chimie analytique quantitative Chimie analytique quantitative et qualitative Etude des m\u00e9dicaments inorganiques Introduction \u00e0 la connaissance du m\u00e9dicament Introduction \u00e0 la pratique officinale Lab on a chip Principes physico-chimiques appliqu\u00e9s \u00e0 la technologie pharmaceutique\" \/>\n<meta property=\"og:url\" content=\"https:\/\/web.umons.ac.be\/anph\/activites-denseignement\/\" \/>\n<meta property=\"og:site_name\" content=\"Service \/ FMPB - Analyse pharmaceutique\" \/>\n<meta property=\"article:modified_time\" content=\"2021-11-22T14:55:03+00:00\" \/>\n<meta name=\"twitter:card\" content=\"summary_large_image\" \/>\n<meta name=\"twitter:label1\" content=\"Dur\u00e9e de lecture estim\u00e9e\" \/>\n\t<meta name=\"twitter:data1\" content=\"1 minute\" \/>\n<script type=\"application\/ld+json\" class=\"yoast-schema-graph\">{\"@context\":\"https:\/\/schema.org\",\"@graph\":[{\"@type\":\"WebPage\",\"@id\":\"https:\/\/web.umons.ac.be\/anph\/activites-denseignement\/\",\"url\":\"https:\/\/web.umons.ac.be\/anph\/activites-denseignement\/\",\"name\":\"Activit\u00e9s d'enseignement - Service \/ FMPB - Analyse pharmaceutique\",\"isPartOf\":{\"@id\":\"https:\/\/web.umons.ac.be\/anph\/#website\"},\"datePublished\":\"2021-11-22T14:39:41+00:00\",\"dateModified\":\"2021-11-22T14:55:03+00:00\",\"breadcrumb\":{\"@id\":\"https:\/\/web.umons.ac.be\/anph\/activites-denseignement\/#breadcrumb\"},\"inLanguage\":\"fr-FR\",\"potentialAction\":[{\"@type\":\"ReadAction\",\"target\":[\"https:\/\/web.umons.ac.be\/anph\/activites-denseignement\/\"]}]},{\"@type\":\"BreadcrumbList\",\"@id\":\"https:\/\/web.umons.ac.be\/anph\/activites-denseignement\/#breadcrumb\",\"itemListElement\":[{\"@type\":\"ListItem\",\"position\":1,\"name\":\"Home\",\"item\":\"https:\/\/web.umons.ac.be\/anph\/\"},{\"@type\":\"ListItem\",\"position\":2,\"name\":\"Activit\u00e9s d&rsquo;enseignement\"}]},{\"@type\":\"WebSite\",\"@id\":\"https:\/\/web.umons.ac.be\/anph\/#website\",\"url\":\"https:\/\/web.umons.ac.be\/anph\/\",\"name\":\"Service \/ FMPB - Analyse pharmaceutique\",\"description\":\"\",\"potentialAction\":[{\"@type\":\"SearchAction\",\"target\":{\"@type\":\"EntryPoint\",\"urlTemplate\":\"https:\/\/web.umons.ac.be\/anph\/?s={search_term_string}\"},\"query-input\":{\"@type\":\"PropertyValueSpecification\",\"valueRequired\":true,\"valueName\":\"search_term_string\"}}],\"inLanguage\":\"fr-FR\"}]}<\/script>\n<!-- \/ Yoast SEO plugin. -->","yoast_head_json":{"title":"Activit\u00e9s d'enseignement - Service \/ FMPB - Analyse pharmaceutique","robots":{"index":"index","follow":"follow","max-snippet":"max-snippet:-1","max-image-preview":"max-image-preview:large","max-video-preview":"max-video-preview:-1"},"canonical":"https:\/\/web.umons.ac.be\/anph\/activites-denseignement\/","og_locale":"fr_FR","og_type":"article","og_title":"Activit\u00e9s d'enseignement - Service \/ FMPB - Analyse pharmaceutique","og_description":"Pharmaceutical Research (CLIL course) Analyse pharmaceutique appliqu\u00e9e Analyse instrumentale Analyse instrumentale pharmaceutique Bioanalyse Chimie analytique quantitative Chimie analytique quantitative et qualitative Etude des m\u00e9dicaments inorganiques Introduction \u00e0 la connaissance du m\u00e9dicament Introduction \u00e0 la pratique officinale Lab on a chip Principes physico-chimiques appliqu\u00e9s \u00e0 la technologie pharmaceutique","og_url":"https:\/\/web.umons.ac.be\/anph\/activites-denseignement\/","og_site_name":"Service \/ FMPB - Analyse pharmaceutique","article_modified_time":"2021-11-22T14:55:03+00:00","twitter_card":"summary_large_image","twitter_misc":{"Dur\u00e9e de lecture estim\u00e9e":"1 minute"},"schema":{"@context":"https:\/\/schema.org","@graph":[{"@type":"WebPage","@id":"https:\/\/web.umons.ac.be\/anph\/activites-denseignement\/","url":"https:\/\/web.umons.ac.be\/anph\/activites-denseignement\/","name":"Activit\u00e9s d'enseignement - Service \/ FMPB - Analyse pharmaceutique","isPartOf":{"@id":"https:\/\/web.umons.ac.be\/anph\/#website"},"datePublished":"2021-11-22T14:39:41+00:00","dateModified":"2021-11-22T14:55:03+00:00","breadcrumb":{"@id":"https:\/\/web.umons.ac.be\/anph\/activites-denseignement\/#breadcrumb"},"inLanguage":"fr-FR","potentialAction":[{"@type":"ReadAction","target":["https:\/\/web.umons.ac.be\/anph\/activites-denseignement\/"]}]},{"@type":"BreadcrumbList","@id":"https:\/\/web.umons.ac.be\/anph\/activites-denseignement\/#breadcrumb","itemListElement":[{"@type":"ListItem","position":1,"name":"Home","item":"https:\/\/web.umons.ac.be\/anph\/"},{"@type":"ListItem","position":2,"name":"Activit\u00e9s d&rsquo;enseignement"}]},{"@type":"WebSite","@id":"https:\/\/web.umons.ac.be\/anph\/#website","url":"https:\/\/web.umons.ac.be\/anph\/","name":"Service \/ FMPB - Analyse pharmaceutique","description":"","potentialAction":[{"@type":"SearchAction","target":{"@type":"EntryPoint","urlTemplate":"https:\/\/web.umons.ac.be\/anph\/?s={search_term_string}"},"query-input":{"@type":"PropertyValueSpecification","valueRequired":true,"valueName":"search_term_string"}}],"inLanguage":"fr-FR"}]}},"lang":"fr","translations":{"fr":11,"en":13},"pll_sync_post":[],"_links":{"self":[{"href":"https:\/\/web.umons.ac.be\/anph\/wp-json\/wp\/v2\/pages\/11","targetHints":{"allow":["GET"]}}],"collection":[{"href":"https:\/\/web.umons.ac.be\/anph\/wp-json\/wp\/v2\/pages"}],"about":[{"href":"https:\/\/web.umons.ac.be\/anph\/wp-json\/wp\/v2\/types\/page"}],"author":[{"embeddable":true,"href":"https:\/\/web.umons.ac.be\/anph\/wp-json\/wp\/v2\/users\/4"}],"replies":[{"embeddable":true,"href":"https:\/\/web.umons.ac.be\/anph\/wp-json\/wp\/v2\/comments?post=11"}],"version-history":[{"count":2,"href":"https:\/\/web.umons.ac.be\/anph\/wp-json\/wp\/v2\/pages\/11\/revisions"}],"predecessor-version":[{"id":59,"href":"https:\/\/web.umons.ac.be\/anph\/wp-json\/wp\/v2\/pages\/11\/revisions\/59"}],"wp:attachment":[{"href":"https:\/\/web.umons.ac.be\/anph\/wp-json\/wp\/v2\/media?parent=11"}],"curies":[{"name":"wp","href":"https:\/\/api.w.org\/{rel}","templated":true}]}}