{"id":11,"date":"2021-11-26T09:19:17","date_gmt":"2021-11-26T08:19:17","guid":{"rendered":"https:\/\/web.umons.ac.be\/archi\/activites-denseignement\/"},"modified":"2021-11-26T09:31:50","modified_gmt":"2021-11-26T08:31:50","slug":"activites-denseignement","status":"publish","type":"page","link":"https:\/\/web.umons.ac.be\/archi\/activites-denseignement\/","title":{"rendered":"Activit\u00e9s d&rsquo;enseignement"},"content":{"rendered":"<ul>\n<li>Design Industriel<\/li>\n<li>Architectonique des structures<\/li>\n<li>Architectonique et technologie du gros oeuvre<\/li>\n<li>Architectonique et technologie du second oeuvre<\/li>\n<li>Communication Graphique<\/li>\n<li>Composition architecturale 1<\/li>\n<li>Coordination et gestion des projets et chantiers d&rsquo;architecture<\/li>\n<li>Cr\u00e9er dans le cr\u00e9\u00e9<\/li>\n<li>Etudes sanitaires et diagnostiques approfondies<\/li>\n<li>Histoire de l&rsquo;architecture<\/li>\n<li>Interventions dans l&rsquo;existant<\/li>\n<li>Introduction \u00e0 l&rsquo;architectonique<\/li>\n<li>L\u00e9gislation du b\u00e2timent et de l&rsquo;urbanisme<\/li>\n<li>Notes d&rsquo;Information Techniques (CSTC)<\/li>\n<li>Projet d&rsquo;architecture 1<\/li>\n<li>Projet d&rsquo;architecture 2<\/li>\n<li>Projet d&rsquo;architecture 3 &#8211; Habitat individuel<\/li>\n<li>Projet d&rsquo;architecture 4 &#8211; Habitat Collectif<\/li>\n<li>Projet d&rsquo;architecture 5 &#8211; Immeuble de bureaux<\/li>\n<li>Projet d&rsquo;architecture 6 &#8211; Composer dans l&rsquo;existant<\/li>\n<li>Projet d&rsquo;architecture 7 &#8211; APS \u00e9chelle de la ville<\/li>\n<li>Projet d&rsquo;architecture 7 &#8211; Grand projet<\/li>\n<li>Projet d&rsquo;architecture 8 &#8211; APD \u00e9chelle d&rsquo;ex\u00e9cution<\/li>\n<li>Symptomatologie et anamn\u00e8se<\/li>\n<li>Technique d&rsquo;interventions<\/li>\n<\/ul>\n","protected":false},"excerpt":{"rendered":"<p>Design Industriel Architectonique des structures Architectonique et technologie du gros oeuvre Architectonique et technologie du second oeuvre Communication Graphique Composition architecturale 1 Coordination et gestion des projets et chantiers d&rsquo;architecture Cr\u00e9er dans le cr\u00e9\u00e9 Etudes sanitaires et diagnostiques approfondies Histoire de l&rsquo;architecture Interventions dans l&rsquo;existant Introduction \u00e0 l&rsquo;architectonique L\u00e9gislation du b\u00e2timent et de l&rsquo;urbanisme Notes [&hellip;]<\/p>\n","protected":false},"author":4,"featured_media":0,"parent":0,"menu_order":0,"comment_status":"closed","ping_status":"closed","template":"","meta":{"footnotes":""},"class_list":["post-11","page","type-page","status-publish","hentry"],"yoast_head":"<!-- This site is optimized with the Yoast SEO plugin v27.2 - https:\/\/yoast.com\/product\/yoast-seo-wordpress\/ -->\n<title>Activit\u00e9s d&#039;enseignement - Service \/ FPMS - G\u00e9nie Architectural et Urbain<\/title>\n<meta name=\"robots\" content=\"index, follow, max-snippet:-1, max-image-preview:large, max-video-preview:-1\" \/>\n<link rel=\"canonical\" href=\"https:\/\/web.umons.ac.be\/archi\/activites-denseignement\/\" \/>\n<meta property=\"og:locale\" content=\"fr_FR\" \/>\n<meta property=\"og:type\" content=\"article\" \/>\n<meta property=\"og:title\" content=\"Activit\u00e9s d&#039;enseignement - Service \/ FPMS - G\u00e9nie Architectural et Urbain\" \/>\n<meta property=\"og:description\" content=\"Design Industriel Architectonique des structures Architectonique et technologie du gros oeuvre Architectonique et technologie du second oeuvre Communication Graphique Composition architecturale 1 Coordination et gestion des projets et chantiers d&rsquo;architecture Cr\u00e9er dans le cr\u00e9\u00e9 Etudes sanitaires et diagnostiques approfondies Histoire de l&rsquo;architecture Interventions dans l&rsquo;existant Introduction \u00e0 l&rsquo;architectonique L\u00e9gislation du b\u00e2timent et de l&rsquo;urbanisme Notes [&hellip;]\" \/>\n<meta property=\"og:url\" content=\"https:\/\/web.umons.ac.be\/archi\/activites-denseignement\/\" \/>\n<meta property=\"og:site_name\" content=\"Service \/ FPMS - G\u00e9nie Architectural et Urbain\" \/>\n<meta property=\"article:modified_time\" content=\"2021-11-26T08:31:50+00:00\" \/>\n<meta name=\"twitter:card\" content=\"summary_large_image\" \/>\n<meta name=\"twitter:label1\" content=\"Dur\u00e9e de lecture estim\u00e9e\" \/>\n\t<meta name=\"twitter:data1\" content=\"1 minute\" \/>\n<script type=\"application\/ld+json\" class=\"yoast-schema-graph\">{\"@context\":\"https:\/\/schema.org\",\"@graph\":[{\"@type\":\"WebPage\",\"@id\":\"https:\/\/web.umons.ac.be\/archi\/activites-denseignement\/\",\"url\":\"https:\/\/web.umons.ac.be\/archi\/activites-denseignement\/\",\"name\":\"Activit\u00e9s d'enseignement - Service \/ FPMS - G\u00e9nie Architectural et Urbain\",\"isPartOf\":{\"@id\":\"https:\/\/web.umons.ac.be\/archi\/#website\"},\"datePublished\":\"2021-11-26T08:19:17+00:00\",\"dateModified\":\"2021-11-26T08:31:50+00:00\",\"breadcrumb\":{\"@id\":\"https:\/\/web.umons.ac.be\/archi\/activites-denseignement\/#breadcrumb\"},\"inLanguage\":\"fr-FR\",\"potentialAction\":[{\"@type\":\"ReadAction\",\"target\":[\"https:\/\/web.umons.ac.be\/archi\/activites-denseignement\/\"]}]},{\"@type\":\"BreadcrumbList\",\"@id\":\"https:\/\/web.umons.ac.be\/archi\/activites-denseignement\/#breadcrumb\",\"itemListElement\":[{\"@type\":\"ListItem\",\"position\":1,\"name\":\"Home\",\"item\":\"https:\/\/web.umons.ac.be\/archi\/\"},{\"@type\":\"ListItem\",\"position\":2,\"name\":\"Activit\u00e9s d&rsquo;enseignement\"}]},{\"@type\":\"WebSite\",\"@id\":\"https:\/\/web.umons.ac.be\/archi\/#website\",\"url\":\"https:\/\/web.umons.ac.be\/archi\/\",\"name\":\"Service \/ FPMS - G\u00e9nie Architectural et Urbain\",\"description\":\"\",\"potentialAction\":[{\"@type\":\"SearchAction\",\"target\":{\"@type\":\"EntryPoint\",\"urlTemplate\":\"https:\/\/web.umons.ac.be\/archi\/?s={search_term_string}\"},\"query-input\":{\"@type\":\"PropertyValueSpecification\",\"valueRequired\":true,\"valueName\":\"search_term_string\"}}],\"inLanguage\":\"fr-FR\"}]}<\/script>\n<!-- \/ Yoast SEO plugin. -->","yoast_head_json":{"title":"Activit\u00e9s d'enseignement - Service \/ FPMS - G\u00e9nie Architectural et Urbain","robots":{"index":"index","follow":"follow","max-snippet":"max-snippet:-1","max-image-preview":"max-image-preview:large","max-video-preview":"max-video-preview:-1"},"canonical":"https:\/\/web.umons.ac.be\/archi\/activites-denseignement\/","og_locale":"fr_FR","og_type":"article","og_title":"Activit\u00e9s d'enseignement - Service \/ FPMS - G\u00e9nie Architectural et Urbain","og_description":"Design Industriel Architectonique des structures Architectonique et technologie du gros oeuvre Architectonique et technologie du second oeuvre Communication Graphique Composition architecturale 1 Coordination et gestion des projets et chantiers d&rsquo;architecture Cr\u00e9er dans le cr\u00e9\u00e9 Etudes sanitaires et diagnostiques approfondies Histoire de l&rsquo;architecture Interventions dans l&rsquo;existant Introduction \u00e0 l&rsquo;architectonique L\u00e9gislation du b\u00e2timent et de l&rsquo;urbanisme Notes [&hellip;]","og_url":"https:\/\/web.umons.ac.be\/archi\/activites-denseignement\/","og_site_name":"Service \/ FPMS - G\u00e9nie Architectural et Urbain","article_modified_time":"2021-11-26T08:31:50+00:00","twitter_card":"summary_large_image","twitter_misc":{"Dur\u00e9e de lecture estim\u00e9e":"1 minute"},"schema":{"@context":"https:\/\/schema.org","@graph":[{"@type":"WebPage","@id":"https:\/\/web.umons.ac.be\/archi\/activites-denseignement\/","url":"https:\/\/web.umons.ac.be\/archi\/activites-denseignement\/","name":"Activit\u00e9s d'enseignement - Service \/ FPMS - G\u00e9nie Architectural et Urbain","isPartOf":{"@id":"https:\/\/web.umons.ac.be\/archi\/#website"},"datePublished":"2021-11-26T08:19:17+00:00","dateModified":"2021-11-26T08:31:50+00:00","breadcrumb":{"@id":"https:\/\/web.umons.ac.be\/archi\/activites-denseignement\/#breadcrumb"},"inLanguage":"fr-FR","potentialAction":[{"@type":"ReadAction","target":["https:\/\/web.umons.ac.be\/archi\/activites-denseignement\/"]}]},{"@type":"BreadcrumbList","@id":"https:\/\/web.umons.ac.be\/archi\/activites-denseignement\/#breadcrumb","itemListElement":[{"@type":"ListItem","position":1,"name":"Home","item":"https:\/\/web.umons.ac.be\/archi\/"},{"@type":"ListItem","position":2,"name":"Activit\u00e9s d&rsquo;enseignement"}]},{"@type":"WebSite","@id":"https:\/\/web.umons.ac.be\/archi\/#website","url":"https:\/\/web.umons.ac.be\/archi\/","name":"Service \/ FPMS - G\u00e9nie Architectural et Urbain","description":"","potentialAction":[{"@type":"SearchAction","target":{"@type":"EntryPoint","urlTemplate":"https:\/\/web.umons.ac.be\/archi\/?s={search_term_string}"},"query-input":{"@type":"PropertyValueSpecification","valueRequired":true,"valueName":"search_term_string"}}],"inLanguage":"fr-FR"}]}},"lang":"fr","translations":{"fr":11,"en":13},"pll_sync_post":[],"_links":{"self":[{"href":"https:\/\/web.umons.ac.be\/archi\/wp-json\/wp\/v2\/pages\/11","targetHints":{"allow":["GET"]}}],"collection":[{"href":"https:\/\/web.umons.ac.be\/archi\/wp-json\/wp\/v2\/pages"}],"about":[{"href":"https:\/\/web.umons.ac.be\/archi\/wp-json\/wp\/v2\/types\/page"}],"author":[{"embeddable":true,"href":"https:\/\/web.umons.ac.be\/archi\/wp-json\/wp\/v2\/users\/4"}],"replies":[{"embeddable":true,"href":"https:\/\/web.umons.ac.be\/archi\/wp-json\/wp\/v2\/comments?post=11"}],"version-history":[{"count":1,"href":"https:\/\/web.umons.ac.be\/archi\/wp-json\/wp\/v2\/pages\/11\/revisions"}],"predecessor-version":[{"id":50,"href":"https:\/\/web.umons.ac.be\/archi\/wp-json\/wp\/v2\/pages\/11\/revisions\/50"}],"wp:attachment":[{"href":"https:\/\/web.umons.ac.be\/archi\/wp-json\/wp\/v2\/media?parent=11"}],"curies":[{"name":"wp","href":"https:\/\/api.w.org\/{rel}","templated":true}]}}