{"id":186,"date":"2023-05-04T09:35:28","date_gmt":"2023-05-04T07:35:28","guid":{"rendered":"https:\/\/web.umons.ac.be\/archi\/?page_id=186"},"modified":"2023-05-04T13:31:52","modified_gmt":"2023-05-04T11:31:52","slug":"releves-par-drone","status":"publish","type":"page","link":"https:\/\/web.umons.ac.be\/archi\/activites-de-recherche\/releves-par-drone\/","title":{"rendered":"Relev\u00e9s par drone avec exploitation des donn\u00e9es"},"content":{"rendered":"<blockquote><p>Le d\u00e9partement d\u2019ing\u00e9nierie<br \/>\narchitecturale de la Facult\u00e9<br \/>\nPolytechnique de Mons est compos\u00e9<br \/>\nd\u2019experts architectes et ing\u00e9nieurs<br \/>\narchitectes experts dans les<br \/>\ndomaines de l\u2019architecture, de la<br \/>\nconstruction de l\u2019ing\u00e9nierie et du<br \/>\npatrimoine.<\/p><\/blockquote>\n<p>&nbsp;<\/p>\n<p><img loading=\"lazy\" decoding=\"async\" class=\"alignnone size-full wp-image-193\" src=\"https:\/\/web.umons.ac.be\/app\/uploads\/sites\/138\/2023\/05\/Drone_01.png\" alt=\"\" width=\"500\" height=\"375\" srcset=\"https:\/\/web.umons.ac.be\/app\/uploads\/sites\/138\/2023\/05\/Drone_01.png 500w, https:\/\/web.umons.ac.be\/app\/uploads\/sites\/138\/2023\/05\/Drone_01-300x225.png 300w, https:\/\/web.umons.ac.be\/app\/uploads\/sites\/138\/2023\/05\/Drone_01-30x23.png 30w, https:\/\/web.umons.ac.be\/app\/uploads\/sites\/138\/2023\/05\/Drone_01-60x45.png 60w, https:\/\/web.umons.ac.be\/app\/uploads\/sites\/138\/2023\/05\/Drone_01-360x270.png 360w\" sizes=\"auto, (max-width: 500px) 100vw, 500px\" \/><\/p>\n<p>&nbsp;<\/p>\n<h5><strong>Nos atouts<\/strong><\/h5>\n<p>&#8211; Une expertise de plus de 50 ans dans le domaine de l\u2019analyse du b\u00e2ti<br \/>\n&#8211; Une \u00e9quipe d\u2019experts architectes et ing\u00e9nieurs architectes<br \/>\n&#8211; Un contact direct avec ceux qui r\u00e9alisent le travail<br \/>\n&#8211; Une offre \u00e0 la carte<br \/>\n&#8211; Relev\u00e9s pr\u00e9cis gr\u00e2ce aux techniques de pointe<br \/>\n&#8211; Analyse des r\u00e9sultats selon votre demande<\/p>\n<p>&nbsp;<\/p>\n<h6><img loading=\"lazy\" decoding=\"async\" class=\"alignnone size-full wp-image-194\" src=\"https:\/\/web.umons.ac.be\/app\/uploads\/sites\/138\/2023\/05\/Drone_02.png\" alt=\"\" width=\"250\" height=\"248\" srcset=\"https:\/\/web.umons.ac.be\/app\/uploads\/sites\/138\/2023\/05\/Drone_02.png 250w, https:\/\/web.umons.ac.be\/app\/uploads\/sites\/138\/2023\/05\/Drone_02-150x150.png 150w, https:\/\/web.umons.ac.be\/app\/uploads\/sites\/138\/2023\/05\/Drone_02-30x30.png 30w, https:\/\/web.umons.ac.be\/app\/uploads\/sites\/138\/2023\/05\/Drone_02-80x80.png 80w, https:\/\/web.umons.ac.be\/app\/uploads\/sites\/138\/2023\/05\/Drone_02-60x60.png 60w\" sizes=\"auto, (max-width: 250px) 100vw, 250px\" \/> <span style=\"font-size: 8pt;\">Nuage de points 3D<\/span><\/h6>\n<p>&nbsp;<\/p>\n<h6><img loading=\"lazy\" decoding=\"async\" class=\"alignnone size-full wp-image-195\" src=\"https:\/\/web.umons.ac.be\/app\/uploads\/sites\/138\/2023\/05\/Drone_03.png\" alt=\"\" width=\"219\" height=\"250\" srcset=\"https:\/\/web.umons.ac.be\/app\/uploads\/sites\/138\/2023\/05\/Drone_03.png 219w, https:\/\/web.umons.ac.be\/app\/uploads\/sites\/138\/2023\/05\/Drone_03-30x34.png 30w, https:\/\/web.umons.ac.be\/app\/uploads\/sites\/138\/2023\/05\/Drone_03-53x60.png 53w\" sizes=\"auto, (max-width: 219px) 100vw, 219px\" \/><span style=\"font-size: 8pt;\">Mod\u00e8le 3D<\/span><\/h6>\n<p>&nbsp;<\/p>\n<h6><img loading=\"lazy\" decoding=\"async\" class=\"alignnone size-full wp-image-196\" src=\"https:\/\/web.umons.ac.be\/app\/uploads\/sites\/138\/2023\/05\/Drone_04.png\" alt=\"\" width=\"887\" height=\"150\" srcset=\"https:\/\/web.umons.ac.be\/app\/uploads\/sites\/138\/2023\/05\/Drone_04.png 887w, https:\/\/web.umons.ac.be\/app\/uploads\/sites\/138\/2023\/05\/Drone_04-300x51.png 300w, https:\/\/web.umons.ac.be\/app\/uploads\/sites\/138\/2023\/05\/Drone_04-768x130.png 768w, https:\/\/web.umons.ac.be\/app\/uploads\/sites\/138\/2023\/05\/Drone_04-30x5.png 30w, https:\/\/web.umons.ac.be\/app\/uploads\/sites\/138\/2023\/05\/Drone_04-60x10.png 60w, https:\/\/web.umons.ac.be\/app\/uploads\/sites\/138\/2023\/05\/Drone_04-360x61.png 360w\" sizes=\"auto, (max-width: 887px) 100vw, 887px\" \/><span style=\"font-size: 8pt;\">Coupe longitudinale Grille de largeur<\/span><\/h6>\n<p>&nbsp;<\/p>\n<h6><img loading=\"lazy\" decoding=\"async\" class=\"alignnone wp-image-197\" src=\"https:\/\/web.umons.ac.be\/app\/uploads\/sites\/138\/2023\/05\/Drone_05.png\" alt=\"\" width=\"887\" height=\"156\" srcset=\"https:\/\/web.umons.ac.be\/app\/uploads\/sites\/138\/2023\/05\/Drone_05.png 854w, https:\/\/web.umons.ac.be\/app\/uploads\/sites\/138\/2023\/05\/Drone_05-300x53.png 300w, https:\/\/web.umons.ac.be\/app\/uploads\/sites\/138\/2023\/05\/Drone_05-768x135.png 768w, https:\/\/web.umons.ac.be\/app\/uploads\/sites\/138\/2023\/05\/Drone_05-30x5.png 30w, https:\/\/web.umons.ac.be\/app\/uploads\/sites\/138\/2023\/05\/Drone_05-60x11.png 60w, https:\/\/web.umons.ac.be\/app\/uploads\/sites\/138\/2023\/05\/Drone_05-360x63.png 360w\" sizes=\"auto, (max-width: 887px) 100vw, 887px\" \/><span style=\"font-size: 8pt;\">Coupe longitudinale Grille de hauteur<\/span><\/h6>\n<p>&nbsp;<\/p>\n<h5>Principe de relev\u00e9 par drone<\/h5>\n<h6><img loading=\"lazy\" decoding=\"async\" class=\"alignnone size-full wp-image-200\" src=\"https:\/\/web.umons.ac.be\/app\/uploads\/sites\/138\/2023\/05\/Drone_06.png\" alt=\"\" width=\"250\" height=\"249\" srcset=\"https:\/\/web.umons.ac.be\/app\/uploads\/sites\/138\/2023\/05\/Drone_06.png 250w, https:\/\/web.umons.ac.be\/app\/uploads\/sites\/138\/2023\/05\/Drone_06-150x150.png 150w, https:\/\/web.umons.ac.be\/app\/uploads\/sites\/138\/2023\/05\/Drone_06-30x30.png 30w, https:\/\/web.umons.ac.be\/app\/uploads\/sites\/138\/2023\/05\/Drone_06-80x80.png 80w, https:\/\/web.umons.ac.be\/app\/uploads\/sites\/138\/2023\/05\/Drone_06-60x60.png 60w, https:\/\/web.umons.ac.be\/app\/uploads\/sites\/138\/2023\/05\/Drone_06-200x200.png 200w\" sizes=\"auto, (max-width: 250px) 100vw, 250px\" \/><span style=\"font-size: 8pt;\">\u00c9tape 1 &#8211; Prise de photos<\/span><\/h6>\n<p>&nbsp;<\/p>\n<h6><img loading=\"lazy\" decoding=\"async\" class=\"alignnone size-full wp-image-201\" src=\"https:\/\/web.umons.ac.be\/app\/uploads\/sites\/138\/2023\/05\/Drone_07.png\" alt=\"\" width=\"250\" height=\"248\" srcset=\"https:\/\/web.umons.ac.be\/app\/uploads\/sites\/138\/2023\/05\/Drone_07.png 250w, https:\/\/web.umons.ac.be\/app\/uploads\/sites\/138\/2023\/05\/Drone_07-150x150.png 150w, https:\/\/web.umons.ac.be\/app\/uploads\/sites\/138\/2023\/05\/Drone_07-30x30.png 30w, https:\/\/web.umons.ac.be\/app\/uploads\/sites\/138\/2023\/05\/Drone_07-80x80.png 80w, https:\/\/web.umons.ac.be\/app\/uploads\/sites\/138\/2023\/05\/Drone_07-60x60.png 60w\" sizes=\"auto, (max-width: 250px) 100vw, 250px\" \/><span style=\"font-size: 8pt;\">\u00c9tape 2 &#8211; Nuage de points 3D<\/span><\/h6>\n<p>&nbsp;<\/p>\n<h6><span style=\"font-size: 8pt;\"><img loading=\"lazy\" decoding=\"async\" class=\"alignnone size-full wp-image-202\" src=\"https:\/\/web.umons.ac.be\/app\/uploads\/sites\/138\/2023\/05\/Drone_08.png\" alt=\"\" width=\"250\" height=\"248\" srcset=\"https:\/\/web.umons.ac.be\/app\/uploads\/sites\/138\/2023\/05\/Drone_08.png 250w, https:\/\/web.umons.ac.be\/app\/uploads\/sites\/138\/2023\/05\/Drone_08-150x150.png 150w, https:\/\/web.umons.ac.be\/app\/uploads\/sites\/138\/2023\/05\/Drone_08-30x30.png 30w, https:\/\/web.umons.ac.be\/app\/uploads\/sites\/138\/2023\/05\/Drone_08-80x80.png 80w, https:\/\/web.umons.ac.be\/app\/uploads\/sites\/138\/2023\/05\/Drone_08-60x60.png 60w\" sizes=\"auto, (max-width: 250px) 100vw, 250px\" \/>\u00c9tape 3 &#8211; Rendu 3D automatique<\/span><\/h6>\n<h5><\/h5>\n<h5>Services<\/h5>\n<p>&#8211; Audit sanitaire<br \/>\n&#8211; Inspection<br \/>\n&#8211; Relev\u00e9 2D\/3D par drone<br \/>\n&#8211; Mesures a\u00e9riennes et m\u00e9tr\u00e9s<\/p>\n<h6><img loading=\"lazy\" decoding=\"async\" class=\"alignnone size-full wp-image-206\" src=\"https:\/\/web.umons.ac.be\/app\/uploads\/sites\/138\/2023\/05\/Drone_09.png\" alt=\"\" width=\"800\" height=\"172\" srcset=\"https:\/\/web.umons.ac.be\/app\/uploads\/sites\/138\/2023\/05\/Drone_09.png 800w, https:\/\/web.umons.ac.be\/app\/uploads\/sites\/138\/2023\/05\/Drone_09-300x65.png 300w, https:\/\/web.umons.ac.be\/app\/uploads\/sites\/138\/2023\/05\/Drone_09-768x165.png 768w, https:\/\/web.umons.ac.be\/app\/uploads\/sites\/138\/2023\/05\/Drone_09-30x6.png 30w, https:\/\/web.umons.ac.be\/app\/uploads\/sites\/138\/2023\/05\/Drone_09-60x13.png 60w, https:\/\/web.umons.ac.be\/app\/uploads\/sites\/138\/2023\/05\/Drone_09-360x77.png 360w\" sizes=\"auto, (max-width: 800px) 100vw, 800px\" \/><span style=\"font-size: 8pt;\">Orthophoto<\/span><\/h6>\n<p>&nbsp;<\/p>\n<h6><img loading=\"lazy\" decoding=\"async\" class=\"alignnone size-full wp-image-207\" src=\"https:\/\/web.umons.ac.be\/app\/uploads\/sites\/138\/2023\/05\/Drone_10.png\" alt=\"\" width=\"800\" height=\"147\" srcset=\"https:\/\/web.umons.ac.be\/app\/uploads\/sites\/138\/2023\/05\/Drone_10.png 800w, https:\/\/web.umons.ac.be\/app\/uploads\/sites\/138\/2023\/05\/Drone_10-300x55.png 300w, https:\/\/web.umons.ac.be\/app\/uploads\/sites\/138\/2023\/05\/Drone_10-768x141.png 768w, https:\/\/web.umons.ac.be\/app\/uploads\/sites\/138\/2023\/05\/Drone_10-30x6.png 30w, https:\/\/web.umons.ac.be\/app\/uploads\/sites\/138\/2023\/05\/Drone_10-60x11.png 60w, https:\/\/web.umons.ac.be\/app\/uploads\/sites\/138\/2023\/05\/Drone_10-360x66.png 360w\" sizes=\"auto, (max-width: 800px) 100vw, 800px\" \/><span style=\"font-size: 8pt;\">Plan<\/span><\/h6>\n<p>&nbsp;<\/p>\n<h5>Donn\u00e9es 2D\/3D trait\u00e9es selon vos besoins<\/h5>\n<p>&#8211; Fichier d\u2019images<br \/>\n&#8211; Fichiers de coordonn\u00e9es<br \/>\n&#8211; Fichier DWG<br \/>\n&#8211; Fichier OBJ<\/p>\n<h6><img loading=\"lazy\" decoding=\"async\" class=\"alignnone size-full wp-image-209\" src=\"https:\/\/web.umons.ac.be\/app\/uploads\/sites\/138\/2023\/05\/Drone_11.png\" alt=\"\" width=\"250\" height=\"250\" srcset=\"https:\/\/web.umons.ac.be\/app\/uploads\/sites\/138\/2023\/05\/Drone_11.png 250w, https:\/\/web.umons.ac.be\/app\/uploads\/sites\/138\/2023\/05\/Drone_11-150x150.png 150w, https:\/\/web.umons.ac.be\/app\/uploads\/sites\/138\/2023\/05\/Drone_11-30x30.png 30w, https:\/\/web.umons.ac.be\/app\/uploads\/sites\/138\/2023\/05\/Drone_11-80x80.png 80w, https:\/\/web.umons.ac.be\/app\/uploads\/sites\/138\/2023\/05\/Drone_11-60x60.png 60w, https:\/\/web.umons.ac.be\/app\/uploads\/sites\/138\/2023\/05\/Drone_11-200x200.png 200w\" sizes=\"auto, (max-width: 250px) 100vw, 250px\" \/><span style=\"font-size: 8pt;\">Mod\u00e8le 3D<\/span><\/h6>\n<p>&nbsp;<\/p>\n<h6><img loading=\"lazy\" decoding=\"async\" class=\"alignnone size-full wp-image-211\" src=\"https:\/\/web.umons.ac.be\/app\/uploads\/sites\/138\/2023\/05\/Drone_12.png\" alt=\"\" width=\"250\" height=\"248\" srcset=\"https:\/\/web.umons.ac.be\/app\/uploads\/sites\/138\/2023\/05\/Drone_12.png 250w, https:\/\/web.umons.ac.be\/app\/uploads\/sites\/138\/2023\/05\/Drone_12-150x150.png 150w, https:\/\/web.umons.ac.be\/app\/uploads\/sites\/138\/2023\/05\/Drone_12-30x30.png 30w, https:\/\/web.umons.ac.be\/app\/uploads\/sites\/138\/2023\/05\/Drone_12-80x80.png 80w, https:\/\/web.umons.ac.be\/app\/uploads\/sites\/138\/2023\/05\/Drone_12-60x60.png 60w\" sizes=\"auto, (max-width: 250px) 100vw, 250px\" \/><span style=\"font-size: 8pt;\">G\u00e9n\u00e9ration des courbes de niveau<\/span><\/h6>\n<p>&nbsp;<\/p>\n<h6><img loading=\"lazy\" decoding=\"async\" class=\"alignnone size-full wp-image-212\" src=\"https:\/\/web.umons.ac.be\/app\/uploads\/sites\/138\/2023\/05\/Drone_13.png\" alt=\"\" width=\"250\" height=\"250\" srcset=\"https:\/\/web.umons.ac.be\/app\/uploads\/sites\/138\/2023\/05\/Drone_13.png 250w, https:\/\/web.umons.ac.be\/app\/uploads\/sites\/138\/2023\/05\/Drone_13-150x150.png 150w, https:\/\/web.umons.ac.be\/app\/uploads\/sites\/138\/2023\/05\/Drone_13-30x30.png 30w, https:\/\/web.umons.ac.be\/app\/uploads\/sites\/138\/2023\/05\/Drone_13-80x80.png 80w, https:\/\/web.umons.ac.be\/app\/uploads\/sites\/138\/2023\/05\/Drone_13-60x60.png 60w, https:\/\/web.umons.ac.be\/app\/uploads\/sites\/138\/2023\/05\/Drone_13-200x200.png 200w\" sizes=\"auto, (max-width: 250px) 100vw, 250px\" \/><span style=\"font-size: 8pt;\">Implantation des plans du b\u00e2ti<\/span><\/h6>\n<p>&nbsp;<\/p>\n","protected":false},"excerpt":{"rendered":"<p>Le d\u00e9partement d\u2019ing\u00e9nierie architecturale de la Facult\u00e9 Polytechnique de Mons est compos\u00e9 d\u2019experts architectes et ing\u00e9nieurs architectes experts dans les domaines de l\u2019architecture, de la construction de l\u2019ing\u00e9nierie et du patrimoine. &nbsp; &nbsp; Nos atouts &#8211; Une expertise de plus de 50 ans dans le domaine de l\u2019analyse du b\u00e2ti &#8211; Une \u00e9quipe d\u2019experts architectes [&hellip;]<\/p>\n","protected":false},"author":207,"featured_media":0,"parent":15,"menu_order":0,"comment_status":"closed","ping_status":"closed","template":"","meta":{"footnotes":""},"class_list":["post-186","page","type-page","status-publish","hentry"],"yoast_head":"<!-- This site is optimized with the Yoast SEO plugin v27.2 - https:\/\/yoast.com\/product\/yoast-seo-wordpress\/ -->\n<title>Relev\u00e9s par drone avec exploitation des donn\u00e9es - Service \/ FPMS - G\u00e9nie Architectural et Urbain<\/title>\n<meta name=\"robots\" content=\"index, follow, max-snippet:-1, max-image-preview:large, max-video-preview:-1\" \/>\n<link rel=\"canonical\" href=\"https:\/\/web.umons.ac.be\/archi\/activites-de-recherche\/releves-par-drone\/\" \/>\n<meta property=\"og:locale\" content=\"fr_FR\" \/>\n<meta property=\"og:type\" content=\"article\" \/>\n<meta property=\"og:title\" content=\"Relev\u00e9s par drone avec exploitation des donn\u00e9es - Service \/ FPMS - G\u00e9nie Architectural et Urbain\" \/>\n<meta property=\"og:description\" content=\"Le d\u00e9partement d\u2019ing\u00e9nierie architecturale de la Facult\u00e9 Polytechnique de Mons est compos\u00e9 d\u2019experts architectes et ing\u00e9nieurs architectes experts dans les domaines de l\u2019architecture, de la construction de l\u2019ing\u00e9nierie et du patrimoine. &nbsp; &nbsp; Nos atouts &#8211; Une expertise de plus de 50 ans dans le domaine de l\u2019analyse du b\u00e2ti &#8211; Une \u00e9quipe d\u2019experts architectes [&hellip;]\" \/>\n<meta property=\"og:url\" content=\"https:\/\/web.umons.ac.be\/archi\/activites-de-recherche\/releves-par-drone\/\" \/>\n<meta property=\"og:site_name\" content=\"Service \/ FPMS - G\u00e9nie Architectural et Urbain\" \/>\n<meta property=\"article:modified_time\" content=\"2023-05-04T11:31:52+00:00\" \/>\n<meta property=\"og:image\" content=\"https:\/\/web.umons.ac.be\/app\/uploads\/sites\/138\/2023\/05\/Drone_01.png\" \/>\n<meta name=\"twitter:card\" content=\"summary_large_image\" \/>\n<meta name=\"twitter:label1\" content=\"Dur\u00e9e de lecture estim\u00e9e\" \/>\n\t<meta name=\"twitter:data1\" content=\"4 minutes\" \/>\n<script type=\"application\/ld+json\" class=\"yoast-schema-graph\">{\"@context\":\"https:\/\/schema.org\",\"@graph\":[{\"@type\":\"WebPage\",\"@id\":\"https:\/\/web.umons.ac.be\/archi\/activites-de-recherche\/releves-par-drone\/\",\"url\":\"https:\/\/web.umons.ac.be\/archi\/activites-de-recherche\/releves-par-drone\/\",\"name\":\"Relev\u00e9s par drone avec exploitation des donn\u00e9es - Service \/ FPMS - G\u00e9nie Architectural et Urbain\",\"isPartOf\":{\"@id\":\"https:\/\/web.umons.ac.be\/archi\/#website\"},\"primaryImageOfPage\":{\"@id\":\"https:\/\/web.umons.ac.be\/archi\/activites-de-recherche\/releves-par-drone\/#primaryimage\"},\"image\":{\"@id\":\"https:\/\/web.umons.ac.be\/archi\/activites-de-recherche\/releves-par-drone\/#primaryimage\"},\"thumbnailUrl\":\"https:\/\/web.umons.ac.be\/app\/uploads\/sites\/138\/2023\/05\/Drone_01.png\",\"datePublished\":\"2023-05-04T07:35:28+00:00\",\"dateModified\":\"2023-05-04T11:31:52+00:00\",\"breadcrumb\":{\"@id\":\"https:\/\/web.umons.ac.be\/archi\/activites-de-recherche\/releves-par-drone\/#breadcrumb\"},\"inLanguage\":\"fr-FR\",\"potentialAction\":[{\"@type\":\"ReadAction\",\"target\":[\"https:\/\/web.umons.ac.be\/archi\/activites-de-recherche\/releves-par-drone\/\"]}]},{\"@type\":\"ImageObject\",\"inLanguage\":\"fr-FR\",\"@id\":\"https:\/\/web.umons.ac.be\/archi\/activites-de-recherche\/releves-par-drone\/#primaryimage\",\"url\":\"https:\/\/web.umons.ac.be\/app\/uploads\/sites\/138\/2023\/05\/Drone_01.png\",\"contentUrl\":\"https:\/\/web.umons.ac.be\/app\/uploads\/sites\/138\/2023\/05\/Drone_01.png\"},{\"@type\":\"BreadcrumbList\",\"@id\":\"https:\/\/web.umons.ac.be\/archi\/activites-de-recherche\/releves-par-drone\/#breadcrumb\",\"itemListElement\":[{\"@type\":\"ListItem\",\"position\":1,\"name\":\"Home\",\"item\":\"https:\/\/web.umons.ac.be\/archi\/\"},{\"@type\":\"ListItem\",\"position\":2,\"name\":\"Activit\u00e9s de recherche\",\"item\":\"https:\/\/web.umons.ac.be\/archi\/activites-de-recherche\/\"},{\"@type\":\"ListItem\",\"position\":3,\"name\":\"Relev\u00e9s par drone avec exploitation des donn\u00e9es\"}]},{\"@type\":\"WebSite\",\"@id\":\"https:\/\/web.umons.ac.be\/archi\/#website\",\"url\":\"https:\/\/web.umons.ac.be\/archi\/\",\"name\":\"Service \/ FPMS - G\u00e9nie Architectural et Urbain\",\"description\":\"\",\"potentialAction\":[{\"@type\":\"SearchAction\",\"target\":{\"@type\":\"EntryPoint\",\"urlTemplate\":\"https:\/\/web.umons.ac.be\/archi\/?s={search_term_string}\"},\"query-input\":{\"@type\":\"PropertyValueSpecification\",\"valueRequired\":true,\"valueName\":\"search_term_string\"}}],\"inLanguage\":\"fr-FR\"}]}<\/script>\n<!-- \/ Yoast SEO plugin. -->","yoast_head_json":{"title":"Relev\u00e9s par drone avec exploitation des donn\u00e9es - Service \/ FPMS - G\u00e9nie Architectural et Urbain","robots":{"index":"index","follow":"follow","max-snippet":"max-snippet:-1","max-image-preview":"max-image-preview:large","max-video-preview":"max-video-preview:-1"},"canonical":"https:\/\/web.umons.ac.be\/archi\/activites-de-recherche\/releves-par-drone\/","og_locale":"fr_FR","og_type":"article","og_title":"Relev\u00e9s par drone avec exploitation des donn\u00e9es - Service \/ FPMS - G\u00e9nie Architectural et Urbain","og_description":"Le d\u00e9partement d\u2019ing\u00e9nierie architecturale de la Facult\u00e9 Polytechnique de Mons est compos\u00e9 d\u2019experts architectes et ing\u00e9nieurs architectes experts dans les domaines de l\u2019architecture, de la construction de l\u2019ing\u00e9nierie et du patrimoine. &nbsp; &nbsp; Nos atouts &#8211; Une expertise de plus de 50 ans dans le domaine de l\u2019analyse du b\u00e2ti &#8211; Une \u00e9quipe d\u2019experts architectes [&hellip;]","og_url":"https:\/\/web.umons.ac.be\/archi\/activites-de-recherche\/releves-par-drone\/","og_site_name":"Service \/ FPMS - G\u00e9nie Architectural et Urbain","article_modified_time":"2023-05-04T11:31:52+00:00","og_image":[{"url":"https:\/\/web.umons.ac.be\/app\/uploads\/sites\/138\/2023\/05\/Drone_01.png","type":"","width":"","height":""}],"twitter_card":"summary_large_image","twitter_misc":{"Dur\u00e9e de lecture estim\u00e9e":"4 minutes"},"schema":{"@context":"https:\/\/schema.org","@graph":[{"@type":"WebPage","@id":"https:\/\/web.umons.ac.be\/archi\/activites-de-recherche\/releves-par-drone\/","url":"https:\/\/web.umons.ac.be\/archi\/activites-de-recherche\/releves-par-drone\/","name":"Relev\u00e9s par drone avec exploitation des donn\u00e9es - Service \/ FPMS - G\u00e9nie Architectural et Urbain","isPartOf":{"@id":"https:\/\/web.umons.ac.be\/archi\/#website"},"primaryImageOfPage":{"@id":"https:\/\/web.umons.ac.be\/archi\/activites-de-recherche\/releves-par-drone\/#primaryimage"},"image":{"@id":"https:\/\/web.umons.ac.be\/archi\/activites-de-recherche\/releves-par-drone\/#primaryimage"},"thumbnailUrl":"https:\/\/web.umons.ac.be\/app\/uploads\/sites\/138\/2023\/05\/Drone_01.png","datePublished":"2023-05-04T07:35:28+00:00","dateModified":"2023-05-04T11:31:52+00:00","breadcrumb":{"@id":"https:\/\/web.umons.ac.be\/archi\/activites-de-recherche\/releves-par-drone\/#breadcrumb"},"inLanguage":"fr-FR","potentialAction":[{"@type":"ReadAction","target":["https:\/\/web.umons.ac.be\/archi\/activites-de-recherche\/releves-par-drone\/"]}]},{"@type":"ImageObject","inLanguage":"fr-FR","@id":"https:\/\/web.umons.ac.be\/archi\/activites-de-recherche\/releves-par-drone\/#primaryimage","url":"https:\/\/web.umons.ac.be\/app\/uploads\/sites\/138\/2023\/05\/Drone_01.png","contentUrl":"https:\/\/web.umons.ac.be\/app\/uploads\/sites\/138\/2023\/05\/Drone_01.png"},{"@type":"BreadcrumbList","@id":"https:\/\/web.umons.ac.be\/archi\/activites-de-recherche\/releves-par-drone\/#breadcrumb","itemListElement":[{"@type":"ListItem","position":1,"name":"Home","item":"https:\/\/web.umons.ac.be\/archi\/"},{"@type":"ListItem","position":2,"name":"Activit\u00e9s de recherche","item":"https:\/\/web.umons.ac.be\/archi\/activites-de-recherche\/"},{"@type":"ListItem","position":3,"name":"Relev\u00e9s par drone avec exploitation des donn\u00e9es"}]},{"@type":"WebSite","@id":"https:\/\/web.umons.ac.be\/archi\/#website","url":"https:\/\/web.umons.ac.be\/archi\/","name":"Service \/ FPMS - G\u00e9nie Architectural et Urbain","description":"","potentialAction":[{"@type":"SearchAction","target":{"@type":"EntryPoint","urlTemplate":"https:\/\/web.umons.ac.be\/archi\/?s={search_term_string}"},"query-input":{"@type":"PropertyValueSpecification","valueRequired":true,"valueName":"search_term_string"}}],"inLanguage":"fr-FR"}]}},"lang":"fr","translations":{"fr":186},"pll_sync_post":[],"_links":{"self":[{"href":"https:\/\/web.umons.ac.be\/archi\/wp-json\/wp\/v2\/pages\/186","targetHints":{"allow":["GET"]}}],"collection":[{"href":"https:\/\/web.umons.ac.be\/archi\/wp-json\/wp\/v2\/pages"}],"about":[{"href":"https:\/\/web.umons.ac.be\/archi\/wp-json\/wp\/v2\/types\/page"}],"author":[{"embeddable":true,"href":"https:\/\/web.umons.ac.be\/archi\/wp-json\/wp\/v2\/users\/207"}],"replies":[{"embeddable":true,"href":"https:\/\/web.umons.ac.be\/archi\/wp-json\/wp\/v2\/comments?post=186"}],"version-history":[{"count":3,"href":"https:\/\/web.umons.ac.be\/archi\/wp-json\/wp\/v2\/pages\/186\/revisions"}],"predecessor-version":[{"id":213,"href":"https:\/\/web.umons.ac.be\/archi\/wp-json\/wp\/v2\/pages\/186\/revisions\/213"}],"up":[{"embeddable":true,"href":"https:\/\/web.umons.ac.be\/archi\/wp-json\/wp\/v2\/pages\/15"}],"wp:attachment":[{"href":"https:\/\/web.umons.ac.be\/archi\/wp-json\/wp\/v2\/media?parent=186"}],"curies":[{"name":"wp","href":"https:\/\/api.w.org\/{rel}","templated":true}]}}