{"id":214,"date":"2023-05-04T13:36:54","date_gmt":"2023-05-04T11:36:54","guid":{"rendered":"https:\/\/web.umons.ac.be\/archi\/?page_id=214"},"modified":"2023-05-04T13:47:16","modified_gmt":"2023-05-04T11:47:16","slug":"tomographie-ultrasonique","status":"publish","type":"page","link":"https:\/\/web.umons.ac.be\/archi\/activites-de-recherche\/tomographie-ultrasonique\/","title":{"rendered":"Tomographie ultrasonique"},"content":{"rendered":"<blockquote><p>Le d\u00e9partement d\u2019ing\u00e9nierie<br \/>\narchitecturale de la Facult\u00e9<br \/>\nPolytechnique de Mons est compos\u00e9<br \/>\nd\u2019experts architectes et ing\u00e9nieurs<br \/>\narchitectes experts dans les<br \/>\ndomaines de l\u2019architecture, de la<br \/>\nconstruction de l\u2019ing\u00e9nierie et du<br \/>\npatrimoine.<\/p><\/blockquote>\n<p>&nbsp;<\/p>\n<p><img loading=\"lazy\" decoding=\"async\" class=\"alignnone size-full wp-image-215\" src=\"https:\/\/web.umons.ac.be\/app\/uploads\/sites\/138\/2023\/05\/Tomo_01.png\" alt=\"\" width=\"500\" height=\"496\" srcset=\"https:\/\/web.umons.ac.be\/app\/uploads\/sites\/138\/2023\/05\/Tomo_01.png 500w, https:\/\/web.umons.ac.be\/app\/uploads\/sites\/138\/2023\/05\/Tomo_01-300x298.png 300w, https:\/\/web.umons.ac.be\/app\/uploads\/sites\/138\/2023\/05\/Tomo_01-150x150.png 150w, https:\/\/web.umons.ac.be\/app\/uploads\/sites\/138\/2023\/05\/Tomo_01-30x30.png 30w, https:\/\/web.umons.ac.be\/app\/uploads\/sites\/138\/2023\/05\/Tomo_01-80x80.png 80w, https:\/\/web.umons.ac.be\/app\/uploads\/sites\/138\/2023\/05\/Tomo_01-60x60.png 60w, https:\/\/web.umons.ac.be\/app\/uploads\/sites\/138\/2023\/05\/Tomo_01-360x357.png 360w\" sizes=\"auto, (max-width: 500px) 100vw, 500px\" \/><\/p>\n<h5><\/h5>\n<p>&nbsp;<\/p>\n<h5>Imagerie structurelle, d\u00e9tection d\u2019objets et de d\u00e9fauts \u00e0 l\u2019aide de l\u2019\u00e9cho impulsionnel ultrasonore<\/h5>\n<p>&nbsp;<\/p>\n<h6><img loading=\"lazy\" decoding=\"async\" class=\"alignnone size-full wp-image-218\" src=\"https:\/\/web.umons.ac.be\/app\/uploads\/sites\/138\/2023\/05\/Tomo_02.png\" alt=\"\" width=\"500\" height=\"502\" srcset=\"https:\/\/web.umons.ac.be\/app\/uploads\/sites\/138\/2023\/05\/Tomo_02.png 500w, https:\/\/web.umons.ac.be\/app\/uploads\/sites\/138\/2023\/05\/Tomo_02-300x300.png 300w, https:\/\/web.umons.ac.be\/app\/uploads\/sites\/138\/2023\/05\/Tomo_02-150x150.png 150w, https:\/\/web.umons.ac.be\/app\/uploads\/sites\/138\/2023\/05\/Tomo_02-30x30.png 30w, https:\/\/web.umons.ac.be\/app\/uploads\/sites\/138\/2023\/05\/Tomo_02-80x80.png 80w, https:\/\/web.umons.ac.be\/app\/uploads\/sites\/138\/2023\/05\/Tomo_02-60x60.png 60w, https:\/\/web.umons.ac.be\/app\/uploads\/sites\/138\/2023\/05\/Tomo_02-360x361.png 360w, https:\/\/web.umons.ac.be\/app\/uploads\/sites\/138\/2023\/05\/Tomo_02-200x200.png 200w\" sizes=\"auto, (max-width: 500px) 100vw, 500px\" \/><span style=\"font-size: 8pt;\">R\u00e9sultat de 3 mesures ultrasoniques<\/span><\/h6>\n<p>&nbsp;<\/p>\n<h5>Cartographie des pathologies<\/h5>\n<p>&nbsp;<\/p>\n<h6><img loading=\"lazy\" decoding=\"async\" class=\"alignnone size-full wp-image-225\" src=\"https:\/\/web.umons.ac.be\/app\/uploads\/sites\/138\/2023\/05\/Tomo_03.png\" alt=\"\" width=\"500\" height=\"401\" srcset=\"https:\/\/web.umons.ac.be\/app\/uploads\/sites\/138\/2023\/05\/Tomo_03.png 500w, https:\/\/web.umons.ac.be\/app\/uploads\/sites\/138\/2023\/05\/Tomo_03-300x241.png 300w, https:\/\/web.umons.ac.be\/app\/uploads\/sites\/138\/2023\/05\/Tomo_03-30x24.png 30w, https:\/\/web.umons.ac.be\/app\/uploads\/sites\/138\/2023\/05\/Tomo_03-60x48.png 60w, https:\/\/web.umons.ac.be\/app\/uploads\/sites\/138\/2023\/05\/Tomo_03-360x289.png 360w\" sizes=\"auto, (max-width: 500px) 100vw, 500px\" \/><span style=\"font-size: 8pt;\">Mappage des pathologies<\/span><\/h6>\n<p>&nbsp;<\/p>\n<h6><img loading=\"lazy\" decoding=\"async\" class=\"alignnone size-full wp-image-222\" src=\"https:\/\/web.umons.ac.be\/app\/uploads\/sites\/138\/2023\/05\/Tomo_04.png\" alt=\"\" width=\"500\" height=\"348\" srcset=\"https:\/\/web.umons.ac.be\/app\/uploads\/sites\/138\/2023\/05\/Tomo_04.png 500w, https:\/\/web.umons.ac.be\/app\/uploads\/sites\/138\/2023\/05\/Tomo_04-300x209.png 300w, https:\/\/web.umons.ac.be\/app\/uploads\/sites\/138\/2023\/05\/Tomo_04-30x21.png 30w, https:\/\/web.umons.ac.be\/app\/uploads\/sites\/138\/2023\/05\/Tomo_04-60x42.png 60w, https:\/\/web.umons.ac.be\/app\/uploads\/sites\/138\/2023\/05\/Tomo_04-360x251.png 360w\" sizes=\"auto, (max-width: 500px) 100vw, 500px\" \/> <img loading=\"lazy\" decoding=\"async\" class=\"alignnone size-full wp-image-223\" src=\"https:\/\/web.umons.ac.be\/app\/uploads\/sites\/138\/2023\/05\/Tomo_05.png\" alt=\"\" width=\"800\" height=\"244\" srcset=\"https:\/\/web.umons.ac.be\/app\/uploads\/sites\/138\/2023\/05\/Tomo_05.png 800w, https:\/\/web.umons.ac.be\/app\/uploads\/sites\/138\/2023\/05\/Tomo_05-300x92.png 300w, https:\/\/web.umons.ac.be\/app\/uploads\/sites\/138\/2023\/05\/Tomo_05-768x234.png 768w, https:\/\/web.umons.ac.be\/app\/uploads\/sites\/138\/2023\/05\/Tomo_05-30x9.png 30w, https:\/\/web.umons.ac.be\/app\/uploads\/sites\/138\/2023\/05\/Tomo_05-60x18.png 60w, https:\/\/web.umons.ac.be\/app\/uploads\/sites\/138\/2023\/05\/Tomo_05-360x110.png 360w\" sizes=\"auto, (max-width: 800px) 100vw, 800px\" \/> <img loading=\"lazy\" decoding=\"async\" class=\"alignnone size-full wp-image-224\" src=\"https:\/\/web.umons.ac.be\/app\/uploads\/sites\/138\/2023\/05\/Tomo_06.png\" alt=\"\" width=\"800\" height=\"274\" srcset=\"https:\/\/web.umons.ac.be\/app\/uploads\/sites\/138\/2023\/05\/Tomo_06.png 800w, https:\/\/web.umons.ac.be\/app\/uploads\/sites\/138\/2023\/05\/Tomo_06-300x103.png 300w, https:\/\/web.umons.ac.be\/app\/uploads\/sites\/138\/2023\/05\/Tomo_06-768x263.png 768w, https:\/\/web.umons.ac.be\/app\/uploads\/sites\/138\/2023\/05\/Tomo_06-30x10.png 30w, https:\/\/web.umons.ac.be\/app\/uploads\/sites\/138\/2023\/05\/Tomo_06-60x21.png 60w, https:\/\/web.umons.ac.be\/app\/uploads\/sites\/138\/2023\/05\/Tomo_06-360x123.png 360w\" sizes=\"auto, (max-width: 800px) 100vw, 800px\" \/><span style=\"font-size: 8pt;\">Orthophotos avec pathologies<\/span><\/h6>\n","protected":false},"excerpt":{"rendered":"<p>Le d\u00e9partement d\u2019ing\u00e9nierie architecturale de la Facult\u00e9 Polytechnique de Mons est compos\u00e9 d\u2019experts architectes et ing\u00e9nieurs architectes experts dans les domaines de l\u2019architecture, de la construction de l\u2019ing\u00e9nierie et du patrimoine. &nbsp; &nbsp; Imagerie structurelle, d\u00e9tection d\u2019objets et de d\u00e9fauts \u00e0 l\u2019aide de l\u2019\u00e9cho impulsionnel ultrasonore &nbsp; R\u00e9sultat de 3 mesures ultrasoniques &nbsp; Cartographie des [&hellip;]<\/p>\n","protected":false},"author":207,"featured_media":0,"parent":15,"menu_order":0,"comment_status":"closed","ping_status":"closed","template":"","meta":{"footnotes":""},"class_list":["post-214","page","type-page","status-publish","hentry"],"yoast_head":"<!-- This site is optimized with the Yoast SEO plugin v27.2 - https:\/\/yoast.com\/product\/yoast-seo-wordpress\/ -->\n<title>Tomographie ultrasonique - Service \/ FPMS - G\u00e9nie Architectural et Urbain<\/title>\n<meta name=\"robots\" content=\"index, follow, max-snippet:-1, max-image-preview:large, max-video-preview:-1\" \/>\n<link rel=\"canonical\" href=\"https:\/\/web.umons.ac.be\/archi\/activites-de-recherche\/tomographie-ultrasonique\/\" \/>\n<meta property=\"og:locale\" content=\"fr_FR\" \/>\n<meta property=\"og:type\" content=\"article\" \/>\n<meta property=\"og:title\" content=\"Tomographie ultrasonique - Service \/ FPMS - G\u00e9nie Architectural et Urbain\" \/>\n<meta property=\"og:description\" content=\"Le d\u00e9partement d\u2019ing\u00e9nierie architecturale de la Facult\u00e9 Polytechnique de Mons est compos\u00e9 d\u2019experts architectes et ing\u00e9nieurs architectes experts dans les domaines de l\u2019architecture, de la construction de l\u2019ing\u00e9nierie et du patrimoine. &nbsp; &nbsp; Imagerie structurelle, d\u00e9tection d\u2019objets et de d\u00e9fauts \u00e0 l\u2019aide de l\u2019\u00e9cho impulsionnel ultrasonore &nbsp; R\u00e9sultat de 3 mesures ultrasoniques &nbsp; Cartographie des [&hellip;]\" \/>\n<meta property=\"og:url\" content=\"https:\/\/web.umons.ac.be\/archi\/activites-de-recherche\/tomographie-ultrasonique\/\" \/>\n<meta property=\"og:site_name\" content=\"Service \/ FPMS - G\u00e9nie Architectural et Urbain\" \/>\n<meta property=\"article:modified_time\" content=\"2023-05-04T11:47:16+00:00\" \/>\n<meta property=\"og:image\" content=\"https:\/\/web.umons.ac.be\/app\/uploads\/sites\/138\/2023\/05\/Tomo_01.png\" \/>\n<meta name=\"twitter:card\" content=\"summary_large_image\" \/>\n<meta name=\"twitter:label1\" content=\"Dur\u00e9e de lecture estim\u00e9e\" \/>\n\t<meta name=\"twitter:data1\" content=\"2 minutes\" \/>\n<script type=\"application\/ld+json\" class=\"yoast-schema-graph\">{\"@context\":\"https:\/\/schema.org\",\"@graph\":[{\"@type\":\"WebPage\",\"@id\":\"https:\/\/web.umons.ac.be\/archi\/activites-de-recherche\/tomographie-ultrasonique\/\",\"url\":\"https:\/\/web.umons.ac.be\/archi\/activites-de-recherche\/tomographie-ultrasonique\/\",\"name\":\"Tomographie ultrasonique - Service \/ FPMS - G\u00e9nie Architectural et Urbain\",\"isPartOf\":{\"@id\":\"https:\/\/web.umons.ac.be\/archi\/#website\"},\"primaryImageOfPage\":{\"@id\":\"https:\/\/web.umons.ac.be\/archi\/activites-de-recherche\/tomographie-ultrasonique\/#primaryimage\"},\"image\":{\"@id\":\"https:\/\/web.umons.ac.be\/archi\/activites-de-recherche\/tomographie-ultrasonique\/#primaryimage\"},\"thumbnailUrl\":\"https:\/\/web.umons.ac.be\/app\/uploads\/sites\/138\/2023\/05\/Tomo_01.png\",\"datePublished\":\"2023-05-04T11:36:54+00:00\",\"dateModified\":\"2023-05-04T11:47:16+00:00\",\"breadcrumb\":{\"@id\":\"https:\/\/web.umons.ac.be\/archi\/activites-de-recherche\/tomographie-ultrasonique\/#breadcrumb\"},\"inLanguage\":\"fr-FR\",\"potentialAction\":[{\"@type\":\"ReadAction\",\"target\":[\"https:\/\/web.umons.ac.be\/archi\/activites-de-recherche\/tomographie-ultrasonique\/\"]}]},{\"@type\":\"ImageObject\",\"inLanguage\":\"fr-FR\",\"@id\":\"https:\/\/web.umons.ac.be\/archi\/activites-de-recherche\/tomographie-ultrasonique\/#primaryimage\",\"url\":\"https:\/\/web.umons.ac.be\/app\/uploads\/sites\/138\/2023\/05\/Tomo_01.png\",\"contentUrl\":\"https:\/\/web.umons.ac.be\/app\/uploads\/sites\/138\/2023\/05\/Tomo_01.png\"},{\"@type\":\"BreadcrumbList\",\"@id\":\"https:\/\/web.umons.ac.be\/archi\/activites-de-recherche\/tomographie-ultrasonique\/#breadcrumb\",\"itemListElement\":[{\"@type\":\"ListItem\",\"position\":1,\"name\":\"Home\",\"item\":\"https:\/\/web.umons.ac.be\/archi\/\"},{\"@type\":\"ListItem\",\"position\":2,\"name\":\"Activit\u00e9s de recherche\",\"item\":\"https:\/\/web.umons.ac.be\/archi\/activites-de-recherche\/\"},{\"@type\":\"ListItem\",\"position\":3,\"name\":\"Tomographie ultrasonique\"}]},{\"@type\":\"WebSite\",\"@id\":\"https:\/\/web.umons.ac.be\/archi\/#website\",\"url\":\"https:\/\/web.umons.ac.be\/archi\/\",\"name\":\"Service \/ FPMS - G\u00e9nie Architectural et Urbain\",\"description\":\"\",\"potentialAction\":[{\"@type\":\"SearchAction\",\"target\":{\"@type\":\"EntryPoint\",\"urlTemplate\":\"https:\/\/web.umons.ac.be\/archi\/?s={search_term_string}\"},\"query-input\":{\"@type\":\"PropertyValueSpecification\",\"valueRequired\":true,\"valueName\":\"search_term_string\"}}],\"inLanguage\":\"fr-FR\"}]}<\/script>\n<!-- \/ Yoast SEO plugin. -->","yoast_head_json":{"title":"Tomographie ultrasonique - Service \/ FPMS - G\u00e9nie Architectural et Urbain","robots":{"index":"index","follow":"follow","max-snippet":"max-snippet:-1","max-image-preview":"max-image-preview:large","max-video-preview":"max-video-preview:-1"},"canonical":"https:\/\/web.umons.ac.be\/archi\/activites-de-recherche\/tomographie-ultrasonique\/","og_locale":"fr_FR","og_type":"article","og_title":"Tomographie ultrasonique - Service \/ FPMS - G\u00e9nie Architectural et Urbain","og_description":"Le d\u00e9partement d\u2019ing\u00e9nierie architecturale de la Facult\u00e9 Polytechnique de Mons est compos\u00e9 d\u2019experts architectes et ing\u00e9nieurs architectes experts dans les domaines de l\u2019architecture, de la construction de l\u2019ing\u00e9nierie et du patrimoine. &nbsp; &nbsp; Imagerie structurelle, d\u00e9tection d\u2019objets et de d\u00e9fauts \u00e0 l\u2019aide de l\u2019\u00e9cho impulsionnel ultrasonore &nbsp; R\u00e9sultat de 3 mesures ultrasoniques &nbsp; Cartographie des [&hellip;]","og_url":"https:\/\/web.umons.ac.be\/archi\/activites-de-recherche\/tomographie-ultrasonique\/","og_site_name":"Service \/ FPMS - G\u00e9nie Architectural et Urbain","article_modified_time":"2023-05-04T11:47:16+00:00","og_image":[{"url":"https:\/\/web.umons.ac.be\/app\/uploads\/sites\/138\/2023\/05\/Tomo_01.png","type":"","width":"","height":""}],"twitter_card":"summary_large_image","twitter_misc":{"Dur\u00e9e de lecture estim\u00e9e":"2 minutes"},"schema":{"@context":"https:\/\/schema.org","@graph":[{"@type":"WebPage","@id":"https:\/\/web.umons.ac.be\/archi\/activites-de-recherche\/tomographie-ultrasonique\/","url":"https:\/\/web.umons.ac.be\/archi\/activites-de-recherche\/tomographie-ultrasonique\/","name":"Tomographie ultrasonique - Service \/ FPMS - G\u00e9nie Architectural et Urbain","isPartOf":{"@id":"https:\/\/web.umons.ac.be\/archi\/#website"},"primaryImageOfPage":{"@id":"https:\/\/web.umons.ac.be\/archi\/activites-de-recherche\/tomographie-ultrasonique\/#primaryimage"},"image":{"@id":"https:\/\/web.umons.ac.be\/archi\/activites-de-recherche\/tomographie-ultrasonique\/#primaryimage"},"thumbnailUrl":"https:\/\/web.umons.ac.be\/app\/uploads\/sites\/138\/2023\/05\/Tomo_01.png","datePublished":"2023-05-04T11:36:54+00:00","dateModified":"2023-05-04T11:47:16+00:00","breadcrumb":{"@id":"https:\/\/web.umons.ac.be\/archi\/activites-de-recherche\/tomographie-ultrasonique\/#breadcrumb"},"inLanguage":"fr-FR","potentialAction":[{"@type":"ReadAction","target":["https:\/\/web.umons.ac.be\/archi\/activites-de-recherche\/tomographie-ultrasonique\/"]}]},{"@type":"ImageObject","inLanguage":"fr-FR","@id":"https:\/\/web.umons.ac.be\/archi\/activites-de-recherche\/tomographie-ultrasonique\/#primaryimage","url":"https:\/\/web.umons.ac.be\/app\/uploads\/sites\/138\/2023\/05\/Tomo_01.png","contentUrl":"https:\/\/web.umons.ac.be\/app\/uploads\/sites\/138\/2023\/05\/Tomo_01.png"},{"@type":"BreadcrumbList","@id":"https:\/\/web.umons.ac.be\/archi\/activites-de-recherche\/tomographie-ultrasonique\/#breadcrumb","itemListElement":[{"@type":"ListItem","position":1,"name":"Home","item":"https:\/\/web.umons.ac.be\/archi\/"},{"@type":"ListItem","position":2,"name":"Activit\u00e9s de recherche","item":"https:\/\/web.umons.ac.be\/archi\/activites-de-recherche\/"},{"@type":"ListItem","position":3,"name":"Tomographie ultrasonique"}]},{"@type":"WebSite","@id":"https:\/\/web.umons.ac.be\/archi\/#website","url":"https:\/\/web.umons.ac.be\/archi\/","name":"Service \/ FPMS - G\u00e9nie Architectural et Urbain","description":"","potentialAction":[{"@type":"SearchAction","target":{"@type":"EntryPoint","urlTemplate":"https:\/\/web.umons.ac.be\/archi\/?s={search_term_string}"},"query-input":{"@type":"PropertyValueSpecification","valueRequired":true,"valueName":"search_term_string"}}],"inLanguage":"fr-FR"}]}},"lang":"fr","translations":{"fr":214},"pll_sync_post":[],"_links":{"self":[{"href":"https:\/\/web.umons.ac.be\/archi\/wp-json\/wp\/v2\/pages\/214","targetHints":{"allow":["GET"]}}],"collection":[{"href":"https:\/\/web.umons.ac.be\/archi\/wp-json\/wp\/v2\/pages"}],"about":[{"href":"https:\/\/web.umons.ac.be\/archi\/wp-json\/wp\/v2\/types\/page"}],"author":[{"embeddable":true,"href":"https:\/\/web.umons.ac.be\/archi\/wp-json\/wp\/v2\/users\/207"}],"replies":[{"embeddable":true,"href":"https:\/\/web.umons.ac.be\/archi\/wp-json\/wp\/v2\/comments?post=214"}],"version-history":[{"count":3,"href":"https:\/\/web.umons.ac.be\/archi\/wp-json\/wp\/v2\/pages\/214\/revisions"}],"predecessor-version":[{"id":227,"href":"https:\/\/web.umons.ac.be\/archi\/wp-json\/wp\/v2\/pages\/214\/revisions\/227"}],"up":[{"embeddable":true,"href":"https:\/\/web.umons.ac.be\/archi\/wp-json\/wp\/v2\/pages\/15"}],"wp:attachment":[{"href":"https:\/\/web.umons.ac.be\/archi\/wp-json\/wp\/v2\/media?parent=214"}],"curies":[{"name":"wp","href":"https:\/\/api.w.org\/{rel}","templated":true}]}}