{"id":11,"date":"2021-11-25T11:00:01","date_gmt":"2021-11-25T10:00:01","guid":{"rendered":"https:\/\/web.umons.ac.be\/bhto\/activites-denseignement\/"},"modified":"2021-11-25T11:28:00","modified_gmt":"2021-11-25T10:28:00","slug":"activites-denseignement","status":"publish","type":"page","link":"https:\/\/web.umons.ac.be\/bhto\/activites-denseignement\/","title":{"rendered":"Activit\u00e9s d&rsquo;enseignement"},"content":{"rendered":"<ul>\n<li>Biologie g\u00e9n\u00e9rale humaine<\/li>\n<li>Evaluation du risque, \u00e9tude d&rsquo;impact sanitaire<\/li>\n<li>Initiation \u00e0 la recherche en sciences biom\u00e9dicales et pharmaceutiques<\/li>\n<li>Introduction \u00e0 la pharmacologie cellulaire<\/li>\n<li>Mod\u00e8les exp\u00e9rimentaux de la recherche en sciences biom\u00e9dicales<\/li>\n<li>Pharmacologie mol\u00e9culaire et cellulaire<\/li>\n<li>Risque sanitaire<\/li>\n<li>Suivi des m\u00e9moires en Biologie Humaine et Toxicologie<\/li>\n<li>Toxicologie g\u00e9n\u00e9rale<\/li>\n<li>Toxicologie pr\u00e9dictive<\/li>\n<li>Travaux pratiques et exercices en Biologie g\u00e9n\u00e9rale humaine<\/li>\n<li>Voies intracellulaires de communication et maladies m\u00e9taboliques<\/li>\n<\/ul>\n","protected":false},"excerpt":{"rendered":"<p>Biologie g\u00e9n\u00e9rale humaine Evaluation du risque, \u00e9tude d&rsquo;impact sanitaire Initiation \u00e0 la recherche en sciences biom\u00e9dicales et pharmaceutiques Introduction \u00e0 la pharmacologie cellulaire Mod\u00e8les exp\u00e9rimentaux de la recherche en sciences biom\u00e9dicales Pharmacologie mol\u00e9culaire et cellulaire Risque sanitaire Suivi des m\u00e9moires en Biologie Humaine et Toxicologie Toxicologie g\u00e9n\u00e9rale Toxicologie pr\u00e9dictive Travaux pratiques et exercices en Biologie [&hellip;]<\/p>\n","protected":false},"author":4,"featured_media":0,"parent":0,"menu_order":0,"comment_status":"closed","ping_status":"closed","template":"","meta":{"footnotes":""},"class_list":["post-11","page","type-page","status-publish","hentry"],"yoast_head":"<!-- This site is optimized with the Yoast SEO plugin v27.2 - https:\/\/yoast.com\/product\/yoast-seo-wordpress\/ -->\n<title>Activit\u00e9s d&#039;enseignement - Service \/ FMPB - Biologie humaine et Toxicologie<\/title>\n<meta name=\"robots\" content=\"index, follow, max-snippet:-1, max-image-preview:large, max-video-preview:-1\" \/>\n<link rel=\"canonical\" href=\"https:\/\/web.umons.ac.be\/bhto\/activites-denseignement\/\" \/>\n<meta property=\"og:locale\" content=\"fr_FR\" \/>\n<meta property=\"og:type\" content=\"article\" \/>\n<meta property=\"og:title\" content=\"Activit\u00e9s d&#039;enseignement - Service \/ FMPB - Biologie humaine et Toxicologie\" \/>\n<meta property=\"og:description\" content=\"Biologie g\u00e9n\u00e9rale humaine Evaluation du risque, \u00e9tude d&rsquo;impact sanitaire Initiation \u00e0 la recherche en sciences biom\u00e9dicales et pharmaceutiques Introduction \u00e0 la pharmacologie cellulaire Mod\u00e8les exp\u00e9rimentaux de la recherche en sciences biom\u00e9dicales Pharmacologie mol\u00e9culaire et cellulaire Risque sanitaire Suivi des m\u00e9moires en Biologie Humaine et Toxicologie Toxicologie g\u00e9n\u00e9rale Toxicologie pr\u00e9dictive Travaux pratiques et exercices en Biologie [&hellip;]\" \/>\n<meta property=\"og:url\" content=\"https:\/\/web.umons.ac.be\/bhto\/activites-denseignement\/\" \/>\n<meta property=\"og:site_name\" content=\"Service \/ FMPB - Biologie humaine et Toxicologie\" \/>\n<meta property=\"article:modified_time\" content=\"2021-11-25T10:28:00+00:00\" \/>\n<meta name=\"twitter:card\" content=\"summary_large_image\" \/>\n<meta name=\"twitter:label1\" content=\"Dur\u00e9e de lecture estim\u00e9e\" \/>\n\t<meta name=\"twitter:data1\" content=\"1 minute\" \/>\n<script type=\"application\/ld+json\" class=\"yoast-schema-graph\">{\"@context\":\"https:\/\/schema.org\",\"@graph\":[{\"@type\":\"WebPage\",\"@id\":\"https:\/\/web.umons.ac.be\/bhto\/activites-denseignement\/\",\"url\":\"https:\/\/web.umons.ac.be\/bhto\/activites-denseignement\/\",\"name\":\"Activit\u00e9s d'enseignement - Service \/ FMPB - Biologie humaine et Toxicologie\",\"isPartOf\":{\"@id\":\"https:\/\/web.umons.ac.be\/bhto\/#website\"},\"datePublished\":\"2021-11-25T10:00:01+00:00\",\"dateModified\":\"2021-11-25T10:28:00+00:00\",\"breadcrumb\":{\"@id\":\"https:\/\/web.umons.ac.be\/bhto\/activites-denseignement\/#breadcrumb\"},\"inLanguage\":\"fr-FR\",\"potentialAction\":[{\"@type\":\"ReadAction\",\"target\":[\"https:\/\/web.umons.ac.be\/bhto\/activites-denseignement\/\"]}]},{\"@type\":\"BreadcrumbList\",\"@id\":\"https:\/\/web.umons.ac.be\/bhto\/activites-denseignement\/#breadcrumb\",\"itemListElement\":[{\"@type\":\"ListItem\",\"position\":1,\"name\":\"Home\",\"item\":\"https:\/\/web.umons.ac.be\/bhto\/\"},{\"@type\":\"ListItem\",\"position\":2,\"name\":\"Activit\u00e9s d&rsquo;enseignement\"}]},{\"@type\":\"WebSite\",\"@id\":\"https:\/\/web.umons.ac.be\/bhto\/#website\",\"url\":\"https:\/\/web.umons.ac.be\/bhto\/\",\"name\":\"Service \/ FMPB - Biologie humaine et Toxicologie\",\"description\":\"\",\"potentialAction\":[{\"@type\":\"SearchAction\",\"target\":{\"@type\":\"EntryPoint\",\"urlTemplate\":\"https:\/\/web.umons.ac.be\/bhto\/?s={search_term_string}\"},\"query-input\":{\"@type\":\"PropertyValueSpecification\",\"valueRequired\":true,\"valueName\":\"search_term_string\"}}],\"inLanguage\":\"fr-FR\"}]}<\/script>\n<!-- \/ Yoast SEO plugin. -->","yoast_head_json":{"title":"Activit\u00e9s d'enseignement - Service \/ FMPB - Biologie humaine et Toxicologie","robots":{"index":"index","follow":"follow","max-snippet":"max-snippet:-1","max-image-preview":"max-image-preview:large","max-video-preview":"max-video-preview:-1"},"canonical":"https:\/\/web.umons.ac.be\/bhto\/activites-denseignement\/","og_locale":"fr_FR","og_type":"article","og_title":"Activit\u00e9s d'enseignement - Service \/ FMPB - Biologie humaine et Toxicologie","og_description":"Biologie g\u00e9n\u00e9rale humaine Evaluation du risque, \u00e9tude d&rsquo;impact sanitaire Initiation \u00e0 la recherche en sciences biom\u00e9dicales et pharmaceutiques Introduction \u00e0 la pharmacologie cellulaire Mod\u00e8les exp\u00e9rimentaux de la recherche en sciences biom\u00e9dicales Pharmacologie mol\u00e9culaire et cellulaire Risque sanitaire Suivi des m\u00e9moires en Biologie Humaine et Toxicologie Toxicologie g\u00e9n\u00e9rale Toxicologie pr\u00e9dictive Travaux pratiques et exercices en Biologie [&hellip;]","og_url":"https:\/\/web.umons.ac.be\/bhto\/activites-denseignement\/","og_site_name":"Service \/ FMPB - Biologie humaine et Toxicologie","article_modified_time":"2021-11-25T10:28:00+00:00","twitter_card":"summary_large_image","twitter_misc":{"Dur\u00e9e de lecture estim\u00e9e":"1 minute"},"schema":{"@context":"https:\/\/schema.org","@graph":[{"@type":"WebPage","@id":"https:\/\/web.umons.ac.be\/bhto\/activites-denseignement\/","url":"https:\/\/web.umons.ac.be\/bhto\/activites-denseignement\/","name":"Activit\u00e9s d'enseignement - Service \/ FMPB - Biologie humaine et Toxicologie","isPartOf":{"@id":"https:\/\/web.umons.ac.be\/bhto\/#website"},"datePublished":"2021-11-25T10:00:01+00:00","dateModified":"2021-11-25T10:28:00+00:00","breadcrumb":{"@id":"https:\/\/web.umons.ac.be\/bhto\/activites-denseignement\/#breadcrumb"},"inLanguage":"fr-FR","potentialAction":[{"@type":"ReadAction","target":["https:\/\/web.umons.ac.be\/bhto\/activites-denseignement\/"]}]},{"@type":"BreadcrumbList","@id":"https:\/\/web.umons.ac.be\/bhto\/activites-denseignement\/#breadcrumb","itemListElement":[{"@type":"ListItem","position":1,"name":"Home","item":"https:\/\/web.umons.ac.be\/bhto\/"},{"@type":"ListItem","position":2,"name":"Activit\u00e9s d&rsquo;enseignement"}]},{"@type":"WebSite","@id":"https:\/\/web.umons.ac.be\/bhto\/#website","url":"https:\/\/web.umons.ac.be\/bhto\/","name":"Service \/ FMPB - Biologie humaine et Toxicologie","description":"","potentialAction":[{"@type":"SearchAction","target":{"@type":"EntryPoint","urlTemplate":"https:\/\/web.umons.ac.be\/bhto\/?s={search_term_string}"},"query-input":{"@type":"PropertyValueSpecification","valueRequired":true,"valueName":"search_term_string"}}],"inLanguage":"fr-FR"}]}},"lang":"fr","translations":{"fr":11,"en":13},"pll_sync_post":[],"_links":{"self":[{"href":"https:\/\/web.umons.ac.be\/bhto\/wp-json\/wp\/v2\/pages\/11","targetHints":{"allow":["GET"]}}],"collection":[{"href":"https:\/\/web.umons.ac.be\/bhto\/wp-json\/wp\/v2\/pages"}],"about":[{"href":"https:\/\/web.umons.ac.be\/bhto\/wp-json\/wp\/v2\/types\/page"}],"author":[{"embeddable":true,"href":"https:\/\/web.umons.ac.be\/bhto\/wp-json\/wp\/v2\/users\/4"}],"replies":[{"embeddable":true,"href":"https:\/\/web.umons.ac.be\/bhto\/wp-json\/wp\/v2\/comments?post=11"}],"version-history":[{"count":1,"href":"https:\/\/web.umons.ac.be\/bhto\/wp-json\/wp\/v2\/pages\/11\/revisions"}],"predecessor-version":[{"id":49,"href":"https:\/\/web.umons.ac.be\/bhto\/wp-json\/wp\/v2\/pages\/11\/revisions\/49"}],"wp:attachment":[{"href":"https:\/\/web.umons.ac.be\/bhto\/wp-json\/wp\/v2\/media?parent=11"}],"curies":[{"name":"wp","href":"https:\/\/api.w.org\/{rel}","templated":true}]}}