{"id":180,"date":"2021-06-30T10:25:47","date_gmt":"2021-06-30T08:25:47","guid":{"rendered":"https:\/\/web.umons.ac.be\/bibliotheques\/?page_id=180"},"modified":"2021-06-30T10:25:47","modified_gmt":"2021-06-30T08:25:47","slug":"horaires-2","status":"publish","type":"page","link":"https:\/\/web.umons.ac.be\/bibliotheques\/horaires-2\/","title":{"rendered":"Horaires"},"content":{"rendered":"<start-cask-shortcode-wrapper><section class=\"shortcode-opening-hours\" data-js data-unique=\"69f2315515ebe\" data-id=\"179\">\n    <header class=\"hours-header\">\n        <h3 class=\"hours-title\">Heures d\u2019ouverture<\/h3>\n        <div class=\"hours-selector\">\n            <div class=\"cask-field datepicker\">\n\t<p class=\"cask-field-main\">\n         \n        <label for=\"library-date69f2315515ebe-display\">\n            \n            \n            S\u00e9lectionnez une date \u00e0 venir        <\/label>\n        \n        <input class=\"cask-datepicker \" type=\"text\" name=\"library-date69f2315515ebe-display\" id=\"library-date69f2315515ebe-display\" data-alt-field=\"library-date69f2315515ebe\" data-date-format=\"yy-mm-dd\" data-format=\"dd\/mm\/yy\" value=\"29\/04\/2026\" placeholder=\"j \/ m \/ a\">\n        <input type=\"hidden\" name=\"library-date69f2315515ebe\" id=\"library-date69f2315515ebe\" value=\"2026-04-29\">\n\t<\/p>\n\n        \n    <\/div>        <\/div>\n    <\/header>\n    <div class=\"hours-content\">\n        <ol class=\"hours-list\" data-js>\n                <li>\n                    <a href=\"https:\/\/web.umons.ac.be\/bibliotheques\/library\/bibliotheque-du-parc\/\" class=\"hours\">\n                        <span class=\"name scheme-color scheme-color-hover\">1|Biblioth\u00e8que Parc<\/span>\n                <span class=\"schedule\" data-js>08:00 - 19:00<\/span>\n                    <\/a>\n            <\/li>\n        <\/ol>\n            <\/div>\n<\/section>\n<end-cask-shortcode-wrapper>\n","protected":false},"excerpt":{"rendered":"","protected":false},"author":2,"featured_media":0,"parent":0,"menu_order":0,"comment_status":"closed","ping_status":"closed","template":"","meta":{"footnotes":""},"class_list":["post-180","page","type-page","status-publish","hentry"],"yoast_head":"<!-- This site is optimized with the Yoast SEO plugin v27.2 - https:\/\/yoast.com\/product\/yoast-seo-wordpress\/ -->\n<title>Horaires - Biblioth\u00e8ques de l&#039;UMONS<\/title>\n<meta name=\"robots\" content=\"index, follow, max-snippet:-1, max-image-preview:large, max-video-preview:-1\" \/>\n<link rel=\"canonical\" href=\"https:\/\/web.umons.ac.be\/bibliotheques\/horaires-2\/\" \/>\n<meta property=\"og:locale\" content=\"fr_FR\" \/>\n<meta property=\"og:type\" content=\"article\" \/>\n<meta property=\"og:title\" content=\"Horaires - Biblioth\u00e8ques de l&#039;UMONS\" \/>\n<meta property=\"og:url\" content=\"https:\/\/web.umons.ac.be\/bibliotheques\/horaires-2\/\" \/>\n<meta property=\"og:site_name\" content=\"Biblioth\u00e8ques de l&#039;UMONS\" \/>\n<meta name=\"twitter:card\" content=\"summary_large_image\" \/>\n<meta name=\"twitter:label1\" content=\"Dur\u00e9e de lecture estim\u00e9e\" \/>\n\t<meta name=\"twitter:data1\" content=\"1 minute\" \/>\n<script type=\"application\/ld+json\" class=\"yoast-schema-graph\">{\"@context\":\"https:\/\/schema.org\",\"@graph\":[{\"@type\":\"WebPage\",\"@id\":\"https:\/\/web.umons.ac.be\/bibliotheques\/horaires-2\/\",\"url\":\"https:\/\/web.umons.ac.be\/bibliotheques\/horaires-2\/\",\"name\":\"Horaires - Biblioth\u00e8ques de l&#039;UMONS\",\"isPartOf\":{\"@id\":\"https:\/\/web.umons.ac.be\/bibliotheques\/#website\"},\"datePublished\":\"2021-06-30T08:25:47+00:00\",\"breadcrumb\":{\"@id\":\"https:\/\/web.umons.ac.be\/bibliotheques\/horaires-2\/#breadcrumb\"},\"inLanguage\":\"fr-FR\",\"potentialAction\":[{\"@type\":\"ReadAction\",\"target\":[\"https:\/\/web.umons.ac.be\/bibliotheques\/horaires-2\/\"]}]},{\"@type\":\"BreadcrumbList\",\"@id\":\"https:\/\/web.umons.ac.be\/bibliotheques\/horaires-2\/#breadcrumb\",\"itemListElement\":[{\"@type\":\"ListItem\",\"position\":1,\"name\":\"Home\",\"item\":\"https:\/\/web.umons.ac.be\/bibliotheques\/\"},{\"@type\":\"ListItem\",\"position\":2,\"name\":\"Horaires\"}]},{\"@type\":\"WebSite\",\"@id\":\"https:\/\/web.umons.ac.be\/bibliotheques\/#website\",\"url\":\"https:\/\/web.umons.ac.be\/bibliotheques\/\",\"name\":\"Biblioth\u00e8ques de l&#039;UMONS\",\"description\":\"Un site utilisant Universit\u00e9 de Mons \u2013 UMONS\",\"potentialAction\":[{\"@type\":\"SearchAction\",\"target\":{\"@type\":\"EntryPoint\",\"urlTemplate\":\"https:\/\/web.umons.ac.be\/bibliotheques\/?s={search_term_string}\"},\"query-input\":{\"@type\":\"PropertyValueSpecification\",\"valueRequired\":true,\"valueName\":\"search_term_string\"}}],\"inLanguage\":\"fr-FR\"}]}<\/script>\n<!-- \/ Yoast SEO plugin. -->","yoast_head_json":{"title":"Horaires - Biblioth\u00e8ques de l&#039;UMONS","robots":{"index":"index","follow":"follow","max-snippet":"max-snippet:-1","max-image-preview":"max-image-preview:large","max-video-preview":"max-video-preview:-1"},"canonical":"https:\/\/web.umons.ac.be\/bibliotheques\/horaires-2\/","og_locale":"fr_FR","og_type":"article","og_title":"Horaires - Biblioth\u00e8ques de l&#039;UMONS","og_url":"https:\/\/web.umons.ac.be\/bibliotheques\/horaires-2\/","og_site_name":"Biblioth\u00e8ques de l&#039;UMONS","twitter_card":"summary_large_image","twitter_misc":{"Dur\u00e9e de lecture estim\u00e9e":"1 minute"},"schema":{"@context":"https:\/\/schema.org","@graph":[{"@type":"WebPage","@id":"https:\/\/web.umons.ac.be\/bibliotheques\/horaires-2\/","url":"https:\/\/web.umons.ac.be\/bibliotheques\/horaires-2\/","name":"Horaires - Biblioth\u00e8ques de l&#039;UMONS","isPartOf":{"@id":"https:\/\/web.umons.ac.be\/bibliotheques\/#website"},"datePublished":"2021-06-30T08:25:47+00:00","breadcrumb":{"@id":"https:\/\/web.umons.ac.be\/bibliotheques\/horaires-2\/#breadcrumb"},"inLanguage":"fr-FR","potentialAction":[{"@type":"ReadAction","target":["https:\/\/web.umons.ac.be\/bibliotheques\/horaires-2\/"]}]},{"@type":"BreadcrumbList","@id":"https:\/\/web.umons.ac.be\/bibliotheques\/horaires-2\/#breadcrumb","itemListElement":[{"@type":"ListItem","position":1,"name":"Home","item":"https:\/\/web.umons.ac.be\/bibliotheques\/"},{"@type":"ListItem","position":2,"name":"Horaires"}]},{"@type":"WebSite","@id":"https:\/\/web.umons.ac.be\/bibliotheques\/#website","url":"https:\/\/web.umons.ac.be\/bibliotheques\/","name":"Biblioth\u00e8ques de l&#039;UMONS","description":"Un site utilisant Universit\u00e9 de Mons \u2013 UMONS","potentialAction":[{"@type":"SearchAction","target":{"@type":"EntryPoint","urlTemplate":"https:\/\/web.umons.ac.be\/bibliotheques\/?s={search_term_string}"},"query-input":{"@type":"PropertyValueSpecification","valueRequired":true,"valueName":"search_term_string"}}],"inLanguage":"fr-FR"}]}},"lang":"fr","translations":{"fr":180},"pll_sync_post":[],"_links":{"self":[{"href":"https:\/\/web.umons.ac.be\/bibliotheques\/wp-json\/wp\/v2\/pages\/180","targetHints":{"allow":["GET"]}}],"collection":[{"href":"https:\/\/web.umons.ac.be\/bibliotheques\/wp-json\/wp\/v2\/pages"}],"about":[{"href":"https:\/\/web.umons.ac.be\/bibliotheques\/wp-json\/wp\/v2\/types\/page"}],"author":[{"embeddable":true,"href":"https:\/\/web.umons.ac.be\/bibliotheques\/wp-json\/wp\/v2\/users\/2"}],"replies":[{"embeddable":true,"href":"https:\/\/web.umons.ac.be\/bibliotheques\/wp-json\/wp\/v2\/comments?post=180"}],"version-history":[{"count":2,"href":"https:\/\/web.umons.ac.be\/bibliotheques\/wp-json\/wp\/v2\/pages\/180\/revisions"}],"predecessor-version":[{"id":191,"href":"https:\/\/web.umons.ac.be\/bibliotheques\/wp-json\/wp\/v2\/pages\/180\/revisions\/191"}],"wp:attachment":[{"href":"https:\/\/web.umons.ac.be\/bibliotheques\/wp-json\/wp\/v2\/media?parent=180"}],"curies":[{"name":"wp","href":"https:\/\/api.w.org\/{rel}","templated":true}]}}