{"id":42,"date":"2020-06-04T15:55:30","date_gmt":"2020-06-04T13:55:30","guid":{"rendered":"https:\/\/web.umons.ac.be\/bibliotheques\/?page_id=42"},"modified":"2023-05-31T13:36:36","modified_gmt":"2023-05-31T11:36:36","slug":"missions","status":"publish","type":"page","link":"https:\/\/web.umons.ac.be\/bibliotheques\/missions\/","title":{"rendered":"Missions"},"content":{"rendered":"<p>Les Biblioth\u00e8ques s&rsquo;adressent en priorit\u00e9 \u00e0 la communaut\u00e9 universitaire montoise, mais sont accessibles \u00e0 tous, \u00e9tudiants, chercheurs et curieux. Elles contribuent \u00e0 la vie intellectuelle et culturelle de la r\u00e9gion dans laquelle elles sont implant\u00e9es.<\/p>\n<p>L\u2019UMONS offre \u00e0 ses chercheurs et \u00e0 ses \u00e9tudiants les ressources de\u00a0<span class=\"ms-rteCustom-Gras\">neuf\u00a0<\/span>biblioth\u00e8ques. Outre la\u00a0<span class=\"ms-rteCustom-Gras\"><strong>Biblioth\u00e8que centrale<\/strong>\u00a0<\/span>dont les collections sont ax\u00e9es sur les sciences humaines (histoire, philologie, beaux-arts, \u2026) et qui abrite \u00e9galement les fonds patrimoniaux (manuscrits, incunables, imprim\u00e9s anciens, cartes et plans, \u2026), il existe\u00a0des<span class=\"ms-rteCustom-Gras\">\u00a0<strong>Biblioth\u00e8ques facultaires <\/strong><\/span><strong>sp\u00e9cialis\u00e9es<\/strong>.<\/p>\n<p>Ensemble, elles proposent \u00e0 leurs lecteurs un peu plus de 800 000 volumes et environ 500 abonnements \u00e0 des revues papier. Ces Biblioth\u00e8ques sont aussi outill\u00e9es pour affronter les d\u00e9fis de notre \u00e9poque et pr\u00e9parer l\u2019avenir. C\u2019est pour cela qu\u2019elles permettent l\u2019<strong>acc\u00e8s en ligne \u00e0 plusieurs milliers d\u2019e-books et de p\u00e9riodiques \u00e9lectroniques<\/strong>.<\/p>\n<p>Les Biblioth\u00e8ques de l\u2019UMONS s\u2019investissent dans des partenariats avec d\u2019autres biblioth\u00e8ques universitaires et sont actives dans des r\u00e9seaux de collaboration, notamment au sein de la Biblioth\u00e8que interuniversitaire de la Communaut\u00e9 fran\u00e7aise de Belgique (<a title=\"\" href=\"http:\/\/www.bicfb.be\/\" target=\"_blank\" rel=\"noopener noreferrer\">BICfB<\/a>),\u00a0dans le\u00a0<a title=\"\" href=\"http:\/\/www.polehainuyer.be\/\">P\u00f4le hainuyer<\/a>\u00a0et l\u2019<a title=\"\" href=\"http:\/\/www.ares-ac.be\/fr\/\" target=\"_blank\" rel=\"noopener noreferrer\">ARES<\/a>.<\/p>\n","protected":false},"excerpt":{"rendered":"<p>Les Biblioth\u00e8ques s&rsquo;adressent en priorit\u00e9 \u00e0 la communaut\u00e9 universitaire montoise, mais sont accessibles \u00e0 tous, \u00e9tudiants, chercheurs et curieux. Elles contribuent \u00e0 la vie intellectuelle et culturelle de la r\u00e9gion dans laquelle elles sont implant\u00e9es. L\u2019UMONS offre \u00e0 ses chercheurs et \u00e0 ses \u00e9tudiants les ressources de\u00a0neuf\u00a0biblioth\u00e8ques. Outre la\u00a0Biblioth\u00e8que centrale\u00a0dont les collections sont ax\u00e9es sur [&hellip;]<\/p>\n","protected":false},"author":2,"featured_media":0,"parent":0,"menu_order":0,"comment_status":"closed","ping_status":"closed","template":"","meta":{"footnotes":""},"class_list":["post-42","page","type-page","status-publish","hentry"],"yoast_head":"<!-- This site is optimized with the Yoast SEO plugin v27.2 - https:\/\/yoast.com\/product\/yoast-seo-wordpress\/ -->\n<title>Missions - Biblioth\u00e8ques de l&#039;UMONS<\/title>\n<meta name=\"robots\" content=\"index, follow, max-snippet:-1, max-image-preview:large, max-video-preview:-1\" \/>\n<link rel=\"canonical\" href=\"https:\/\/web.umons.ac.be\/bibliotheques\/missions\/\" \/>\n<meta property=\"og:locale\" content=\"fr_FR\" \/>\n<meta property=\"og:type\" content=\"article\" \/>\n<meta property=\"og:title\" content=\"Missions - Biblioth\u00e8ques de l&#039;UMONS\" \/>\n<meta property=\"og:description\" content=\"Les Biblioth\u00e8ques s&rsquo;adressent en priorit\u00e9 \u00e0 la communaut\u00e9 universitaire montoise, mais sont accessibles \u00e0 tous, \u00e9tudiants, chercheurs et curieux. Elles contribuent \u00e0 la vie intellectuelle et culturelle de la r\u00e9gion dans laquelle elles sont implant\u00e9es. L\u2019UMONS offre \u00e0 ses chercheurs et \u00e0 ses \u00e9tudiants les ressources de\u00a0neuf\u00a0biblioth\u00e8ques. Outre la\u00a0Biblioth\u00e8que centrale\u00a0dont les collections sont ax\u00e9es sur [&hellip;]\" \/>\n<meta property=\"og:url\" content=\"https:\/\/web.umons.ac.be\/bibliotheques\/missions\/\" \/>\n<meta property=\"og:site_name\" content=\"Biblioth\u00e8ques de l&#039;UMONS\" \/>\n<meta property=\"article:modified_time\" content=\"2023-05-31T11:36:36+00:00\" \/>\n<meta name=\"twitter:card\" content=\"summary_large_image\" \/>\n<meta name=\"twitter:label1\" content=\"Dur\u00e9e de lecture estim\u00e9e\" \/>\n\t<meta name=\"twitter:data1\" content=\"1 minute\" \/>\n<script type=\"application\/ld+json\" class=\"yoast-schema-graph\">{\"@context\":\"https:\/\/schema.org\",\"@graph\":[{\"@type\":\"WebPage\",\"@id\":\"https:\/\/web.umons.ac.be\/bibliotheques\/missions\/\",\"url\":\"https:\/\/web.umons.ac.be\/bibliotheques\/missions\/\",\"name\":\"Missions - Biblioth\u00e8ques de l&#039;UMONS\",\"isPartOf\":{\"@id\":\"https:\/\/web.umons.ac.be\/bibliotheques\/#website\"},\"datePublished\":\"2020-06-04T13:55:30+00:00\",\"dateModified\":\"2023-05-31T11:36:36+00:00\",\"breadcrumb\":{\"@id\":\"https:\/\/web.umons.ac.be\/bibliotheques\/missions\/#breadcrumb\"},\"inLanguage\":\"fr-FR\",\"potentialAction\":[{\"@type\":\"ReadAction\",\"target\":[\"https:\/\/web.umons.ac.be\/bibliotheques\/missions\/\"]}]},{\"@type\":\"BreadcrumbList\",\"@id\":\"https:\/\/web.umons.ac.be\/bibliotheques\/missions\/#breadcrumb\",\"itemListElement\":[{\"@type\":\"ListItem\",\"position\":1,\"name\":\"Home\",\"item\":\"https:\/\/web.umons.ac.be\/bibliotheques\/\"},{\"@type\":\"ListItem\",\"position\":2,\"name\":\"Missions\"}]},{\"@type\":\"WebSite\",\"@id\":\"https:\/\/web.umons.ac.be\/bibliotheques\/#website\",\"url\":\"https:\/\/web.umons.ac.be\/bibliotheques\/\",\"name\":\"Biblioth\u00e8ques de l&#039;UMONS\",\"description\":\"Un site utilisant Universit\u00e9 de Mons \u2013 UMONS\",\"potentialAction\":[{\"@type\":\"SearchAction\",\"target\":{\"@type\":\"EntryPoint\",\"urlTemplate\":\"https:\/\/web.umons.ac.be\/bibliotheques\/?s={search_term_string}\"},\"query-input\":{\"@type\":\"PropertyValueSpecification\",\"valueRequired\":true,\"valueName\":\"search_term_string\"}}],\"inLanguage\":\"fr-FR\"}]}<\/script>\n<!-- \/ Yoast SEO plugin. -->","yoast_head_json":{"title":"Missions - Biblioth\u00e8ques de l&#039;UMONS","robots":{"index":"index","follow":"follow","max-snippet":"max-snippet:-1","max-image-preview":"max-image-preview:large","max-video-preview":"max-video-preview:-1"},"canonical":"https:\/\/web.umons.ac.be\/bibliotheques\/missions\/","og_locale":"fr_FR","og_type":"article","og_title":"Missions - Biblioth\u00e8ques de l&#039;UMONS","og_description":"Les Biblioth\u00e8ques s&rsquo;adressent en priorit\u00e9 \u00e0 la communaut\u00e9 universitaire montoise, mais sont accessibles \u00e0 tous, \u00e9tudiants, chercheurs et curieux. Elles contribuent \u00e0 la vie intellectuelle et culturelle de la r\u00e9gion dans laquelle elles sont implant\u00e9es. L\u2019UMONS offre \u00e0 ses chercheurs et \u00e0 ses \u00e9tudiants les ressources de\u00a0neuf\u00a0biblioth\u00e8ques. Outre la\u00a0Biblioth\u00e8que centrale\u00a0dont les collections sont ax\u00e9es sur [&hellip;]","og_url":"https:\/\/web.umons.ac.be\/bibliotheques\/missions\/","og_site_name":"Biblioth\u00e8ques de l&#039;UMONS","article_modified_time":"2023-05-31T11:36:36+00:00","twitter_card":"summary_large_image","twitter_misc":{"Dur\u00e9e de lecture estim\u00e9e":"1 minute"},"schema":{"@context":"https:\/\/schema.org","@graph":[{"@type":"WebPage","@id":"https:\/\/web.umons.ac.be\/bibliotheques\/missions\/","url":"https:\/\/web.umons.ac.be\/bibliotheques\/missions\/","name":"Missions - Biblioth\u00e8ques de l&#039;UMONS","isPartOf":{"@id":"https:\/\/web.umons.ac.be\/bibliotheques\/#website"},"datePublished":"2020-06-04T13:55:30+00:00","dateModified":"2023-05-31T11:36:36+00:00","breadcrumb":{"@id":"https:\/\/web.umons.ac.be\/bibliotheques\/missions\/#breadcrumb"},"inLanguage":"fr-FR","potentialAction":[{"@type":"ReadAction","target":["https:\/\/web.umons.ac.be\/bibliotheques\/missions\/"]}]},{"@type":"BreadcrumbList","@id":"https:\/\/web.umons.ac.be\/bibliotheques\/missions\/#breadcrumb","itemListElement":[{"@type":"ListItem","position":1,"name":"Home","item":"https:\/\/web.umons.ac.be\/bibliotheques\/"},{"@type":"ListItem","position":2,"name":"Missions"}]},{"@type":"WebSite","@id":"https:\/\/web.umons.ac.be\/bibliotheques\/#website","url":"https:\/\/web.umons.ac.be\/bibliotheques\/","name":"Biblioth\u00e8ques de l&#039;UMONS","description":"Un site utilisant Universit\u00e9 de Mons \u2013 UMONS","potentialAction":[{"@type":"SearchAction","target":{"@type":"EntryPoint","urlTemplate":"https:\/\/web.umons.ac.be\/bibliotheques\/?s={search_term_string}"},"query-input":{"@type":"PropertyValueSpecification","valueRequired":true,"valueName":"search_term_string"}}],"inLanguage":"fr-FR"}]}},"lang":"fr","translations":{"fr":42},"pll_sync_post":[],"_links":{"self":[{"href":"https:\/\/web.umons.ac.be\/bibliotheques\/wp-json\/wp\/v2\/pages\/42","targetHints":{"allow":["GET"]}}],"collection":[{"href":"https:\/\/web.umons.ac.be\/bibliotheques\/wp-json\/wp\/v2\/pages"}],"about":[{"href":"https:\/\/web.umons.ac.be\/bibliotheques\/wp-json\/wp\/v2\/types\/page"}],"author":[{"embeddable":true,"href":"https:\/\/web.umons.ac.be\/bibliotheques\/wp-json\/wp\/v2\/users\/2"}],"replies":[{"embeddable":true,"href":"https:\/\/web.umons.ac.be\/bibliotheques\/wp-json\/wp\/v2\/comments?post=42"}],"version-history":[{"count":3,"href":"https:\/\/web.umons.ac.be\/bibliotheques\/wp-json\/wp\/v2\/pages\/42\/revisions"}],"predecessor-version":[{"id":607,"href":"https:\/\/web.umons.ac.be\/bibliotheques\/wp-json\/wp\/v2\/pages\/42\/revisions\/607"}],"wp:attachment":[{"href":"https:\/\/web.umons.ac.be\/bibliotheques\/wp-json\/wp\/v2\/media?parent=42"}],"curies":[{"name":"wp","href":"https:\/\/api.w.org\/{rel}","templated":true}]}}