{"id":46,"date":"2020-06-04T16:01:24","date_gmt":"2020-06-04T14:01:24","guid":{"rendered":"https:\/\/web.umons.ac.be\/bibliotheques\/?page_id=46"},"modified":"2025-12-19T09:17:23","modified_gmt":"2025-12-19T08:17:23","slug":"pret-inter-bibliotheques","status":"publish","type":"page","link":"https:\/\/web.umons.ac.be\/bibliotheques\/pret-inter-bibliotheques\/","title":{"rendered":"Pr\u00eat inter-biblioth\u00e8ques"},"content":{"rendered":"<p>Le pr\u00eat inter-biblioth\u00e8ques (PIB) est un service payant qui assure la recherche des documents non disponibles \u00e0 l\u2019UMONS.<\/p>\n<p>Les ouvrages, th\u00e8ses, rapports re\u00e7us de ces biblioth\u00e8ques sont alors consultables pendant 15 jours. Les articles sont transmis au lecteur.<\/p>\n<p>Les tarifs des copies et des pr\u00eats varient en fonction de leur origine.<\/p>\n<p>Int\u00e9gr\u00e9es dans le r\u00e9seau de pr\u00eat IMPALA, les biblioth\u00e8ques se chargent de fournir tout document disponible \u00e0 l\u2019UMONS aux biblioth\u00e8ques et centres de documentation de ce r\u00e9seau. Les autres biblioth\u00e8ques belges et les biblioth\u00e8ques \u00e9trang\u00e8res peuvent effectuer les demandes de copie d\u2019articles ou de pr\u00eat de livre \u00e0 leur convenance.<\/p>\n<h6><span class=\"ms-rteCustom-Gras\">Contact unique<\/span><\/h6>\n<p><a href=\"mailto:pib.parc@umons.ac.be\">pib.parc@umons.ac.be<\/a><\/p>\n<p>&nbsp;<\/p>\n","protected":false},"excerpt":{"rendered":"<p>Le pr\u00eat inter-biblioth\u00e8ques (PIB) est un service payant qui assure la recherche des documents non disponibles \u00e0 l\u2019UMONS. Les ouvrages, th\u00e8ses, rapports re\u00e7us de ces biblioth\u00e8ques sont alors consultables pendant 15 jours. Les articles sont transmis au lecteur. Les tarifs des copies et des pr\u00eats varient en fonction de leur origine. Int\u00e9gr\u00e9es dans le r\u00e9seau [&hellip;]<\/p>\n","protected":false},"author":2,"featured_media":0,"parent":0,"menu_order":0,"comment_status":"closed","ping_status":"closed","template":"","meta":{"footnotes":""},"class_list":["post-46","page","type-page","status-publish","hentry"],"yoast_head":"<!-- This site is optimized with the Yoast SEO plugin v27.2 - https:\/\/yoast.com\/product\/yoast-seo-wordpress\/ -->\n<title>Pr\u00eat inter-biblioth\u00e8ques - Biblioth\u00e8ques de l&#039;UMONS<\/title>\n<meta name=\"robots\" content=\"index, follow, max-snippet:-1, max-image-preview:large, max-video-preview:-1\" \/>\n<link rel=\"canonical\" href=\"https:\/\/web.umons.ac.be\/bibliotheques\/pret-inter-bibliotheques\/\" \/>\n<meta property=\"og:locale\" content=\"fr_FR\" \/>\n<meta property=\"og:type\" content=\"article\" \/>\n<meta property=\"og:title\" content=\"Pr\u00eat inter-biblioth\u00e8ques - Biblioth\u00e8ques de l&#039;UMONS\" \/>\n<meta property=\"og:description\" content=\"Le pr\u00eat inter-biblioth\u00e8ques (PIB) est un service payant qui assure la recherche des documents non disponibles \u00e0 l\u2019UMONS. Les ouvrages, th\u00e8ses, rapports re\u00e7us de ces biblioth\u00e8ques sont alors consultables pendant 15 jours. Les articles sont transmis au lecteur. Les tarifs des copies et des pr\u00eats varient en fonction de leur origine. Int\u00e9gr\u00e9es dans le r\u00e9seau [&hellip;]\" \/>\n<meta property=\"og:url\" content=\"https:\/\/web.umons.ac.be\/bibliotheques\/pret-inter-bibliotheques\/\" \/>\n<meta property=\"og:site_name\" content=\"Biblioth\u00e8ques de l&#039;UMONS\" \/>\n<meta property=\"article:modified_time\" content=\"2025-12-19T08:17:23+00:00\" \/>\n<meta name=\"twitter:card\" content=\"summary_large_image\" \/>\n<meta name=\"twitter:label1\" content=\"Dur\u00e9e de lecture estim\u00e9e\" \/>\n\t<meta name=\"twitter:data1\" content=\"1 minute\" \/>\n<script type=\"application\/ld+json\" class=\"yoast-schema-graph\">{\"@context\":\"https:\/\/schema.org\",\"@graph\":[{\"@type\":\"WebPage\",\"@id\":\"https:\/\/web.umons.ac.be\/bibliotheques\/pret-inter-bibliotheques\/\",\"url\":\"https:\/\/web.umons.ac.be\/bibliotheques\/pret-inter-bibliotheques\/\",\"name\":\"Pr\u00eat inter-biblioth\u00e8ques - Biblioth\u00e8ques de l&#039;UMONS\",\"isPartOf\":{\"@id\":\"https:\/\/web.umons.ac.be\/bibliotheques\/#website\"},\"datePublished\":\"2020-06-04T14:01:24+00:00\",\"dateModified\":\"2025-12-19T08:17:23+00:00\",\"breadcrumb\":{\"@id\":\"https:\/\/web.umons.ac.be\/bibliotheques\/pret-inter-bibliotheques\/#breadcrumb\"},\"inLanguage\":\"fr-FR\",\"potentialAction\":[{\"@type\":\"ReadAction\",\"target\":[\"https:\/\/web.umons.ac.be\/bibliotheques\/pret-inter-bibliotheques\/\"]}]},{\"@type\":\"BreadcrumbList\",\"@id\":\"https:\/\/web.umons.ac.be\/bibliotheques\/pret-inter-bibliotheques\/#breadcrumb\",\"itemListElement\":[{\"@type\":\"ListItem\",\"position\":1,\"name\":\"Home\",\"item\":\"https:\/\/web.umons.ac.be\/bibliotheques\/\"},{\"@type\":\"ListItem\",\"position\":2,\"name\":\"Pr\u00eat inter-biblioth\u00e8ques\"}]},{\"@type\":\"WebSite\",\"@id\":\"https:\/\/web.umons.ac.be\/bibliotheques\/#website\",\"url\":\"https:\/\/web.umons.ac.be\/bibliotheques\/\",\"name\":\"Biblioth\u00e8ques de l&#039;UMONS\",\"description\":\"Un site utilisant Universit\u00e9 de Mons \u2013 UMONS\",\"potentialAction\":[{\"@type\":\"SearchAction\",\"target\":{\"@type\":\"EntryPoint\",\"urlTemplate\":\"https:\/\/web.umons.ac.be\/bibliotheques\/?s={search_term_string}\"},\"query-input\":{\"@type\":\"PropertyValueSpecification\",\"valueRequired\":true,\"valueName\":\"search_term_string\"}}],\"inLanguage\":\"fr-FR\"}]}<\/script>\n<!-- \/ Yoast SEO plugin. -->","yoast_head_json":{"title":"Pr\u00eat inter-biblioth\u00e8ques - Biblioth\u00e8ques de l&#039;UMONS","robots":{"index":"index","follow":"follow","max-snippet":"max-snippet:-1","max-image-preview":"max-image-preview:large","max-video-preview":"max-video-preview:-1"},"canonical":"https:\/\/web.umons.ac.be\/bibliotheques\/pret-inter-bibliotheques\/","og_locale":"fr_FR","og_type":"article","og_title":"Pr\u00eat inter-biblioth\u00e8ques - Biblioth\u00e8ques de l&#039;UMONS","og_description":"Le pr\u00eat inter-biblioth\u00e8ques (PIB) est un service payant qui assure la recherche des documents non disponibles \u00e0 l\u2019UMONS. Les ouvrages, th\u00e8ses, rapports re\u00e7us de ces biblioth\u00e8ques sont alors consultables pendant 15 jours. Les articles sont transmis au lecteur. Les tarifs des copies et des pr\u00eats varient en fonction de leur origine. Int\u00e9gr\u00e9es dans le r\u00e9seau [&hellip;]","og_url":"https:\/\/web.umons.ac.be\/bibliotheques\/pret-inter-bibliotheques\/","og_site_name":"Biblioth\u00e8ques de l&#039;UMONS","article_modified_time":"2025-12-19T08:17:23+00:00","twitter_card":"summary_large_image","twitter_misc":{"Dur\u00e9e de lecture estim\u00e9e":"1 minute"},"schema":{"@context":"https:\/\/schema.org","@graph":[{"@type":"WebPage","@id":"https:\/\/web.umons.ac.be\/bibliotheques\/pret-inter-bibliotheques\/","url":"https:\/\/web.umons.ac.be\/bibliotheques\/pret-inter-bibliotheques\/","name":"Pr\u00eat inter-biblioth\u00e8ques - Biblioth\u00e8ques de l&#039;UMONS","isPartOf":{"@id":"https:\/\/web.umons.ac.be\/bibliotheques\/#website"},"datePublished":"2020-06-04T14:01:24+00:00","dateModified":"2025-12-19T08:17:23+00:00","breadcrumb":{"@id":"https:\/\/web.umons.ac.be\/bibliotheques\/pret-inter-bibliotheques\/#breadcrumb"},"inLanguage":"fr-FR","potentialAction":[{"@type":"ReadAction","target":["https:\/\/web.umons.ac.be\/bibliotheques\/pret-inter-bibliotheques\/"]}]},{"@type":"BreadcrumbList","@id":"https:\/\/web.umons.ac.be\/bibliotheques\/pret-inter-bibliotheques\/#breadcrumb","itemListElement":[{"@type":"ListItem","position":1,"name":"Home","item":"https:\/\/web.umons.ac.be\/bibliotheques\/"},{"@type":"ListItem","position":2,"name":"Pr\u00eat inter-biblioth\u00e8ques"}]},{"@type":"WebSite","@id":"https:\/\/web.umons.ac.be\/bibliotheques\/#website","url":"https:\/\/web.umons.ac.be\/bibliotheques\/","name":"Biblioth\u00e8ques de l&#039;UMONS","description":"Un site utilisant Universit\u00e9 de Mons \u2013 UMONS","potentialAction":[{"@type":"SearchAction","target":{"@type":"EntryPoint","urlTemplate":"https:\/\/web.umons.ac.be\/bibliotheques\/?s={search_term_string}"},"query-input":{"@type":"PropertyValueSpecification","valueRequired":true,"valueName":"search_term_string"}}],"inLanguage":"fr-FR"}]}},"lang":"fr","translations":{"fr":46},"pll_sync_post":[],"_links":{"self":[{"href":"https:\/\/web.umons.ac.be\/bibliotheques\/wp-json\/wp\/v2\/pages\/46","targetHints":{"allow":["GET"]}}],"collection":[{"href":"https:\/\/web.umons.ac.be\/bibliotheques\/wp-json\/wp\/v2\/pages"}],"about":[{"href":"https:\/\/web.umons.ac.be\/bibliotheques\/wp-json\/wp\/v2\/types\/page"}],"author":[{"embeddable":true,"href":"https:\/\/web.umons.ac.be\/bibliotheques\/wp-json\/wp\/v2\/users\/2"}],"replies":[{"embeddable":true,"href":"https:\/\/web.umons.ac.be\/bibliotheques\/wp-json\/wp\/v2\/comments?post=46"}],"version-history":[{"count":4,"href":"https:\/\/web.umons.ac.be\/bibliotheques\/wp-json\/wp\/v2\/pages\/46\/revisions"}],"predecessor-version":[{"id":865,"href":"https:\/\/web.umons.ac.be\/bibliotheques\/wp-json\/wp\/v2\/pages\/46\/revisions\/865"}],"wp:attachment":[{"href":"https:\/\/web.umons.ac.be\/bibliotheques\/wp-json\/wp\/v2\/media?parent=46"}],"curies":[{"name":"wp","href":"https:\/\/api.w.org\/{rel}","templated":true}]}}