{"id":52,"date":"2020-06-04T16:03:21","date_gmt":"2020-06-04T14:03:21","guid":{"rendered":"https:\/\/web.umons.ac.be\/bibliotheques\/?page_id=52"},"modified":"2024-01-12T15:28:10","modified_gmt":"2024-01-12T14:28:10","slug":"emprunts-et-consultations","status":"publish","type":"page","link":"https:\/\/web.umons.ac.be\/bibliotheques\/emprunts-et-consultations\/","title":{"rendered":"Consultations et emprunts"},"content":{"rendered":"<h5>Consultation des ouvrages<\/h5>\n<h6>En salle de lecture\u00a0: [Salle de lecture] ou [Nouveaut\u00e9]<\/h6>\n<p>Les ouvrages en salle de lecture sont accessibles librement.<\/p>\n<h6>En r\u00e9serve\u00a0: [Magasin], [R\u00e9serve] ou [Dolez]<\/h6>\n<p>Les ouvrages pr\u00e9sents en magasin ou en r\u00e9serve peuvent \u00eatre demand\u00e9s pour consultation au comptoir d&rsquo;information. Un d\u00e9lai est parfois n\u00e9cessaire pour vous fournir le document.<\/p>\n<p>Les ouvrages demand\u00e9s en magasins sont mis \u00e0 disposition pendant 5 jours.<\/p>\n<h6>En service\u00a0: Service ou [SR]<\/h6>\n<p>Les ouvrages pr\u00e9sents dans les services ne sont pas disponibles dans les biblioth\u00e8ques. Veuillez vous adresser au service concern\u00e9.<\/p>\n<h5>Comment emprunter ?<\/h5>\n<p><span style=\"font-family: 'Helvetica Neue', Helvetica, Arial, sans-serif; font-size: 14px; font-style: normal; font-weight: 400;\">Le pr\u00eat \u00e0 domicile est soumis \u00e0 la d\u00e9tention d\u2019une carte d\u2019acc\u00e8s personnelle et incessible que vous obtenez en vous inscrivant.<br \/>\n<\/span><\/p>\n<start-cask-shortcode-wrapper>    <div class=\"accordion content-block scheme-libraries\">\n                <div class=\"accordion-inner\">\n            <div class=\"accordion-bellow\">\n                <button class=\"accordion-bellow-toggle scheme-background-hover\" data-target=\"#accordion-content-65a14c72a2ffe\">\n                    <span class=\"icon umons-icon-chevron-down\" aria-hidden=\"true\"><\/span> Etudiants UMONS                <\/button>\n            <\/div>\n            <div id=\"accordion-content-65a14c72a2ffe\" class=\"accordion-content\">\n            \t<div class=\"inner editor-front\">\n            \t\t<p>Nombre d\u2019ouvrages empruntables : 5<br \/>\nDur\u00e9e du pr\u00eat : 28 jours<br \/>\nNombre de prolongation : 1<br \/>\nCout d\u2019emprunt : Gratuit<br \/>\nP\u00e9nalit\u00e9s de retard : 0,20\u20ac \/ jour et par livre<\/p>\n            \t<\/div>\n            <\/div>\n        <\/div>\n                <div class=\"accordion-inner\">\n            <div class=\"accordion-bellow\">\n                <button class=\"accordion-bellow-toggle scheme-background-hover\" data-target=\"#accordion-content-65a14c72abaeb\">\n                    <span class=\"icon umons-icon-chevron-down\" aria-hidden=\"true\"><\/span> Membres du personnel UMONS                <\/button>\n            <\/div>\n            <div id=\"accordion-content-65a14c72abaeb\" class=\"accordion-content\">\n            \t<div class=\"inner editor-front\">\n            \t\t<p>Nombre d\u2019ouvrages empruntables : Illimit\u00e9<br \/>\nDur\u00e9e du pr\u00eat : 84 jours<br \/>\nNombre de prolongation : 1<br \/>\nCout d\u2019emprunt : Gratuit<br \/>\nP\u00e9nalit\u00e9s de retard : \/<\/p>\n            \t<\/div>\n            <\/div>\n        <\/div>\n                <div class=\"accordion-inner\">\n            <div class=\"accordion-bellow\">\n                <button class=\"accordion-bellow-toggle scheme-background-hover\" data-target=\"#accordion-content-65a14c72abc3c\">\n                    <span class=\"icon umons-icon-chevron-down\" aria-hidden=\"true\"><\/span> Etudiants et membres du personnel des \u00e9tablissements d'enseignement sup\u00e9rieur de la FWB                <\/button>\n            <\/div>\n            <div id=\"accordion-content-65a14c72abc3c\" class=\"accordion-content\">\n            \t<div class=\"inner editor-front\">\n            \t\t<p>Nombre d\u2019ouvrages empruntables : 2<br \/>\nDur\u00e9e du pr\u00eat : 28 jours<br \/>\nNombre de prolongation : 1<br \/>\nCout d\u2019emprunt : Gratuit<br \/>\nP\u00e9nalit\u00e9s de retard : 0,20\u20ac \/ jour et par livre<\/p>\n            \t<\/div>\n            <\/div>\n        <\/div>\n                <div class=\"accordion-inner\">\n            <div class=\"accordion-bellow\">\n                <button class=\"accordion-bellow-toggle scheme-background-hover\" data-target=\"#accordion-content-65a14c72abd41\">\n                    <span class=\"icon umons-icon-chevron-down\" aria-hidden=\"true\"><\/span> Lecteurs ext\u00e9rieurs                <\/button>\n            <\/div>\n            <div id=\"accordion-content-65a14c72abd41\" class=\"accordion-content\">\n            \t<div class=\"inner editor-front\">\n            \t\t<p>Nombre d\u2019ouvrages empruntables : 2<br \/>\nDur\u00e9e du pr\u00eat : 28 jours<br \/>\nNombre de prolongation : 1<br \/>\nCout d\u2019emprunt : Gratuit<br \/>\nP\u00e9nalit\u00e9s de retard : 0,20\u20ac \/ jour et par livre<\/p>\n            \t<\/div>\n            <\/div>\n        <\/div>\n            <\/div>\n<end-cask-shortcode-wrapper>\n<p>Les ouvrages de r\u00e9f\u00e9rence, m\u00e9moires, th\u00e8ses et les documents cit\u00e9s dans l&rsquo;art. 35 du r\u00e8glement ne sont pas empruntables.<\/p>\n<h5 style=\"font-style: normal;\">Documents en retard<\/h5>\n<p style=\"font-style: normal; font-weight: 400; font-family: 'Helvetica Neue', Helvetica, Arial, sans-serif; font-size: 14px;\">Des p\u00e9nalit\u00e9s de retard seront impos\u00e9es au lecteur selon le tarif de 0,2 \u20ac par livre et jour ouvrable de retard. Paiement en esp\u00e8ces uniquement.<br \/>\nAucun paiement n&rsquo;est possible apr\u00e8s 18h.<\/p>\n<h5 style=\"font-style: normal;\">Prolongation d\u2019emprunts<\/h5>\n<p style=\"font-style: normal; font-weight: 400; font-family: 'Helvetica Neue', Helvetica, Arial, sans-serif; font-size: 14px;\">Les emprunts peuvent \u00eatre prolong\u00e9s 1 seule fois de 28 jours calendrier si le document n\u2019est pas en retard et n\u2019est pas r\u00e9serv\u00e9 par une autre personne. Pour ce faire, connectez-vous \u00e0\u00a0<a style=\"font-size: 14px;\" href=\"https:\/\/web.umons.ac.be\/bibliotheques\/acces-au-compte-personnel\/\">votre compte personnel<\/a>\u00a0ou\u00a0<a style=\"font-size: 14px;\" href=\"https:\/\/web.umons.ac.be\/bibliotheques\/implantationshoraires-et-contacts\/\">contactez la biblioth\u00e8que<\/a>.<\/p>\n","protected":false},"excerpt":{"rendered":"<p>Consultation des ouvrages En salle de lecture\u00a0: [Salle de lecture] ou [Nouveaut\u00e9] Les ouvrages en salle de lecture sont accessibles librement. En r\u00e9serve\u00a0: [Magasin], [R\u00e9serve] ou [Dolez] Les ouvrages pr\u00e9sents en magasin ou en r\u00e9serve peuvent \u00eatre demand\u00e9s pour consultation au comptoir d&rsquo;information. Un d\u00e9lai est parfois n\u00e9cessaire pour vous fournir le document. Les ouvrages [&hellip;]<\/p>\n","protected":false},"author":2,"featured_media":0,"parent":0,"menu_order":0,"comment_status":"closed","ping_status":"closed","template":"","meta":{"footnotes":""},"class_list":["post-52","page","type-page","status-publish","hentry"],"yoast_head":"<!-- This site is optimized with the Yoast SEO plugin v27.2 - https:\/\/yoast.com\/product\/yoast-seo-wordpress\/ -->\n<title>Consultations et emprunts - Biblioth\u00e8ques de l&#039;UMONS<\/title>\n<meta name=\"robots\" content=\"index, follow, max-snippet:-1, max-image-preview:large, max-video-preview:-1\" \/>\n<link rel=\"canonical\" href=\"https:\/\/web.umons.ac.be\/bibliotheques\/emprunts-et-consultations\/\" \/>\n<meta property=\"og:locale\" content=\"fr_FR\" \/>\n<meta property=\"og:type\" content=\"article\" \/>\n<meta property=\"og:title\" content=\"Consultations et emprunts - Biblioth\u00e8ques de l&#039;UMONS\" \/>\n<meta property=\"og:description\" content=\"Consultation des ouvrages En salle de lecture\u00a0: [Salle de lecture] ou [Nouveaut\u00e9] Les ouvrages en salle de lecture sont accessibles librement. En r\u00e9serve\u00a0: [Magasin], [R\u00e9serve] ou [Dolez] Les ouvrages pr\u00e9sents en magasin ou en r\u00e9serve peuvent \u00eatre demand\u00e9s pour consultation au comptoir d&rsquo;information. Un d\u00e9lai est parfois n\u00e9cessaire pour vous fournir le document. Les ouvrages [&hellip;]\" \/>\n<meta property=\"og:url\" content=\"https:\/\/web.umons.ac.be\/bibliotheques\/emprunts-et-consultations\/\" \/>\n<meta property=\"og:site_name\" content=\"Biblioth\u00e8ques de l&#039;UMONS\" \/>\n<meta property=\"article:modified_time\" content=\"2024-01-12T14:28:10+00:00\" \/>\n<meta name=\"twitter:card\" content=\"summary_large_image\" \/>\n<meta name=\"twitter:label1\" content=\"Dur\u00e9e de lecture estim\u00e9e\" \/>\n\t<meta name=\"twitter:data1\" content=\"2 minutes\" \/>\n<script type=\"application\/ld+json\" class=\"yoast-schema-graph\">{\"@context\":\"https:\/\/schema.org\",\"@graph\":[{\"@type\":\"WebPage\",\"@id\":\"https:\/\/web.umons.ac.be\/bibliotheques\/emprunts-et-consultations\/\",\"url\":\"https:\/\/web.umons.ac.be\/bibliotheques\/emprunts-et-consultations\/\",\"name\":\"Consultations et emprunts - Biblioth\u00e8ques de l&#039;UMONS\",\"isPartOf\":{\"@id\":\"https:\/\/web.umons.ac.be\/bibliotheques\/#website\"},\"datePublished\":\"2020-06-04T14:03:21+00:00\",\"dateModified\":\"2024-01-12T14:28:10+00:00\",\"breadcrumb\":{\"@id\":\"https:\/\/web.umons.ac.be\/bibliotheques\/emprunts-et-consultations\/#breadcrumb\"},\"inLanguage\":\"fr-FR\",\"potentialAction\":[{\"@type\":\"ReadAction\",\"target\":[\"https:\/\/web.umons.ac.be\/bibliotheques\/emprunts-et-consultations\/\"]}]},{\"@type\":\"BreadcrumbList\",\"@id\":\"https:\/\/web.umons.ac.be\/bibliotheques\/emprunts-et-consultations\/#breadcrumb\",\"itemListElement\":[{\"@type\":\"ListItem\",\"position\":1,\"name\":\"Home\",\"item\":\"https:\/\/web.umons.ac.be\/bibliotheques\/\"},{\"@type\":\"ListItem\",\"position\":2,\"name\":\"Consultations et emprunts\"}]},{\"@type\":\"WebSite\",\"@id\":\"https:\/\/web.umons.ac.be\/bibliotheques\/#website\",\"url\":\"https:\/\/web.umons.ac.be\/bibliotheques\/\",\"name\":\"Biblioth\u00e8ques de l&#039;UMONS\",\"description\":\"Un site utilisant Universit\u00e9 de Mons \u2013 UMONS\",\"potentialAction\":[{\"@type\":\"SearchAction\",\"target\":{\"@type\":\"EntryPoint\",\"urlTemplate\":\"https:\/\/web.umons.ac.be\/bibliotheques\/?s={search_term_string}\"},\"query-input\":{\"@type\":\"PropertyValueSpecification\",\"valueRequired\":true,\"valueName\":\"search_term_string\"}}],\"inLanguage\":\"fr-FR\"}]}<\/script>\n<!-- \/ Yoast SEO plugin. -->","yoast_head_json":{"title":"Consultations et emprunts - Biblioth\u00e8ques de l&#039;UMONS","robots":{"index":"index","follow":"follow","max-snippet":"max-snippet:-1","max-image-preview":"max-image-preview:large","max-video-preview":"max-video-preview:-1"},"canonical":"https:\/\/web.umons.ac.be\/bibliotheques\/emprunts-et-consultations\/","og_locale":"fr_FR","og_type":"article","og_title":"Consultations et emprunts - Biblioth\u00e8ques de l&#039;UMONS","og_description":"Consultation des ouvrages En salle de lecture\u00a0: [Salle de lecture] ou [Nouveaut\u00e9] Les ouvrages en salle de lecture sont accessibles librement. En r\u00e9serve\u00a0: [Magasin], [R\u00e9serve] ou [Dolez] Les ouvrages pr\u00e9sents en magasin ou en r\u00e9serve peuvent \u00eatre demand\u00e9s pour consultation au comptoir d&rsquo;information. Un d\u00e9lai est parfois n\u00e9cessaire pour vous fournir le document. Les ouvrages [&hellip;]","og_url":"https:\/\/web.umons.ac.be\/bibliotheques\/emprunts-et-consultations\/","og_site_name":"Biblioth\u00e8ques de l&#039;UMONS","article_modified_time":"2024-01-12T14:28:10+00:00","twitter_card":"summary_large_image","twitter_misc":{"Dur\u00e9e de lecture estim\u00e9e":"2 minutes"},"schema":{"@context":"https:\/\/schema.org","@graph":[{"@type":"WebPage","@id":"https:\/\/web.umons.ac.be\/bibliotheques\/emprunts-et-consultations\/","url":"https:\/\/web.umons.ac.be\/bibliotheques\/emprunts-et-consultations\/","name":"Consultations et emprunts - Biblioth\u00e8ques de l&#039;UMONS","isPartOf":{"@id":"https:\/\/web.umons.ac.be\/bibliotheques\/#website"},"datePublished":"2020-06-04T14:03:21+00:00","dateModified":"2024-01-12T14:28:10+00:00","breadcrumb":{"@id":"https:\/\/web.umons.ac.be\/bibliotheques\/emprunts-et-consultations\/#breadcrumb"},"inLanguage":"fr-FR","potentialAction":[{"@type":"ReadAction","target":["https:\/\/web.umons.ac.be\/bibliotheques\/emprunts-et-consultations\/"]}]},{"@type":"BreadcrumbList","@id":"https:\/\/web.umons.ac.be\/bibliotheques\/emprunts-et-consultations\/#breadcrumb","itemListElement":[{"@type":"ListItem","position":1,"name":"Home","item":"https:\/\/web.umons.ac.be\/bibliotheques\/"},{"@type":"ListItem","position":2,"name":"Consultations et emprunts"}]},{"@type":"WebSite","@id":"https:\/\/web.umons.ac.be\/bibliotheques\/#website","url":"https:\/\/web.umons.ac.be\/bibliotheques\/","name":"Biblioth\u00e8ques de l&#039;UMONS","description":"Un site utilisant Universit\u00e9 de Mons \u2013 UMONS","potentialAction":[{"@type":"SearchAction","target":{"@type":"EntryPoint","urlTemplate":"https:\/\/web.umons.ac.be\/bibliotheques\/?s={search_term_string}"},"query-input":{"@type":"PropertyValueSpecification","valueRequired":true,"valueName":"search_term_string"}}],"inLanguage":"fr-FR"}]}},"lang":"fr","translations":{"fr":52},"pll_sync_post":[],"_links":{"self":[{"href":"https:\/\/web.umons.ac.be\/bibliotheques\/wp-json\/wp\/v2\/pages\/52","targetHints":{"allow":["GET"]}}],"collection":[{"href":"https:\/\/web.umons.ac.be\/bibliotheques\/wp-json\/wp\/v2\/pages"}],"about":[{"href":"https:\/\/web.umons.ac.be\/bibliotheques\/wp-json\/wp\/v2\/types\/page"}],"author":[{"embeddable":true,"href":"https:\/\/web.umons.ac.be\/bibliotheques\/wp-json\/wp\/v2\/users\/2"}],"replies":[{"embeddable":true,"href":"https:\/\/web.umons.ac.be\/bibliotheques\/wp-json\/wp\/v2\/comments?post=52"}],"version-history":[{"count":4,"href":"https:\/\/web.umons.ac.be\/bibliotheques\/wp-json\/wp\/v2\/pages\/52\/revisions"}],"predecessor-version":[{"id":710,"href":"https:\/\/web.umons.ac.be\/bibliotheques\/wp-json\/wp\/v2\/pages\/52\/revisions\/710"}],"wp:attachment":[{"href":"https:\/\/web.umons.ac.be\/bibliotheques\/wp-json\/wp\/v2\/media?parent=52"}],"curies":[{"name":"wp","href":"https:\/\/api.w.org\/{rel}","templated":true}]}}