{"id":54,"date":"2020-06-04T16:06:01","date_gmt":"2020-06-04T14:06:01","guid":{"rendered":"https:\/\/web.umons.ac.be\/bibliotheques\/?page_id=54"},"modified":"2024-01-12T15:26:25","modified_gmt":"2024-01-12T14:26:25","slug":"conditions-dacces-inscription","status":"publish","type":"page","link":"https:\/\/web.umons.ac.be\/bibliotheques\/conditions-dacces-inscription\/","title":{"rendered":"Conditions d\u2019acc\u00e8s et inscription"},"content":{"rendered":"<h4>Comment avoir acc\u00e8s aux biblioth\u00e8ques de l\u2019UMONS ?<\/h4>\n<p>Les lecteurs doivent \u00eatre en ordre d\u2019inscription et \u00eatre munis de leur carte de lecteur, exigible dans tous les locaux des biblioth\u00e8ques.<\/p>\n<h5>S\u2019inscrire<\/h5>\n<ul>\n<li>Pour acc\u00e9der \u00e0 l\u2019ensemble des biblioth\u00e8ques de l\u2019UMONS<\/li>\n<li>Pour emprunter des documents<\/li>\n<li>Pour acc\u00e9der aux ressources papier et \u00e9lectroniques<\/li>\n<\/ul>\n<h5>Comment s\u2019inscrire ?<\/h5>\n<p>Adressez-vous au comptoir d\u2019accueil de la biblioth\u00e8que.<br \/>\nPaiement en esp\u00e8ces uniquement. Les inscriptions payantes ne sont pas possibles apr\u00e8s 18h.<\/p>\n<start-cask-shortcode-wrapper>    <div class=\"accordion content-block scheme-libraries\">\n                <div class=\"accordion-inner\">\n            <div class=\"accordion-bellow\">\n                <button class=\"accordion-bellow-toggle scheme-background-hover\" data-target=\"#accordion-content-65a14b61d7cf4\">\n                    <span class=\"icon umons-icon-chevron-down\" aria-hidden=\"true\"><\/span> Etudiants UMONS                <\/button>\n            <\/div>\n            <div id=\"accordion-content-65a14b61d7cf4\" class=\"accordion-content\">\n            \t<div class=\"inner editor-front\">\n            \t\t<p>Inscription : Gratuit sur pr\u00e9sentation de la carte \u00e9tudiant<br \/>\nNombre d\u2019ouvrages empruntables : 5<br \/>\nDur\u00e9e du pr\u00eat : 28 jours<br \/>\nNombre de prolongation : 1<br \/>\nCout d\u2019emprunt : Gratuit<br \/>\nP\u00e9nalit\u00e9s de retard : 0,20\u20ac \/ jour et par livre<\/p>\n            \t<\/div>\n            <\/div>\n        <\/div>\n                <div class=\"accordion-inner\">\n            <div class=\"accordion-bellow\">\n                <button class=\"accordion-bellow-toggle scheme-background-hover\" data-target=\"#accordion-content-65a14b61e0606\">\n                    <span class=\"icon umons-icon-chevron-down\" aria-hidden=\"true\"><\/span> Membres du personnel UMONS                <\/button>\n            <\/div>\n            <div id=\"accordion-content-65a14b61e0606\" class=\"accordion-content\">\n            \t<div class=\"inner editor-front\">\n            \t\t<p>Inscription : Gratuit sur pr\u00e9sentation de la carte de membre du personnel<br \/>\nNombre d\u2019ouvrages empruntables : Illimit\u00e9<br \/>\nDur\u00e9e du pr\u00eat : 84 jours<br \/>\nNombre de prolongation : 1<br \/>\nCout d\u2019emprunt : Gratuit<br \/>\nP\u00e9nalit\u00e9s de retard : \/<\/p>\n            \t<\/div>\n            <\/div>\n        <\/div>\n                <div class=\"accordion-inner\">\n            <div class=\"accordion-bellow\">\n                <button class=\"accordion-bellow-toggle scheme-background-hover\" data-target=\"#accordion-content-65a14b61e0762\">\n                    <span class=\"icon umons-icon-chevron-down\" aria-hidden=\"true\"><\/span> Etudiants et membres du personnel des \u00e9tablissements d'enseignement sup\u00e9rieur de la FWB                <\/button>\n            <\/div>\n            <div id=\"accordion-content-65a14b61e0762\" class=\"accordion-content\">\n            \t<div class=\"inner editor-front\">\n            \t\t<p>Inscription : Gratuit sur pr\u00e9sentation de la carte \u00e9tudiant ou un document certifiant votre appartenance \u00e0 un \u00e9tablissement d&rsquo;enseignement sup\u00e9rieur de la FWB pour l\u2019ann\u00e9e en cours<br \/>\nNombre d\u2019ouvrages empruntables : 2<br \/>\nDur\u00e9e du pr\u00eat : 28 jours<br \/>\nNombre de prolongation : 1<br \/>\nCout d\u2019emprunt : Gratuit<br \/>\nP\u00e9nalit\u00e9s de retard : 0,20\u20ac \/ jour et par livre<\/p>\n            \t<\/div>\n            <\/div>\n        <\/div>\n                <div class=\"accordion-inner\">\n            <div class=\"accordion-bellow\">\n                <button class=\"accordion-bellow-toggle scheme-background-hover\" data-target=\"#accordion-content-65a14b61e0868\">\n                    <span class=\"icon umons-icon-chevron-down\" aria-hidden=\"true\"><\/span> Lecteurs ext\u00e9rieurs                <\/button>\n            <\/div>\n            <div id=\"accordion-content-65a14b61e0868\" class=\"accordion-content\">\n            \t<div class=\"inner editor-front\">\n            \t\t<p>Inscription sur pr\u00e9sentation d&rsquo;une pi\u00e8ce d&rsquo;identit\u00e9 : 6 \u20ac la premi\u00e8re ann\u00e9e, 3 \u20ac\/an d\u00e8s la 2e ann\u00e9e<br \/>\nVous devez \u00eatre \u00e2g\u00e9 de 16 ans minimum pour pouvoir vous inscrire<br \/>\nNombre d\u2019ouvrages empruntables : 2<br \/>\nDur\u00e9e du pr\u00eat : 28 jours<br \/>\nNombre de prolongation : 1<br \/>\nCout d\u2019emprunt : Gratuit<br \/>\nP\u00e9nalit\u00e9s de retard : 0,20\u20ac \/ jour et par livre<\/p>\n            \t<\/div>\n            <\/div>\n        <\/div>\n            <\/div>\n<end-cask-shortcode-wrapper>\n<div class=\"file-attachment\">\n<p><a href=\"https:\/\/web.umons.ac.be\/app\/uploads\/sites\/45\/2023\/08\/Reglement-des-bibliotheques-UMONS.pdf\"><br \/>\nExtrait du R\u00e8glement organique des biblioth\u00e8ques<\/a><\/p>\n<\/div>\n","protected":false},"excerpt":{"rendered":"<p>Comment avoir acc\u00e8s aux biblioth\u00e8ques de l\u2019UMONS ? Les lecteurs doivent \u00eatre en ordre d\u2019inscription et \u00eatre munis de leur carte de lecteur, exigible dans tous les locaux des biblioth\u00e8ques. S\u2019inscrire Pour acc\u00e9der \u00e0 l\u2019ensemble des biblioth\u00e8ques de l\u2019UMONS Pour emprunter des documents Pour acc\u00e9der aux ressources papier et \u00e9lectroniques Comment s\u2019inscrire ? Adressez-vous au [&hellip;]<\/p>\n","protected":false},"author":2,"featured_media":0,"parent":0,"menu_order":0,"comment_status":"closed","ping_status":"closed","template":"","meta":{"footnotes":""},"class_list":["post-54","page","type-page","status-publish","hentry"],"yoast_head":"<!-- This site is optimized with the Yoast SEO plugin v27.2 - https:\/\/yoast.com\/product\/yoast-seo-wordpress\/ -->\n<title>Conditions d\u2019acc\u00e8s et inscription - Biblioth\u00e8ques de l&#039;UMONS<\/title>\n<meta name=\"robots\" content=\"index, follow, max-snippet:-1, max-image-preview:large, max-video-preview:-1\" \/>\n<link rel=\"canonical\" href=\"https:\/\/web.umons.ac.be\/bibliotheques\/conditions-dacces-inscription\/\" \/>\n<meta property=\"og:locale\" content=\"fr_FR\" \/>\n<meta property=\"og:type\" content=\"article\" \/>\n<meta property=\"og:title\" content=\"Conditions d\u2019acc\u00e8s et inscription - Biblioth\u00e8ques de l&#039;UMONS\" \/>\n<meta property=\"og:description\" content=\"Comment avoir acc\u00e8s aux biblioth\u00e8ques de l\u2019UMONS ? Les lecteurs doivent \u00eatre en ordre d\u2019inscription et \u00eatre munis de leur carte de lecteur, exigible dans tous les locaux des biblioth\u00e8ques. S\u2019inscrire Pour acc\u00e9der \u00e0 l\u2019ensemble des biblioth\u00e8ques de l\u2019UMONS Pour emprunter des documents Pour acc\u00e9der aux ressources papier et \u00e9lectroniques Comment s\u2019inscrire ? Adressez-vous au [&hellip;]\" \/>\n<meta property=\"og:url\" content=\"https:\/\/web.umons.ac.be\/bibliotheques\/conditions-dacces-inscription\/\" \/>\n<meta property=\"og:site_name\" content=\"Biblioth\u00e8ques de l&#039;UMONS\" \/>\n<meta property=\"article:modified_time\" content=\"2024-01-12T14:26:25+00:00\" \/>\n<meta name=\"twitter:card\" content=\"summary_large_image\" \/>\n<meta name=\"twitter:label1\" content=\"Dur\u00e9e de lecture estim\u00e9e\" \/>\n\t<meta name=\"twitter:data1\" content=\"1 minute\" \/>\n<script type=\"application\/ld+json\" class=\"yoast-schema-graph\">{\"@context\":\"https:\/\/schema.org\",\"@graph\":[{\"@type\":\"WebPage\",\"@id\":\"https:\/\/web.umons.ac.be\/bibliotheques\/conditions-dacces-inscription\/\",\"url\":\"https:\/\/web.umons.ac.be\/bibliotheques\/conditions-dacces-inscription\/\",\"name\":\"Conditions d\u2019acc\u00e8s et inscription - Biblioth\u00e8ques de l&#039;UMONS\",\"isPartOf\":{\"@id\":\"https:\/\/web.umons.ac.be\/bibliotheques\/#website\"},\"datePublished\":\"2020-06-04T14:06:01+00:00\",\"dateModified\":\"2024-01-12T14:26:25+00:00\",\"breadcrumb\":{\"@id\":\"https:\/\/web.umons.ac.be\/bibliotheques\/conditions-dacces-inscription\/#breadcrumb\"},\"inLanguage\":\"fr-FR\",\"potentialAction\":[{\"@type\":\"ReadAction\",\"target\":[\"https:\/\/web.umons.ac.be\/bibliotheques\/conditions-dacces-inscription\/\"]}]},{\"@type\":\"BreadcrumbList\",\"@id\":\"https:\/\/web.umons.ac.be\/bibliotheques\/conditions-dacces-inscription\/#breadcrumb\",\"itemListElement\":[{\"@type\":\"ListItem\",\"position\":1,\"name\":\"Home\",\"item\":\"https:\/\/web.umons.ac.be\/bibliotheques\/\"},{\"@type\":\"ListItem\",\"position\":2,\"name\":\"Conditions d\u2019acc\u00e8s et inscription\"}]},{\"@type\":\"WebSite\",\"@id\":\"https:\/\/web.umons.ac.be\/bibliotheques\/#website\",\"url\":\"https:\/\/web.umons.ac.be\/bibliotheques\/\",\"name\":\"Biblioth\u00e8ques de l&#039;UMONS\",\"description\":\"Un site utilisant Universit\u00e9 de Mons \u2013 UMONS\",\"potentialAction\":[{\"@type\":\"SearchAction\",\"target\":{\"@type\":\"EntryPoint\",\"urlTemplate\":\"https:\/\/web.umons.ac.be\/bibliotheques\/?s={search_term_string}\"},\"query-input\":{\"@type\":\"PropertyValueSpecification\",\"valueRequired\":true,\"valueName\":\"search_term_string\"}}],\"inLanguage\":\"fr-FR\"}]}<\/script>\n<!-- \/ Yoast SEO plugin. -->","yoast_head_json":{"title":"Conditions d\u2019acc\u00e8s et inscription - Biblioth\u00e8ques de l&#039;UMONS","robots":{"index":"index","follow":"follow","max-snippet":"max-snippet:-1","max-image-preview":"max-image-preview:large","max-video-preview":"max-video-preview:-1"},"canonical":"https:\/\/web.umons.ac.be\/bibliotheques\/conditions-dacces-inscription\/","og_locale":"fr_FR","og_type":"article","og_title":"Conditions d\u2019acc\u00e8s et inscription - Biblioth\u00e8ques de l&#039;UMONS","og_description":"Comment avoir acc\u00e8s aux biblioth\u00e8ques de l\u2019UMONS ? Les lecteurs doivent \u00eatre en ordre d\u2019inscription et \u00eatre munis de leur carte de lecteur, exigible dans tous les locaux des biblioth\u00e8ques. S\u2019inscrire Pour acc\u00e9der \u00e0 l\u2019ensemble des biblioth\u00e8ques de l\u2019UMONS Pour emprunter des documents Pour acc\u00e9der aux ressources papier et \u00e9lectroniques Comment s\u2019inscrire ? Adressez-vous au [&hellip;]","og_url":"https:\/\/web.umons.ac.be\/bibliotheques\/conditions-dacces-inscription\/","og_site_name":"Biblioth\u00e8ques de l&#039;UMONS","article_modified_time":"2024-01-12T14:26:25+00:00","twitter_card":"summary_large_image","twitter_misc":{"Dur\u00e9e de lecture estim\u00e9e":"1 minute"},"schema":{"@context":"https:\/\/schema.org","@graph":[{"@type":"WebPage","@id":"https:\/\/web.umons.ac.be\/bibliotheques\/conditions-dacces-inscription\/","url":"https:\/\/web.umons.ac.be\/bibliotheques\/conditions-dacces-inscription\/","name":"Conditions d\u2019acc\u00e8s et inscription - Biblioth\u00e8ques de l&#039;UMONS","isPartOf":{"@id":"https:\/\/web.umons.ac.be\/bibliotheques\/#website"},"datePublished":"2020-06-04T14:06:01+00:00","dateModified":"2024-01-12T14:26:25+00:00","breadcrumb":{"@id":"https:\/\/web.umons.ac.be\/bibliotheques\/conditions-dacces-inscription\/#breadcrumb"},"inLanguage":"fr-FR","potentialAction":[{"@type":"ReadAction","target":["https:\/\/web.umons.ac.be\/bibliotheques\/conditions-dacces-inscription\/"]}]},{"@type":"BreadcrumbList","@id":"https:\/\/web.umons.ac.be\/bibliotheques\/conditions-dacces-inscription\/#breadcrumb","itemListElement":[{"@type":"ListItem","position":1,"name":"Home","item":"https:\/\/web.umons.ac.be\/bibliotheques\/"},{"@type":"ListItem","position":2,"name":"Conditions d\u2019acc\u00e8s et inscription"}]},{"@type":"WebSite","@id":"https:\/\/web.umons.ac.be\/bibliotheques\/#website","url":"https:\/\/web.umons.ac.be\/bibliotheques\/","name":"Biblioth\u00e8ques de l&#039;UMONS","description":"Un site utilisant Universit\u00e9 de Mons \u2013 UMONS","potentialAction":[{"@type":"SearchAction","target":{"@type":"EntryPoint","urlTemplate":"https:\/\/web.umons.ac.be\/bibliotheques\/?s={search_term_string}"},"query-input":{"@type":"PropertyValueSpecification","valueRequired":true,"valueName":"search_term_string"}}],"inLanguage":"fr-FR"}]}},"lang":"fr","translations":{"fr":54},"pll_sync_post":[],"_links":{"self":[{"href":"https:\/\/web.umons.ac.be\/bibliotheques\/wp-json\/wp\/v2\/pages\/54","targetHints":{"allow":["GET"]}}],"collection":[{"href":"https:\/\/web.umons.ac.be\/bibliotheques\/wp-json\/wp\/v2\/pages"}],"about":[{"href":"https:\/\/web.umons.ac.be\/bibliotheques\/wp-json\/wp\/v2\/types\/page"}],"author":[{"embeddable":true,"href":"https:\/\/web.umons.ac.be\/bibliotheques\/wp-json\/wp\/v2\/users\/2"}],"replies":[{"embeddable":true,"href":"https:\/\/web.umons.ac.be\/bibliotheques\/wp-json\/wp\/v2\/comments?post=54"}],"version-history":[{"count":4,"href":"https:\/\/web.umons.ac.be\/bibliotheques\/wp-json\/wp\/v2\/pages\/54\/revisions"}],"predecessor-version":[{"id":709,"href":"https:\/\/web.umons.ac.be\/bibliotheques\/wp-json\/wp\/v2\/pages\/54\/revisions\/709"}],"wp:attachment":[{"href":"https:\/\/web.umons.ac.be\/bibliotheques\/wp-json\/wp\/v2\/media?parent=54"}],"curies":[{"name":"wp","href":"https:\/\/api.w.org\/{rel}","templated":true}]}}