{"id":66,"date":"2020-06-15T12:32:11","date_gmt":"2020-06-15T10:32:11","guid":{"rendered":"https:\/\/web.umons.ac.be\/bibliotheques\/?page_id=66"},"modified":"2022-08-26T09:53:16","modified_gmt":"2022-08-26T07:53:16","slug":"acces-a-internet-wifi-pc","status":"publish","type":"page","link":"https:\/\/web.umons.ac.be\/bibliotheques\/acces-a-internet-wifi-pc\/","title":{"rendered":"Acc\u00e8s \u00e0 internet \/ wifi \/ pc"},"content":{"rendered":"<p>Les biblioth\u00e8ques de l&rsquo;UMONS vous proposent des ordinateurs pour la consultation du catalogue, des ressources \u00e9lectroniques et pour vos recherches documentaires sur internet.<\/p>\n<p>Des acc\u00e8s Wi-Fi sont disponibles dans chaque implantation :<\/p>\n<table style=\"width: 98.9191%\" width=\"604\">\n<tbody>\n<tr style=\"background-color: #bab8b8\">\n<td style=\"width: 19.6942%\" width=\"151\">\n<p style=\"text-align: center\"><strong>Nom du r\u00e9seau<\/strong><\/p>\n<\/td>\n<td style=\"width: 32.8555%\" width=\"170\">\n<p style=\"text-align: center\"><strong>Cat\u00e9gorie d\u2019usager<\/strong><\/p>\n<\/td>\n<td style=\"width: 56.8877%\" width=\"283\"><\/td>\n<\/tr>\n<tr>\n<td style=\"width: 19.6942%\" width=\"151\">UMONS-STUDENT<\/td>\n<td style=\"width: 32.8555%\" width=\"170\">Etudiant UMONS<\/td>\n<td style=\"width: 56.8877%\" width=\"283\">Identifiant UMONS + mot de passe<\/td>\n<\/tr>\n<tr>\n<td style=\"width: 19.6942%\" width=\"151\">UMONS-VISITOR<\/td>\n<td style=\"width: 32.8555%\" width=\"170\">Visiteur, \u00e9tudiant ext\u00e9rieur \u00e0 l\u2019UMONS<\/td>\n<td style=\"width: 56.8877%\" width=\"283\">Demande du mot de passe au comptoir d&rsquo;information. Un nouveau mot de passe est n\u00e9cessaire chaque semaine.<\/td>\n<\/tr>\n<tr>\n<td style=\"width: 19.6942%\" width=\"151\">Eduroam<\/td>\n<td style=\"width: 32.8555%\" width=\"170\">Etudiants d\u2019institution participant \u00e0 ce service<\/td>\n<td style=\"width: 56.8877%\" width=\"283\">Identifiant institution d\u2019origine + mot de passe de votre institution<\/td>\n<\/tr>\n<tr>\n<td style=\"width: 19.6942%\" width=\"151\">UMONS-PERSONNEL<\/td>\n<td style=\"width: 32.8555%\" width=\"170\">Personnel UMONS<\/td>\n<td style=\"width: 56.8877%\" width=\"283\">Identifiant UMONS + mot de passe<\/td>\n<\/tr>\n<\/tbody>\n<\/table>\n","protected":false},"excerpt":{"rendered":"<p>Les biblioth\u00e8ques de l&rsquo;UMONS vous proposent des ordinateurs pour la consultation du catalogue, des ressources \u00e9lectroniques et pour vos recherches documentaires sur internet. Des acc\u00e8s Wi-Fi sont disponibles dans chaque implantation : Nom du r\u00e9seau Cat\u00e9gorie d\u2019usager UMONS-STUDENT Etudiant UMONS Identifiant UMONS + mot de passe UMONS-VISITOR Visiteur, \u00e9tudiant ext\u00e9rieur \u00e0 l\u2019UMONS Demande du mot [&hellip;]<\/p>\n","protected":false},"author":2,"featured_media":0,"parent":0,"menu_order":0,"comment_status":"closed","ping_status":"closed","template":"","meta":{"footnotes":""},"class_list":["post-66","page","type-page","status-publish","hentry"],"yoast_head":"<!-- This site is optimized with the Yoast SEO plugin v27.2 - https:\/\/yoast.com\/product\/yoast-seo-wordpress\/ -->\n<title>Acc\u00e8s \u00e0 internet \/ wifi \/ pc - Biblioth\u00e8ques de l&#039;UMONS<\/title>\n<meta name=\"robots\" content=\"index, follow, max-snippet:-1, max-image-preview:large, max-video-preview:-1\" \/>\n<link rel=\"canonical\" href=\"https:\/\/web.umons.ac.be\/bibliotheques\/acces-a-internet-wifi-pc\/\" \/>\n<meta property=\"og:locale\" content=\"fr_FR\" \/>\n<meta property=\"og:type\" content=\"article\" \/>\n<meta property=\"og:title\" content=\"Acc\u00e8s \u00e0 internet \/ wifi \/ pc - Biblioth\u00e8ques de l&#039;UMONS\" \/>\n<meta property=\"og:description\" content=\"Les biblioth\u00e8ques de l&rsquo;UMONS vous proposent des ordinateurs pour la consultation du catalogue, des ressources \u00e9lectroniques et pour vos recherches documentaires sur internet. Des acc\u00e8s Wi-Fi sont disponibles dans chaque implantation : Nom du r\u00e9seau Cat\u00e9gorie d\u2019usager UMONS-STUDENT Etudiant UMONS Identifiant UMONS + mot de passe UMONS-VISITOR Visiteur, \u00e9tudiant ext\u00e9rieur \u00e0 l\u2019UMONS Demande du mot [&hellip;]\" \/>\n<meta property=\"og:url\" content=\"https:\/\/web.umons.ac.be\/bibliotheques\/acces-a-internet-wifi-pc\/\" \/>\n<meta property=\"og:site_name\" content=\"Biblioth\u00e8ques de l&#039;UMONS\" \/>\n<meta property=\"article:modified_time\" content=\"2022-08-26T07:53:16+00:00\" \/>\n<meta name=\"twitter:card\" content=\"summary_large_image\" \/>\n<meta name=\"twitter:label1\" content=\"Dur\u00e9e de lecture estim\u00e9e\" \/>\n\t<meta name=\"twitter:data1\" content=\"1 minute\" \/>\n<script type=\"application\/ld+json\" class=\"yoast-schema-graph\">{\"@context\":\"https:\/\/schema.org\",\"@graph\":[{\"@type\":\"WebPage\",\"@id\":\"https:\/\/web.umons.ac.be\/bibliotheques\/acces-a-internet-wifi-pc\/\",\"url\":\"https:\/\/web.umons.ac.be\/bibliotheques\/acces-a-internet-wifi-pc\/\",\"name\":\"Acc\u00e8s \u00e0 internet \/ wifi \/ pc - Biblioth\u00e8ques de l&#039;UMONS\",\"isPartOf\":{\"@id\":\"https:\/\/web.umons.ac.be\/bibliotheques\/#website\"},\"datePublished\":\"2020-06-15T10:32:11+00:00\",\"dateModified\":\"2022-08-26T07:53:16+00:00\",\"breadcrumb\":{\"@id\":\"https:\/\/web.umons.ac.be\/bibliotheques\/acces-a-internet-wifi-pc\/#breadcrumb\"},\"inLanguage\":\"fr-FR\",\"potentialAction\":[{\"@type\":\"ReadAction\",\"target\":[\"https:\/\/web.umons.ac.be\/bibliotheques\/acces-a-internet-wifi-pc\/\"]}]},{\"@type\":\"BreadcrumbList\",\"@id\":\"https:\/\/web.umons.ac.be\/bibliotheques\/acces-a-internet-wifi-pc\/#breadcrumb\",\"itemListElement\":[{\"@type\":\"ListItem\",\"position\":1,\"name\":\"Home\",\"item\":\"https:\/\/web.umons.ac.be\/bibliotheques\/\"},{\"@type\":\"ListItem\",\"position\":2,\"name\":\"Acc\u00e8s \u00e0 internet \/ wifi \/ pc\"}]},{\"@type\":\"WebSite\",\"@id\":\"https:\/\/web.umons.ac.be\/bibliotheques\/#website\",\"url\":\"https:\/\/web.umons.ac.be\/bibliotheques\/\",\"name\":\"Biblioth\u00e8ques de l&#039;UMONS\",\"description\":\"Un site utilisant Universit\u00e9 de Mons \u2013 UMONS\",\"potentialAction\":[{\"@type\":\"SearchAction\",\"target\":{\"@type\":\"EntryPoint\",\"urlTemplate\":\"https:\/\/web.umons.ac.be\/bibliotheques\/?s={search_term_string}\"},\"query-input\":{\"@type\":\"PropertyValueSpecification\",\"valueRequired\":true,\"valueName\":\"search_term_string\"}}],\"inLanguage\":\"fr-FR\"}]}<\/script>\n<!-- \/ Yoast SEO plugin. -->","yoast_head_json":{"title":"Acc\u00e8s \u00e0 internet \/ wifi \/ pc - Biblioth\u00e8ques de l&#039;UMONS","robots":{"index":"index","follow":"follow","max-snippet":"max-snippet:-1","max-image-preview":"max-image-preview:large","max-video-preview":"max-video-preview:-1"},"canonical":"https:\/\/web.umons.ac.be\/bibliotheques\/acces-a-internet-wifi-pc\/","og_locale":"fr_FR","og_type":"article","og_title":"Acc\u00e8s \u00e0 internet \/ wifi \/ pc - Biblioth\u00e8ques de l&#039;UMONS","og_description":"Les biblioth\u00e8ques de l&rsquo;UMONS vous proposent des ordinateurs pour la consultation du catalogue, des ressources \u00e9lectroniques et pour vos recherches documentaires sur internet. Des acc\u00e8s Wi-Fi sont disponibles dans chaque implantation : Nom du r\u00e9seau Cat\u00e9gorie d\u2019usager UMONS-STUDENT Etudiant UMONS Identifiant UMONS + mot de passe UMONS-VISITOR Visiteur, \u00e9tudiant ext\u00e9rieur \u00e0 l\u2019UMONS Demande du mot [&hellip;]","og_url":"https:\/\/web.umons.ac.be\/bibliotheques\/acces-a-internet-wifi-pc\/","og_site_name":"Biblioth\u00e8ques de l&#039;UMONS","article_modified_time":"2022-08-26T07:53:16+00:00","twitter_card":"summary_large_image","twitter_misc":{"Dur\u00e9e de lecture estim\u00e9e":"1 minute"},"schema":{"@context":"https:\/\/schema.org","@graph":[{"@type":"WebPage","@id":"https:\/\/web.umons.ac.be\/bibliotheques\/acces-a-internet-wifi-pc\/","url":"https:\/\/web.umons.ac.be\/bibliotheques\/acces-a-internet-wifi-pc\/","name":"Acc\u00e8s \u00e0 internet \/ wifi \/ pc - Biblioth\u00e8ques de l&#039;UMONS","isPartOf":{"@id":"https:\/\/web.umons.ac.be\/bibliotheques\/#website"},"datePublished":"2020-06-15T10:32:11+00:00","dateModified":"2022-08-26T07:53:16+00:00","breadcrumb":{"@id":"https:\/\/web.umons.ac.be\/bibliotheques\/acces-a-internet-wifi-pc\/#breadcrumb"},"inLanguage":"fr-FR","potentialAction":[{"@type":"ReadAction","target":["https:\/\/web.umons.ac.be\/bibliotheques\/acces-a-internet-wifi-pc\/"]}]},{"@type":"BreadcrumbList","@id":"https:\/\/web.umons.ac.be\/bibliotheques\/acces-a-internet-wifi-pc\/#breadcrumb","itemListElement":[{"@type":"ListItem","position":1,"name":"Home","item":"https:\/\/web.umons.ac.be\/bibliotheques\/"},{"@type":"ListItem","position":2,"name":"Acc\u00e8s \u00e0 internet \/ wifi \/ pc"}]},{"@type":"WebSite","@id":"https:\/\/web.umons.ac.be\/bibliotheques\/#website","url":"https:\/\/web.umons.ac.be\/bibliotheques\/","name":"Biblioth\u00e8ques de l&#039;UMONS","description":"Un site utilisant Universit\u00e9 de Mons \u2013 UMONS","potentialAction":[{"@type":"SearchAction","target":{"@type":"EntryPoint","urlTemplate":"https:\/\/web.umons.ac.be\/bibliotheques\/?s={search_term_string}"},"query-input":{"@type":"PropertyValueSpecification","valueRequired":true,"valueName":"search_term_string"}}],"inLanguage":"fr-FR"}]}},"lang":"fr","translations":{"fr":66},"pll_sync_post":[],"_links":{"self":[{"href":"https:\/\/web.umons.ac.be\/bibliotheques\/wp-json\/wp\/v2\/pages\/66","targetHints":{"allow":["GET"]}}],"collection":[{"href":"https:\/\/web.umons.ac.be\/bibliotheques\/wp-json\/wp\/v2\/pages"}],"about":[{"href":"https:\/\/web.umons.ac.be\/bibliotheques\/wp-json\/wp\/v2\/types\/page"}],"author":[{"embeddable":true,"href":"https:\/\/web.umons.ac.be\/bibliotheques\/wp-json\/wp\/v2\/users\/2"}],"replies":[{"embeddable":true,"href":"https:\/\/web.umons.ac.be\/bibliotheques\/wp-json\/wp\/v2\/comments?post=66"}],"version-history":[{"count":4,"href":"https:\/\/web.umons.ac.be\/bibliotheques\/wp-json\/wp\/v2\/pages\/66\/revisions"}],"predecessor-version":[{"id":505,"href":"https:\/\/web.umons.ac.be\/bibliotheques\/wp-json\/wp\/v2\/pages\/66\/revisions\/505"}],"wp:attachment":[{"href":"https:\/\/web.umons.ac.be\/bibliotheques\/wp-json\/wp\/v2\/media?parent=66"}],"curies":[{"name":"wp","href":"https:\/\/api.w.org\/{rel}","templated":true}]}}