{"id":90,"date":"2020-06-15T15:11:46","date_gmt":"2020-06-15T13:11:46","guid":{"rendered":"https:\/\/web.umons.ac.be\/bibliotheques\/?page_id=90"},"modified":"2021-09-07T11:39:04","modified_gmt":"2021-09-07T09:39:04","slug":"nous-contacter","status":"publish","type":"page","link":"https:\/\/web.umons.ac.be\/bibliotheques\/nous-contacter\/","title":{"rendered":"Nous contacter"},"content":{"rendered":"<p>Pour joindre une biblioth\u00e8que en particulier, nos adresses mail sont les suivantes :<\/p>\n<ul>\n<li>Biblioth\u00e8que du Parc : bibliotheque.parc@umons.ac.be<\/li>\n<li>Biblioth\u00e8que de la Facult\u00e9 Polytechnique : bibliotheque.polytech@umons.ac.be<\/li>\n<li>Biblioth\u00e8que de la Facult\u00e9 d&rsquo;Architecture et Urbanisme : bibliotheque.fau@umons.ac.be<\/li>\n<li>Biblioth\u00e8que Centrale : bibliotheque.centrale@umons.ac.be<\/li>\n<li>Secr\u00e9tariat : bib.secretariat@umons.ac.be<\/li>\n<\/ul>\n<p>Toute information g\u00e9n\u00e9rale peut \u00eatre obtenue aupr\u00e8s du formulaire ci-dessous :<\/p>\n","protected":false},"excerpt":{"rendered":"<p>Pour joindre une biblioth\u00e8que en particulier, nos adresses mail sont les suivantes : Biblioth\u00e8que du Parc : bibliotheque.parc@umons.ac.be Biblioth\u00e8que de la Facult\u00e9 Polytechnique : bibliotheque.polytech@umons.ac.be Biblioth\u00e8que de la Facult\u00e9 d&rsquo;Architecture et Urbanisme : bibliotheque.fau@umons.ac.be Biblioth\u00e8que Centrale : bibliotheque.centrale@umons.ac.be Secr\u00e9tariat : bib.secretariat@umons.ac.be Toute information g\u00e9n\u00e9rale peut \u00eatre obtenue aupr\u00e8s du formulaire ci-dessous :<\/p>\n","protected":false},"author":2,"featured_media":0,"parent":0,"menu_order":0,"comment_status":"closed","ping_status":"closed","template":"page-templates\/contact.php","meta":{"footnotes":""},"class_list":["post-90","page","type-page","status-publish","hentry"],"yoast_head":"<!-- This site is optimized with the Yoast SEO plugin v27.2 - https:\/\/yoast.com\/product\/yoast-seo-wordpress\/ -->\n<title>Nous contacter - Biblioth\u00e8ques de l&#039;UMONS<\/title>\n<meta name=\"robots\" content=\"index, follow, max-snippet:-1, max-image-preview:large, max-video-preview:-1\" \/>\n<link rel=\"canonical\" href=\"https:\/\/web.umons.ac.be\/bibliotheques\/nous-contacter\/\" \/>\n<meta property=\"og:locale\" content=\"fr_FR\" \/>\n<meta property=\"og:type\" content=\"article\" \/>\n<meta property=\"og:title\" content=\"Nous contacter - Biblioth\u00e8ques de l&#039;UMONS\" \/>\n<meta property=\"og:description\" content=\"Pour joindre une biblioth\u00e8que en particulier, nos adresses mail sont les suivantes : Biblioth\u00e8que du Parc : bibliotheque.parc@umons.ac.be Biblioth\u00e8que de la Facult\u00e9 Polytechnique : bibliotheque.polytech@umons.ac.be Biblioth\u00e8que de la Facult\u00e9 d&rsquo;Architecture et Urbanisme : bibliotheque.fau@umons.ac.be Biblioth\u00e8que Centrale : bibliotheque.centrale@umons.ac.be Secr\u00e9tariat : bib.secretariat@umons.ac.be Toute information g\u00e9n\u00e9rale peut \u00eatre obtenue aupr\u00e8s du formulaire ci-dessous :\" \/>\n<meta property=\"og:url\" content=\"https:\/\/web.umons.ac.be\/bibliotheques\/nous-contacter\/\" \/>\n<meta property=\"og:site_name\" content=\"Biblioth\u00e8ques de l&#039;UMONS\" \/>\n<meta property=\"article:modified_time\" content=\"2021-09-07T09:39:04+00:00\" \/>\n<meta name=\"twitter:card\" content=\"summary_large_image\" \/>\n<meta name=\"twitter:label1\" content=\"Dur\u00e9e de lecture estim\u00e9e\" \/>\n\t<meta name=\"twitter:data1\" content=\"1 minute\" \/>\n<script type=\"application\/ld+json\" class=\"yoast-schema-graph\">{\"@context\":\"https:\/\/schema.org\",\"@graph\":[{\"@type\":\"WebPage\",\"@id\":\"https:\/\/web.umons.ac.be\/bibliotheques\/nous-contacter\/\",\"url\":\"https:\/\/web.umons.ac.be\/bibliotheques\/nous-contacter\/\",\"name\":\"Nous contacter - Biblioth\u00e8ques de l&#039;UMONS\",\"isPartOf\":{\"@id\":\"https:\/\/web.umons.ac.be\/bibliotheques\/#website\"},\"datePublished\":\"2020-06-15T13:11:46+00:00\",\"dateModified\":\"2021-09-07T09:39:04+00:00\",\"breadcrumb\":{\"@id\":\"https:\/\/web.umons.ac.be\/bibliotheques\/nous-contacter\/#breadcrumb\"},\"inLanguage\":\"fr-FR\",\"potentialAction\":[{\"@type\":\"ReadAction\",\"target\":[\"https:\/\/web.umons.ac.be\/bibliotheques\/nous-contacter\/\"]}]},{\"@type\":\"BreadcrumbList\",\"@id\":\"https:\/\/web.umons.ac.be\/bibliotheques\/nous-contacter\/#breadcrumb\",\"itemListElement\":[{\"@type\":\"ListItem\",\"position\":1,\"name\":\"Home\",\"item\":\"https:\/\/web.umons.ac.be\/bibliotheques\/\"},{\"@type\":\"ListItem\",\"position\":2,\"name\":\"Nous contacter\"}]},{\"@type\":\"WebSite\",\"@id\":\"https:\/\/web.umons.ac.be\/bibliotheques\/#website\",\"url\":\"https:\/\/web.umons.ac.be\/bibliotheques\/\",\"name\":\"Biblioth\u00e8ques de l&#039;UMONS\",\"description\":\"Un site utilisant Universit\u00e9 de Mons \u2013 UMONS\",\"potentialAction\":[{\"@type\":\"SearchAction\",\"target\":{\"@type\":\"EntryPoint\",\"urlTemplate\":\"https:\/\/web.umons.ac.be\/bibliotheques\/?s={search_term_string}\"},\"query-input\":{\"@type\":\"PropertyValueSpecification\",\"valueRequired\":true,\"valueName\":\"search_term_string\"}}],\"inLanguage\":\"fr-FR\"}]}<\/script>\n<!-- \/ Yoast SEO plugin. -->","yoast_head_json":{"title":"Nous contacter - Biblioth\u00e8ques de l&#039;UMONS","robots":{"index":"index","follow":"follow","max-snippet":"max-snippet:-1","max-image-preview":"max-image-preview:large","max-video-preview":"max-video-preview:-1"},"canonical":"https:\/\/web.umons.ac.be\/bibliotheques\/nous-contacter\/","og_locale":"fr_FR","og_type":"article","og_title":"Nous contacter - Biblioth\u00e8ques de l&#039;UMONS","og_description":"Pour joindre une biblioth\u00e8que en particulier, nos adresses mail sont les suivantes : Biblioth\u00e8que du Parc : bibliotheque.parc@umons.ac.be Biblioth\u00e8que de la Facult\u00e9 Polytechnique : bibliotheque.polytech@umons.ac.be Biblioth\u00e8que de la Facult\u00e9 d&rsquo;Architecture et Urbanisme : bibliotheque.fau@umons.ac.be Biblioth\u00e8que Centrale : bibliotheque.centrale@umons.ac.be Secr\u00e9tariat : bib.secretariat@umons.ac.be Toute information g\u00e9n\u00e9rale peut \u00eatre obtenue aupr\u00e8s du formulaire ci-dessous :","og_url":"https:\/\/web.umons.ac.be\/bibliotheques\/nous-contacter\/","og_site_name":"Biblioth\u00e8ques de l&#039;UMONS","article_modified_time":"2021-09-07T09:39:04+00:00","twitter_card":"summary_large_image","twitter_misc":{"Dur\u00e9e de lecture estim\u00e9e":"1 minute"},"schema":{"@context":"https:\/\/schema.org","@graph":[{"@type":"WebPage","@id":"https:\/\/web.umons.ac.be\/bibliotheques\/nous-contacter\/","url":"https:\/\/web.umons.ac.be\/bibliotheques\/nous-contacter\/","name":"Nous contacter - Biblioth\u00e8ques de l&#039;UMONS","isPartOf":{"@id":"https:\/\/web.umons.ac.be\/bibliotheques\/#website"},"datePublished":"2020-06-15T13:11:46+00:00","dateModified":"2021-09-07T09:39:04+00:00","breadcrumb":{"@id":"https:\/\/web.umons.ac.be\/bibliotheques\/nous-contacter\/#breadcrumb"},"inLanguage":"fr-FR","potentialAction":[{"@type":"ReadAction","target":["https:\/\/web.umons.ac.be\/bibliotheques\/nous-contacter\/"]}]},{"@type":"BreadcrumbList","@id":"https:\/\/web.umons.ac.be\/bibliotheques\/nous-contacter\/#breadcrumb","itemListElement":[{"@type":"ListItem","position":1,"name":"Home","item":"https:\/\/web.umons.ac.be\/bibliotheques\/"},{"@type":"ListItem","position":2,"name":"Nous contacter"}]},{"@type":"WebSite","@id":"https:\/\/web.umons.ac.be\/bibliotheques\/#website","url":"https:\/\/web.umons.ac.be\/bibliotheques\/","name":"Biblioth\u00e8ques de l&#039;UMONS","description":"Un site utilisant Universit\u00e9 de Mons \u2013 UMONS","potentialAction":[{"@type":"SearchAction","target":{"@type":"EntryPoint","urlTemplate":"https:\/\/web.umons.ac.be\/bibliotheques\/?s={search_term_string}"},"query-input":{"@type":"PropertyValueSpecification","valueRequired":true,"valueName":"search_term_string"}}],"inLanguage":"fr-FR"}]}},"lang":"fr","translations":{"fr":90},"pll_sync_post":[],"_links":{"self":[{"href":"https:\/\/web.umons.ac.be\/bibliotheques\/wp-json\/wp\/v2\/pages\/90","targetHints":{"allow":["GET"]}}],"collection":[{"href":"https:\/\/web.umons.ac.be\/bibliotheques\/wp-json\/wp\/v2\/pages"}],"about":[{"href":"https:\/\/web.umons.ac.be\/bibliotheques\/wp-json\/wp\/v2\/types\/page"}],"author":[{"embeddable":true,"href":"https:\/\/web.umons.ac.be\/bibliotheques\/wp-json\/wp\/v2\/users\/2"}],"replies":[{"embeddable":true,"href":"https:\/\/web.umons.ac.be\/bibliotheques\/wp-json\/wp\/v2\/comments?post=90"}],"version-history":[{"count":5,"href":"https:\/\/web.umons.ac.be\/bibliotheques\/wp-json\/wp\/v2\/pages\/90\/revisions"}],"predecessor-version":[{"id":298,"href":"https:\/\/web.umons.ac.be\/bibliotheques\/wp-json\/wp\/v2\/pages\/90\/revisions\/298"}],"wp:attachment":[{"href":"https:\/\/web.umons.ac.be\/bibliotheques\/wp-json\/wp\/v2\/media?parent=90"}],"curies":[{"name":"wp","href":"https:\/\/api.w.org\/{rel}","templated":true}]}}