{"id":7,"date":"2021-11-08T08:27:19","date_gmt":"2021-11-08T07:27:19","guid":{"rendered":"https:\/\/web.umons.ac.be\/bimm\/equipe\/"},"modified":"2025-09-29T15:12:05","modified_gmt":"2025-09-29T13:12:05","slug":"equipe","status":"publish","type":"page","link":"https:\/\/web.umons.ac.be\/bimm\/equipe\/","title":{"rendered":"\u00c9quipe"},"content":{"rendered":"<p><span style=\"font-size: 18pt; color: #333333;\">Service de Biochimie m\u00e9tabolique et mol\u00e9culaire<\/span><\/p>\n<p><strong><a href=\"mailto:anne-emilie.decleves@umons.ac.be\">Decl\u00e8ves Anne-Emilie<\/a><\/strong><span style=\"color: #333333;\"> &#8211;\u00a0<\/span><span style=\"color: #969696; font-size: 10pt;\"><span style=\"color: #000000;\"><span style=\"color: #333333;\">Cheffe <\/span>de service<\/span><\/span><\/p>\n<p><strong><a href=\"mailto:fr\u00e9d\u00e9rique.coppee@umons.ac.be\">Copp\u00e9e Fr\u00e9d\u00e9rique<\/a><\/strong> &#8211;\u00a0<span style=\"color: #333333; font-size: 10pt;\">Cheffe de travaux<\/span><\/p>\n<p><a href=\"mailto:frederic.debelle@epicura.be\">Debelle Fr\u00e9d\u00e9rique<\/a> <span style=\"color: #333333; font-size: 10pt;\">&#8211; M\u00e9decin associ\u00e9<\/span><\/p>\n<p><a href=\"mailto:Florian.JUSZCZAK@umons.ac.be\">Juszczak Florian<\/a> &#8211; PhD &#8211; Charg\u00e9 de cours<\/p>\n<p><a href=\"mailto:Clothilde.CLAUS@umons.ac.be\">Claus Clothilde<\/a> &#8211; PhD<\/p>\n<p><a href=\"mailto:Morgane.DECARNONCLE@umons.ac.be\"><strong>Decarnoncle Morgane<\/strong><\/a><\/p>\n<p><a href=\"mailto:aurore.hecq@umons.ac.be\">Hecq Aurore<\/a><\/p>\n<p><a href=\"mailto:loic.labiau@umons.ac.be\"><strong>Labiau Lo\u00efc<\/strong><\/a><\/p>\n<p><a href=\"mailto:Alexandre.LAMBARD@umons.ac.be\">Lambard Alexandre<\/a><\/p>\n<p><a href=\"mailto:Francesca.LUNAVARGAS@umons.ac.be\">Luna Vargas Francesca<\/a><\/p>\n<p><a href=\"mailto:Louis.MARECHAL@umons.ac.be\">Mar\u00e9chal Louis<\/a><\/p>\n<p><a href=\"mailto:helene.marlier@umons.ac.be\">Marlier H\u00e9l\u00e8ne<\/a><\/p>\n<p><a href=\"mailto:Fiona.NGASSAMLOWE@umons.ac.be\">Ngassam Lowe Fiona<\/a><\/p>\n<p><a href=\"mailto:carole.ruelle@umons.ac.be\"><strong>Ruelle Carole<\/strong><\/a><\/p>\n<p><a href=\"mailto:marine.thirion@umons.ac.be\">Thirion Marine<\/a><\/p>\n<p><a href=\"mailto:thomas.zwakhals@umons.ac.be\"><strong>Zwakhals Thomas<\/strong><\/a><\/p>\n","protected":false},"excerpt":{"rendered":"<p>Service de Biochimie m\u00e9tabolique et mol\u00e9culaire Decl\u00e8ves Anne-Emilie &#8211;\u00a0Cheffe de service Copp\u00e9e Fr\u00e9d\u00e9rique &#8211;\u00a0Cheffe de travaux Debelle Fr\u00e9d\u00e9rique &#8211; M\u00e9decin associ\u00e9 Juszczak Florian &#8211; PhD &#8211; Charg\u00e9 de cours Claus Clothilde &#8211; PhD Decarnoncle Morgane Hecq Aurore Labiau Lo\u00efc Lambard Alexandre Luna Vargas Francesca Mar\u00e9chal Louis Marlier H\u00e9l\u00e8ne Ngassam Lowe Fiona Ruelle Carole Thirion Marine [&hellip;]<\/p>\n","protected":false},"author":4,"featured_media":0,"parent":0,"menu_order":0,"comment_status":"closed","ping_status":"closed","template":"","meta":{"footnotes":""},"class_list":["post-7","page","type-page","status-publish","hentry"],"yoast_head":"<!-- This site is optimized with the Yoast SEO plugin v27.2 - https:\/\/yoast.com\/product\/yoast-seo-wordpress\/ -->\n<title>\u00c9quipe - Service \/ FMPB - Biochimie m\u00e9tabolique et mol\u00e9culaire<\/title>\n<meta name=\"robots\" content=\"index, follow, max-snippet:-1, max-image-preview:large, max-video-preview:-1\" \/>\n<link rel=\"canonical\" href=\"https:\/\/web.umons.ac.be\/bimm\/equipe\/\" \/>\n<meta property=\"og:locale\" content=\"fr_FR\" \/>\n<meta property=\"og:type\" content=\"article\" \/>\n<meta property=\"og:title\" content=\"\u00c9quipe - Service \/ FMPB - Biochimie m\u00e9tabolique et mol\u00e9culaire\" \/>\n<meta property=\"og:description\" content=\"Service de Biochimie m\u00e9tabolique et mol\u00e9culaire Decl\u00e8ves Anne-Emilie &#8211;\u00a0Cheffe de service Copp\u00e9e Fr\u00e9d\u00e9rique &#8211;\u00a0Cheffe de travaux Debelle Fr\u00e9d\u00e9rique &#8211; M\u00e9decin associ\u00e9 Juszczak Florian &#8211; PhD &#8211; Charg\u00e9 de cours Claus Clothilde &#8211; PhD Decarnoncle Morgane Hecq Aurore Labiau Lo\u00efc Lambard Alexandre Luna Vargas Francesca Mar\u00e9chal Louis Marlier H\u00e9l\u00e8ne Ngassam Lowe Fiona Ruelle Carole Thirion Marine [&hellip;]\" \/>\n<meta property=\"og:url\" content=\"https:\/\/web.umons.ac.be\/bimm\/equipe\/\" \/>\n<meta property=\"og:site_name\" content=\"Service \/ FMPB - Biochimie m\u00e9tabolique et mol\u00e9culaire\" \/>\n<meta property=\"article:modified_time\" content=\"2025-09-29T13:12:05+00:00\" \/>\n<meta name=\"twitter:card\" content=\"summary_large_image\" \/>\n<meta name=\"twitter:label1\" content=\"Dur\u00e9e de lecture estim\u00e9e\" \/>\n\t<meta name=\"twitter:data1\" content=\"3 minutes\" \/>\n<script type=\"application\/ld+json\" class=\"yoast-schema-graph\">{\"@context\":\"https:\/\/schema.org\",\"@graph\":[{\"@type\":\"WebPage\",\"@id\":\"https:\/\/web.umons.ac.be\/bimm\/equipe\/\",\"url\":\"https:\/\/web.umons.ac.be\/bimm\/equipe\/\",\"name\":\"\u00c9quipe - Service \/ FMPB - Biochimie m\u00e9tabolique et mol\u00e9culaire\",\"isPartOf\":{\"@id\":\"https:\/\/web.umons.ac.be\/bimm\/#website\"},\"datePublished\":\"2021-11-08T07:27:19+00:00\",\"dateModified\":\"2025-09-29T13:12:05+00:00\",\"breadcrumb\":{\"@id\":\"https:\/\/web.umons.ac.be\/bimm\/equipe\/#breadcrumb\"},\"inLanguage\":\"fr-FR\",\"potentialAction\":[{\"@type\":\"ReadAction\",\"target\":[\"https:\/\/web.umons.ac.be\/bimm\/equipe\/\"]}]},{\"@type\":\"BreadcrumbList\",\"@id\":\"https:\/\/web.umons.ac.be\/bimm\/equipe\/#breadcrumb\",\"itemListElement\":[{\"@type\":\"ListItem\",\"position\":1,\"name\":\"Home\",\"item\":\"https:\/\/web.umons.ac.be\/bimm\/\"},{\"@type\":\"ListItem\",\"position\":2,\"name\":\"\u00c9quipe\"}]},{\"@type\":\"WebSite\",\"@id\":\"https:\/\/web.umons.ac.be\/bimm\/#website\",\"url\":\"https:\/\/web.umons.ac.be\/bimm\/\",\"name\":\"Service \/ FMPB - Biochimie m\u00e9tabolique et mol\u00e9culaire\",\"description\":\"\",\"potentialAction\":[{\"@type\":\"SearchAction\",\"target\":{\"@type\":\"EntryPoint\",\"urlTemplate\":\"https:\/\/web.umons.ac.be\/bimm\/?s={search_term_string}\"},\"query-input\":{\"@type\":\"PropertyValueSpecification\",\"valueRequired\":true,\"valueName\":\"search_term_string\"}}],\"inLanguage\":\"fr-FR\"}]}<\/script>\n<!-- \/ Yoast SEO plugin. -->","yoast_head_json":{"title":"\u00c9quipe - Service \/ FMPB - Biochimie m\u00e9tabolique et mol\u00e9culaire","robots":{"index":"index","follow":"follow","max-snippet":"max-snippet:-1","max-image-preview":"max-image-preview:large","max-video-preview":"max-video-preview:-1"},"canonical":"https:\/\/web.umons.ac.be\/bimm\/equipe\/","og_locale":"fr_FR","og_type":"article","og_title":"\u00c9quipe - Service \/ FMPB - Biochimie m\u00e9tabolique et mol\u00e9culaire","og_description":"Service de Biochimie m\u00e9tabolique et mol\u00e9culaire Decl\u00e8ves Anne-Emilie &#8211;\u00a0Cheffe de service Copp\u00e9e Fr\u00e9d\u00e9rique &#8211;\u00a0Cheffe de travaux Debelle Fr\u00e9d\u00e9rique &#8211; M\u00e9decin associ\u00e9 Juszczak Florian &#8211; PhD &#8211; Charg\u00e9 de cours Claus Clothilde &#8211; PhD Decarnoncle Morgane Hecq Aurore Labiau Lo\u00efc Lambard Alexandre Luna Vargas Francesca Mar\u00e9chal Louis Marlier H\u00e9l\u00e8ne Ngassam Lowe Fiona Ruelle Carole Thirion Marine [&hellip;]","og_url":"https:\/\/web.umons.ac.be\/bimm\/equipe\/","og_site_name":"Service \/ FMPB - Biochimie m\u00e9tabolique et mol\u00e9culaire","article_modified_time":"2025-09-29T13:12:05+00:00","twitter_card":"summary_large_image","twitter_misc":{"Dur\u00e9e de lecture estim\u00e9e":"3 minutes"},"schema":{"@context":"https:\/\/schema.org","@graph":[{"@type":"WebPage","@id":"https:\/\/web.umons.ac.be\/bimm\/equipe\/","url":"https:\/\/web.umons.ac.be\/bimm\/equipe\/","name":"\u00c9quipe - Service \/ FMPB - Biochimie m\u00e9tabolique et mol\u00e9culaire","isPartOf":{"@id":"https:\/\/web.umons.ac.be\/bimm\/#website"},"datePublished":"2021-11-08T07:27:19+00:00","dateModified":"2025-09-29T13:12:05+00:00","breadcrumb":{"@id":"https:\/\/web.umons.ac.be\/bimm\/equipe\/#breadcrumb"},"inLanguage":"fr-FR","potentialAction":[{"@type":"ReadAction","target":["https:\/\/web.umons.ac.be\/bimm\/equipe\/"]}]},{"@type":"BreadcrumbList","@id":"https:\/\/web.umons.ac.be\/bimm\/equipe\/#breadcrumb","itemListElement":[{"@type":"ListItem","position":1,"name":"Home","item":"https:\/\/web.umons.ac.be\/bimm\/"},{"@type":"ListItem","position":2,"name":"\u00c9quipe"}]},{"@type":"WebSite","@id":"https:\/\/web.umons.ac.be\/bimm\/#website","url":"https:\/\/web.umons.ac.be\/bimm\/","name":"Service \/ FMPB - Biochimie m\u00e9tabolique et mol\u00e9culaire","description":"","potentialAction":[{"@type":"SearchAction","target":{"@type":"EntryPoint","urlTemplate":"https:\/\/web.umons.ac.be\/bimm\/?s={search_term_string}"},"query-input":{"@type":"PropertyValueSpecification","valueRequired":true,"valueName":"search_term_string"}}],"inLanguage":"fr-FR"}]}},"lang":"fr","translations":{"fr":7,"en":9},"pll_sync_post":[],"_links":{"self":[{"href":"https:\/\/web.umons.ac.be\/bimm\/wp-json\/wp\/v2\/pages\/7","targetHints":{"allow":["GET"]}}],"collection":[{"href":"https:\/\/web.umons.ac.be\/bimm\/wp-json\/wp\/v2\/pages"}],"about":[{"href":"https:\/\/web.umons.ac.be\/bimm\/wp-json\/wp\/v2\/types\/page"}],"author":[{"embeddable":true,"href":"https:\/\/web.umons.ac.be\/bimm\/wp-json\/wp\/v2\/users\/4"}],"replies":[{"embeddable":true,"href":"https:\/\/web.umons.ac.be\/bimm\/wp-json\/wp\/v2\/comments?post=7"}],"version-history":[{"count":3,"href":"https:\/\/web.umons.ac.be\/bimm\/wp-json\/wp\/v2\/pages\/7\/revisions"}],"predecessor-version":[{"id":63,"href":"https:\/\/web.umons.ac.be\/bimm\/wp-json\/wp\/v2\/pages\/7\/revisions\/63"}],"wp:attachment":[{"href":"https:\/\/web.umons.ac.be\/bimm\/wp-json\/wp\/v2\/media?parent=7"}],"curies":[{"name":"wp","href":"https:\/\/api.w.org\/{rel}","templated":true}]}}