{"id":96,"date":"2017-07-14T11:58:16","date_gmt":"2017-07-14T09:58:16","guid":{"rendered":"https:\/\/web.umons.ac.be\/biosciences\/?page_id=96"},"modified":"2025-11-27T10:02:40","modified_gmt":"2025-11-27T09:02:40","slug":"membres","status":"publish","type":"page","link":"https:\/\/web.umons.ac.be\/biosciences\/fr\/membres\/","title":{"rendered":"Membres"},"content":{"rendered":"<h2>Services membres effectifs de l&rsquo;Institut de Recherche :<\/h2>\n<table style=\"width: 957px;\" width=\"579\">\n<tbody>\n<tr>\n<td style=\"width: 770px;\">Biologie Cellulaire<\/p>\n<p><a href=\"https:\/\/staff.umons.ac.be\/lionel.tafforeau\/\">TAFFOREAU Lionel<\/a><\/p>\n<p>email : <a href=\"mailto:lionel.tafforeau@umons.ac.be\">lionel.tafforeau@umons.ac.be<\/a><\/p>\n<p><a href=\"https:\/\/staff.umons.ac.be\/elise.hennebert\/\">HENNEBERT Elise<\/a><\/p>\n<p>Email\u00a0: <a href=\"mailto:elise.hennebert@umons.ac.be\">elise.hennebert@umons.ac.be<\/a><\/td>\n<td style=\"width: 187px;\">FS<\/td>\n<\/tr>\n<tr>\n<td style=\"width: 770px;\">Biologie des Organismes Marins et Biomim\u00e9tisme<\/p>\n<p><a href=\"https:\/\/staff.umons.ac.be\/igor.eeckhaut\/\">EECKHAUT Igor<\/a><\/p>\n<p>email : <a href=\"mailto:Igor.eeckhaut@umons.ac.be\">Igor.eeckhaut@umons.ac.be<\/a><\/p>\n<p><a href=\"https:\/\/staff.umons.ac.be\/patrick.flammang\/\">FLAMMANG Patrick<\/a><\/p>\n<p>email : <a href=\"mailto:patrick.flammang@umons.ac.be\">patrick.flammang@umons.ac.be<\/a><\/p>\n<p><a href=\"https:\/\/staff.umons.ac.be\/guillaume.caulier\/\">CAULIER Guillaume<\/a><\/p>\n<p>Email\u00a0: <a href=\"mailto:guillaume.caulier@umons.ac.be\">guillaume.caulier@umons.ac.be<\/a><\/td>\n<td style=\"width: 187px;\">FS<\/td>\n<\/tr>\n<tr>\n<td style=\"width: 770px;\">Chimie g\u00e9n\u00e9rale, organique et biom\u00e9dicale<\/p>\n<p><a href=\"https:\/\/staff.umons.ac.be\/carmen.burtea\/\">BURTEA Carmen<\/a><\/p>\n<p>email : <a href=\"mailto:carmen.burtea@umons.ac.be\">carmen.burtea@umons.ac.be<\/a><\/p>\n<p><a href=\"https:\/\/staff.umons.ac.be\/sophie.laurent\/\">LAURENT Sophie<\/a><\/p>\n<p>email : <a href=\"mailto:sophie.laurent@umons.ac.be\">sophie.laurent@umons.ac.be<\/a><\/p>\n<p><a href=\"https:\/\/staff.umons.ac.be\/celine.henoumont\/\">HENOUMONT C\u00e9line<\/a><\/p>\n<p>Email\u00a0: <a href=\"mailto:celine.henoumont@umons.ac.be\">celine.henoumont@umons.ac.be<\/a><\/td>\n<td style=\"width: 187px;\">FMP<\/td>\n<\/tr>\n<tr>\n<td style=\"width: 770px;\">Chimie th\u00e9rapeutique et Pharmacognosie<\/p>\n<p><a href=\"https:\/\/staff.umons.ac.be\/pierre.duez\/\">DUEZ Pierre<\/a><\/p>\n<p>email : <a href=\"mailto:pierre.duez@umons.ac.be\">pierre.duez@umons.ac.be<\/a><\/p>\n<p><a href=\"https:\/\/staff.umons.ac.be\/amandine.nachtergael\/\">NACHTERGAEL Amandine<\/a><\/p>\n<p>Email\u00a0: <a href=\"mailto:amandine.nachtergael@umons.ac.be\">amandine.nachtergael@umons.ac.be<\/a><\/td>\n<td style=\"width: 187px;\">FMP<\/td>\n<\/tr>\n<tr>\n<td style=\"width: 770px;\">\u00c9cologie des Interactions et Changements Globaux<\/p>\n<p><a href=\"https:\/\/staff.umons.ac.be\/Kevin.TOUGERON\/\">TOUGERON K\u00e9vin<\/a><\/p>\n<p>email : <a href=\"mailto:kevin.tougeron@umons.ac.be\">kevin.tougeron@umons.ac.be<\/a><\/td>\n<td style=\"width: 187px;\">FS<\/td>\n<\/tr>\n<tr>\n<td style=\"width: 770px;\">Ecologie num\u00e9rique des milieux aquatiques<\/p>\n<p><a href=\"https:\/\/staff.umons.ac.be\/philippe.grosjean\/\">GROSJEAN Philippe<\/a><\/p>\n<p>email : <a href=\"mailto:Philippe.grosjean@umons.ac.be\">Philippe.grosjean@umons.ac.be<\/a><\/td>\n<td style=\"width: 187px;\">FS<\/td>\n<\/tr>\n<tr>\n<td style=\"width: 770px;\">G\u00e9nie des Proc\u00e9d\u00e9s chimiques et biochimiques<\/p>\n<p><a href=\"https:\/\/staff.umons.ac.be\/sylvain.brohez\/\">BROHEZ Sylvain<\/a><\/p>\n<p>email : <a href=\"mailto:sylvain.brohez@umons.ac.be\">sylvain.brohez@umons.ac.be<\/a><\/p>\n<p><a href=\"https:\/\/staff.umons.ac.be\/anne-lise.hantson\/\">HANTSON Anne-Lise<\/a><\/p>\n<p>email : <a href=\"mailto:Anne-lise.hantson@umons.ac.be\">Anne-lise.hantson@umons.ac.be<\/a><\/p>\n<p><a href=\"https:\/\/staff.umons.ac.be\/diane.thomas\/\">THOMAS Diane<\/a><\/p>\n<p>email : <a href=\"mailto:diane.thomas@umons.ac.be\">diane.thomas@umons.ac.be<\/a><\/td>\n<td style=\"width: 187px;\">FPMs<\/td>\n<\/tr>\n<tr>\n<td style=\"width: 770px;\">Histologie<\/p>\n<p><a href=\"https:\/\/staff.umons.ac.be\/denis.nonclercq\/\">NONCLERCQ Denis<\/a><\/p>\n<p>email : <a href=\"mailto:denis.nonclercq@umons.ac.be\">denis.nonclercq@umons.ac.be<\/a><\/td>\n<td style=\"width: 187px;\">FMP<\/td>\n<\/tr>\n<tr>\n<td style=\"width: 770px;\">Laboratoire de Physique des Surfaces et Interfaces<\/td>\n<td style=\"width: 187px;\">FS<\/td>\n<\/tr>\n<tr>\n<td style=\"width: 770px;\">Neurosciences<\/p>\n<p><a href=\"https:\/\/staff.umons.ac.be\/laurence.ris\/\">RIS Laurence<\/a><\/p>\n<p>email : <a href=\"mailto:Laurence.ris@umons.ac.be\">Laurence.ris@umons.ac.be<\/a><\/p>\n<p><a href=\"https:\/\/staff.umons.ac.be\/agnes.villers\/\">VILLERS Agn\u00e8s<\/a><\/p>\n<p>Email\u00a0: <a href=\"mailto:agnes.villers@umons.ac.be\">agnes.villers@umons.ac.be<\/a><\/td>\n<td style=\"width: 187px;\">FMP<\/td>\n<\/tr>\n<tr>\n<td style=\"width: 770px;\">Prot\u00e9omie et Microbiologie<\/p>\n<p><a href=\"https:\/\/staff.umons.ac.be\/david.gillan\/\">GILLAN David<\/a><\/p>\n<p>email : <a href=\"mailto:David.gillan@umons.ac.be\">David.gillan@umons.ac.be<\/a><\/p>\n<p><a href=\"mailto:ruddy.wattiez@umons.ac.be\">WATTIEZ Ruddy<\/a><\/p>\n<p><a href=\"https:\/\/staff.umons.ac.be\/baptiste.leroy\/\">LEROY Baptiste<\/a><\/p>\n<p>Email\u00a0: <a href=\"mailto:baptiste.leroy@umons.ac.be\">baptiste.leroy@umons.ac.be<\/a><\/td>\n<td style=\"width: 187px;\">FS<\/td>\n<\/tr>\n<tr>\n<td style=\"width: 770px;\">Synth\u00e8se et spectrom\u00e9trie de masse organique<\/p>\n<p><a href=\"https:\/\/staff.umons.ac.be\/pascal.gerbaux\/\">GERBAUX Pascal<\/a><\/p>\n<p>email : <a href=\"mailto:pascal.gerbaux@umons.ac.be\">pascal.gerbaux@umons.ac.be<\/a><\/p>\n<p><a href=\"https:\/\/staff.umons.ac.be\/julien.dewinter\/\">DE WINTER Julien<\/a><\/p>\n<p>Email\u00a0: <a href=\"mailto:julien.dewinter@umons.ac.be\">julien.dewinter@umons.ac.be<\/a><\/td>\n<td style=\"width: 187px;\">FS<\/td>\n<\/tr>\n<tr>\n<td style=\"width: 770px;\" width=\"466\">Syst\u00e8mes, Estimation, Commande et Optimisation<\/p>\n<p><a href=\"https:\/\/staff.umons.ac.be\/christine.renotte\/\">RENOTTE Christine<\/a><\/p>\n<p>email : <a href=\"mailto:christine.renotte@umons.ac.be\">christine.renotte@umons.ac.be<\/a><\/p>\n<p><a href=\"https:\/\/staff.umons.ac.be\/alain.vandewouwer\/\">VANDE WOUWER Alain<\/a><\/p>\n<p>email : <a href=\"mailto:Alain.vandewouwer@umons.ac.be\">Alain.vandewouwer@umons.ac.be<\/a><\/td>\n<td style=\"width: 187px;\" width=\"113\">FPMs<\/td>\n<\/tr>\n<tr>\n<td style=\"width: 770px;\">Zoologie<\/p>\n<p><a href=\"https:\/\/staff.umons.ac.be\/denis.michez\/\">MICHEZ Denis<\/a><\/p>\n<p>email : <a href=\"mailto:denis.michez@umons.ac.be\">denis.michez@umons.ac.be<\/a><\/p>\n<p><a href=\"https:\/\/staff.umons.ac.be\/pierre.rasmont\/\">RASMONT Pierre<\/a><\/p>\n<p>email : <a href=\"mailto:pierre.rasmont@umons.ac.be\">pierre.rasmont@umons.ac.be<\/a><\/td>\n<td style=\"width: 187px;\">FS<\/td>\n<\/tr>\n<\/tbody>\n<\/table>\n<p>&nbsp;<\/p>\n","protected":false},"excerpt":{"rendered":"<p>Services membres effectifs de l&rsquo;Institut de Recherche : Biologie Cellulaire TAFFOREAU Lionel email : lionel.tafforeau@umons.ac.be HENNEBERT Elise Email\u00a0: elise.hennebert@umons.ac.be FS Biologie des Organismes Marins et Biomim\u00e9tisme EECKHAUT Igor email : Igor.eeckhaut@umons.ac.be FLAMMANG Patrick email : patrick.flammang@umons.ac.be CAULIER Guillaume Email\u00a0: guillaume.caulier@umons.ac.be FS Chimie g\u00e9n\u00e9rale, organique et biom\u00e9dicale BURTEA Carmen email : carmen.burtea@umons.ac.be LAURENT Sophie email : [&hellip;]<\/p>\n","protected":false},"author":2,"featured_media":0,"parent":0,"menu_order":5,"comment_status":"closed","ping_status":"closed","template":"","meta":{"footnotes":""},"class_list":["post-96","page","type-page","status-publish","hentry"],"yoast_head":"<!-- This site is optimized with the Yoast SEO plugin v27.2 - https:\/\/yoast.com\/product\/yoast-seo-wordpress\/ -->\n<title>Membres - Institut \/ Biosciences<\/title>\n<meta name=\"robots\" content=\"index, follow, max-snippet:-1, max-image-preview:large, max-video-preview:-1\" \/>\n<link rel=\"canonical\" href=\"https:\/\/web.umons.ac.be\/biosciences\/fr\/membres\/\" \/>\n<meta property=\"og:locale\" content=\"fr_FR\" \/>\n<meta property=\"og:type\" content=\"article\" \/>\n<meta property=\"og:title\" content=\"Membres - Institut \/ Biosciences\" \/>\n<meta property=\"og:description\" content=\"Services membres effectifs de l&rsquo;Institut de Recherche : Biologie Cellulaire TAFFOREAU Lionel email : lionel.tafforeau@umons.ac.be HENNEBERT Elise Email\u00a0: elise.hennebert@umons.ac.be FS Biologie des Organismes Marins et Biomim\u00e9tisme EECKHAUT Igor email : Igor.eeckhaut@umons.ac.be FLAMMANG Patrick email : patrick.flammang@umons.ac.be CAULIER Guillaume Email\u00a0: guillaume.caulier@umons.ac.be FS Chimie g\u00e9n\u00e9rale, organique et biom\u00e9dicale BURTEA Carmen email : carmen.burtea@umons.ac.be LAURENT Sophie email : [&hellip;]\" \/>\n<meta property=\"og:url\" content=\"https:\/\/web.umons.ac.be\/biosciences\/fr\/membres\/\" \/>\n<meta property=\"og:site_name\" content=\"Institut \/ Biosciences\" \/>\n<meta property=\"article:modified_time\" content=\"2025-11-27T09:02:40+00:00\" \/>\n<meta name=\"twitter:card\" content=\"summary_large_image\" \/>\n<meta name=\"twitter:label1\" content=\"Dur\u00e9e de lecture estim\u00e9e\" \/>\n\t<meta name=\"twitter:data1\" content=\"1 minute\" \/>\n<script type=\"application\/ld+json\" class=\"yoast-schema-graph\">{\"@context\":\"https:\/\/schema.org\",\"@graph\":[{\"@type\":\"WebPage\",\"@id\":\"https:\/\/web.umons.ac.be\/biosciences\/fr\/membres\/\",\"url\":\"https:\/\/web.umons.ac.be\/biosciences\/fr\/membres\/\",\"name\":\"Membres - Institut \/ Biosciences\",\"isPartOf\":{\"@id\":\"https:\/\/web.umons.ac.be\/biosciences\/#website\"},\"datePublished\":\"2017-07-14T09:58:16+00:00\",\"dateModified\":\"2025-11-27T09:02:40+00:00\",\"breadcrumb\":{\"@id\":\"https:\/\/web.umons.ac.be\/biosciences\/fr\/membres\/#breadcrumb\"},\"inLanguage\":\"fr-FR\",\"potentialAction\":[{\"@type\":\"ReadAction\",\"target\":[\"https:\/\/web.umons.ac.be\/biosciences\/fr\/membres\/\"]}]},{\"@type\":\"BreadcrumbList\",\"@id\":\"https:\/\/web.umons.ac.be\/biosciences\/fr\/membres\/#breadcrumb\",\"itemListElement\":[{\"@type\":\"ListItem\",\"position\":1,\"name\":\"Accueil\",\"item\":\"https:\/\/web.umons.ac.be\/biosciences\/fr\/\"},{\"@type\":\"ListItem\",\"position\":2,\"name\":\"Membres\"}]},{\"@type\":\"WebSite\",\"@id\":\"https:\/\/web.umons.ac.be\/biosciences\/#website\",\"url\":\"https:\/\/web.umons.ac.be\/biosciences\/\",\"name\":\"Institut \/ Biosciences\",\"description\":\"Un site utilisant Universit\u00e9 de Mons \u2013 UMONS\",\"potentialAction\":[{\"@type\":\"SearchAction\",\"target\":{\"@type\":\"EntryPoint\",\"urlTemplate\":\"https:\/\/web.umons.ac.be\/biosciences\/?s={search_term_string}\"},\"query-input\":{\"@type\":\"PropertyValueSpecification\",\"valueRequired\":true,\"valueName\":\"search_term_string\"}}],\"inLanguage\":\"fr-FR\"}]}<\/script>\n<!-- \/ Yoast SEO plugin. -->","yoast_head_json":{"title":"Membres - Institut \/ Biosciences","robots":{"index":"index","follow":"follow","max-snippet":"max-snippet:-1","max-image-preview":"max-image-preview:large","max-video-preview":"max-video-preview:-1"},"canonical":"https:\/\/web.umons.ac.be\/biosciences\/fr\/membres\/","og_locale":"fr_FR","og_type":"article","og_title":"Membres - Institut \/ Biosciences","og_description":"Services membres effectifs de l&rsquo;Institut de Recherche : Biologie Cellulaire TAFFOREAU Lionel email : lionel.tafforeau@umons.ac.be HENNEBERT Elise Email\u00a0: elise.hennebert@umons.ac.be FS Biologie des Organismes Marins et Biomim\u00e9tisme EECKHAUT Igor email : Igor.eeckhaut@umons.ac.be FLAMMANG Patrick email : patrick.flammang@umons.ac.be CAULIER Guillaume Email\u00a0: guillaume.caulier@umons.ac.be FS Chimie g\u00e9n\u00e9rale, organique et biom\u00e9dicale BURTEA Carmen email : carmen.burtea@umons.ac.be LAURENT Sophie email : [&hellip;]","og_url":"https:\/\/web.umons.ac.be\/biosciences\/fr\/membres\/","og_site_name":"Institut \/ Biosciences","article_modified_time":"2025-11-27T09:02:40+00:00","twitter_card":"summary_large_image","twitter_misc":{"Dur\u00e9e de lecture estim\u00e9e":"1 minute"},"schema":{"@context":"https:\/\/schema.org","@graph":[{"@type":"WebPage","@id":"https:\/\/web.umons.ac.be\/biosciences\/fr\/membres\/","url":"https:\/\/web.umons.ac.be\/biosciences\/fr\/membres\/","name":"Membres - Institut \/ Biosciences","isPartOf":{"@id":"https:\/\/web.umons.ac.be\/biosciences\/#website"},"datePublished":"2017-07-14T09:58:16+00:00","dateModified":"2025-11-27T09:02:40+00:00","breadcrumb":{"@id":"https:\/\/web.umons.ac.be\/biosciences\/fr\/membres\/#breadcrumb"},"inLanguage":"fr-FR","potentialAction":[{"@type":"ReadAction","target":["https:\/\/web.umons.ac.be\/biosciences\/fr\/membres\/"]}]},{"@type":"BreadcrumbList","@id":"https:\/\/web.umons.ac.be\/biosciences\/fr\/membres\/#breadcrumb","itemListElement":[{"@type":"ListItem","position":1,"name":"Accueil","item":"https:\/\/web.umons.ac.be\/biosciences\/fr\/"},{"@type":"ListItem","position":2,"name":"Membres"}]},{"@type":"WebSite","@id":"https:\/\/web.umons.ac.be\/biosciences\/#website","url":"https:\/\/web.umons.ac.be\/biosciences\/","name":"Institut \/ Biosciences","description":"Un site utilisant Universit\u00e9 de Mons \u2013 UMONS","potentialAction":[{"@type":"SearchAction","target":{"@type":"EntryPoint","urlTemplate":"https:\/\/web.umons.ac.be\/biosciences\/?s={search_term_string}"},"query-input":{"@type":"PropertyValueSpecification","valueRequired":true,"valueName":"search_term_string"}}],"inLanguage":"fr-FR"}]}},"lang":"fr","translations":{"fr":96,"en":309},"pll_sync_post":[],"_links":{"self":[{"href":"https:\/\/web.umons.ac.be\/biosciences\/wp-json\/wp\/v2\/pages\/96","targetHints":{"allow":["GET"]}}],"collection":[{"href":"https:\/\/web.umons.ac.be\/biosciences\/wp-json\/wp\/v2\/pages"}],"about":[{"href":"https:\/\/web.umons.ac.be\/biosciences\/wp-json\/wp\/v2\/types\/page"}],"author":[{"embeddable":true,"href":"https:\/\/web.umons.ac.be\/biosciences\/wp-json\/wp\/v2\/users\/2"}],"replies":[{"embeddable":true,"href":"https:\/\/web.umons.ac.be\/biosciences\/wp-json\/wp\/v2\/comments?post=96"}],"version-history":[{"count":5,"href":"https:\/\/web.umons.ac.be\/biosciences\/wp-json\/wp\/v2\/pages\/96\/revisions"}],"predecessor-version":[{"id":781,"href":"https:\/\/web.umons.ac.be\/biosciences\/wp-json\/wp\/v2\/pages\/96\/revisions\/781"}],"wp:attachment":[{"href":"https:\/\/web.umons.ac.be\/biosciences\/wp-json\/wp\/v2\/media?parent=96"}],"curies":[{"name":"wp","href":"https:\/\/api.w.org\/{rel}","templated":true}]}}