{"id":15,"date":"2021-11-29T10:08:09","date_gmt":"2021-11-29T09:08:09","guid":{"rendered":"https:\/\/web.umons.ac.be\/bomb\/activites-de-recherche\/"},"modified":"2021-11-29T10:25:14","modified_gmt":"2021-11-29T09:25:14","slug":"activites-de-recherche","status":"publish","type":"page","link":"https:\/\/web.umons.ac.be\/bomb\/activites-de-recherche\/","title":{"rendered":"Activit\u00e9s de recherche"},"content":{"rendered":"<h2>Symbioses et maladies<\/h2>\n<p>Les symbioses sont des associations intimes et durables entre organismes d&rsquo;esp\u00e8ces diff\u00e9rentes parmi lesquelles se retrouvent les relations de type commensale, mutualiste et parasite. Le laboratoire s\u2019int\u00e9resse aux diverses adaptations que montrent les organismes symbiotiques ainsi qu\u2019aux m\u00e9canismes qui assurent la p\u00e9rennit\u00e9 transg\u00e9n\u00e9rationnelle des symbioses.<\/p>\n<h2>Aquacultures socio-\u00e9cologiques<\/h2>\n<p>Les aquacultures socio-\u00e9cologiques sont des aquacultures \u00e9mergentes \u00ab propres \u00bb d\u2019un point de vue \u00e9cologique et qui ont un impact \u00e9conomique direct sur des communaut\u00e9s d\u00e9favoris\u00e9es. Notre laboratoire est impliqu\u00e9 dans le d\u00e9veloppement de trois aquacultures socio-\u00e9cologiques : celle des holothuries (holothuricultures), des algues (algoculture) et des coraux (coralliculture).<\/p>\n<h2>Mat\u00e9riaux biologiques et biomim\u00e9tisme<\/h2>\n<p>Par d\u00e9finition, un mat\u00e9riau biologique, comme par exemple l&rsquo;os, la coquille ou la soie, est un mat\u00e9riau de structure produit par un organisme vivant. La Nature regorge de tels biomat\u00e9riaux dont les propri\u00e9t\u00e9s, souvent uniques, offrent une incroyable source d&rsquo;inspiration pour la cr\u00e9ation de nouveaux mat\u00e9riaux et le d\u00e9veloppement de nouvelles applications technologiques. Cette d\u00e9marche d\u2019imitation du vivant s\u2019appelle le biomim\u00e9tisme.<\/p>\n<h2>Photobiologie en Milieu Marin<\/h2>\n<p>La lumi\u00e8re constitue une source d&rsquo;information presque instantan\u00e9e pour tout organisme capable de percevoir une partie de ce rayonnement \u00e9lectromagn\u00e9tique&#8230; Chez les animaux, la perception lumineuse est cruciale pour interagir avec l\u2019environnement: les animaux voient ou, plus g\u00e9n\u00e9ralement, per\u00e7oivent la lumi\u00e8re parfois m\u00eame en absence d\u2019yeux\u2026 De mani\u00e8re contrast\u00e9e, ils peuvent aussi transmettre de information, via la lumi\u00e8re, \u00e0 d\u2019autres organismes de la m\u00eame esp\u00e8ce ou d\u2019esp\u00e8ces diff\u00e9rentes: ils \u00e9mettent, r\u00e9-\u00e9mettent, \u00abr\u00e9fl\u00e9chissent\u00bb ou modulent la lumi\u00e8re&#8230;<\/p>\n<hr \/>\n<p>Notre service est, par ailleurs rattach\u00e9 \u00e0 un institut de recherche de l\u2019UMONS :<\/p>\n<start-cask-shortcode-wrapper>\t\t<div class=\"associated-institutes content-block scheme-fs\">\n\t\t\t<ul class=\"institutes-list\">\n\t\t\t\t\t\t\t\t\t\t<li>\n\t\t\t\t\t\t\t<a href=\"https:\/\/web.umons.ac.be\/biosciences\" title=\"Acc\u00e9der au site web de : Institut \/ Biosciences\" class=\"associated-institute\">\n\t\t\t\t\t\t\t\t<img loading=\"lazy\" decoding=\"async\" width=\"1\" height=\"1\" src=\"https:\/\/web.umons.ac.be\/app\/uploads\/sites\/30\/2017\/11\/biosciences_logo_fr.svg\" class=\"attachment-thumbnail size-thumbnail\" alt=\"\" \/>\t\t\t\t\t\t\t<\/a>\t\t\t\n\t\t\t\t\t\t<\/li>\n\t\t\t\t\t\t\t<\/ul>\n\t\t<\/div>\n <end-cask-shortcode-wrapper>\n","protected":false},"excerpt":{"rendered":"<p>Symbioses et maladies Les symbioses sont des associations intimes et durables entre organismes d&rsquo;esp\u00e8ces diff\u00e9rentes parmi lesquelles se retrouvent les relations de type commensale, mutualiste et parasite. Le laboratoire s\u2019int\u00e9resse aux diverses adaptations que montrent les organismes symbiotiques ainsi qu\u2019aux m\u00e9canismes qui assurent la p\u00e9rennit\u00e9 transg\u00e9n\u00e9rationnelle des symbioses. Aquacultures socio-\u00e9cologiques Les aquacultures socio-\u00e9cologiques sont des [&hellip;]<\/p>\n","protected":false},"author":4,"featured_media":0,"parent":0,"menu_order":0,"comment_status":"closed","ping_status":"closed","template":"","meta":{"footnotes":""},"class_list":["post-15","page","type-page","status-publish","hentry"],"yoast_head":"<!-- This site is optimized with the Yoast SEO plugin v27.2 - https:\/\/yoast.com\/product\/yoast-seo-wordpress\/ -->\n<title>Activit\u00e9s de recherche - Service \/ FS - Biologie des Organismes Marins et Biomim\u00e9tisme<\/title>\n<meta name=\"robots\" content=\"index, follow, max-snippet:-1, max-image-preview:large, max-video-preview:-1\" \/>\n<link rel=\"canonical\" href=\"https:\/\/web.umons.ac.be\/bomb\/activites-de-recherche\/\" \/>\n<meta property=\"og:locale\" content=\"fr_FR\" \/>\n<meta property=\"og:type\" content=\"article\" \/>\n<meta property=\"og:title\" content=\"Activit\u00e9s de recherche - Service \/ FS - Biologie des Organismes Marins et Biomim\u00e9tisme\" \/>\n<meta property=\"og:description\" content=\"Symbioses et maladies Les symbioses sont des associations intimes et durables entre organismes d&rsquo;esp\u00e8ces diff\u00e9rentes parmi lesquelles se retrouvent les relations de type commensale, mutualiste et parasite. Le laboratoire s\u2019int\u00e9resse aux diverses adaptations que montrent les organismes symbiotiques ainsi qu\u2019aux m\u00e9canismes qui assurent la p\u00e9rennit\u00e9 transg\u00e9n\u00e9rationnelle des symbioses. Aquacultures socio-\u00e9cologiques Les aquacultures socio-\u00e9cologiques sont des [&hellip;]\" \/>\n<meta property=\"og:url\" content=\"https:\/\/web.umons.ac.be\/bomb\/activites-de-recherche\/\" \/>\n<meta property=\"og:site_name\" content=\"Service \/ FS - Biologie des Organismes Marins et Biomim\u00e9tisme\" \/>\n<meta property=\"article:modified_time\" content=\"2021-11-29T09:25:14+00:00\" \/>\n<meta name=\"twitter:card\" content=\"summary_large_image\" \/>\n<meta name=\"twitter:label1\" content=\"Dur\u00e9e de lecture estim\u00e9e\" \/>\n\t<meta name=\"twitter:data1\" content=\"2 minutes\" \/>\n<script type=\"application\/ld+json\" class=\"yoast-schema-graph\">{\"@context\":\"https:\/\/schema.org\",\"@graph\":[{\"@type\":\"WebPage\",\"@id\":\"https:\/\/web.umons.ac.be\/bomb\/activites-de-recherche\/\",\"url\":\"https:\/\/web.umons.ac.be\/bomb\/activites-de-recherche\/\",\"name\":\"Activit\u00e9s de recherche - Service \/ FS - Biologie des Organismes Marins et Biomim\u00e9tisme\",\"isPartOf\":{\"@id\":\"https:\/\/web.umons.ac.be\/bomb\/#website\"},\"datePublished\":\"2021-11-29T09:08:09+00:00\",\"dateModified\":\"2021-11-29T09:25:14+00:00\",\"breadcrumb\":{\"@id\":\"https:\/\/web.umons.ac.be\/bomb\/activites-de-recherche\/#breadcrumb\"},\"inLanguage\":\"fr-FR\",\"potentialAction\":[{\"@type\":\"ReadAction\",\"target\":[\"https:\/\/web.umons.ac.be\/bomb\/activites-de-recherche\/\"]}]},{\"@type\":\"BreadcrumbList\",\"@id\":\"https:\/\/web.umons.ac.be\/bomb\/activites-de-recherche\/#breadcrumb\",\"itemListElement\":[{\"@type\":\"ListItem\",\"position\":1,\"name\":\"Home\",\"item\":\"https:\/\/web.umons.ac.be\/bomb\/\"},{\"@type\":\"ListItem\",\"position\":2,\"name\":\"Activit\u00e9s de recherche\"}]},{\"@type\":\"WebSite\",\"@id\":\"https:\/\/web.umons.ac.be\/bomb\/#website\",\"url\":\"https:\/\/web.umons.ac.be\/bomb\/\",\"name\":\"Service \/ FS - Biologie des Organismes Marins et Biomim\u00e9tisme\",\"description\":\"\",\"potentialAction\":[{\"@type\":\"SearchAction\",\"target\":{\"@type\":\"EntryPoint\",\"urlTemplate\":\"https:\/\/web.umons.ac.be\/bomb\/?s={search_term_string}\"},\"query-input\":{\"@type\":\"PropertyValueSpecification\",\"valueRequired\":true,\"valueName\":\"search_term_string\"}}],\"inLanguage\":\"fr-FR\"}]}<\/script>\n<!-- \/ Yoast SEO plugin. -->","yoast_head_json":{"title":"Activit\u00e9s de recherche - Service \/ FS - Biologie des Organismes Marins et Biomim\u00e9tisme","robots":{"index":"index","follow":"follow","max-snippet":"max-snippet:-1","max-image-preview":"max-image-preview:large","max-video-preview":"max-video-preview:-1"},"canonical":"https:\/\/web.umons.ac.be\/bomb\/activites-de-recherche\/","og_locale":"fr_FR","og_type":"article","og_title":"Activit\u00e9s de recherche - Service \/ FS - Biologie des Organismes Marins et Biomim\u00e9tisme","og_description":"Symbioses et maladies Les symbioses sont des associations intimes et durables entre organismes d&rsquo;esp\u00e8ces diff\u00e9rentes parmi lesquelles se retrouvent les relations de type commensale, mutualiste et parasite. Le laboratoire s\u2019int\u00e9resse aux diverses adaptations que montrent les organismes symbiotiques ainsi qu\u2019aux m\u00e9canismes qui assurent la p\u00e9rennit\u00e9 transg\u00e9n\u00e9rationnelle des symbioses. Aquacultures socio-\u00e9cologiques Les aquacultures socio-\u00e9cologiques sont des [&hellip;]","og_url":"https:\/\/web.umons.ac.be\/bomb\/activites-de-recherche\/","og_site_name":"Service \/ FS - Biologie des Organismes Marins et Biomim\u00e9tisme","article_modified_time":"2021-11-29T09:25:14+00:00","twitter_card":"summary_large_image","twitter_misc":{"Dur\u00e9e de lecture estim\u00e9e":"2 minutes"},"schema":{"@context":"https:\/\/schema.org","@graph":[{"@type":"WebPage","@id":"https:\/\/web.umons.ac.be\/bomb\/activites-de-recherche\/","url":"https:\/\/web.umons.ac.be\/bomb\/activites-de-recherche\/","name":"Activit\u00e9s de recherche - Service \/ FS - Biologie des Organismes Marins et Biomim\u00e9tisme","isPartOf":{"@id":"https:\/\/web.umons.ac.be\/bomb\/#website"},"datePublished":"2021-11-29T09:08:09+00:00","dateModified":"2021-11-29T09:25:14+00:00","breadcrumb":{"@id":"https:\/\/web.umons.ac.be\/bomb\/activites-de-recherche\/#breadcrumb"},"inLanguage":"fr-FR","potentialAction":[{"@type":"ReadAction","target":["https:\/\/web.umons.ac.be\/bomb\/activites-de-recherche\/"]}]},{"@type":"BreadcrumbList","@id":"https:\/\/web.umons.ac.be\/bomb\/activites-de-recherche\/#breadcrumb","itemListElement":[{"@type":"ListItem","position":1,"name":"Home","item":"https:\/\/web.umons.ac.be\/bomb\/"},{"@type":"ListItem","position":2,"name":"Activit\u00e9s de recherche"}]},{"@type":"WebSite","@id":"https:\/\/web.umons.ac.be\/bomb\/#website","url":"https:\/\/web.umons.ac.be\/bomb\/","name":"Service \/ FS - Biologie des Organismes Marins et Biomim\u00e9tisme","description":"","potentialAction":[{"@type":"SearchAction","target":{"@type":"EntryPoint","urlTemplate":"https:\/\/web.umons.ac.be\/bomb\/?s={search_term_string}"},"query-input":{"@type":"PropertyValueSpecification","valueRequired":true,"valueName":"search_term_string"}}],"inLanguage":"fr-FR"}]}},"lang":"fr","translations":{"fr":15,"en":17},"pll_sync_post":[],"_links":{"self":[{"href":"https:\/\/web.umons.ac.be\/bomb\/wp-json\/wp\/v2\/pages\/15","targetHints":{"allow":["GET"]}}],"collection":[{"href":"https:\/\/web.umons.ac.be\/bomb\/wp-json\/wp\/v2\/pages"}],"about":[{"href":"https:\/\/web.umons.ac.be\/bomb\/wp-json\/wp\/v2\/types\/page"}],"author":[{"embeddable":true,"href":"https:\/\/web.umons.ac.be\/bomb\/wp-json\/wp\/v2\/users\/4"}],"replies":[{"embeddable":true,"href":"https:\/\/web.umons.ac.be\/bomb\/wp-json\/wp\/v2\/comments?post=15"}],"version-history":[{"count":1,"href":"https:\/\/web.umons.ac.be\/bomb\/wp-json\/wp\/v2\/pages\/15\/revisions"}],"predecessor-version":[{"id":47,"href":"https:\/\/web.umons.ac.be\/bomb\/wp-json\/wp\/v2\/pages\/15\/revisions\/47"}],"wp:attachment":[{"href":"https:\/\/web.umons.ac.be\/bomb\/wp-json\/wp\/v2\/media?parent=15"}],"curies":[{"name":"wp","href":"https:\/\/api.w.org\/{rel}","templated":true}]}}