{"id":36,"date":"2025-01-08T15:10:40","date_gmt":"2025-01-08T14:10:40","guid":{"rendered":"https:\/\/web.umons.ac.be\/bsqf2025\/?page_id=36"},"modified":"2025-08-16T12:20:43","modified_gmt":"2025-08-16T10:20:43","slug":"le-plan","status":"publish","type":"page","link":"https:\/\/web.umons.ac.be\/bsqf2025\/le-plan\/","title":{"rendered":"Le plan"},"content":{"rendered":"<h2><strong>Plan et acc\u00e8s\u00a0:<\/strong><\/h2>\n<ul>\n<li>Le BSQF 2025 se d\u00e9roulera au <a href=\"https:\/\/www.domainederonchinne.be\/\" target=\"_blank\" rel=\"noopener\">Domaine de Ronchinne<\/a>, au c\u0153ur de la province de Namur , en Belgique. Un lieu o\u00f9 le respect de l\u2019environnement rencontre le confort d\u2019un havre de paix pour offrir une exp\u00e9rience unique et \u00e9coresponsable (H\u00e9bergement \u00e9cologiques, pratiques durables et activit\u00e9s responsables\u2026)<\/li>\n<li><a href=\"https:\/\/www.bing.com\/maps?&amp;ty=18&amp;q=domaine%20de%20Ronchinne&amp;ss=ypid.YN7997x11708729481435833704&amp;segment=Hotel&amp;mb=50.358457~4.922358~50.352865~4.93755&amp;description=Ronchinne%2025%2C%205330%20Maillen%C2%B7Hotel&amp;cardbg=%23D161C4&amp;tt=Domaine%20De%20Ronchinne%20-%20Ch%C3%A2teau%20et%20Ecuries&amp;tsts0=%2526ty%253D18%2526q%253Ddomaine%252520de%252520Ronchinne%2526ss%253Dypid.YN7997x11708729481435833704%2526segment%253DHotel%2526mb%253D50.358457~4.922358~50.352865~4.93755%2526description%253DRonchinne%25252025%25252C%2525205330%252520Maillen%2525C2%2525B7Hotel%2526cardbg%253D%252523D161C4&amp;tstt0=Domaine%20De%20Ronchinne%20-%20Ch%C3%A2teau%20et%20Ecuries&amp;cp=50.355661~4.927293&amp;lvl=17&amp;pi=0&amp;ftst=0&amp;ftics=False&amp;v=2&amp;sV=2&amp;form=S00027\">Localisation Google\u00a0<\/a>:<\/li>\n<\/ul>\n<p>&nbsp;<\/p>\n<p><iframe loading=\"lazy\" style=\"border: 0;\" src=\"https:\/\/www.google.com\/maps\/embed?pb=!1m18!1m12!1m3!1d2545.5843921563915!2d4.9300374!3d50.3556567!2m3!1f0!2f0!3f0!3m2!1i1024!2i768!4f13.1!3m3!1m2!1s0x47c1bd88efadbe0b%3A0x8f8024418c7ce8ef!2sDomaine%20de%20Ronchinne!5e0!3m2!1sfr!2sbe!4v1740580718313!5m2!1sfr!2sbe\" width=\"600\" height=\"450\" allowfullscreen=\"allowfullscreen\"><\/iframe><\/p>\n<p>&nbsp;<\/p>\n<h2><strong>Comment se rendre au Domaine de Ronchinne ?<\/strong><\/h2>\n<ul>\n<li><strong>En train :<\/strong><br \/>\nLa gare la plus proche est celle de <strong>Godinne<\/strong>, situ\u00e9e \u00e0 environ 10 minutes en voiture du domaine. Vous pouvez prendre un train depuis Bruxelles ou Namur jusqu&rsquo;\u00e0 Godinne, puis prendre un taxi ou une navette pour rejoindre le Domaine de Ronchinne.<\/li>\n<li><strong>En avion :<\/strong><br \/>\nL\u2019a\u00e9roport international le plus proche est <strong>Bruxelles-National (Zaventem)<\/strong>, situ\u00e9 \u00e0 environ 1 heure de route du domaine. Depuis l\u2019a\u00e9roport, vous pouvez prendre un train ou louer une voiture pour rejoindre le domaine. Une autre option est l\u2019a\u00e9roport de <strong>Charleroi<\/strong>, qui se trouve \u00e0 environ 1h30 en voiture du Domaine de Ronchinne.<\/li>\n<li><strong>En voiture :<\/strong><br \/>\nDepuis Bruxelles, il faut environ 1 heure de route pour rejoindre le Domaine de Ronchinne. Prenez l\u2019autoroute E411 en direction de Namur, puis suivez les indications pour l&rsquo;Exit 15 (Hasti\u00e8re). Le domaine est bien signal\u00e9 \u00e0 partir de cette sortie.Parking gratuit \u00e0 100m du ch\u00e2teau.<\/li>\n<li><strong>Les navettes du BSQF<\/strong>\u00a0:<\/li>\n<\/ul>\n<p style=\"padding-left: 40px;\">Un mini bus est pr\u00e9vu entre la gare de Godinne et le Domaine de Ronchinne aux horaires suivants :<\/p>\n<h6 style=\"padding-left: 40px;\">La navette du lundi<\/h6>\n<p style=\"padding-left: 40px;\">Les trains arrivent \u00e0 Godinne aux heures 10 et 49<\/p>\n<p style=\"padding-left: 40px;\">La navette devrait \u00eatre pr\u00e9vue aux heures 20 et ce \u00e0 partir de 14h20<\/p>\n<h6 style=\"padding-left: 40px;\">La navette du vendredi<\/h6>\n<p style=\"padding-left: 40px;\">Les trains d\u00e9marrent de Godinne aux heures 11 et 50<\/p>\n<p style=\"padding-left: 40px;\">La navette fera ce qu\u2019elle pourra \u00e0 partir de 12h30<\/p>\n<hr \/>\n<hr \/>\n<h2>Contacts du Domaine\u00a0de Ronchinne\u00a0:<\/h2>\n<p><strong>Adresse\u00a0<\/strong>: 25 Ronchinne,\u00a0 B-5330 Maillen<\/p>\n<p><strong>T\u00e9l\u00a0<\/strong>: +32 (0)81411405<\/p>\n<p><strong>Mail\u00a0<\/strong>: <a href=\"mailto:info@domainederonchinne.be\">info@domainederonchinne.be<\/a><\/p>\n","protected":false},"excerpt":{"rendered":"<p>Plan et acc\u00e8s\u00a0: Le BSQF 2025 se d\u00e9roulera au Domaine de Ronchinne, au c\u0153ur de la province de Namur , en Belgique. Un lieu o\u00f9 le respect de l\u2019environnement rencontre le confort d\u2019un havre de paix pour offrir une exp\u00e9rience unique et \u00e9coresponsable (H\u00e9bergement \u00e9cologiques, pratiques durables et activit\u00e9s responsables\u2026) Localisation Google\u00a0: &nbsp; &nbsp; Comment [&hellip;]<\/p>\n","protected":false},"author":2,"featured_media":0,"parent":0,"menu_order":0,"comment_status":"closed","ping_status":"closed","template":"","meta":{"footnotes":""},"class_list":["post-36","page","type-page","status-publish","hentry"],"yoast_head":"<!-- This site is optimized with the Yoast SEO plugin v27.2 - https:\/\/yoast.com\/product\/yoast-seo-wordpress\/ -->\n<title>Le plan - BSQF 2025 UMONS<\/title>\n<meta name=\"robots\" content=\"index, follow, max-snippet:-1, max-image-preview:large, max-video-preview:-1\" \/>\n<link rel=\"canonical\" href=\"https:\/\/web.umons.ac.be\/bsqf2025\/le-plan\/\" \/>\n<meta property=\"og:locale\" content=\"fr_FR\" \/>\n<meta property=\"og:type\" content=\"article\" \/>\n<meta property=\"og:title\" content=\"Le plan - BSQF 2025 UMONS\" \/>\n<meta property=\"og:description\" content=\"Plan et acc\u00e8s\u00a0: Le BSQF 2025 se d\u00e9roulera au Domaine de Ronchinne, au c\u0153ur de la province de Namur , en Belgique. Un lieu o\u00f9 le respect de l\u2019environnement rencontre le confort d\u2019un havre de paix pour offrir une exp\u00e9rience unique et \u00e9coresponsable (H\u00e9bergement \u00e9cologiques, pratiques durables et activit\u00e9s responsables\u2026) Localisation Google\u00a0: &nbsp; &nbsp; Comment [&hellip;]\" \/>\n<meta property=\"og:url\" content=\"https:\/\/web.umons.ac.be\/bsqf2025\/le-plan\/\" \/>\n<meta property=\"og:site_name\" content=\"BSQF 2025 UMONS\" \/>\n<meta property=\"article:modified_time\" content=\"2025-08-16T10:20:43+00:00\" \/>\n<meta name=\"twitter:card\" content=\"summary_large_image\" \/>\n<meta name=\"twitter:label1\" content=\"Dur\u00e9e de lecture estim\u00e9e\" \/>\n\t<meta name=\"twitter:data1\" content=\"2 minutes\" \/>\n<script type=\"application\/ld+json\" class=\"yoast-schema-graph\">{\"@context\":\"https:\/\/schema.org\",\"@graph\":[{\"@type\":\"WebPage\",\"@id\":\"https:\/\/web.umons.ac.be\/bsqf2025\/le-plan\/\",\"url\":\"https:\/\/web.umons.ac.be\/bsqf2025\/le-plan\/\",\"name\":\"Le plan - BSQF 2025 UMONS\",\"isPartOf\":{\"@id\":\"https:\/\/web.umons.ac.be\/bsqf2025\/#website\"},\"datePublished\":\"2025-01-08T14:10:40+00:00\",\"dateModified\":\"2025-08-16T10:20:43+00:00\",\"breadcrumb\":{\"@id\":\"https:\/\/web.umons.ac.be\/bsqf2025\/le-plan\/#breadcrumb\"},\"inLanguage\":\"fr-FR\",\"potentialAction\":[{\"@type\":\"ReadAction\",\"target\":[\"https:\/\/web.umons.ac.be\/bsqf2025\/le-plan\/\"]}]},{\"@type\":\"BreadcrumbList\",\"@id\":\"https:\/\/web.umons.ac.be\/bsqf2025\/le-plan\/#breadcrumb\",\"itemListElement\":[{\"@type\":\"ListItem\",\"position\":1,\"name\":\"Accueil\",\"item\":\"https:\/\/web.umons.ac.be\/bsqf2025\/\"},{\"@type\":\"ListItem\",\"position\":2,\"name\":\"Le plan\"}]},{\"@type\":\"WebSite\",\"@id\":\"https:\/\/web.umons.ac.be\/bsqf2025\/#website\",\"url\":\"https:\/\/web.umons.ac.be\/bsqf2025\/\",\"name\":\"BSQF 2025 UMONS\",\"description\":\"\",\"potentialAction\":[{\"@type\":\"SearchAction\",\"target\":{\"@type\":\"EntryPoint\",\"urlTemplate\":\"https:\/\/web.umons.ac.be\/bsqf2025\/?s={search_term_string}\"},\"query-input\":{\"@type\":\"PropertyValueSpecification\",\"valueRequired\":true,\"valueName\":\"search_term_string\"}}],\"inLanguage\":\"fr-FR\"}]}<\/script>\n<!-- \/ Yoast SEO plugin. -->","yoast_head_json":{"title":"Le plan - BSQF 2025 UMONS","robots":{"index":"index","follow":"follow","max-snippet":"max-snippet:-1","max-image-preview":"max-image-preview:large","max-video-preview":"max-video-preview:-1"},"canonical":"https:\/\/web.umons.ac.be\/bsqf2025\/le-plan\/","og_locale":"fr_FR","og_type":"article","og_title":"Le plan - BSQF 2025 UMONS","og_description":"Plan et acc\u00e8s\u00a0: Le BSQF 2025 se d\u00e9roulera au Domaine de Ronchinne, au c\u0153ur de la province de Namur , en Belgique. Un lieu o\u00f9 le respect de l\u2019environnement rencontre le confort d\u2019un havre de paix pour offrir une exp\u00e9rience unique et \u00e9coresponsable (H\u00e9bergement \u00e9cologiques, pratiques durables et activit\u00e9s responsables\u2026) Localisation Google\u00a0: &nbsp; &nbsp; Comment [&hellip;]","og_url":"https:\/\/web.umons.ac.be\/bsqf2025\/le-plan\/","og_site_name":"BSQF 2025 UMONS","article_modified_time":"2025-08-16T10:20:43+00:00","twitter_card":"summary_large_image","twitter_misc":{"Dur\u00e9e de lecture estim\u00e9e":"2 minutes"},"schema":{"@context":"https:\/\/schema.org","@graph":[{"@type":"WebPage","@id":"https:\/\/web.umons.ac.be\/bsqf2025\/le-plan\/","url":"https:\/\/web.umons.ac.be\/bsqf2025\/le-plan\/","name":"Le plan - BSQF 2025 UMONS","isPartOf":{"@id":"https:\/\/web.umons.ac.be\/bsqf2025\/#website"},"datePublished":"2025-01-08T14:10:40+00:00","dateModified":"2025-08-16T10:20:43+00:00","breadcrumb":{"@id":"https:\/\/web.umons.ac.be\/bsqf2025\/le-plan\/#breadcrumb"},"inLanguage":"fr-FR","potentialAction":[{"@type":"ReadAction","target":["https:\/\/web.umons.ac.be\/bsqf2025\/le-plan\/"]}]},{"@type":"BreadcrumbList","@id":"https:\/\/web.umons.ac.be\/bsqf2025\/le-plan\/#breadcrumb","itemListElement":[{"@type":"ListItem","position":1,"name":"Accueil","item":"https:\/\/web.umons.ac.be\/bsqf2025\/"},{"@type":"ListItem","position":2,"name":"Le plan"}]},{"@type":"WebSite","@id":"https:\/\/web.umons.ac.be\/bsqf2025\/#website","url":"https:\/\/web.umons.ac.be\/bsqf2025\/","name":"BSQF 2025 UMONS","description":"","potentialAction":[{"@type":"SearchAction","target":{"@type":"EntryPoint","urlTemplate":"https:\/\/web.umons.ac.be\/bsqf2025\/?s={search_term_string}"},"query-input":{"@type":"PropertyValueSpecification","valueRequired":true,"valueName":"search_term_string"}}],"inLanguage":"fr-FR"}]}},"lang":"fr","translations":{"fr":36},"pll_sync_post":[],"_links":{"self":[{"href":"https:\/\/web.umons.ac.be\/bsqf2025\/wp-json\/wp\/v2\/pages\/36","targetHints":{"allow":["GET"]}}],"collection":[{"href":"https:\/\/web.umons.ac.be\/bsqf2025\/wp-json\/wp\/v2\/pages"}],"about":[{"href":"https:\/\/web.umons.ac.be\/bsqf2025\/wp-json\/wp\/v2\/types\/page"}],"author":[{"embeddable":true,"href":"https:\/\/web.umons.ac.be\/bsqf2025\/wp-json\/wp\/v2\/users\/2"}],"replies":[{"embeddable":true,"href":"https:\/\/web.umons.ac.be\/bsqf2025\/wp-json\/wp\/v2\/comments?post=36"}],"version-history":[{"count":3,"href":"https:\/\/web.umons.ac.be\/bsqf2025\/wp-json\/wp\/v2\/pages\/36\/revisions"}],"predecessor-version":[{"id":136,"href":"https:\/\/web.umons.ac.be\/bsqf2025\/wp-json\/wp\/v2\/pages\/36\/revisions\/136"}],"wp:attachment":[{"href":"https:\/\/web.umons.ac.be\/bsqf2025\/wp-json\/wp\/v2\/media?parent=36"}],"curies":[{"name":"wp","href":"https:\/\/api.w.org\/{rel}","templated":true}]}}