{"id":101,"date":"2022-04-06T13:11:00","date_gmt":"2022-04-06T11:11:00","guid":{"rendered":"https:\/\/web.umons.ac.be\/card\/?page_id=101"},"modified":"2025-01-08T16:45:48","modified_gmt":"2025-01-08T15:45:48","slug":"coquay-maxime","status":"publish","type":"page","link":"https:\/\/web.umons.ac.be\/card\/coquay-maxime\/","title":{"rendered":"COQUAY Maxime"},"content":{"rendered":"<h1 style=\"text-align: center;\">COQUAY Maxime<\/h1>\n<p>&nbsp;<\/p>\n<p><img loading=\"lazy\" decoding=\"async\" class=\"size-medium wp-image-137 aligncenter\" src=\"https:\/\/web.umons.ac.be\/app\/uploads\/sites\/123\/2022\/07\/a-a-189x300.jpg\" alt=\"\" width=\"189\" height=\"300\" srcset=\"https:\/\/web.umons.ac.be\/app\/uploads\/sites\/123\/2022\/07\/a-a-189x300.jpg 189w, https:\/\/web.umons.ac.be\/app\/uploads\/sites\/123\/2022\/07\/a-a-645x1024.jpg 645w, https:\/\/web.umons.ac.be\/app\/uploads\/sites\/123\/2022\/07\/a-a-768x1220.jpg 768w, https:\/\/web.umons.ac.be\/app\/uploads\/sites\/123\/2022\/07\/a-a-967x1536.jpg 967w, https:\/\/web.umons.ac.be\/app\/uploads\/sites\/123\/2022\/07\/a-a-415x660.jpg 415w, https:\/\/web.umons.ac.be\/app\/uploads\/sites\/123\/2022\/07\/a-a-30x48.jpg 30w, https:\/\/web.umons.ac.be\/app\/uploads\/sites\/123\/2022\/07\/a-a-38x60.jpg 38w, https:\/\/web.umons.ac.be\/app\/uploads\/sites\/123\/2022\/07\/a-a-360x572.jpg 360w, https:\/\/web.umons.ac.be\/app\/uploads\/sites\/123\/2022\/07\/a-a.jpg 1096w\" sizes=\"auto, (max-width: 189px) 100vw, 189px\" \/><\/p>\n<p>&nbsp;<\/p>\n<p style=\"text-align: center;\"><span style=\"font-size: 12pt;\">Dipl\u00f4m\u00e9 d&rsquo;un Master en Sciences Biom\u00e9dicales r\u00e9alis\u00e9 \u00e0 l&rsquo;UMONS, M. <\/span><span style=\"font-size: 12pt;\">Coquay a r\u00e9alis\u00e9 un m\u00e9moire portant sur l&rsquo;\u00e9tude des activit\u00e9s biologiques d&rsquo;extraits de gingembre sur l&rsquo;ath\u00e9roscl\u00e9rose chez les macrophages humains. Cette \u00e9tude s&rsquo;est d\u00e9roul\u00e9e au sein du service de Cardiologie et en collaboration avec le laboratoire de Chimie Th\u00e9rapeutique et Pharmacognosie du Pr. Duez.<\/span><\/p>\n","protected":false},"excerpt":{"rendered":"<p>COQUAY Maxime &nbsp; &nbsp; Dipl\u00f4m\u00e9 d&rsquo;un Master en Sciences Biom\u00e9dicales r\u00e9alis\u00e9 \u00e0 l&rsquo;UMONS, M. Coquay a r\u00e9alis\u00e9 un m\u00e9moire portant sur l&rsquo;\u00e9tude des activit\u00e9s biologiques d&rsquo;extraits de gingembre sur l&rsquo;ath\u00e9roscl\u00e9rose chez les macrophages humains. Cette \u00e9tude s&rsquo;est d\u00e9roul\u00e9e au sein du service de Cardiologie et en collaboration avec le laboratoire de Chimie Th\u00e9rapeutique et Pharmacognosie [&hellip;]<\/p>\n","protected":false},"author":83,"featured_media":0,"parent":0,"menu_order":0,"comment_status":"closed","ping_status":"closed","template":"","meta":{"footnotes":""},"class_list":["post-101","page","type-page","status-publish","hentry"],"yoast_head":"<!-- This site is optimized with the Yoast SEO plugin v27.2 - https:\/\/yoast.com\/product\/yoast-seo-wordpress\/ -->\n<title>COQUAY Maxime - Service \/ FMPB - Cardiologie<\/title>\n<meta name=\"robots\" content=\"index, follow, max-snippet:-1, max-image-preview:large, max-video-preview:-1\" \/>\n<link rel=\"canonical\" href=\"https:\/\/web.umons.ac.be\/card\/coquay-maxime\/\" \/>\n<meta property=\"og:locale\" content=\"fr_FR\" \/>\n<meta property=\"og:type\" content=\"article\" \/>\n<meta property=\"og:title\" content=\"COQUAY Maxime - Service \/ FMPB - Cardiologie\" \/>\n<meta property=\"og:description\" content=\"COQUAY Maxime &nbsp; &nbsp; Dipl\u00f4m\u00e9 d&rsquo;un Master en Sciences Biom\u00e9dicales r\u00e9alis\u00e9 \u00e0 l&rsquo;UMONS, M. Coquay a r\u00e9alis\u00e9 un m\u00e9moire portant sur l&rsquo;\u00e9tude des activit\u00e9s biologiques d&rsquo;extraits de gingembre sur l&rsquo;ath\u00e9roscl\u00e9rose chez les macrophages humains. Cette \u00e9tude s&rsquo;est d\u00e9roul\u00e9e au sein du service de Cardiologie et en collaboration avec le laboratoire de Chimie Th\u00e9rapeutique et Pharmacognosie [&hellip;]\" \/>\n<meta property=\"og:url\" content=\"https:\/\/web.umons.ac.be\/card\/coquay-maxime\/\" \/>\n<meta property=\"og:site_name\" content=\"Service \/ FMPB - Cardiologie\" \/>\n<meta property=\"article:modified_time\" content=\"2025-01-08T15:45:48+00:00\" \/>\n<meta property=\"og:image\" content=\"https:\/\/web.umons.ac.be\/app\/uploads\/sites\/123\/2022\/07\/a-a-189x300.jpg\" \/>\n<meta name=\"twitter:card\" content=\"summary_large_image\" \/>\n<meta name=\"twitter:label1\" content=\"Dur\u00e9e de lecture estim\u00e9e\" \/>\n\t<meta name=\"twitter:data1\" content=\"1 minute\" \/>\n<script type=\"application\/ld+json\" class=\"yoast-schema-graph\">{\"@context\":\"https:\/\/schema.org\",\"@graph\":[{\"@type\":\"WebPage\",\"@id\":\"https:\/\/web.umons.ac.be\/card\/coquay-maxime\/\",\"url\":\"https:\/\/web.umons.ac.be\/card\/coquay-maxime\/\",\"name\":\"COQUAY Maxime - Service \/ FMPB - Cardiologie\",\"isPartOf\":{\"@id\":\"https:\/\/web.umons.ac.be\/card\/#website\"},\"primaryImageOfPage\":{\"@id\":\"https:\/\/web.umons.ac.be\/card\/coquay-maxime\/#primaryimage\"},\"image\":{\"@id\":\"https:\/\/web.umons.ac.be\/card\/coquay-maxime\/#primaryimage\"},\"thumbnailUrl\":\"https:\/\/web.umons.ac.be\/app\/uploads\/sites\/123\/2022\/07\/a-a-189x300.jpg\",\"datePublished\":\"2022-04-06T11:11:00+00:00\",\"dateModified\":\"2025-01-08T15:45:48+00:00\",\"breadcrumb\":{\"@id\":\"https:\/\/web.umons.ac.be\/card\/coquay-maxime\/#breadcrumb\"},\"inLanguage\":\"fr-FR\",\"potentialAction\":[{\"@type\":\"ReadAction\",\"target\":[\"https:\/\/web.umons.ac.be\/card\/coquay-maxime\/\"]}]},{\"@type\":\"ImageObject\",\"inLanguage\":\"fr-FR\",\"@id\":\"https:\/\/web.umons.ac.be\/card\/coquay-maxime\/#primaryimage\",\"url\":\"https:\/\/web.umons.ac.be\/app\/uploads\/sites\/123\/2022\/07\/a-a-189x300.jpg\",\"contentUrl\":\"https:\/\/web.umons.ac.be\/app\/uploads\/sites\/123\/2022\/07\/a-a-189x300.jpg\"},{\"@type\":\"BreadcrumbList\",\"@id\":\"https:\/\/web.umons.ac.be\/card\/coquay-maxime\/#breadcrumb\",\"itemListElement\":[{\"@type\":\"ListItem\",\"position\":1,\"name\":\"Home\",\"item\":\"https:\/\/web.umons.ac.be\/card\/\"},{\"@type\":\"ListItem\",\"position\":2,\"name\":\"COQUAY Maxime\"}]},{\"@type\":\"WebSite\",\"@id\":\"https:\/\/web.umons.ac.be\/card\/#website\",\"url\":\"https:\/\/web.umons.ac.be\/card\/\",\"name\":\"Service \/ FMPB - Cardiologie\",\"description\":\"\",\"potentialAction\":[{\"@type\":\"SearchAction\",\"target\":{\"@type\":\"EntryPoint\",\"urlTemplate\":\"https:\/\/web.umons.ac.be\/card\/?s={search_term_string}\"},\"query-input\":{\"@type\":\"PropertyValueSpecification\",\"valueRequired\":true,\"valueName\":\"search_term_string\"}}],\"inLanguage\":\"fr-FR\"}]}<\/script>\n<!-- \/ Yoast SEO plugin. -->","yoast_head_json":{"title":"COQUAY Maxime - Service \/ FMPB - Cardiologie","robots":{"index":"index","follow":"follow","max-snippet":"max-snippet:-1","max-image-preview":"max-image-preview:large","max-video-preview":"max-video-preview:-1"},"canonical":"https:\/\/web.umons.ac.be\/card\/coquay-maxime\/","og_locale":"fr_FR","og_type":"article","og_title":"COQUAY Maxime - Service \/ FMPB - Cardiologie","og_description":"COQUAY Maxime &nbsp; &nbsp; Dipl\u00f4m\u00e9 d&rsquo;un Master en Sciences Biom\u00e9dicales r\u00e9alis\u00e9 \u00e0 l&rsquo;UMONS, M. Coquay a r\u00e9alis\u00e9 un m\u00e9moire portant sur l&rsquo;\u00e9tude des activit\u00e9s biologiques d&rsquo;extraits de gingembre sur l&rsquo;ath\u00e9roscl\u00e9rose chez les macrophages humains. Cette \u00e9tude s&rsquo;est d\u00e9roul\u00e9e au sein du service de Cardiologie et en collaboration avec le laboratoire de Chimie Th\u00e9rapeutique et Pharmacognosie [&hellip;]","og_url":"https:\/\/web.umons.ac.be\/card\/coquay-maxime\/","og_site_name":"Service \/ FMPB - Cardiologie","article_modified_time":"2025-01-08T15:45:48+00:00","og_image":[{"url":"https:\/\/web.umons.ac.be\/app\/uploads\/sites\/123\/2022\/07\/a-a-189x300.jpg","type":"","width":"","height":""}],"twitter_card":"summary_large_image","twitter_misc":{"Dur\u00e9e de lecture estim\u00e9e":"1 minute"},"schema":{"@context":"https:\/\/schema.org","@graph":[{"@type":"WebPage","@id":"https:\/\/web.umons.ac.be\/card\/coquay-maxime\/","url":"https:\/\/web.umons.ac.be\/card\/coquay-maxime\/","name":"COQUAY Maxime - Service \/ FMPB - Cardiologie","isPartOf":{"@id":"https:\/\/web.umons.ac.be\/card\/#website"},"primaryImageOfPage":{"@id":"https:\/\/web.umons.ac.be\/card\/coquay-maxime\/#primaryimage"},"image":{"@id":"https:\/\/web.umons.ac.be\/card\/coquay-maxime\/#primaryimage"},"thumbnailUrl":"https:\/\/web.umons.ac.be\/app\/uploads\/sites\/123\/2022\/07\/a-a-189x300.jpg","datePublished":"2022-04-06T11:11:00+00:00","dateModified":"2025-01-08T15:45:48+00:00","breadcrumb":{"@id":"https:\/\/web.umons.ac.be\/card\/coquay-maxime\/#breadcrumb"},"inLanguage":"fr-FR","potentialAction":[{"@type":"ReadAction","target":["https:\/\/web.umons.ac.be\/card\/coquay-maxime\/"]}]},{"@type":"ImageObject","inLanguage":"fr-FR","@id":"https:\/\/web.umons.ac.be\/card\/coquay-maxime\/#primaryimage","url":"https:\/\/web.umons.ac.be\/app\/uploads\/sites\/123\/2022\/07\/a-a-189x300.jpg","contentUrl":"https:\/\/web.umons.ac.be\/app\/uploads\/sites\/123\/2022\/07\/a-a-189x300.jpg"},{"@type":"BreadcrumbList","@id":"https:\/\/web.umons.ac.be\/card\/coquay-maxime\/#breadcrumb","itemListElement":[{"@type":"ListItem","position":1,"name":"Home","item":"https:\/\/web.umons.ac.be\/card\/"},{"@type":"ListItem","position":2,"name":"COQUAY Maxime"}]},{"@type":"WebSite","@id":"https:\/\/web.umons.ac.be\/card\/#website","url":"https:\/\/web.umons.ac.be\/card\/","name":"Service \/ FMPB - Cardiologie","description":"","potentialAction":[{"@type":"SearchAction","target":{"@type":"EntryPoint","urlTemplate":"https:\/\/web.umons.ac.be\/card\/?s={search_term_string}"},"query-input":{"@type":"PropertyValueSpecification","valueRequired":true,"valueName":"search_term_string"}}],"inLanguage":"fr-FR"}]}},"lang":"fr","translations":{"fr":101},"pll_sync_post":[],"_links":{"self":[{"href":"https:\/\/web.umons.ac.be\/card\/wp-json\/wp\/v2\/pages\/101","targetHints":{"allow":["GET"]}}],"collection":[{"href":"https:\/\/web.umons.ac.be\/card\/wp-json\/wp\/v2\/pages"}],"about":[{"href":"https:\/\/web.umons.ac.be\/card\/wp-json\/wp\/v2\/types\/page"}],"author":[{"embeddable":true,"href":"https:\/\/web.umons.ac.be\/card\/wp-json\/wp\/v2\/users\/83"}],"replies":[{"embeddable":true,"href":"https:\/\/web.umons.ac.be\/card\/wp-json\/wp\/v2\/comments?post=101"}],"version-history":[{"count":3,"href":"https:\/\/web.umons.ac.be\/card\/wp-json\/wp\/v2\/pages\/101\/revisions"}],"predecessor-version":[{"id":376,"href":"https:\/\/web.umons.ac.be\/card\/wp-json\/wp\/v2\/pages\/101\/revisions\/376"}],"wp:attachment":[{"href":"https:\/\/web.umons.ac.be\/card\/wp-json\/wp\/v2\/media?parent=101"}],"curies":[{"name":"wp","href":"https:\/\/api.w.org\/{rel}","templated":true}]}}