{"id":11,"date":"2021-11-22T16:01:43","date_gmt":"2021-11-22T15:01:43","guid":{"rendered":"https:\/\/web.umons.ac.be\/card\/activites-denseignement\/"},"modified":"2025-01-08T16:11:54","modified_gmt":"2025-01-08T15:11:54","slug":"activites-denseignement","status":"publish","type":"page","link":"https:\/\/web.umons.ac.be\/card\/activites-denseignement\/","title":{"rendered":"Activit\u00e9s d&rsquo;enseignement"},"content":{"rendered":"<p style=\"text-align: justify;\"><span style=\"font-family: arial, helvetica, sans-serif; font-size: 12pt;\">Le cours de Cardiologie, dispens\u00e9 aux \u00e9l\u00e8ves de 3\u00e8me ann\u00e9e de Bachelier en M\u00e9decine par le Pr. Carlier et son assistante le Dr Caulier, a pour but d&rsquo;enseigner aux \u00e9tudiants les grandes lignes directrices de la prise en charge des pathologies cardiovasculaires. L&rsquo;unit\u00e9 d&rsquo;enseignement se compose de cours oraux ainsi que de s\u00e9ances de travaux pratiques. Afin de concr\u00e9tiser l&rsquo;apprentissage et de stimuler la r\u00e9flexion, les diff\u00e9rents chapitres s&rsquo;articulent autour de mises en situation rencontr\u00e9es par les intervenants. Le cours de Cardiologie se veut donc ax\u00e9 sur la r\u00e9alit\u00e9 du terrain m\u00e9dical et souhaite favoriser la compr\u00e9hension au-del\u00e0 d&rsquo;une application purement th\u00e9orique des guidelines.<\/span><\/p>\n<ul style=\"text-align: justify;\">\n<li><span style=\"font-family: arial, helvetica, sans-serif; font-size: 12pt;\">Titulaire : <a href=\"https:\/\/web.umons.ac.be\/card\/carlier-stephane\/\">Pr St\u00e9phane CARLIER<\/a><\/span><\/li>\n<li><span style=\"font-family: arial, helvetica, sans-serif; font-size: 12pt;\">Assistant : <a href=\"https:\/\/web.umons.ac.be\/card\/caulier-florine\/\">Dr Florine CAULIER<\/a><\/span><\/li>\n<\/ul>\n<p style=\"text-align: justify;\"><span style=\"font-family: arial, helvetica, sans-serif; font-size: 12pt;\"><a href=\"https:\/\/moodle.umons.ac.be\/course\/view.php?id=1548\">Lien de l&rsquo;Unit\u00e9 d&rsquo;Enseignement.<\/a><\/span><\/p>\n","protected":false},"excerpt":{"rendered":"<p>Le cours de Cardiologie, dispens\u00e9 aux \u00e9l\u00e8ves de 3\u00e8me ann\u00e9e de Bachelier en M\u00e9decine par le Pr. Carlier et son assistante le Dr Caulier, a pour but d&rsquo;enseigner aux \u00e9tudiants les grandes lignes directrices de la prise en charge des pathologies cardiovasculaires. L&rsquo;unit\u00e9 d&rsquo;enseignement se compose de cours oraux ainsi que de s\u00e9ances de travaux [&hellip;]<\/p>\n","protected":false},"author":4,"featured_media":0,"parent":0,"menu_order":0,"comment_status":"closed","ping_status":"closed","template":"","meta":{"footnotes":""},"class_list":["post-11","page","type-page","status-publish","hentry"],"yoast_head":"<!-- This site is optimized with the Yoast SEO plugin v27.2 - https:\/\/yoast.com\/product\/yoast-seo-wordpress\/ -->\n<title>Activit\u00e9s d&#039;enseignement - Service \/ FMPB - Cardiologie<\/title>\n<meta name=\"robots\" content=\"index, follow, max-snippet:-1, max-image-preview:large, max-video-preview:-1\" \/>\n<link rel=\"canonical\" href=\"https:\/\/web.umons.ac.be\/card\/activites-denseignement\/\" \/>\n<meta property=\"og:locale\" content=\"fr_FR\" \/>\n<meta property=\"og:type\" content=\"article\" \/>\n<meta property=\"og:title\" content=\"Activit\u00e9s d&#039;enseignement - Service \/ FMPB - Cardiologie\" \/>\n<meta property=\"og:description\" content=\"Le cours de Cardiologie, dispens\u00e9 aux \u00e9l\u00e8ves de 3\u00e8me ann\u00e9e de Bachelier en M\u00e9decine par le Pr. Carlier et son assistante le Dr Caulier, a pour but d&rsquo;enseigner aux \u00e9tudiants les grandes lignes directrices de la prise en charge des pathologies cardiovasculaires. L&rsquo;unit\u00e9 d&rsquo;enseignement se compose de cours oraux ainsi que de s\u00e9ances de travaux [&hellip;]\" \/>\n<meta property=\"og:url\" content=\"https:\/\/web.umons.ac.be\/card\/activites-denseignement\/\" \/>\n<meta property=\"og:site_name\" content=\"Service \/ FMPB - Cardiologie\" \/>\n<meta property=\"article:modified_time\" content=\"2025-01-08T15:11:54+00:00\" \/>\n<meta name=\"twitter:card\" content=\"summary_large_image\" \/>\n<meta name=\"twitter:label1\" content=\"Dur\u00e9e de lecture estim\u00e9e\" \/>\n\t<meta name=\"twitter:data1\" content=\"1 minute\" \/>\n<script type=\"application\/ld+json\" class=\"yoast-schema-graph\">{\"@context\":\"https:\/\/schema.org\",\"@graph\":[{\"@type\":\"WebPage\",\"@id\":\"https:\/\/web.umons.ac.be\/card\/activites-denseignement\/\",\"url\":\"https:\/\/web.umons.ac.be\/card\/activites-denseignement\/\",\"name\":\"Activit\u00e9s d'enseignement - Service \/ FMPB - Cardiologie\",\"isPartOf\":{\"@id\":\"https:\/\/web.umons.ac.be\/card\/#website\"},\"datePublished\":\"2021-11-22T15:01:43+00:00\",\"dateModified\":\"2025-01-08T15:11:54+00:00\",\"breadcrumb\":{\"@id\":\"https:\/\/web.umons.ac.be\/card\/activites-denseignement\/#breadcrumb\"},\"inLanguage\":\"fr-FR\",\"potentialAction\":[{\"@type\":\"ReadAction\",\"target\":[\"https:\/\/web.umons.ac.be\/card\/activites-denseignement\/\"]}]},{\"@type\":\"BreadcrumbList\",\"@id\":\"https:\/\/web.umons.ac.be\/card\/activites-denseignement\/#breadcrumb\",\"itemListElement\":[{\"@type\":\"ListItem\",\"position\":1,\"name\":\"Home\",\"item\":\"https:\/\/web.umons.ac.be\/card\/\"},{\"@type\":\"ListItem\",\"position\":2,\"name\":\"Activit\u00e9s d&rsquo;enseignement\"}]},{\"@type\":\"WebSite\",\"@id\":\"https:\/\/web.umons.ac.be\/card\/#website\",\"url\":\"https:\/\/web.umons.ac.be\/card\/\",\"name\":\"Service \/ FMPB - Cardiologie\",\"description\":\"\",\"potentialAction\":[{\"@type\":\"SearchAction\",\"target\":{\"@type\":\"EntryPoint\",\"urlTemplate\":\"https:\/\/web.umons.ac.be\/card\/?s={search_term_string}\"},\"query-input\":{\"@type\":\"PropertyValueSpecification\",\"valueRequired\":true,\"valueName\":\"search_term_string\"}}],\"inLanguage\":\"fr-FR\"}]}<\/script>\n<!-- \/ Yoast SEO plugin. -->","yoast_head_json":{"title":"Activit\u00e9s d'enseignement - Service \/ FMPB - Cardiologie","robots":{"index":"index","follow":"follow","max-snippet":"max-snippet:-1","max-image-preview":"max-image-preview:large","max-video-preview":"max-video-preview:-1"},"canonical":"https:\/\/web.umons.ac.be\/card\/activites-denseignement\/","og_locale":"fr_FR","og_type":"article","og_title":"Activit\u00e9s d'enseignement - Service \/ FMPB - Cardiologie","og_description":"Le cours de Cardiologie, dispens\u00e9 aux \u00e9l\u00e8ves de 3\u00e8me ann\u00e9e de Bachelier en M\u00e9decine par le Pr. Carlier et son assistante le Dr Caulier, a pour but d&rsquo;enseigner aux \u00e9tudiants les grandes lignes directrices de la prise en charge des pathologies cardiovasculaires. L&rsquo;unit\u00e9 d&rsquo;enseignement se compose de cours oraux ainsi que de s\u00e9ances de travaux [&hellip;]","og_url":"https:\/\/web.umons.ac.be\/card\/activites-denseignement\/","og_site_name":"Service \/ FMPB - Cardiologie","article_modified_time":"2025-01-08T15:11:54+00:00","twitter_card":"summary_large_image","twitter_misc":{"Dur\u00e9e de lecture estim\u00e9e":"1 minute"},"schema":{"@context":"https:\/\/schema.org","@graph":[{"@type":"WebPage","@id":"https:\/\/web.umons.ac.be\/card\/activites-denseignement\/","url":"https:\/\/web.umons.ac.be\/card\/activites-denseignement\/","name":"Activit\u00e9s d'enseignement - Service \/ FMPB - Cardiologie","isPartOf":{"@id":"https:\/\/web.umons.ac.be\/card\/#website"},"datePublished":"2021-11-22T15:01:43+00:00","dateModified":"2025-01-08T15:11:54+00:00","breadcrumb":{"@id":"https:\/\/web.umons.ac.be\/card\/activites-denseignement\/#breadcrumb"},"inLanguage":"fr-FR","potentialAction":[{"@type":"ReadAction","target":["https:\/\/web.umons.ac.be\/card\/activites-denseignement\/"]}]},{"@type":"BreadcrumbList","@id":"https:\/\/web.umons.ac.be\/card\/activites-denseignement\/#breadcrumb","itemListElement":[{"@type":"ListItem","position":1,"name":"Home","item":"https:\/\/web.umons.ac.be\/card\/"},{"@type":"ListItem","position":2,"name":"Activit\u00e9s d&rsquo;enseignement"}]},{"@type":"WebSite","@id":"https:\/\/web.umons.ac.be\/card\/#website","url":"https:\/\/web.umons.ac.be\/card\/","name":"Service \/ FMPB - Cardiologie","description":"","potentialAction":[{"@type":"SearchAction","target":{"@type":"EntryPoint","urlTemplate":"https:\/\/web.umons.ac.be\/card\/?s={search_term_string}"},"query-input":{"@type":"PropertyValueSpecification","valueRequired":true,"valueName":"search_term_string"}}],"inLanguage":"fr-FR"}]}},"lang":"fr","translations":{"fr":11,"en":13},"pll_sync_post":[],"_links":{"self":[{"href":"https:\/\/web.umons.ac.be\/card\/wp-json\/wp\/v2\/pages\/11","targetHints":{"allow":["GET"]}}],"collection":[{"href":"https:\/\/web.umons.ac.be\/card\/wp-json\/wp\/v2\/pages"}],"about":[{"href":"https:\/\/web.umons.ac.be\/card\/wp-json\/wp\/v2\/types\/page"}],"author":[{"embeddable":true,"href":"https:\/\/web.umons.ac.be\/card\/wp-json\/wp\/v2\/users\/4"}],"replies":[{"embeddable":true,"href":"https:\/\/web.umons.ac.be\/card\/wp-json\/wp\/v2\/comments?post=11"}],"version-history":[{"count":3,"href":"https:\/\/web.umons.ac.be\/card\/wp-json\/wp\/v2\/pages\/11\/revisions"}],"predecessor-version":[{"id":370,"href":"https:\/\/web.umons.ac.be\/card\/wp-json\/wp\/v2\/pages\/11\/revisions\/370"}],"wp:attachment":[{"href":"https:\/\/web.umons.ac.be\/card\/wp-json\/wp\/v2\/media?parent=11"}],"curies":[{"name":"wp","href":"https:\/\/api.w.org\/{rel}","templated":true}]}}