{"id":141,"date":"2022-07-11T11:08:03","date_gmt":"2022-07-11T09:08:03","guid":{"rendered":"https:\/\/web.umons.ac.be\/card\/?page_id=141"},"modified":"2022-07-11T12:27:15","modified_gmt":"2022-07-11T10:27:15","slug":"gilon-cedric","status":"publish","type":"page","link":"https:\/\/web.umons.ac.be\/card\/gilon-cedric\/","title":{"rendered":"GILON C\u00e9dric"},"content":{"rendered":"<h1 style=\"text-align: center\">GILON C\u00e9dric<\/h1>\n<p>&nbsp;<\/p>\n<p><img loading=\"lazy\" decoding=\"async\" class=\" wp-image-143 aligncenter\" src=\"https:\/\/web.umons.ac.be\/app\/uploads\/sites\/123\/2022\/07\/Cedric-Gilon13622-300x277.jpg\" alt=\"\" width=\"284\" height=\"262\" srcset=\"https:\/\/web.umons.ac.be\/app\/uploads\/sites\/123\/2022\/07\/Cedric-Gilon13622-300x277.jpg 300w, https:\/\/web.umons.ac.be\/app\/uploads\/sites\/123\/2022\/07\/Cedric-Gilon13622-30x28.jpg 30w, https:\/\/web.umons.ac.be\/app\/uploads\/sites\/123\/2022\/07\/Cedric-Gilon13622-60x55.jpg 60w, https:\/\/web.umons.ac.be\/app\/uploads\/sites\/123\/2022\/07\/Cedric-Gilon13622-360x333.jpg 360w, https:\/\/web.umons.ac.be\/app\/uploads\/sites\/123\/2022\/07\/Cedric-Gilon13622.jpg 511w\" sizes=\"auto, (max-width: 284px) 100vw, 284px\" \/><\/p>\n<p>&nbsp;<\/p>\n<p style=\"text-align: center\"><span style=\"font-size: 12pt\">C\u00e9dric GILON est doctorant \u00e0 l&rsquo;Universit\u00e9 Libre de Bruxelles (ULB) en Belgique. Son principal int\u00e9r\u00eat de recherche est l\u2019application de l&rsquo;intelligence artificielle (IA) dans le domaine m\u00e9dical et plus particuli\u00e8rement en cardiologie. M. Gilon est titulaire d&rsquo;un bachelier en informatique et syst\u00e8mes avec une sp\u00e9cialisation en informatique industrielle de la Haute \u00c9cole de Bruxelles-Brabant &#8211; \u00c9cole Sup\u00e9rieure d&rsquo;Informatique, et d&rsquo;un Master en informatique avec une sp\u00e9cialisation en intelligence artificielle de l&rsquo;ULB. Il a rejoint <a href=\"https:\/\/code.ulb.ac.be\/lab\/IRIDIA\">IRIDIA<\/a>, le laboratoire de recherche en intelligence artificielle de l&rsquo;ULB en 2019 supervis\u00e9 par le Professeur Hugues Bersini et a travaill\u00e9 sur de multiples projets d&rsquo;applications de l&rsquo;IA dans l&rsquo;industrie. En 2020, il a commenc\u00e9 une th\u00e8se de doctorat, financ\u00e9e par la Communaut\u00e9 Wallonie-Bruxelles avec une bourse doctorale FNRS-FRIA. Dans ce cadre, il travaille en collaboration avec le Pr Carlier de l&rsquo;UMons et le CHU Ambroise Par\u00e9 &#8211; Mons. Sa th\u00e8se explore l&rsquo;utilisation de mod\u00e8les d&rsquo;intelligence artificielle pour la d\u00e9tection et la pr\u00e9vision de la fibrillation auriculaire, l&rsquo;arythmie cardiaque la plus fr\u00e9quente.<\/span><\/p>\n<p>&nbsp;<\/p>\n","protected":false},"excerpt":{"rendered":"<p>GILON C\u00e9dric &nbsp; &nbsp; C\u00e9dric GILON est doctorant \u00e0 l&rsquo;Universit\u00e9 Libre de Bruxelles (ULB) en Belgique. Son principal int\u00e9r\u00eat de recherche est l\u2019application de l&rsquo;intelligence artificielle (IA) dans le domaine m\u00e9dical et plus particuli\u00e8rement en cardiologie. M. Gilon est titulaire d&rsquo;un bachelier en informatique et syst\u00e8mes avec une sp\u00e9cialisation en informatique industrielle de la Haute [&hellip;]<\/p>\n","protected":false},"author":83,"featured_media":0,"parent":0,"menu_order":0,"comment_status":"closed","ping_status":"closed","template":"","meta":{"footnotes":""},"class_list":["post-141","page","type-page","status-publish","hentry"],"yoast_head":"<!-- This site is optimized with the Yoast SEO plugin v27.2 - https:\/\/yoast.com\/product\/yoast-seo-wordpress\/ -->\n<title>GILON C\u00e9dric - Service \/ FMPB - Cardiologie<\/title>\n<meta name=\"robots\" content=\"index, follow, max-snippet:-1, max-image-preview:large, max-video-preview:-1\" \/>\n<link rel=\"canonical\" href=\"https:\/\/web.umons.ac.be\/card\/gilon-cedric\/\" \/>\n<meta property=\"og:locale\" content=\"fr_FR\" \/>\n<meta property=\"og:type\" content=\"article\" \/>\n<meta property=\"og:title\" content=\"GILON C\u00e9dric - Service \/ FMPB - Cardiologie\" \/>\n<meta property=\"og:description\" content=\"GILON C\u00e9dric &nbsp; &nbsp; C\u00e9dric GILON est doctorant \u00e0 l&rsquo;Universit\u00e9 Libre de Bruxelles (ULB) en Belgique. Son principal int\u00e9r\u00eat de recherche est l\u2019application de l&rsquo;intelligence artificielle (IA) dans le domaine m\u00e9dical et plus particuli\u00e8rement en cardiologie. M. Gilon est titulaire d&rsquo;un bachelier en informatique et syst\u00e8mes avec une sp\u00e9cialisation en informatique industrielle de la Haute [&hellip;]\" \/>\n<meta property=\"og:url\" content=\"https:\/\/web.umons.ac.be\/card\/gilon-cedric\/\" \/>\n<meta property=\"og:site_name\" content=\"Service \/ FMPB - Cardiologie\" \/>\n<meta property=\"article:modified_time\" content=\"2022-07-11T10:27:15+00:00\" \/>\n<meta property=\"og:image\" content=\"https:\/\/web.umons.ac.be\/app\/uploads\/sites\/123\/2022\/07\/Cedric-Gilon13622-300x277.jpg\" \/>\n<meta name=\"twitter:card\" content=\"summary_large_image\" \/>\n<meta name=\"twitter:label1\" content=\"Dur\u00e9e de lecture estim\u00e9e\" \/>\n\t<meta name=\"twitter:data1\" content=\"2 minutes\" \/>\n<script type=\"application\/ld+json\" class=\"yoast-schema-graph\">{\"@context\":\"https:\/\/schema.org\",\"@graph\":[{\"@type\":\"WebPage\",\"@id\":\"https:\/\/web.umons.ac.be\/card\/gilon-cedric\/\",\"url\":\"https:\/\/web.umons.ac.be\/card\/gilon-cedric\/\",\"name\":\"GILON C\u00e9dric - Service \/ FMPB - Cardiologie\",\"isPartOf\":{\"@id\":\"https:\/\/web.umons.ac.be\/card\/#website\"},\"primaryImageOfPage\":{\"@id\":\"https:\/\/web.umons.ac.be\/card\/gilon-cedric\/#primaryimage\"},\"image\":{\"@id\":\"https:\/\/web.umons.ac.be\/card\/gilon-cedric\/#primaryimage\"},\"thumbnailUrl\":\"https:\/\/web.umons.ac.be\/app\/uploads\/sites\/123\/2022\/07\/Cedric-Gilon13622-300x277.jpg\",\"datePublished\":\"2022-07-11T09:08:03+00:00\",\"dateModified\":\"2022-07-11T10:27:15+00:00\",\"breadcrumb\":{\"@id\":\"https:\/\/web.umons.ac.be\/card\/gilon-cedric\/#breadcrumb\"},\"inLanguage\":\"fr-FR\",\"potentialAction\":[{\"@type\":\"ReadAction\",\"target\":[\"https:\/\/web.umons.ac.be\/card\/gilon-cedric\/\"]}]},{\"@type\":\"ImageObject\",\"inLanguage\":\"fr-FR\",\"@id\":\"https:\/\/web.umons.ac.be\/card\/gilon-cedric\/#primaryimage\",\"url\":\"https:\/\/web.umons.ac.be\/app\/uploads\/sites\/123\/2022\/07\/Cedric-Gilon13622-300x277.jpg\",\"contentUrl\":\"https:\/\/web.umons.ac.be\/app\/uploads\/sites\/123\/2022\/07\/Cedric-Gilon13622-300x277.jpg\"},{\"@type\":\"BreadcrumbList\",\"@id\":\"https:\/\/web.umons.ac.be\/card\/gilon-cedric\/#breadcrumb\",\"itemListElement\":[{\"@type\":\"ListItem\",\"position\":1,\"name\":\"Home\",\"item\":\"https:\/\/web.umons.ac.be\/card\/\"},{\"@type\":\"ListItem\",\"position\":2,\"name\":\"GILON C\u00e9dric\"}]},{\"@type\":\"WebSite\",\"@id\":\"https:\/\/web.umons.ac.be\/card\/#website\",\"url\":\"https:\/\/web.umons.ac.be\/card\/\",\"name\":\"Service \/ FMPB - Cardiologie\",\"description\":\"\",\"potentialAction\":[{\"@type\":\"SearchAction\",\"target\":{\"@type\":\"EntryPoint\",\"urlTemplate\":\"https:\/\/web.umons.ac.be\/card\/?s={search_term_string}\"},\"query-input\":{\"@type\":\"PropertyValueSpecification\",\"valueRequired\":true,\"valueName\":\"search_term_string\"}}],\"inLanguage\":\"fr-FR\"}]}<\/script>\n<!-- \/ Yoast SEO plugin. -->","yoast_head_json":{"title":"GILON C\u00e9dric - Service \/ FMPB - Cardiologie","robots":{"index":"index","follow":"follow","max-snippet":"max-snippet:-1","max-image-preview":"max-image-preview:large","max-video-preview":"max-video-preview:-1"},"canonical":"https:\/\/web.umons.ac.be\/card\/gilon-cedric\/","og_locale":"fr_FR","og_type":"article","og_title":"GILON C\u00e9dric - Service \/ FMPB - Cardiologie","og_description":"GILON C\u00e9dric &nbsp; &nbsp; C\u00e9dric GILON est doctorant \u00e0 l&rsquo;Universit\u00e9 Libre de Bruxelles (ULB) en Belgique. Son principal int\u00e9r\u00eat de recherche est l\u2019application de l&rsquo;intelligence artificielle (IA) dans le domaine m\u00e9dical et plus particuli\u00e8rement en cardiologie. M. Gilon est titulaire d&rsquo;un bachelier en informatique et syst\u00e8mes avec une sp\u00e9cialisation en informatique industrielle de la Haute [&hellip;]","og_url":"https:\/\/web.umons.ac.be\/card\/gilon-cedric\/","og_site_name":"Service \/ FMPB - Cardiologie","article_modified_time":"2022-07-11T10:27:15+00:00","og_image":[{"url":"https:\/\/web.umons.ac.be\/app\/uploads\/sites\/123\/2022\/07\/Cedric-Gilon13622-300x277.jpg","type":"","width":"","height":""}],"twitter_card":"summary_large_image","twitter_misc":{"Dur\u00e9e de lecture estim\u00e9e":"2 minutes"},"schema":{"@context":"https:\/\/schema.org","@graph":[{"@type":"WebPage","@id":"https:\/\/web.umons.ac.be\/card\/gilon-cedric\/","url":"https:\/\/web.umons.ac.be\/card\/gilon-cedric\/","name":"GILON C\u00e9dric - Service \/ FMPB - Cardiologie","isPartOf":{"@id":"https:\/\/web.umons.ac.be\/card\/#website"},"primaryImageOfPage":{"@id":"https:\/\/web.umons.ac.be\/card\/gilon-cedric\/#primaryimage"},"image":{"@id":"https:\/\/web.umons.ac.be\/card\/gilon-cedric\/#primaryimage"},"thumbnailUrl":"https:\/\/web.umons.ac.be\/app\/uploads\/sites\/123\/2022\/07\/Cedric-Gilon13622-300x277.jpg","datePublished":"2022-07-11T09:08:03+00:00","dateModified":"2022-07-11T10:27:15+00:00","breadcrumb":{"@id":"https:\/\/web.umons.ac.be\/card\/gilon-cedric\/#breadcrumb"},"inLanguage":"fr-FR","potentialAction":[{"@type":"ReadAction","target":["https:\/\/web.umons.ac.be\/card\/gilon-cedric\/"]}]},{"@type":"ImageObject","inLanguage":"fr-FR","@id":"https:\/\/web.umons.ac.be\/card\/gilon-cedric\/#primaryimage","url":"https:\/\/web.umons.ac.be\/app\/uploads\/sites\/123\/2022\/07\/Cedric-Gilon13622-300x277.jpg","contentUrl":"https:\/\/web.umons.ac.be\/app\/uploads\/sites\/123\/2022\/07\/Cedric-Gilon13622-300x277.jpg"},{"@type":"BreadcrumbList","@id":"https:\/\/web.umons.ac.be\/card\/gilon-cedric\/#breadcrumb","itemListElement":[{"@type":"ListItem","position":1,"name":"Home","item":"https:\/\/web.umons.ac.be\/card\/"},{"@type":"ListItem","position":2,"name":"GILON C\u00e9dric"}]},{"@type":"WebSite","@id":"https:\/\/web.umons.ac.be\/card\/#website","url":"https:\/\/web.umons.ac.be\/card\/","name":"Service \/ FMPB - Cardiologie","description":"","potentialAction":[{"@type":"SearchAction","target":{"@type":"EntryPoint","urlTemplate":"https:\/\/web.umons.ac.be\/card\/?s={search_term_string}"},"query-input":{"@type":"PropertyValueSpecification","valueRequired":true,"valueName":"search_term_string"}}],"inLanguage":"fr-FR"}]}},"lang":"fr","translations":{"fr":141},"pll_sync_post":[],"_links":{"self":[{"href":"https:\/\/web.umons.ac.be\/card\/wp-json\/wp\/v2\/pages\/141","targetHints":{"allow":["GET"]}}],"collection":[{"href":"https:\/\/web.umons.ac.be\/card\/wp-json\/wp\/v2\/pages"}],"about":[{"href":"https:\/\/web.umons.ac.be\/card\/wp-json\/wp\/v2\/types\/page"}],"author":[{"embeddable":true,"href":"https:\/\/web.umons.ac.be\/card\/wp-json\/wp\/v2\/users\/83"}],"replies":[{"embeddable":true,"href":"https:\/\/web.umons.ac.be\/card\/wp-json\/wp\/v2\/comments?post=141"}],"version-history":[{"count":3,"href":"https:\/\/web.umons.ac.be\/card\/wp-json\/wp\/v2\/pages\/141\/revisions"}],"predecessor-version":[{"id":157,"href":"https:\/\/web.umons.ac.be\/card\/wp-json\/wp\/v2\/pages\/141\/revisions\/157"}],"wp:attachment":[{"href":"https:\/\/web.umons.ac.be\/card\/wp-json\/wp\/v2\/media?parent=141"}],"curies":[{"name":"wp","href":"https:\/\/api.w.org\/{rel}","templated":true}]}}