{"id":148,"date":"2022-07-11T11:24:30","date_gmt":"2022-07-11T09:24:30","guid":{"rendered":"https:\/\/web.umons.ac.be\/card\/?page_id=148"},"modified":"2024-01-19T13:58:42","modified_gmt":"2024-01-19T12:58:42","slug":"gregoire-jean-marie","status":"publish","type":"page","link":"https:\/\/web.umons.ac.be\/card\/gregoire-jean-marie\/","title":{"rendered":"GREGOIRE Jean-Marie"},"content":{"rendered":"<h1 style=\"text-align: center;\">GREGOIRE Jean-Marie<\/h1>\n<p>&nbsp;<\/p>\n<p><img loading=\"lazy\" decoding=\"async\" class=\" wp-image-150 aligncenter\" src=\"https:\/\/web.umons.ac.be\/app\/uploads\/sites\/123\/2022\/07\/JM_Gregoire-227x300.jpg\" alt=\"\" width=\"225\" height=\"297\" srcset=\"https:\/\/web.umons.ac.be\/app\/uploads\/sites\/123\/2022\/07\/JM_Gregoire-227x300.jpg 227w, https:\/\/web.umons.ac.be\/app\/uploads\/sites\/123\/2022\/07\/JM_Gregoire-773x1024.jpg 773w, https:\/\/web.umons.ac.be\/app\/uploads\/sites\/123\/2022\/07\/JM_Gregoire-768x1017.jpg 768w, https:\/\/web.umons.ac.be\/app\/uploads\/sites\/123\/2022\/07\/JM_Gregoire-1160x1536.jpg 1160w, https:\/\/web.umons.ac.be\/app\/uploads\/sites\/123\/2022\/07\/JM_Gregoire-498x660.jpg 498w, https:\/\/web.umons.ac.be\/app\/uploads\/sites\/123\/2022\/07\/JM_Gregoire-30x40.jpg 30w, https:\/\/web.umons.ac.be\/app\/uploads\/sites\/123\/2022\/07\/JM_Gregoire-45x60.jpg 45w, https:\/\/web.umons.ac.be\/app\/uploads\/sites\/123\/2022\/07\/JM_Gregoire-360x477.jpg 360w, https:\/\/web.umons.ac.be\/app\/uploads\/sites\/123\/2022\/07\/JM_Gregoire.jpg 1510w\" sizes=\"auto, (max-width: 225px) 100vw, 225px\" \/><\/p>\n<p>&nbsp;<\/p>\n<p style=\"text-align: center;\"><span style=\"font-size: 12pt;\">Cardiologue clinicien, le Dr Gr\u00e9goire est dipl\u00f4m\u00e9 de la Facult\u00e9 de M\u00e9decine de l&rsquo;ULB avec une licence sp\u00e9ciale en cardiologie : \u00ab\u00a0<em>Aspects \u00e9chocardiographiques du c\u0153ur d&rsquo;athl\u00e8te<\/em>\u00ab\u00a0. Le Dr Gr\u00e9goire est un ancien r\u00e9sident \u00e0 l&rsquo;H\u00f4pital Universitaire St-Pierre &#8211; Bruxelles et ancien Chef de Clinique au Centre Hospitalier d&rsquo;Etterbeek-Ixelles. Il a obtenu le prix Bekales du FRNS pour \u00ab\u00a0<em>Chaos et Mort Subite<\/em>\u00a0\u00bb et le prix Fondation Van Buren pour \u00ab\u00a0<em>La dynamique non-lin\u00e9aire en Cardiologie<\/em>\u00ab\u00a0. Actuellement, le Dr Gr\u00e9goire est un collaborateur scientifique \u00e0 <a href=\"https:\/\/code.ulb.ac.be\/lab\/IRIDIA\">IRIDIA<\/a>.<\/span><\/p>\n<p style=\"text-align: center;\"><span style=\"font-size: 12pt;\">Le Dr Gr\u00e9goire a \u00e9galement obtenu son PhD gr\u00e2ce \u00e0 sa th\u00e8se de doctorat \u00e0 la Facult\u00e9 de M\u00e9decine de L&rsquo;UMons : \u00ab\u00a0<em>Pr\u00e9vision de la fibrillation auriculaire : de l&rsquo;\u00e9lectrophysiologie \u00e0 l&rsquo;intelligence artificielle<\/em>\u00ab\u00a0. L&rsquo;int\u00e9r\u00eat de ce travail consiste \u00e0 utiliser des r\u00e9seaux de neurones artificiels pour d\u00e9tecter les informations contenues dans l&rsquo;\u00e9lectrocardiogramme, informations invisibles \u00e0 l&rsquo;\u0153il nu.<\/span><\/p>\n<p>&nbsp;<\/p>\n","protected":false},"excerpt":{"rendered":"<p>GREGOIRE Jean-Marie &nbsp; &nbsp; Cardiologue clinicien, le Dr Gr\u00e9goire est dipl\u00f4m\u00e9 de la Facult\u00e9 de M\u00e9decine de l&rsquo;ULB avec une licence sp\u00e9ciale en cardiologie : \u00ab\u00a0Aspects \u00e9chocardiographiques du c\u0153ur d&rsquo;athl\u00e8te\u00ab\u00a0. Le Dr Gr\u00e9goire est un ancien r\u00e9sident \u00e0 l&rsquo;H\u00f4pital Universitaire St-Pierre &#8211; Bruxelles et ancien Chef de Clinique au Centre Hospitalier d&rsquo;Etterbeek-Ixelles. Il a obtenu [&hellip;]<\/p>\n","protected":false},"author":83,"featured_media":0,"parent":0,"menu_order":0,"comment_status":"closed","ping_status":"closed","template":"","meta":{"footnotes":""},"class_list":["post-148","page","type-page","status-publish","hentry"],"yoast_head":"<!-- This site is optimized with the Yoast SEO plugin v27.2 - https:\/\/yoast.com\/product\/yoast-seo-wordpress\/ -->\n<title>GREGOIRE Jean-Marie - Service \/ FMPB - Cardiologie<\/title>\n<meta name=\"robots\" content=\"index, follow, max-snippet:-1, max-image-preview:large, max-video-preview:-1\" \/>\n<link rel=\"canonical\" href=\"https:\/\/web.umons.ac.be\/card\/gregoire-jean-marie\/\" \/>\n<meta property=\"og:locale\" content=\"fr_FR\" \/>\n<meta property=\"og:type\" content=\"article\" \/>\n<meta property=\"og:title\" content=\"GREGOIRE Jean-Marie - Service \/ FMPB - Cardiologie\" \/>\n<meta property=\"og:description\" content=\"GREGOIRE Jean-Marie &nbsp; &nbsp; Cardiologue clinicien, le Dr Gr\u00e9goire est dipl\u00f4m\u00e9 de la Facult\u00e9 de M\u00e9decine de l&rsquo;ULB avec une licence sp\u00e9ciale en cardiologie : \u00ab\u00a0Aspects \u00e9chocardiographiques du c\u0153ur d&rsquo;athl\u00e8te\u00ab\u00a0. Le Dr Gr\u00e9goire est un ancien r\u00e9sident \u00e0 l&rsquo;H\u00f4pital Universitaire St-Pierre &#8211; Bruxelles et ancien Chef de Clinique au Centre Hospitalier d&rsquo;Etterbeek-Ixelles. Il a obtenu [&hellip;]\" \/>\n<meta property=\"og:url\" content=\"https:\/\/web.umons.ac.be\/card\/gregoire-jean-marie\/\" \/>\n<meta property=\"og:site_name\" content=\"Service \/ FMPB - Cardiologie\" \/>\n<meta property=\"article:modified_time\" content=\"2024-01-19T12:58:42+00:00\" \/>\n<meta property=\"og:image\" content=\"https:\/\/web.umons.ac.be\/app\/uploads\/sites\/123\/2022\/07\/JM_Gregoire-227x300.jpg\" \/>\n<meta name=\"twitter:card\" content=\"summary_large_image\" \/>\n<meta name=\"twitter:label1\" content=\"Dur\u00e9e de lecture estim\u00e9e\" \/>\n\t<meta name=\"twitter:data1\" content=\"1 minute\" \/>\n<script type=\"application\/ld+json\" class=\"yoast-schema-graph\">{\"@context\":\"https:\/\/schema.org\",\"@graph\":[{\"@type\":\"WebPage\",\"@id\":\"https:\/\/web.umons.ac.be\/card\/gregoire-jean-marie\/\",\"url\":\"https:\/\/web.umons.ac.be\/card\/gregoire-jean-marie\/\",\"name\":\"GREGOIRE Jean-Marie - Service \/ FMPB - Cardiologie\",\"isPartOf\":{\"@id\":\"https:\/\/web.umons.ac.be\/card\/#website\"},\"primaryImageOfPage\":{\"@id\":\"https:\/\/web.umons.ac.be\/card\/gregoire-jean-marie\/#primaryimage\"},\"image\":{\"@id\":\"https:\/\/web.umons.ac.be\/card\/gregoire-jean-marie\/#primaryimage\"},\"thumbnailUrl\":\"https:\/\/web.umons.ac.be\/app\/uploads\/sites\/123\/2022\/07\/JM_Gregoire-227x300.jpg\",\"datePublished\":\"2022-07-11T09:24:30+00:00\",\"dateModified\":\"2024-01-19T12:58:42+00:00\",\"breadcrumb\":{\"@id\":\"https:\/\/web.umons.ac.be\/card\/gregoire-jean-marie\/#breadcrumb\"},\"inLanguage\":\"fr-FR\",\"potentialAction\":[{\"@type\":\"ReadAction\",\"target\":[\"https:\/\/web.umons.ac.be\/card\/gregoire-jean-marie\/\"]}]},{\"@type\":\"ImageObject\",\"inLanguage\":\"fr-FR\",\"@id\":\"https:\/\/web.umons.ac.be\/card\/gregoire-jean-marie\/#primaryimage\",\"url\":\"https:\/\/web.umons.ac.be\/app\/uploads\/sites\/123\/2022\/07\/JM_Gregoire-227x300.jpg\",\"contentUrl\":\"https:\/\/web.umons.ac.be\/app\/uploads\/sites\/123\/2022\/07\/JM_Gregoire-227x300.jpg\"},{\"@type\":\"BreadcrumbList\",\"@id\":\"https:\/\/web.umons.ac.be\/card\/gregoire-jean-marie\/#breadcrumb\",\"itemListElement\":[{\"@type\":\"ListItem\",\"position\":1,\"name\":\"Home\",\"item\":\"https:\/\/web.umons.ac.be\/card\/\"},{\"@type\":\"ListItem\",\"position\":2,\"name\":\"GREGOIRE Jean-Marie\"}]},{\"@type\":\"WebSite\",\"@id\":\"https:\/\/web.umons.ac.be\/card\/#website\",\"url\":\"https:\/\/web.umons.ac.be\/card\/\",\"name\":\"Service \/ FMPB - Cardiologie\",\"description\":\"\",\"potentialAction\":[{\"@type\":\"SearchAction\",\"target\":{\"@type\":\"EntryPoint\",\"urlTemplate\":\"https:\/\/web.umons.ac.be\/card\/?s={search_term_string}\"},\"query-input\":{\"@type\":\"PropertyValueSpecification\",\"valueRequired\":true,\"valueName\":\"search_term_string\"}}],\"inLanguage\":\"fr-FR\"}]}<\/script>\n<!-- \/ Yoast SEO plugin. -->","yoast_head_json":{"title":"GREGOIRE Jean-Marie - Service \/ FMPB - Cardiologie","robots":{"index":"index","follow":"follow","max-snippet":"max-snippet:-1","max-image-preview":"max-image-preview:large","max-video-preview":"max-video-preview:-1"},"canonical":"https:\/\/web.umons.ac.be\/card\/gregoire-jean-marie\/","og_locale":"fr_FR","og_type":"article","og_title":"GREGOIRE Jean-Marie - Service \/ FMPB - Cardiologie","og_description":"GREGOIRE Jean-Marie &nbsp; &nbsp; Cardiologue clinicien, le Dr Gr\u00e9goire est dipl\u00f4m\u00e9 de la Facult\u00e9 de M\u00e9decine de l&rsquo;ULB avec une licence sp\u00e9ciale en cardiologie : \u00ab\u00a0Aspects \u00e9chocardiographiques du c\u0153ur d&rsquo;athl\u00e8te\u00ab\u00a0. Le Dr Gr\u00e9goire est un ancien r\u00e9sident \u00e0 l&rsquo;H\u00f4pital Universitaire St-Pierre &#8211; Bruxelles et ancien Chef de Clinique au Centre Hospitalier d&rsquo;Etterbeek-Ixelles. Il a obtenu [&hellip;]","og_url":"https:\/\/web.umons.ac.be\/card\/gregoire-jean-marie\/","og_site_name":"Service \/ FMPB - Cardiologie","article_modified_time":"2024-01-19T12:58:42+00:00","og_image":[{"url":"https:\/\/web.umons.ac.be\/app\/uploads\/sites\/123\/2022\/07\/JM_Gregoire-227x300.jpg","type":"","width":"","height":""}],"twitter_card":"summary_large_image","twitter_misc":{"Dur\u00e9e de lecture estim\u00e9e":"1 minute"},"schema":{"@context":"https:\/\/schema.org","@graph":[{"@type":"WebPage","@id":"https:\/\/web.umons.ac.be\/card\/gregoire-jean-marie\/","url":"https:\/\/web.umons.ac.be\/card\/gregoire-jean-marie\/","name":"GREGOIRE Jean-Marie - Service \/ FMPB - Cardiologie","isPartOf":{"@id":"https:\/\/web.umons.ac.be\/card\/#website"},"primaryImageOfPage":{"@id":"https:\/\/web.umons.ac.be\/card\/gregoire-jean-marie\/#primaryimage"},"image":{"@id":"https:\/\/web.umons.ac.be\/card\/gregoire-jean-marie\/#primaryimage"},"thumbnailUrl":"https:\/\/web.umons.ac.be\/app\/uploads\/sites\/123\/2022\/07\/JM_Gregoire-227x300.jpg","datePublished":"2022-07-11T09:24:30+00:00","dateModified":"2024-01-19T12:58:42+00:00","breadcrumb":{"@id":"https:\/\/web.umons.ac.be\/card\/gregoire-jean-marie\/#breadcrumb"},"inLanguage":"fr-FR","potentialAction":[{"@type":"ReadAction","target":["https:\/\/web.umons.ac.be\/card\/gregoire-jean-marie\/"]}]},{"@type":"ImageObject","inLanguage":"fr-FR","@id":"https:\/\/web.umons.ac.be\/card\/gregoire-jean-marie\/#primaryimage","url":"https:\/\/web.umons.ac.be\/app\/uploads\/sites\/123\/2022\/07\/JM_Gregoire-227x300.jpg","contentUrl":"https:\/\/web.umons.ac.be\/app\/uploads\/sites\/123\/2022\/07\/JM_Gregoire-227x300.jpg"},{"@type":"BreadcrumbList","@id":"https:\/\/web.umons.ac.be\/card\/gregoire-jean-marie\/#breadcrumb","itemListElement":[{"@type":"ListItem","position":1,"name":"Home","item":"https:\/\/web.umons.ac.be\/card\/"},{"@type":"ListItem","position":2,"name":"GREGOIRE Jean-Marie"}]},{"@type":"WebSite","@id":"https:\/\/web.umons.ac.be\/card\/#website","url":"https:\/\/web.umons.ac.be\/card\/","name":"Service \/ FMPB - Cardiologie","description":"","potentialAction":[{"@type":"SearchAction","target":{"@type":"EntryPoint","urlTemplate":"https:\/\/web.umons.ac.be\/card\/?s={search_term_string}"},"query-input":{"@type":"PropertyValueSpecification","valueRequired":true,"valueName":"search_term_string"}}],"inLanguage":"fr-FR"}]}},"lang":"fr","translations":{"fr":148},"pll_sync_post":[],"_links":{"self":[{"href":"https:\/\/web.umons.ac.be\/card\/wp-json\/wp\/v2\/pages\/148","targetHints":{"allow":["GET"]}}],"collection":[{"href":"https:\/\/web.umons.ac.be\/card\/wp-json\/wp\/v2\/pages"}],"about":[{"href":"https:\/\/web.umons.ac.be\/card\/wp-json\/wp\/v2\/types\/page"}],"author":[{"embeddable":true,"href":"https:\/\/web.umons.ac.be\/card\/wp-json\/wp\/v2\/users\/83"}],"replies":[{"embeddable":true,"href":"https:\/\/web.umons.ac.be\/card\/wp-json\/wp\/v2\/comments?post=148"}],"version-history":[{"count":3,"href":"https:\/\/web.umons.ac.be\/card\/wp-json\/wp\/v2\/pages\/148\/revisions"}],"predecessor-version":[{"id":249,"href":"https:\/\/web.umons.ac.be\/card\/wp-json\/wp\/v2\/pages\/148\/revisions\/249"}],"wp:attachment":[{"href":"https:\/\/web.umons.ac.be\/card\/wp-json\/wp\/v2\/media?parent=148"}],"curies":[{"name":"wp","href":"https:\/\/api.w.org\/{rel}","templated":true}]}}