{"id":15,"date":"2021-11-22T16:01:44","date_gmt":"2021-11-22T15:01:44","guid":{"rendered":"https:\/\/web.umons.ac.be\/card\/activites-de-recherche\/"},"modified":"2025-01-22T15:06:02","modified_gmt":"2025-01-22T14:06:02","slug":"activites-de-recherche","status":"publish","type":"page","link":"https:\/\/web.umons.ac.be\/card\/activites-de-recherche\/","title":{"rendered":"Activit\u00e9s de recherche"},"content":{"rendered":"<p style=\"text-align: justify;\"><span style=\"font-family: arial, helvetica, sans-serif; font-size: 12pt;\">Les activit\u00e9s de recherche du service incluent l&rsquo;\u00e9tude de diff\u00e9rents r\u00e9cepteurs impliqu\u00e9s dans la progression des maladies ath\u00e9roscl\u00e9rotiques ainsi que l&rsquo;ath\u00e9roscl\u00e9rose dans diff\u00e9rentes populations. <\/span><\/p>\n<p style=\"text-align: justify;\"><span style=\"font-family: arial, helvetica, sans-serif; font-size: 12pt;\">Le service s&rsquo;int\u00e9resse \u00e9galement \u00e0 l&rsquo;\u00e9tude de la tension art\u00e9rielle centrale et p\u00e9riph\u00e9rique et \u00e9tudie les nouveaux outils disponibles pour l&rsquo;analyse d&rsquo;expansion de stents coronaires.<\/span><\/p>\n<p><span style=\"font-family: arial, helvetica, sans-serif; font-size: 12pt;\">Depuis ces deux derni\u00e8res ann\u00e9es, le service s&rsquo;est \u00e9galement orient\u00e9 vers la r\u00e9alisation d\u2019un mod\u00e8le microfluidique en 3 dimensions afin d\u2019\u00e9valuer l\u2019effet du LDL oxyd\u00e9 sur les macrophages, les cellules endoth\u00e9liales et les cellules tumorales (Th\u00e8se d&rsquo;<a href=\"https:\/\/web.umons.ac.be\/card\/scalia-alessandro\/\">Alessandro Scalia<\/a>).<\/span><\/p>\n<p><span style=\"font-family: arial, helvetica, sans-serif; font-size: 12pt;\">Depuis octobre, le service d\u00e9veloppe des sph\u00e9ro\u00efdes cardiaques pour tester les effets cardiotoxiques des agents anticanc\u00e9reux (Th\u00e8se d&rsquo;<a href=\"https:\/\/web.umons.ac.be\/card\/fratard-anaelle\/\">Ana\u00eblle Fratard<\/a>).<\/span><\/p>\n<hr \/>\n<p style=\"text-align: justify;\"><span style=\"font-family: arial, helvetica, sans-serif; font-size: 12pt;\">Notre service est, par ailleurs, rattach\u00e9 \u00e0 un institut de recherche de l\u2019UMONS :<\/span><\/p>\n<start-cask-shortcode-wrapper>\t\t<div class=\"associated-institutes content-block scheme-fmp\">\n\t\t\t<ul class=\"institutes-list\">\n\t\t\t\t\t\t\t\t\t\t<li>\n\t\t\t\t\t\t\t<a href=\"https:\/\/web.umons.ac.be\/sante\" title=\"Acc\u00e9der au site web de : Institut \/ Sant\u00e9\" class=\"associated-institute\">\n\t\t\t\t\t\t\t\t<img loading=\"lazy\" decoding=\"async\" width=\"1\" height=\"1\" src=\"https:\/\/web.umons.ac.be\/app\/uploads\/sites\/35\/2021\/03\/sante_logo_fr.svg\" class=\"attachment-thumbnail size-thumbnail\" alt=\"\" \/>\t\t\t\t\t\t\t<\/a>\t\t\t\n\t\t\t\t\t\t<\/li>\n\t\t\t\t\t\t\t<\/ul>\n\t\t<\/div>\n <end-cask-shortcode-wrapper>\n","protected":false},"excerpt":{"rendered":"<p>Les activit\u00e9s de recherche du service incluent l&rsquo;\u00e9tude de diff\u00e9rents r\u00e9cepteurs impliqu\u00e9s dans la progression des maladies ath\u00e9roscl\u00e9rotiques ainsi que l&rsquo;ath\u00e9roscl\u00e9rose dans diff\u00e9rentes populations. Le service s&rsquo;int\u00e9resse \u00e9galement \u00e0 l&rsquo;\u00e9tude de la tension art\u00e9rielle centrale et p\u00e9riph\u00e9rique et \u00e9tudie les nouveaux outils disponibles pour l&rsquo;analyse d&rsquo;expansion de stents coronaires. Depuis ces deux derni\u00e8res ann\u00e9es, le [&hellip;]<\/p>\n","protected":false},"author":4,"featured_media":0,"parent":0,"menu_order":0,"comment_status":"closed","ping_status":"closed","template":"","meta":{"footnotes":""},"class_list":["post-15","page","type-page","status-publish","hentry"],"yoast_head":"<!-- This site is optimized with the Yoast SEO plugin v27.2 - https:\/\/yoast.com\/product\/yoast-seo-wordpress\/ -->\n<title>Activit\u00e9s de recherche - Service \/ FMPB - Cardiologie<\/title>\n<meta name=\"robots\" content=\"index, follow, max-snippet:-1, max-image-preview:large, max-video-preview:-1\" \/>\n<link rel=\"canonical\" href=\"https:\/\/web.umons.ac.be\/card\/activites-de-recherche\/\" \/>\n<meta property=\"og:locale\" content=\"fr_FR\" \/>\n<meta property=\"og:type\" content=\"article\" \/>\n<meta property=\"og:title\" content=\"Activit\u00e9s de recherche - Service \/ FMPB - Cardiologie\" \/>\n<meta property=\"og:description\" content=\"Les activit\u00e9s de recherche du service incluent l&rsquo;\u00e9tude de diff\u00e9rents r\u00e9cepteurs impliqu\u00e9s dans la progression des maladies ath\u00e9roscl\u00e9rotiques ainsi que l&rsquo;ath\u00e9roscl\u00e9rose dans diff\u00e9rentes populations. Le service s&rsquo;int\u00e9resse \u00e9galement \u00e0 l&rsquo;\u00e9tude de la tension art\u00e9rielle centrale et p\u00e9riph\u00e9rique et \u00e9tudie les nouveaux outils disponibles pour l&rsquo;analyse d&rsquo;expansion de stents coronaires. Depuis ces deux derni\u00e8res ann\u00e9es, le [&hellip;]\" \/>\n<meta property=\"og:url\" content=\"https:\/\/web.umons.ac.be\/card\/activites-de-recherche\/\" \/>\n<meta property=\"og:site_name\" content=\"Service \/ FMPB - Cardiologie\" \/>\n<meta property=\"article:modified_time\" content=\"2025-01-22T14:06:02+00:00\" \/>\n<meta name=\"twitter:card\" content=\"summary_large_image\" \/>\n<meta name=\"twitter:label1\" content=\"Dur\u00e9e de lecture estim\u00e9e\" \/>\n\t<meta name=\"twitter:data1\" content=\"1 minute\" \/>\n<script type=\"application\/ld+json\" class=\"yoast-schema-graph\">{\"@context\":\"https:\/\/schema.org\",\"@graph\":[{\"@type\":\"WebPage\",\"@id\":\"https:\/\/web.umons.ac.be\/card\/activites-de-recherche\/\",\"url\":\"https:\/\/web.umons.ac.be\/card\/activites-de-recherche\/\",\"name\":\"Activit\u00e9s de recherche - Service \/ FMPB - Cardiologie\",\"isPartOf\":{\"@id\":\"https:\/\/web.umons.ac.be\/card\/#website\"},\"datePublished\":\"2021-11-22T15:01:44+00:00\",\"dateModified\":\"2025-01-22T14:06:02+00:00\",\"breadcrumb\":{\"@id\":\"https:\/\/web.umons.ac.be\/card\/activites-de-recherche\/#breadcrumb\"},\"inLanguage\":\"fr-FR\",\"potentialAction\":[{\"@type\":\"ReadAction\",\"target\":[\"https:\/\/web.umons.ac.be\/card\/activites-de-recherche\/\"]}]},{\"@type\":\"BreadcrumbList\",\"@id\":\"https:\/\/web.umons.ac.be\/card\/activites-de-recherche\/#breadcrumb\",\"itemListElement\":[{\"@type\":\"ListItem\",\"position\":1,\"name\":\"Home\",\"item\":\"https:\/\/web.umons.ac.be\/card\/\"},{\"@type\":\"ListItem\",\"position\":2,\"name\":\"Activit\u00e9s de recherche\"}]},{\"@type\":\"WebSite\",\"@id\":\"https:\/\/web.umons.ac.be\/card\/#website\",\"url\":\"https:\/\/web.umons.ac.be\/card\/\",\"name\":\"Service \/ FMPB - Cardiologie\",\"description\":\"\",\"potentialAction\":[{\"@type\":\"SearchAction\",\"target\":{\"@type\":\"EntryPoint\",\"urlTemplate\":\"https:\/\/web.umons.ac.be\/card\/?s={search_term_string}\"},\"query-input\":{\"@type\":\"PropertyValueSpecification\",\"valueRequired\":true,\"valueName\":\"search_term_string\"}}],\"inLanguage\":\"fr-FR\"}]}<\/script>\n<!-- \/ Yoast SEO plugin. -->","yoast_head_json":{"title":"Activit\u00e9s de recherche - Service \/ FMPB - Cardiologie","robots":{"index":"index","follow":"follow","max-snippet":"max-snippet:-1","max-image-preview":"max-image-preview:large","max-video-preview":"max-video-preview:-1"},"canonical":"https:\/\/web.umons.ac.be\/card\/activites-de-recherche\/","og_locale":"fr_FR","og_type":"article","og_title":"Activit\u00e9s de recherche - Service \/ FMPB - Cardiologie","og_description":"Les activit\u00e9s de recherche du service incluent l&rsquo;\u00e9tude de diff\u00e9rents r\u00e9cepteurs impliqu\u00e9s dans la progression des maladies ath\u00e9roscl\u00e9rotiques ainsi que l&rsquo;ath\u00e9roscl\u00e9rose dans diff\u00e9rentes populations. Le service s&rsquo;int\u00e9resse \u00e9galement \u00e0 l&rsquo;\u00e9tude de la tension art\u00e9rielle centrale et p\u00e9riph\u00e9rique et \u00e9tudie les nouveaux outils disponibles pour l&rsquo;analyse d&rsquo;expansion de stents coronaires. Depuis ces deux derni\u00e8res ann\u00e9es, le [&hellip;]","og_url":"https:\/\/web.umons.ac.be\/card\/activites-de-recherche\/","og_site_name":"Service \/ FMPB - Cardiologie","article_modified_time":"2025-01-22T14:06:02+00:00","twitter_card":"summary_large_image","twitter_misc":{"Dur\u00e9e de lecture estim\u00e9e":"1 minute"},"schema":{"@context":"https:\/\/schema.org","@graph":[{"@type":"WebPage","@id":"https:\/\/web.umons.ac.be\/card\/activites-de-recherche\/","url":"https:\/\/web.umons.ac.be\/card\/activites-de-recherche\/","name":"Activit\u00e9s de recherche - Service \/ FMPB - Cardiologie","isPartOf":{"@id":"https:\/\/web.umons.ac.be\/card\/#website"},"datePublished":"2021-11-22T15:01:44+00:00","dateModified":"2025-01-22T14:06:02+00:00","breadcrumb":{"@id":"https:\/\/web.umons.ac.be\/card\/activites-de-recherche\/#breadcrumb"},"inLanguage":"fr-FR","potentialAction":[{"@type":"ReadAction","target":["https:\/\/web.umons.ac.be\/card\/activites-de-recherche\/"]}]},{"@type":"BreadcrumbList","@id":"https:\/\/web.umons.ac.be\/card\/activites-de-recherche\/#breadcrumb","itemListElement":[{"@type":"ListItem","position":1,"name":"Home","item":"https:\/\/web.umons.ac.be\/card\/"},{"@type":"ListItem","position":2,"name":"Activit\u00e9s de recherche"}]},{"@type":"WebSite","@id":"https:\/\/web.umons.ac.be\/card\/#website","url":"https:\/\/web.umons.ac.be\/card\/","name":"Service \/ FMPB - Cardiologie","description":"","potentialAction":[{"@type":"SearchAction","target":{"@type":"EntryPoint","urlTemplate":"https:\/\/web.umons.ac.be\/card\/?s={search_term_string}"},"query-input":{"@type":"PropertyValueSpecification","valueRequired":true,"valueName":"search_term_string"}}],"inLanguage":"fr-FR"}]}},"lang":"fr","translations":{"fr":15,"en":17},"pll_sync_post":[],"_links":{"self":[{"href":"https:\/\/web.umons.ac.be\/card\/wp-json\/wp\/v2\/pages\/15","targetHints":{"allow":["GET"]}}],"collection":[{"href":"https:\/\/web.umons.ac.be\/card\/wp-json\/wp\/v2\/pages"}],"about":[{"href":"https:\/\/web.umons.ac.be\/card\/wp-json\/wp\/v2\/types\/page"}],"author":[{"embeddable":true,"href":"https:\/\/web.umons.ac.be\/card\/wp-json\/wp\/v2\/users\/4"}],"replies":[{"embeddable":true,"href":"https:\/\/web.umons.ac.be\/card\/wp-json\/wp\/v2\/comments?post=15"}],"version-history":[{"count":3,"href":"https:\/\/web.umons.ac.be\/card\/wp-json\/wp\/v2\/pages\/15\/revisions"}],"predecessor-version":[{"id":450,"href":"https:\/\/web.umons.ac.be\/card\/wp-json\/wp\/v2\/pages\/15\/revisions\/450"}],"wp:attachment":[{"href":"https:\/\/web.umons.ac.be\/card\/wp-json\/wp\/v2\/media?parent=15"}],"curies":[{"name":"wp","href":"https:\/\/api.w.org\/{rel}","templated":true}]}}