{"id":169,"date":"2022-09-08T10:13:42","date_gmt":"2022-09-08T08:13:42","guid":{"rendered":"https:\/\/web.umons.ac.be\/card\/?page_id=169"},"modified":"2025-01-08T16:47:11","modified_gmt":"2025-01-08T15:47:11","slug":"dalil-nada","status":"publish","type":"page","link":"https:\/\/web.umons.ac.be\/card\/dalil-nada\/","title":{"rendered":"DALIL Nada"},"content":{"rendered":"<h1 style=\"text-align: center;\">DALIL Nada<\/h1>\n<p>&nbsp;<\/p>\n<p><img loading=\"lazy\" decoding=\"async\" class=\" wp-image-172 aligncenter\" src=\"https:\/\/web.umons.ac.be\/app\/uploads\/sites\/123\/2022\/09\/photo-labo-224x300.jpg\" alt=\"\" width=\"208\" height=\"279\" srcset=\"https:\/\/web.umons.ac.be\/app\/uploads\/sites\/123\/2022\/09\/photo-labo-224x300.jpg 224w, https:\/\/web.umons.ac.be\/app\/uploads\/sites\/123\/2022\/09\/photo-labo-765x1024.jpg 765w, https:\/\/web.umons.ac.be\/app\/uploads\/sites\/123\/2022\/09\/photo-labo-768x1028.jpg 768w, https:\/\/web.umons.ac.be\/app\/uploads\/sites\/123\/2022\/09\/photo-labo-1147x1536.jpg 1147w, https:\/\/web.umons.ac.be\/app\/uploads\/sites\/123\/2022\/09\/photo-labo-493x660.jpg 493w, https:\/\/web.umons.ac.be\/app\/uploads\/sites\/123\/2022\/09\/photo-labo-30x40.jpg 30w, https:\/\/web.umons.ac.be\/app\/uploads\/sites\/123\/2022\/09\/photo-labo-45x60.jpg 45w, https:\/\/web.umons.ac.be\/app\/uploads\/sites\/123\/2022\/09\/photo-labo-360x482.jpg 360w, https:\/\/web.umons.ac.be\/app\/uploads\/sites\/123\/2022\/09\/photo-labo.jpg 1184w\" sizes=\"auto, (max-width: 208px) 100vw, 208px\" \/><\/p>\n<p>&nbsp;<\/p>\n<p style=\"text-align: center;\"><span style=\"font-size: 12pt;\">Dipl\u00f4m\u00e9e d&rsquo;un Master en Sciences Biom\u00e9dicales \u00e0 l&rsquo;UMONS, N. Dalil a r\u00e9alis\u00e9 un m\u00e9moire portant sur la d\u00e9tection, par imagerie mol\u00e9culaire, de la prot\u00e9ine VCAM-1 avec un nanobody dans le cas de l\u00e9sions d&rsquo;ath\u00e9roscl\u00e9rose. Cette \u00e9tude s&rsquo;est d\u00e9roul\u00e9e au sein du service de Cardiologie en collaboration avec le laboratoire de Chimie Organique, G\u00e9n\u00e9rale et Biom\u00e9diale du Pr. Laurent.<\/span><\/p>\n<p><span style=\"font-size: 12pt;\">\u00a0<\/span><\/p>\n<p>&nbsp;<\/p>\n","protected":false},"excerpt":{"rendered":"<p>DALIL Nada &nbsp; &nbsp; Dipl\u00f4m\u00e9e d&rsquo;un Master en Sciences Biom\u00e9dicales \u00e0 l&rsquo;UMONS, N. Dalil a r\u00e9alis\u00e9 un m\u00e9moire portant sur la d\u00e9tection, par imagerie mol\u00e9culaire, de la prot\u00e9ine VCAM-1 avec un nanobody dans le cas de l\u00e9sions d&rsquo;ath\u00e9roscl\u00e9rose. Cette \u00e9tude s&rsquo;est d\u00e9roul\u00e9e au sein du service de Cardiologie en collaboration avec le laboratoire de Chimie [&hellip;]<\/p>\n","protected":false},"author":83,"featured_media":0,"parent":0,"menu_order":0,"comment_status":"closed","ping_status":"closed","template":"","meta":{"footnotes":""},"class_list":["post-169","page","type-page","status-publish","hentry"],"yoast_head":"<!-- This site is optimized with the Yoast SEO plugin v27.2 - https:\/\/yoast.com\/product\/yoast-seo-wordpress\/ -->\n<title>DALIL Nada - Service \/ FMPB - Cardiologie<\/title>\n<meta name=\"robots\" content=\"index, follow, max-snippet:-1, max-image-preview:large, max-video-preview:-1\" \/>\n<link rel=\"canonical\" href=\"https:\/\/web.umons.ac.be\/card\/dalil-nada\/\" \/>\n<meta property=\"og:locale\" content=\"fr_FR\" \/>\n<meta property=\"og:type\" content=\"article\" \/>\n<meta property=\"og:title\" content=\"DALIL Nada - Service \/ FMPB - Cardiologie\" \/>\n<meta property=\"og:description\" content=\"DALIL Nada &nbsp; &nbsp; Dipl\u00f4m\u00e9e d&rsquo;un Master en Sciences Biom\u00e9dicales \u00e0 l&rsquo;UMONS, N. Dalil a r\u00e9alis\u00e9 un m\u00e9moire portant sur la d\u00e9tection, par imagerie mol\u00e9culaire, de la prot\u00e9ine VCAM-1 avec un nanobody dans le cas de l\u00e9sions d&rsquo;ath\u00e9roscl\u00e9rose. Cette \u00e9tude s&rsquo;est d\u00e9roul\u00e9e au sein du service de Cardiologie en collaboration avec le laboratoire de Chimie [&hellip;]\" \/>\n<meta property=\"og:url\" content=\"https:\/\/web.umons.ac.be\/card\/dalil-nada\/\" \/>\n<meta property=\"og:site_name\" content=\"Service \/ FMPB - Cardiologie\" \/>\n<meta property=\"article:modified_time\" content=\"2025-01-08T15:47:11+00:00\" \/>\n<meta property=\"og:image\" content=\"https:\/\/web.umons.ac.be\/app\/uploads\/sites\/123\/2022\/09\/photo-labo-224x300.jpg\" \/>\n<meta name=\"twitter:card\" content=\"summary_large_image\" \/>\n<meta name=\"twitter:label1\" content=\"Dur\u00e9e de lecture estim\u00e9e\" \/>\n\t<meta name=\"twitter:data1\" content=\"1 minute\" \/>\n<script type=\"application\/ld+json\" class=\"yoast-schema-graph\">{\"@context\":\"https:\/\/schema.org\",\"@graph\":[{\"@type\":\"WebPage\",\"@id\":\"https:\/\/web.umons.ac.be\/card\/dalil-nada\/\",\"url\":\"https:\/\/web.umons.ac.be\/card\/dalil-nada\/\",\"name\":\"DALIL Nada - Service \/ FMPB - Cardiologie\",\"isPartOf\":{\"@id\":\"https:\/\/web.umons.ac.be\/card\/#website\"},\"primaryImageOfPage\":{\"@id\":\"https:\/\/web.umons.ac.be\/card\/dalil-nada\/#primaryimage\"},\"image\":{\"@id\":\"https:\/\/web.umons.ac.be\/card\/dalil-nada\/#primaryimage\"},\"thumbnailUrl\":\"https:\/\/web.umons.ac.be\/app\/uploads\/sites\/123\/2022\/09\/photo-labo-224x300.jpg\",\"datePublished\":\"2022-09-08T08:13:42+00:00\",\"dateModified\":\"2025-01-08T15:47:11+00:00\",\"breadcrumb\":{\"@id\":\"https:\/\/web.umons.ac.be\/card\/dalil-nada\/#breadcrumb\"},\"inLanguage\":\"fr-FR\",\"potentialAction\":[{\"@type\":\"ReadAction\",\"target\":[\"https:\/\/web.umons.ac.be\/card\/dalil-nada\/\"]}]},{\"@type\":\"ImageObject\",\"inLanguage\":\"fr-FR\",\"@id\":\"https:\/\/web.umons.ac.be\/card\/dalil-nada\/#primaryimage\",\"url\":\"https:\/\/web.umons.ac.be\/app\/uploads\/sites\/123\/2022\/09\/photo-labo-224x300.jpg\",\"contentUrl\":\"https:\/\/web.umons.ac.be\/app\/uploads\/sites\/123\/2022\/09\/photo-labo-224x300.jpg\"},{\"@type\":\"BreadcrumbList\",\"@id\":\"https:\/\/web.umons.ac.be\/card\/dalil-nada\/#breadcrumb\",\"itemListElement\":[{\"@type\":\"ListItem\",\"position\":1,\"name\":\"Home\",\"item\":\"https:\/\/web.umons.ac.be\/card\/\"},{\"@type\":\"ListItem\",\"position\":2,\"name\":\"DALIL Nada\"}]},{\"@type\":\"WebSite\",\"@id\":\"https:\/\/web.umons.ac.be\/card\/#website\",\"url\":\"https:\/\/web.umons.ac.be\/card\/\",\"name\":\"Service \/ FMPB - Cardiologie\",\"description\":\"\",\"potentialAction\":[{\"@type\":\"SearchAction\",\"target\":{\"@type\":\"EntryPoint\",\"urlTemplate\":\"https:\/\/web.umons.ac.be\/card\/?s={search_term_string}\"},\"query-input\":{\"@type\":\"PropertyValueSpecification\",\"valueRequired\":true,\"valueName\":\"search_term_string\"}}],\"inLanguage\":\"fr-FR\"}]}<\/script>\n<!-- \/ Yoast SEO plugin. -->","yoast_head_json":{"title":"DALIL Nada - Service \/ FMPB - Cardiologie","robots":{"index":"index","follow":"follow","max-snippet":"max-snippet:-1","max-image-preview":"max-image-preview:large","max-video-preview":"max-video-preview:-1"},"canonical":"https:\/\/web.umons.ac.be\/card\/dalil-nada\/","og_locale":"fr_FR","og_type":"article","og_title":"DALIL Nada - Service \/ FMPB - Cardiologie","og_description":"DALIL Nada &nbsp; &nbsp; Dipl\u00f4m\u00e9e d&rsquo;un Master en Sciences Biom\u00e9dicales \u00e0 l&rsquo;UMONS, N. Dalil a r\u00e9alis\u00e9 un m\u00e9moire portant sur la d\u00e9tection, par imagerie mol\u00e9culaire, de la prot\u00e9ine VCAM-1 avec un nanobody dans le cas de l\u00e9sions d&rsquo;ath\u00e9roscl\u00e9rose. Cette \u00e9tude s&rsquo;est d\u00e9roul\u00e9e au sein du service de Cardiologie en collaboration avec le laboratoire de Chimie [&hellip;]","og_url":"https:\/\/web.umons.ac.be\/card\/dalil-nada\/","og_site_name":"Service \/ FMPB - Cardiologie","article_modified_time":"2025-01-08T15:47:11+00:00","og_image":[{"url":"https:\/\/web.umons.ac.be\/app\/uploads\/sites\/123\/2022\/09\/photo-labo-224x300.jpg","type":"","width":"","height":""}],"twitter_card":"summary_large_image","twitter_misc":{"Dur\u00e9e de lecture estim\u00e9e":"1 minute"},"schema":{"@context":"https:\/\/schema.org","@graph":[{"@type":"WebPage","@id":"https:\/\/web.umons.ac.be\/card\/dalil-nada\/","url":"https:\/\/web.umons.ac.be\/card\/dalil-nada\/","name":"DALIL Nada - Service \/ FMPB - Cardiologie","isPartOf":{"@id":"https:\/\/web.umons.ac.be\/card\/#website"},"primaryImageOfPage":{"@id":"https:\/\/web.umons.ac.be\/card\/dalil-nada\/#primaryimage"},"image":{"@id":"https:\/\/web.umons.ac.be\/card\/dalil-nada\/#primaryimage"},"thumbnailUrl":"https:\/\/web.umons.ac.be\/app\/uploads\/sites\/123\/2022\/09\/photo-labo-224x300.jpg","datePublished":"2022-09-08T08:13:42+00:00","dateModified":"2025-01-08T15:47:11+00:00","breadcrumb":{"@id":"https:\/\/web.umons.ac.be\/card\/dalil-nada\/#breadcrumb"},"inLanguage":"fr-FR","potentialAction":[{"@type":"ReadAction","target":["https:\/\/web.umons.ac.be\/card\/dalil-nada\/"]}]},{"@type":"ImageObject","inLanguage":"fr-FR","@id":"https:\/\/web.umons.ac.be\/card\/dalil-nada\/#primaryimage","url":"https:\/\/web.umons.ac.be\/app\/uploads\/sites\/123\/2022\/09\/photo-labo-224x300.jpg","contentUrl":"https:\/\/web.umons.ac.be\/app\/uploads\/sites\/123\/2022\/09\/photo-labo-224x300.jpg"},{"@type":"BreadcrumbList","@id":"https:\/\/web.umons.ac.be\/card\/dalil-nada\/#breadcrumb","itemListElement":[{"@type":"ListItem","position":1,"name":"Home","item":"https:\/\/web.umons.ac.be\/card\/"},{"@type":"ListItem","position":2,"name":"DALIL Nada"}]},{"@type":"WebSite","@id":"https:\/\/web.umons.ac.be\/card\/#website","url":"https:\/\/web.umons.ac.be\/card\/","name":"Service \/ FMPB - Cardiologie","description":"","potentialAction":[{"@type":"SearchAction","target":{"@type":"EntryPoint","urlTemplate":"https:\/\/web.umons.ac.be\/card\/?s={search_term_string}"},"query-input":{"@type":"PropertyValueSpecification","valueRequired":true,"valueName":"search_term_string"}}],"inLanguage":"fr-FR"}]}},"lang":"fr","translations":{"fr":169},"pll_sync_post":[],"_links":{"self":[{"href":"https:\/\/web.umons.ac.be\/card\/wp-json\/wp\/v2\/pages\/169","targetHints":{"allow":["GET"]}}],"collection":[{"href":"https:\/\/web.umons.ac.be\/card\/wp-json\/wp\/v2\/pages"}],"about":[{"href":"https:\/\/web.umons.ac.be\/card\/wp-json\/wp\/v2\/types\/page"}],"author":[{"embeddable":true,"href":"https:\/\/web.umons.ac.be\/card\/wp-json\/wp\/v2\/users\/83"}],"replies":[{"embeddable":true,"href":"https:\/\/web.umons.ac.be\/card\/wp-json\/wp\/v2\/comments?post=169"}],"version-history":[{"count":3,"href":"https:\/\/web.umons.ac.be\/card\/wp-json\/wp\/v2\/pages\/169\/revisions"}],"predecessor-version":[{"id":377,"href":"https:\/\/web.umons.ac.be\/card\/wp-json\/wp\/v2\/pages\/169\/revisions\/377"}],"wp:attachment":[{"href":"https:\/\/web.umons.ac.be\/card\/wp-json\/wp\/v2\/media?parent=169"}],"curies":[{"name":"wp","href":"https:\/\/api.w.org\/{rel}","templated":true}]}}