{"id":243,"date":"2024-01-19T13:45:11","date_gmt":"2024-01-19T12:45:11","guid":{"rendered":"https:\/\/web.umons.ac.be\/card\/?page_id=243"},"modified":"2024-01-19T13:45:11","modified_gmt":"2024-01-19T12:45:11","slug":"caulier-florine","status":"publish","type":"page","link":"https:\/\/web.umons.ac.be\/card\/caulier-florine\/","title":{"rendered":"CAULIER Florine"},"content":{"rendered":"<p style=\"text-align: center;\">Dipl\u00f4m\u00e9e de l&rsquo;Universit\u00e9 Libre de Bruxelles avec grande distinction en 2023, le Dr Caulier a r\u00e9alis\u00e9 son Travail de Fin d&rsquo;Etudes avec le Pr Carlier, pour lequel elle a obtenu la plus grande distinction. Le Dr Caulier est actuellement assistante en Cardiologie et doctorante \u00e0 l&rsquo;UMons, o\u00f9 elle dispense les travaux pratiques de Cardiologie, Physiologie R\u00e9nale, et Physiologie Cardiovasculaire. Sa th\u00e8se se situe au carrefour entre la m\u00e9decine et l&rsquo;ing\u00e9nierie : D<em>\u00e9veloppement de nouveaux outils de d\u00e9pistage d&rsquo;ath\u00e9roscl\u00e9rose et de cardiotoxicit\u00e9 pour une surveillance cardiovasculaire de patients \u00e0 risque augment\u00e9e par l&rsquo;intelligence artificielle<\/em>.<\/p>\n<p style=\"text-align: center;\"><a href=\"https:\/\/web.umons.ac.be\/card\/composition-du-service\/\">Contacter<\/a><\/p>\n","protected":false},"excerpt":{"rendered":"<p>Dipl\u00f4m\u00e9e de l&rsquo;Universit\u00e9 Libre de Bruxelles avec grande distinction en 2023, le Dr Caulier a r\u00e9alis\u00e9 son Travail de Fin d&rsquo;Etudes avec le Pr Carlier, pour lequel elle a obtenu la plus grande distinction. Le Dr Caulier est actuellement assistante en Cardiologie et doctorante \u00e0 l&rsquo;UMons, o\u00f9 elle dispense les travaux pratiques de Cardiologie, Physiologie [&hellip;]<\/p>\n","protected":false},"author":83,"featured_media":0,"parent":0,"menu_order":0,"comment_status":"closed","ping_status":"closed","template":"","meta":{"footnotes":""},"class_list":["post-243","page","type-page","status-publish","hentry"],"yoast_head":"<!-- This site is optimized with the Yoast SEO plugin v27.2 - https:\/\/yoast.com\/product\/yoast-seo-wordpress\/ -->\n<title>CAULIER Florine - Service \/ FMPB - Cardiologie<\/title>\n<meta name=\"robots\" content=\"index, follow, max-snippet:-1, max-image-preview:large, max-video-preview:-1\" \/>\n<link rel=\"canonical\" href=\"https:\/\/web.umons.ac.be\/card\/caulier-florine\/\" \/>\n<meta property=\"og:locale\" content=\"fr_FR\" \/>\n<meta property=\"og:type\" content=\"article\" \/>\n<meta property=\"og:title\" content=\"CAULIER Florine - Service \/ FMPB - Cardiologie\" \/>\n<meta property=\"og:description\" content=\"Dipl\u00f4m\u00e9e de l&rsquo;Universit\u00e9 Libre de Bruxelles avec grande distinction en 2023, le Dr Caulier a r\u00e9alis\u00e9 son Travail de Fin d&rsquo;Etudes avec le Pr Carlier, pour lequel elle a obtenu la plus grande distinction. Le Dr Caulier est actuellement assistante en Cardiologie et doctorante \u00e0 l&rsquo;UMons, o\u00f9 elle dispense les travaux pratiques de Cardiologie, Physiologie [&hellip;]\" \/>\n<meta property=\"og:url\" content=\"https:\/\/web.umons.ac.be\/card\/caulier-florine\/\" \/>\n<meta property=\"og:site_name\" content=\"Service \/ FMPB - Cardiologie\" \/>\n<meta name=\"twitter:card\" content=\"summary_large_image\" \/>\n<meta name=\"twitter:label1\" content=\"Dur\u00e9e de lecture estim\u00e9e\" \/>\n\t<meta name=\"twitter:data1\" content=\"1 minute\" \/>\n<script type=\"application\/ld+json\" class=\"yoast-schema-graph\">{\"@context\":\"https:\/\/schema.org\",\"@graph\":[{\"@type\":\"WebPage\",\"@id\":\"https:\/\/web.umons.ac.be\/card\/caulier-florine\/\",\"url\":\"https:\/\/web.umons.ac.be\/card\/caulier-florine\/\",\"name\":\"CAULIER Florine - Service \/ FMPB - Cardiologie\",\"isPartOf\":{\"@id\":\"https:\/\/web.umons.ac.be\/card\/#website\"},\"datePublished\":\"2024-01-19T12:45:11+00:00\",\"breadcrumb\":{\"@id\":\"https:\/\/web.umons.ac.be\/card\/caulier-florine\/#breadcrumb\"},\"inLanguage\":\"fr-FR\",\"potentialAction\":[{\"@type\":\"ReadAction\",\"target\":[\"https:\/\/web.umons.ac.be\/card\/caulier-florine\/\"]}]},{\"@type\":\"BreadcrumbList\",\"@id\":\"https:\/\/web.umons.ac.be\/card\/caulier-florine\/#breadcrumb\",\"itemListElement\":[{\"@type\":\"ListItem\",\"position\":1,\"name\":\"Home\",\"item\":\"https:\/\/web.umons.ac.be\/card\/\"},{\"@type\":\"ListItem\",\"position\":2,\"name\":\"CAULIER Florine\"}]},{\"@type\":\"WebSite\",\"@id\":\"https:\/\/web.umons.ac.be\/card\/#website\",\"url\":\"https:\/\/web.umons.ac.be\/card\/\",\"name\":\"Service \/ FMPB - Cardiologie\",\"description\":\"\",\"potentialAction\":[{\"@type\":\"SearchAction\",\"target\":{\"@type\":\"EntryPoint\",\"urlTemplate\":\"https:\/\/web.umons.ac.be\/card\/?s={search_term_string}\"},\"query-input\":{\"@type\":\"PropertyValueSpecification\",\"valueRequired\":true,\"valueName\":\"search_term_string\"}}],\"inLanguage\":\"fr-FR\"}]}<\/script>\n<!-- \/ Yoast SEO plugin. -->","yoast_head_json":{"title":"CAULIER Florine - Service \/ FMPB - Cardiologie","robots":{"index":"index","follow":"follow","max-snippet":"max-snippet:-1","max-image-preview":"max-image-preview:large","max-video-preview":"max-video-preview:-1"},"canonical":"https:\/\/web.umons.ac.be\/card\/caulier-florine\/","og_locale":"fr_FR","og_type":"article","og_title":"CAULIER Florine - Service \/ FMPB - Cardiologie","og_description":"Dipl\u00f4m\u00e9e de l&rsquo;Universit\u00e9 Libre de Bruxelles avec grande distinction en 2023, le Dr Caulier a r\u00e9alis\u00e9 son Travail de Fin d&rsquo;Etudes avec le Pr Carlier, pour lequel elle a obtenu la plus grande distinction. Le Dr Caulier est actuellement assistante en Cardiologie et doctorante \u00e0 l&rsquo;UMons, o\u00f9 elle dispense les travaux pratiques de Cardiologie, Physiologie [&hellip;]","og_url":"https:\/\/web.umons.ac.be\/card\/caulier-florine\/","og_site_name":"Service \/ FMPB - Cardiologie","twitter_card":"summary_large_image","twitter_misc":{"Dur\u00e9e de lecture estim\u00e9e":"1 minute"},"schema":{"@context":"https:\/\/schema.org","@graph":[{"@type":"WebPage","@id":"https:\/\/web.umons.ac.be\/card\/caulier-florine\/","url":"https:\/\/web.umons.ac.be\/card\/caulier-florine\/","name":"CAULIER Florine - Service \/ FMPB - Cardiologie","isPartOf":{"@id":"https:\/\/web.umons.ac.be\/card\/#website"},"datePublished":"2024-01-19T12:45:11+00:00","breadcrumb":{"@id":"https:\/\/web.umons.ac.be\/card\/caulier-florine\/#breadcrumb"},"inLanguage":"fr-FR","potentialAction":[{"@type":"ReadAction","target":["https:\/\/web.umons.ac.be\/card\/caulier-florine\/"]}]},{"@type":"BreadcrumbList","@id":"https:\/\/web.umons.ac.be\/card\/caulier-florine\/#breadcrumb","itemListElement":[{"@type":"ListItem","position":1,"name":"Home","item":"https:\/\/web.umons.ac.be\/card\/"},{"@type":"ListItem","position":2,"name":"CAULIER Florine"}]},{"@type":"WebSite","@id":"https:\/\/web.umons.ac.be\/card\/#website","url":"https:\/\/web.umons.ac.be\/card\/","name":"Service \/ FMPB - Cardiologie","description":"","potentialAction":[{"@type":"SearchAction","target":{"@type":"EntryPoint","urlTemplate":"https:\/\/web.umons.ac.be\/card\/?s={search_term_string}"},"query-input":{"@type":"PropertyValueSpecification","valueRequired":true,"valueName":"search_term_string"}}],"inLanguage":"fr-FR"}]}},"lang":"fr","translations":{"fr":243},"pll_sync_post":[],"_links":{"self":[{"href":"https:\/\/web.umons.ac.be\/card\/wp-json\/wp\/v2\/pages\/243","targetHints":{"allow":["GET"]}}],"collection":[{"href":"https:\/\/web.umons.ac.be\/card\/wp-json\/wp\/v2\/pages"}],"about":[{"href":"https:\/\/web.umons.ac.be\/card\/wp-json\/wp\/v2\/types\/page"}],"author":[{"embeddable":true,"href":"https:\/\/web.umons.ac.be\/card\/wp-json\/wp\/v2\/users\/83"}],"replies":[{"embeddable":true,"href":"https:\/\/web.umons.ac.be\/card\/wp-json\/wp\/v2\/comments?post=243"}],"version-history":[{"count":2,"href":"https:\/\/web.umons.ac.be\/card\/wp-json\/wp\/v2\/pages\/243\/revisions"}],"predecessor-version":[{"id":245,"href":"https:\/\/web.umons.ac.be\/card\/wp-json\/wp\/v2\/pages\/243\/revisions\/245"}],"wp:attachment":[{"href":"https:\/\/web.umons.ac.be\/card\/wp-json\/wp\/v2\/media?parent=243"}],"curies":[{"name":"wp","href":"https:\/\/api.w.org\/{rel}","templated":true}]}}