{"id":431,"date":"2025-01-13T10:23:34","date_gmt":"2025-01-13T09:23:34","guid":{"rendered":"https:\/\/web.umons.ac.be\/card\/?page_id=431"},"modified":"2025-01-27T13:37:54","modified_gmt":"2025-01-27T12:37:54","slug":"kindt-nadege","status":"publish","type":"page","link":"https:\/\/web.umons.ac.be\/card\/kindt-nadege\/","title":{"rendered":"KINDT Nad\u00e8ge"},"content":{"rendered":"<p style=\"text-align: center;\"><strong><span style=\"font-family: arial, helvetica, sans-serif; font-size: 24pt;\">KINDT Nad\u00e8ge<\/span><\/strong><\/p>\n<p>&nbsp;<\/p>\n<p style=\"text-align: justify;\"><span style=\"font-family: arial, helvetica, sans-serif; font-size: 12pt;\">Chercheuse post-doctorante au sein du service de Cardiologie, Nad\u00e8ge Kindt est titulaire d\u2019un dipl\u00f4me de Docteur en Sciences Biom\u00e9dicales et Pharmaceutiques obtenu \u00e0 l\u2019Universit\u00e9 de Mons dans le domaine de l\u2019oncologie. Elle a contribu\u00e9 \u00e0 diverses recherches visant \u00e0 mieux comprendre les pathologies inflammatoires et le cancer (t\u00eate et cou, colorectal, sein et m\u00e9tastases c\u00e9r\u00e9brales) ainsi que l\u2019action de certains m\u00e9dicaments, ceci en France et en Belgique. Elle effectue, maintenant, des recherches, au sein du laboratoire, afin d\u2019analyser l\u2019impact du cancer et leurs traitements sur le d\u00e9veloppement et la progression des maladies cardiovasculaires.<\/span><\/p>\n","protected":false},"excerpt":{"rendered":"<p>KINDT Nad\u00e8ge &nbsp; Chercheuse post-doctorante au sein du service de Cardiologie, Nad\u00e8ge Kindt est titulaire d\u2019un dipl\u00f4me de Docteur en Sciences Biom\u00e9dicales et Pharmaceutiques obtenu \u00e0 l\u2019Universit\u00e9 de Mons dans le domaine de l\u2019oncologie. Elle a contribu\u00e9 \u00e0 diverses recherches visant \u00e0 mieux comprendre les pathologies inflammatoires et le cancer (t\u00eate et cou, colorectal, sein [&hellip;]<\/p>\n","protected":false},"author":83,"featured_media":0,"parent":0,"menu_order":0,"comment_status":"closed","ping_status":"closed","template":"","meta":{"footnotes":""},"class_list":["post-431","page","type-page","status-publish","hentry"],"yoast_head":"<!-- This site is optimized with the Yoast SEO plugin v27.2 - https:\/\/yoast.com\/product\/yoast-seo-wordpress\/ -->\n<title>KINDT Nad\u00e8ge - Service \/ FMPB - Cardiologie<\/title>\n<meta name=\"robots\" content=\"index, follow, max-snippet:-1, max-image-preview:large, max-video-preview:-1\" \/>\n<link rel=\"canonical\" href=\"https:\/\/web.umons.ac.be\/card\/kindt-nadege\/\" \/>\n<meta property=\"og:locale\" content=\"fr_FR\" \/>\n<meta property=\"og:type\" content=\"article\" \/>\n<meta property=\"og:title\" content=\"KINDT Nad\u00e8ge - Service \/ FMPB - Cardiologie\" \/>\n<meta property=\"og:description\" content=\"KINDT Nad\u00e8ge &nbsp; Chercheuse post-doctorante au sein du service de Cardiologie, Nad\u00e8ge Kindt est titulaire d\u2019un dipl\u00f4me de Docteur en Sciences Biom\u00e9dicales et Pharmaceutiques obtenu \u00e0 l\u2019Universit\u00e9 de Mons dans le domaine de l\u2019oncologie. Elle a contribu\u00e9 \u00e0 diverses recherches visant \u00e0 mieux comprendre les pathologies inflammatoires et le cancer (t\u00eate et cou, colorectal, sein [&hellip;]\" \/>\n<meta property=\"og:url\" content=\"https:\/\/web.umons.ac.be\/card\/kindt-nadege\/\" \/>\n<meta property=\"og:site_name\" content=\"Service \/ FMPB - Cardiologie\" \/>\n<meta property=\"article:modified_time\" content=\"2025-01-27T12:37:54+00:00\" \/>\n<meta name=\"twitter:card\" content=\"summary_large_image\" \/>\n<meta name=\"twitter:label1\" content=\"Dur\u00e9e de lecture estim\u00e9e\" \/>\n\t<meta name=\"twitter:data1\" content=\"1 minute\" \/>\n<script type=\"application\/ld+json\" class=\"yoast-schema-graph\">{\"@context\":\"https:\/\/schema.org\",\"@graph\":[{\"@type\":\"WebPage\",\"@id\":\"https:\/\/web.umons.ac.be\/card\/kindt-nadege\/\",\"url\":\"https:\/\/web.umons.ac.be\/card\/kindt-nadege\/\",\"name\":\"KINDT Nad\u00e8ge - Service \/ FMPB - Cardiologie\",\"isPartOf\":{\"@id\":\"https:\/\/web.umons.ac.be\/card\/#website\"},\"datePublished\":\"2025-01-13T09:23:34+00:00\",\"dateModified\":\"2025-01-27T12:37:54+00:00\",\"breadcrumb\":{\"@id\":\"https:\/\/web.umons.ac.be\/card\/kindt-nadege\/#breadcrumb\"},\"inLanguage\":\"fr-FR\",\"potentialAction\":[{\"@type\":\"ReadAction\",\"target\":[\"https:\/\/web.umons.ac.be\/card\/kindt-nadege\/\"]}]},{\"@type\":\"BreadcrumbList\",\"@id\":\"https:\/\/web.umons.ac.be\/card\/kindt-nadege\/#breadcrumb\",\"itemListElement\":[{\"@type\":\"ListItem\",\"position\":1,\"name\":\"Home\",\"item\":\"https:\/\/web.umons.ac.be\/card\/\"},{\"@type\":\"ListItem\",\"position\":2,\"name\":\"KINDT Nad\u00e8ge\"}]},{\"@type\":\"WebSite\",\"@id\":\"https:\/\/web.umons.ac.be\/card\/#website\",\"url\":\"https:\/\/web.umons.ac.be\/card\/\",\"name\":\"Service \/ FMPB - Cardiologie\",\"description\":\"\",\"potentialAction\":[{\"@type\":\"SearchAction\",\"target\":{\"@type\":\"EntryPoint\",\"urlTemplate\":\"https:\/\/web.umons.ac.be\/card\/?s={search_term_string}\"},\"query-input\":{\"@type\":\"PropertyValueSpecification\",\"valueRequired\":true,\"valueName\":\"search_term_string\"}}],\"inLanguage\":\"fr-FR\"}]}<\/script>\n<!-- \/ Yoast SEO plugin. -->","yoast_head_json":{"title":"KINDT Nad\u00e8ge - Service \/ FMPB - Cardiologie","robots":{"index":"index","follow":"follow","max-snippet":"max-snippet:-1","max-image-preview":"max-image-preview:large","max-video-preview":"max-video-preview:-1"},"canonical":"https:\/\/web.umons.ac.be\/card\/kindt-nadege\/","og_locale":"fr_FR","og_type":"article","og_title":"KINDT Nad\u00e8ge - Service \/ FMPB - Cardiologie","og_description":"KINDT Nad\u00e8ge &nbsp; Chercheuse post-doctorante au sein du service de Cardiologie, Nad\u00e8ge Kindt est titulaire d\u2019un dipl\u00f4me de Docteur en Sciences Biom\u00e9dicales et Pharmaceutiques obtenu \u00e0 l\u2019Universit\u00e9 de Mons dans le domaine de l\u2019oncologie. Elle a contribu\u00e9 \u00e0 diverses recherches visant \u00e0 mieux comprendre les pathologies inflammatoires et le cancer (t\u00eate et cou, colorectal, sein [&hellip;]","og_url":"https:\/\/web.umons.ac.be\/card\/kindt-nadege\/","og_site_name":"Service \/ FMPB - Cardiologie","article_modified_time":"2025-01-27T12:37:54+00:00","twitter_card":"summary_large_image","twitter_misc":{"Dur\u00e9e de lecture estim\u00e9e":"1 minute"},"schema":{"@context":"https:\/\/schema.org","@graph":[{"@type":"WebPage","@id":"https:\/\/web.umons.ac.be\/card\/kindt-nadege\/","url":"https:\/\/web.umons.ac.be\/card\/kindt-nadege\/","name":"KINDT Nad\u00e8ge - Service \/ FMPB - Cardiologie","isPartOf":{"@id":"https:\/\/web.umons.ac.be\/card\/#website"},"datePublished":"2025-01-13T09:23:34+00:00","dateModified":"2025-01-27T12:37:54+00:00","breadcrumb":{"@id":"https:\/\/web.umons.ac.be\/card\/kindt-nadege\/#breadcrumb"},"inLanguage":"fr-FR","potentialAction":[{"@type":"ReadAction","target":["https:\/\/web.umons.ac.be\/card\/kindt-nadege\/"]}]},{"@type":"BreadcrumbList","@id":"https:\/\/web.umons.ac.be\/card\/kindt-nadege\/#breadcrumb","itemListElement":[{"@type":"ListItem","position":1,"name":"Home","item":"https:\/\/web.umons.ac.be\/card\/"},{"@type":"ListItem","position":2,"name":"KINDT Nad\u00e8ge"}]},{"@type":"WebSite","@id":"https:\/\/web.umons.ac.be\/card\/#website","url":"https:\/\/web.umons.ac.be\/card\/","name":"Service \/ FMPB - Cardiologie","description":"","potentialAction":[{"@type":"SearchAction","target":{"@type":"EntryPoint","urlTemplate":"https:\/\/web.umons.ac.be\/card\/?s={search_term_string}"},"query-input":{"@type":"PropertyValueSpecification","valueRequired":true,"valueName":"search_term_string"}}],"inLanguage":"fr-FR"}]}},"lang":"fr","translations":{"fr":431},"pll_sync_post":[],"_links":{"self":[{"href":"https:\/\/web.umons.ac.be\/card\/wp-json\/wp\/v2\/pages\/431","targetHints":{"allow":["GET"]}}],"collection":[{"href":"https:\/\/web.umons.ac.be\/card\/wp-json\/wp\/v2\/pages"}],"about":[{"href":"https:\/\/web.umons.ac.be\/card\/wp-json\/wp\/v2\/types\/page"}],"author":[{"embeddable":true,"href":"https:\/\/web.umons.ac.be\/card\/wp-json\/wp\/v2\/users\/83"}],"replies":[{"embeddable":true,"href":"https:\/\/web.umons.ac.be\/card\/wp-json\/wp\/v2\/comments?post=431"}],"version-history":[{"count":3,"href":"https:\/\/web.umons.ac.be\/card\/wp-json\/wp\/v2\/pages\/431\/revisions"}],"predecessor-version":[{"id":486,"href":"https:\/\/web.umons.ac.be\/card\/wp-json\/wp\/v2\/pages\/431\/revisions\/486"}],"wp:attachment":[{"href":"https:\/\/web.umons.ac.be\/card\/wp-json\/wp\/v2\/media?parent=431"}],"curies":[{"name":"wp","href":"https:\/\/api.w.org\/{rel}","templated":true}]}}