{"id":433,"date":"2025-01-13T10:24:06","date_gmt":"2025-01-13T09:24:06","guid":{"rendered":"https:\/\/web.umons.ac.be\/card\/?page_id=433"},"modified":"2025-02-04T09:22:27","modified_gmt":"2025-02-04T08:22:27","slug":"lange-philippe","status":"publish","type":"page","link":"https:\/\/web.umons.ac.be\/card\/lange-philippe\/","title":{"rendered":"LANGE Philippe"},"content":{"rendered":"<p style=\"text-align: center;\"><strong><span style=\"font-size: 24pt; font-family: arial, helvetica, sans-serif;\">LANGE Philippe<\/span><\/strong><\/p>\n<p><img loading=\"lazy\" decoding=\"async\" class=\"size-medium wp-image-499 aligncenter\" src=\"https:\/\/web.umons.ac.be\/app\/uploads\/sites\/123\/2025\/02\/lange-phillippe-site-cardio-233x300.jpg\" alt=\"\" width=\"233\" height=\"300\" srcset=\"https:\/\/web.umons.ac.be\/app\/uploads\/sites\/123\/2025\/02\/lange-phillippe-site-cardio-233x300.jpg 233w, https:\/\/web.umons.ac.be\/app\/uploads\/sites\/123\/2025\/02\/lange-phillippe-site-cardio-30x39.jpg 30w, https:\/\/web.umons.ac.be\/app\/uploads\/sites\/123\/2025\/02\/lange-phillippe-site-cardio-47x60.jpg 47w, https:\/\/web.umons.ac.be\/app\/uploads\/sites\/123\/2025\/02\/lange-phillippe-site-cardio-360x463.jpg 360w, https:\/\/web.umons.ac.be\/app\/uploads\/sites\/123\/2025\/02\/lange-phillippe-site-cardio.jpg 400w\" sizes=\"auto, (max-width: 233px) 100vw, 233px\" \/><\/p>\n<p>&nbsp;<\/p>\n<p style=\"text-align: justify;\"><span style=\"font-family: arial, helvetica, sans-serif; font-size: 12pt;\">Lange Philippe est un ing\u00e9nieur Civil en A\u00e9rospatial et Biom\u00e9dical et Innovation.<\/span><\/p>\n<p style=\"text-align: justify;\"><span style=\"font-family: arial, helvetica, sans-serif; font-size: 12pt;\">Avec plus de 25 ans d\u2019exp\u00e9rience au sein de l\u2019ing\u00e9nierie biom\u00e9dicale, de la recherche <\/span><span style=\"font-family: arial, helvetica, sans-serif; font-size: 12pt;\">clinique et de l\u2019innovation technologique en sant\u00e9, il se positionne comme un acteur cl\u00e9 <\/span><span style=\"font-family: arial, helvetica, sans-serif; font-size: 12pt;\">dans le d\u00e9veloppement et l\u2019int\u00e9gration de solutions de pointe pour la cardiologie. Son <\/span><span style=\"font-family: arial, helvetica, sans-serif; font-size: 12pt;\">parcours original lui a permis de cr\u00e9er des outils r\u00e9volutionnaires pour l\u2019analyse et la <\/span><span style=\"font-family: arial, helvetica, sans-serif; font-size: 12pt;\">gestion des donn\u00e9es physiologiques, contribuant ainsi \u00e0 optimiser la prise en charge des <\/span><span style=\"font-family: arial, helvetica, sans-serif; font-size: 12pt;\">patients et \u00e0 ouvrir de nouvelles perspectives en mati\u00e8re de diagnostic et de monitoring. <\/span><\/p>\n<p style=\"text-align: justify;\"><span style=\"font-family: arial, helvetica, sans-serif; font-size: 12pt;\">D\u00e8s ses d\u00e9buts, il a con\u00e7u des syst\u00e8mes avanc\u00e9s de gestion d\u2019anesth\u00e9sie pour la chirurgie cardiaque, permettant un suivi pr\u00e9cis et en temps r\u00e9el des param\u00e8tres vitaux critiques au bloc op\u00e9ratoire, ainsi que des technologies novatrice en imagerie (Il est entre autre co-fondateur de la soci\u00e9t\u00e9 Euresys). Ces outils ont non seulement am\u00e9lior\u00e9 la s<\/span><span style=\"font-family: arial, helvetica, sans-serif; font-size: 12pt;\">\u00e9curit\u00e9 per-op\u00e9ratoire, mais ont aussi offert aux anesth\u00e9sistes des moyens plus performants d\u2019adaptation et d\u2019intervention, garantissant une meilleure prise en charge des patients \u00e0 haut risque. Son engagement dans la cr\u00e9ation de solutions innovantes s\u2019est poursuivi avec le d\u00e9p\u00f4t, entre autre, de trois brevets cl\u00e9s dans le domaine de la cardiologie, d\u00e9di\u00e9s \u00e0 la mesure de tr\u00e8s faibles d\u00e9bits sanguins et \u00e0 l\u2019analyse des mouvements respiratoires li\u00e9s aux variations cardiaques. Ces avanc\u00e9es technologiques ont permis d\u2019affiner le monitoring patient en milieu hospitalier et d\u2019am\u00e9liorer la d\u00e9tection pr\u00e9coce des insuffisances respiratoires et des anomalies circulatoires.\u00a0 <\/span><\/p>\n<p style=\"text-align: justify;\"><span style=\"font-family: arial, helvetica, sans-serif; font-size: 12pt;\">Son r\u00f4le au sein du CHU de Li\u00e8ge en tant que cr\u00e9ateur de start-up en gestion des soins de sant\u00e9 lui a offert une opportunit\u00e9 unique d\u2019int\u00e9grer les nouvelles technologies au c\u0153ur des protocoles m\u00e9dicaux. Il a notamment travaill\u00e9 \u00e0 la conception et \u00e0 l\u2019impl\u00e9mentation de syst\u00e8mes de gestion hospitali\u00e8re en temps r\u00e9el, favorisant une meilleure synchronisation entre les services m\u00e9dicaux et garantissant une prise en charge optimis\u00e9e des patients.\u00a0 En \u00e9troite collaboration avec les cliniciens, il a d\u00e9velopp\u00e9 des m\u00e9thodes et des outils facilitant l\u2019exploitation des donn\u00e9es biom\u00e9dicales d\u00e9centralis\u00e9es pour une meilleure prise de d\u00e9cision th\u00e9rapeutique rapide.<\/span><\/p>\n<p style=\"text-align: justify;\"><span style=\"font-family: arial, helvetica, sans-serif; font-size: 12pt;\"> Son expertise s\u2019\u00e9tend \u00e9galement \u00e0 l\u2019analyse fonctionnelle en thermographie m\u00e9dicale, notamment \u00e0 travers sa participation au d\u00e9veloppement industriel du syst\u00e8me ThermoCheck\u00ae, une technologie r\u00e9volutionnaire de d\u00e9tection pr\u00e9coce du cancer du sein par thermographie infrarouge. En int\u00e9grant des m\u00e9thodologies avanc\u00e9es d\u2019analyse thermique et en collaborant avec des \u00e9quipes de recherche et d\u2019ing\u00e9nierie, il a contribu\u00e9 \u00e0 optimiser les algorithmes de traitement des images thermiques et a d\u00e9velopp\u00e9 des outils d\u2019intelligence artificielle associ\u00e9s pour offrir aux praticiens un outil de d\u00e9pistage plus pr\u00e9cis, rapide, fiable et accessible. Ce projet, en lien avec ThermoCheck.Health, illustre sa capacit\u00e9 \u00e0 traduire des innovations technologiques en solutions concr\u00e8tes, au service de la m\u00e9decine pr\u00e9ventive et du diagnostic non-invasif.\u00a0 <\/span><\/p>\n<p style=\"text-align: justify;\"><span style=\"font-family: arial, helvetica, sans-serif; font-size: 12pt;\">Son approche de l\u2019innovation ne se limite pas \u00e0 la technologie : elle repose aussi sur une vision holistique de l\u2019organisation des soins et de l\u2019optimisation des m\u00e9thodologies cliniques. Son expertise en analyse des donn\u00e9es physiologiques, en int\u00e9gration de l\u2019intelligence artificielle dans la gestion des pathologies cardiovasculaires et en d\u00e9veloppement d\u2019outils de suivi en cardiologie lui permet de proposer des solutions disruptives et pragmatiques adapt\u00e9es aux d\u00e9fis actuels du secteur hospitalier. <\/span><\/p>\n<p style=\"text-align: justify;\"><span style=\"font-family: arial, helvetica, sans-serif; font-size: 12pt;\">En rejoignant une \u00e9quipe hospitali\u00e8re en tant qu\u2019assistant volontaire au sein d\u2019un d\u00e9partement de cardiologie universitaire, il apporte une essence de cr\u00e9ativit\u00e9 et d\u2019innovation, en associant son savoir-faire technique \u00e0 une profonde compr\u00e9hension des besoins cliniques. Son objectif est d\u2019apporter une dynamique de recherche appliqu\u00e9e, en favorisant des collaborations interdisciplinaires et en int\u00e9grant des outils novateurs qui am\u00e9liorent la qualit\u00e9 des soins et la pr\u00e9cision des diagnostics.<\/span><\/p>\n<p style=\"text-align: justify;\"><span style=\"font-family: arial, helvetica, sans-serif; font-size: 12pt;\">Fort d\u2019une exp\u00e9rience alliant d\u00e9veloppement technologique, gestion de projets m\u00e9dicaux et collaborations avec des institutions hospitali\u00e8res et acad\u00e9miques, il est tr\u00e8s actif \u00e0 mettre son expertise au service d\u2019une \u00e9quipe m\u00e9dicale engag\u00e9e dans l\u2019excellence et l\u2019innovation en cardiologie.<\/span><\/p>\n","protected":false},"excerpt":{"rendered":"<p>LANGE Philippe &nbsp; Lange Philippe est un ing\u00e9nieur Civil en A\u00e9rospatial et Biom\u00e9dical et Innovation. Avec plus de 25 ans d\u2019exp\u00e9rience au sein de l\u2019ing\u00e9nierie biom\u00e9dicale, de la recherche clinique et de l\u2019innovation technologique en sant\u00e9, il se positionne comme un acteur cl\u00e9 dans le d\u00e9veloppement et l\u2019int\u00e9gration de solutions de pointe pour la cardiologie. [&hellip;]<\/p>\n","protected":false},"author":83,"featured_media":0,"parent":0,"menu_order":0,"comment_status":"closed","ping_status":"closed","template":"","meta":{"footnotes":""},"class_list":["post-433","page","type-page","status-publish","hentry"],"yoast_head":"<!-- This site is optimized with the Yoast SEO plugin v27.2 - https:\/\/yoast.com\/product\/yoast-seo-wordpress\/ -->\n<title>LANGE Philippe - Service \/ FMPB - Cardiologie<\/title>\n<meta name=\"robots\" content=\"index, follow, max-snippet:-1, max-image-preview:large, max-video-preview:-1\" \/>\n<link rel=\"canonical\" href=\"https:\/\/web.umons.ac.be\/card\/lange-philippe\/\" \/>\n<meta property=\"og:locale\" content=\"fr_FR\" \/>\n<meta property=\"og:type\" content=\"article\" \/>\n<meta property=\"og:title\" content=\"LANGE Philippe - Service \/ FMPB - Cardiologie\" \/>\n<meta property=\"og:description\" content=\"LANGE Philippe &nbsp; Lange Philippe est un ing\u00e9nieur Civil en A\u00e9rospatial et Biom\u00e9dical et Innovation. Avec plus de 25 ans d\u2019exp\u00e9rience au sein de l\u2019ing\u00e9nierie biom\u00e9dicale, de la recherche clinique et de l\u2019innovation technologique en sant\u00e9, il se positionne comme un acteur cl\u00e9 dans le d\u00e9veloppement et l\u2019int\u00e9gration de solutions de pointe pour la cardiologie. [&hellip;]\" \/>\n<meta property=\"og:url\" content=\"https:\/\/web.umons.ac.be\/card\/lange-philippe\/\" \/>\n<meta property=\"og:site_name\" content=\"Service \/ FMPB - Cardiologie\" \/>\n<meta property=\"article:modified_time\" content=\"2025-02-04T08:22:27+00:00\" \/>\n<meta property=\"og:image\" content=\"https:\/\/web.umons.ac.be\/app\/uploads\/sites\/123\/2025\/02\/lange-phillippe-site-cardio.jpg\" \/>\n\t<meta property=\"og:image:width\" content=\"400\" \/>\n\t<meta property=\"og:image:height\" content=\"514\" \/>\n\t<meta property=\"og:image:type\" content=\"image\/jpeg\" \/>\n<meta name=\"twitter:card\" content=\"summary_large_image\" \/>\n<meta name=\"twitter:label1\" content=\"Dur\u00e9e de lecture estim\u00e9e\" \/>\n\t<meta name=\"twitter:data1\" content=\"4 minutes\" \/>\n<script type=\"application\/ld+json\" class=\"yoast-schema-graph\">{\"@context\":\"https:\/\/schema.org\",\"@graph\":[{\"@type\":\"WebPage\",\"@id\":\"https:\/\/web.umons.ac.be\/card\/lange-philippe\/\",\"url\":\"https:\/\/web.umons.ac.be\/card\/lange-philippe\/\",\"name\":\"LANGE Philippe - Service \/ FMPB - Cardiologie\",\"isPartOf\":{\"@id\":\"https:\/\/web.umons.ac.be\/card\/#website\"},\"primaryImageOfPage\":{\"@id\":\"https:\/\/web.umons.ac.be\/card\/lange-philippe\/#primaryimage\"},\"image\":{\"@id\":\"https:\/\/web.umons.ac.be\/card\/lange-philippe\/#primaryimage\"},\"thumbnailUrl\":\"https:\/\/web.umons.ac.be\/app\/uploads\/sites\/123\/2025\/02\/lange-phillippe-site-cardio-233x300.jpg\",\"datePublished\":\"2025-01-13T09:24:06+00:00\",\"dateModified\":\"2025-02-04T08:22:27+00:00\",\"breadcrumb\":{\"@id\":\"https:\/\/web.umons.ac.be\/card\/lange-philippe\/#breadcrumb\"},\"inLanguage\":\"fr-FR\",\"potentialAction\":[{\"@type\":\"ReadAction\",\"target\":[\"https:\/\/web.umons.ac.be\/card\/lange-philippe\/\"]}]},{\"@type\":\"ImageObject\",\"inLanguage\":\"fr-FR\",\"@id\":\"https:\/\/web.umons.ac.be\/card\/lange-philippe\/#primaryimage\",\"url\":\"https:\/\/web.umons.ac.be\/app\/uploads\/sites\/123\/2025\/02\/lange-phillippe-site-cardio-233x300.jpg\",\"contentUrl\":\"https:\/\/web.umons.ac.be\/app\/uploads\/sites\/123\/2025\/02\/lange-phillippe-site-cardio-233x300.jpg\"},{\"@type\":\"BreadcrumbList\",\"@id\":\"https:\/\/web.umons.ac.be\/card\/lange-philippe\/#breadcrumb\",\"itemListElement\":[{\"@type\":\"ListItem\",\"position\":1,\"name\":\"Home\",\"item\":\"https:\/\/web.umons.ac.be\/card\/\"},{\"@type\":\"ListItem\",\"position\":2,\"name\":\"LANGE Philippe\"}]},{\"@type\":\"WebSite\",\"@id\":\"https:\/\/web.umons.ac.be\/card\/#website\",\"url\":\"https:\/\/web.umons.ac.be\/card\/\",\"name\":\"Service \/ FMPB - Cardiologie\",\"description\":\"\",\"potentialAction\":[{\"@type\":\"SearchAction\",\"target\":{\"@type\":\"EntryPoint\",\"urlTemplate\":\"https:\/\/web.umons.ac.be\/card\/?s={search_term_string}\"},\"query-input\":{\"@type\":\"PropertyValueSpecification\",\"valueRequired\":true,\"valueName\":\"search_term_string\"}}],\"inLanguage\":\"fr-FR\"}]}<\/script>\n<!-- \/ Yoast SEO plugin. -->","yoast_head_json":{"title":"LANGE Philippe - Service \/ FMPB - Cardiologie","robots":{"index":"index","follow":"follow","max-snippet":"max-snippet:-1","max-image-preview":"max-image-preview:large","max-video-preview":"max-video-preview:-1"},"canonical":"https:\/\/web.umons.ac.be\/card\/lange-philippe\/","og_locale":"fr_FR","og_type":"article","og_title":"LANGE Philippe - Service \/ FMPB - Cardiologie","og_description":"LANGE Philippe &nbsp; Lange Philippe est un ing\u00e9nieur Civil en A\u00e9rospatial et Biom\u00e9dical et Innovation. Avec plus de 25 ans d\u2019exp\u00e9rience au sein de l\u2019ing\u00e9nierie biom\u00e9dicale, de la recherche clinique et de l\u2019innovation technologique en sant\u00e9, il se positionne comme un acteur cl\u00e9 dans le d\u00e9veloppement et l\u2019int\u00e9gration de solutions de pointe pour la cardiologie. [&hellip;]","og_url":"https:\/\/web.umons.ac.be\/card\/lange-philippe\/","og_site_name":"Service \/ FMPB - Cardiologie","article_modified_time":"2025-02-04T08:22:27+00:00","og_image":[{"width":400,"height":514,"url":"https:\/\/web.umons.ac.be\/app\/uploads\/sites\/123\/2025\/02\/lange-phillippe-site-cardio.jpg","type":"image\/jpeg"}],"twitter_card":"summary_large_image","twitter_misc":{"Dur\u00e9e de lecture estim\u00e9e":"4 minutes"},"schema":{"@context":"https:\/\/schema.org","@graph":[{"@type":"WebPage","@id":"https:\/\/web.umons.ac.be\/card\/lange-philippe\/","url":"https:\/\/web.umons.ac.be\/card\/lange-philippe\/","name":"LANGE Philippe - Service \/ FMPB - Cardiologie","isPartOf":{"@id":"https:\/\/web.umons.ac.be\/card\/#website"},"primaryImageOfPage":{"@id":"https:\/\/web.umons.ac.be\/card\/lange-philippe\/#primaryimage"},"image":{"@id":"https:\/\/web.umons.ac.be\/card\/lange-philippe\/#primaryimage"},"thumbnailUrl":"https:\/\/web.umons.ac.be\/app\/uploads\/sites\/123\/2025\/02\/lange-phillippe-site-cardio-233x300.jpg","datePublished":"2025-01-13T09:24:06+00:00","dateModified":"2025-02-04T08:22:27+00:00","breadcrumb":{"@id":"https:\/\/web.umons.ac.be\/card\/lange-philippe\/#breadcrumb"},"inLanguage":"fr-FR","potentialAction":[{"@type":"ReadAction","target":["https:\/\/web.umons.ac.be\/card\/lange-philippe\/"]}]},{"@type":"ImageObject","inLanguage":"fr-FR","@id":"https:\/\/web.umons.ac.be\/card\/lange-philippe\/#primaryimage","url":"https:\/\/web.umons.ac.be\/app\/uploads\/sites\/123\/2025\/02\/lange-phillippe-site-cardio-233x300.jpg","contentUrl":"https:\/\/web.umons.ac.be\/app\/uploads\/sites\/123\/2025\/02\/lange-phillippe-site-cardio-233x300.jpg"},{"@type":"BreadcrumbList","@id":"https:\/\/web.umons.ac.be\/card\/lange-philippe\/#breadcrumb","itemListElement":[{"@type":"ListItem","position":1,"name":"Home","item":"https:\/\/web.umons.ac.be\/card\/"},{"@type":"ListItem","position":2,"name":"LANGE Philippe"}]},{"@type":"WebSite","@id":"https:\/\/web.umons.ac.be\/card\/#website","url":"https:\/\/web.umons.ac.be\/card\/","name":"Service \/ FMPB - Cardiologie","description":"","potentialAction":[{"@type":"SearchAction","target":{"@type":"EntryPoint","urlTemplate":"https:\/\/web.umons.ac.be\/card\/?s={search_term_string}"},"query-input":{"@type":"PropertyValueSpecification","valueRequired":true,"valueName":"search_term_string"}}],"inLanguage":"fr-FR"}]}},"lang":"fr","translations":{"fr":433},"pll_sync_post":[],"_links":{"self":[{"href":"https:\/\/web.umons.ac.be\/card\/wp-json\/wp\/v2\/pages\/433","targetHints":{"allow":["GET"]}}],"collection":[{"href":"https:\/\/web.umons.ac.be\/card\/wp-json\/wp\/v2\/pages"}],"about":[{"href":"https:\/\/web.umons.ac.be\/card\/wp-json\/wp\/v2\/types\/page"}],"author":[{"embeddable":true,"href":"https:\/\/web.umons.ac.be\/card\/wp-json\/wp\/v2\/users\/83"}],"replies":[{"embeddable":true,"href":"https:\/\/web.umons.ac.be\/card\/wp-json\/wp\/v2\/comments?post=433"}],"version-history":[{"count":3,"href":"https:\/\/web.umons.ac.be\/card\/wp-json\/wp\/v2\/pages\/433\/revisions"}],"predecessor-version":[{"id":501,"href":"https:\/\/web.umons.ac.be\/card\/wp-json\/wp\/v2\/pages\/433\/revisions\/501"}],"wp:attachment":[{"href":"https:\/\/web.umons.ac.be\/card\/wp-json\/wp\/v2\/media?parent=433"}],"curies":[{"name":"wp","href":"https:\/\/api.w.org\/{rel}","templated":true}]}}