{"id":435,"date":"2025-01-13T10:24:41","date_gmt":"2025-01-13T09:24:41","guid":{"rendered":"https:\/\/web.umons.ac.be\/card\/?page_id=435"},"modified":"2025-02-21T15:26:09","modified_gmt":"2025-02-21T14:26:09","slug":"migeotte-pierre-francois","status":"publish","type":"page","link":"https:\/\/web.umons.ac.be\/card\/migeotte-pierre-francois\/","title":{"rendered":"MIGEOTTE Pierre-Fran\u00e7ois"},"content":{"rendered":"<p style=\"text-align: center;\"><strong><span style=\"font-size: 24pt;\">MIGEOTTE Pierre-Fran\u00e7ois<\/span><\/strong><\/p>\n<p><img loading=\"lazy\" decoding=\"async\" class=\"size-medium wp-image-503 aligncenter\" src=\"https:\/\/web.umons.ac.be\/app\/uploads\/sites\/123\/2025\/02\/migeotte-site-web-cardio-295x300.jpg\" alt=\"\" width=\"295\" height=\"300\" srcset=\"https:\/\/web.umons.ac.be\/app\/uploads\/sites\/123\/2025\/02\/migeotte-site-web-cardio-295x300.jpg 295w, https:\/\/web.umons.ac.be\/app\/uploads\/sites\/123\/2025\/02\/migeotte-site-web-cardio-1008x1024.jpg 1008w, https:\/\/web.umons.ac.be\/app\/uploads\/sites\/123\/2025\/02\/migeotte-site-web-cardio-768x780.jpg 768w, https:\/\/web.umons.ac.be\/app\/uploads\/sites\/123\/2025\/02\/migeotte-site-web-cardio-650x660.jpg 650w, https:\/\/web.umons.ac.be\/app\/uploads\/sites\/123\/2025\/02\/migeotte-site-web-cardio-30x30.jpg 30w, https:\/\/web.umons.ac.be\/app\/uploads\/sites\/123\/2025\/02\/migeotte-site-web-cardio-80x80.jpg 80w, https:\/\/web.umons.ac.be\/app\/uploads\/sites\/123\/2025\/02\/migeotte-site-web-cardio-60x60.jpg 60w, https:\/\/web.umons.ac.be\/app\/uploads\/sites\/123\/2025\/02\/migeotte-site-web-cardio-360x366.jpg 360w, https:\/\/web.umons.ac.be\/app\/uploads\/sites\/123\/2025\/02\/migeotte-site-web-cardio.jpg 1024w\" sizes=\"auto, (max-width: 295px) 100vw, 295px\" \/><\/p>\n<p>&nbsp;<\/p>\n<p style=\"text-align: justify;\"><span style=\"font-family: arial, helvetica, sans-serif; font-size: 12pt;\">Pierre-Fran\u00e7ois Migeotte est physicien (PhD) et chercheur au sein du d\u00e9partement de cardiologie de l&rsquo;Universit\u00e9 de Mons, o\u00f9 il d\u00e9veloppe des outils innovants pour la surveillance cardiaque et l\u2019\u00e9valuation du risque cardiovasculaire. Expert en physiologie spatiale et en traitement du signal dans le domaine biom\u00e9dical, il a conduit des recherches pionni\u00e8res sur les effets de la microgravit\u00e9 sur le syst\u00e8me cardiovasculaire et a \u00e9t\u00e9 investigateur principal de plusieurs projets de l&rsquo;Agence Spatiale Europ\u00e9enne portant sur l&rsquo;adaptation cardiaque en apesanteur.<\/span><\/p>\n<p style=\"text-align: justify;\"><span style=\"font-family: arial, helvetica, sans-serif; font-size: 12pt;\">Il est l\u2019inventeur de la kinocardiographie (KCG), une m\u00e9thode non invasive permettant l\u2019\u00e9valuation de la contractilit\u00e9 et du d\u00e9bit cardiaque \u00e0 partir des mouvements corporels induits par la fonction cardiaque, \u00e9galement connus sous les noms de Sismocardiographie et Ballistocardiographie. Cette technologie a servi de base \u00e0 la cr\u00e9ation de la spin-off HeartKinetics, qu\u2019il a cofond\u00e9e et dirig\u00e9e jusqu\u2019en 2024. Sous sa direction, l\u2019entreprise a lev\u00e9 plus de 4 millions d&rsquo;euros, d\u00e9ploy\u00e9 des solutions de t\u00e9l\u00e9surveillance cardiaque et collabor\u00e9 avec des institutions de premier plan, dont la Mayo Clinic.<\/span><\/p>\n<p style=\"text-align: justify;\"><span style=\"font-family: arial, helvetica, sans-serif; font-size: 12pt;\">Aujourd\u2019hui, il poursuit ses travaux de recherche en cardiologie interventionnelle et en cardio-oncologie \u00e0 l&rsquo;UMONS, en d\u00e9veloppant des approches innovantes pour la d\u00e9tection pr\u00e9coce de la cardiotoxicit\u00e9 chez les patients sous chimioth\u00e9rapie et en initiant de nouveaux projets spatiaux ax\u00e9s sur la performance cardio-respiratoire et cardiovasculaire et sur l\u2019\u00e9tude des interactions entre les syst\u00e8mes cardiovasculaire, immunitaire et nerveux central en environnement spatial. Il est \u00e9galement actif en tant que coach en entrepreneuriat MedTech et accompagne des projets universitaires innovants dans le domaine des technologies m\u00e9dicales.<\/span><\/p>\n<p>&nbsp;<\/p>\n<p style=\"text-align: center;\"><span style=\"font-family: arial, helvetica, sans-serif; font-size: 12pt;\"><a href=\"https:\/\/www.linkedin.com\/in\/pierre-francois-migeotte\/\">Lien vers son profil Linkedin\u00a0<\/a><\/span><\/p>\n<p style=\"text-align: center;\"><span style=\"font-family: arial, helvetica, sans-serif; font-size: 12pt;\"><a href=\"https:\/\/eea.spaceflight.esa.int\/portal\/\">Lien vers ses publications<\/a> <\/span><span style=\"font-family: arial, helvetica, sans-serif; font-size: 12pt;\">(Rechercher dans la barre de recherche \u00ab\u00a0Migeotte\u00a0\u00bb)<\/span><\/p>\n<p style=\"text-align: center;\"><span style=\"font-family: arial, helvetica, sans-serif; font-size: 12pt;\"><a href=\"https:\/\/eea.spaceflight.esa.int\/portal\/\">Lien vers sa conf\u00e9rence donn\u00e9e au festival \u00ab\u00a0I Love Science Festival &#8211; 2023\u00a0\u00bb<\/a><\/span><\/p>\n","protected":false},"excerpt":{"rendered":"<p>MIGEOTTE Pierre-Fran\u00e7ois &nbsp; Pierre-Fran\u00e7ois Migeotte est physicien (PhD) et chercheur au sein du d\u00e9partement de cardiologie de l&rsquo;Universit\u00e9 de Mons, o\u00f9 il d\u00e9veloppe des outils innovants pour la surveillance cardiaque et l\u2019\u00e9valuation du risque cardiovasculaire. Expert en physiologie spatiale et en traitement du signal dans le domaine biom\u00e9dical, il a conduit des recherches pionni\u00e8res sur [&hellip;]<\/p>\n","protected":false},"author":83,"featured_media":0,"parent":0,"menu_order":0,"comment_status":"closed","ping_status":"closed","template":"","meta":{"footnotes":""},"class_list":["post-435","page","type-page","status-publish","hentry"],"yoast_head":"<!-- This site is optimized with the Yoast SEO plugin v27.2 - https:\/\/yoast.com\/product\/yoast-seo-wordpress\/ -->\n<title>MIGEOTTE Pierre-Fran\u00e7ois - Service \/ FMPB - Cardiologie<\/title>\n<meta name=\"robots\" content=\"index, follow, max-snippet:-1, max-image-preview:large, max-video-preview:-1\" \/>\n<link rel=\"canonical\" href=\"https:\/\/web.umons.ac.be\/card\/migeotte-pierre-francois\/\" \/>\n<meta property=\"og:locale\" content=\"fr_FR\" \/>\n<meta property=\"og:type\" content=\"article\" \/>\n<meta property=\"og:title\" content=\"MIGEOTTE Pierre-Fran\u00e7ois - Service \/ FMPB - Cardiologie\" \/>\n<meta property=\"og:description\" content=\"MIGEOTTE Pierre-Fran\u00e7ois &nbsp; Pierre-Fran\u00e7ois Migeotte est physicien (PhD) et chercheur au sein du d\u00e9partement de cardiologie de l&rsquo;Universit\u00e9 de Mons, o\u00f9 il d\u00e9veloppe des outils innovants pour la surveillance cardiaque et l\u2019\u00e9valuation du risque cardiovasculaire. Expert en physiologie spatiale et en traitement du signal dans le domaine biom\u00e9dical, il a conduit des recherches pionni\u00e8res sur [&hellip;]\" \/>\n<meta property=\"og:url\" content=\"https:\/\/web.umons.ac.be\/card\/migeotte-pierre-francois\/\" \/>\n<meta property=\"og:site_name\" content=\"Service \/ FMPB - Cardiologie\" \/>\n<meta property=\"article:modified_time\" content=\"2025-02-21T14:26:09+00:00\" \/>\n<meta property=\"og:image\" content=\"https:\/\/web.umons.ac.be\/app\/uploads\/sites\/123\/2025\/02\/migeotte-site-web-cardio.jpg\" \/>\n\t<meta property=\"og:image:width\" content=\"1024\" \/>\n\t<meta property=\"og:image:height\" content=\"1040\" \/>\n\t<meta property=\"og:image:type\" content=\"image\/jpeg\" \/>\n<meta name=\"twitter:card\" content=\"summary_large_image\" \/>\n<meta name=\"twitter:label1\" content=\"Dur\u00e9e de lecture estim\u00e9e\" \/>\n\t<meta name=\"twitter:data1\" content=\"2 minutes\" \/>\n<script type=\"application\/ld+json\" class=\"yoast-schema-graph\">{\"@context\":\"https:\/\/schema.org\",\"@graph\":[{\"@type\":\"WebPage\",\"@id\":\"https:\/\/web.umons.ac.be\/card\/migeotte-pierre-francois\/\",\"url\":\"https:\/\/web.umons.ac.be\/card\/migeotte-pierre-francois\/\",\"name\":\"MIGEOTTE Pierre-Fran\u00e7ois - Service \/ FMPB - Cardiologie\",\"isPartOf\":{\"@id\":\"https:\/\/web.umons.ac.be\/card\/#website\"},\"primaryImageOfPage\":{\"@id\":\"https:\/\/web.umons.ac.be\/card\/migeotte-pierre-francois\/#primaryimage\"},\"image\":{\"@id\":\"https:\/\/web.umons.ac.be\/card\/migeotte-pierre-francois\/#primaryimage\"},\"thumbnailUrl\":\"https:\/\/web.umons.ac.be\/app\/uploads\/sites\/123\/2025\/02\/migeotte-site-web-cardio-295x300.jpg\",\"datePublished\":\"2025-01-13T09:24:41+00:00\",\"dateModified\":\"2025-02-21T14:26:09+00:00\",\"breadcrumb\":{\"@id\":\"https:\/\/web.umons.ac.be\/card\/migeotte-pierre-francois\/#breadcrumb\"},\"inLanguage\":\"fr-FR\",\"potentialAction\":[{\"@type\":\"ReadAction\",\"target\":[\"https:\/\/web.umons.ac.be\/card\/migeotte-pierre-francois\/\"]}]},{\"@type\":\"ImageObject\",\"inLanguage\":\"fr-FR\",\"@id\":\"https:\/\/web.umons.ac.be\/card\/migeotte-pierre-francois\/#primaryimage\",\"url\":\"https:\/\/web.umons.ac.be\/app\/uploads\/sites\/123\/2025\/02\/migeotte-site-web-cardio-295x300.jpg\",\"contentUrl\":\"https:\/\/web.umons.ac.be\/app\/uploads\/sites\/123\/2025\/02\/migeotte-site-web-cardio-295x300.jpg\"},{\"@type\":\"BreadcrumbList\",\"@id\":\"https:\/\/web.umons.ac.be\/card\/migeotte-pierre-francois\/#breadcrumb\",\"itemListElement\":[{\"@type\":\"ListItem\",\"position\":1,\"name\":\"Home\",\"item\":\"https:\/\/web.umons.ac.be\/card\/\"},{\"@type\":\"ListItem\",\"position\":2,\"name\":\"MIGEOTTE Pierre-Fran\u00e7ois\"}]},{\"@type\":\"WebSite\",\"@id\":\"https:\/\/web.umons.ac.be\/card\/#website\",\"url\":\"https:\/\/web.umons.ac.be\/card\/\",\"name\":\"Service \/ FMPB - Cardiologie\",\"description\":\"\",\"potentialAction\":[{\"@type\":\"SearchAction\",\"target\":{\"@type\":\"EntryPoint\",\"urlTemplate\":\"https:\/\/web.umons.ac.be\/card\/?s={search_term_string}\"},\"query-input\":{\"@type\":\"PropertyValueSpecification\",\"valueRequired\":true,\"valueName\":\"search_term_string\"}}],\"inLanguage\":\"fr-FR\"}]}<\/script>\n<!-- \/ Yoast SEO plugin. -->","yoast_head_json":{"title":"MIGEOTTE Pierre-Fran\u00e7ois - Service \/ FMPB - Cardiologie","robots":{"index":"index","follow":"follow","max-snippet":"max-snippet:-1","max-image-preview":"max-image-preview:large","max-video-preview":"max-video-preview:-1"},"canonical":"https:\/\/web.umons.ac.be\/card\/migeotte-pierre-francois\/","og_locale":"fr_FR","og_type":"article","og_title":"MIGEOTTE Pierre-Fran\u00e7ois - Service \/ FMPB - Cardiologie","og_description":"MIGEOTTE Pierre-Fran\u00e7ois &nbsp; Pierre-Fran\u00e7ois Migeotte est physicien (PhD) et chercheur au sein du d\u00e9partement de cardiologie de l&rsquo;Universit\u00e9 de Mons, o\u00f9 il d\u00e9veloppe des outils innovants pour la surveillance cardiaque et l\u2019\u00e9valuation du risque cardiovasculaire. Expert en physiologie spatiale et en traitement du signal dans le domaine biom\u00e9dical, il a conduit des recherches pionni\u00e8res sur [&hellip;]","og_url":"https:\/\/web.umons.ac.be\/card\/migeotte-pierre-francois\/","og_site_name":"Service \/ FMPB - Cardiologie","article_modified_time":"2025-02-21T14:26:09+00:00","og_image":[{"width":1024,"height":1040,"url":"https:\/\/web.umons.ac.be\/app\/uploads\/sites\/123\/2025\/02\/migeotte-site-web-cardio.jpg","type":"image\/jpeg"}],"twitter_card":"summary_large_image","twitter_misc":{"Dur\u00e9e de lecture estim\u00e9e":"2 minutes"},"schema":{"@context":"https:\/\/schema.org","@graph":[{"@type":"WebPage","@id":"https:\/\/web.umons.ac.be\/card\/migeotte-pierre-francois\/","url":"https:\/\/web.umons.ac.be\/card\/migeotte-pierre-francois\/","name":"MIGEOTTE Pierre-Fran\u00e7ois - Service \/ FMPB - Cardiologie","isPartOf":{"@id":"https:\/\/web.umons.ac.be\/card\/#website"},"primaryImageOfPage":{"@id":"https:\/\/web.umons.ac.be\/card\/migeotte-pierre-francois\/#primaryimage"},"image":{"@id":"https:\/\/web.umons.ac.be\/card\/migeotte-pierre-francois\/#primaryimage"},"thumbnailUrl":"https:\/\/web.umons.ac.be\/app\/uploads\/sites\/123\/2025\/02\/migeotte-site-web-cardio-295x300.jpg","datePublished":"2025-01-13T09:24:41+00:00","dateModified":"2025-02-21T14:26:09+00:00","breadcrumb":{"@id":"https:\/\/web.umons.ac.be\/card\/migeotte-pierre-francois\/#breadcrumb"},"inLanguage":"fr-FR","potentialAction":[{"@type":"ReadAction","target":["https:\/\/web.umons.ac.be\/card\/migeotte-pierre-francois\/"]}]},{"@type":"ImageObject","inLanguage":"fr-FR","@id":"https:\/\/web.umons.ac.be\/card\/migeotte-pierre-francois\/#primaryimage","url":"https:\/\/web.umons.ac.be\/app\/uploads\/sites\/123\/2025\/02\/migeotte-site-web-cardio-295x300.jpg","contentUrl":"https:\/\/web.umons.ac.be\/app\/uploads\/sites\/123\/2025\/02\/migeotte-site-web-cardio-295x300.jpg"},{"@type":"BreadcrumbList","@id":"https:\/\/web.umons.ac.be\/card\/migeotte-pierre-francois\/#breadcrumb","itemListElement":[{"@type":"ListItem","position":1,"name":"Home","item":"https:\/\/web.umons.ac.be\/card\/"},{"@type":"ListItem","position":2,"name":"MIGEOTTE Pierre-Fran\u00e7ois"}]},{"@type":"WebSite","@id":"https:\/\/web.umons.ac.be\/card\/#website","url":"https:\/\/web.umons.ac.be\/card\/","name":"Service \/ FMPB - Cardiologie","description":"","potentialAction":[{"@type":"SearchAction","target":{"@type":"EntryPoint","urlTemplate":"https:\/\/web.umons.ac.be\/card\/?s={search_term_string}"},"query-input":{"@type":"PropertyValueSpecification","valueRequired":true,"valueName":"search_term_string"}}],"inLanguage":"fr-FR"}]}},"lang":"fr","translations":{"fr":435},"pll_sync_post":[],"_links":{"self":[{"href":"https:\/\/web.umons.ac.be\/card\/wp-json\/wp\/v2\/pages\/435","targetHints":{"allow":["GET"]}}],"collection":[{"href":"https:\/\/web.umons.ac.be\/card\/wp-json\/wp\/v2\/pages"}],"about":[{"href":"https:\/\/web.umons.ac.be\/card\/wp-json\/wp\/v2\/types\/page"}],"author":[{"embeddable":true,"href":"https:\/\/web.umons.ac.be\/card\/wp-json\/wp\/v2\/users\/83"}],"replies":[{"embeddable":true,"href":"https:\/\/web.umons.ac.be\/card\/wp-json\/wp\/v2\/comments?post=435"}],"version-history":[{"count":3,"href":"https:\/\/web.umons.ac.be\/card\/wp-json\/wp\/v2\/pages\/435\/revisions"}],"predecessor-version":[{"id":505,"href":"https:\/\/web.umons.ac.be\/card\/wp-json\/wp\/v2\/pages\/435\/revisions\/505"}],"wp:attachment":[{"href":"https:\/\/web.umons.ac.be\/card\/wp-json\/wp\/v2\/media?parent=435"}],"curies":[{"name":"wp","href":"https:\/\/api.w.org\/{rel}","templated":true}]}}