{"id":494,"date":"2025-01-29T12:08:15","date_gmt":"2025-01-29T11:08:15","guid":{"rendered":"https:\/\/web.umons.ac.be\/card\/?page_id=494"},"modified":"2025-01-29T12:09:42","modified_gmt":"2025-01-29T11:09:42","slug":"gentile-carmine","status":"publish","type":"page","link":"https:\/\/web.umons.ac.be\/card\/gentile-carmine\/","title":{"rendered":"GENTILE Carmine"},"content":{"rendered":"<p style=\"text-align: center;\"><strong><span style=\"font-family: arial, helvetica, sans-serif; font-size: 24pt;\">GENTILE Carmine<\/span><\/strong><\/p>\n<p><img loading=\"lazy\" decoding=\"async\" class=\"alignnone size-medium wp-image-420 aligncenter\" src=\"https:\/\/web.umons.ac.be\/app\/uploads\/sites\/123\/2025\/01\/CGentile-215x300.jpg\" alt=\"\" width=\"215\" height=\"300\" srcset=\"https:\/\/web.umons.ac.be\/app\/uploads\/sites\/123\/2025\/01\/CGentile-215x300.jpg 215w, https:\/\/web.umons.ac.be\/app\/uploads\/sites\/123\/2025\/01\/CGentile-733x1024.jpg 733w, https:\/\/web.umons.ac.be\/app\/uploads\/sites\/123\/2025\/01\/CGentile-768x1073.jpg 768w, https:\/\/web.umons.ac.be\/app\/uploads\/sites\/123\/2025\/01\/CGentile-1099x1536.jpg 1099w, https:\/\/web.umons.ac.be\/app\/uploads\/sites\/123\/2025\/01\/CGentile-472x660.jpg 472w, https:\/\/web.umons.ac.be\/app\/uploads\/sites\/123\/2025\/01\/CGentile-30x42.jpg 30w, https:\/\/web.umons.ac.be\/app\/uploads\/sites\/123\/2025\/01\/CGentile-43x60.jpg 43w, https:\/\/web.umons.ac.be\/app\/uploads\/sites\/123\/2025\/01\/CGentile-360x503.jpg 360w, https:\/\/web.umons.ac.be\/app\/uploads\/sites\/123\/2025\/01\/CGentile.jpg 1152w\" sizes=\"auto, (max-width: 215px) 100vw, 215px\" \/><\/p>\n<p>&nbsp;<\/p>\n<p style=\"text-align: justify;\">Le Dr Carmine Gentile, PharmD\/PhD, FAHA, dirige le groupe de r\u00e9g\u00e9n\u00e9ration cardiovasculaire qui travaille sur les technologies de bio-impression 3D et de cellules souches \u00e0 l&rsquo;Universit\u00e9 de technologie de Sydney (UTS) et \u00e0 l&rsquo;Institut de recherche sur le c\u0153ur (HRI). Il est \u00e9galement ma\u00eetre de conf\u00e9rences (facult\u00e9) \u00e0 l&rsquo;\u00e9cole d&rsquo;ing\u00e9nierie biom\u00e9dicale (facult\u00e9 d&rsquo;ing\u00e9nierie et d&rsquo;informatique) de l&rsquo;UTS.<\/p>\n<p style=\"text-align: justify;\">Il a obtenu son BSc\/MSc (Pharmaceutical Chemistry and Technologies) et son PharmD \u00e0 l&rsquo;Universit\u00e9 de Pise, en Italie, et son doctorat en sciences biom\u00e9dicales (cardiovasculaires) \u00e0 la \u00ab\u00a0Medical University of South Carolina\u00a0\u00bb, Charleston, SC, aux \u00c9tats-Unis, financ\u00e9 par une prestigieuse bourse de l&rsquo;American Heart Association.<\/p>\n<p style=\"text-align: justify;\">Depuis 2013, le Dr Gentile travaille en Australie au Heart Research Institute, \u00e0 l&rsquo;Universit\u00e9 de Sydney et maintenant \u00e0 l&rsquo;UTS, avec le soutien de plusieurs prix et subventions. Il travaille au sein d&rsquo;une \u00e9quipe multidisciplinaire avec des scientifiques, des partenaires industriels et des cliniciens afin de traduire rapidement ses d\u00e9couvertes du laboratoire au chevet du patient.<\/p>\n<p style=\"text-align: justify;\">Le Dr Gentile est internationalement reconnu pour ses \u00e9tudes sur les technologies de bio-impression 3D et de cellules souches. Ses \u00e9tudes les plus r\u00e9centes se concentrent sur de nouvelles approches mol\u00e9culaires et cellulaires pour traiter les maladies cardiovasculaires, notamment l&rsquo;infarctus du myocarde et l&rsquo;insuffisance cardiaque. Ces \u00e9tudes sont bas\u00e9es sur l&rsquo;utilisation de \u00ab mini-c\u0153urs \u00bb qu&rsquo;il a d\u00e9velopp\u00e9s comme \u00ab bioencres \u00bb pour les tissus cardiaques humains.<\/p>\n<p style=\"text-align: justify;\">En 2016, il a \u00e9t\u00e9 invit\u00e9 en tant que chercheur invit\u00e9 \u00e0 la Harvard Medical School, o\u00f9 il a travaill\u00e9 sur de nouveaux mod\u00e8les <em>in vitro<\/em> utilisant des mini-c\u0153urs pour \u00e9tudier la physiologie du c\u0153ur humain.<\/p>\n<p>&nbsp;<\/p>\n<p style=\"text-align: center;\"><span style=\"font-family: arial, helvetica, sans-serif; font-size: 12pt;\"><a href=\"https:\/\/profiles.uts.edu.au\/Carmine.Gentile\">Lien vers le profil du Dr Gentile<\/a><\/span><\/p>\n<p style=\"text-align: center;\"><span style=\"font-family: arial, helvetica, sans-serif; font-size: 12pt;\"><a href=\"https:\/\/www.hri.org.au\/our-research\/cardiovascular-regeneration\">Lien vers le laboratoire du Dr Gentile\u00a0<\/a><\/span><\/p>\n","protected":false},"excerpt":{"rendered":"<p>GENTILE Carmine &nbsp; Le Dr Carmine Gentile, PharmD\/PhD, FAHA, dirige le groupe de r\u00e9g\u00e9n\u00e9ration cardiovasculaire qui travaille sur les technologies de bio-impression 3D et de cellules souches \u00e0 l&rsquo;Universit\u00e9 de technologie de Sydney (UTS) et \u00e0 l&rsquo;Institut de recherche sur le c\u0153ur (HRI). Il est \u00e9galement ma\u00eetre de conf\u00e9rences (facult\u00e9) \u00e0 l&rsquo;\u00e9cole d&rsquo;ing\u00e9nierie biom\u00e9dicale (facult\u00e9 [&hellip;]<\/p>\n","protected":false},"author":289,"featured_media":0,"parent":0,"menu_order":0,"comment_status":"closed","ping_status":"closed","template":"","meta":{"footnotes":""},"class_list":["post-494","page","type-page","status-publish","hentry"],"yoast_head":"<!-- This site is optimized with the Yoast SEO plugin v27.2 - https:\/\/yoast.com\/product\/yoast-seo-wordpress\/ -->\n<title>GENTILE Carmine - Service \/ FMPB - Cardiologie<\/title>\n<meta name=\"robots\" content=\"index, follow, max-snippet:-1, max-image-preview:large, max-video-preview:-1\" \/>\n<link rel=\"canonical\" href=\"https:\/\/web.umons.ac.be\/card\/gentile-carmine\/\" \/>\n<meta property=\"og:locale\" content=\"fr_FR\" \/>\n<meta property=\"og:type\" content=\"article\" \/>\n<meta property=\"og:title\" content=\"GENTILE Carmine - Service \/ FMPB - Cardiologie\" \/>\n<meta property=\"og:description\" content=\"GENTILE Carmine &nbsp; Le Dr Carmine Gentile, PharmD\/PhD, FAHA, dirige le groupe de r\u00e9g\u00e9n\u00e9ration cardiovasculaire qui travaille sur les technologies de bio-impression 3D et de cellules souches \u00e0 l&rsquo;Universit\u00e9 de technologie de Sydney (UTS) et \u00e0 l&rsquo;Institut de recherche sur le c\u0153ur (HRI). Il est \u00e9galement ma\u00eetre de conf\u00e9rences (facult\u00e9) \u00e0 l&rsquo;\u00e9cole d&rsquo;ing\u00e9nierie biom\u00e9dicale (facult\u00e9 [&hellip;]\" \/>\n<meta property=\"og:url\" content=\"https:\/\/web.umons.ac.be\/card\/gentile-carmine\/\" \/>\n<meta property=\"og:site_name\" content=\"Service \/ FMPB - Cardiologie\" \/>\n<meta property=\"article:modified_time\" content=\"2025-01-29T11:09:42+00:00\" \/>\n<meta property=\"og:image\" content=\"https:\/\/web.umons.ac.be\/app\/uploads\/sites\/123\/2025\/01\/CGentile.jpg\" \/>\n\t<meta property=\"og:image:width\" content=\"1152\" \/>\n\t<meta property=\"og:image:height\" content=\"1610\" \/>\n\t<meta property=\"og:image:type\" content=\"image\/jpeg\" \/>\n<meta name=\"twitter:card\" content=\"summary_large_image\" \/>\n<meta name=\"twitter:label1\" content=\"Dur\u00e9e de lecture estim\u00e9e\" \/>\n\t<meta name=\"twitter:data1\" content=\"2 minutes\" \/>\n<script type=\"application\/ld+json\" class=\"yoast-schema-graph\">{\"@context\":\"https:\/\/schema.org\",\"@graph\":[{\"@type\":\"WebPage\",\"@id\":\"https:\/\/web.umons.ac.be\/card\/gentile-carmine\/\",\"url\":\"https:\/\/web.umons.ac.be\/card\/gentile-carmine\/\",\"name\":\"GENTILE Carmine - Service \/ FMPB - Cardiologie\",\"isPartOf\":{\"@id\":\"https:\/\/web.umons.ac.be\/card\/#website\"},\"primaryImageOfPage\":{\"@id\":\"https:\/\/web.umons.ac.be\/card\/gentile-carmine\/#primaryimage\"},\"image\":{\"@id\":\"https:\/\/web.umons.ac.be\/card\/gentile-carmine\/#primaryimage\"},\"thumbnailUrl\":\"https:\/\/web.umons.ac.be\/app\/uploads\/sites\/123\/2025\/01\/CGentile-215x300.jpg\",\"datePublished\":\"2025-01-29T11:08:15+00:00\",\"dateModified\":\"2025-01-29T11:09:42+00:00\",\"breadcrumb\":{\"@id\":\"https:\/\/web.umons.ac.be\/card\/gentile-carmine\/#breadcrumb\"},\"inLanguage\":\"fr-FR\",\"potentialAction\":[{\"@type\":\"ReadAction\",\"target\":[\"https:\/\/web.umons.ac.be\/card\/gentile-carmine\/\"]}]},{\"@type\":\"ImageObject\",\"inLanguage\":\"fr-FR\",\"@id\":\"https:\/\/web.umons.ac.be\/card\/gentile-carmine\/#primaryimage\",\"url\":\"https:\/\/web.umons.ac.be\/app\/uploads\/sites\/123\/2025\/01\/CGentile-215x300.jpg\",\"contentUrl\":\"https:\/\/web.umons.ac.be\/app\/uploads\/sites\/123\/2025\/01\/CGentile-215x300.jpg\"},{\"@type\":\"BreadcrumbList\",\"@id\":\"https:\/\/web.umons.ac.be\/card\/gentile-carmine\/#breadcrumb\",\"itemListElement\":[{\"@type\":\"ListItem\",\"position\":1,\"name\":\"Home\",\"item\":\"https:\/\/web.umons.ac.be\/card\/\"},{\"@type\":\"ListItem\",\"position\":2,\"name\":\"GENTILE Carmine\"}]},{\"@type\":\"WebSite\",\"@id\":\"https:\/\/web.umons.ac.be\/card\/#website\",\"url\":\"https:\/\/web.umons.ac.be\/card\/\",\"name\":\"Service \/ FMPB - Cardiologie\",\"description\":\"\",\"potentialAction\":[{\"@type\":\"SearchAction\",\"target\":{\"@type\":\"EntryPoint\",\"urlTemplate\":\"https:\/\/web.umons.ac.be\/card\/?s={search_term_string}\"},\"query-input\":{\"@type\":\"PropertyValueSpecification\",\"valueRequired\":true,\"valueName\":\"search_term_string\"}}],\"inLanguage\":\"fr-FR\"}]}<\/script>\n<!-- \/ Yoast SEO plugin. -->","yoast_head_json":{"title":"GENTILE Carmine - Service \/ FMPB - Cardiologie","robots":{"index":"index","follow":"follow","max-snippet":"max-snippet:-1","max-image-preview":"max-image-preview:large","max-video-preview":"max-video-preview:-1"},"canonical":"https:\/\/web.umons.ac.be\/card\/gentile-carmine\/","og_locale":"fr_FR","og_type":"article","og_title":"GENTILE Carmine - Service \/ FMPB - Cardiologie","og_description":"GENTILE Carmine &nbsp; Le Dr Carmine Gentile, PharmD\/PhD, FAHA, dirige le groupe de r\u00e9g\u00e9n\u00e9ration cardiovasculaire qui travaille sur les technologies de bio-impression 3D et de cellules souches \u00e0 l&rsquo;Universit\u00e9 de technologie de Sydney (UTS) et \u00e0 l&rsquo;Institut de recherche sur le c\u0153ur (HRI). Il est \u00e9galement ma\u00eetre de conf\u00e9rences (facult\u00e9) \u00e0 l&rsquo;\u00e9cole d&rsquo;ing\u00e9nierie biom\u00e9dicale (facult\u00e9 [&hellip;]","og_url":"https:\/\/web.umons.ac.be\/card\/gentile-carmine\/","og_site_name":"Service \/ FMPB - Cardiologie","article_modified_time":"2025-01-29T11:09:42+00:00","og_image":[{"width":1152,"height":1610,"url":"https:\/\/web.umons.ac.be\/app\/uploads\/sites\/123\/2025\/01\/CGentile.jpg","type":"image\/jpeg"}],"twitter_card":"summary_large_image","twitter_misc":{"Dur\u00e9e de lecture estim\u00e9e":"2 minutes"},"schema":{"@context":"https:\/\/schema.org","@graph":[{"@type":"WebPage","@id":"https:\/\/web.umons.ac.be\/card\/gentile-carmine\/","url":"https:\/\/web.umons.ac.be\/card\/gentile-carmine\/","name":"GENTILE Carmine - Service \/ FMPB - Cardiologie","isPartOf":{"@id":"https:\/\/web.umons.ac.be\/card\/#website"},"primaryImageOfPage":{"@id":"https:\/\/web.umons.ac.be\/card\/gentile-carmine\/#primaryimage"},"image":{"@id":"https:\/\/web.umons.ac.be\/card\/gentile-carmine\/#primaryimage"},"thumbnailUrl":"https:\/\/web.umons.ac.be\/app\/uploads\/sites\/123\/2025\/01\/CGentile-215x300.jpg","datePublished":"2025-01-29T11:08:15+00:00","dateModified":"2025-01-29T11:09:42+00:00","breadcrumb":{"@id":"https:\/\/web.umons.ac.be\/card\/gentile-carmine\/#breadcrumb"},"inLanguage":"fr-FR","potentialAction":[{"@type":"ReadAction","target":["https:\/\/web.umons.ac.be\/card\/gentile-carmine\/"]}]},{"@type":"ImageObject","inLanguage":"fr-FR","@id":"https:\/\/web.umons.ac.be\/card\/gentile-carmine\/#primaryimage","url":"https:\/\/web.umons.ac.be\/app\/uploads\/sites\/123\/2025\/01\/CGentile-215x300.jpg","contentUrl":"https:\/\/web.umons.ac.be\/app\/uploads\/sites\/123\/2025\/01\/CGentile-215x300.jpg"},{"@type":"BreadcrumbList","@id":"https:\/\/web.umons.ac.be\/card\/gentile-carmine\/#breadcrumb","itemListElement":[{"@type":"ListItem","position":1,"name":"Home","item":"https:\/\/web.umons.ac.be\/card\/"},{"@type":"ListItem","position":2,"name":"GENTILE Carmine"}]},{"@type":"WebSite","@id":"https:\/\/web.umons.ac.be\/card\/#website","url":"https:\/\/web.umons.ac.be\/card\/","name":"Service \/ FMPB - Cardiologie","description":"","potentialAction":[{"@type":"SearchAction","target":{"@type":"EntryPoint","urlTemplate":"https:\/\/web.umons.ac.be\/card\/?s={search_term_string}"},"query-input":{"@type":"PropertyValueSpecification","valueRequired":true,"valueName":"search_term_string"}}],"inLanguage":"fr-FR"}]}},"lang":"fr","translations":{"fr":494,"en":419},"pll_sync_post":[],"_links":{"self":[{"href":"https:\/\/web.umons.ac.be\/card\/wp-json\/wp\/v2\/pages\/494","targetHints":{"allow":["GET"]}}],"collection":[{"href":"https:\/\/web.umons.ac.be\/card\/wp-json\/wp\/v2\/pages"}],"about":[{"href":"https:\/\/web.umons.ac.be\/card\/wp-json\/wp\/v2\/types\/page"}],"author":[{"embeddable":true,"href":"https:\/\/web.umons.ac.be\/card\/wp-json\/wp\/v2\/users\/289"}],"replies":[{"embeddable":true,"href":"https:\/\/web.umons.ac.be\/card\/wp-json\/wp\/v2\/comments?post=494"}],"version-history":[{"count":2,"href":"https:\/\/web.umons.ac.be\/card\/wp-json\/wp\/v2\/pages\/494\/revisions"}],"predecessor-version":[{"id":497,"href":"https:\/\/web.umons.ac.be\/card\/wp-json\/wp\/v2\/pages\/494\/revisions\/497"}],"wp:attachment":[{"href":"https:\/\/web.umons.ac.be\/card\/wp-json\/wp\/v2\/media?parent=494"}],"curies":[{"name":"wp","href":"https:\/\/api.w.org\/{rel}","templated":true}]}}