{"id":507,"date":"2025-11-05T09:01:02","date_gmt":"2025-11-05T08:01:02","guid":{"rendered":"https:\/\/web.umons.ac.be\/card\/?page_id=507"},"modified":"2025-11-05T09:27:53","modified_gmt":"2025-11-05T08:27:53","slug":"journee-des-cardiomyopathies","status":"publish","type":"page","link":"https:\/\/web.umons.ac.be\/card\/journee-des-cardiomyopathies\/","title":{"rendered":"Journ\u00e9e des cardiomyopathies"},"content":{"rendered":"<p style=\"text-align: left;\">Participez \u00e0 la premi\u00e8re journ\u00e9e Hennuy\u00e8re sur les cardiomyopathies de ce samedi 8 novembre 2025, \u00e0 l&rsquo;auditoire Van Gogh situ\u00e9 Avenue du Champ de Mars, 7000 Mons. <span style=\"font-family: 'Helvetica Neue', Helvetica, Arial, sans-serif; font-size: 14px; font-style: normal; font-variant-ligatures: normal; font-variant-caps: normal; font-weight: 400; text-align: center;\">Venez nombreux!<\/span><\/p>\n<p style=\"text-align: left;\">Le programme est disponible en format PDF : <a href=\"https:\/\/web.umons.ac.be\/app\/uploads\/sites\/123\/2025\/11\/Journee-Cardiomyopathie-08-novembre-2025-F.pdf\">Journe\u0301e Cardiomyopathie &#8211; 08 novembre 2025 F<\/a><\/p>\n<p><em>ATTENTION : Une inscription gratuite mais obligatoire est requise via le QR Code :\u00a0<\/em><\/p>\n<p><img loading=\"lazy\" decoding=\"async\" class=\"alignnone wp-image-512\" src=\"https:\/\/web.umons.ac.be\/app\/uploads\/sites\/123\/2025\/11\/Inscriptions-journee-cardiomyopath.png\" alt=\"\" width=\"107\" height=\"97\" srcset=\"https:\/\/web.umons.ac.be\/app\/uploads\/sites\/123\/2025\/11\/Inscriptions-journee-cardiomyopath.png 231w, https:\/\/web.umons.ac.be\/app\/uploads\/sites\/123\/2025\/11\/Inscriptions-journee-cardiomyopath-30x27.png 30w, https:\/\/web.umons.ac.be\/app\/uploads\/sites\/123\/2025\/11\/Inscriptions-journee-cardiomyopath-60x55.png 60w\" sizes=\"auto, (max-width: 107px) 100vw, 107px\" \/><\/p>\n","protected":false},"excerpt":{"rendered":"<p>Participez \u00e0 la premi\u00e8re journ\u00e9e Hennuy\u00e8re sur les cardiomyopathies de ce samedi 8 novembre 2025, \u00e0 l&rsquo;auditoire Van Gogh situ\u00e9 Avenue du Champ de Mars, 7000 Mons. Venez nombreux! Le programme est disponible en format PDF : Journe\u0301e Cardiomyopathie &#8211; 08 novembre 2025 F ATTENTION : Une inscription gratuite mais obligatoire est requise via le [&hellip;]<\/p>\n","protected":false},"author":83,"featured_media":0,"parent":0,"menu_order":0,"comment_status":"closed","ping_status":"closed","template":"","meta":{"footnotes":""},"class_list":["post-507","page","type-page","status-publish","hentry"],"yoast_head":"<!-- This site is optimized with the Yoast SEO plugin v27.2 - https:\/\/yoast.com\/product\/yoast-seo-wordpress\/ -->\n<title>Journ\u00e9e des cardiomyopathies - Service \/ FMPB - Cardiologie<\/title>\n<meta name=\"robots\" content=\"index, follow, max-snippet:-1, max-image-preview:large, max-video-preview:-1\" \/>\n<link rel=\"canonical\" href=\"https:\/\/web.umons.ac.be\/card\/journee-des-cardiomyopathies\/\" \/>\n<meta property=\"og:locale\" content=\"fr_FR\" \/>\n<meta property=\"og:type\" content=\"article\" \/>\n<meta property=\"og:title\" content=\"Journ\u00e9e des cardiomyopathies - Service \/ FMPB - Cardiologie\" \/>\n<meta property=\"og:description\" content=\"Participez \u00e0 la premi\u00e8re journ\u00e9e Hennuy\u00e8re sur les cardiomyopathies de ce samedi 8 novembre 2025, \u00e0 l&rsquo;auditoire Van Gogh situ\u00e9 Avenue du Champ de Mars, 7000 Mons. Venez nombreux! Le programme est disponible en format PDF : Journe\u0301e Cardiomyopathie &#8211; 08 novembre 2025 F ATTENTION : Une inscription gratuite mais obligatoire est requise via le [&hellip;]\" \/>\n<meta property=\"og:url\" content=\"https:\/\/web.umons.ac.be\/card\/journee-des-cardiomyopathies\/\" \/>\n<meta property=\"og:site_name\" content=\"Service \/ FMPB - Cardiologie\" \/>\n<meta property=\"article:modified_time\" content=\"2025-11-05T08:27:53+00:00\" \/>\n<meta property=\"og:image\" content=\"https:\/\/web.umons.ac.be\/app\/uploads\/sites\/123\/2025\/11\/Inscriptions-journee-cardiomyopath.png\" \/>\n\t<meta property=\"og:image:width\" content=\"231\" \/>\n\t<meta property=\"og:image:height\" content=\"210\" \/>\n\t<meta property=\"og:image:type\" content=\"image\/png\" \/>\n<meta name=\"twitter:card\" content=\"summary_large_image\" \/>\n<meta name=\"twitter:label1\" content=\"Dur\u00e9e de lecture estim\u00e9e\" \/>\n\t<meta name=\"twitter:data1\" content=\"1 minute\" \/>\n<script type=\"application\/ld+json\" class=\"yoast-schema-graph\">{\"@context\":\"https:\/\/schema.org\",\"@graph\":[{\"@type\":\"WebPage\",\"@id\":\"https:\/\/web.umons.ac.be\/card\/journee-des-cardiomyopathies\/\",\"url\":\"https:\/\/web.umons.ac.be\/card\/journee-des-cardiomyopathies\/\",\"name\":\"Journ\u00e9e des cardiomyopathies - Service \/ FMPB - Cardiologie\",\"isPartOf\":{\"@id\":\"https:\/\/web.umons.ac.be\/card\/#website\"},\"primaryImageOfPage\":{\"@id\":\"https:\/\/web.umons.ac.be\/card\/journee-des-cardiomyopathies\/#primaryimage\"},\"image\":{\"@id\":\"https:\/\/web.umons.ac.be\/card\/journee-des-cardiomyopathies\/#primaryimage\"},\"thumbnailUrl\":\"https:\/\/web.umons.ac.be\/app\/uploads\/sites\/123\/2025\/11\/Inscriptions-journee-cardiomyopath.png\",\"datePublished\":\"2025-11-05T08:01:02+00:00\",\"dateModified\":\"2025-11-05T08:27:53+00:00\",\"breadcrumb\":{\"@id\":\"https:\/\/web.umons.ac.be\/card\/journee-des-cardiomyopathies\/#breadcrumb\"},\"inLanguage\":\"fr-FR\",\"potentialAction\":[{\"@type\":\"ReadAction\",\"target\":[\"https:\/\/web.umons.ac.be\/card\/journee-des-cardiomyopathies\/\"]}]},{\"@type\":\"ImageObject\",\"inLanguage\":\"fr-FR\",\"@id\":\"https:\/\/web.umons.ac.be\/card\/journee-des-cardiomyopathies\/#primaryimage\",\"url\":\"https:\/\/web.umons.ac.be\/app\/uploads\/sites\/123\/2025\/11\/Inscriptions-journee-cardiomyopath.png\",\"contentUrl\":\"https:\/\/web.umons.ac.be\/app\/uploads\/sites\/123\/2025\/11\/Inscriptions-journee-cardiomyopath.png\"},{\"@type\":\"BreadcrumbList\",\"@id\":\"https:\/\/web.umons.ac.be\/card\/journee-des-cardiomyopathies\/#breadcrumb\",\"itemListElement\":[{\"@type\":\"ListItem\",\"position\":1,\"name\":\"Home\",\"item\":\"https:\/\/web.umons.ac.be\/card\/\"},{\"@type\":\"ListItem\",\"position\":2,\"name\":\"Journ\u00e9e des cardiomyopathies\"}]},{\"@type\":\"WebSite\",\"@id\":\"https:\/\/web.umons.ac.be\/card\/#website\",\"url\":\"https:\/\/web.umons.ac.be\/card\/\",\"name\":\"Service \/ FMPB - Cardiologie\",\"description\":\"\",\"potentialAction\":[{\"@type\":\"SearchAction\",\"target\":{\"@type\":\"EntryPoint\",\"urlTemplate\":\"https:\/\/web.umons.ac.be\/card\/?s={search_term_string}\"},\"query-input\":{\"@type\":\"PropertyValueSpecification\",\"valueRequired\":true,\"valueName\":\"search_term_string\"}}],\"inLanguage\":\"fr-FR\"}]}<\/script>\n<!-- \/ Yoast SEO plugin. -->","yoast_head_json":{"title":"Journ\u00e9e des cardiomyopathies - Service \/ FMPB - Cardiologie","robots":{"index":"index","follow":"follow","max-snippet":"max-snippet:-1","max-image-preview":"max-image-preview:large","max-video-preview":"max-video-preview:-1"},"canonical":"https:\/\/web.umons.ac.be\/card\/journee-des-cardiomyopathies\/","og_locale":"fr_FR","og_type":"article","og_title":"Journ\u00e9e des cardiomyopathies - Service \/ FMPB - Cardiologie","og_description":"Participez \u00e0 la premi\u00e8re journ\u00e9e Hennuy\u00e8re sur les cardiomyopathies de ce samedi 8 novembre 2025, \u00e0 l&rsquo;auditoire Van Gogh situ\u00e9 Avenue du Champ de Mars, 7000 Mons. Venez nombreux! Le programme est disponible en format PDF : Journe\u0301e Cardiomyopathie &#8211; 08 novembre 2025 F ATTENTION : Une inscription gratuite mais obligatoire est requise via le [&hellip;]","og_url":"https:\/\/web.umons.ac.be\/card\/journee-des-cardiomyopathies\/","og_site_name":"Service \/ FMPB - Cardiologie","article_modified_time":"2025-11-05T08:27:53+00:00","og_image":[{"width":231,"height":210,"url":"https:\/\/web.umons.ac.be\/app\/uploads\/sites\/123\/2025\/11\/Inscriptions-journee-cardiomyopath.png","type":"image\/png"}],"twitter_card":"summary_large_image","twitter_misc":{"Dur\u00e9e de lecture estim\u00e9e":"1 minute"},"schema":{"@context":"https:\/\/schema.org","@graph":[{"@type":"WebPage","@id":"https:\/\/web.umons.ac.be\/card\/journee-des-cardiomyopathies\/","url":"https:\/\/web.umons.ac.be\/card\/journee-des-cardiomyopathies\/","name":"Journ\u00e9e des cardiomyopathies - Service \/ FMPB - Cardiologie","isPartOf":{"@id":"https:\/\/web.umons.ac.be\/card\/#website"},"primaryImageOfPage":{"@id":"https:\/\/web.umons.ac.be\/card\/journee-des-cardiomyopathies\/#primaryimage"},"image":{"@id":"https:\/\/web.umons.ac.be\/card\/journee-des-cardiomyopathies\/#primaryimage"},"thumbnailUrl":"https:\/\/web.umons.ac.be\/app\/uploads\/sites\/123\/2025\/11\/Inscriptions-journee-cardiomyopath.png","datePublished":"2025-11-05T08:01:02+00:00","dateModified":"2025-11-05T08:27:53+00:00","breadcrumb":{"@id":"https:\/\/web.umons.ac.be\/card\/journee-des-cardiomyopathies\/#breadcrumb"},"inLanguage":"fr-FR","potentialAction":[{"@type":"ReadAction","target":["https:\/\/web.umons.ac.be\/card\/journee-des-cardiomyopathies\/"]}]},{"@type":"ImageObject","inLanguage":"fr-FR","@id":"https:\/\/web.umons.ac.be\/card\/journee-des-cardiomyopathies\/#primaryimage","url":"https:\/\/web.umons.ac.be\/app\/uploads\/sites\/123\/2025\/11\/Inscriptions-journee-cardiomyopath.png","contentUrl":"https:\/\/web.umons.ac.be\/app\/uploads\/sites\/123\/2025\/11\/Inscriptions-journee-cardiomyopath.png"},{"@type":"BreadcrumbList","@id":"https:\/\/web.umons.ac.be\/card\/journee-des-cardiomyopathies\/#breadcrumb","itemListElement":[{"@type":"ListItem","position":1,"name":"Home","item":"https:\/\/web.umons.ac.be\/card\/"},{"@type":"ListItem","position":2,"name":"Journ\u00e9e des cardiomyopathies"}]},{"@type":"WebSite","@id":"https:\/\/web.umons.ac.be\/card\/#website","url":"https:\/\/web.umons.ac.be\/card\/","name":"Service \/ FMPB - Cardiologie","description":"","potentialAction":[{"@type":"SearchAction","target":{"@type":"EntryPoint","urlTemplate":"https:\/\/web.umons.ac.be\/card\/?s={search_term_string}"},"query-input":{"@type":"PropertyValueSpecification","valueRequired":true,"valueName":"search_term_string"}}],"inLanguage":"fr-FR"}]}},"lang":"fr","translations":{"fr":507},"pll_sync_post":[],"_links":{"self":[{"href":"https:\/\/web.umons.ac.be\/card\/wp-json\/wp\/v2\/pages\/507","targetHints":{"allow":["GET"]}}],"collection":[{"href":"https:\/\/web.umons.ac.be\/card\/wp-json\/wp\/v2\/pages"}],"about":[{"href":"https:\/\/web.umons.ac.be\/card\/wp-json\/wp\/v2\/types\/page"}],"author":[{"embeddable":true,"href":"https:\/\/web.umons.ac.be\/card\/wp-json\/wp\/v2\/users\/83"}],"replies":[{"embeddable":true,"href":"https:\/\/web.umons.ac.be\/card\/wp-json\/wp\/v2\/comments?post=507"}],"version-history":[{"count":4,"href":"https:\/\/web.umons.ac.be\/card\/wp-json\/wp\/v2\/pages\/507\/revisions"}],"predecessor-version":[{"id":522,"href":"https:\/\/web.umons.ac.be\/card\/wp-json\/wp\/v2\/pages\/507\/revisions\/522"}],"wp:attachment":[{"href":"https:\/\/web.umons.ac.be\/card\/wp-json\/wp\/v2\/media?parent=507"}],"curies":[{"name":"wp","href":"https:\/\/api.w.org\/{rel}","templated":true}]}}