{"id":7,"date":"2021-11-22T16:01:42","date_gmt":"2021-11-22T15:01:42","guid":{"rendered":"https:\/\/web.umons.ac.be\/card\/equipe\/"},"modified":"2025-01-13T10:27:03","modified_gmt":"2025-01-13T09:27:03","slug":"equipe","status":"publish","type":"page","link":"https:\/\/web.umons.ac.be\/card\/equipe\/","title":{"rendered":"\u00c9quipe"},"content":{"rendered":"<table style=\"border-collapse: collapse; width: 100%;\">\n<tbody>\n<tr>\n<td style=\"width: 100%;\">\n<h1 style=\"text-align: center;\"><strong>Personnel<\/strong><\/h1>\n<\/td>\n<\/tr>\n<tr>\n<td style=\"width: 100%;\">\n<h5><a href=\"https:\/\/web.umons.ac.be\/card\/carlier-stephane\/\">CARLIER St\u00e9phane<\/a><\/h5>\n<p>Chef de Service<\/td>\n<\/tr>\n<tr>\n<td style=\"width: 100%;\">\n<h5><a href=\"https:\/\/web.umons.ac.be\/card\/caulier-florine\/\">CAULIER Florine<\/a><\/h5>\n<p>Assistante et Doctorante en Sciences M\u00e9dicales<\/td>\n<\/tr>\n<tr>\n<td style=\"width: 100%;\">\n<h5><span style=\"color: #d60044;\"><a style=\"color: #d60044;\" href=\"https:\/\/web.umons.ac.be\/card\/fratard-anaelle\/\">FRATARD Ana\u00eblle<\/a><\/span><\/h5>\n<p>Doctorante en Sciences Biom\u00e9dicales<\/td>\n<\/tr>\n<tr>\n<td style=\"width: 100%;\">\n<h5><a href=\"https:\/\/web.umons.ac.be\/card\/?page_id=111&amp;preview=true\">GHAFARI Chadi<\/a><\/h5>\n<p>Post-doctorant<\/td>\n<\/tr>\n<tr>\n<td style=\"width: 100%;\">\n<h5><span style=\"color: #d60044;\"><a style=\"color: #d60044;\" href=\"https:\/\/web.umons.ac.be\/card\/kindt-nadege\/\">KINDT Nad\u00e8ge<\/a><\/span><\/h5>\n<p>Post-doctorante<\/td>\n<\/tr>\n<tr>\n<td style=\"width: 100%;\">\n<h5><span style=\"color: #d60044;\"><a style=\"color: #d60044;\" href=\"https:\/\/web.umons.ac.be\/card\/lange-philippe\/\">LANGE Philippe<\/a><\/span><\/h5>\n<p>Ing\u00e9nieur<\/td>\n<\/tr>\n<tr>\n<td style=\"width: 100%;\">\n<h5><a href=\"https:\/\/web.umons.ac.be\/card\/migeotte-pierre-francois\/\"><span style=\"color: #d60044;\">MIGEOTTE Pierre-Fran\u00e7ois<\/span><\/a><\/h5>\n<p>Post-doctorant chercheur<\/td>\n<\/tr>\n<tr>\n<td style=\"width: 100%;\">\n<h5><a href=\"https:\/\/web.umons.ac.be\/card\/?page_id=79&amp;preview=true\">SCALIA Alessandro<\/a><\/h5>\n<p>Doctorant en Sciences M\u00e9dicales<\/td>\n<\/tr>\n<\/tbody>\n<\/table>\n<p>&nbsp;<\/p>\n<table style=\"border-collapse: collapse; width: 100%;\">\n<tbody>\n<tr style=\"height: 65px;\">\n<td style=\"width: 100%; height: 65px;\">\n<h1 style=\"text-align: center;\"><strong>Partenaires<\/strong><\/h1>\n<\/td>\n<\/tr>\n<tr style=\"height: 72px;\">\n<td style=\"width: 100%; height: 72px;\">\n<h5><span style=\"color: #d60044;\"><a style=\"color: #d60044;\" href=\"https:\/\/web.umons.ac.be\/card\/dutoit-thierry\/\">DUTOIT Thierry<\/a><\/span><\/h5>\n<\/td>\n<\/tr>\n<tr style=\"height: 72px;\">\n<td style=\"width: 100%; height: 72px;\">\n<h5><a href=\"https:\/\/web.umons.ac.be\/card\/en\/gentile-carmine\/\">GENTILE Carmine<\/a><\/h5>\n<\/td>\n<\/tr>\n<tr style=\"height: 52px;\">\n<td style=\"width: 100%; height: 52px;\">\n<h5><a href=\"https:\/\/web.umons.ac.be\/card\/gilon-cedric\/\">GILON C\u00e9dric<\/a><\/h5>\n<\/td>\n<\/tr>\n<tr style=\"height: 52px;\">\n<td style=\"width: 100%; height: 52px;\">\n<h5 style=\"font-style: normal; font-variant-ligatures: normal; font-variant-caps: normal;\"><span style=\"color: #d60044;\"><a style=\"font-size: 18px; color: #d60044;\" href=\"https:\/\/web.umons.ac.be\/card\/gregoire-jean-marie\/\">GREGOIRE Jean-Marie<\/a><\/span><\/h5>\n<\/td>\n<\/tr>\n<tr style=\"height: 52px;\">\n<td style=\"width: 100%; height: 52px;\">\n<h5><a href=\"https:\/\/web.umons.ac.be\/card\/marelli-francois\/\"><span style=\"color: #d60044;\">MARELLI Fran\u00e7ois<\/span><\/a><\/h5>\n<\/td>\n<\/tr>\n<\/tbody>\n<\/table>\n<p>&nbsp;<\/p>\n<table style=\"border-collapse: collapse; width: 100%;\">\n<tbody>\n<tr style=\"height: 82px;\">\n<td style=\"width: 100%; height: 82px;\">\n<h1 style=\"text-align: center;\"><strong>Alumni<\/strong><\/h1>\n<\/td>\n<\/tr>\n<tr style=\"height: 52px;\">\n<td style=\"width: 100%; height: 52px;\">\n<h3 style=\"text-align: left;\"><span style=\"color: #333333;\">Doctorant.e.s<\/span><\/h3>\n<\/td>\n<\/tr>\n<tr style=\"height: 52px;\">\n<td style=\"width: 100%; height: 52px;\">\n<h5><a href=\"https:\/\/web.umons.ac.be\/card\/thayse-kathleen\/\">THAYSE Kathleen<\/a><\/h5>\n<\/td>\n<\/tr>\n<tr style=\"height: 81px;\">\n<td style=\"width: 100%; height: 81px;\">\n<h3 style=\"text-align: left;\"><span style=\"color: #333333;\">M\u00e9morant.e.s<\/span><\/h3>\n<\/td>\n<\/tr>\n<tr style=\"height: 72px;\">\n<td style=\"width: 100%; height: 72px;\">\n<h5><a href=\"https:\/\/web.umons.ac.be\/card\/coquay-maxime\/\">COQUAY Maxime<\/a><\/h5>\n<\/td>\n<\/tr>\n<tr style=\"height: 72px;\">\n<td style=\"width: 100%; height: 72px;\">\n<h5><a href=\"https:\/\/web.umons.ac.be\/card\/dalil-nada\/\">DALIL Nada<\/a><\/h5>\n<\/td>\n<\/tr>\n<tr style=\"height: 72px;\">\n<td style=\"width: 100%; height: 72px;\">\n<h5><a href=\"https:\/\/web.umons.ac.be\/card\/doumani-metsim-lesly\/\">DOUMANI METSIM Lesly<\/a><\/h5>\n<\/td>\n<\/tr>\n<\/tbody>\n<\/table>\n<p>&nbsp;<\/p>\n<p>&nbsp;<\/p>\n","protected":false},"excerpt":{"rendered":"<p>Personnel CARLIER St\u00e9phane Chef de Service CAULIER Florine Assistante et Doctorante en Sciences M\u00e9dicales FRATARD Ana\u00eblle Doctorante en Sciences Biom\u00e9dicales GHAFARI Chadi Post-doctorant KINDT Nad\u00e8ge Post-doctorante LANGE Philippe Ing\u00e9nieur MIGEOTTE Pierre-Fran\u00e7ois Post-doctorant chercheur SCALIA Alessandro Doctorant en Sciences M\u00e9dicales &nbsp; Partenaires DUTOIT Thierry GENTILE Carmine GILON C\u00e9dric GREGOIRE Jean-Marie MARELLI Fran\u00e7ois &nbsp; Alumni Doctorant.e.s THAYSE [&hellip;]<\/p>\n","protected":false},"author":4,"featured_media":0,"parent":0,"menu_order":0,"comment_status":"closed","ping_status":"closed","template":"","meta":{"footnotes":""},"class_list":["post-7","page","type-page","status-publish","hentry"],"yoast_head":"<!-- This site is optimized with the Yoast SEO plugin v27.2 - https:\/\/yoast.com\/product\/yoast-seo-wordpress\/ -->\n<title>\u00c9quipe - Service \/ FMPB - Cardiologie<\/title>\n<meta name=\"robots\" content=\"index, follow, max-snippet:-1, max-image-preview:large, max-video-preview:-1\" \/>\n<link rel=\"canonical\" href=\"https:\/\/web.umons.ac.be\/card\/equipe\/\" \/>\n<meta property=\"og:locale\" content=\"fr_FR\" \/>\n<meta property=\"og:type\" content=\"article\" \/>\n<meta property=\"og:title\" content=\"\u00c9quipe - Service \/ FMPB - Cardiologie\" \/>\n<meta property=\"og:description\" content=\"Personnel CARLIER St\u00e9phane Chef de Service CAULIER Florine Assistante et Doctorante en Sciences M\u00e9dicales FRATARD Ana\u00eblle Doctorante en Sciences Biom\u00e9dicales GHAFARI Chadi Post-doctorant KINDT Nad\u00e8ge Post-doctorante LANGE Philippe Ing\u00e9nieur MIGEOTTE Pierre-Fran\u00e7ois Post-doctorant chercheur SCALIA Alessandro Doctorant en Sciences M\u00e9dicales &nbsp; Partenaires DUTOIT Thierry GENTILE Carmine GILON C\u00e9dric GREGOIRE Jean-Marie MARELLI Fran\u00e7ois &nbsp; Alumni Doctorant.e.s THAYSE [&hellip;]\" \/>\n<meta property=\"og:url\" content=\"https:\/\/web.umons.ac.be\/card\/equipe\/\" \/>\n<meta property=\"og:site_name\" content=\"Service \/ FMPB - Cardiologie\" \/>\n<meta property=\"article:modified_time\" content=\"2025-01-13T09:27:03+00:00\" \/>\n<meta name=\"twitter:card\" content=\"summary_large_image\" \/>\n<meta name=\"twitter:label1\" content=\"Dur\u00e9e de lecture estim\u00e9e\" \/>\n\t<meta name=\"twitter:data1\" content=\"1 minute\" \/>\n<script type=\"application\/ld+json\" class=\"yoast-schema-graph\">{\"@context\":\"https:\/\/schema.org\",\"@graph\":[{\"@type\":\"WebPage\",\"@id\":\"https:\/\/web.umons.ac.be\/card\/equipe\/\",\"url\":\"https:\/\/web.umons.ac.be\/card\/equipe\/\",\"name\":\"\u00c9quipe - Service \/ FMPB - Cardiologie\",\"isPartOf\":{\"@id\":\"https:\/\/web.umons.ac.be\/card\/#website\"},\"datePublished\":\"2021-11-22T15:01:42+00:00\",\"dateModified\":\"2025-01-13T09:27:03+00:00\",\"breadcrumb\":{\"@id\":\"https:\/\/web.umons.ac.be\/card\/equipe\/#breadcrumb\"},\"inLanguage\":\"fr-FR\",\"potentialAction\":[{\"@type\":\"ReadAction\",\"target\":[\"https:\/\/web.umons.ac.be\/card\/equipe\/\"]}]},{\"@type\":\"BreadcrumbList\",\"@id\":\"https:\/\/web.umons.ac.be\/card\/equipe\/#breadcrumb\",\"itemListElement\":[{\"@type\":\"ListItem\",\"position\":1,\"name\":\"Home\",\"item\":\"https:\/\/web.umons.ac.be\/card\/\"},{\"@type\":\"ListItem\",\"position\":2,\"name\":\"\u00c9quipe\"}]},{\"@type\":\"WebSite\",\"@id\":\"https:\/\/web.umons.ac.be\/card\/#website\",\"url\":\"https:\/\/web.umons.ac.be\/card\/\",\"name\":\"Service \/ FMPB - Cardiologie\",\"description\":\"\",\"potentialAction\":[{\"@type\":\"SearchAction\",\"target\":{\"@type\":\"EntryPoint\",\"urlTemplate\":\"https:\/\/web.umons.ac.be\/card\/?s={search_term_string}\"},\"query-input\":{\"@type\":\"PropertyValueSpecification\",\"valueRequired\":true,\"valueName\":\"search_term_string\"}}],\"inLanguage\":\"fr-FR\"}]}<\/script>\n<!-- \/ Yoast SEO plugin. -->","yoast_head_json":{"title":"\u00c9quipe - Service \/ FMPB - Cardiologie","robots":{"index":"index","follow":"follow","max-snippet":"max-snippet:-1","max-image-preview":"max-image-preview:large","max-video-preview":"max-video-preview:-1"},"canonical":"https:\/\/web.umons.ac.be\/card\/equipe\/","og_locale":"fr_FR","og_type":"article","og_title":"\u00c9quipe - Service \/ FMPB - Cardiologie","og_description":"Personnel CARLIER St\u00e9phane Chef de Service CAULIER Florine Assistante et Doctorante en Sciences M\u00e9dicales FRATARD Ana\u00eblle Doctorante en Sciences Biom\u00e9dicales GHAFARI Chadi Post-doctorant KINDT Nad\u00e8ge Post-doctorante LANGE Philippe Ing\u00e9nieur MIGEOTTE Pierre-Fran\u00e7ois Post-doctorant chercheur SCALIA Alessandro Doctorant en Sciences M\u00e9dicales &nbsp; Partenaires DUTOIT Thierry GENTILE Carmine GILON C\u00e9dric GREGOIRE Jean-Marie MARELLI Fran\u00e7ois &nbsp; Alumni Doctorant.e.s THAYSE [&hellip;]","og_url":"https:\/\/web.umons.ac.be\/card\/equipe\/","og_site_name":"Service \/ FMPB - Cardiologie","article_modified_time":"2025-01-13T09:27:03+00:00","twitter_card":"summary_large_image","twitter_misc":{"Dur\u00e9e de lecture estim\u00e9e":"1 minute"},"schema":{"@context":"https:\/\/schema.org","@graph":[{"@type":"WebPage","@id":"https:\/\/web.umons.ac.be\/card\/equipe\/","url":"https:\/\/web.umons.ac.be\/card\/equipe\/","name":"\u00c9quipe - Service \/ FMPB - Cardiologie","isPartOf":{"@id":"https:\/\/web.umons.ac.be\/card\/#website"},"datePublished":"2021-11-22T15:01:42+00:00","dateModified":"2025-01-13T09:27:03+00:00","breadcrumb":{"@id":"https:\/\/web.umons.ac.be\/card\/equipe\/#breadcrumb"},"inLanguage":"fr-FR","potentialAction":[{"@type":"ReadAction","target":["https:\/\/web.umons.ac.be\/card\/equipe\/"]}]},{"@type":"BreadcrumbList","@id":"https:\/\/web.umons.ac.be\/card\/equipe\/#breadcrumb","itemListElement":[{"@type":"ListItem","position":1,"name":"Home","item":"https:\/\/web.umons.ac.be\/card\/"},{"@type":"ListItem","position":2,"name":"\u00c9quipe"}]},{"@type":"WebSite","@id":"https:\/\/web.umons.ac.be\/card\/#website","url":"https:\/\/web.umons.ac.be\/card\/","name":"Service \/ FMPB - Cardiologie","description":"","potentialAction":[{"@type":"SearchAction","target":{"@type":"EntryPoint","urlTemplate":"https:\/\/web.umons.ac.be\/card\/?s={search_term_string}"},"query-input":{"@type":"PropertyValueSpecification","valueRequired":true,"valueName":"search_term_string"}}],"inLanguage":"fr-FR"}]}},"lang":"fr","translations":{"fr":7,"en":9},"pll_sync_post":[],"_links":{"self":[{"href":"https:\/\/web.umons.ac.be\/card\/wp-json\/wp\/v2\/pages\/7","targetHints":{"allow":["GET"]}}],"collection":[{"href":"https:\/\/web.umons.ac.be\/card\/wp-json\/wp\/v2\/pages"}],"about":[{"href":"https:\/\/web.umons.ac.be\/card\/wp-json\/wp\/v2\/types\/page"}],"author":[{"embeddable":true,"href":"https:\/\/web.umons.ac.be\/card\/wp-json\/wp\/v2\/users\/4"}],"replies":[{"embeddable":true,"href":"https:\/\/web.umons.ac.be\/card\/wp-json\/wp\/v2\/comments?post=7"}],"version-history":[{"count":3,"href":"https:\/\/web.umons.ac.be\/card\/wp-json\/wp\/v2\/pages\/7\/revisions"}],"predecessor-version":[{"id":442,"href":"https:\/\/web.umons.ac.be\/card\/wp-json\/wp\/v2\/pages\/7\/revisions\/442"}],"wp:attachment":[{"href":"https:\/\/web.umons.ac.be\/card\/wp-json\/wp\/v2\/media?parent=7"}],"curies":[{"name":"wp","href":"https:\/\/api.w.org\/{rel}","templated":true}]}}