{"id":79,"date":"2022-04-05T21:42:09","date_gmt":"2022-04-05T19:42:09","guid":{"rendered":"https:\/\/web.umons.ac.be\/card\/?page_id=79"},"modified":"2025-01-16T14:21:45","modified_gmt":"2025-01-16T13:21:45","slug":"scalia-alessandro","status":"publish","type":"page","link":"https:\/\/web.umons.ac.be\/card\/scalia-alessandro\/","title":{"rendered":"SCALIA Alessandro"},"content":{"rendered":"<h1 style=\"text-align: center;\">SCALIA Alessandro<\/h1>\n<p>&nbsp;<\/p>\n<p><img loading=\"lazy\" decoding=\"async\" class=\" wp-image-117 aligncenter\" src=\"https:\/\/web.umons.ac.be\/app\/uploads\/sites\/123\/2022\/07\/Photo-didentite.2-226x300.jpg\" alt=\"\" width=\"232\" height=\"308\" srcset=\"https:\/\/web.umons.ac.be\/app\/uploads\/sites\/123\/2022\/07\/Photo-didentite.2-226x300.jpg 226w, https:\/\/web.umons.ac.be\/app\/uploads\/sites\/123\/2022\/07\/Photo-didentite.2-496x660.jpg 496w, https:\/\/web.umons.ac.be\/app\/uploads\/sites\/123\/2022\/07\/Photo-didentite.2-30x40.jpg 30w, https:\/\/web.umons.ac.be\/app\/uploads\/sites\/123\/2022\/07\/Photo-didentite.2-45x60.jpg 45w, https:\/\/web.umons.ac.be\/app\/uploads\/sites\/123\/2022\/07\/Photo-didentite.2-360x479.jpg 360w, https:\/\/web.umons.ac.be\/app\/uploads\/sites\/123\/2022\/07\/Photo-didentite.2.jpg 722w\" sizes=\"auto, (max-width: 232px) 100vw, 232px\" \/><\/p>\n<p>&nbsp;<\/p>\n<p style=\"text-align: center;\"><span style=\"font-size: 12pt;\">Dipl\u00f4m\u00e9 en m\u00e9decine, \u00e0 l&rsquo;ULB, en 2018, le Dr Scalia est actuellement assistant en cardiologie au CHU Ambroise Par\u00e9 et en pr\u00e9paration de th\u00e8se au sein du service de cardiologie de l&rsquo;UMons. Une th\u00e8se qui a pour sujet la r\u00e9alisation d&rsquo;un mod\u00e8le microfluidique en 3 dimensions afin d&rsquo;\u00e9valuer l&rsquo;effet du LDL oxyd\u00e9 sur les macrophages, les cellules endoth\u00e9liales et les cellules tumorales.<\/span><\/p>\n<p style=\"text-align: center;\"><a href=\"https:\/\/www.linkedin.com\/in\/alessandro-scalia-000882129?utm_source=share&amp;utm_campaign=share_via&amp;utm_content=profile&amp;utm_medium=android_app\">Lien vers son profil LinkedIn<\/a><\/p>\n<p style=\"text-align: center;\"><a href=\"https:\/\/www.researchgate.net\/profile\/Alessandro-Scalia-2\">Lien vers ses publications scientifiques<\/a><\/p>\n<p>&nbsp;<\/p>\n<p style=\"text-align: center;\"><span style=\"color: #d60044;\"><a style=\"font-family: 'Helvetica Neue', Helvetica, Arial, sans-serif; font-size: 14px; font-style: normal; font-variant-ligatures: normal; font-variant-caps: normal; color: #d60044;\" href=\"https:\/\/web.umons.ac.be\/card\/composition-du-service\/\">Contacter<\/a><span style=\"font-family: 'Helvetica Neue', Helvetica, Arial, sans-serif; font-size: 14px; font-style: normal; font-variant-ligatures: normal; font-variant-caps: normal; font-weight: 400;\">.<\/span><\/span><\/p>\n","protected":false},"excerpt":{"rendered":"<p>SCALIA Alessandro &nbsp; &nbsp; Dipl\u00f4m\u00e9 en m\u00e9decine, \u00e0 l&rsquo;ULB, en 2018, le Dr Scalia est actuellement assistant en cardiologie au CHU Ambroise Par\u00e9 et en pr\u00e9paration de th\u00e8se au sein du service de cardiologie de l&rsquo;UMons. Une th\u00e8se qui a pour sujet la r\u00e9alisation d&rsquo;un mod\u00e8le microfluidique en 3 dimensions afin d&rsquo;\u00e9valuer l&rsquo;effet du LDL [&hellip;]<\/p>\n","protected":false},"author":83,"featured_media":0,"parent":0,"menu_order":0,"comment_status":"closed","ping_status":"closed","template":"","meta":{"footnotes":""},"class_list":["post-79","page","type-page","status-publish","hentry"],"yoast_head":"<!-- This site is optimized with the Yoast SEO plugin v27.2 - https:\/\/yoast.com\/product\/yoast-seo-wordpress\/ -->\n<title>SCALIA Alessandro - Service \/ FMPB - Cardiologie<\/title>\n<meta name=\"robots\" content=\"index, follow, max-snippet:-1, max-image-preview:large, max-video-preview:-1\" \/>\n<link rel=\"canonical\" href=\"https:\/\/web.umons.ac.be\/card\/scalia-alessandro\/\" \/>\n<meta property=\"og:locale\" content=\"fr_FR\" \/>\n<meta property=\"og:type\" content=\"article\" \/>\n<meta property=\"og:title\" content=\"SCALIA Alessandro - Service \/ FMPB - Cardiologie\" \/>\n<meta property=\"og:description\" content=\"SCALIA Alessandro &nbsp; &nbsp; Dipl\u00f4m\u00e9 en m\u00e9decine, \u00e0 l&rsquo;ULB, en 2018, le Dr Scalia est actuellement assistant en cardiologie au CHU Ambroise Par\u00e9 et en pr\u00e9paration de th\u00e8se au sein du service de cardiologie de l&rsquo;UMons. Une th\u00e8se qui a pour sujet la r\u00e9alisation d&rsquo;un mod\u00e8le microfluidique en 3 dimensions afin d&rsquo;\u00e9valuer l&rsquo;effet du LDL [&hellip;]\" \/>\n<meta property=\"og:url\" content=\"https:\/\/web.umons.ac.be\/card\/scalia-alessandro\/\" \/>\n<meta property=\"og:site_name\" content=\"Service \/ FMPB - Cardiologie\" \/>\n<meta property=\"article:modified_time\" content=\"2025-01-16T13:21:45+00:00\" \/>\n<meta property=\"og:image\" content=\"https:\/\/web.umons.ac.be\/app\/uploads\/sites\/123\/2022\/07\/Photo-didentite.2-226x300.jpg\" \/>\n<meta name=\"twitter:card\" content=\"summary_large_image\" \/>\n<meta name=\"twitter:label1\" content=\"Dur\u00e9e de lecture estim\u00e9e\" \/>\n\t<meta name=\"twitter:data1\" content=\"1 minute\" \/>\n<script type=\"application\/ld+json\" class=\"yoast-schema-graph\">{\"@context\":\"https:\/\/schema.org\",\"@graph\":[{\"@type\":\"WebPage\",\"@id\":\"https:\/\/web.umons.ac.be\/card\/scalia-alessandro\/\",\"url\":\"https:\/\/web.umons.ac.be\/card\/scalia-alessandro\/\",\"name\":\"SCALIA Alessandro - Service \/ FMPB - Cardiologie\",\"isPartOf\":{\"@id\":\"https:\/\/web.umons.ac.be\/card\/#website\"},\"primaryImageOfPage\":{\"@id\":\"https:\/\/web.umons.ac.be\/card\/scalia-alessandro\/#primaryimage\"},\"image\":{\"@id\":\"https:\/\/web.umons.ac.be\/card\/scalia-alessandro\/#primaryimage\"},\"thumbnailUrl\":\"https:\/\/web.umons.ac.be\/app\/uploads\/sites\/123\/2022\/07\/Photo-didentite.2-226x300.jpg\",\"datePublished\":\"2022-04-05T19:42:09+00:00\",\"dateModified\":\"2025-01-16T13:21:45+00:00\",\"breadcrumb\":{\"@id\":\"https:\/\/web.umons.ac.be\/card\/scalia-alessandro\/#breadcrumb\"},\"inLanguage\":\"fr-FR\",\"potentialAction\":[{\"@type\":\"ReadAction\",\"target\":[\"https:\/\/web.umons.ac.be\/card\/scalia-alessandro\/\"]}]},{\"@type\":\"ImageObject\",\"inLanguage\":\"fr-FR\",\"@id\":\"https:\/\/web.umons.ac.be\/card\/scalia-alessandro\/#primaryimage\",\"url\":\"https:\/\/web.umons.ac.be\/app\/uploads\/sites\/123\/2022\/07\/Photo-didentite.2-226x300.jpg\",\"contentUrl\":\"https:\/\/web.umons.ac.be\/app\/uploads\/sites\/123\/2022\/07\/Photo-didentite.2-226x300.jpg\"},{\"@type\":\"BreadcrumbList\",\"@id\":\"https:\/\/web.umons.ac.be\/card\/scalia-alessandro\/#breadcrumb\",\"itemListElement\":[{\"@type\":\"ListItem\",\"position\":1,\"name\":\"Home\",\"item\":\"https:\/\/web.umons.ac.be\/card\/\"},{\"@type\":\"ListItem\",\"position\":2,\"name\":\"SCALIA Alessandro\"}]},{\"@type\":\"WebSite\",\"@id\":\"https:\/\/web.umons.ac.be\/card\/#website\",\"url\":\"https:\/\/web.umons.ac.be\/card\/\",\"name\":\"Service \/ FMPB - Cardiologie\",\"description\":\"\",\"potentialAction\":[{\"@type\":\"SearchAction\",\"target\":{\"@type\":\"EntryPoint\",\"urlTemplate\":\"https:\/\/web.umons.ac.be\/card\/?s={search_term_string}\"},\"query-input\":{\"@type\":\"PropertyValueSpecification\",\"valueRequired\":true,\"valueName\":\"search_term_string\"}}],\"inLanguage\":\"fr-FR\"}]}<\/script>\n<!-- \/ Yoast SEO plugin. -->","yoast_head_json":{"title":"SCALIA Alessandro - Service \/ FMPB - Cardiologie","robots":{"index":"index","follow":"follow","max-snippet":"max-snippet:-1","max-image-preview":"max-image-preview:large","max-video-preview":"max-video-preview:-1"},"canonical":"https:\/\/web.umons.ac.be\/card\/scalia-alessandro\/","og_locale":"fr_FR","og_type":"article","og_title":"SCALIA Alessandro - Service \/ FMPB - Cardiologie","og_description":"SCALIA Alessandro &nbsp; &nbsp; Dipl\u00f4m\u00e9 en m\u00e9decine, \u00e0 l&rsquo;ULB, en 2018, le Dr Scalia est actuellement assistant en cardiologie au CHU Ambroise Par\u00e9 et en pr\u00e9paration de th\u00e8se au sein du service de cardiologie de l&rsquo;UMons. Une th\u00e8se qui a pour sujet la r\u00e9alisation d&rsquo;un mod\u00e8le microfluidique en 3 dimensions afin d&rsquo;\u00e9valuer l&rsquo;effet du LDL [&hellip;]","og_url":"https:\/\/web.umons.ac.be\/card\/scalia-alessandro\/","og_site_name":"Service \/ FMPB - Cardiologie","article_modified_time":"2025-01-16T13:21:45+00:00","og_image":[{"url":"https:\/\/web.umons.ac.be\/app\/uploads\/sites\/123\/2022\/07\/Photo-didentite.2-226x300.jpg","type":"","width":"","height":""}],"twitter_card":"summary_large_image","twitter_misc":{"Dur\u00e9e de lecture estim\u00e9e":"1 minute"},"schema":{"@context":"https:\/\/schema.org","@graph":[{"@type":"WebPage","@id":"https:\/\/web.umons.ac.be\/card\/scalia-alessandro\/","url":"https:\/\/web.umons.ac.be\/card\/scalia-alessandro\/","name":"SCALIA Alessandro - Service \/ FMPB - Cardiologie","isPartOf":{"@id":"https:\/\/web.umons.ac.be\/card\/#website"},"primaryImageOfPage":{"@id":"https:\/\/web.umons.ac.be\/card\/scalia-alessandro\/#primaryimage"},"image":{"@id":"https:\/\/web.umons.ac.be\/card\/scalia-alessandro\/#primaryimage"},"thumbnailUrl":"https:\/\/web.umons.ac.be\/app\/uploads\/sites\/123\/2022\/07\/Photo-didentite.2-226x300.jpg","datePublished":"2022-04-05T19:42:09+00:00","dateModified":"2025-01-16T13:21:45+00:00","breadcrumb":{"@id":"https:\/\/web.umons.ac.be\/card\/scalia-alessandro\/#breadcrumb"},"inLanguage":"fr-FR","potentialAction":[{"@type":"ReadAction","target":["https:\/\/web.umons.ac.be\/card\/scalia-alessandro\/"]}]},{"@type":"ImageObject","inLanguage":"fr-FR","@id":"https:\/\/web.umons.ac.be\/card\/scalia-alessandro\/#primaryimage","url":"https:\/\/web.umons.ac.be\/app\/uploads\/sites\/123\/2022\/07\/Photo-didentite.2-226x300.jpg","contentUrl":"https:\/\/web.umons.ac.be\/app\/uploads\/sites\/123\/2022\/07\/Photo-didentite.2-226x300.jpg"},{"@type":"BreadcrumbList","@id":"https:\/\/web.umons.ac.be\/card\/scalia-alessandro\/#breadcrumb","itemListElement":[{"@type":"ListItem","position":1,"name":"Home","item":"https:\/\/web.umons.ac.be\/card\/"},{"@type":"ListItem","position":2,"name":"SCALIA Alessandro"}]},{"@type":"WebSite","@id":"https:\/\/web.umons.ac.be\/card\/#website","url":"https:\/\/web.umons.ac.be\/card\/","name":"Service \/ FMPB - Cardiologie","description":"","potentialAction":[{"@type":"SearchAction","target":{"@type":"EntryPoint","urlTemplate":"https:\/\/web.umons.ac.be\/card\/?s={search_term_string}"},"query-input":{"@type":"PropertyValueSpecification","valueRequired":true,"valueName":"search_term_string"}}],"inLanguage":"fr-FR"}]}},"lang":"fr","translations":{"fr":79},"pll_sync_post":[],"_links":{"self":[{"href":"https:\/\/web.umons.ac.be\/card\/wp-json\/wp\/v2\/pages\/79","targetHints":{"allow":["GET"]}}],"collection":[{"href":"https:\/\/web.umons.ac.be\/card\/wp-json\/wp\/v2\/pages"}],"about":[{"href":"https:\/\/web.umons.ac.be\/card\/wp-json\/wp\/v2\/types\/page"}],"author":[{"embeddable":true,"href":"https:\/\/web.umons.ac.be\/card\/wp-json\/wp\/v2\/users\/83"}],"replies":[{"embeddable":true,"href":"https:\/\/web.umons.ac.be\/card\/wp-json\/wp\/v2\/comments?post=79"}],"version-history":[{"count":3,"href":"https:\/\/web.umons.ac.be\/card\/wp-json\/wp\/v2\/pages\/79\/revisions"}],"predecessor-version":[{"id":443,"href":"https:\/\/web.umons.ac.be\/card\/wp-json\/wp\/v2\/pages\/79\/revisions\/443"}],"wp:attachment":[{"href":"https:\/\/web.umons.ac.be\/card\/wp-json\/wp\/v2\/media?parent=79"}],"curies":[{"name":"wp","href":"https:\/\/api.w.org\/{rel}","templated":true}]}}