{"id":15,"date":"2021-12-01T10:07:49","date_gmt":"2021-12-01T09:07:49","guid":{"rendered":"https:\/\/web.umons.ac.be\/care\/activites-de-recherche\/"},"modified":"2021-12-01T10:17:54","modified_gmt":"2021-12-01T09:17:54","slug":"activites-de-recherche","status":"publish","type":"page","link":"https:\/\/web.umons.ac.be\/care\/activites-de-recherche\/","title":{"rendered":"Activit\u00e9s de recherche"},"content":{"rendered":"<p><strong>Th\u00e8mes de recherche<\/strong><\/p>\n<ul>\n<li>Performances financi\u00e8res et non financi\u00e8res des entreprises, tableaux de bords, \u2026<\/li>\n<li>Transmission des entreprises, entrepreneuriat,\u2026<\/li>\n<li>Performances dans le cadre d\u2019op\u00e9rations particuli\u00e8res (IPO, OPA, LMBO, \u2026)<\/li>\n<li>Structures de financement et organisation<\/li>\n<li>Normalisation comptable, reporting et communication financi\u00e8re<\/li>\n<li>Entreprises familiales : performance, gouvernance, transmission, etc.<\/li>\n<li>D\u00e9faillance d&rsquo;entreprise.<\/li>\n<\/ul>\n<hr \/>\n<p>Notre service est, par ailleurs rattach\u00e9 \u00e0 un institut de recherche de l\u2019UMONS :<\/p>\n<start-cask-shortcode-wrapper>\t\t<div class=\"associated-institutes content-block scheme-fweg\">\n\t\t\t<ul class=\"institutes-list\">\n\t\t\t\t\t\t\t\t\t\t<li>\n\t\t\t\t\t\t\t<a href=\"https:\/\/web.umons.ac.be\/soci_e_ter\" title=\"Acc\u00e9der au site web de : Institut \/ Soci&amp;ter\" class=\"associated-institute\">\n\t\t\t\t\t\t\t\t<img loading=\"lazy\" decoding=\"async\" width=\"1\" height=\"1\" src=\"https:\/\/web.umons.ac.be\/app\/uploads\/sites\/33\/2021\/11\/Societer-FR.svg\" class=\"attachment-thumbnail size-thumbnail\" alt=\"\" \/>\t\t\t\t\t\t\t<\/a>\t\t\t\n\t\t\t\t\t\t<\/li>\n\t\t\t\t\t\t\t<\/ul>\n\t\t<\/div>\n <end-cask-shortcode-wrapper>\n","protected":false},"excerpt":{"rendered":"<p>Th\u00e8mes de recherche Performances financi\u00e8res et non financi\u00e8res des entreprises, tableaux de bords, \u2026 Transmission des entreprises, entrepreneuriat,\u2026 Performances dans le cadre d\u2019op\u00e9rations particuli\u00e8res (IPO, OPA, LMBO, \u2026) Structures de financement et organisation Normalisation comptable, reporting et communication financi\u00e8re Entreprises familiales : performance, gouvernance, transmission, etc. D\u00e9faillance d&rsquo;entreprise. Notre service est, par ailleurs rattach\u00e9 \u00e0 [&hellip;]<\/p>\n","protected":false},"author":4,"featured_media":0,"parent":0,"menu_order":0,"comment_status":"closed","ping_status":"closed","template":"","meta":{"footnotes":""},"class_list":["post-15","page","type-page","status-publish","hentry"],"yoast_head":"<!-- This site is optimized with the Yoast SEO plugin v27.2 - https:\/\/yoast.com\/product\/yoast-seo-wordpress\/ -->\n<title>Activit\u00e9s de recherche - Service \/ FWEG - Comptabilit\u00e9, Audit, Risk management et Entrepreneuriat<\/title>\n<meta name=\"robots\" content=\"index, follow, max-snippet:-1, max-image-preview:large, max-video-preview:-1\" \/>\n<link rel=\"canonical\" href=\"https:\/\/web.umons.ac.be\/care\/activites-de-recherche\/\" \/>\n<meta property=\"og:locale\" content=\"fr_FR\" \/>\n<meta property=\"og:type\" content=\"article\" \/>\n<meta property=\"og:title\" content=\"Activit\u00e9s de recherche - Service \/ FWEG - Comptabilit\u00e9, Audit, Risk management et Entrepreneuriat\" \/>\n<meta property=\"og:description\" content=\"Th\u00e8mes de recherche Performances financi\u00e8res et non financi\u00e8res des entreprises, tableaux de bords, \u2026 Transmission des entreprises, entrepreneuriat,\u2026 Performances dans le cadre d\u2019op\u00e9rations particuli\u00e8res (IPO, OPA, LMBO, \u2026) Structures de financement et organisation Normalisation comptable, reporting et communication financi\u00e8re Entreprises familiales : performance, gouvernance, transmission, etc. D\u00e9faillance d&rsquo;entreprise. Notre service est, par ailleurs rattach\u00e9 \u00e0 [&hellip;]\" \/>\n<meta property=\"og:url\" content=\"https:\/\/web.umons.ac.be\/care\/activites-de-recherche\/\" \/>\n<meta property=\"og:site_name\" content=\"Service \/ FWEG - Comptabilit\u00e9, Audit, Risk management et Entrepreneuriat\" \/>\n<meta property=\"article:modified_time\" content=\"2021-12-01T09:17:54+00:00\" \/>\n<meta name=\"twitter:card\" content=\"summary_large_image\" \/>\n<meta name=\"twitter:label1\" content=\"Dur\u00e9e de lecture estim\u00e9e\" \/>\n\t<meta name=\"twitter:data1\" content=\"1 minute\" \/>\n<script type=\"application\/ld+json\" class=\"yoast-schema-graph\">{\"@context\":\"https:\/\/schema.org\",\"@graph\":[{\"@type\":\"WebPage\",\"@id\":\"https:\/\/web.umons.ac.be\/care\/activites-de-recherche\/\",\"url\":\"https:\/\/web.umons.ac.be\/care\/activites-de-recherche\/\",\"name\":\"Activit\u00e9s de recherche - Service \/ FWEG - Comptabilit\u00e9, Audit, Risk management et Entrepreneuriat\",\"isPartOf\":{\"@id\":\"https:\/\/web.umons.ac.be\/care\/#website\"},\"datePublished\":\"2021-12-01T09:07:49+00:00\",\"dateModified\":\"2021-12-01T09:17:54+00:00\",\"breadcrumb\":{\"@id\":\"https:\/\/web.umons.ac.be\/care\/activites-de-recherche\/#breadcrumb\"},\"inLanguage\":\"fr-FR\",\"potentialAction\":[{\"@type\":\"ReadAction\",\"target\":[\"https:\/\/web.umons.ac.be\/care\/activites-de-recherche\/\"]}]},{\"@type\":\"BreadcrumbList\",\"@id\":\"https:\/\/web.umons.ac.be\/care\/activites-de-recherche\/#breadcrumb\",\"itemListElement\":[{\"@type\":\"ListItem\",\"position\":1,\"name\":\"Home\",\"item\":\"https:\/\/web.umons.ac.be\/care\/\"},{\"@type\":\"ListItem\",\"position\":2,\"name\":\"Activit\u00e9s de recherche\"}]},{\"@type\":\"WebSite\",\"@id\":\"https:\/\/web.umons.ac.be\/care\/#website\",\"url\":\"https:\/\/web.umons.ac.be\/care\/\",\"name\":\"Service \/ FWEG - Comptabilit\u00e9, Audit, Risk management et Entrepreneuriat\",\"description\":\"\",\"potentialAction\":[{\"@type\":\"SearchAction\",\"target\":{\"@type\":\"EntryPoint\",\"urlTemplate\":\"https:\/\/web.umons.ac.be\/care\/?s={search_term_string}\"},\"query-input\":{\"@type\":\"PropertyValueSpecification\",\"valueRequired\":true,\"valueName\":\"search_term_string\"}}],\"inLanguage\":\"fr-FR\"}]}<\/script>\n<!-- \/ Yoast SEO plugin. -->","yoast_head_json":{"title":"Activit\u00e9s de recherche - Service \/ FWEG - Comptabilit\u00e9, Audit, Risk management et Entrepreneuriat","robots":{"index":"index","follow":"follow","max-snippet":"max-snippet:-1","max-image-preview":"max-image-preview:large","max-video-preview":"max-video-preview:-1"},"canonical":"https:\/\/web.umons.ac.be\/care\/activites-de-recherche\/","og_locale":"fr_FR","og_type":"article","og_title":"Activit\u00e9s de recherche - Service \/ FWEG - Comptabilit\u00e9, Audit, Risk management et Entrepreneuriat","og_description":"Th\u00e8mes de recherche Performances financi\u00e8res et non financi\u00e8res des entreprises, tableaux de bords, \u2026 Transmission des entreprises, entrepreneuriat,\u2026 Performances dans le cadre d\u2019op\u00e9rations particuli\u00e8res (IPO, OPA, LMBO, \u2026) Structures de financement et organisation Normalisation comptable, reporting et communication financi\u00e8re Entreprises familiales : performance, gouvernance, transmission, etc. D\u00e9faillance d&rsquo;entreprise. Notre service est, par ailleurs rattach\u00e9 \u00e0 [&hellip;]","og_url":"https:\/\/web.umons.ac.be\/care\/activites-de-recherche\/","og_site_name":"Service \/ FWEG - Comptabilit\u00e9, Audit, Risk management et Entrepreneuriat","article_modified_time":"2021-12-01T09:17:54+00:00","twitter_card":"summary_large_image","twitter_misc":{"Dur\u00e9e de lecture estim\u00e9e":"1 minute"},"schema":{"@context":"https:\/\/schema.org","@graph":[{"@type":"WebPage","@id":"https:\/\/web.umons.ac.be\/care\/activites-de-recherche\/","url":"https:\/\/web.umons.ac.be\/care\/activites-de-recherche\/","name":"Activit\u00e9s de recherche - Service \/ FWEG - Comptabilit\u00e9, Audit, Risk management et Entrepreneuriat","isPartOf":{"@id":"https:\/\/web.umons.ac.be\/care\/#website"},"datePublished":"2021-12-01T09:07:49+00:00","dateModified":"2021-12-01T09:17:54+00:00","breadcrumb":{"@id":"https:\/\/web.umons.ac.be\/care\/activites-de-recherche\/#breadcrumb"},"inLanguage":"fr-FR","potentialAction":[{"@type":"ReadAction","target":["https:\/\/web.umons.ac.be\/care\/activites-de-recherche\/"]}]},{"@type":"BreadcrumbList","@id":"https:\/\/web.umons.ac.be\/care\/activites-de-recherche\/#breadcrumb","itemListElement":[{"@type":"ListItem","position":1,"name":"Home","item":"https:\/\/web.umons.ac.be\/care\/"},{"@type":"ListItem","position":2,"name":"Activit\u00e9s de recherche"}]},{"@type":"WebSite","@id":"https:\/\/web.umons.ac.be\/care\/#website","url":"https:\/\/web.umons.ac.be\/care\/","name":"Service \/ FWEG - Comptabilit\u00e9, Audit, Risk management et Entrepreneuriat","description":"","potentialAction":[{"@type":"SearchAction","target":{"@type":"EntryPoint","urlTemplate":"https:\/\/web.umons.ac.be\/care\/?s={search_term_string}"},"query-input":{"@type":"PropertyValueSpecification","valueRequired":true,"valueName":"search_term_string"}}],"inLanguage":"fr-FR"}]}},"lang":"fr","translations":{"fr":15,"en":17},"pll_sync_post":[],"_links":{"self":[{"href":"https:\/\/web.umons.ac.be\/care\/wp-json\/wp\/v2\/pages\/15","targetHints":{"allow":["GET"]}}],"collection":[{"href":"https:\/\/web.umons.ac.be\/care\/wp-json\/wp\/v2\/pages"}],"about":[{"href":"https:\/\/web.umons.ac.be\/care\/wp-json\/wp\/v2\/types\/page"}],"author":[{"embeddable":true,"href":"https:\/\/web.umons.ac.be\/care\/wp-json\/wp\/v2\/users\/4"}],"replies":[{"embeddable":true,"href":"https:\/\/web.umons.ac.be\/care\/wp-json\/wp\/v2\/comments?post=15"}],"version-history":[{"count":1,"href":"https:\/\/web.umons.ac.be\/care\/wp-json\/wp\/v2\/pages\/15\/revisions"}],"predecessor-version":[{"id":47,"href":"https:\/\/web.umons.ac.be\/care\/wp-json\/wp\/v2\/pages\/15\/revisions\/47"}],"wp:attachment":[{"href":"https:\/\/web.umons.ac.be\/care\/wp-json\/wp\/v2\/media?parent=15"}],"curies":[{"name":"wp","href":"https:\/\/api.w.org\/{rel}","templated":true}]}}