{"id":9,"date":"2021-11-09T11:10:03","date_gmt":"2021-11-09T10:10:03","guid":{"rendered":"https:\/\/web.umons.ac.be\/cgob\/team\/"},"modified":"2021-11-09T11:10:03","modified_gmt":"2021-11-09T10:10:03","slug":"team","status":"publish","type":"page","link":"https:\/\/web.umons.ac.be\/cgob\/en\/team\/","title":{"rendered":"Team"},"content":{"rendered":"<start-cask-shortcode-wrapper><div class=\"service-composition content-block scheme-fmp\">\n                        <h3>Service de Chimie g\u00e9n\u00e9rale, organique et biom\u00e9dicale<\/h3>\n        \n                    <ul class=\"service-members\">\n                                    <li>\n                        <a href=\"mailto:&#115;o&#112;&#104;&#105;&#101;&#46;lau&#114;&#101;nt&#64;umo&#110;s&#46;a&#99;&#46;b&#101;\" rel=\"nofollow\" class=\"service-member service-head\">\n                            <div>\n                                <span class=\"member-name\">LAURENT Sophie<\/span>\n                                <div class=\"member-type\">Chef de service<\/div>\n                            <\/div>\n\n                            <span class=\"icon umons-icon-email\" aria-hidden=\"true\"><\/span>\n                        <\/a>\n                    <\/li>\n                \n                                    <li>\n                        <a href=\"mailto:Am&#101;l&#46;A&#73;TM&#79;&#85;L&#65;Y&#64;u&#109;&#111;&#110;&#115;.ac.&#98;&#101;\" rel=\"nofollow\" class=\"service-member\">\n                            <span class=\"member-name\">AIT MOULAY Amel<\/span>\n                            <span class=\"icon umons-icon-email\" aria-hidden=\"true\"><\/span>\n                        <\/a>\n                    <\/li>\n                                    <li>\n                        <a href=\"mailto:&#82;ache&#108;&#46;&#66;&#65;ILLIF&#64;&#117;&#109;o&#110;&#115;&#46;a&#99;.&#98;e\" rel=\"nofollow\" class=\"service-member\">\n                            <span class=\"member-name\">BAILLIF Rachel<\/span>\n                            <span class=\"icon umons-icon-email\" aria-hidden=\"true\"><\/span>\n                        <\/a>\n                    <\/li>\n                                    <li>\n                        <a href=\"mailto:&#69;glan&#116;&#105;&#110;e.&#66;&#69;&#65;&#85;C&#72;O&#84;&#64;umon&#115;.&#97;c&#46;b&#101;\" rel=\"nofollow\" class=\"service-member\">\n                            <span class=\"member-name\">BEAUCHOT Eglantine<\/span>\n                            <span class=\"icon umons-icon-email\" aria-hidden=\"true\"><\/span>\n                        <\/a>\n                    <\/li>\n                                    <li>\n                        <a href=\"mailto:&#109;a&#114;&#105;&#111;n&#46;bou&#118;ie&#122;&#64;&#117;&#109;&#111;n&#115;.&#97;c&#46;&#98;&#101;\" rel=\"nofollow\" class=\"service-member\">\n                            <span class=\"member-name\">BOUVIEZ Marion<\/span>\n                            <span class=\"icon umons-icon-email\" aria-hidden=\"true\"><\/span>\n                        <\/a>\n                    <\/li>\n                                    <li>\n                        <a href=\"mailto:carmen&#46;&#98;u&#114;t&#101;a&#64;u&#109;&#111;&#110;&#115;.a&#99;&#46;&#98;&#101;\" rel=\"nofollow\" class=\"service-member\">\n                            <span class=\"member-name\">BURTEA Carmen<\/span>\n                            <span class=\"icon umons-icon-email\" aria-hidden=\"true\"><\/span>\n                        <\/a>\n                    <\/li>\n                                    <li>\n                        <a href=\"mailto:&#72;&#111;&#110;&#111;r&#105;&#110;e&#46;&#67;H&#65;RTIE&#82;&#64;&#117;&#109;&#111;&#110;&#115;.ac&#46;be\" rel=\"nofollow\" class=\"service-member\">\n                            <span class=\"member-name\">CHARTIER Honorine<\/span>\n                            <span class=\"icon umons-icon-email\" aria-hidden=\"true\"><\/span>\n                        <\/a>\n                    <\/li>\n                                    <li>\n                        <a href=\"mailto:&#103;e&#114;&#97;ld&#105;&#110;e.de&#115;&#99;&#97;&#109;&#112;&#115;&#64;um&#111;&#110;&#115;&#46;ac&#46;b&#101;\" rel=\"nofollow\" class=\"service-member\">\n                            <span class=\"member-name\">DESCAMPS G\u00e9raldine<\/span>\n                            <span class=\"icon umons-icon-email\" aria-hidden=\"true\"><\/span>\n                        <\/a>\n                    <\/li>\n                                    <li>\n                        <a href=\"mailto:aude&#46;&#100;evalc&#107;e&#110;&#101;e&#114;&#64;&#117;&#109;o&#110;s.&#97;c.be\" rel=\"nofollow\" class=\"service-member\">\n                            <span class=\"member-name\">DEVALCKENEER Aude<\/span>\n                            <span class=\"icon umons-icon-email\" aria-hidden=\"true\"><\/span>\n                        <\/a>\n                    <\/li>\n                                    <li>\n                        <a href=\"mailto:&#83;a&#114;&#97;h.&#71;ARIF&#79;&#64;u&#109;&#111;ns.a&#99;.be\" rel=\"nofollow\" class=\"service-member\">\n                            <span class=\"member-name\">GARIFO Sarah<\/span>\n                            <span class=\"icon umons-icon-email\" aria-hidden=\"true\"><\/span>\n                        <\/a>\n                    <\/li>\n                                    <li>\n                        <a href=\"mailto:&#84;ho&#109;&#97;&#115;.&#71;EVA&#82;T&#64;u&#109;&#111;&#110;&#115;&#46;&#97;c&#46;be\" rel=\"nofollow\" class=\"service-member\">\n                            <span class=\"member-name\">GEVART Thomas<\/span>\n                            <span class=\"icon umons-icon-email\" aria-hidden=\"true\"><\/span>\n                        <\/a>\n                    <\/li>\n                                    <li>\n                        <a href=\"mailto:&#77;e&#108;i&#115;a&#69;st&#104;e&#114;&#46;GO&#78;Z&#65;L&#69;Z&#64;um&#111;&#110;&#115;&#46;&#97;c&#46;&#98;&#101;\" rel=\"nofollow\" class=\"service-member\">\n                            <span class=\"member-name\">GONZALEZ Melisa Esther<\/span>\n                            <span class=\"icon umons-icon-email\" aria-hidden=\"true\"><\/span>\n                        <\/a>\n                    <\/li>\n                                    <li>\n                        <a href=\"mailto:S&#97;n&#97;e.&#72;ARMA&#67;&#72;&#64;&#117;mo&#110;&#115;.&#97;&#99;.&#98;&#101;\" rel=\"nofollow\" class=\"service-member\">\n                            <span class=\"member-name\">HARMACH Sanae<\/span>\n                            <span class=\"icon umons-icon-email\" aria-hidden=\"true\"><\/span>\n                        <\/a>\n                    <\/li>\n                                    <li>\n                        <a href=\"mailto:&#99;eli&#110;&#101;.&#104;&#101;&#110;o&#117;mo&#110;&#116;&#64;u&#109;ons&#46;ac.b&#101;\" rel=\"nofollow\" class=\"service-member\">\n                            <span class=\"member-name\">HENOUMONT C\u00e9line<\/span>\n                            <span class=\"icon umons-icon-email\" aria-hidden=\"true\"><\/span>\n                        <\/a>\n                    <\/li>\n                                    <li>\n                        <a href=\"mailto:&#71;uruK&#105;&#114;&#97;n.&#75;&#65;D&#65;&#78;U&#82;&#85;&#82;&#65;J&#65;&#83;HEKAR&#64;&#117;&#109;ons&#46;&#97;&#99;.&#98;e\" rel=\"nofollow\" class=\"service-member\">\n                            <span class=\"member-name\">KADANURU RAJASHEKAR Guru Kiran<\/span>\n                            <span class=\"icon umons-icon-email\" aria-hidden=\"true\"><\/span>\n                        <\/a>\n                    <\/li>\n                                    <li>\n                        <a href=\"mailto:li&#111;&#110;&#101;&#108;.l&#97;rba&#110;&#111;ix&#64;u&#109;on&#115;.&#97;c.&#98;e\" rel=\"nofollow\" class=\"service-member\">\n                            <span class=\"member-name\">LARBANOIX Lionel<\/span>\n                            <span class=\"icon umons-icon-email\" aria-hidden=\"true\"><\/span>\n                        <\/a>\n                    <\/li>\n                                    <li>\n                        <a href=\"mailto:&#86;al&#101;ntin.LE&#67;&#79;MTE&#64;um&#111;ns&#46;&#97;&#99;&#46;be\" rel=\"nofollow\" class=\"service-member\">\n                            <span class=\"member-name\">LECOMTE Valentin<\/span>\n                            <span class=\"icon umons-icon-email\" aria-hidden=\"true\"><\/span>\n                        <\/a>\n                    <\/li>\n                                    <li>\n                        <a href=\"mailto:A&#109;&#97;&#110;di&#110;&#101;&#46;M&#65;ES&#64;u&#109;&#111;n&#115;.&#97;c&#46;&#98;&#101;\" rel=\"nofollow\" class=\"service-member\">\n                            <span class=\"member-name\">MAES Amandine<\/span>\n                            <span class=\"icon umons-icon-email\" aria-hidden=\"true\"><\/span>\n                        <\/a>\n                    <\/li>\n                                    <li>\n                        <a href=\"mailto:&#74;&#101;&#97;&#110;-N&#111;&#101;&#108;&#46;M&#80;UT&#85;&#75;&#65;&#78;&#89;&#73;&#78;D&#65;&#64;umo&#110;&#115;.ac.&#98;&#101;\" rel=\"nofollow\" class=\"service-member\">\n                            <span class=\"member-name\">MPUTU KANYINDA Jean-No\u00ebl<\/span>\n                            <span class=\"icon umons-icon-email\" aria-hidden=\"true\"><\/span>\n                        <\/a>\n                    <\/li>\n                                    <li>\n                        <a href=\"mailto:ph&#105;&#108;&#105;pp&#101;.&#111;k&#117;&#115;&#97;&#110;&#100;jol&#111;&#64;&#117;&#109;on&#115;&#46;&#97;c&#46;&#98;e\" rel=\"nofollow\" class=\"service-member\">\n                            <span class=\"member-name\">OKUSA NDJOLO Philippe<\/span>\n                            <span class=\"icon umons-icon-email\" aria-hidden=\"true\"><\/span>\n                        <\/a>\n                    <\/li>\n                                    <li>\n                        <a href=\"mailto:&#99;o&#114;&#105;n&#110;e.&#112;&#105;&#101;ra&#114;t&#64;&#117;&#109;ons.&#97;&#99;.&#98;e\" rel=\"nofollow\" class=\"service-member\">\n                            <span class=\"member-name\">PIERART Corinne<\/span>\n                            <span class=\"icon umons-icon-email\" aria-hidden=\"true\"><\/span>\n                        <\/a>\n                    <\/li>\n                                    <li>\n                        <a href=\"mailto:au&#114;&#101;&#108;&#105;e&#46;&#112;&#105;etka&#64;&#117;&#109;o&#110;s&#46;ac.b&#101;\" rel=\"nofollow\" class=\"service-member\">\n                            <span class=\"member-name\">PIETKA Aur\u00e9lie<\/span>\n                            <span class=\"icon umons-icon-email\" aria-hidden=\"true\"><\/span>\n                        <\/a>\n                    <\/li>\n                                    <li>\n                        <a href=\"mailto:&#100;i&#109;i&#116;r&#105;.s&#116;a&#110;i&#99;k&#105;&#64;&#117;m&#111;n&#115;&#46;a&#99;&#46;b&#101;\" rel=\"nofollow\" class=\"service-member\">\n                            <span class=\"member-name\">STANICKI Dimitri<\/span>\n                            <span class=\"icon umons-icon-email\" aria-hidden=\"true\"><\/span>\n                        <\/a>\n                    <\/li>\n                                    <li>\n                        <a href=\"mailto:I&#110;&#100;&#105;a&#110;&#97;&#46;TER&#78;&#65;&#68;&#64;umo&#110;s&#46;a&#99;.&#98;&#101;\" rel=\"nofollow\" class=\"service-member\">\n                            <span class=\"member-name\">TERNAD Indiana<\/span>\n                            <span class=\"icon umons-icon-email\" aria-hidden=\"true\"><\/span>\n                        <\/a>\n                    <\/li>\n                                    <li>\n                        <a href=\"mailto:&#67;h&#114;i&#115;&#116;o&#112;he.&#86;ANH&#69;&#89;&#77;B&#69;&#69;&#75;&#64;um&#111;&#110;s.a&#99;&#46;be\" rel=\"nofollow\" class=\"service-member\">\n                            <span class=\"member-name\">VAN HEYMBEEK Christophe<\/span>\n                            <span class=\"icon umons-icon-email\" aria-hidden=\"true\"><\/span>\n                        <\/a>\n                    <\/li>\n                                    <li>\n                        <a href=\"mailto:L&#101;&#118;y.&#86;ANL&#69;&#85;V&#69;&#78;&#64;u&#109;&#111;&#110;s.ac.be\" rel=\"nofollow\" class=\"service-member\">\n                            <span class=\"member-name\">VAN LEUVEN Levy<\/span>\n                            <span class=\"icon umons-icon-email\" aria-hidden=\"true\"><\/span>\n                        <\/a>\n                    <\/li>\n                                    <li>\n                        <a href=\"mailto:&#116;&#104;&#111;&#109;as.&#118;an&#103;i&#106;&#122;egem&#64;umo&#110;&#115;&#46;&#97;c&#46;&#98;&#101;\" rel=\"nofollow\" class=\"service-member\">\n                            <span class=\"member-name\">VANGIJZEGEM Thomas<\/span>\n                            <span class=\"icon umons-icon-email\" aria-hidden=\"true\"><\/span>\n                        <\/a>\n                    <\/li>\n                            <\/ul>\n                <p>\n            <a href=\" http:\/\/www.umons.ac.be\/annuaire\" class=\"button button-primary scheme-background scheme-background-hover\" target=\"_blank\" rel=\"nofollow\">\n                More information on the directory                <span class=\"icon umons-icon-book\" aria-hidden=\"true\"><\/span>        \n            <\/a>\n        <\/p>\n    <\/div><end-cask-shortcode-wrapper>\n","protected":false},"excerpt":{"rendered":"","protected":false},"author":4,"featured_media":0,"parent":0,"menu_order":0,"comment_status":"closed","ping_status":"closed","template":"","meta":{"footnotes":""},"class_list":["post-9","page","type-page","status-publish","hentry"],"yoast_head":"<!-- This site is optimized with the Yoast SEO plugin v27.2 - https:\/\/yoast.com\/product\/yoast-seo-wordpress\/ -->\n<title>Team - Service \/ FMPB - Chimie g\u00e9n\u00e9rale, organique et biom\u00e9dicale<\/title>\n<meta name=\"robots\" content=\"index, follow, max-snippet:-1, max-image-preview:large, max-video-preview:-1\" \/>\n<link rel=\"canonical\" href=\"https:\/\/web.umons.ac.be\/cgob\/en\/team\/\" \/>\n<meta property=\"og:locale\" content=\"fr_FR\" \/>\n<meta property=\"og:type\" content=\"article\" \/>\n<meta property=\"og:title\" content=\"Team - Service \/ FMPB - Chimie g\u00e9n\u00e9rale, organique et biom\u00e9dicale\" \/>\n<meta property=\"og:url\" content=\"https:\/\/web.umons.ac.be\/cgob\/en\/team\/\" \/>\n<meta property=\"og:site_name\" content=\"Service \/ FMPB - Chimie g\u00e9n\u00e9rale, organique et biom\u00e9dicale\" \/>\n<meta name=\"twitter:card\" content=\"summary_large_image\" \/>\n<script type=\"application\/ld+json\" class=\"yoast-schema-graph\">{\"@context\":\"https:\/\/schema.org\",\"@graph\":[{\"@type\":\"WebPage\",\"@id\":\"https:\/\/web.umons.ac.be\/cgob\/en\/team\/\",\"url\":\"https:\/\/web.umons.ac.be\/cgob\/en\/team\/\",\"name\":\"Team - Service \/ FMPB - Chimie g\u00e9n\u00e9rale, organique et biom\u00e9dicale\",\"isPartOf\":{\"@id\":\"https:\/\/web.umons.ac.be\/cgob\/#website\"},\"datePublished\":\"2021-11-09T10:10:03+00:00\",\"breadcrumb\":{\"@id\":\"https:\/\/web.umons.ac.be\/cgob\/en\/team\/#breadcrumb\"},\"inLanguage\":\"fr-FR\",\"potentialAction\":[{\"@type\":\"ReadAction\",\"target\":[\"https:\/\/web.umons.ac.be\/cgob\/en\/team\/\"]}]},{\"@type\":\"BreadcrumbList\",\"@id\":\"https:\/\/web.umons.ac.be\/cgob\/en\/team\/#breadcrumb\",\"itemListElement\":[{\"@type\":\"ListItem\",\"position\":1,\"name\":\"Home\",\"item\":\"https:\/\/web.umons.ac.be\/cgob\/\"},{\"@type\":\"ListItem\",\"position\":2,\"name\":\"Team\"}]},{\"@type\":\"WebSite\",\"@id\":\"https:\/\/web.umons.ac.be\/cgob\/#website\",\"url\":\"https:\/\/web.umons.ac.be\/cgob\/\",\"name\":\"Service \/ FMPB - Chimie g\u00e9n\u00e9rale, organique et biom\u00e9dicale\",\"description\":\"\",\"potentialAction\":[{\"@type\":\"SearchAction\",\"target\":{\"@type\":\"EntryPoint\",\"urlTemplate\":\"https:\/\/web.umons.ac.be\/cgob\/?s={search_term_string}\"},\"query-input\":{\"@type\":\"PropertyValueSpecification\",\"valueRequired\":true,\"valueName\":\"search_term_string\"}}],\"inLanguage\":\"fr-FR\"}]}<\/script>\n<!-- \/ Yoast SEO plugin. -->","yoast_head_json":{"title":"Team - Service \/ FMPB - Chimie g\u00e9n\u00e9rale, organique et biom\u00e9dicale","robots":{"index":"index","follow":"follow","max-snippet":"max-snippet:-1","max-image-preview":"max-image-preview:large","max-video-preview":"max-video-preview:-1"},"canonical":"https:\/\/web.umons.ac.be\/cgob\/en\/team\/","og_locale":"fr_FR","og_type":"article","og_title":"Team - Service \/ FMPB - Chimie g\u00e9n\u00e9rale, organique et biom\u00e9dicale","og_url":"https:\/\/web.umons.ac.be\/cgob\/en\/team\/","og_site_name":"Service \/ FMPB - Chimie g\u00e9n\u00e9rale, organique et biom\u00e9dicale","twitter_card":"summary_large_image","schema":{"@context":"https:\/\/schema.org","@graph":[{"@type":"WebPage","@id":"https:\/\/web.umons.ac.be\/cgob\/en\/team\/","url":"https:\/\/web.umons.ac.be\/cgob\/en\/team\/","name":"Team - Service \/ FMPB - Chimie g\u00e9n\u00e9rale, organique et biom\u00e9dicale","isPartOf":{"@id":"https:\/\/web.umons.ac.be\/cgob\/#website"},"datePublished":"2021-11-09T10:10:03+00:00","breadcrumb":{"@id":"https:\/\/web.umons.ac.be\/cgob\/en\/team\/#breadcrumb"},"inLanguage":"fr-FR","potentialAction":[{"@type":"ReadAction","target":["https:\/\/web.umons.ac.be\/cgob\/en\/team\/"]}]},{"@type":"BreadcrumbList","@id":"https:\/\/web.umons.ac.be\/cgob\/en\/team\/#breadcrumb","itemListElement":[{"@type":"ListItem","position":1,"name":"Home","item":"https:\/\/web.umons.ac.be\/cgob\/"},{"@type":"ListItem","position":2,"name":"Team"}]},{"@type":"WebSite","@id":"https:\/\/web.umons.ac.be\/cgob\/#website","url":"https:\/\/web.umons.ac.be\/cgob\/","name":"Service \/ FMPB - Chimie g\u00e9n\u00e9rale, organique et biom\u00e9dicale","description":"","potentialAction":[{"@type":"SearchAction","target":{"@type":"EntryPoint","urlTemplate":"https:\/\/web.umons.ac.be\/cgob\/?s={search_term_string}"},"query-input":{"@type":"PropertyValueSpecification","valueRequired":true,"valueName":"search_term_string"}}],"inLanguage":"fr-FR"}]}},"lang":"en","translations":{"en":9,"fr":7},"pll_sync_post":[],"_links":{"self":[{"href":"https:\/\/web.umons.ac.be\/cgob\/wp-json\/wp\/v2\/pages\/9","targetHints":{"allow":["GET"]}}],"collection":[{"href":"https:\/\/web.umons.ac.be\/cgob\/wp-json\/wp\/v2\/pages"}],"about":[{"href":"https:\/\/web.umons.ac.be\/cgob\/wp-json\/wp\/v2\/types\/page"}],"author":[{"embeddable":true,"href":"https:\/\/web.umons.ac.be\/cgob\/wp-json\/wp\/v2\/users\/4"}],"replies":[{"embeddable":true,"href":"https:\/\/web.umons.ac.be\/cgob\/wp-json\/wp\/v2\/comments?post=9"}],"version-history":[{"count":0,"href":"https:\/\/web.umons.ac.be\/cgob\/wp-json\/wp\/v2\/pages\/9\/revisions"}],"wp:attachment":[{"href":"https:\/\/web.umons.ac.be\/cgob\/wp-json\/wp\/v2\/media?parent=9"}],"curies":[{"name":"wp","href":"https:\/\/api.w.org\/{rel}","templated":true}]}}