{"id":1040,"date":"2022-05-05T14:00:15","date_gmt":"2022-05-05T12:00:15","guid":{"rendered":"https:\/\/web.umons.ac.be\/charleroi\/?page_id=1040"},"modified":"2023-06-19T15:16:46","modified_gmt":"2023-06-19T13:16:46","slug":"medecine-et-pharmacie","status":"publish","type":"page","link":"https:\/\/web.umons.ac.be\/charleroi\/offre-de-formations\/medecine-et-pharmacie\/","title":{"rendered":"M\u00e9decine et Pharmacie"},"content":{"rendered":"<h2>Bienvenue \u00e0 la Facult\u00e9 de M\u00e9decine et Pharmacie\u00a0!<\/h2>\n<p>Le<strong> Certificat interuniversitaire en Intelligence artificielle en m\u00e9decine et sant\u00e9 digitale<\/strong> (10 cr\u00e9dits), associe l\u2019Universit\u00e9 libre de Bruxelles, l\u2019Universit\u00e9 de Mons et l\u2019ISPPC-CHU de Charleroi. Il a pour but de faire d\u00e9couvrir les potentialit\u00e9s et limites actuelles de l\u2019IA et des technologies digitales dans les soins de sant\u00e9.<\/p>\n<start-cask-shortcode-wrapper><article class=\"shortcode-training training-small content-block scheme-fmp\">\n\t<a href=\"https:\/\/web.umons.ac.be\/fmp\/fr\/formations\/cu-iamedecine\/\" class=\"training-link scheme-border-hover\">\n\t\t<header class=\"training-small-header\">\n\t\t\t<div class=\"training-small-entity scheme-color\">\n\t\t\t\tFacult\u00e9 \/ FMPB\t\t\t\t\t           \t<img decoding=\"async\" src=\"https:\/\/web.umons.ac.be\/app\/uploads\/sites\/2\/2017\/12\/fmp.svg\" class=\"training-small-entity-logo\" alt=\"Ic\u00f4ne de Facult\u00e9 \/ FMPB\">\n\t        \t\t\t\t<\/div>\n\t\t\t<div class=\"training-small-degree\">\n\t\t\t\tCertificat interuniversitaire en\t\t\t<\/div>\n\n\t\t\t<h1 class=\"training-small-title\">Intelligence Artificielle en M\u00e9decine et Sant\u00e9 Digitale<\/h1>\n\n\t\t\t\t\t<\/header>\n\t\t\t\t<div class=\"training-small-content\">\n\t\t\t<div class=\"training-small-location\">\n\t\t\t\t<span class=\"icon umons-icon-pin\" aria-hidden=\"true\"><\/span>\n\t\t\t\t<span class=\"location\">Charleroi<\/span>\n\t\t\t<\/div>\n\n\t\t\t\t\t\t<div class=\"training-small-side-info\">\n\t\t\t\t<ul class=\"training-small-side-info-list\">\n\t\t\t\t\t\t\t\t\t\t<li>\n\t\t\t\t\t\t<div class=\"training-single-schedule\">\n\t\t\t\t\t\t\t<div class=\"label\">Horaire<\/div>\n\t\t\t\t\t\t\t<div class=\"value\">Horaire de jour<\/div>\n\t\t\t\t\t\t<\/div>\n\t\t\t\t\t<\/li>\n\t\t\t\t\t\t\t\t\t\t\t\t\t\t\t<li>\n\t\t\t\t\t\t<div class=\"training-single-credits\">\n\t\t\t\t\t\t\t<div class=\"label\">Cr\u00e9dits ECTS<\/div>\n\t\t\t\t\t\t\t<div class=\"value\">10<\/div>\n\t\t\t\t\t\t<\/div>\n\t\t\t\t\t<\/li>\n\t\t\t\t\t\t\t\t\t\t\t\t\t\t\t<li>\n\t\t\t\t\t\t<div class=\"training-single-languages\">\n\t\t\t\t\t\t\t<div class=\"label\">Langue<\/div>\n\t\t\t\t\t\t\t<div class=\"value\">\n\t\t\t\t\t\t\t\t<span class=\"lang\">Fran\u00e7ais<\/span>\n\t\t\t\t\t\t\t<\/div>\n\t\t\t\t\t\t<\/div>\n\t\t\t\t\t<\/li>\n\t\t\t\t\t\t\t\t\t<\/ul>\n\t\t\t<\/div>\n\t\t\t\t\t<\/div>\n\t\t\t<\/a>\n<\/article>\n<end-cask-shortcode-wrapper>\n<hr \/>\n<start-cask-shortcode-wrapper><article class=\"shortcode-training training-small content-block scheme-fmp\">\n\t<a href=\"https:\/\/web.umons.ac.be\/fmp\/fr\/formations\/cu-masihm\/\" class=\"training-link scheme-border-hover\">\n\t\t<header class=\"training-small-header\">\n\t\t\t<div class=\"training-small-entity scheme-color\">\n\t\t\t\tFacult\u00e9 \/ FMPB\t\t\t\t\t           \t<img decoding=\"async\" src=\"https:\/\/web.umons.ac.be\/app\/uploads\/sites\/2\/2017\/12\/fmp.svg\" class=\"training-small-entity-logo\" alt=\"Ic\u00f4ne de Facult\u00e9 \/ FMPB\">\n\t        \t\t\t\t<\/div>\n\t\t\t<div class=\"training-small-degree\">\n\t\t\t\tCertificat interuniversitaire en\t\t\t<\/div>\n\n\t\t\t<h1 class=\"training-small-title\">Management des syst\u00e8mes d'information hospitaliers et m\u00e9dicaux<\/h1>\n\n\t\t\t\t\t<\/header>\n\t\t\t\t<div class=\"training-small-content\">\n\t\t\t<div class=\"training-small-location\">\n\t\t\t\t<span class=\"icon umons-icon-pin\" aria-hidden=\"true\"><\/span>\n\t\t\t\t<span class=\"location\">Charleroi, Li\u00e8ge<\/span>\n\t\t\t<\/div>\n\n\t\t\t\t\t\t<div class=\"training-small-side-info\">\n\t\t\t\t<ul class=\"training-small-side-info-list\">\n\t\t\t\t\t\t\t\t\t\t<li>\n\t\t\t\t\t\t<div class=\"training-single-schedule\">\n\t\t\t\t\t\t\t<div class=\"label\">Horaire<\/div>\n\t\t\t\t\t\t\t<div class=\"value\">Horaire de jour<\/div>\n\t\t\t\t\t\t<\/div>\n\t\t\t\t\t<\/li>\n\t\t\t\t\t\t\t\t\t\t\t\t\t\t\t\t\t\t\t\t<li>\n\t\t\t\t\t\t<div class=\"training-single-languages\">\n\t\t\t\t\t\t\t<div class=\"label\">Langue<\/div>\n\t\t\t\t\t\t\t<div class=\"value\">\n\t\t\t\t\t\t\t\t<span class=\"lang\">Fran\u00e7ais<\/span>\n\t\t\t\t\t\t\t<\/div>\n\t\t\t\t\t\t<\/div>\n\t\t\t\t\t<\/li>\n\t\t\t\t\t\t\t\t\t<\/ul>\n\t\t\t<\/div>\n\t\t\t\t\t<\/div>\n\t\t\t<\/a>\n<\/article>\n<end-cask-shortcode-wrapper>\n","protected":false},"excerpt":{"rendered":"<p>Bienvenue \u00e0 la Facult\u00e9 de M\u00e9decine et Pharmacie\u00a0! Le Certificat interuniversitaire en Intelligence artificielle en m\u00e9decine et sant\u00e9 digitale (10 cr\u00e9dits), associe l\u2019Universit\u00e9 libre de Bruxelles, l\u2019Universit\u00e9 de Mons et l\u2019ISPPC-CHU de Charleroi. Il a pour but de faire d\u00e9couvrir les potentialit\u00e9s et limites actuelles de l\u2019IA et des technologies digitales dans les soins de [&hellip;]<\/p>\n","protected":false},"author":2,"featured_media":0,"parent":61,"menu_order":2,"comment_status":"closed","ping_status":"closed","template":"","meta":{"footnotes":""},"class_list":["post-1040","page","type-page","status-publish","hentry"],"yoast_head":"<!-- This site is optimized with the Yoast SEO plugin v27.2 - https:\/\/yoast.com\/product\/yoast-seo-wordpress\/ -->\n<title>M\u00e9decine et Pharmacie - UMONS Charleroi<\/title>\n<meta name=\"robots\" content=\"index, follow, max-snippet:-1, max-image-preview:large, max-video-preview:-1\" \/>\n<link rel=\"canonical\" href=\"https:\/\/web.umons.ac.be\/charleroi\/offre-de-formations\/medecine-et-pharmacie\/\" \/>\n<meta property=\"og:locale\" content=\"fr_FR\" \/>\n<meta property=\"og:type\" content=\"article\" \/>\n<meta property=\"og:title\" content=\"M\u00e9decine et Pharmacie - UMONS Charleroi\" \/>\n<meta property=\"og:description\" content=\"Bienvenue \u00e0 la Facult\u00e9 de M\u00e9decine et Pharmacie\u00a0! Le Certificat interuniversitaire en Intelligence artificielle en m\u00e9decine et sant\u00e9 digitale (10 cr\u00e9dits), associe l\u2019Universit\u00e9 libre de Bruxelles, l\u2019Universit\u00e9 de Mons et l\u2019ISPPC-CHU de Charleroi. Il a pour but de faire d\u00e9couvrir les potentialit\u00e9s et limites actuelles de l\u2019IA et des technologies digitales dans les soins de [&hellip;]\" \/>\n<meta property=\"og:url\" content=\"https:\/\/web.umons.ac.be\/charleroi\/offre-de-formations\/medecine-et-pharmacie\/\" \/>\n<meta property=\"og:site_name\" content=\"UMONS Charleroi\" \/>\n<meta property=\"article:modified_time\" content=\"2023-06-19T13:16:46+00:00\" \/>\n<meta name=\"twitter:card\" content=\"summary_large_image\" \/>\n<meta name=\"twitter:label1\" content=\"Dur\u00e9e de lecture estim\u00e9e\" \/>\n\t<meta name=\"twitter:data1\" content=\"1 minute\" \/>\n<script type=\"application\/ld+json\" class=\"yoast-schema-graph\">{\"@context\":\"https:\/\/schema.org\",\"@graph\":[{\"@type\":\"WebPage\",\"@id\":\"https:\/\/web.umons.ac.be\/charleroi\/offre-de-formations\/medecine-et-pharmacie\/\",\"url\":\"https:\/\/web.umons.ac.be\/charleroi\/offre-de-formations\/medecine-et-pharmacie\/\",\"name\":\"M\u00e9decine et Pharmacie - UMONS Charleroi\",\"isPartOf\":{\"@id\":\"https:\/\/web.umons.ac.be\/charleroi\/#website\"},\"datePublished\":\"2022-05-05T12:00:15+00:00\",\"dateModified\":\"2023-06-19T13:16:46+00:00\",\"breadcrumb\":{\"@id\":\"https:\/\/web.umons.ac.be\/charleroi\/offre-de-formations\/medecine-et-pharmacie\/#breadcrumb\"},\"inLanguage\":\"fr-FR\",\"potentialAction\":[{\"@type\":\"ReadAction\",\"target\":[\"https:\/\/web.umons.ac.be\/charleroi\/offre-de-formations\/medecine-et-pharmacie\/\"]}]},{\"@type\":\"BreadcrumbList\",\"@id\":\"https:\/\/web.umons.ac.be\/charleroi\/offre-de-formations\/medecine-et-pharmacie\/#breadcrumb\",\"itemListElement\":[{\"@type\":\"ListItem\",\"position\":1,\"name\":\"Accueil\",\"item\":\"https:\/\/web.umons.ac.be\/charleroi\/\"},{\"@type\":\"ListItem\",\"position\":2,\"name\":\"Offre de formations\",\"item\":\"https:\/\/web.umons.ac.be\/charleroi\/offre-de-formations\/\"},{\"@type\":\"ListItem\",\"position\":3,\"name\":\"M\u00e9decine et Pharmacie\"}]},{\"@type\":\"WebSite\",\"@id\":\"https:\/\/web.umons.ac.be\/charleroi\/#website\",\"url\":\"https:\/\/web.umons.ac.be\/charleroi\/\",\"name\":\"UMONS Charleroi\",\"description\":\"\",\"potentialAction\":[{\"@type\":\"SearchAction\",\"target\":{\"@type\":\"EntryPoint\",\"urlTemplate\":\"https:\/\/web.umons.ac.be\/charleroi\/?s={search_term_string}\"},\"query-input\":{\"@type\":\"PropertyValueSpecification\",\"valueRequired\":true,\"valueName\":\"search_term_string\"}}],\"inLanguage\":\"fr-FR\"}]}<\/script>\n<!-- \/ Yoast SEO plugin. -->","yoast_head_json":{"title":"M\u00e9decine et Pharmacie - UMONS Charleroi","robots":{"index":"index","follow":"follow","max-snippet":"max-snippet:-1","max-image-preview":"max-image-preview:large","max-video-preview":"max-video-preview:-1"},"canonical":"https:\/\/web.umons.ac.be\/charleroi\/offre-de-formations\/medecine-et-pharmacie\/","og_locale":"fr_FR","og_type":"article","og_title":"M\u00e9decine et Pharmacie - UMONS Charleroi","og_description":"Bienvenue \u00e0 la Facult\u00e9 de M\u00e9decine et Pharmacie\u00a0! Le Certificat interuniversitaire en Intelligence artificielle en m\u00e9decine et sant\u00e9 digitale (10 cr\u00e9dits), associe l\u2019Universit\u00e9 libre de Bruxelles, l\u2019Universit\u00e9 de Mons et l\u2019ISPPC-CHU de Charleroi. Il a pour but de faire d\u00e9couvrir les potentialit\u00e9s et limites actuelles de l\u2019IA et des technologies digitales dans les soins de [&hellip;]","og_url":"https:\/\/web.umons.ac.be\/charleroi\/offre-de-formations\/medecine-et-pharmacie\/","og_site_name":"UMONS Charleroi","article_modified_time":"2023-06-19T13:16:46+00:00","twitter_card":"summary_large_image","twitter_misc":{"Dur\u00e9e de lecture estim\u00e9e":"1 minute"},"schema":{"@context":"https:\/\/schema.org","@graph":[{"@type":"WebPage","@id":"https:\/\/web.umons.ac.be\/charleroi\/offre-de-formations\/medecine-et-pharmacie\/","url":"https:\/\/web.umons.ac.be\/charleroi\/offre-de-formations\/medecine-et-pharmacie\/","name":"M\u00e9decine et Pharmacie - UMONS Charleroi","isPartOf":{"@id":"https:\/\/web.umons.ac.be\/charleroi\/#website"},"datePublished":"2022-05-05T12:00:15+00:00","dateModified":"2023-06-19T13:16:46+00:00","breadcrumb":{"@id":"https:\/\/web.umons.ac.be\/charleroi\/offre-de-formations\/medecine-et-pharmacie\/#breadcrumb"},"inLanguage":"fr-FR","potentialAction":[{"@type":"ReadAction","target":["https:\/\/web.umons.ac.be\/charleroi\/offre-de-formations\/medecine-et-pharmacie\/"]}]},{"@type":"BreadcrumbList","@id":"https:\/\/web.umons.ac.be\/charleroi\/offre-de-formations\/medecine-et-pharmacie\/#breadcrumb","itemListElement":[{"@type":"ListItem","position":1,"name":"Accueil","item":"https:\/\/web.umons.ac.be\/charleroi\/"},{"@type":"ListItem","position":2,"name":"Offre de formations","item":"https:\/\/web.umons.ac.be\/charleroi\/offre-de-formations\/"},{"@type":"ListItem","position":3,"name":"M\u00e9decine et Pharmacie"}]},{"@type":"WebSite","@id":"https:\/\/web.umons.ac.be\/charleroi\/#website","url":"https:\/\/web.umons.ac.be\/charleroi\/","name":"UMONS Charleroi","description":"","potentialAction":[{"@type":"SearchAction","target":{"@type":"EntryPoint","urlTemplate":"https:\/\/web.umons.ac.be\/charleroi\/?s={search_term_string}"},"query-input":{"@type":"PropertyValueSpecification","valueRequired":true,"valueName":"search_term_string"}}],"inLanguage":"fr-FR"}]}},"lang":"fr","translations":{"fr":1040},"pll_sync_post":[],"_links":{"self":[{"href":"https:\/\/web.umons.ac.be\/charleroi\/wp-json\/wp\/v2\/pages\/1040","targetHints":{"allow":["GET"]}}],"collection":[{"href":"https:\/\/web.umons.ac.be\/charleroi\/wp-json\/wp\/v2\/pages"}],"about":[{"href":"https:\/\/web.umons.ac.be\/charleroi\/wp-json\/wp\/v2\/types\/page"}],"author":[{"embeddable":true,"href":"https:\/\/web.umons.ac.be\/charleroi\/wp-json\/wp\/v2\/users\/2"}],"replies":[{"embeddable":true,"href":"https:\/\/web.umons.ac.be\/charleroi\/wp-json\/wp\/v2\/comments?post=1040"}],"version-history":[{"count":3,"href":"https:\/\/web.umons.ac.be\/charleroi\/wp-json\/wp\/v2\/pages\/1040\/revisions"}],"predecessor-version":[{"id":1382,"href":"https:\/\/web.umons.ac.be\/charleroi\/wp-json\/wp\/v2\/pages\/1040\/revisions\/1382"}],"up":[{"embeddable":true,"href":"https:\/\/web.umons.ac.be\/charleroi\/wp-json\/wp\/v2\/pages\/61"}],"wp:attachment":[{"href":"https:\/\/web.umons.ac.be\/charleroi\/wp-json\/wp\/v2\/media?parent=1040"}],"curies":[{"name":"wp","href":"https:\/\/api.w.org\/{rel}","templated":true}]}}