{"id":1192,"date":"2022-10-12T15:50:05","date_gmt":"2022-10-12T13:50:05","guid":{"rendered":"https:\/\/web.umons.ac.be\/charleroi\/?page_id=1192"},"modified":"2026-02-16T15:11:18","modified_gmt":"2026-02-16T14:11:18","slug":"sport","status":"publish","type":"page","link":"https:\/\/web.umons.ac.be\/charleroi\/culture-et-sport\/sport\/","title":{"rendered":"Sport"},"content":{"rendered":"<h1><span style=\"color: #00abcc;\">UNI-VERS le sport !<\/span><\/h1>\n<p><span style=\"font-size: 18pt; color: #00abcc;\"><strong>1. L\u2019UMONS vous offre l\u2019application Formyfit<br \/>\n<\/strong><\/span>Formyfit, c\u2019est une application de course \u00e0 pied proposant un coaching individualis\u00e9 adapt\u00e9 \u00e0 votre niveau de forme physique ainsi qu\u2019\u00e0 votre objectif personnel.\u00a0Pour en profitez, d\u00e9couvrez les d\u00e9marches ici\u00a0: <a href=\"https:\/\/alumniumonsac.sharepoint.com\/sites\/DAE\/SitePages\/Formyfit.aspx\">https:\/\/alumniumonsac.sharepoint.com\/sites\/DAE\/SitePages\/Formyfit.aspx<\/a><\/p>\n<ul>\n<li><strong>Pour t\u2019inscrire aux cours de sport, t\u00e9l\u00e9charge d\u00e9j\u00e0 l\u2019appli <span style=\"color: #00abcc;\">NOVA SPORT<\/span> sur ton smartphone&gt; <a href=\"https:\/\/www.youtube.com\/watch?v=Ca9k8vAGS7A\">tu trouveras un tuto d\u2019utilisation ICI<\/a><\/strong><\/li>\n<\/ul>\n<h3 style=\"text-align: left;\"><span style=\"font-size: 18pt; color: #00abcc;\">2. Collaborations sportives avec la HE Condorcet et HELHA<br \/>\n<\/span><span style=\"color: #333333; font-size: 12pt;\"><strong>Tu veux faire du sport et te d\u00e9fouler apr\u00e8s les cours ? <\/strong><\/span><\/h3>\n<p><img loading=\"lazy\" decoding=\"async\" class=\"size-medium wp-image-1716 alignleft\" src=\"https:\/\/web.umons.ac.be\/app\/uploads\/sites\/43\/2024\/09\/group-of-multiaged-women-sports-team-players-in-2023-11-27-05-21-42-utc-300x200.jpg\" alt=\"\" width=\"300\" height=\"200\" srcset=\"https:\/\/web.umons.ac.be\/app\/uploads\/sites\/43\/2024\/09\/group-of-multiaged-women-sports-team-players-in-2023-11-27-05-21-42-utc-300x200.jpg 300w, https:\/\/web.umons.ac.be\/app\/uploads\/sites\/43\/2024\/09\/group-of-multiaged-women-sports-team-players-in-2023-11-27-05-21-42-utc-1024x683.jpg 1024w, https:\/\/web.umons.ac.be\/app\/uploads\/sites\/43\/2024\/09\/group-of-multiaged-women-sports-team-players-in-2023-11-27-05-21-42-utc-768x512.jpg 768w, https:\/\/web.umons.ac.be\/app\/uploads\/sites\/43\/2024\/09\/group-of-multiaged-women-sports-team-players-in-2023-11-27-05-21-42-utc-1536x1024.jpg 1536w, https:\/\/web.umons.ac.be\/app\/uploads\/sites\/43\/2024\/09\/group-of-multiaged-women-sports-team-players-in-2023-11-27-05-21-42-utc-2048x1365.jpg 2048w, https:\/\/web.umons.ac.be\/app\/uploads\/sites\/43\/2024\/09\/group-of-multiaged-women-sports-team-players-in-2023-11-27-05-21-42-utc-990x660.jpg 990w, https:\/\/web.umons.ac.be\/app\/uploads\/sites\/43\/2024\/09\/group-of-multiaged-women-sports-team-players-in-2023-11-27-05-21-42-utc-30x20.jpg 30w, https:\/\/web.umons.ac.be\/app\/uploads\/sites\/43\/2024\/09\/group-of-multiaged-women-sports-team-players-in-2023-11-27-05-21-42-utc-60x40.jpg 60w, https:\/\/web.umons.ac.be\/app\/uploads\/sites\/43\/2024\/09\/group-of-multiaged-women-sports-team-players-in-2023-11-27-05-21-42-utc-360x240.jpg 360w\" sizes=\"auto, (max-width: 300px) 100vw, 300px\" \/><\/p>\n<p><img loading=\"lazy\" decoding=\"async\" class=\"size-medium wp-image-1717 alignleft\" src=\"https:\/\/web.umons.ac.be\/app\/uploads\/sites\/43\/2024\/09\/young-sporty-man-and-woman-resting-after-active-sp-2024-05-20-17-09-19-utc-300x200.jpg\" alt=\"\" width=\"300\" height=\"200\" srcset=\"https:\/\/web.umons.ac.be\/app\/uploads\/sites\/43\/2024\/09\/young-sporty-man-and-woman-resting-after-active-sp-2024-05-20-17-09-19-utc-300x200.jpg 300w, https:\/\/web.umons.ac.be\/app\/uploads\/sites\/43\/2024\/09\/young-sporty-man-and-woman-resting-after-active-sp-2024-05-20-17-09-19-utc-1024x683.jpg 1024w, https:\/\/web.umons.ac.be\/app\/uploads\/sites\/43\/2024\/09\/young-sporty-man-and-woman-resting-after-active-sp-2024-05-20-17-09-19-utc-768x512.jpg 768w, https:\/\/web.umons.ac.be\/app\/uploads\/sites\/43\/2024\/09\/young-sporty-man-and-woman-resting-after-active-sp-2024-05-20-17-09-19-utc-1536x1024.jpg 1536w, https:\/\/web.umons.ac.be\/app\/uploads\/sites\/43\/2024\/09\/young-sporty-man-and-woman-resting-after-active-sp-2024-05-20-17-09-19-utc-2048x1365.jpg 2048w, https:\/\/web.umons.ac.be\/app\/uploads\/sites\/43\/2024\/09\/young-sporty-man-and-woman-resting-after-active-sp-2024-05-20-17-09-19-utc-990x660.jpg 990w, https:\/\/web.umons.ac.be\/app\/uploads\/sites\/43\/2024\/09\/young-sporty-man-and-woman-resting-after-active-sp-2024-05-20-17-09-19-utc-30x20.jpg 30w, https:\/\/web.umons.ac.be\/app\/uploads\/sites\/43\/2024\/09\/young-sporty-man-and-woman-resting-after-active-sp-2024-05-20-17-09-19-utc-60x40.jpg 60w, https:\/\/web.umons.ac.be\/app\/uploads\/sites\/43\/2024\/09\/young-sporty-man-and-woman-resting-after-active-sp-2024-05-20-17-09-19-utc-360x240.jpg 360w\" sizes=\"auto, (max-width: 300px) 100vw, 300px\" \/><\/p>\n<p>&nbsp;<\/p>\n<p>&nbsp;<\/p>\n<p>&nbsp;<\/p>\n<p>&nbsp;<\/p>\n<p>&nbsp;<\/p>\n<h3><\/h3>\n<h3 style=\"text-align: left;\"><span style=\"color: #333333; font-size: 14pt;\"><strong>Ach\u00e8te ta carte sport &#8211; Comment obtenir la carte sport ?<\/strong><\/span><\/h3>\n<p>Tu peux l\u2019acheter au prix de <em>12 euros<\/em> au <strong>Secr\u00e9tariat ULB-UMONS<\/strong> sur le CampusUCharleroi :<br \/>\nB\u00e2timent Z\u00e9nobe Gramme, Boulevard Solvay 31 \u2013 6000 Charleroi<br \/>\nTel\u00a0: 065\/37.23.82<br \/>\nMail :\u00a0secretariat.ulb.umons@umons.ac.be<br \/>\n<em>La carte est valable par ann\u00e9e acad\u00e9mique.<\/em><\/p>\n<p>&#8212;&#8212;&#8212;&#8212;&#8212;&#8212;&#8212;&#8212;&#8212;&#8211;<\/p>\n<p><a href=\"https:\/\/www.polehainuyer.be\/event\/activites-sportives\/\"><span style=\"font-size: 18pt; font-family: helvetica, arial, sans-serif; color: #00abcc;\">Programme en partenariat avec Condorcet &amp; HELHA\u00a0<\/span><\/a><br \/>\n<span style=\"color: #d60044;\">Clique sur le tableau ci-dessous\u00a0 ou sur <a href=\"https:\/\/www.polehainuyer.be\/event\/activites-sportives\/\">ce lien<\/a><\/span><\/p>\n<div id='gallery-1' class='gallery galleryid-1192 gallery-columns-1 gallery-size-full'><figure class='gallery-item'>\n\t\t\t<div class='gallery-icon landscape'>\n\t\t\t\t<a href='https:\/\/web.umons.ac.be\/app\/uploads\/sites\/43\/2025\/10\/sports20252026.jpg'><img loading=\"lazy\" decoding=\"async\" width=\"1344\" height=\"682\" src=\"https:\/\/web.umons.ac.be\/app\/uploads\/sites\/43\/2025\/10\/sports20252026.jpg\" class=\"attachment-full size-full\" alt=\"\" aria-describedby=\"gallery-1-1963\" srcset=\"https:\/\/web.umons.ac.be\/app\/uploads\/sites\/43\/2025\/10\/sports20252026.jpg 1344w, https:\/\/web.umons.ac.be\/app\/uploads\/sites\/43\/2025\/10\/sports20252026-300x152.jpg 300w, https:\/\/web.umons.ac.be\/app\/uploads\/sites\/43\/2025\/10\/sports20252026-1024x520.jpg 1024w, https:\/\/web.umons.ac.be\/app\/uploads\/sites\/43\/2025\/10\/sports20252026-768x390.jpg 768w, https:\/\/web.umons.ac.be\/app\/uploads\/sites\/43\/2025\/10\/sports20252026-1301x660.jpg 1301w, https:\/\/web.umons.ac.be\/app\/uploads\/sites\/43\/2025\/10\/sports20252026-30x15.jpg 30w, https:\/\/web.umons.ac.be\/app\/uploads\/sites\/43\/2025\/10\/sports20252026-60x30.jpg 60w, https:\/\/web.umons.ac.be\/app\/uploads\/sites\/43\/2025\/10\/sports20252026-360x183.jpg 360w\" sizes=\"auto, (max-width: 1344px) 100vw, 1344px\" \/><\/a>\n\t\t\t<\/div>\n\t\t\t\t<figcaption class='wp-caption-text gallery-caption' id='gallery-1-1963'>\n\t\t\t\tSports \u00e0 Charleroi\n\t\t\t\t<\/figcaption><\/figure>\n\t\t<\/div>\n\n<p><span style=\"color: #00abcc;\"><strong style=\"font-size: 18pt; text-align: center;\">3. Partenariat avec le RCSC &#8211; Sporting de Charleroi<\/strong><\/span><\/p>\n<p><span style=\"color: #333333; font-size: 12pt;\">En tant que partenaire du Sporting de Charleroi, l&rsquo;UMONS permet aux <strong>membres du personnel<\/strong> et<strong> aux \u00e9tudiants<\/strong> de b\u00e9n\u00e9ficier du tarif r\u00e9duit de<strong> 9 euros<\/strong> pour assister aux matchs \u00e0 domicile des Carolos dans le bloc labellis\u00e9 UMONS en T3 (bloc R1). <strong>Int\u00e9ress\u00e9.e ?\u00a0<\/strong><\/span><\/p>\n<p><span style=\"text-decoration: underline;\"><strong>PROCEDURE:<\/strong><br \/>\n<\/span><strong>Etes-vous d\u00e9j\u00e0 identifi\u00e9 sur la plateforme MY ZEBRA?<\/strong><br \/>\n<strong><span style=\"color: #00abcc;\">OUI &gt;<\/span><\/strong><br \/>\n-Acheter votre <a href=\"https:\/\/ticketing.sporting-charleroi.be\/\">billet en ligne<\/a> (en tribune T3, bloc R1) et ensuite choisir le tarif UMONS <span style=\"text-decoration: underline;\"><span style=\"color: #d60044; text-decoration: underline;\">apr\u00e8s s&rsquo;\u00eatre identifi\u00e9.<\/span><\/span><\/p>\n<p><strong><span style=\"font-size: 12pt;\">Pour les membres du personnel\u00a0<\/span><\/strong><br \/>\n<span style=\"color: #333333; text-decoration: underline;\"><em>&gt; Envoyer un email \u00e0 y.lerusse@sporting-charleroi.be<\/em><\/span><br \/>\n<span style=\"color: #333333; text-decoration: underline;\"><em>&gt;Renseigner votre NOM, Pr\u00e9nom, date de naissance\u00a0<\/em><\/span><br \/>\n<span style=\"color: #333333; text-decoration: underline;\"><em>&gt; Vous recevrez ensuite un lien unique pour acheter une place \u00e0 9 euros.<\/em><\/span><\/p>\n<p><strong><span style=\"color: #00abcc;\">NON &gt;<\/span><\/strong><br \/>\n-Vous devez tout d&rsquo;abord vous cr\u00e9er un compte MYZEBRA: <a href=\"https:\/\/myzebra.sporting-charleroi.be\/logins\">https:\/\/myzebra.sporting-charleroi.be\/logins<\/a><br \/>\n&#8211; Ensuite, vous pouvez acheter votre <a href=\"https:\/\/ticketing.sporting-charleroi.be\/\">billet en ligne<\/a> (en tribune T3 R1) et ensuite choisir le tarif UMONS.<\/p>\n<p><img loading=\"lazy\" decoding=\"async\" class=\"size-medium wp-image-1773 alignleft\" src=\"https:\/\/web.umons.ac.be\/app\/uploads\/sites\/43\/2024\/10\/UMONS_RCSC-240x300.png\" alt=\"\" width=\"240\" height=\"300\" srcset=\"https:\/\/web.umons.ac.be\/app\/uploads\/sites\/43\/2024\/10\/UMONS_RCSC-240x300.png 240w, https:\/\/web.umons.ac.be\/app\/uploads\/sites\/43\/2024\/10\/UMONS_RCSC-819x1024.png 819w, https:\/\/web.umons.ac.be\/app\/uploads\/sites\/43\/2024\/10\/UMONS_RCSC-768x960.png 768w, https:\/\/web.umons.ac.be\/app\/uploads\/sites\/43\/2024\/10\/UMONS_RCSC-528x660.png 528w, https:\/\/web.umons.ac.be\/app\/uploads\/sites\/43\/2024\/10\/UMONS_RCSC-30x38.png 30w, https:\/\/web.umons.ac.be\/app\/uploads\/sites\/43\/2024\/10\/UMONS_RCSC-48x60.png 48w, https:\/\/web.umons.ac.be\/app\/uploads\/sites\/43\/2024\/10\/UMONS_RCSC-360x450.png 360w, https:\/\/web.umons.ac.be\/app\/uploads\/sites\/43\/2024\/10\/UMONS_RCSC.png 1080w\" sizes=\"auto, (max-width: 240px) 100vw, 240px\" \/><br \/>\n<img loading=\"lazy\" decoding=\"async\" class=\"size-medium wp-image-1774 alignright\" src=\"https:\/\/web.umons.ac.be\/app\/uploads\/sites\/43\/2024\/10\/UMONS_salarie-240x300.png\" alt=\"\" width=\"240\" height=\"300\" srcset=\"https:\/\/web.umons.ac.be\/app\/uploads\/sites\/43\/2024\/10\/UMONS_salarie-240x300.png 240w, https:\/\/web.umons.ac.be\/app\/uploads\/sites\/43\/2024\/10\/UMONS_salarie-819x1024.png 819w, https:\/\/web.umons.ac.be\/app\/uploads\/sites\/43\/2024\/10\/UMONS_salarie-768x960.png 768w, https:\/\/web.umons.ac.be\/app\/uploads\/sites\/43\/2024\/10\/UMONS_salarie-528x660.png 528w, https:\/\/web.umons.ac.be\/app\/uploads\/sites\/43\/2024\/10\/UMONS_salarie-30x38.png 30w, https:\/\/web.umons.ac.be\/app\/uploads\/sites\/43\/2024\/10\/UMONS_salarie-48x60.png 48w, https:\/\/web.umons.ac.be\/app\/uploads\/sites\/43\/2024\/10\/UMONS_salarie-360x450.png 360w, https:\/\/web.umons.ac.be\/app\/uploads\/sites\/43\/2024\/10\/UMONS_salarie.png 1080w\" sizes=\"auto, (max-width: 240px) 100vw, 240px\" \/><\/p>\n","protected":false},"excerpt":{"rendered":"<p>UNI-VERS le sport ! 1. L\u2019UMONS vous offre l\u2019application Formyfit Formyfit, c\u2019est une application de course \u00e0 pied proposant un coaching individualis\u00e9 adapt\u00e9 \u00e0 votre niveau de forme physique ainsi qu\u2019\u00e0 votre objectif personnel.\u00a0Pour en profitez, d\u00e9couvrez les d\u00e9marches ici\u00a0: https:\/\/alumniumonsac.sharepoint.com\/sites\/DAE\/SitePages\/Formyfit.aspx Pour t\u2019inscrire aux cours de sport, t\u00e9l\u00e9charge d\u00e9j\u00e0 l\u2019appli NOVA SPORT sur ton smartphone&gt; [&hellip;]<\/p>\n","protected":false},"author":2,"featured_media":1716,"parent":1012,"menu_order":0,"comment_status":"closed","ping_status":"closed","template":"","meta":{"footnotes":""},"class_list":["post-1192","page","type-page","status-publish","has-post-thumbnail","hentry"],"yoast_head":"<!-- This site is optimized with the Yoast SEO plugin v27.2 - https:\/\/yoast.com\/product\/yoast-seo-wordpress\/ -->\n<title>Sport - UMONS Charleroi<\/title>\n<meta name=\"robots\" content=\"index, follow, max-snippet:-1, max-image-preview:large, max-video-preview:-1\" \/>\n<link rel=\"canonical\" href=\"https:\/\/web.umons.ac.be\/charleroi\/culture-et-sport\/sport\/\" \/>\n<meta property=\"og:locale\" content=\"fr_FR\" \/>\n<meta property=\"og:type\" content=\"article\" \/>\n<meta property=\"og:title\" content=\"Sport - UMONS Charleroi\" \/>\n<meta property=\"og:description\" content=\"UNI-VERS le sport ! 1. L\u2019UMONS vous offre l\u2019application Formyfit Formyfit, c\u2019est une application de course \u00e0 pied proposant un coaching individualis\u00e9 adapt\u00e9 \u00e0 votre niveau de forme physique ainsi qu\u2019\u00e0 votre objectif personnel.\u00a0Pour en profitez, d\u00e9couvrez les d\u00e9marches ici\u00a0: https:\/\/alumniumonsac.sharepoint.com\/sites\/DAE\/SitePages\/Formyfit.aspx Pour t\u2019inscrire aux cours de sport, t\u00e9l\u00e9charge d\u00e9j\u00e0 l\u2019appli NOVA SPORT sur ton smartphone&gt; [&hellip;]\" \/>\n<meta property=\"og:url\" content=\"https:\/\/web.umons.ac.be\/charleroi\/culture-et-sport\/sport\/\" \/>\n<meta property=\"og:site_name\" content=\"UMONS Charleroi\" \/>\n<meta property=\"article:modified_time\" content=\"2026-02-16T14:11:18+00:00\" \/>\n<meta property=\"og:image\" content=\"https:\/\/web.umons.ac.be\/app\/uploads\/sites\/43\/2024\/09\/group-of-multiaged-women-sports-team-players-in-2023-11-27-05-21-42-utc-scaled.jpg\" \/>\n\t<meta property=\"og:image:width\" content=\"2560\" \/>\n\t<meta property=\"og:image:height\" content=\"1707\" \/>\n\t<meta property=\"og:image:type\" content=\"image\/jpeg\" \/>\n<meta name=\"twitter:card\" content=\"summary_large_image\" \/>\n<meta name=\"twitter:label1\" content=\"Dur\u00e9e de lecture estim\u00e9e\" \/>\n\t<meta name=\"twitter:data1\" content=\"3 minutes\" \/>\n<script type=\"application\/ld+json\" class=\"yoast-schema-graph\">{\"@context\":\"https:\/\/schema.org\",\"@graph\":[{\"@type\":\"WebPage\",\"@id\":\"https:\/\/web.umons.ac.be\/charleroi\/culture-et-sport\/sport\/\",\"url\":\"https:\/\/web.umons.ac.be\/charleroi\/culture-et-sport\/sport\/\",\"name\":\"Sport - UMONS Charleroi\",\"isPartOf\":{\"@id\":\"https:\/\/web.umons.ac.be\/charleroi\/#website\"},\"primaryImageOfPage\":{\"@id\":\"https:\/\/web.umons.ac.be\/charleroi\/culture-et-sport\/sport\/#primaryimage\"},\"image\":{\"@id\":\"https:\/\/web.umons.ac.be\/charleroi\/culture-et-sport\/sport\/#primaryimage\"},\"thumbnailUrl\":\"https:\/\/web.umons.ac.be\/app\/uploads\/sites\/43\/2024\/09\/group-of-multiaged-women-sports-team-players-in-2023-11-27-05-21-42-utc-scaled.jpg\",\"datePublished\":\"2022-10-12T13:50:05+00:00\",\"dateModified\":\"2026-02-16T14:11:18+00:00\",\"breadcrumb\":{\"@id\":\"https:\/\/web.umons.ac.be\/charleroi\/culture-et-sport\/sport\/#breadcrumb\"},\"inLanguage\":\"fr-FR\",\"potentialAction\":[{\"@type\":\"ReadAction\",\"target\":[\"https:\/\/web.umons.ac.be\/charleroi\/culture-et-sport\/sport\/\"]}]},{\"@type\":\"ImageObject\",\"inLanguage\":\"fr-FR\",\"@id\":\"https:\/\/web.umons.ac.be\/charleroi\/culture-et-sport\/sport\/#primaryimage\",\"url\":\"https:\/\/web.umons.ac.be\/app\/uploads\/sites\/43\/2024\/09\/group-of-multiaged-women-sports-team-players-in-2023-11-27-05-21-42-utc-scaled.jpg\",\"contentUrl\":\"https:\/\/web.umons.ac.be\/app\/uploads\/sites\/43\/2024\/09\/group-of-multiaged-women-sports-team-players-in-2023-11-27-05-21-42-utc-scaled.jpg\",\"width\":2560,\"height\":1707,\"caption\":\"A group of multiaged women, sports team players, in gym celebrating victory.\"},{\"@type\":\"BreadcrumbList\",\"@id\":\"https:\/\/web.umons.ac.be\/charleroi\/culture-et-sport\/sport\/#breadcrumb\",\"itemListElement\":[{\"@type\":\"ListItem\",\"position\":1,\"name\":\"Accueil\",\"item\":\"https:\/\/web.umons.ac.be\/charleroi\/\"},{\"@type\":\"ListItem\",\"position\":2,\"name\":\"Culture et Sport\",\"item\":\"https:\/\/web.umons.ac.be\/charleroi\/culture-et-sport\/\"},{\"@type\":\"ListItem\",\"position\":3,\"name\":\"Sport\"}]},{\"@type\":\"WebSite\",\"@id\":\"https:\/\/web.umons.ac.be\/charleroi\/#website\",\"url\":\"https:\/\/web.umons.ac.be\/charleroi\/\",\"name\":\"UMONS Charleroi\",\"description\":\"\",\"potentialAction\":[{\"@type\":\"SearchAction\",\"target\":{\"@type\":\"EntryPoint\",\"urlTemplate\":\"https:\/\/web.umons.ac.be\/charleroi\/?s={search_term_string}\"},\"query-input\":{\"@type\":\"PropertyValueSpecification\",\"valueRequired\":true,\"valueName\":\"search_term_string\"}}],\"inLanguage\":\"fr-FR\"}]}<\/script>\n<!-- \/ Yoast SEO plugin. -->","yoast_head_json":{"title":"Sport - UMONS Charleroi","robots":{"index":"index","follow":"follow","max-snippet":"max-snippet:-1","max-image-preview":"max-image-preview:large","max-video-preview":"max-video-preview:-1"},"canonical":"https:\/\/web.umons.ac.be\/charleroi\/culture-et-sport\/sport\/","og_locale":"fr_FR","og_type":"article","og_title":"Sport - UMONS Charleroi","og_description":"UNI-VERS le sport ! 1. L\u2019UMONS vous offre l\u2019application Formyfit Formyfit, c\u2019est une application de course \u00e0 pied proposant un coaching individualis\u00e9 adapt\u00e9 \u00e0 votre niveau de forme physique ainsi qu\u2019\u00e0 votre objectif personnel.\u00a0Pour en profitez, d\u00e9couvrez les d\u00e9marches ici\u00a0: https:\/\/alumniumonsac.sharepoint.com\/sites\/DAE\/SitePages\/Formyfit.aspx Pour t\u2019inscrire aux cours de sport, t\u00e9l\u00e9charge d\u00e9j\u00e0 l\u2019appli NOVA SPORT sur ton smartphone&gt; [&hellip;]","og_url":"https:\/\/web.umons.ac.be\/charleroi\/culture-et-sport\/sport\/","og_site_name":"UMONS Charleroi","article_modified_time":"2026-02-16T14:11:18+00:00","og_image":[{"width":2560,"height":1707,"url":"https:\/\/web.umons.ac.be\/app\/uploads\/sites\/43\/2024\/09\/group-of-multiaged-women-sports-team-players-in-2023-11-27-05-21-42-utc-scaled.jpg","type":"image\/jpeg"}],"twitter_card":"summary_large_image","twitter_misc":{"Dur\u00e9e de lecture estim\u00e9e":"3 minutes"},"schema":{"@context":"https:\/\/schema.org","@graph":[{"@type":"WebPage","@id":"https:\/\/web.umons.ac.be\/charleroi\/culture-et-sport\/sport\/","url":"https:\/\/web.umons.ac.be\/charleroi\/culture-et-sport\/sport\/","name":"Sport - UMONS Charleroi","isPartOf":{"@id":"https:\/\/web.umons.ac.be\/charleroi\/#website"},"primaryImageOfPage":{"@id":"https:\/\/web.umons.ac.be\/charleroi\/culture-et-sport\/sport\/#primaryimage"},"image":{"@id":"https:\/\/web.umons.ac.be\/charleroi\/culture-et-sport\/sport\/#primaryimage"},"thumbnailUrl":"https:\/\/web.umons.ac.be\/app\/uploads\/sites\/43\/2024\/09\/group-of-multiaged-women-sports-team-players-in-2023-11-27-05-21-42-utc-scaled.jpg","datePublished":"2022-10-12T13:50:05+00:00","dateModified":"2026-02-16T14:11:18+00:00","breadcrumb":{"@id":"https:\/\/web.umons.ac.be\/charleroi\/culture-et-sport\/sport\/#breadcrumb"},"inLanguage":"fr-FR","potentialAction":[{"@type":"ReadAction","target":["https:\/\/web.umons.ac.be\/charleroi\/culture-et-sport\/sport\/"]}]},{"@type":"ImageObject","inLanguage":"fr-FR","@id":"https:\/\/web.umons.ac.be\/charleroi\/culture-et-sport\/sport\/#primaryimage","url":"https:\/\/web.umons.ac.be\/app\/uploads\/sites\/43\/2024\/09\/group-of-multiaged-women-sports-team-players-in-2023-11-27-05-21-42-utc-scaled.jpg","contentUrl":"https:\/\/web.umons.ac.be\/app\/uploads\/sites\/43\/2024\/09\/group-of-multiaged-women-sports-team-players-in-2023-11-27-05-21-42-utc-scaled.jpg","width":2560,"height":1707,"caption":"A group of multiaged women, sports team players, in gym celebrating victory."},{"@type":"BreadcrumbList","@id":"https:\/\/web.umons.ac.be\/charleroi\/culture-et-sport\/sport\/#breadcrumb","itemListElement":[{"@type":"ListItem","position":1,"name":"Accueil","item":"https:\/\/web.umons.ac.be\/charleroi\/"},{"@type":"ListItem","position":2,"name":"Culture et Sport","item":"https:\/\/web.umons.ac.be\/charleroi\/culture-et-sport\/"},{"@type":"ListItem","position":3,"name":"Sport"}]},{"@type":"WebSite","@id":"https:\/\/web.umons.ac.be\/charleroi\/#website","url":"https:\/\/web.umons.ac.be\/charleroi\/","name":"UMONS Charleroi","description":"","potentialAction":[{"@type":"SearchAction","target":{"@type":"EntryPoint","urlTemplate":"https:\/\/web.umons.ac.be\/charleroi\/?s={search_term_string}"},"query-input":{"@type":"PropertyValueSpecification","valueRequired":true,"valueName":"search_term_string"}}],"inLanguage":"fr-FR"}]}},"lang":"fr","translations":{"fr":1192},"pll_sync_post":[],"_links":{"self":[{"href":"https:\/\/web.umons.ac.be\/charleroi\/wp-json\/wp\/v2\/pages\/1192","targetHints":{"allow":["GET"]}}],"collection":[{"href":"https:\/\/web.umons.ac.be\/charleroi\/wp-json\/wp\/v2\/pages"}],"about":[{"href":"https:\/\/web.umons.ac.be\/charleroi\/wp-json\/wp\/v2\/types\/page"}],"author":[{"embeddable":true,"href":"https:\/\/web.umons.ac.be\/charleroi\/wp-json\/wp\/v2\/users\/2"}],"replies":[{"embeddable":true,"href":"https:\/\/web.umons.ac.be\/charleroi\/wp-json\/wp\/v2\/comments?post=1192"}],"version-history":[{"count":4,"href":"https:\/\/web.umons.ac.be\/charleroi\/wp-json\/wp\/v2\/pages\/1192\/revisions"}],"predecessor-version":[{"id":2105,"href":"https:\/\/web.umons.ac.be\/charleroi\/wp-json\/wp\/v2\/pages\/1192\/revisions\/2105"}],"up":[{"embeddable":true,"href":"https:\/\/web.umons.ac.be\/charleroi\/wp-json\/wp\/v2\/pages\/1012"}],"wp:featuredmedia":[{"embeddable":true,"href":"https:\/\/web.umons.ac.be\/charleroi\/wp-json\/wp\/v2\/media\/1716"}],"wp:attachment":[{"href":"https:\/\/web.umons.ac.be\/charleroi\/wp-json\/wp\/v2\/media?parent=1192"}],"curies":[{"name":"wp","href":"https:\/\/api.w.org\/{rel}","templated":true}]}}