{"id":1194,"date":"2022-10-12T15:54:37","date_gmt":"2022-10-12T13:54:37","guid":{"rendered":"https:\/\/web.umons.ac.be\/charleroi\/?page_id=1194"},"modified":"2026-02-04T16:37:08","modified_gmt":"2026-02-04T15:37:08","slug":"culture","status":"publish","type":"page","link":"https:\/\/web.umons.ac.be\/charleroi\/culture-et-sport\/culture\/","title":{"rendered":"Culture"},"content":{"rendered":"<p>Vous trouverez sur cette page, les diff\u00e9rentes possibilit\u00e9s des avantages accord\u00e9s.<\/p>\n<start-cask-shortcode-wrapper>    <div class=\"accordion content-block scheme-biosciences\">\n                <div class=\"accordion-inner\">\n            <div class=\"accordion-bellow\">\n                <button class=\"accordion-bellow-toggle scheme-background-hover\" data-target=\"#accordion-content-6346c652c2965\">\n                    <span class=\"icon umons-icon-chevron-down\" aria-hidden=\"true\"><\/span> Avantages culturels (carte \u00e9tudiant UMONS ou carte membre du personnel UMONS)                <\/button>\n            <\/div>\n            <div id=\"accordion-content-6346c652c2965\" class=\"accordion-content\">\n            \t<div class=\"inner editor-front\">\n            \t\t<table style=\"border-collapse: collapse; width: 100%;\">\n<tbody>\n<tr>\n<td style=\"width: 21.9207%;\"><strong>Partenaires <\/strong><\/td>\n<td style=\"width: 78.0793%;\"><strong>Avantages UMONS<\/strong><\/td>\n<\/tr>\n<tr>\n<td style=\"width: 21.9207%;\">BPS22<\/td>\n<td style=\"width: 78.0793%;\">sur pr\u00e9sentation carte UMONS : pour une entr\u00e9e payante (3\u20ac pour \u00e9tudiant, 4\u20ac pour personnel), la 2\u00e8me entr\u00e9e est gratuite, et b\u00e9n\u00e9ficiez de 15% de r\u00e9duction sur les publications du BPS22.<\/td>\n<\/tr>\n<tr>\n<td style=\"width: 21.9207%;\">Charleroi Danse<\/td>\n<td style=\"width: 78.0793%;\">sur pr\u00e9sentation carte UMONS : tarif r\u00e9duit de 10\u20ac &#8211; tarif uniquement applicable pour les spectacles organis\u00e9s par Charleroi danse et qui ont lieu aux Ecuries ou \u00e0 la Raffinerie.<\/td>\n<\/tr>\n<tr>\n<td style=\"width: 21.9207%;\">Eden Charleroi<\/td>\n<td style=\"width: 78.0793%;\">sur pr\u00e9sentation carte UMONS \u00e9tudiant\/personnel, place de th\u00e9\u00e2tre au prix de 10\u20ac (au lieu de 14\u20ac).<\/td>\n<\/tr>\n<tr>\n<td style=\"width: 21.9207%;\">Th\u00e9\u00e2tre de l&rsquo;Ancre<\/td>\n<td style=\"width: 78.0793%;\">sur pr\u00e9sentation carte UMONS \u00e9tudiant\/personnel, tous les spectacles jou\u00e9s \u00e0 L&rsquo;Ancre au tarif groupe de 7\u20ac (au lieu de 10\u20ac).<\/td>\n<\/tr>\n<tr>\n<td style=\"width: 21.9207%;\">Palais des Beaux-Arts PBA<\/td>\n<td style=\"width: 78.0793%;\">votre carte \u00e9tudiant ou membre du personnel vous donne acc\u00e8s au Tarif Acad\u00e9mie = pour chaque spectacle, une r\u00e9duction sp\u00e9ciale UMONS !<\/td>\n<\/tr>\n<tr>\n<td style=\"width: 21.9207%;\">Quai 10<\/td>\n<td style=\"width: 78.0793%;\">sur pr\u00e9sentation carte UMONS \u00e9tudiant\/personnel, votre place au prix de 6\u20ac (au lieu de 7,5\u20ac).<\/td>\n<\/tr>\n<tr>\n<td style=\"width: 21.9207%;\">Vecteur<\/td>\n<td style=\"width: 78.0793%;\">sur pr\u00e9sentation carte UMONS : pour une entr\u00e9e payante, la 2e<br \/>\nentr\u00e9e est gratuite.<\/td>\n<\/tr>\n<\/tbody>\n<\/table>\n<p>&nbsp;<\/p>\n            \t<\/div>\n            <\/div>\n        <\/div>\n            <\/div>\n<end-cask-shortcode-wrapper>\n<p>Pour toute question ou suggestion relative aux activit\u00e9s culturelles \u00e0 Charleroi, vous pouvez contacter C\u00e9line Pourbaix en direct\u00a0:\u00a0<a href=\"mailto:celine.pourbaix@umons.ac.be\"><strong>celine.pourbaix@umons.ac.be<\/strong><\/a><\/p>\n<p style=\"font-style: inherit; font-weight: inherit;\">En cliquant sur le lien suivant\u00a0<a href=\"https:\/\/eur03.safelinks.protection.outlook.com\/?url=https%3A%2F%2Fmumons.be%2Fcommunaute-umons%2F&amp;data=05%7C01%7C%7C77921d5c0ab546030cd808daa1f351e8%7C488bed9dd6a748d5ba1febec3823b357%7C1%7C0%7C638000363663995713%7CUnknown%7CTWFpbGZsb3d8eyJWIjoiMC4wLjAwMDAiLCJQIjoiV2luMzIiLCJBTiI6Ik1haWwiLCJXVCI6Mn0%3D%7C3000%7C%7C%7C&amp;sdata=UKgVVzk%2FHFaVVjwCZo5AafQip%2FNo6rQue69wWGNMwDU%3D&amp;reserved=0\"><strong>https:\/\/mumons.be\/communaute-umons\/<\/strong><\/a>, vous serez redirig\u00e9 vers le site web du MUMONS, page Culture. Vous pourrez avoir une vue globale des conditions et partenariats culturels.<\/p>\n<p>REPLAY DES CONFERENCES 2025\/2026:<\/p>\n<p><iframe loading=\"lazy\" title=\"Rencontre avec Adrien Dolimont\" width=\"500\" height=\"281\" src=\"https:\/\/www.youtube.com\/embed\/xKbRybR1NLE?feature=oembed\" frameborder=\"0\" allow=\"accelerometer; autoplay; clipboard-write; encrypted-media; gyroscope; picture-in-picture; web-share\" referrerpolicy=\"strict-origin-when-cross-origin\" allowfullscreen><\/iframe><\/p>\n<p><iframe loading=\"lazy\" title=\"La France est-elle devenue ingouvernable ? par Emmanuel Cherrier et Didier Lhomme\" width=\"500\" height=\"281\" src=\"https:\/\/www.youtube.com\/embed\/5LNc0BNKkjg?feature=oembed\" frameborder=\"0\" allow=\"accelerometer; autoplay; clipboard-write; encrypted-media; gyroscope; picture-in-picture; web-share\" referrerpolicy=\"strict-origin-when-cross-origin\" allowfullscreen><\/iframe><\/p>\n","protected":false},"excerpt":{"rendered":"<p>Vous trouverez sur cette page, les diff\u00e9rentes possibilit\u00e9s des avantages accord\u00e9s. Pour toute question ou suggestion relative aux activit\u00e9s culturelles \u00e0 Charleroi, vous pouvez contacter C\u00e9line Pourbaix en direct\u00a0:\u00a0celine.pourbaix@umons.ac.be En cliquant sur le lien suivant\u00a0https:\/\/mumons.be\/communaute-umons\/, vous serez redirig\u00e9 vers le site web du MUMONS, page Culture. Vous pourrez avoir une vue globale des conditions et [&hellip;]<\/p>\n","protected":false},"author":2,"featured_media":0,"parent":1012,"menu_order":0,"comment_status":"closed","ping_status":"closed","template":"","meta":{"footnotes":""},"class_list":["post-1194","page","type-page","status-publish","hentry"],"yoast_head":"<!-- This site is optimized with the Yoast SEO plugin v27.2 - https:\/\/yoast.com\/product\/yoast-seo-wordpress\/ -->\n<title>Culture - UMONS Charleroi<\/title>\n<meta name=\"robots\" content=\"index, follow, max-snippet:-1, max-image-preview:large, max-video-preview:-1\" \/>\n<link rel=\"canonical\" href=\"https:\/\/web.umons.ac.be\/charleroi\/culture-et-sport\/culture\/\" \/>\n<meta property=\"og:locale\" content=\"fr_FR\" \/>\n<meta property=\"og:type\" content=\"article\" \/>\n<meta property=\"og:title\" content=\"Culture - UMONS Charleroi\" \/>\n<meta property=\"og:description\" content=\"Vous trouverez sur cette page, les diff\u00e9rentes possibilit\u00e9s des avantages accord\u00e9s. Pour toute question ou suggestion relative aux activit\u00e9s culturelles \u00e0 Charleroi, vous pouvez contacter C\u00e9line Pourbaix en direct\u00a0:\u00a0celine.pourbaix@umons.ac.be En cliquant sur le lien suivant\u00a0https:\/\/mumons.be\/communaute-umons\/, vous serez redirig\u00e9 vers le site web du MUMONS, page Culture. Vous pourrez avoir une vue globale des conditions et [&hellip;]\" \/>\n<meta property=\"og:url\" content=\"https:\/\/web.umons.ac.be\/charleroi\/culture-et-sport\/culture\/\" \/>\n<meta property=\"og:site_name\" content=\"UMONS Charleroi\" \/>\n<meta property=\"article:modified_time\" content=\"2026-02-04T15:37:08+00:00\" \/>\n<meta name=\"twitter:card\" content=\"summary_large_image\" \/>\n<meta name=\"twitter:label1\" content=\"Dur\u00e9e de lecture estim\u00e9e\" \/>\n\t<meta name=\"twitter:data1\" content=\"1 minute\" \/>\n<script type=\"application\/ld+json\" class=\"yoast-schema-graph\">{\"@context\":\"https:\/\/schema.org\",\"@graph\":[{\"@type\":\"WebPage\",\"@id\":\"https:\/\/web.umons.ac.be\/charleroi\/culture-et-sport\/culture\/\",\"url\":\"https:\/\/web.umons.ac.be\/charleroi\/culture-et-sport\/culture\/\",\"name\":\"Culture - UMONS Charleroi\",\"isPartOf\":{\"@id\":\"https:\/\/web.umons.ac.be\/charleroi\/#website\"},\"datePublished\":\"2022-10-12T13:54:37+00:00\",\"dateModified\":\"2026-02-04T15:37:08+00:00\",\"breadcrumb\":{\"@id\":\"https:\/\/web.umons.ac.be\/charleroi\/culture-et-sport\/culture\/#breadcrumb\"},\"inLanguage\":\"fr-FR\",\"potentialAction\":[{\"@type\":\"ReadAction\",\"target\":[\"https:\/\/web.umons.ac.be\/charleroi\/culture-et-sport\/culture\/\"]}]},{\"@type\":\"BreadcrumbList\",\"@id\":\"https:\/\/web.umons.ac.be\/charleroi\/culture-et-sport\/culture\/#breadcrumb\",\"itemListElement\":[{\"@type\":\"ListItem\",\"position\":1,\"name\":\"Accueil\",\"item\":\"https:\/\/web.umons.ac.be\/charleroi\/\"},{\"@type\":\"ListItem\",\"position\":2,\"name\":\"Culture et Sport\",\"item\":\"https:\/\/web.umons.ac.be\/charleroi\/culture-et-sport\/\"},{\"@type\":\"ListItem\",\"position\":3,\"name\":\"Culture\"}]},{\"@type\":\"WebSite\",\"@id\":\"https:\/\/web.umons.ac.be\/charleroi\/#website\",\"url\":\"https:\/\/web.umons.ac.be\/charleroi\/\",\"name\":\"UMONS Charleroi\",\"description\":\"\",\"potentialAction\":[{\"@type\":\"SearchAction\",\"target\":{\"@type\":\"EntryPoint\",\"urlTemplate\":\"https:\/\/web.umons.ac.be\/charleroi\/?s={search_term_string}\"},\"query-input\":{\"@type\":\"PropertyValueSpecification\",\"valueRequired\":true,\"valueName\":\"search_term_string\"}}],\"inLanguage\":\"fr-FR\"}]}<\/script>\n<!-- \/ Yoast SEO plugin. -->","yoast_head_json":{"title":"Culture - UMONS Charleroi","robots":{"index":"index","follow":"follow","max-snippet":"max-snippet:-1","max-image-preview":"max-image-preview:large","max-video-preview":"max-video-preview:-1"},"canonical":"https:\/\/web.umons.ac.be\/charleroi\/culture-et-sport\/culture\/","og_locale":"fr_FR","og_type":"article","og_title":"Culture - UMONS Charleroi","og_description":"Vous trouverez sur cette page, les diff\u00e9rentes possibilit\u00e9s des avantages accord\u00e9s. Pour toute question ou suggestion relative aux activit\u00e9s culturelles \u00e0 Charleroi, vous pouvez contacter C\u00e9line Pourbaix en direct\u00a0:\u00a0celine.pourbaix@umons.ac.be En cliquant sur le lien suivant\u00a0https:\/\/mumons.be\/communaute-umons\/, vous serez redirig\u00e9 vers le site web du MUMONS, page Culture. Vous pourrez avoir une vue globale des conditions et [&hellip;]","og_url":"https:\/\/web.umons.ac.be\/charleroi\/culture-et-sport\/culture\/","og_site_name":"UMONS Charleroi","article_modified_time":"2026-02-04T15:37:08+00:00","twitter_card":"summary_large_image","twitter_misc":{"Dur\u00e9e de lecture estim\u00e9e":"1 minute"},"schema":{"@context":"https:\/\/schema.org","@graph":[{"@type":"WebPage","@id":"https:\/\/web.umons.ac.be\/charleroi\/culture-et-sport\/culture\/","url":"https:\/\/web.umons.ac.be\/charleroi\/culture-et-sport\/culture\/","name":"Culture - UMONS Charleroi","isPartOf":{"@id":"https:\/\/web.umons.ac.be\/charleroi\/#website"},"datePublished":"2022-10-12T13:54:37+00:00","dateModified":"2026-02-04T15:37:08+00:00","breadcrumb":{"@id":"https:\/\/web.umons.ac.be\/charleroi\/culture-et-sport\/culture\/#breadcrumb"},"inLanguage":"fr-FR","potentialAction":[{"@type":"ReadAction","target":["https:\/\/web.umons.ac.be\/charleroi\/culture-et-sport\/culture\/"]}]},{"@type":"BreadcrumbList","@id":"https:\/\/web.umons.ac.be\/charleroi\/culture-et-sport\/culture\/#breadcrumb","itemListElement":[{"@type":"ListItem","position":1,"name":"Accueil","item":"https:\/\/web.umons.ac.be\/charleroi\/"},{"@type":"ListItem","position":2,"name":"Culture et Sport","item":"https:\/\/web.umons.ac.be\/charleroi\/culture-et-sport\/"},{"@type":"ListItem","position":3,"name":"Culture"}]},{"@type":"WebSite","@id":"https:\/\/web.umons.ac.be\/charleroi\/#website","url":"https:\/\/web.umons.ac.be\/charleroi\/","name":"UMONS Charleroi","description":"","potentialAction":[{"@type":"SearchAction","target":{"@type":"EntryPoint","urlTemplate":"https:\/\/web.umons.ac.be\/charleroi\/?s={search_term_string}"},"query-input":{"@type":"PropertyValueSpecification","valueRequired":true,"valueName":"search_term_string"}}],"inLanguage":"fr-FR"}]}},"lang":"fr","translations":{"fr":1194},"pll_sync_post":[],"_links":{"self":[{"href":"https:\/\/web.umons.ac.be\/charleroi\/wp-json\/wp\/v2\/pages\/1194","targetHints":{"allow":["GET"]}}],"collection":[{"href":"https:\/\/web.umons.ac.be\/charleroi\/wp-json\/wp\/v2\/pages"}],"about":[{"href":"https:\/\/web.umons.ac.be\/charleroi\/wp-json\/wp\/v2\/types\/page"}],"author":[{"embeddable":true,"href":"https:\/\/web.umons.ac.be\/charleroi\/wp-json\/wp\/v2\/users\/2"}],"replies":[{"embeddable":true,"href":"https:\/\/web.umons.ac.be\/charleroi\/wp-json\/wp\/v2\/comments?post=1194"}],"version-history":[{"count":2,"href":"https:\/\/web.umons.ac.be\/charleroi\/wp-json\/wp\/v2\/pages\/1194\/revisions"}],"predecessor-version":[{"id":2094,"href":"https:\/\/web.umons.ac.be\/charleroi\/wp-json\/wp\/v2\/pages\/1194\/revisions\/2094"}],"up":[{"embeddable":true,"href":"https:\/\/web.umons.ac.be\/charleroi\/wp-json\/wp\/v2\/pages\/1012"}],"wp:attachment":[{"href":"https:\/\/web.umons.ac.be\/charleroi\/wp-json\/wp\/v2\/media?parent=1194"}],"curies":[{"name":"wp","href":"https:\/\/api.w.org\/{rel}","templated":true}]}}