{"id":126,"date":"2017-10-24T13:17:24","date_gmt":"2017-10-24T11:17:24","guid":{"rendered":"https:\/\/web.umons.ac.be\/charleroi\/?page_id=126"},"modified":"2025-09-03T16:56:07","modified_gmt":"2025-09-03T14:56:07","slug":"conferences-et-debats","status":"publish","type":"page","link":"https:\/\/web.umons.ac.be\/charleroi\/conferences-et-debats\/","title":{"rendered":"Conf\u00e9rences et d\u00e9bats"},"content":{"rendered":"<p>L\u2019Universit\u00e9 de Mons est fr\u00e9quent\u00e9e d\u2019abord par des \u00e9tudiants ou des chercheurs. Mais c\u2019est aussi un lieu incontournable pour les citoyens qui d\u00e9sirent apprendre, comprendre ou r\u00e9fl\u00e9chir sur le futur.<\/p>\n<p><img loading=\"lazy\" decoding=\"async\" class=\"wp-image-1635 size-medium alignright\" src=\"https:\/\/web.umons.ac.be\/app\/uploads\/sites\/43\/2024\/02\/429803179_742008888039153_8242355093072508009_n-300x157.jpg\" alt=\"\" width=\"300\" height=\"157\" srcset=\"https:\/\/web.umons.ac.be\/app\/uploads\/sites\/43\/2024\/02\/429803179_742008888039153_8242355093072508009_n-300x157.jpg 300w, https:\/\/web.umons.ac.be\/app\/uploads\/sites\/43\/2024\/02\/429803179_742008888039153_8242355093072508009_n-1024x536.jpg 1024w, https:\/\/web.umons.ac.be\/app\/uploads\/sites\/43\/2024\/02\/429803179_742008888039153_8242355093072508009_n-768x402.jpg 768w, https:\/\/web.umons.ac.be\/app\/uploads\/sites\/43\/2024\/02\/429803179_742008888039153_8242355093072508009_n-1536x804.jpg 1536w, https:\/\/web.umons.ac.be\/app\/uploads\/sites\/43\/2024\/02\/429803179_742008888039153_8242355093072508009_n-1261x660.jpg 1261w, https:\/\/web.umons.ac.be\/app\/uploads\/sites\/43\/2024\/02\/429803179_742008888039153_8242355093072508009_n-30x16.jpg 30w, https:\/\/web.umons.ac.be\/app\/uploads\/sites\/43\/2024\/02\/429803179_742008888039153_8242355093072508009_n-60x31.jpg 60w, https:\/\/web.umons.ac.be\/app\/uploads\/sites\/43\/2024\/02\/429803179_742008888039153_8242355093072508009_n-360x188.jpg 360w, https:\/\/web.umons.ac.be\/app\/uploads\/sites\/43\/2024\/02\/429803179_742008888039153_8242355093072508009_n-1200x630.jpg 1200w, https:\/\/web.umons.ac.be\/app\/uploads\/sites\/43\/2024\/02\/429803179_742008888039153_8242355093072508009_n.jpg 1834w\" sizes=\"auto, (max-width: 300px) 100vw, 300px\" \/><br \/>\nL&rsquo;UMONS, par l&rsquo;interm\u00e9diaire du <a href=\"https:\/\/mumons.be\" target=\"_blank\" rel=\"noopener\">MUMONS<\/a>, propose en effet des <strong>conf\u00e9rences<\/strong> passionnantes dans les domaines de recherche qui lui sont propres. Au sein de l\u2019UMONS, diff\u00e9rentes structures \u0153uvrent de concert pour offrir tant \u00e0 la communaut\u00e9 universitaire qu\u2019aux citoyens, une vie culturelle originale et en phase avec son temps.<\/p>\n<p>Parmi les manifestations culturelles de l&rsquo;UMONS \u00e0 Charleroi, le cycle de conf\u00e9rences de vulgarisation scientifique, baptis\u00e9 <a href=\"https:\/\/web.umons.ac.be\/charleroi\/evenements\/\"><em><strong>\u00ab Les Invit\u00e9s de l&rsquo;UMONS \u00e0 Charleroi\u00bb<\/strong><\/em><\/a>, existe depuis 2012. Des universitaires exposent les r\u00e9sultats de leurs recherches et visent ainsi \u00e0 y sensibiliser le grand public. Des invit\u00e9s externes sont aussi sollicit\u00e9s. Les sujets abord\u00e9s sont pluridisciplinaires et peuvent \u00eatre propos\u00e9s avec des partenaires carolos (L\u2019Ancre, Charleroi danse, PBA ). Les conf\u00e9rences ont lieu sur le Campus de Charleroi ou sont externalis\u00e9es dans des lieux propos\u00e9s par nos partenaires ( RCSC, DOME, Van Der Valk Charleroi Airport). Le programme de l&rsquo;ann\u00e9e est consultable sur l\u2019agenda ( \u00e9v\u00e9nements) de l\u2019UMONS.<\/p>\n<p><img loading=\"lazy\" decoding=\"async\" class=\"wp-image-1740 size-medium alignright\" src=\"https:\/\/web.umons.ac.be\/app\/uploads\/sites\/43\/2024\/04\/Banner-Facebook-300x244.png\" alt=\"\" width=\"300\" height=\"244\" srcset=\"https:\/\/web.umons.ac.be\/app\/uploads\/sites\/43\/2024\/04\/Banner-Facebook-300x244.png 300w, https:\/\/web.umons.ac.be\/app\/uploads\/sites\/43\/2024\/04\/Banner-Facebook-1024x832.png 1024w, https:\/\/web.umons.ac.be\/app\/uploads\/sites\/43\/2024\/04\/Banner-Facebook-768x624.png 768w, https:\/\/web.umons.ac.be\/app\/uploads\/sites\/43\/2024\/04\/Banner-Facebook-1536x1249.png 1536w, https:\/\/web.umons.ac.be\/app\/uploads\/sites\/43\/2024\/04\/Banner-Facebook-812x660.png 812w, https:\/\/web.umons.ac.be\/app\/uploads\/sites\/43\/2024\/04\/Banner-Facebook-30x24.png 30w, https:\/\/web.umons.ac.be\/app\/uploads\/sites\/43\/2024\/04\/Banner-Facebook-60x49.png 60w, https:\/\/web.umons.ac.be\/app\/uploads\/sites\/43\/2024\/04\/Banner-Facebook-360x293.png 360w, https:\/\/web.umons.ac.be\/app\/uploads\/sites\/43\/2024\/04\/Banner-Facebook.png 1775w\" sizes=\"auto, (max-width: 300px) 100vw, 300px\" \/><\/p>\n<p>&nbsp;<\/p>\n<p>L\u2019UMONS participe \u00e9galement \u00e0 d\u2019autres activit\u00e9s avec les acteurs culturels de Charleroi. Ainsi, le cycle cin\u00e9<br \/>\n<a href=\"https:\/\/mumons.be\/museum\/activites\/wake-up-edition-2023-2024\/\"><em><strong>\u00ab Wake Up ! \u00bb<\/strong><\/em><\/a>\u00a0l\u2019associe au<span style=\"font-size: 14pt;\"><strong> Quai 10<\/strong><\/span> et \u00e0 Financit\u00e9. Un film s\u2019inscrivant dans la th\u00e9matique g\u00e9n\u00e9rale de la transition, est suivi d\u2019un moment d\u2019\u00e9changes\/et d\u00e9bat avec des experts choisis en fonction du th\u00e8me.<\/p>\n<p><img loading=\"lazy\" decoding=\"async\" class=\"alignnone size-medium wp-image-1749\" src=\"https:\/\/web.umons.ac.be\/app\/uploads\/sites\/43\/2024\/10\/Banner-Site-Mars-Express-1024x367-1-300x108.png\" alt=\"\" width=\"300\" height=\"108\" srcset=\"https:\/\/web.umons.ac.be\/app\/uploads\/sites\/43\/2024\/10\/Banner-Site-Mars-Express-1024x367-1-300x108.png 300w, https:\/\/web.umons.ac.be\/app\/uploads\/sites\/43\/2024\/10\/Banner-Site-Mars-Express-1024x367-1-768x275.png 768w, https:\/\/web.umons.ac.be\/app\/uploads\/sites\/43\/2024\/10\/Banner-Site-Mars-Express-1024x367-1-30x11.png 30w, https:\/\/web.umons.ac.be\/app\/uploads\/sites\/43\/2024\/10\/Banner-Site-Mars-Express-1024x367-1-60x22.png 60w, https:\/\/web.umons.ac.be\/app\/uploads\/sites\/43\/2024\/10\/Banner-Site-Mars-Express-1024x367-1-360x129.png 360w, https:\/\/web.umons.ac.be\/app\/uploads\/sites\/43\/2024\/10\/Banner-Site-Mars-Express-1024x367-1.png 1024w\" sizes=\"auto, (max-width: 300px) 100vw, 300px\" \/><\/p>\n","protected":false},"excerpt":{"rendered":"<p>L\u2019Universit\u00e9 de Mons est fr\u00e9quent\u00e9e d\u2019abord par des \u00e9tudiants ou des chercheurs. Mais c\u2019est aussi un lieu incontournable pour les citoyens qui d\u00e9sirent apprendre, comprendre ou r\u00e9fl\u00e9chir sur le futur. L&rsquo;UMONS, par l&rsquo;interm\u00e9diaire du MUMONS, propose en effet des conf\u00e9rences passionnantes dans les domaines de recherche qui lui sont propres. Au sein de l\u2019UMONS, diff\u00e9rentes [&hellip;]<\/p>\n","protected":false},"author":2,"featured_media":0,"parent":0,"menu_order":0,"comment_status":"closed","ping_status":"closed","template":"","meta":{"footnotes":""},"class_list":["post-126","page","type-page","status-publish","hentry"],"yoast_head":"<!-- This site is optimized with the Yoast SEO plugin v27.2 - https:\/\/yoast.com\/product\/yoast-seo-wordpress\/ -->\n<title>Conf\u00e9rences et d\u00e9bats - UMONS Charleroi<\/title>\n<meta name=\"robots\" content=\"index, follow, max-snippet:-1, max-image-preview:large, max-video-preview:-1\" \/>\n<link rel=\"canonical\" href=\"https:\/\/web.umons.ac.be\/charleroi\/conferences-et-debats\/\" \/>\n<meta property=\"og:locale\" content=\"fr_FR\" \/>\n<meta property=\"og:type\" content=\"article\" \/>\n<meta property=\"og:title\" content=\"Conf\u00e9rences et d\u00e9bats - UMONS Charleroi\" \/>\n<meta property=\"og:description\" content=\"L\u2019Universit\u00e9 de Mons est fr\u00e9quent\u00e9e d\u2019abord par des \u00e9tudiants ou des chercheurs. Mais c\u2019est aussi un lieu incontournable pour les citoyens qui d\u00e9sirent apprendre, comprendre ou r\u00e9fl\u00e9chir sur le futur. L&rsquo;UMONS, par l&rsquo;interm\u00e9diaire du MUMONS, propose en effet des conf\u00e9rences passionnantes dans les domaines de recherche qui lui sont propres. Au sein de l\u2019UMONS, diff\u00e9rentes [&hellip;]\" \/>\n<meta property=\"og:url\" content=\"https:\/\/web.umons.ac.be\/charleroi\/conferences-et-debats\/\" \/>\n<meta property=\"og:site_name\" content=\"UMONS Charleroi\" \/>\n<meta property=\"article:modified_time\" content=\"2025-09-03T14:56:07+00:00\" \/>\n<meta property=\"og:image\" content=\"https:\/\/web.umons.ac.be\/app\/uploads\/sites\/43\/2024\/02\/429803179_742008888039153_8242355093072508009_n.jpg\" \/>\n\t<meta property=\"og:image:width\" content=\"1834\" \/>\n\t<meta property=\"og:image:height\" content=\"960\" \/>\n\t<meta property=\"og:image:type\" content=\"image\/jpeg\" \/>\n<meta name=\"twitter:card\" content=\"summary_large_image\" \/>\n<meta name=\"twitter:label1\" content=\"Dur\u00e9e de lecture estim\u00e9e\" \/>\n\t<meta name=\"twitter:data1\" content=\"2 minutes\" \/>\n<script type=\"application\/ld+json\" class=\"yoast-schema-graph\">{\"@context\":\"https:\/\/schema.org\",\"@graph\":[{\"@type\":\"WebPage\",\"@id\":\"https:\/\/web.umons.ac.be\/charleroi\/conferences-et-debats\/\",\"url\":\"https:\/\/web.umons.ac.be\/charleroi\/conferences-et-debats\/\",\"name\":\"Conf\u00e9rences et d\u00e9bats - UMONS Charleroi\",\"isPartOf\":{\"@id\":\"https:\/\/web.umons.ac.be\/charleroi\/#website\"},\"primaryImageOfPage\":{\"@id\":\"https:\/\/web.umons.ac.be\/charleroi\/conferences-et-debats\/#primaryimage\"},\"image\":{\"@id\":\"https:\/\/web.umons.ac.be\/charleroi\/conferences-et-debats\/#primaryimage\"},\"thumbnailUrl\":\"https:\/\/web.umons.ac.be\/app\/uploads\/sites\/43\/2024\/02\/429803179_742008888039153_8242355093072508009_n-300x157.jpg\",\"datePublished\":\"2017-10-24T11:17:24+00:00\",\"dateModified\":\"2025-09-03T14:56:07+00:00\",\"breadcrumb\":{\"@id\":\"https:\/\/web.umons.ac.be\/charleroi\/conferences-et-debats\/#breadcrumb\"},\"inLanguage\":\"fr-FR\",\"potentialAction\":[{\"@type\":\"ReadAction\",\"target\":[\"https:\/\/web.umons.ac.be\/charleroi\/conferences-et-debats\/\"]}]},{\"@type\":\"ImageObject\",\"inLanguage\":\"fr-FR\",\"@id\":\"https:\/\/web.umons.ac.be\/charleroi\/conferences-et-debats\/#primaryimage\",\"url\":\"https:\/\/web.umons.ac.be\/app\/uploads\/sites\/43\/2024\/02\/429803179_742008888039153_8242355093072508009_n-300x157.jpg\",\"contentUrl\":\"https:\/\/web.umons.ac.be\/app\/uploads\/sites\/43\/2024\/02\/429803179_742008888039153_8242355093072508009_n-300x157.jpg\"},{\"@type\":\"BreadcrumbList\",\"@id\":\"https:\/\/web.umons.ac.be\/charleroi\/conferences-et-debats\/#breadcrumb\",\"itemListElement\":[{\"@type\":\"ListItem\",\"position\":1,\"name\":\"Accueil\",\"item\":\"https:\/\/web.umons.ac.be\/charleroi\/\"},{\"@type\":\"ListItem\",\"position\":2,\"name\":\"Conf\u00e9rences et d\u00e9bats\"}]},{\"@type\":\"WebSite\",\"@id\":\"https:\/\/web.umons.ac.be\/charleroi\/#website\",\"url\":\"https:\/\/web.umons.ac.be\/charleroi\/\",\"name\":\"UMONS Charleroi\",\"description\":\"\",\"potentialAction\":[{\"@type\":\"SearchAction\",\"target\":{\"@type\":\"EntryPoint\",\"urlTemplate\":\"https:\/\/web.umons.ac.be\/charleroi\/?s={search_term_string}\"},\"query-input\":{\"@type\":\"PropertyValueSpecification\",\"valueRequired\":true,\"valueName\":\"search_term_string\"}}],\"inLanguage\":\"fr-FR\"}]}<\/script>\n<!-- \/ Yoast SEO plugin. -->","yoast_head_json":{"title":"Conf\u00e9rences et d\u00e9bats - UMONS Charleroi","robots":{"index":"index","follow":"follow","max-snippet":"max-snippet:-1","max-image-preview":"max-image-preview:large","max-video-preview":"max-video-preview:-1"},"canonical":"https:\/\/web.umons.ac.be\/charleroi\/conferences-et-debats\/","og_locale":"fr_FR","og_type":"article","og_title":"Conf\u00e9rences et d\u00e9bats - UMONS Charleroi","og_description":"L\u2019Universit\u00e9 de Mons est fr\u00e9quent\u00e9e d\u2019abord par des \u00e9tudiants ou des chercheurs. Mais c\u2019est aussi un lieu incontournable pour les citoyens qui d\u00e9sirent apprendre, comprendre ou r\u00e9fl\u00e9chir sur le futur. L&rsquo;UMONS, par l&rsquo;interm\u00e9diaire du MUMONS, propose en effet des conf\u00e9rences passionnantes dans les domaines de recherche qui lui sont propres. Au sein de l\u2019UMONS, diff\u00e9rentes [&hellip;]","og_url":"https:\/\/web.umons.ac.be\/charleroi\/conferences-et-debats\/","og_site_name":"UMONS Charleroi","article_modified_time":"2025-09-03T14:56:07+00:00","og_image":[{"width":1834,"height":960,"url":"https:\/\/web.umons.ac.be\/app\/uploads\/sites\/43\/2024\/02\/429803179_742008888039153_8242355093072508009_n.jpg","type":"image\/jpeg"}],"twitter_card":"summary_large_image","twitter_misc":{"Dur\u00e9e de lecture estim\u00e9e":"2 minutes"},"schema":{"@context":"https:\/\/schema.org","@graph":[{"@type":"WebPage","@id":"https:\/\/web.umons.ac.be\/charleroi\/conferences-et-debats\/","url":"https:\/\/web.umons.ac.be\/charleroi\/conferences-et-debats\/","name":"Conf\u00e9rences et d\u00e9bats - UMONS Charleroi","isPartOf":{"@id":"https:\/\/web.umons.ac.be\/charleroi\/#website"},"primaryImageOfPage":{"@id":"https:\/\/web.umons.ac.be\/charleroi\/conferences-et-debats\/#primaryimage"},"image":{"@id":"https:\/\/web.umons.ac.be\/charleroi\/conferences-et-debats\/#primaryimage"},"thumbnailUrl":"https:\/\/web.umons.ac.be\/app\/uploads\/sites\/43\/2024\/02\/429803179_742008888039153_8242355093072508009_n-300x157.jpg","datePublished":"2017-10-24T11:17:24+00:00","dateModified":"2025-09-03T14:56:07+00:00","breadcrumb":{"@id":"https:\/\/web.umons.ac.be\/charleroi\/conferences-et-debats\/#breadcrumb"},"inLanguage":"fr-FR","potentialAction":[{"@type":"ReadAction","target":["https:\/\/web.umons.ac.be\/charleroi\/conferences-et-debats\/"]}]},{"@type":"ImageObject","inLanguage":"fr-FR","@id":"https:\/\/web.umons.ac.be\/charleroi\/conferences-et-debats\/#primaryimage","url":"https:\/\/web.umons.ac.be\/app\/uploads\/sites\/43\/2024\/02\/429803179_742008888039153_8242355093072508009_n-300x157.jpg","contentUrl":"https:\/\/web.umons.ac.be\/app\/uploads\/sites\/43\/2024\/02\/429803179_742008888039153_8242355093072508009_n-300x157.jpg"},{"@type":"BreadcrumbList","@id":"https:\/\/web.umons.ac.be\/charleroi\/conferences-et-debats\/#breadcrumb","itemListElement":[{"@type":"ListItem","position":1,"name":"Accueil","item":"https:\/\/web.umons.ac.be\/charleroi\/"},{"@type":"ListItem","position":2,"name":"Conf\u00e9rences et d\u00e9bats"}]},{"@type":"WebSite","@id":"https:\/\/web.umons.ac.be\/charleroi\/#website","url":"https:\/\/web.umons.ac.be\/charleroi\/","name":"UMONS Charleroi","description":"","potentialAction":[{"@type":"SearchAction","target":{"@type":"EntryPoint","urlTemplate":"https:\/\/web.umons.ac.be\/charleroi\/?s={search_term_string}"},"query-input":{"@type":"PropertyValueSpecification","valueRequired":true,"valueName":"search_term_string"}}],"inLanguage":"fr-FR"}]}},"lang":"fr","translations":{"fr":126},"pll_sync_post":[],"_links":{"self":[{"href":"https:\/\/web.umons.ac.be\/charleroi\/wp-json\/wp\/v2\/pages\/126","targetHints":{"allow":["GET"]}}],"collection":[{"href":"https:\/\/web.umons.ac.be\/charleroi\/wp-json\/wp\/v2\/pages"}],"about":[{"href":"https:\/\/web.umons.ac.be\/charleroi\/wp-json\/wp\/v2\/types\/page"}],"author":[{"embeddable":true,"href":"https:\/\/web.umons.ac.be\/charleroi\/wp-json\/wp\/v2\/users\/2"}],"replies":[{"embeddable":true,"href":"https:\/\/web.umons.ac.be\/charleroi\/wp-json\/wp\/v2\/comments?post=126"}],"version-history":[{"count":4,"href":"https:\/\/web.umons.ac.be\/charleroi\/wp-json\/wp\/v2\/pages\/126\/revisions"}],"predecessor-version":[{"id":1939,"href":"https:\/\/web.umons.ac.be\/charleroi\/wp-json\/wp\/v2\/pages\/126\/revisions\/1939"}],"wp:attachment":[{"href":"https:\/\/web.umons.ac.be\/charleroi\/wp-json\/wp\/v2\/media?parent=126"}],"curies":[{"name":"wp","href":"https:\/\/api.w.org\/{rel}","templated":true}]}}