{"id":134,"date":"2017-10-24T14:49:59","date_gmt":"2017-10-24T12:49:59","guid":{"rendered":"https:\/\/web.umons.ac.be\/charleroi\/?page_id=134"},"modified":"2023-10-19T16:39:17","modified_gmt":"2023-10-19T14:39:17","slug":"accueil-du-secondaire","status":"publish","type":"page","link":"https:\/\/web.umons.ac.be\/charleroi\/accueil-du-secondaire\/","title":{"rendered":"Accueil du secondaire"},"content":{"rendered":"<p>L\u2019UMONS, y compris \u00e0 Charleroi, d\u00e9veloppe diff\u00e9rentes activit\u00e9s pour aider les \u00e9l\u00e8ves de la fin du secondaire \u00e0 <a href=\"https:\/\/web.umons.ac.be\/fr\/vous-etes\/futur-etudiant\/rheto-futur-bachelier\/\" target=\"_blank\" rel=\"noopener\"><strong>s\u2019informer, s\u2019orienter et se pr\u00e9parer<\/strong><\/a> \u00e0 l\u2019entr\u00e9e \u00e0 l\u2019universit\u00e9.<\/p>\n<p><strong>S\u2019infomer<\/strong><\/p>\n<ul>\n<li>Des <a href=\"https:\/\/www.umons.ac.be\/cours-ouverts\" target=\"_blank\" rel=\"noopener\"><strong>cours ouverts<\/strong><\/a> sont accessibles durant les cong\u00e9s scolaires de Toussaint et de Carnaval.<\/li>\n<li>Des activit\u00e9s d&rsquo;<a href=\"https:\/\/web.umons.ac.be\/fweg\/fr\/nos-activites-avec-le-secondaire\/\" target=\"_blank\" rel=\"noopener\">initiation \u00e0 l&rsquo;\u00e9conomie et \u00e0 la gestion<\/a> s&rsquo;adressent aux classes de l&rsquo;enseignement secondaire.<\/li>\n<\/ul>\n<p><strong>S\u2019orienter<\/strong><\/p>\n<ul>\n<li>Des <a href=\"https:\/\/web.umons.ac.be\/fr\/rdv-rhetos\/atelier-orientation\/\" target=\"_blank\" rel=\"noopener\"><strong>ateliers d\u2019orientation<\/strong><\/a>, en petits groupes, sont propos\u00e9s certains mercredis apr\u00e8s-midi.<\/li>\n<\/ul>\n<p><strong>Se pr\u00e9parer<\/strong><\/p>\n<ul>\n<li>Des <a href=\"https:\/\/web.umons.ac.be\/fmp\/fr\/etudes\/cours-preparatoires-en-fmp\/\" target=\"_blank\" rel=\"noopener\"><strong>cours pr\u00e9paratoires \u00e0 l\u2019examen d\u2019entr\u00e9e en m\u00e9decine<\/strong><\/a> sont organis\u00e9s \u00e0 partir de janvier et permettent aux candidats de perfectionner leurs connaissances en <strong>biologie<\/strong>, <strong>math\u00e9matiques<\/strong>, <strong>chimie<\/strong> et<\/li>\n<li><strong>Des <\/strong><a href=\"https:\/\/web.umons.ac.be\/fpms\/fr\/bienvenue-a-la-polytech\/examen-admission\/\" target=\"_blank\" rel=\"noopener\"><strong>activit\u00e9s pr\u00e9paratoires \u00e0 l\u2019examen d\u2019entr\u00e9e aux \u00e9tudes d\u2019ing\u00e9nieur civil<\/strong><\/a> <strong>se d\u00e9roulent les samedis matin \u00e0 partir de septembre, ainsi que certains mercredis apr\u00e8s-midi \u00e0 partir de mars.<\/strong><\/li>\n<li>Des <a href=\"https:\/\/web.umons.ac.be\/fr\/evenements\/welcome-week-et-cours-introductifs\/\" target=\"_blank\" rel=\"noopener\"><strong>cours introductifs<\/strong><\/a> ont lieu, pour certaines facult\u00e9s, durant la semaine qui pr\u00e9c\u00e8de la rentr\u00e9e de septembre.<\/li>\n<li>A Charleroi, trois partenaires du CampusUCharleroi (ULB, UMONS et ISI PS) s&rsquo;associent pour proposer le <a href=\"https:\/\/web.umons.ac.be\/charleroi\/2023\/01\/11\/lancement-des-cours-preparatoires-ready-for-sup\/\">programme READY4SUP&rsquo;<\/a>. Ces cours pr\u00e9paratoires s&rsquo;adressent aux \u00e9tudiants de fin du secondaire qui entreprendront des \u00e9tudes sup\u00e9rieures dans le domaine des sciences et\/ou de la sant\u00e9.<\/li>\n<\/ul>\n<p>&nbsp;<\/p>\n<p>&nbsp;<\/p>\n","protected":false},"excerpt":{"rendered":"<p>L\u2019UMONS, y compris \u00e0 Charleroi, d\u00e9veloppe diff\u00e9rentes activit\u00e9s pour aider les \u00e9l\u00e8ves de la fin du secondaire \u00e0 s\u2019informer, s\u2019orienter et se pr\u00e9parer \u00e0 l\u2019entr\u00e9e \u00e0 l\u2019universit\u00e9. S\u2019infomer Des cours ouverts sont accessibles durant les cong\u00e9s scolaires de Toussaint et de Carnaval. Des activit\u00e9s d&rsquo;initiation \u00e0 l&rsquo;\u00e9conomie et \u00e0 la gestion s&rsquo;adressent aux classes de [&hellip;]<\/p>\n","protected":false},"author":2,"featured_media":0,"parent":0,"menu_order":0,"comment_status":"closed","ping_status":"closed","template":"","meta":{"footnotes":""},"class_list":["post-134","page","type-page","status-publish","hentry"],"yoast_head":"<!-- This site is optimized with the Yoast SEO plugin v27.2 - https:\/\/yoast.com\/product\/yoast-seo-wordpress\/ -->\n<title>Accueil du secondaire - UMONS Charleroi<\/title>\n<meta name=\"robots\" content=\"index, follow, max-snippet:-1, max-image-preview:large, max-video-preview:-1\" \/>\n<link rel=\"canonical\" href=\"https:\/\/web.umons.ac.be\/charleroi\/accueil-du-secondaire\/\" \/>\n<meta property=\"og:locale\" content=\"fr_FR\" \/>\n<meta property=\"og:type\" content=\"article\" \/>\n<meta property=\"og:title\" content=\"Accueil du secondaire - UMONS Charleroi\" \/>\n<meta property=\"og:description\" content=\"L\u2019UMONS, y compris \u00e0 Charleroi, d\u00e9veloppe diff\u00e9rentes activit\u00e9s pour aider les \u00e9l\u00e8ves de la fin du secondaire \u00e0 s\u2019informer, s\u2019orienter et se pr\u00e9parer \u00e0 l\u2019entr\u00e9e \u00e0 l\u2019universit\u00e9. S\u2019infomer Des cours ouverts sont accessibles durant les cong\u00e9s scolaires de Toussaint et de Carnaval. Des activit\u00e9s d&rsquo;initiation \u00e0 l&rsquo;\u00e9conomie et \u00e0 la gestion s&rsquo;adressent aux classes de [&hellip;]\" \/>\n<meta property=\"og:url\" content=\"https:\/\/web.umons.ac.be\/charleroi\/accueil-du-secondaire\/\" \/>\n<meta property=\"og:site_name\" content=\"UMONS Charleroi\" \/>\n<meta property=\"article:modified_time\" content=\"2023-10-19T14:39:17+00:00\" \/>\n<meta name=\"twitter:card\" content=\"summary_large_image\" \/>\n<meta name=\"twitter:label1\" content=\"Dur\u00e9e de lecture estim\u00e9e\" \/>\n\t<meta name=\"twitter:data1\" content=\"1 minute\" \/>\n<script type=\"application\/ld+json\" class=\"yoast-schema-graph\">{\"@context\":\"https:\/\/schema.org\",\"@graph\":[{\"@type\":\"WebPage\",\"@id\":\"https:\/\/web.umons.ac.be\/charleroi\/accueil-du-secondaire\/\",\"url\":\"https:\/\/web.umons.ac.be\/charleroi\/accueil-du-secondaire\/\",\"name\":\"Accueil du secondaire - UMONS Charleroi\",\"isPartOf\":{\"@id\":\"https:\/\/web.umons.ac.be\/charleroi\/#website\"},\"datePublished\":\"2017-10-24T12:49:59+00:00\",\"dateModified\":\"2023-10-19T14:39:17+00:00\",\"breadcrumb\":{\"@id\":\"https:\/\/web.umons.ac.be\/charleroi\/accueil-du-secondaire\/#breadcrumb\"},\"inLanguage\":\"fr-FR\",\"potentialAction\":[{\"@type\":\"ReadAction\",\"target\":[\"https:\/\/web.umons.ac.be\/charleroi\/accueil-du-secondaire\/\"]}]},{\"@type\":\"BreadcrumbList\",\"@id\":\"https:\/\/web.umons.ac.be\/charleroi\/accueil-du-secondaire\/#breadcrumb\",\"itemListElement\":[{\"@type\":\"ListItem\",\"position\":1,\"name\":\"Accueil\",\"item\":\"https:\/\/web.umons.ac.be\/charleroi\/\"},{\"@type\":\"ListItem\",\"position\":2,\"name\":\"Accueil du secondaire\"}]},{\"@type\":\"WebSite\",\"@id\":\"https:\/\/web.umons.ac.be\/charleroi\/#website\",\"url\":\"https:\/\/web.umons.ac.be\/charleroi\/\",\"name\":\"UMONS Charleroi\",\"description\":\"\",\"potentialAction\":[{\"@type\":\"SearchAction\",\"target\":{\"@type\":\"EntryPoint\",\"urlTemplate\":\"https:\/\/web.umons.ac.be\/charleroi\/?s={search_term_string}\"},\"query-input\":{\"@type\":\"PropertyValueSpecification\",\"valueRequired\":true,\"valueName\":\"search_term_string\"}}],\"inLanguage\":\"fr-FR\"}]}<\/script>\n<!-- \/ Yoast SEO plugin. -->","yoast_head_json":{"title":"Accueil du secondaire - UMONS Charleroi","robots":{"index":"index","follow":"follow","max-snippet":"max-snippet:-1","max-image-preview":"max-image-preview:large","max-video-preview":"max-video-preview:-1"},"canonical":"https:\/\/web.umons.ac.be\/charleroi\/accueil-du-secondaire\/","og_locale":"fr_FR","og_type":"article","og_title":"Accueil du secondaire - UMONS Charleroi","og_description":"L\u2019UMONS, y compris \u00e0 Charleroi, d\u00e9veloppe diff\u00e9rentes activit\u00e9s pour aider les \u00e9l\u00e8ves de la fin du secondaire \u00e0 s\u2019informer, s\u2019orienter et se pr\u00e9parer \u00e0 l\u2019entr\u00e9e \u00e0 l\u2019universit\u00e9. S\u2019infomer Des cours ouverts sont accessibles durant les cong\u00e9s scolaires de Toussaint et de Carnaval. Des activit\u00e9s d&rsquo;initiation \u00e0 l&rsquo;\u00e9conomie et \u00e0 la gestion s&rsquo;adressent aux classes de [&hellip;]","og_url":"https:\/\/web.umons.ac.be\/charleroi\/accueil-du-secondaire\/","og_site_name":"UMONS Charleroi","article_modified_time":"2023-10-19T14:39:17+00:00","twitter_card":"summary_large_image","twitter_misc":{"Dur\u00e9e de lecture estim\u00e9e":"1 minute"},"schema":{"@context":"https:\/\/schema.org","@graph":[{"@type":"WebPage","@id":"https:\/\/web.umons.ac.be\/charleroi\/accueil-du-secondaire\/","url":"https:\/\/web.umons.ac.be\/charleroi\/accueil-du-secondaire\/","name":"Accueil du secondaire - UMONS Charleroi","isPartOf":{"@id":"https:\/\/web.umons.ac.be\/charleroi\/#website"},"datePublished":"2017-10-24T12:49:59+00:00","dateModified":"2023-10-19T14:39:17+00:00","breadcrumb":{"@id":"https:\/\/web.umons.ac.be\/charleroi\/accueil-du-secondaire\/#breadcrumb"},"inLanguage":"fr-FR","potentialAction":[{"@type":"ReadAction","target":["https:\/\/web.umons.ac.be\/charleroi\/accueil-du-secondaire\/"]}]},{"@type":"BreadcrumbList","@id":"https:\/\/web.umons.ac.be\/charleroi\/accueil-du-secondaire\/#breadcrumb","itemListElement":[{"@type":"ListItem","position":1,"name":"Accueil","item":"https:\/\/web.umons.ac.be\/charleroi\/"},{"@type":"ListItem","position":2,"name":"Accueil du secondaire"}]},{"@type":"WebSite","@id":"https:\/\/web.umons.ac.be\/charleroi\/#website","url":"https:\/\/web.umons.ac.be\/charleroi\/","name":"UMONS Charleroi","description":"","potentialAction":[{"@type":"SearchAction","target":{"@type":"EntryPoint","urlTemplate":"https:\/\/web.umons.ac.be\/charleroi\/?s={search_term_string}"},"query-input":{"@type":"PropertyValueSpecification","valueRequired":true,"valueName":"search_term_string"}}],"inLanguage":"fr-FR"}]}},"lang":"fr","translations":{"fr":134},"pll_sync_post":[],"_links":{"self":[{"href":"https:\/\/web.umons.ac.be\/charleroi\/wp-json\/wp\/v2\/pages\/134","targetHints":{"allow":["GET"]}}],"collection":[{"href":"https:\/\/web.umons.ac.be\/charleroi\/wp-json\/wp\/v2\/pages"}],"about":[{"href":"https:\/\/web.umons.ac.be\/charleroi\/wp-json\/wp\/v2\/types\/page"}],"author":[{"embeddable":true,"href":"https:\/\/web.umons.ac.be\/charleroi\/wp-json\/wp\/v2\/users\/2"}],"replies":[{"embeddable":true,"href":"https:\/\/web.umons.ac.be\/charleroi\/wp-json\/wp\/v2\/comments?post=134"}],"version-history":[{"count":4,"href":"https:\/\/web.umons.ac.be\/charleroi\/wp-json\/wp\/v2\/pages\/134\/revisions"}],"predecessor-version":[{"id":1535,"href":"https:\/\/web.umons.ac.be\/charleroi\/wp-json\/wp\/v2\/pages\/134\/revisions\/1535"}],"wp:attachment":[{"href":"https:\/\/web.umons.ac.be\/charleroi\/wp-json\/wp\/v2\/media?parent=134"}],"curies":[{"name":"wp","href":"https:\/\/api.w.org\/{rel}","templated":true}]}}