{"id":2055,"date":"2026-01-14T13:06:22","date_gmt":"2026-01-14T12:06:22","guid":{"rendered":"https:\/\/web.umons.ac.be\/charleroi\/?page_id=2055"},"modified":"2026-04-02T15:34:47","modified_gmt":"2026-04-02T13:34:47","slug":"formations-securite-et-bien-etre-au-travail-beste","status":"publish","type":"page","link":"https:\/\/web.umons.ac.be\/charleroi\/formations-securite-et-bien-etre-au-travail-beste\/","title":{"rendered":"Formations S\u00e9curit\u00e9 et Bien-Etre au Travail | BESTE"},"content":{"rendered":"<div class=\"highlighted-block\">\n<p><span style=\"font-size: 18pt;\">Suite \u00e0 la fermeture de l&rsquo;UO (L&rsquo; Universit\u00e9 Ouverte), les activit\u00e9s BESTE sont transf\u00e9r\u00e9es \u00e0 l&rsquo;UMONS \u00e0 Charleroi.<br \/>\n<strong>Adresse de contact: beste@umons.ac.be\u00a0<\/strong><\/span><\/p>\n<\/div>\n<p>&nbsp;<\/p>\n<p>Dans ce cadre, le service BESTE organise, depuis 1978, des formations reconnues de <strong>conseillers en pr\u00e9vention (CP) de niveaux 1, 2 et connaissances de base<\/strong>, ainsi que, depuis 2001, des f<strong>ormations de coordinateurs s\u00e9curit\u00e9-sant\u00e9 (CSS) pour les chantiers temporaires ou mobiles (niveaux A et B et module compl\u00e9mentaire)<\/strong>. Il propose \u00e9galement des formations de <strong>recyclage pour CP et CSS<\/strong>, la f<strong>ormation de personne de confiance<\/strong>, ainsi que des <strong>formations sp\u00e9cialis\u00e9es en pr\u00e9vention incendie<\/strong>.<\/p>\n<p><span style=\"color: #00abcc; font-size: 14pt;\"><strong>Retrouvez toutes les possibilit\u00e9s de formations et les explicatifs en PDF ci-dessous<\/strong> \u21d2<\/span><\/p>\n<hr \/>\n<start-cask-shortcode-wrapper>    <div class=\"aggregation-blocks content-block scheme-biosciences\">\n        <ul class=\"blocks-list\">\n                        <li>\n                <article class=\"aggregation-block\">\n                    \n                    <h2 class=\"block-title\">\n                                                    Conseiller en pr\u00e9vention                                            <\/h2>\n\n                    <div class=\"block-content\">\n                        <h6>Conseiller en pr\u00e9vention niveau-I<\/h6>\n<ul>\n<li>\n<div class=\"file-attachment\"><a href=\"https:\/\/web.umons.ac.be\/app\/uploads\/sites\/43\/2026\/01\/Conseiller-en-prevention-niveau-I-Module-de-specialisation-du-premier-niveau-\u2013-Gembloux_com_mb.pdf\">Module de sp\u00e9cialisation du premier niveau &#8211; Gembloux Mars 2026<\/a><br \/>\nDu 12 mars 2026 au 11 mars 2027<\/div>\n<\/li>\n<\/ul>\n<h6>Conseiller en pr\u00e9vention niveau-II<\/h6>\n<ul>\n<li>\n<div class=\"file-attachment\"><a href=\"https:\/\/web.umons.ac.be\/app\/uploads\/sites\/43\/2026\/01\/Conseiller-en-prevention-niveau-II-Module-de-specialisation-du-niveau-II-_aout2026_bis_com_mb.pdf\">Module de sp\u00e9cialisation Niveau II &#8211; Ao\u00fbt 2026<\/a><br \/>\nDu 26 ao\u00fbt au 09 d\u00e9cembre 2026<\/div>\n<\/li>\n<li>\n<div class=\"file-attachment\"><a href=\"https:\/\/web.umons.ac.be\/app\/uploads\/sites\/43\/2026\/01\/Conseiller-en-prevention-niveau-II-Module-de-specialisation-du-niveau-II-_bis_aout-2026_bis_com_mb.pdf\">Module de sp\u00e9cialisation Niveau II (bis)<\/a><\/div>\n<p>Du 26 ao\u00fbt au 09 d\u00e9cembre 2026<\/li>\n<li>\n<div class=\"file-attachment\"><a href=\"https:\/\/web.umons.ac.be\/app\/uploads\/sites\/43\/2026\/01\/Conseiller-en-prevention-niveau-II-Module-de-specialisation-du-niveau-II-_fev2026_com_mb.pdf\">Module de sp\u00e9cialisation Niveau II &#8211; F\u00e9vrier 2026<\/a><\/div>\n<p>Du 10 f\u00e9vrier au 23 juin 2026<\/li>\n<li>\n<div class=\"file-attachment\"><a href=\"https:\/\/web.umons.ac.be\/app\/uploads\/sites\/43\/2026\/01\/Conseiller-en-prevention-niveau-II-Module-multidisciplinaire-de-base-\u2013-Charleroi-Aout-2025_com_mb.pdf\">Module multidisciplinaire de base &#8211; Charleroi Ao\u00fbt 2025<\/a><br \/>\nDu mardi 25 ao\u00fbt 2026 au mardi 02 f\u00e9vrier 2027<\/div>\n<\/li>\n<li>\n<div class=\"file-attachment\"><a href=\"https:\/\/web.umons.ac.be\/app\/uploads\/sites\/43\/2026\/01\/Conseiller-en-prevention-niveau-II-Module-multidisciplinaire-de-base_bis_jan26_com_mb.pdf\">Module multidisciplinaire de base (bis) &#8211; Janvier 2026<\/a><br \/>\nDu mercredi 07 janvier au mercredi 24 juin 2026<\/div>\n<\/li>\n<\/ul>\n<h6>Conseiller en pr\u00e9vention niveau-III<\/h6>\n<ul>\n<li>\n<div class=\"file-attachment\"><a href=\"https:\/\/web.umons.ac.be\/app\/uploads\/sites\/43\/2026\/01\/Conseiller-en-prevention-niveau-III-Connaissances-de-base-com_mb.pdf\">Connaissances de base<\/a><\/div>\n<p>Du jeudi 12 mars au jeudi 23 avril 2026<\/li>\n<li>\n<div class=\"file-attachment\"><a href=\"https:\/\/web.umons.ac.be\/app\/uploads\/sites\/43\/2026\/01\/Conseiller-en-prevention-niveau-III-Connaissances-de-base_bis_com_mb.pdf\">Connaissances de base (bis)<\/a><\/div>\n<p>Du jeudi 08 octobre au jeudi 03 d\u00e9cembre 2026<\/li>\n<\/ul>\n<h6>Module de formation compl\u00e9mentaire destin\u00e9 aux conseillers en pr\u00e9vention de niveau-I et II<\/h6>\n<ul>\n<li>\n<div class=\"file-attachment\"><a href=\"https:\/\/web.umons.ac.be\/app\/uploads\/sites\/43\/2026\/01\/Module-de-formation-complementaire-destine-aux-conseillers-en-prevention-de-niveau-I-et-I_com_mb.pdf\">Coordinateur\u00b7trice s\u00e9curit\u00e9-sant\u00e9 sur chantiers temporaires ou mobiles<\/a><br \/>\nDu mardi 24 mars au mardi 21 avril 2026<\/div>\n<\/li>\n<\/ul>\n                                            <\/div>\n                <\/article>\n            <\/li>\n                    <li>\n                <article class=\"aggregation-block\">\n                    \n                    <h2 class=\"block-title\">\n                                                    Coordinateur s\u00e9curit\u00e9-sant\u00e9                                            <\/h2>\n\n                    <div class=\"block-content\">\n                        <ul>\n<li>\n<div class=\"file-attachment\"><a href=\"https:\/\/web.umons.ac.be\/app\/uploads\/sites\/43\/2026\/01\/Coordinateur-securite-sante-sur-chantiers-temporaires-ou-mobiles-\u2013-Niveau-B_com_mb.pdf\">Coordinateur s\u00e9curit\u00e9-sant\u00e9 sur chantiers temporaires ou mobiles \u2013 Niveau B<\/a><\/div>\n<p>Du 05 mars au 28 mai 2026<\/li>\n<\/ul>\n<h2>Formation continue pour les CSS et CP<\/h2>\n<ul>\n<li>\n<div class=\"file-attachment\"><a href=\"https:\/\/web.umons.ac.be\/app\/uploads\/sites\/43\/2026\/01\/Descriptif-formation-continue-Recyclage-CP-02-04-2026-Linspection-vous-parle_mb.pdf\">CP &amp; CSS, l\u2019inspection vous parle \u2013 comment faire face \u00e0 une inspection\u00a0\u00bb &#8211; Recyclage CP<\/a><br \/>\nLe 02\/04\/2026 de 8h30-16h30<\/div>\n<\/li>\n<li>\n<div class=\"file-attachment\"><a href=\"https:\/\/web.umons.ac.be\/app\/uploads\/sites\/43\/2026\/01\/Descriptif-formation-continue-Recyclage-CSS-CP-05-02-2026-mise-a-jour-reglementaire-et-pratique-sur-les-chantiers-Le-quartz-Silice-cristalline_mb.pdf\">Mise \u00e0 jour r\u00e9glementaire et pratique sur les chantiers \u2013 Le Quartz &#8211; Recyclage CSS-CP<\/a><br \/>\nLe 29\/06\/2026 de 12h30-17h30<\/div>\n<\/li>\n<li>\n<div class=\"file-attachment\"><a href=\"https:\/\/web.umons.ac.be\/app\/uploads\/sites\/43\/2026\/01\/fiche-descriptive_recyclage_travaux-de-desamiantage-pour-les-CPP-et-CSS_mb.pdf\">Adaptation de la r\u00e9glementation sur l\u2019amiante Impact pour le Coordinateur Sant\u00e9 S\u00e9curit\u00e9 et\/ou le Conseiller en Pr\u00e9vention<\/a><br \/>\nLe 01 avril-2026 de 8h30-12h30 et de 13h30 \u00e0 16h30<\/div>\n<\/li>\n<li>\n<div class=\"file-attachment\"><a href=\"https:\/\/web.umons.ac.be\/app\/uploads\/sites\/43\/2026\/01\/fiche-descriptive_recyclage_travaux-en-hauteur-pour-les-CPP-et-CSS_mb.pdf\">Travail en hauteur &#8211; (Recyclage CP&amp;CSS)<\/a><br \/>\nLe 7 avril 2025 de 8H30 \u00e0 12H30 et de 13H30 \u00e0 16H30<\/div>\n<\/li>\n<li>\n<div class=\"file-attachment\"><a href=\"https:\/\/web.umons.ac.be\/app\/uploads\/sites\/43\/2026\/01\/fiche-descriptive_recyclage_travaux-en-hauteur-pour-les-CPP-et-CSS_mb.pdf\">Sp\u00e9cifications des travaux en hauteur \u2013 r\u00f4le du Coordinateur Sant\u00e9 S\u00e9curit\u00e9 et\/ou du Conseiller en Pr\u00e9vention &#8211; (Recyclage)<\/a><br \/>\nLe 10 septembre-2026 de 8h30-12h00 et de 13h00 \u00e0 16h30<\/div>\n<\/li>\n<\/ul>\n                                            <\/div>\n                <\/article>\n            <\/li>\n                    <li>\n                <article class=\"aggregation-block\">\n                    \n                    <h3 class=\"block-title\">\n                                                    Recyclage Incendie                                            <\/h3>\n\n                    <div class=\"block-content\">\n                        <ul>\n<li>\n<div class=\"file-attachment\"><a href=\"https:\/\/web.umons.ac.be\/app\/uploads\/sites\/43\/2026\/03\/fiche-recyclage-incendie-UMons.pdf\">Recyclage incendie <\/a><br \/>\nEn deux demi-journ\u00e9es: le 11 mai &amp; le 18 mai de 13h00\u00e0 17h00<\/div>\n<\/li>\n<\/ul>\n                                            <\/div>\n                <\/article>\n            <\/li>\n                    <li>\n                <article class=\"aggregation-block\">\n                    \n                    <h2 class=\"block-title\">\n                                                    Personnes de confiance                                            <\/h2>\n\n                    <div class=\"block-content\">\n                        <ul>\n<li>\n<div class=\"file-attachment\"><a href=\"https:\/\/web.umons.ac.be\/app\/uploads\/sites\/43\/2026\/01\/Personnes-de-confiance_com_mb.pdf\">Personnes de confiance<\/a><br \/>\nDu mardi 12 mai au mardi 09 juin 2026<\/div>\n<\/li>\n<li>\n<div class=\"file-attachment\"><a href=\"https:\/\/web.umons.ac.be\/app\/uploads\/sites\/43\/2026\/01\/Supervision-\u2013-Personnes-de-confiance_com_mb.pdf\">Supervision \u2013 Personnes de confiance<\/a><br \/>\nLe mardi 16 juin 2026 de 9h \u00e0 12h et de 13h \u00e0 17h<\/div>\n<\/li>\n<\/ul>\n                                            <\/div>\n                <\/article>\n            <\/li>\n                <\/ul>\n    <\/div>\n<end-cask-shortcode-wrapper>\n","protected":false},"excerpt":{"rendered":"<p>Suite \u00e0 la fermeture de l&rsquo;UO (L&rsquo; Universit\u00e9 Ouverte), les activit\u00e9s BESTE sont transf\u00e9r\u00e9es \u00e0 l&rsquo;UMONS \u00e0 Charleroi. Adresse de contact: beste@umons.ac.be\u00a0 &nbsp; Dans ce cadre, le service BESTE organise, depuis 1978, des formations reconnues de conseillers en pr\u00e9vention (CP) de niveaux 1, 2 et connaissances de base, ainsi que, depuis 2001, des formations de [&hellip;]<\/p>\n","protected":false},"author":2,"featured_media":2093,"parent":0,"menu_order":0,"comment_status":"closed","ping_status":"closed","template":"","meta":{"footnotes":""},"class_list":["post-2055","page","type-page","status-publish","has-post-thumbnail","hentry"],"yoast_head":"<!-- This site is optimized with the Yoast SEO plugin v27.2 - https:\/\/yoast.com\/product\/yoast-seo-wordpress\/ -->\n<title>Formations S\u00e9curit\u00e9 et Bien-Etre au Travail | BESTE - UMONS Charleroi<\/title>\n<meta name=\"robots\" content=\"index, follow, max-snippet:-1, max-image-preview:large, max-video-preview:-1\" \/>\n<link rel=\"canonical\" href=\"https:\/\/web.umons.ac.be\/charleroi\/formations-securite-et-bien-etre-au-travail-beste\/\" \/>\n<meta property=\"og:locale\" content=\"fr_FR\" \/>\n<meta property=\"og:type\" content=\"article\" \/>\n<meta property=\"og:title\" content=\"Formations S\u00e9curit\u00e9 et Bien-Etre au Travail | BESTE - UMONS Charleroi\" \/>\n<meta property=\"og:description\" content=\"Suite \u00e0 la fermeture de l&rsquo;UO (L&rsquo; Universit\u00e9 Ouverte), les activit\u00e9s BESTE sont transf\u00e9r\u00e9es \u00e0 l&rsquo;UMONS \u00e0 Charleroi. Adresse de contact: beste@umons.ac.be\u00a0 &nbsp; Dans ce cadre, le service BESTE organise, depuis 1978, des formations reconnues de conseillers en pr\u00e9vention (CP) de niveaux 1, 2 et connaissances de base, ainsi que, depuis 2001, des formations de [&hellip;]\" \/>\n<meta property=\"og:url\" content=\"https:\/\/web.umons.ac.be\/charleroi\/formations-securite-et-bien-etre-au-travail-beste\/\" \/>\n<meta property=\"og:site_name\" content=\"UMONS Charleroi\" \/>\n<meta property=\"article:modified_time\" content=\"2026-04-02T13:34:47+00:00\" \/>\n<meta property=\"og:image\" content=\"https:\/\/web.umons.ac.be\/app\/uploads\/sites\/43\/2026\/02\/nouvellePhotodecouverture.png\" \/>\n\t<meta property=\"og:image:width\" content=\"961\" \/>\n\t<meta property=\"og:image:height\" content=\"265\" \/>\n\t<meta property=\"og:image:type\" content=\"image\/png\" \/>\n<meta name=\"twitter:card\" content=\"summary_large_image\" \/>\n<meta name=\"twitter:label1\" content=\"Dur\u00e9e de lecture estim\u00e9e\" \/>\n\t<meta name=\"twitter:data1\" content=\"1 minute\" \/>\n<script type=\"application\/ld+json\" class=\"yoast-schema-graph\">{\"@context\":\"https:\/\/schema.org\",\"@graph\":[{\"@type\":\"WebPage\",\"@id\":\"https:\/\/web.umons.ac.be\/charleroi\/formations-securite-et-bien-etre-au-travail-beste\/\",\"url\":\"https:\/\/web.umons.ac.be\/charleroi\/formations-securite-et-bien-etre-au-travail-beste\/\",\"name\":\"Formations S\u00e9curit\u00e9 et Bien-Etre au Travail | BESTE - UMONS Charleroi\",\"isPartOf\":{\"@id\":\"https:\/\/web.umons.ac.be\/charleroi\/#website\"},\"primaryImageOfPage\":{\"@id\":\"https:\/\/web.umons.ac.be\/charleroi\/formations-securite-et-bien-etre-au-travail-beste\/#primaryimage\"},\"image\":{\"@id\":\"https:\/\/web.umons.ac.be\/charleroi\/formations-securite-et-bien-etre-au-travail-beste\/#primaryimage\"},\"thumbnailUrl\":\"https:\/\/web.umons.ac.be\/app\/uploads\/sites\/43\/2026\/02\/nouvellePhotodecouverture.png\",\"datePublished\":\"2026-01-14T12:06:22+00:00\",\"dateModified\":\"2026-04-02T13:34:47+00:00\",\"breadcrumb\":{\"@id\":\"https:\/\/web.umons.ac.be\/charleroi\/formations-securite-et-bien-etre-au-travail-beste\/#breadcrumb\"},\"inLanguage\":\"fr-FR\",\"potentialAction\":[{\"@type\":\"ReadAction\",\"target\":[\"https:\/\/web.umons.ac.be\/charleroi\/formations-securite-et-bien-etre-au-travail-beste\/\"]}]},{\"@type\":\"ImageObject\",\"inLanguage\":\"fr-FR\",\"@id\":\"https:\/\/web.umons.ac.be\/charleroi\/formations-securite-et-bien-etre-au-travail-beste\/#primaryimage\",\"url\":\"https:\/\/web.umons.ac.be\/app\/uploads\/sites\/43\/2026\/02\/nouvellePhotodecouverture.png\",\"contentUrl\":\"https:\/\/web.umons.ac.be\/app\/uploads\/sites\/43\/2026\/02\/nouvellePhotodecouverture.png\",\"width\":961,\"height\":265},{\"@type\":\"BreadcrumbList\",\"@id\":\"https:\/\/web.umons.ac.be\/charleroi\/formations-securite-et-bien-etre-au-travail-beste\/#breadcrumb\",\"itemListElement\":[{\"@type\":\"ListItem\",\"position\":1,\"name\":\"Accueil\",\"item\":\"https:\/\/web.umons.ac.be\/charleroi\/\"},{\"@type\":\"ListItem\",\"position\":2,\"name\":\"Formations S\u00e9curit\u00e9 et Bien-Etre au Travail | BESTE\"}]},{\"@type\":\"WebSite\",\"@id\":\"https:\/\/web.umons.ac.be\/charleroi\/#website\",\"url\":\"https:\/\/web.umons.ac.be\/charleroi\/\",\"name\":\"UMONS Charleroi\",\"description\":\"\",\"potentialAction\":[{\"@type\":\"SearchAction\",\"target\":{\"@type\":\"EntryPoint\",\"urlTemplate\":\"https:\/\/web.umons.ac.be\/charleroi\/?s={search_term_string}\"},\"query-input\":{\"@type\":\"PropertyValueSpecification\",\"valueRequired\":true,\"valueName\":\"search_term_string\"}}],\"inLanguage\":\"fr-FR\"}]}<\/script>\n<!-- \/ Yoast SEO plugin. -->","yoast_head_json":{"title":"Formations S\u00e9curit\u00e9 et Bien-Etre au Travail | BESTE - UMONS Charleroi","robots":{"index":"index","follow":"follow","max-snippet":"max-snippet:-1","max-image-preview":"max-image-preview:large","max-video-preview":"max-video-preview:-1"},"canonical":"https:\/\/web.umons.ac.be\/charleroi\/formations-securite-et-bien-etre-au-travail-beste\/","og_locale":"fr_FR","og_type":"article","og_title":"Formations S\u00e9curit\u00e9 et Bien-Etre au Travail | BESTE - UMONS Charleroi","og_description":"Suite \u00e0 la fermeture de l&rsquo;UO (L&rsquo; Universit\u00e9 Ouverte), les activit\u00e9s BESTE sont transf\u00e9r\u00e9es \u00e0 l&rsquo;UMONS \u00e0 Charleroi. Adresse de contact: beste@umons.ac.be\u00a0 &nbsp; Dans ce cadre, le service BESTE organise, depuis 1978, des formations reconnues de conseillers en pr\u00e9vention (CP) de niveaux 1, 2 et connaissances de base, ainsi que, depuis 2001, des formations de [&hellip;]","og_url":"https:\/\/web.umons.ac.be\/charleroi\/formations-securite-et-bien-etre-au-travail-beste\/","og_site_name":"UMONS Charleroi","article_modified_time":"2026-04-02T13:34:47+00:00","og_image":[{"width":961,"height":265,"url":"https:\/\/web.umons.ac.be\/app\/uploads\/sites\/43\/2026\/02\/nouvellePhotodecouverture.png","type":"image\/png"}],"twitter_card":"summary_large_image","twitter_misc":{"Dur\u00e9e de lecture estim\u00e9e":"1 minute"},"schema":{"@context":"https:\/\/schema.org","@graph":[{"@type":"WebPage","@id":"https:\/\/web.umons.ac.be\/charleroi\/formations-securite-et-bien-etre-au-travail-beste\/","url":"https:\/\/web.umons.ac.be\/charleroi\/formations-securite-et-bien-etre-au-travail-beste\/","name":"Formations S\u00e9curit\u00e9 et Bien-Etre au Travail | BESTE - UMONS Charleroi","isPartOf":{"@id":"https:\/\/web.umons.ac.be\/charleroi\/#website"},"primaryImageOfPage":{"@id":"https:\/\/web.umons.ac.be\/charleroi\/formations-securite-et-bien-etre-au-travail-beste\/#primaryimage"},"image":{"@id":"https:\/\/web.umons.ac.be\/charleroi\/formations-securite-et-bien-etre-au-travail-beste\/#primaryimage"},"thumbnailUrl":"https:\/\/web.umons.ac.be\/app\/uploads\/sites\/43\/2026\/02\/nouvellePhotodecouverture.png","datePublished":"2026-01-14T12:06:22+00:00","dateModified":"2026-04-02T13:34:47+00:00","breadcrumb":{"@id":"https:\/\/web.umons.ac.be\/charleroi\/formations-securite-et-bien-etre-au-travail-beste\/#breadcrumb"},"inLanguage":"fr-FR","potentialAction":[{"@type":"ReadAction","target":["https:\/\/web.umons.ac.be\/charleroi\/formations-securite-et-bien-etre-au-travail-beste\/"]}]},{"@type":"ImageObject","inLanguage":"fr-FR","@id":"https:\/\/web.umons.ac.be\/charleroi\/formations-securite-et-bien-etre-au-travail-beste\/#primaryimage","url":"https:\/\/web.umons.ac.be\/app\/uploads\/sites\/43\/2026\/02\/nouvellePhotodecouverture.png","contentUrl":"https:\/\/web.umons.ac.be\/app\/uploads\/sites\/43\/2026\/02\/nouvellePhotodecouverture.png","width":961,"height":265},{"@type":"BreadcrumbList","@id":"https:\/\/web.umons.ac.be\/charleroi\/formations-securite-et-bien-etre-au-travail-beste\/#breadcrumb","itemListElement":[{"@type":"ListItem","position":1,"name":"Accueil","item":"https:\/\/web.umons.ac.be\/charleroi\/"},{"@type":"ListItem","position":2,"name":"Formations S\u00e9curit\u00e9 et Bien-Etre au Travail | BESTE"}]},{"@type":"WebSite","@id":"https:\/\/web.umons.ac.be\/charleroi\/#website","url":"https:\/\/web.umons.ac.be\/charleroi\/","name":"UMONS Charleroi","description":"","potentialAction":[{"@type":"SearchAction","target":{"@type":"EntryPoint","urlTemplate":"https:\/\/web.umons.ac.be\/charleroi\/?s={search_term_string}"},"query-input":{"@type":"PropertyValueSpecification","valueRequired":true,"valueName":"search_term_string"}}],"inLanguage":"fr-FR"}]}},"lang":"fr","translations":{"fr":2055},"pll_sync_post":[],"_links":{"self":[{"href":"https:\/\/web.umons.ac.be\/charleroi\/wp-json\/wp\/v2\/pages\/2055","targetHints":{"allow":["GET"]}}],"collection":[{"href":"https:\/\/web.umons.ac.be\/charleroi\/wp-json\/wp\/v2\/pages"}],"about":[{"href":"https:\/\/web.umons.ac.be\/charleroi\/wp-json\/wp\/v2\/types\/page"}],"author":[{"embeddable":true,"href":"https:\/\/web.umons.ac.be\/charleroi\/wp-json\/wp\/v2\/users\/2"}],"replies":[{"embeddable":true,"href":"https:\/\/web.umons.ac.be\/charleroi\/wp-json\/wp\/v2\/comments?post=2055"}],"version-history":[{"count":4,"href":"https:\/\/web.umons.ac.be\/charleroi\/wp-json\/wp\/v2\/pages\/2055\/revisions"}],"predecessor-version":[{"id":2126,"href":"https:\/\/web.umons.ac.be\/charleroi\/wp-json\/wp\/v2\/pages\/2055\/revisions\/2126"}],"wp:featuredmedia":[{"embeddable":true,"href":"https:\/\/web.umons.ac.be\/charleroi\/wp-json\/wp\/v2\/media\/2093"}],"wp:attachment":[{"href":"https:\/\/web.umons.ac.be\/charleroi\/wp-json\/wp\/v2\/media?parent=2055"}],"curies":[{"name":"wp","href":"https:\/\/api.w.org\/{rel}","templated":true}]}}