{"id":2136,"date":"2026-04-24T09:42:02","date_gmt":"2026-04-24T07:42:02","guid":{"rendered":"https:\/\/web.umons.ac.be\/charleroi\/?page_id=2136"},"modified":"2026-04-24T09:59:13","modified_gmt":"2026-04-24T07:59:13","slug":"coordinateur-seccurite-sante","status":"publish","type":"page","link":"https:\/\/web.umons.ac.be\/charleroi\/formations-securite-et-bien-etre-au-travail-beste\/coordinateur-seccurite-sante\/","title":{"rendered":"Coordinateur S\u00e9ccurit\u00e9-Sante"},"content":{"rendered":"<p>&nbsp;<\/p>\n<pre><span style=\"font-size: 14pt;\"><strong>Niveau I<\/strong><\/span><\/pre>\n<p>&nbsp;<\/p>\n<start-cask-shortcode-wrapper><end-cask-shortcode-wrapper>\n<pre><span style=\"font-size: 14pt;\"><strong>Niveau II<\/strong><\/span><\/pre>\n<p>&nbsp;<\/p>\n<start-cask-shortcode-wrapper>    <div class=\"aggregation-blocks content-block scheme-biosciences\">\n        <ul class=\"blocks-list\">\n                        <li>\n                <article class=\"aggregation-block\">\n                                            <div class=\"block-picture\">\n                                                            <img loading=\"lazy\" decoding=\"async\" width=\"360\" height=\"220\" src=\"https:\/\/web.umons.ac.be\/app\/uploads\/sites\/43\/2026\/01\/Ban-news-securite-360x220.png\" class=\"attachment-news-featured size-news-featured\" alt=\"\" \/>                                                    <\/div>\n                    \n                    <h6 class=\"block-title\">\n                                                    Coordinateur s\u00e9curit\u00e9-sant\u00e9 sur chantiers temporaires ou mobiles \u2013 Niveau B                                            <\/h6>\n\n                    <div class=\"block-content\">\n                        <div class=\"file-attachment\"><a href=\"https:\/\/web.umons.ac.be\/app\/uploads\/sites\/43\/2026\/01\/Coordinateur-securite-sante-sur-chantiers-temporaires-ou-mobiles-\u2013-Niveau-B_com_mb.pdf\" target=\"_blank\" rel=\"noopener\">Coordinateur s\u00e9curit\u00e9-sant\u00e9 sur chantiers temporaires ou mobiles \u2013 Niveau B<\/a><\/div>\n<p>Du 05 mars au 28 mai 2026<\/p>\n                                            <\/div>\n                <\/article>\n            <\/li>\n                <\/ul>\n    <\/div>\n<end-cask-shortcode-wrapper>\n<pre><span style=\"font-size: 14pt;\"><strong>Niveau III\r\n<\/strong><\/span><\/pre>\n<p>&nbsp;<\/p>\n<start-cask-shortcode-wrapper><end-cask-shortcode-wrapper>\n","protected":false},"excerpt":{"rendered":"<p>&nbsp; Niveau I &nbsp; Niveau II &nbsp; Niveau III &nbsp;<\/p>\n","protected":false},"author":2,"featured_media":0,"parent":2055,"menu_order":0,"comment_status":"closed","ping_status":"closed","template":"","meta":{"footnotes":""},"class_list":["post-2136","page","type-page","status-publish","hentry"],"yoast_head":"<!-- This site is optimized with the Yoast SEO plugin v27.2 - https:\/\/yoast.com\/product\/yoast-seo-wordpress\/ -->\n<title>Coordinateur S\u00e9ccurit\u00e9-Sante - UMONS Charleroi<\/title>\n<meta name=\"robots\" content=\"index, follow, max-snippet:-1, max-image-preview:large, max-video-preview:-1\" \/>\n<link rel=\"canonical\" href=\"https:\/\/web.umons.ac.be\/charleroi\/formations-securite-et-bien-etre-au-travail-beste\/coordinateur-seccurite-sante\/\" \/>\n<meta property=\"og:locale\" content=\"fr_FR\" \/>\n<meta property=\"og:type\" content=\"article\" \/>\n<meta property=\"og:title\" content=\"Coordinateur S\u00e9ccurit\u00e9-Sante - UMONS Charleroi\" \/>\n<meta property=\"og:description\" content=\"&nbsp; Niveau I &nbsp; Niveau II &nbsp; Niveau III &nbsp;\" \/>\n<meta property=\"og:url\" content=\"https:\/\/web.umons.ac.be\/charleroi\/formations-securite-et-bien-etre-au-travail-beste\/coordinateur-seccurite-sante\/\" \/>\n<meta property=\"og:site_name\" content=\"UMONS Charleroi\" \/>\n<meta property=\"article:modified_time\" content=\"2026-04-24T07:59:13+00:00\" \/>\n<meta name=\"twitter:card\" content=\"summary_large_image\" \/>\n<meta name=\"twitter:label1\" content=\"Dur\u00e9e de lecture estim\u00e9e\" \/>\n\t<meta name=\"twitter:data1\" content=\"1 minute\" \/>\n<script type=\"application\/ld+json\" class=\"yoast-schema-graph\">{\"@context\":\"https:\/\/schema.org\",\"@graph\":[{\"@type\":\"WebPage\",\"@id\":\"https:\/\/web.umons.ac.be\/charleroi\/formations-securite-et-bien-etre-au-travail-beste\/coordinateur-seccurite-sante\/\",\"url\":\"https:\/\/web.umons.ac.be\/charleroi\/formations-securite-et-bien-etre-au-travail-beste\/coordinateur-seccurite-sante\/\",\"name\":\"Coordinateur S\u00e9ccurit\u00e9-Sante - UMONS Charleroi\",\"isPartOf\":{\"@id\":\"https:\/\/web.umons.ac.be\/charleroi\/#website\"},\"datePublished\":\"2026-04-24T07:42:02+00:00\",\"dateModified\":\"2026-04-24T07:59:13+00:00\",\"breadcrumb\":{\"@id\":\"https:\/\/web.umons.ac.be\/charleroi\/formations-securite-et-bien-etre-au-travail-beste\/coordinateur-seccurite-sante\/#breadcrumb\"},\"inLanguage\":\"fr-FR\",\"potentialAction\":[{\"@type\":\"ReadAction\",\"target\":[\"https:\/\/web.umons.ac.be\/charleroi\/formations-securite-et-bien-etre-au-travail-beste\/coordinateur-seccurite-sante\/\"]}]},{\"@type\":\"BreadcrumbList\",\"@id\":\"https:\/\/web.umons.ac.be\/charleroi\/formations-securite-et-bien-etre-au-travail-beste\/coordinateur-seccurite-sante\/#breadcrumb\",\"itemListElement\":[{\"@type\":\"ListItem\",\"position\":1,\"name\":\"Accueil\",\"item\":\"https:\/\/web.umons.ac.be\/charleroi\/\"},{\"@type\":\"ListItem\",\"position\":2,\"name\":\"Formations S\u00e9curit\u00e9 et Bien-Etre au Travail | BESTE\",\"item\":\"https:\/\/web.umons.ac.be\/charleroi\/formations-securite-et-bien-etre-au-travail-beste\/\"},{\"@type\":\"ListItem\",\"position\":3,\"name\":\"Coordinateur S\u00e9ccurit\u00e9-Sante\"}]},{\"@type\":\"WebSite\",\"@id\":\"https:\/\/web.umons.ac.be\/charleroi\/#website\",\"url\":\"https:\/\/web.umons.ac.be\/charleroi\/\",\"name\":\"UMONS Charleroi\",\"description\":\"\",\"potentialAction\":[{\"@type\":\"SearchAction\",\"target\":{\"@type\":\"EntryPoint\",\"urlTemplate\":\"https:\/\/web.umons.ac.be\/charleroi\/?s={search_term_string}\"},\"query-input\":{\"@type\":\"PropertyValueSpecification\",\"valueRequired\":true,\"valueName\":\"search_term_string\"}}],\"inLanguage\":\"fr-FR\"}]}<\/script>\n<!-- \/ Yoast SEO plugin. -->","yoast_head_json":{"title":"Coordinateur S\u00e9ccurit\u00e9-Sante - UMONS Charleroi","robots":{"index":"index","follow":"follow","max-snippet":"max-snippet:-1","max-image-preview":"max-image-preview:large","max-video-preview":"max-video-preview:-1"},"canonical":"https:\/\/web.umons.ac.be\/charleroi\/formations-securite-et-bien-etre-au-travail-beste\/coordinateur-seccurite-sante\/","og_locale":"fr_FR","og_type":"article","og_title":"Coordinateur S\u00e9ccurit\u00e9-Sante - UMONS Charleroi","og_description":"&nbsp; Niveau I &nbsp; Niveau II &nbsp; Niveau III &nbsp;","og_url":"https:\/\/web.umons.ac.be\/charleroi\/formations-securite-et-bien-etre-au-travail-beste\/coordinateur-seccurite-sante\/","og_site_name":"UMONS Charleroi","article_modified_time":"2026-04-24T07:59:13+00:00","twitter_card":"summary_large_image","twitter_misc":{"Dur\u00e9e de lecture estim\u00e9e":"1 minute"},"schema":{"@context":"https:\/\/schema.org","@graph":[{"@type":"WebPage","@id":"https:\/\/web.umons.ac.be\/charleroi\/formations-securite-et-bien-etre-au-travail-beste\/coordinateur-seccurite-sante\/","url":"https:\/\/web.umons.ac.be\/charleroi\/formations-securite-et-bien-etre-au-travail-beste\/coordinateur-seccurite-sante\/","name":"Coordinateur S\u00e9ccurit\u00e9-Sante - UMONS Charleroi","isPartOf":{"@id":"https:\/\/web.umons.ac.be\/charleroi\/#website"},"datePublished":"2026-04-24T07:42:02+00:00","dateModified":"2026-04-24T07:59:13+00:00","breadcrumb":{"@id":"https:\/\/web.umons.ac.be\/charleroi\/formations-securite-et-bien-etre-au-travail-beste\/coordinateur-seccurite-sante\/#breadcrumb"},"inLanguage":"fr-FR","potentialAction":[{"@type":"ReadAction","target":["https:\/\/web.umons.ac.be\/charleroi\/formations-securite-et-bien-etre-au-travail-beste\/coordinateur-seccurite-sante\/"]}]},{"@type":"BreadcrumbList","@id":"https:\/\/web.umons.ac.be\/charleroi\/formations-securite-et-bien-etre-au-travail-beste\/coordinateur-seccurite-sante\/#breadcrumb","itemListElement":[{"@type":"ListItem","position":1,"name":"Accueil","item":"https:\/\/web.umons.ac.be\/charleroi\/"},{"@type":"ListItem","position":2,"name":"Formations S\u00e9curit\u00e9 et Bien-Etre au Travail | BESTE","item":"https:\/\/web.umons.ac.be\/charleroi\/formations-securite-et-bien-etre-au-travail-beste\/"},{"@type":"ListItem","position":3,"name":"Coordinateur S\u00e9ccurit\u00e9-Sante"}]},{"@type":"WebSite","@id":"https:\/\/web.umons.ac.be\/charleroi\/#website","url":"https:\/\/web.umons.ac.be\/charleroi\/","name":"UMONS Charleroi","description":"","potentialAction":[{"@type":"SearchAction","target":{"@type":"EntryPoint","urlTemplate":"https:\/\/web.umons.ac.be\/charleroi\/?s={search_term_string}"},"query-input":{"@type":"PropertyValueSpecification","valueRequired":true,"valueName":"search_term_string"}}],"inLanguage":"fr-FR"}]}},"lang":"fr","translations":{"fr":2136},"pll_sync_post":[],"_links":{"self":[{"href":"https:\/\/web.umons.ac.be\/charleroi\/wp-json\/wp\/v2\/pages\/2136","targetHints":{"allow":["GET"]}}],"collection":[{"href":"https:\/\/web.umons.ac.be\/charleroi\/wp-json\/wp\/v2\/pages"}],"about":[{"href":"https:\/\/web.umons.ac.be\/charleroi\/wp-json\/wp\/v2\/types\/page"}],"author":[{"embeddable":true,"href":"https:\/\/web.umons.ac.be\/charleroi\/wp-json\/wp\/v2\/users\/2"}],"replies":[{"embeddable":true,"href":"https:\/\/web.umons.ac.be\/charleroi\/wp-json\/wp\/v2\/comments?post=2136"}],"version-history":[{"count":3,"href":"https:\/\/web.umons.ac.be\/charleroi\/wp-json\/wp\/v2\/pages\/2136\/revisions"}],"predecessor-version":[{"id":2147,"href":"https:\/\/web.umons.ac.be\/charleroi\/wp-json\/wp\/v2\/pages\/2136\/revisions\/2147"}],"up":[{"embeddable":true,"href":"https:\/\/web.umons.ac.be\/charleroi\/wp-json\/wp\/v2\/pages\/2055"}],"wp:attachment":[{"href":"https:\/\/web.umons.ac.be\/charleroi\/wp-json\/wp\/v2\/media?parent=2136"}],"curies":[{"name":"wp","href":"https:\/\/api.w.org\/{rel}","templated":true}]}}