{"id":262,"date":"2018-03-08T15:53:09","date_gmt":"2018-03-08T14:53:09","guid":{"rendered":"https:\/\/web.umons.ac.be\/charleroi\/?page_id=262"},"modified":"2025-09-03T16:54:49","modified_gmt":"2025-09-03T14:54:49","slug":"nouveau-ba-irci","status":"publish","type":"page","link":"https:\/\/web.umons.ac.be\/charleroi\/nouveau-ba-irci\/","title":{"rendered":"Bachelier en Sciences de l&rsquo;Ing\u00e9nieur"},"content":{"rendered":"<h2>Bachelier universitaire complet\u00a0en sciences de l\u2019ing\u00e9nieur (180 cr\u00e9dits)\u00a0orientation ing\u00e9nieur civil<\/h2>\n<div class=\"highlighted-block\">\n<p>En cours de jour\u00a0\u00c0 PARTIR DE LA RENTR\u00c9E 2018<\/p>\n<\/div>\n<p>&nbsp;<\/p>\n<h3>Objectif des \u00e9tudes<\/h3>\n<p>Rendre l\u2019\u00e9tudiant.e capable de r\u00e9soudre concr\u00e8tement\u00a0des probl\u00e8mes techniques et scientifiques complexes.<\/p>\n<p>Dans ce but, le programme des cours d\u00e9veloppe activement\u00a0les comp\u00e9tences suivantes:<\/p>\n<ul>\n<li>mobiliser un large \u00e9ventail de connaissances dans le domaine des sciences et techniques ;<\/li>\n<li>adopter une d\u00e9marche scientifique appliqu\u00e9e alliant\u00a0rigueur et cr\u00e9ativit\u00e9 ;<\/li>\n<li>appliquer une d\u00e9marche de gestion de projet ;<\/li>\n<li>d\u00e9ployer des capacit\u00e9s d\u2019interaction et de gestion\u00a0d\u2019\u00e9quipe ;<\/li>\n<li>ma\u00eetriser la communication scientifique, technique et\u00a0interpersonnelle ;<\/li>\n<li>agir en professionnel responsable.<\/li>\n<\/ul>\n<h3>Conditions d\u2019acc\u00e8s<\/h3>\n<p>Ce bachelier est accessible aux \u00e9tudiant.e.s ayant r\u00e9ussi\u00a0pr\u00e9alablement l\u2019examen sp\u00e9cial d\u2019admission aux \u00e9tudes\u00a0d\u2019ing\u00e9nieur civil.<\/p>\n<h3>Cursus<\/h3>\n<p>L\u2019ing\u00e9nieur civil est un \u00ab polytechnicien \u00bb : il doit ma\u00eetriser un large ensemble de disciplines techniques et scientifiques, tant sur le plan th\u00e9orique que sur le plan de leur\u00a0application concr\u00e8te.<\/p>\n<p>Les principales mati\u00e8res enseign\u00e9es sont :<\/p>\n<ul>\n<li>la physique ;<\/li>\n<li>les math\u00e9matiques ;<\/li>\n<li>la chimie et la science des mat\u00e9riaux ;<\/li>\n<li>la m\u00e9canique<\/li>\n<li>les technologies ;<\/li>\n<li>l\u2019informatique ;<\/li>\n<li>l\u2019\u00e9lectricit\u00e9 et l\u2019\u00e9lectronique ;<\/li>\n<li>le traitement des signaux et des syst\u00e8mes ;<\/li>\n<li>l\u2019\u00e9nerg\u00e9tique.<\/li>\n<\/ul>\n<p>Le cursus comprend \u00e9galement des cours non techniques:\u00a0la gestion de projets, l\u2019environnement, l\u2019\u00e9conomie de l\u2019entreprise\u00a0et l\u2019anglais.<\/p>\n<p><strong>Au cours des deux premi\u00e8res ann\u00e9es<\/strong>, l\u2019\u00e9tudiant.e\u00a0b\u00e9n\u00e9ficiera en parall\u00e8le de <strong>cours th\u00e9oriques<\/strong> en auditoire,<br \/>\nde <strong>s\u00e9ances d\u2019exercices<\/strong>, de <strong>travaux pratiques<\/strong> en laboratoire,\u00a0de <strong>projets par \u00e9quipe<\/strong> et de <strong>cours de langues<\/strong>.<\/p>\n<h3>Programme<\/h3>\n<p><img loading=\"lazy\" decoding=\"async\" class=\"aligncenter size-full wp-image-274\" src=\"https:\/\/web.umons.ac.be\/app\/uploads\/sites\/43\/2018\/03\/tab-IngCi.jpg\" alt=\"\" width=\"585\" height=\"477\" srcset=\"https:\/\/web.umons.ac.be\/app\/uploads\/sites\/43\/2018\/03\/tab-IngCi.jpg 585w, https:\/\/web.umons.ac.be\/app\/uploads\/sites\/43\/2018\/03\/tab-IngCi-300x245.jpg 300w, https:\/\/web.umons.ac.be\/app\/uploads\/sites\/43\/2018\/03\/tab-IngCi-30x24.jpg 30w, https:\/\/web.umons.ac.be\/app\/uploads\/sites\/43\/2018\/03\/tab-IngCi-60x49.jpg 60w, https:\/\/web.umons.ac.be\/app\/uploads\/sites\/43\/2018\/03\/tab-IngCi-360x294.jpg 360w\" sizes=\"auto, (max-width: 585px) 100vw, 585px\" \/><\/p>\n<p>Au d\u00e9but du 3e bloc, l\u2019\u00e9tudiant.e effectuera un choix parmi un ensemble de cr\u00e9dits sp\u00e9cialis\u00e9s qui l\u2019orienteront d\u00e9j\u00e0\u00a0vers un master plut\u00f4t qu\u2019un autre. N\u00e9anmoins, le grade de bachelier \u201cing\u00e9nieur civil\u201d donne ensuite acc\u00e8s \u00e0 tous les\u00a0masters ing\u00e9nieur civil.<\/p>\n<p>Le 3e bloc de bachelier comporte <strong>un tronc commun de 24 cr\u00e9dits<\/strong> + une c<strong>ombinaison de 3 modules de 12 cr\u00e9dits<\/strong> chacun \u00e0 choisir parmi :<\/p>\n<ul>\n<li>Informatique ;<\/li>\n<li>\u00c9nergie \u00e9lectrique ;<\/li>\n<li>M\u00e9canique du solide et des mat\u00e9riaux ;<\/li>\n<li>Signaux &amp; t\u00e9l\u00e9communications ;<\/li>\n<li>\u00c9nergie et m\u00e9canique appliqu\u00e9e ;<\/li>\n<li>Recherche op\u00e9rationnelle et gestion.<\/li>\n<\/ul>\n<h3>D\u00e9bouch\u00e9s<\/h3>\n<p>En prolongeant ce bachelier par un master d\u2019ing\u00e9nieur civil, l\u2019\u00e9tudiant.e pourra s\u2019orienter directement sur le march\u00e9 du\u00a0travail vers une <strong>tr\u00e8s large gamme de m\u00e9tiers<\/strong> :<\/p>\n<ul>\n<li>recherche appliqu\u00e9e et fondamentale ;<\/li>\n<li>conception, \u00e9tude, conseil et expertise ;<\/li>\n<li>production, exploitation, maintenance, qualit\u00e9 et\u00a0s\u00e9curit\u00e9 ;<\/li>\n<li>\u00e9valuation et certification ;<\/li>\n<li>gestion de projet et gestion d\u2019\u00e9quipe ;<\/li>\n<li>technico-commercial.<\/li>\n<\/ul>\n<p>Il pourra \u00e9galement opter pour la <strong>recherche universitaire\u00a0en sciences appliqu\u00e9es<\/strong> dans une s\u00e9rie de domaines :<\/p>\n<ul>\n<li>chimie et science des mat\u00e9riaux ;<\/li>\n<li>\u00e9lectrom\u00e9canique ;<\/li>\n<li>t\u00e9l\u00e9communications ;<\/li>\n<li>informatique ;<\/li>\n<li>m\u00e9canique ;<\/li>\n<li>informatique et gestion ;<\/li>\n<li>\u00e9lectricit\u00e9.<\/li>\n<\/ul>\n<h3>Les + de la formation<\/h3>\n<ul>\n<li>Une d<strong>\u00e9marche \u00ab polytechnique \u00bb<\/strong> qui permet d\u2019aborder\u00a0une large gamme de disciplines, et en particulier la\u00a0<strong>formation d\u2019ing\u00e9nieur la plus g\u00e9n\u00e9raliste qui forme\u00a0au plus grand nombre de masters en Communaut\u00e9\u00a0fran\u00e7aise<\/strong>.<\/li>\n<li>Une formation tr\u00e8s compl\u00e8te variant les m\u00e9thodes\u00a0d\u2019enseignement.<\/li>\n<li>Un grand souci apport\u00e9 \u00e0 l\u2019int\u00e9gration des \u00e9tudiants\u00a0\u201centrants\u201d, via notamment un cours de mise \u00e0 niveau\u00a0(\u201csciences pour l\u2019ing\u00e9nieur\u201d) pour d\u00e9marrer le bloc 1\u00a0ainsi qu\u2019un <strong>coaching individualis\u00e9 en cas de difficult\u00e9.<\/strong><\/li>\n<\/ul>\n<h3>Campus<\/h3>\n<p>Les enseignements de ce bachelier se tiendront sur les\u00a0sites suivants :<\/p>\n<ul>\n<li>Charleroi-Ville Haute :\n<ul>\n<li>CampusUCharleroi<br \/>\nBoulevard Solvay, 31<\/li>\n<\/ul>\n<\/li>\n<li>Charleroi : Haute Ecole Condorcet<\/li>\n<\/ul>\n<div class=\"highlighted-block\">\n<h3>Contact<\/h3>\n<p><a href=\"mailto:Info.polytech@umons.ac.be\">Info.polytech@umons.ac.be<\/a> &#8211; T\u00e9l 065 37 40 30<\/p>\n<\/div>\n<p>&nbsp;<\/p>\n<div class=\"file-attachment\">\n<p><a href=\"https:\/\/web.umons.ac.be\/app\/uploads\/sites\/43\/2018\/03\/Triptyque-offset-Ingci.pdf\">D\u00e9pliant BA-IRCI<\/a><\/p>\n<\/div>\n<p>&nbsp;<\/p>\n","protected":false},"excerpt":{"rendered":"<p>Bachelier universitaire complet\u00a0en sciences de l\u2019ing\u00e9nieur (180 cr\u00e9dits)\u00a0orientation ing\u00e9nieur civil En cours de jour\u00a0\u00c0 PARTIR DE LA RENTR\u00c9E 2018 &nbsp; Objectif des \u00e9tudes Rendre l\u2019\u00e9tudiant.e capable de r\u00e9soudre concr\u00e8tement\u00a0des probl\u00e8mes techniques et scientifiques complexes. Dans ce but, le programme des cours d\u00e9veloppe activement\u00a0les comp\u00e9tences suivantes: mobiliser un large \u00e9ventail de connaissances dans le domaine des [&hellip;]<\/p>\n","protected":false},"author":2,"featured_media":0,"parent":0,"menu_order":0,"comment_status":"closed","ping_status":"closed","template":"","meta":{"footnotes":""},"class_list":["post-262","page","type-page","status-publish","hentry"],"yoast_head":"<!-- This site is optimized with the Yoast SEO plugin v27.2 - https:\/\/yoast.com\/product\/yoast-seo-wordpress\/ -->\n<title>Bachelier en Sciences de l\\&#039;Ing\u00e9nieur - UMONS Charleroi<\/title>\n<meta name=\"robots\" content=\"index, follow, max-snippet:-1, max-image-preview:large, max-video-preview:-1\" \/>\n<link rel=\"canonical\" href=\"https:\/\/web.umons.ac.be\/charleroi\/nouveau-ba-irci\/\" \/>\n<meta property=\"og:locale\" content=\"fr_FR\" \/>\n<meta property=\"og:type\" content=\"article\" \/>\n<meta property=\"og:title\" content=\"Bachelier en Sciences de l\\&#039;Ing\u00e9nieur - UMONS Charleroi\" \/>\n<meta property=\"og:description\" content=\"Bachelier universitaire complet\u00a0en sciences de l\u2019ing\u00e9nieur (180 cr\u00e9dits)\u00a0orientation ing\u00e9nieur civil En cours de jour\u00a0\u00c0 PARTIR DE LA RENTR\u00c9E 2018 &nbsp; Objectif des \u00e9tudes Rendre l\u2019\u00e9tudiant.e capable de r\u00e9soudre concr\u00e8tement\u00a0des probl\u00e8mes techniques et scientifiques complexes. Dans ce but, le programme des cours d\u00e9veloppe activement\u00a0les comp\u00e9tences suivantes: mobiliser un large \u00e9ventail de connaissances dans le domaine des [&hellip;]\" \/>\n<meta property=\"og:url\" content=\"https:\/\/web.umons.ac.be\/charleroi\/nouveau-ba-irci\/\" \/>\n<meta property=\"og:site_name\" content=\"UMONS Charleroi\" \/>\n<meta property=\"article:modified_time\" content=\"2025-09-03T14:54:49+00:00\" \/>\n<meta property=\"og:image\" content=\"https:\/\/web.umons.ac.be\/app\/uploads\/sites\/43\/2018\/03\/tab-IngCi.jpg\" \/>\n\t<meta property=\"og:image:width\" content=\"585\" \/>\n\t<meta property=\"og:image:height\" content=\"477\" \/>\n\t<meta property=\"og:image:type\" content=\"image\/jpeg\" \/>\n<meta name=\"twitter:card\" content=\"summary_large_image\" \/>\n<meta name=\"twitter:label1\" content=\"Dur\u00e9e de lecture estim\u00e9e\" \/>\n\t<meta name=\"twitter:data1\" content=\"3 minutes\" \/>\n<script type=\"application\/ld+json\" class=\"yoast-schema-graph\">{\"@context\":\"https:\/\/schema.org\",\"@graph\":[{\"@type\":\"WebPage\",\"@id\":\"https:\/\/web.umons.ac.be\/charleroi\/nouveau-ba-irci\/\",\"url\":\"https:\/\/web.umons.ac.be\/charleroi\/nouveau-ba-irci\/\",\"name\":\"Bachelier en Sciences de l\\\\'Ing\u00e9nieur - UMONS Charleroi\",\"isPartOf\":{\"@id\":\"https:\/\/web.umons.ac.be\/charleroi\/#website\"},\"primaryImageOfPage\":{\"@id\":\"https:\/\/web.umons.ac.be\/charleroi\/nouveau-ba-irci\/#primaryimage\"},\"image\":{\"@id\":\"https:\/\/web.umons.ac.be\/charleroi\/nouveau-ba-irci\/#primaryimage\"},\"thumbnailUrl\":\"https:\/\/web.umons.ac.be\/app\/uploads\/sites\/43\/2018\/03\/tab-IngCi.jpg\",\"datePublished\":\"2018-03-08T14:53:09+00:00\",\"dateModified\":\"2025-09-03T14:54:49+00:00\",\"breadcrumb\":{\"@id\":\"https:\/\/web.umons.ac.be\/charleroi\/nouveau-ba-irci\/#breadcrumb\"},\"inLanguage\":\"fr-FR\",\"potentialAction\":[{\"@type\":\"ReadAction\",\"target\":[\"https:\/\/web.umons.ac.be\/charleroi\/nouveau-ba-irci\/\"]}]},{\"@type\":\"ImageObject\",\"inLanguage\":\"fr-FR\",\"@id\":\"https:\/\/web.umons.ac.be\/charleroi\/nouveau-ba-irci\/#primaryimage\",\"url\":\"https:\/\/web.umons.ac.be\/app\/uploads\/sites\/43\/2018\/03\/tab-IngCi.jpg\",\"contentUrl\":\"https:\/\/web.umons.ac.be\/app\/uploads\/sites\/43\/2018\/03\/tab-IngCi.jpg\"},{\"@type\":\"BreadcrumbList\",\"@id\":\"https:\/\/web.umons.ac.be\/charleroi\/nouveau-ba-irci\/#breadcrumb\",\"itemListElement\":[{\"@type\":\"ListItem\",\"position\":1,\"name\":\"Accueil\",\"item\":\"https:\/\/web.umons.ac.be\/charleroi\/\"},{\"@type\":\"ListItem\",\"position\":2,\"name\":\"Bachelier en Sciences de l&rsquo;Ing\u00e9nieur\"}]},{\"@type\":\"WebSite\",\"@id\":\"https:\/\/web.umons.ac.be\/charleroi\/#website\",\"url\":\"https:\/\/web.umons.ac.be\/charleroi\/\",\"name\":\"UMONS Charleroi\",\"description\":\"\",\"potentialAction\":[{\"@type\":\"SearchAction\",\"target\":{\"@type\":\"EntryPoint\",\"urlTemplate\":\"https:\/\/web.umons.ac.be\/charleroi\/?s={search_term_string}\"},\"query-input\":{\"@type\":\"PropertyValueSpecification\",\"valueRequired\":true,\"valueName\":\"search_term_string\"}}],\"inLanguage\":\"fr-FR\"}]}<\/script>\n<!-- \/ Yoast SEO plugin. -->","yoast_head_json":{"title":"Bachelier en Sciences de l\\'Ing\u00e9nieur - UMONS Charleroi","robots":{"index":"index","follow":"follow","max-snippet":"max-snippet:-1","max-image-preview":"max-image-preview:large","max-video-preview":"max-video-preview:-1"},"canonical":"https:\/\/web.umons.ac.be\/charleroi\/nouveau-ba-irci\/","og_locale":"fr_FR","og_type":"article","og_title":"Bachelier en Sciences de l\\'Ing\u00e9nieur - UMONS Charleroi","og_description":"Bachelier universitaire complet\u00a0en sciences de l\u2019ing\u00e9nieur (180 cr\u00e9dits)\u00a0orientation ing\u00e9nieur civil En cours de jour\u00a0\u00c0 PARTIR DE LA RENTR\u00c9E 2018 &nbsp; Objectif des \u00e9tudes Rendre l\u2019\u00e9tudiant.e capable de r\u00e9soudre concr\u00e8tement\u00a0des probl\u00e8mes techniques et scientifiques complexes. Dans ce but, le programme des cours d\u00e9veloppe activement\u00a0les comp\u00e9tences suivantes: mobiliser un large \u00e9ventail de connaissances dans le domaine des [&hellip;]","og_url":"https:\/\/web.umons.ac.be\/charleroi\/nouveau-ba-irci\/","og_site_name":"UMONS Charleroi","article_modified_time":"2025-09-03T14:54:49+00:00","og_image":[{"width":585,"height":477,"url":"https:\/\/web.umons.ac.be\/app\/uploads\/sites\/43\/2018\/03\/tab-IngCi.jpg","type":"image\/jpeg"}],"twitter_card":"summary_large_image","twitter_misc":{"Dur\u00e9e de lecture estim\u00e9e":"3 minutes"},"schema":{"@context":"https:\/\/schema.org","@graph":[{"@type":"WebPage","@id":"https:\/\/web.umons.ac.be\/charleroi\/nouveau-ba-irci\/","url":"https:\/\/web.umons.ac.be\/charleroi\/nouveau-ba-irci\/","name":"Bachelier en Sciences de l\\'Ing\u00e9nieur - UMONS Charleroi","isPartOf":{"@id":"https:\/\/web.umons.ac.be\/charleroi\/#website"},"primaryImageOfPage":{"@id":"https:\/\/web.umons.ac.be\/charleroi\/nouveau-ba-irci\/#primaryimage"},"image":{"@id":"https:\/\/web.umons.ac.be\/charleroi\/nouveau-ba-irci\/#primaryimage"},"thumbnailUrl":"https:\/\/web.umons.ac.be\/app\/uploads\/sites\/43\/2018\/03\/tab-IngCi.jpg","datePublished":"2018-03-08T14:53:09+00:00","dateModified":"2025-09-03T14:54:49+00:00","breadcrumb":{"@id":"https:\/\/web.umons.ac.be\/charleroi\/nouveau-ba-irci\/#breadcrumb"},"inLanguage":"fr-FR","potentialAction":[{"@type":"ReadAction","target":["https:\/\/web.umons.ac.be\/charleroi\/nouveau-ba-irci\/"]}]},{"@type":"ImageObject","inLanguage":"fr-FR","@id":"https:\/\/web.umons.ac.be\/charleroi\/nouveau-ba-irci\/#primaryimage","url":"https:\/\/web.umons.ac.be\/app\/uploads\/sites\/43\/2018\/03\/tab-IngCi.jpg","contentUrl":"https:\/\/web.umons.ac.be\/app\/uploads\/sites\/43\/2018\/03\/tab-IngCi.jpg"},{"@type":"BreadcrumbList","@id":"https:\/\/web.umons.ac.be\/charleroi\/nouveau-ba-irci\/#breadcrumb","itemListElement":[{"@type":"ListItem","position":1,"name":"Accueil","item":"https:\/\/web.umons.ac.be\/charleroi\/"},{"@type":"ListItem","position":2,"name":"Bachelier en Sciences de l&rsquo;Ing\u00e9nieur"}]},{"@type":"WebSite","@id":"https:\/\/web.umons.ac.be\/charleroi\/#website","url":"https:\/\/web.umons.ac.be\/charleroi\/","name":"UMONS Charleroi","description":"","potentialAction":[{"@type":"SearchAction","target":{"@type":"EntryPoint","urlTemplate":"https:\/\/web.umons.ac.be\/charleroi\/?s={search_term_string}"},"query-input":{"@type":"PropertyValueSpecification","valueRequired":true,"valueName":"search_term_string"}}],"inLanguage":"fr-FR"}]}},"lang":"fr","translations":{"fr":262},"pll_sync_post":[],"_links":{"self":[{"href":"https:\/\/web.umons.ac.be\/charleroi\/wp-json\/wp\/v2\/pages\/262","targetHints":{"allow":["GET"]}}],"collection":[{"href":"https:\/\/web.umons.ac.be\/charleroi\/wp-json\/wp\/v2\/pages"}],"about":[{"href":"https:\/\/web.umons.ac.be\/charleroi\/wp-json\/wp\/v2\/types\/page"}],"author":[{"embeddable":true,"href":"https:\/\/web.umons.ac.be\/charleroi\/wp-json\/wp\/v2\/users\/2"}],"replies":[{"embeddable":true,"href":"https:\/\/web.umons.ac.be\/charleroi\/wp-json\/wp\/v2\/comments?post=262"}],"version-history":[{"count":4,"href":"https:\/\/web.umons.ac.be\/charleroi\/wp-json\/wp\/v2\/pages\/262\/revisions"}],"predecessor-version":[{"id":1938,"href":"https:\/\/web.umons.ac.be\/charleroi\/wp-json\/wp\/v2\/pages\/262\/revisions\/1938"}],"wp:attachment":[{"href":"https:\/\/web.umons.ac.be\/charleroi\/wp-json\/wp\/v2\/media?parent=262"}],"curies":[{"name":"wp","href":"https:\/\/api.w.org\/{rel}","templated":true}]}}