{"id":364,"date":"2018-05-17T11:22:04","date_gmt":"2018-05-17T09:22:04","guid":{"rendered":"https:\/\/web.umons.ac.be\/charleroi\/?page_id=364"},"modified":"2024-05-28T17:57:05","modified_gmt":"2024-05-28T15:57:05","slug":"architecture","status":"publish","type":"page","link":"https:\/\/web.umons.ac.be\/charleroi\/offre-de-formations\/architecture\/","title":{"rendered":"Architecture"},"content":{"rendered":"<h2>Bienvenue \u00e0 la Facult\u00e9 d&rsquo;Architecture et d&rsquo;Urbanisme !<\/h2>\n<p>Le\u00a0<strong>Master de sp\u00e9cialisation en Management territorial et d\u00e9veloppement urbain<\/strong>\u00a0(60 cr\u00e9dits), associe l\u2019UMONS et la facult\u00e9 d\u2019architecture La Cambre-Horta de l\u2019ULB. Il ambitionne de s\u2019int\u00e9grer \u00e0 la dynamique de renouveau des villes en Wallonie et \u00e0 Bruxelles.<\/p>\n<p>A partir de septembre 2024, le Master de sp\u00e9cialisation en Management territorial et d\u00e9veloppement urbain existera encore uniquement de mani\u00e8re transitoire (pour ceux ayant entam\u00e9 ces \u00e9tudes avant 24-25). Un Master ( 120 cr\u00e9dits) en Urbanisme et d\u00e9veloppement territorial sera d\u00e8s lors propos\u00e9 conjointement par l\u2019ULB et l\u2019UMONS.<\/p>\n<p>Des <strong>Certificats interuniversitaires<\/strong> sont \u00e9galement propos\u00e9s, en lien avec la cr\u00e9ation et l&rsquo;exploitation de maquettes num\u00e9riques.<\/p>\n<hr \/>\n<h3>Master :<\/h3>\n<start-cask-shortcode-wrapper><article class=\"shortcode-training training-small content-block scheme-fau\">\n\t<a href=\"https:\/\/web.umons.ac.be\/fau\/fr\/formations\/m2-urbadt\/\" class=\"training-link scheme-border-hover\">\n\t\t<header class=\"training-small-header\">\n\t\t\t<div class=\"training-small-entity scheme-color\">\n\t\t\t\tFacult\u00e9 \/ FAU\t\t\t\t\t           \t<img decoding=\"async\" src=\"https:\/\/web.umons.ac.be\/app\/uploads\/sites\/5\/2017\/05\/FAU.png\" class=\"training-small-entity-logo\" alt=\"Ic\u00f4ne de Facult\u00e9 \/ FAU\">\n\t        \t\t\t\t<\/div>\n\t\t\t<div class=\"training-small-degree\">\n\t\t\t\tMaster en\t\t\t<\/div>\n\n\t\t\t<h1 class=\"training-small-title\">Urbanisme et d\u00e9veloppement territorial<\/h1>\n\n\t\t\t\t\t<\/header>\n\t\t\t\t<div class=\"training-small-content\">\n\t\t\t<div class=\"training-small-location\">\n\t\t\t\t<span class=\"icon umons-icon-pin\" aria-hidden=\"true\"><\/span>\n\t\t\t\t<span class=\"location\">Charleroi<\/span>\n\t\t\t<\/div>\n\n\t\t\t\t\t\t<div class=\"training-small-side-info\">\n\t\t\t\t<ul class=\"training-small-side-info-list\">\n\t\t\t\t\t\t\t\t\t\t<li>\n\t\t\t\t\t\t<div class=\"training-single-schedule\">\n\t\t\t\t\t\t\t<div class=\"label\">Horaire<\/div>\n\t\t\t\t\t\t\t<div class=\"value\">Horaire de jour<\/div>\n\t\t\t\t\t\t<\/div>\n\t\t\t\t\t<\/li>\n\t\t\t\t\t\t\t\t\t\t\t\t\t\t\t<li>\n\t\t\t\t\t\t<div class=\"training-single-credits\">\n\t\t\t\t\t\t\t<div class=\"label\">Cr\u00e9dits ECTS<\/div>\n\t\t\t\t\t\t\t<div class=\"value\">120<\/div>\n\t\t\t\t\t\t<\/div>\n\t\t\t\t\t<\/li>\n\t\t\t\t\t\t\t\t\t\t\t\t\t\t\t<li>\n\t\t\t\t\t\t<div class=\"training-single-languages\">\n\t\t\t\t\t\t\t<div class=\"label\">Langue<\/div>\n\t\t\t\t\t\t\t<div class=\"value\">\n\t\t\t\t\t\t\t\t<span class=\"lang\">Fran\u00e7ais<\/span>\n\t\t\t\t\t\t\t<\/div>\n\t\t\t\t\t\t<\/div>\n\t\t\t\t\t<\/li>\n\t\t\t\t\t\t\t\t\t<\/ul>\n\t\t\t<\/div>\n\t\t\t\t\t<\/div>\n\t\t\t<\/a>\n<\/article>\n<end-cask-shortcode-wrapper>\n<hr \/>\n<h3>Certificats :<\/h3>\n<start-cask-shortcode-wrapper><article class=\"shortcode-training training-small content-block scheme-fau\">\n\t<a href=\"https:\/\/web.umons.ac.be\/fau\/fr\/formations\/cu-data4bim\/\" class=\"training-link scheme-border-hover\">\n\t\t<header class=\"training-small-header\">\n\t\t\t<div class=\"training-small-entity scheme-color\">\n\t\t\t\tFacult\u00e9 \/ FAU\t\t\t\t\t           \t<img decoding=\"async\" src=\"https:\/\/web.umons.ac.be\/app\/uploads\/sites\/5\/2017\/05\/FAU.png\" class=\"training-small-entity-logo\" alt=\"Ic\u00f4ne de Facult\u00e9 \/ FAU\">\n\t        \t\t\t\t<\/div>\n\t\t\t<div class=\"training-small-degree\">\n\t\t\t\tCertificat interuniversitaire en\t\t\t<\/div>\n\n\t\t\t<h1 class=\"training-small-title\">Mod\u00e9lisation des donn\u00e9es du b\u00e2timent orient\u00e9 BIM (DATA4BIM)<\/h1>\n\n\t\t\t\t\t<\/header>\n\t\t\t\t<div class=\"training-small-content\">\n\t\t\t<div class=\"training-small-location\">\n\t\t\t\t<span class=\"icon umons-icon-pin\" aria-hidden=\"true\"><\/span>\n\t\t\t\t<span class=\"location\">Charleroi<\/span>\n\t\t\t<\/div>\n\n\t\t\t\t\t\t<div class=\"training-small-side-info\">\n\t\t\t\t<ul class=\"training-small-side-info-list\">\n\t\t\t\t\t\t\t\t\t\t<li>\n\t\t\t\t\t\t<div class=\"training-single-schedule\">\n\t\t\t\t\t\t\t<div class=\"label\">Horaire<\/div>\n\t\t\t\t\t\t\t<div class=\"value\">Horaire de jour<\/div>\n\t\t\t\t\t\t<\/div>\n\t\t\t\t\t<\/li>\n\t\t\t\t\t\t\t\t\t\t\t\t\t\t\t<li>\n\t\t\t\t\t\t<div class=\"training-single-credits\">\n\t\t\t\t\t\t\t<div class=\"label\">Cr\u00e9dits ECTS<\/div>\n\t\t\t\t\t\t\t<div class=\"value\">20<\/div>\n\t\t\t\t\t\t<\/div>\n\t\t\t\t\t<\/li>\n\t\t\t\t\t\t\t\t\t\t\t\t\t\t\t<li>\n\t\t\t\t\t\t<div class=\"training-single-languages\">\n\t\t\t\t\t\t\t<div class=\"label\">Langue<\/div>\n\t\t\t\t\t\t\t<div class=\"value\">\n\t\t\t\t\t\t\t\t<span class=\"lang\">Fran\u00e7ais<\/span>\n\t\t\t\t\t\t\t<\/div>\n\t\t\t\t\t\t<\/div>\n\t\t\t\t\t<\/li>\n\t\t\t\t\t\t\t\t\t<\/ul>\n\t\t\t<\/div>\n\t\t\t\t\t<\/div>\n\t\t\t<\/a>\n<\/article>\n<end-cask-shortcode-wrapper>\n<start-cask-shortcode-wrapper><article class=\"shortcode-training training-small content-block scheme-fau\">\n\t<a href=\"https:\/\/web.umons.ac.be\/fau\/fr\/formations\/cu-ux4bim\/\" class=\"training-link scheme-border-hover\">\n\t\t<header class=\"training-small-header\">\n\t\t\t<div class=\"training-small-entity scheme-color\">\n\t\t\t\tFacult\u00e9 \/ FAU\t\t\t\t\t           \t<img decoding=\"async\" src=\"https:\/\/web.umons.ac.be\/app\/uploads\/sites\/5\/2017\/05\/FAU.png\" class=\"training-small-entity-logo\" alt=\"Ic\u00f4ne de Facult\u00e9 \/ FAU\">\n\t        \t\t\t\t<\/div>\n\t\t\t<div class=\"training-small-degree\">\n\t\t\t\tCertificat interuniversitaire en\t\t\t<\/div>\n\n\t\t\t<h1 class=\"training-small-title\">Exploitation, interaction et visualisation des maquettes num\u00e9riques (UX4BIM)<\/h1>\n\n\t\t\t\t\t<\/header>\n\t\t\t\t<div class=\"training-small-content\">\n\t\t\t<div class=\"training-small-location\">\n\t\t\t\t<span class=\"icon umons-icon-pin\" aria-hidden=\"true\"><\/span>\n\t\t\t\t<span class=\"location\">Charleroi<\/span>\n\t\t\t<\/div>\n\n\t\t\t\t\t\t<div class=\"training-small-side-info\">\n\t\t\t\t<ul class=\"training-small-side-info-list\">\n\t\t\t\t\t\t\t\t\t\t<li>\n\t\t\t\t\t\t<div class=\"training-single-schedule\">\n\t\t\t\t\t\t\t<div class=\"label\">Horaire<\/div>\n\t\t\t\t\t\t\t<div class=\"value\">Horaire adapt\u00e9<\/div>\n\t\t\t\t\t\t<\/div>\n\t\t\t\t\t<\/li>\n\t\t\t\t\t\t\t\t\t\t\t\t\t\t\t<li>\n\t\t\t\t\t\t<div class=\"training-single-credits\">\n\t\t\t\t\t\t\t<div class=\"label\">Cr\u00e9dits ECTS<\/div>\n\t\t\t\t\t\t\t<div class=\"value\">20<\/div>\n\t\t\t\t\t\t<\/div>\n\t\t\t\t\t<\/li>\n\t\t\t\t\t\t\t\t\t\t\t\t\t\t\t<li>\n\t\t\t\t\t\t<div class=\"training-single-languages\">\n\t\t\t\t\t\t\t<div class=\"label\">Langue<\/div>\n\t\t\t\t\t\t\t<div class=\"value\">\n\t\t\t\t\t\t\t\t<span class=\"lang\">Fran\u00e7ais<\/span>\n\t\t\t\t\t\t\t<\/div>\n\t\t\t\t\t\t<\/div>\n\t\t\t\t\t<\/li>\n\t\t\t\t\t\t\t\t\t<\/ul>\n\t\t\t<\/div>\n\t\t\t\t\t<\/div>\n\t\t\t<\/a>\n<\/article>\n<end-cask-shortcode-wrapper>\n","protected":false},"excerpt":{"rendered":"<p>Bienvenue \u00e0 la Facult\u00e9 d&rsquo;Architecture et d&rsquo;Urbanisme ! Le\u00a0Master de sp\u00e9cialisation en Management territorial et d\u00e9veloppement urbain\u00a0(60 cr\u00e9dits), associe l\u2019UMONS et la facult\u00e9 d\u2019architecture La Cambre-Horta de l\u2019ULB. Il ambitionne de s\u2019int\u00e9grer \u00e0 la dynamique de renouveau des villes en Wallonie et \u00e0 Bruxelles. A partir de septembre 2024, le Master de sp\u00e9cialisation en Management [&hellip;]<\/p>\n","protected":false},"author":2,"featured_media":0,"parent":61,"menu_order":0,"comment_status":"closed","ping_status":"closed","template":"","meta":{"footnotes":""},"class_list":["post-364","page","type-page","status-publish","hentry"],"yoast_head":"<!-- This site is optimized with the Yoast SEO plugin v27.2 - https:\/\/yoast.com\/product\/yoast-seo-wordpress\/ -->\n<title>Architecture - UMONS Charleroi<\/title>\n<meta name=\"robots\" content=\"index, follow, max-snippet:-1, max-image-preview:large, max-video-preview:-1\" \/>\n<link rel=\"canonical\" href=\"https:\/\/web.umons.ac.be\/charleroi\/offre-de-formations\/architecture\/\" \/>\n<meta property=\"og:locale\" content=\"fr_FR\" \/>\n<meta property=\"og:type\" content=\"article\" \/>\n<meta property=\"og:title\" content=\"Architecture - UMONS Charleroi\" \/>\n<meta property=\"og:description\" content=\"Bienvenue \u00e0 la Facult\u00e9 d&rsquo;Architecture et d&rsquo;Urbanisme ! Le\u00a0Master de sp\u00e9cialisation en Management territorial et d\u00e9veloppement urbain\u00a0(60 cr\u00e9dits), associe l\u2019UMONS et la facult\u00e9 d\u2019architecture La Cambre-Horta de l\u2019ULB. Il ambitionne de s\u2019int\u00e9grer \u00e0 la dynamique de renouveau des villes en Wallonie et \u00e0 Bruxelles. A partir de septembre 2024, le Master de sp\u00e9cialisation en Management [&hellip;]\" \/>\n<meta property=\"og:url\" content=\"https:\/\/web.umons.ac.be\/charleroi\/offre-de-formations\/architecture\/\" \/>\n<meta property=\"og:site_name\" content=\"UMONS Charleroi\" \/>\n<meta property=\"article:modified_time\" content=\"2024-05-28T15:57:05+00:00\" \/>\n<meta name=\"twitter:card\" content=\"summary_large_image\" \/>\n<meta name=\"twitter:label1\" content=\"Dur\u00e9e de lecture estim\u00e9e\" \/>\n\t<meta name=\"twitter:data1\" content=\"1 minute\" \/>\n<script type=\"application\/ld+json\" class=\"yoast-schema-graph\">{\"@context\":\"https:\/\/schema.org\",\"@graph\":[{\"@type\":\"WebPage\",\"@id\":\"https:\/\/web.umons.ac.be\/charleroi\/offre-de-formations\/architecture\/\",\"url\":\"https:\/\/web.umons.ac.be\/charleroi\/offre-de-formations\/architecture\/\",\"name\":\"Architecture - UMONS Charleroi\",\"isPartOf\":{\"@id\":\"https:\/\/web.umons.ac.be\/charleroi\/#website\"},\"datePublished\":\"2018-05-17T09:22:04+00:00\",\"dateModified\":\"2024-05-28T15:57:05+00:00\",\"breadcrumb\":{\"@id\":\"https:\/\/web.umons.ac.be\/charleroi\/offre-de-formations\/architecture\/#breadcrumb\"},\"inLanguage\":\"fr-FR\",\"potentialAction\":[{\"@type\":\"ReadAction\",\"target\":[\"https:\/\/web.umons.ac.be\/charleroi\/offre-de-formations\/architecture\/\"]}]},{\"@type\":\"BreadcrumbList\",\"@id\":\"https:\/\/web.umons.ac.be\/charleroi\/offre-de-formations\/architecture\/#breadcrumb\",\"itemListElement\":[{\"@type\":\"ListItem\",\"position\":1,\"name\":\"Accueil\",\"item\":\"https:\/\/web.umons.ac.be\/charleroi\/\"},{\"@type\":\"ListItem\",\"position\":2,\"name\":\"Offre de formations\",\"item\":\"https:\/\/web.umons.ac.be\/charleroi\/offre-de-formations\/\"},{\"@type\":\"ListItem\",\"position\":3,\"name\":\"Architecture\"}]},{\"@type\":\"WebSite\",\"@id\":\"https:\/\/web.umons.ac.be\/charleroi\/#website\",\"url\":\"https:\/\/web.umons.ac.be\/charleroi\/\",\"name\":\"UMONS Charleroi\",\"description\":\"\",\"potentialAction\":[{\"@type\":\"SearchAction\",\"target\":{\"@type\":\"EntryPoint\",\"urlTemplate\":\"https:\/\/web.umons.ac.be\/charleroi\/?s={search_term_string}\"},\"query-input\":{\"@type\":\"PropertyValueSpecification\",\"valueRequired\":true,\"valueName\":\"search_term_string\"}}],\"inLanguage\":\"fr-FR\"}]}<\/script>\n<!-- \/ Yoast SEO plugin. -->","yoast_head_json":{"title":"Architecture - UMONS Charleroi","robots":{"index":"index","follow":"follow","max-snippet":"max-snippet:-1","max-image-preview":"max-image-preview:large","max-video-preview":"max-video-preview:-1"},"canonical":"https:\/\/web.umons.ac.be\/charleroi\/offre-de-formations\/architecture\/","og_locale":"fr_FR","og_type":"article","og_title":"Architecture - UMONS Charleroi","og_description":"Bienvenue \u00e0 la Facult\u00e9 d&rsquo;Architecture et d&rsquo;Urbanisme ! Le\u00a0Master de sp\u00e9cialisation en Management territorial et d\u00e9veloppement urbain\u00a0(60 cr\u00e9dits), associe l\u2019UMONS et la facult\u00e9 d\u2019architecture La Cambre-Horta de l\u2019ULB. Il ambitionne de s\u2019int\u00e9grer \u00e0 la dynamique de renouveau des villes en Wallonie et \u00e0 Bruxelles. A partir de septembre 2024, le Master de sp\u00e9cialisation en Management [&hellip;]","og_url":"https:\/\/web.umons.ac.be\/charleroi\/offre-de-formations\/architecture\/","og_site_name":"UMONS Charleroi","article_modified_time":"2024-05-28T15:57:05+00:00","twitter_card":"summary_large_image","twitter_misc":{"Dur\u00e9e de lecture estim\u00e9e":"1 minute"},"schema":{"@context":"https:\/\/schema.org","@graph":[{"@type":"WebPage","@id":"https:\/\/web.umons.ac.be\/charleroi\/offre-de-formations\/architecture\/","url":"https:\/\/web.umons.ac.be\/charleroi\/offre-de-formations\/architecture\/","name":"Architecture - UMONS Charleroi","isPartOf":{"@id":"https:\/\/web.umons.ac.be\/charleroi\/#website"},"datePublished":"2018-05-17T09:22:04+00:00","dateModified":"2024-05-28T15:57:05+00:00","breadcrumb":{"@id":"https:\/\/web.umons.ac.be\/charleroi\/offre-de-formations\/architecture\/#breadcrumb"},"inLanguage":"fr-FR","potentialAction":[{"@type":"ReadAction","target":["https:\/\/web.umons.ac.be\/charleroi\/offre-de-formations\/architecture\/"]}]},{"@type":"BreadcrumbList","@id":"https:\/\/web.umons.ac.be\/charleroi\/offre-de-formations\/architecture\/#breadcrumb","itemListElement":[{"@type":"ListItem","position":1,"name":"Accueil","item":"https:\/\/web.umons.ac.be\/charleroi\/"},{"@type":"ListItem","position":2,"name":"Offre de formations","item":"https:\/\/web.umons.ac.be\/charleroi\/offre-de-formations\/"},{"@type":"ListItem","position":3,"name":"Architecture"}]},{"@type":"WebSite","@id":"https:\/\/web.umons.ac.be\/charleroi\/#website","url":"https:\/\/web.umons.ac.be\/charleroi\/","name":"UMONS Charleroi","description":"","potentialAction":[{"@type":"SearchAction","target":{"@type":"EntryPoint","urlTemplate":"https:\/\/web.umons.ac.be\/charleroi\/?s={search_term_string}"},"query-input":{"@type":"PropertyValueSpecification","valueRequired":true,"valueName":"search_term_string"}}],"inLanguage":"fr-FR"}]}},"lang":"fr","translations":{"fr":364},"pll_sync_post":[],"_links":{"self":[{"href":"https:\/\/web.umons.ac.be\/charleroi\/wp-json\/wp\/v2\/pages\/364","targetHints":{"allow":["GET"]}}],"collection":[{"href":"https:\/\/web.umons.ac.be\/charleroi\/wp-json\/wp\/v2\/pages"}],"about":[{"href":"https:\/\/web.umons.ac.be\/charleroi\/wp-json\/wp\/v2\/types\/page"}],"author":[{"embeddable":true,"href":"https:\/\/web.umons.ac.be\/charleroi\/wp-json\/wp\/v2\/users\/2"}],"replies":[{"embeddable":true,"href":"https:\/\/web.umons.ac.be\/charleroi\/wp-json\/wp\/v2\/comments?post=364"}],"version-history":[{"count":3,"href":"https:\/\/web.umons.ac.be\/charleroi\/wp-json\/wp\/v2\/pages\/364\/revisions"}],"predecessor-version":[{"id":1670,"href":"https:\/\/web.umons.ac.be\/charleroi\/wp-json\/wp\/v2\/pages\/364\/revisions\/1670"}],"up":[{"embeddable":true,"href":"https:\/\/web.umons.ac.be\/charleroi\/wp-json\/wp\/v2\/pages\/61"}],"wp:attachment":[{"href":"https:\/\/web.umons.ac.be\/charleroi\/wp-json\/wp\/v2\/media?parent=364"}],"curies":[{"name":"wp","href":"https:\/\/api.w.org\/{rel}","templated":true}]}}