{"id":409,"date":"2018-07-03T09:43:45","date_gmt":"2018-07-03T07:43:45","guid":{"rendered":"https:\/\/web.umons.ac.be\/charleroi\/?page_id=409"},"modified":"2025-03-17T10:15:35","modified_gmt":"2025-03-17T09:15:35","slug":"sciences-humaines-et-sociales","status":"publish","type":"page","link":"https:\/\/web.umons.ac.be\/charleroi\/offre-de-formations\/sciences-humaines-et-sociales\/","title":{"rendered":"Sciences Humaines et Sociales"},"content":{"rendered":"<h2>Bienvenue \u00e0 l&rsquo;Ecole des Sciences Humaines et Sociales !<\/h2>\n<p>L\u2019UMONS et l\u2019ULB proposent, depuis 2018, le <strong>Bachelier en Sciences humaines et sociales (180 cr\u00e9dits) \u00e0 Charleroi. <\/strong>Cette formation riche et polyvalente a pour vocation de faire d\u00e9couvrir les disciplines passionnantes des sciences humaines et sociales, tout en pr\u00e9parant \u00e0 r\u00e9aliser le deuxi\u00e8me cycle de votre choix. Ce Bachelier conduira vers plus de 10 Masters diff\u00e9rents, dont 2 possibles \u00e0 l\u2019UMONS, qui exigent des comp\u00e9tences d\u2019analyse et de r\u00e9flexion en relation directe avec le monde du travail.<\/p>\n<p><strong>\u00a0<\/strong><\/p>\n<p><iframe loading=\"lazy\" title=\"Micro-trottoir #2 : les sciences humaines et sociales, c\u2019est quoi ?\" width=\"500\" height=\"281\" src=\"https:\/\/www.youtube.com\/embed\/_3V4xWPLiU4?feature=oembed\" frameborder=\"0\" allow=\"accelerometer; autoplay; clipboard-write; encrypted-media; gyroscope; picture-in-picture; web-share\" referrerpolicy=\"strict-origin-when-cross-origin\" allowfullscreen><\/iframe><\/p>\n<hr \/>\n<h6>Bachelier :<\/h6>\n<start-cask-shortcode-wrapper><article class=\"shortcode-training training-small content-block scheme-eshs\">\n\t<a href=\"https:\/\/web.umons.ac.be\/eshs\/fr\/formations\/ba-schums-c\/\" class=\"training-link scheme-border-hover\">\n\t\t<header class=\"training-small-header\">\n\t\t\t<div class=\"training-small-entity scheme-color\">\n\t\t\t\tEcole \/ ESHS\t\t\t\t\t           \t<img decoding=\"async\" src=\"https:\/\/web.umons.ac.be\/app\/uploads\/sites\/8\/2017\/05\/ESHS.png\" class=\"training-small-entity-logo\" alt=\"Ic\u00f4ne de Ecole \/ ESHS\">\n\t        \t\t\t\t<\/div>\n\t\t\t<div class=\"training-small-degree\">\n\t\t\t\tBachelier en\t\t\t<\/div>\n\n\t\t\t<h1 class=\"training-small-title\">Sciences Humaines et Sociales<\/h1>\n\n\t\t\t\t\t<\/header>\n\t\t\t\t<div class=\"training-small-content\">\n\t\t\t<div class=\"training-small-location\">\n\t\t\t\t<span class=\"icon umons-icon-pin\" aria-hidden=\"true\"><\/span>\n\t\t\t\t<span class=\"location\">Charleroi<\/span>\n\t\t\t<\/div>\n\n\t\t\t\t\t\t<div class=\"training-small-side-info\">\n\t\t\t\t<ul class=\"training-small-side-info-list\">\n\t\t\t\t\t\t\t\t\t\t<li>\n\t\t\t\t\t\t<div class=\"training-single-schedule\">\n\t\t\t\t\t\t\t<div class=\"label\">Horaire<\/div>\n\t\t\t\t\t\t\t<div class=\"value\">Horaire de jour<\/div>\n\t\t\t\t\t\t<\/div>\n\t\t\t\t\t<\/li>\n\t\t\t\t\t\t\t\t\t\t\t\t\t\t\t<li>\n\t\t\t\t\t\t<div class=\"training-single-credits\">\n\t\t\t\t\t\t\t<div class=\"label\">Cr\u00e9dits ECTS<\/div>\n\t\t\t\t\t\t\t<div class=\"value\">180<\/div>\n\t\t\t\t\t\t<\/div>\n\t\t\t\t\t<\/li>\n\t\t\t\t\t\t\t\t\t\t\t\t\t\t\t<li>\n\t\t\t\t\t\t<div class=\"training-single-languages\">\n\t\t\t\t\t\t\t<div class=\"label\">Langue<\/div>\n\t\t\t\t\t\t\t<div class=\"value\">\n\t\t\t\t\t\t\t\t<span class=\"lang\">Fran\u00e7ais<\/span>\n\t\t\t\t\t\t\t<\/div>\n\t\t\t\t\t\t<\/div>\n\t\t\t\t\t<\/li>\n\t\t\t\t\t\t\t\t\t<\/ul>\n\t\t\t<\/div>\n\t\t\t\t\t<\/div>\n\t\t\t<\/a>\n<\/article>\n<end-cask-shortcode-wrapper>\n<h6>Certificats :<\/h6>\n<start-cask-shortcode-wrapper><end-cask-shortcode-wrapper>\n<p>&nbsp;<\/p>\n<p>&nbsp;<\/p>\n","protected":false},"excerpt":{"rendered":"<p>Bienvenue \u00e0 l&rsquo;Ecole des Sciences Humaines et Sociales ! L\u2019UMONS et l\u2019ULB proposent, depuis 2018, le Bachelier en Sciences humaines et sociales (180 cr\u00e9dits) \u00e0 Charleroi. Cette formation riche et polyvalente a pour vocation de faire d\u00e9couvrir les disciplines passionnantes des sciences humaines et sociales, tout en pr\u00e9parant \u00e0 r\u00e9aliser le deuxi\u00e8me cycle de votre [&hellip;]<\/p>\n","protected":false},"author":2,"featured_media":0,"parent":61,"menu_order":6,"comment_status":"closed","ping_status":"closed","template":"","meta":{"footnotes":""},"class_list":["post-409","page","type-page","status-publish","hentry"],"yoast_head":"<!-- This site is optimized with the Yoast SEO plugin v27.2 - https:\/\/yoast.com\/product\/yoast-seo-wordpress\/ -->\n<title>Sciences Humaines et Sociales - UMONS Charleroi<\/title>\n<meta name=\"robots\" content=\"index, follow, max-snippet:-1, max-image-preview:large, max-video-preview:-1\" \/>\n<link rel=\"canonical\" href=\"https:\/\/web.umons.ac.be\/charleroi\/offre-de-formations\/sciences-humaines-et-sociales\/\" \/>\n<meta property=\"og:locale\" content=\"fr_FR\" \/>\n<meta property=\"og:type\" content=\"article\" \/>\n<meta property=\"og:title\" content=\"Sciences Humaines et Sociales - UMONS Charleroi\" \/>\n<meta property=\"og:description\" content=\"Bienvenue \u00e0 l&rsquo;Ecole des Sciences Humaines et Sociales ! L\u2019UMONS et l\u2019ULB proposent, depuis 2018, le Bachelier en Sciences humaines et sociales (180 cr\u00e9dits) \u00e0 Charleroi. Cette formation riche et polyvalente a pour vocation de faire d\u00e9couvrir les disciplines passionnantes des sciences humaines et sociales, tout en pr\u00e9parant \u00e0 r\u00e9aliser le deuxi\u00e8me cycle de votre [&hellip;]\" \/>\n<meta property=\"og:url\" content=\"https:\/\/web.umons.ac.be\/charleroi\/offre-de-formations\/sciences-humaines-et-sociales\/\" \/>\n<meta property=\"og:site_name\" content=\"UMONS Charleroi\" \/>\n<meta property=\"article:modified_time\" content=\"2025-03-17T09:15:35+00:00\" \/>\n<meta name=\"twitter:card\" content=\"summary_large_image\" \/>\n<meta name=\"twitter:label1\" content=\"Dur\u00e9e de lecture estim\u00e9e\" \/>\n\t<meta name=\"twitter:data1\" content=\"1 minute\" \/>\n<script type=\"application\/ld+json\" class=\"yoast-schema-graph\">{\"@context\":\"https:\/\/schema.org\",\"@graph\":[{\"@type\":\"WebPage\",\"@id\":\"https:\/\/web.umons.ac.be\/charleroi\/offre-de-formations\/sciences-humaines-et-sociales\/\",\"url\":\"https:\/\/web.umons.ac.be\/charleroi\/offre-de-formations\/sciences-humaines-et-sociales\/\",\"name\":\"Sciences Humaines et Sociales - UMONS Charleroi\",\"isPartOf\":{\"@id\":\"https:\/\/web.umons.ac.be\/charleroi\/#website\"},\"datePublished\":\"2018-07-03T07:43:45+00:00\",\"dateModified\":\"2025-03-17T09:15:35+00:00\",\"breadcrumb\":{\"@id\":\"https:\/\/web.umons.ac.be\/charleroi\/offre-de-formations\/sciences-humaines-et-sociales\/#breadcrumb\"},\"inLanguage\":\"fr-FR\",\"potentialAction\":[{\"@type\":\"ReadAction\",\"target\":[\"https:\/\/web.umons.ac.be\/charleroi\/offre-de-formations\/sciences-humaines-et-sociales\/\"]}]},{\"@type\":\"BreadcrumbList\",\"@id\":\"https:\/\/web.umons.ac.be\/charleroi\/offre-de-formations\/sciences-humaines-et-sociales\/#breadcrumb\",\"itemListElement\":[{\"@type\":\"ListItem\",\"position\":1,\"name\":\"Accueil\",\"item\":\"https:\/\/web.umons.ac.be\/charleroi\/\"},{\"@type\":\"ListItem\",\"position\":2,\"name\":\"Offre de formations\",\"item\":\"https:\/\/web.umons.ac.be\/charleroi\/offre-de-formations\/\"},{\"@type\":\"ListItem\",\"position\":3,\"name\":\"Sciences Humaines et Sociales\"}]},{\"@type\":\"WebSite\",\"@id\":\"https:\/\/web.umons.ac.be\/charleroi\/#website\",\"url\":\"https:\/\/web.umons.ac.be\/charleroi\/\",\"name\":\"UMONS Charleroi\",\"description\":\"\",\"potentialAction\":[{\"@type\":\"SearchAction\",\"target\":{\"@type\":\"EntryPoint\",\"urlTemplate\":\"https:\/\/web.umons.ac.be\/charleroi\/?s={search_term_string}\"},\"query-input\":{\"@type\":\"PropertyValueSpecification\",\"valueRequired\":true,\"valueName\":\"search_term_string\"}}],\"inLanguage\":\"fr-FR\"}]}<\/script>\n<!-- \/ Yoast SEO plugin. -->","yoast_head_json":{"title":"Sciences Humaines et Sociales - UMONS Charleroi","robots":{"index":"index","follow":"follow","max-snippet":"max-snippet:-1","max-image-preview":"max-image-preview:large","max-video-preview":"max-video-preview:-1"},"canonical":"https:\/\/web.umons.ac.be\/charleroi\/offre-de-formations\/sciences-humaines-et-sociales\/","og_locale":"fr_FR","og_type":"article","og_title":"Sciences Humaines et Sociales - UMONS Charleroi","og_description":"Bienvenue \u00e0 l&rsquo;Ecole des Sciences Humaines et Sociales ! L\u2019UMONS et l\u2019ULB proposent, depuis 2018, le Bachelier en Sciences humaines et sociales (180 cr\u00e9dits) \u00e0 Charleroi. Cette formation riche et polyvalente a pour vocation de faire d\u00e9couvrir les disciplines passionnantes des sciences humaines et sociales, tout en pr\u00e9parant \u00e0 r\u00e9aliser le deuxi\u00e8me cycle de votre [&hellip;]","og_url":"https:\/\/web.umons.ac.be\/charleroi\/offre-de-formations\/sciences-humaines-et-sociales\/","og_site_name":"UMONS Charleroi","article_modified_time":"2025-03-17T09:15:35+00:00","twitter_card":"summary_large_image","twitter_misc":{"Dur\u00e9e de lecture estim\u00e9e":"1 minute"},"schema":{"@context":"https:\/\/schema.org","@graph":[{"@type":"WebPage","@id":"https:\/\/web.umons.ac.be\/charleroi\/offre-de-formations\/sciences-humaines-et-sociales\/","url":"https:\/\/web.umons.ac.be\/charleroi\/offre-de-formations\/sciences-humaines-et-sociales\/","name":"Sciences Humaines et Sociales - UMONS Charleroi","isPartOf":{"@id":"https:\/\/web.umons.ac.be\/charleroi\/#website"},"datePublished":"2018-07-03T07:43:45+00:00","dateModified":"2025-03-17T09:15:35+00:00","breadcrumb":{"@id":"https:\/\/web.umons.ac.be\/charleroi\/offre-de-formations\/sciences-humaines-et-sociales\/#breadcrumb"},"inLanguage":"fr-FR","potentialAction":[{"@type":"ReadAction","target":["https:\/\/web.umons.ac.be\/charleroi\/offre-de-formations\/sciences-humaines-et-sociales\/"]}]},{"@type":"BreadcrumbList","@id":"https:\/\/web.umons.ac.be\/charleroi\/offre-de-formations\/sciences-humaines-et-sociales\/#breadcrumb","itemListElement":[{"@type":"ListItem","position":1,"name":"Accueil","item":"https:\/\/web.umons.ac.be\/charleroi\/"},{"@type":"ListItem","position":2,"name":"Offre de formations","item":"https:\/\/web.umons.ac.be\/charleroi\/offre-de-formations\/"},{"@type":"ListItem","position":3,"name":"Sciences Humaines et Sociales"}]},{"@type":"WebSite","@id":"https:\/\/web.umons.ac.be\/charleroi\/#website","url":"https:\/\/web.umons.ac.be\/charleroi\/","name":"UMONS Charleroi","description":"","potentialAction":[{"@type":"SearchAction","target":{"@type":"EntryPoint","urlTemplate":"https:\/\/web.umons.ac.be\/charleroi\/?s={search_term_string}"},"query-input":{"@type":"PropertyValueSpecification","valueRequired":true,"valueName":"search_term_string"}}],"inLanguage":"fr-FR"}]}},"lang":"fr","translations":{"fr":409},"pll_sync_post":[],"_links":{"self":[{"href":"https:\/\/web.umons.ac.be\/charleroi\/wp-json\/wp\/v2\/pages\/409","targetHints":{"allow":["GET"]}}],"collection":[{"href":"https:\/\/web.umons.ac.be\/charleroi\/wp-json\/wp\/v2\/pages"}],"about":[{"href":"https:\/\/web.umons.ac.be\/charleroi\/wp-json\/wp\/v2\/types\/page"}],"author":[{"embeddable":true,"href":"https:\/\/web.umons.ac.be\/charleroi\/wp-json\/wp\/v2\/users\/2"}],"replies":[{"embeddable":true,"href":"https:\/\/web.umons.ac.be\/charleroi\/wp-json\/wp\/v2\/comments?post=409"}],"version-history":[{"count":3,"href":"https:\/\/web.umons.ac.be\/charleroi\/wp-json\/wp\/v2\/pages\/409\/revisions"}],"predecessor-version":[{"id":1850,"href":"https:\/\/web.umons.ac.be\/charleroi\/wp-json\/wp\/v2\/pages\/409\/revisions\/1850"}],"up":[{"embeddable":true,"href":"https:\/\/web.umons.ac.be\/charleroi\/wp-json\/wp\/v2\/pages\/61"}],"wp:attachment":[{"href":"https:\/\/web.umons.ac.be\/charleroi\/wp-json\/wp\/v2\/media?parent=409"}],"curies":[{"name":"wp","href":"https:\/\/api.w.org\/{rel}","templated":true}]}}