{"id":525,"date":"2019-05-08T12:29:31","date_gmt":"2019-05-08T10:29:31","guid":{"rendered":"https:\/\/web.umons.ac.be\/charleroi\/?page_id=525"},"modified":"2025-09-03T17:06:59","modified_gmt":"2025-09-03T15:06:59","slug":"nous-rencontrer","status":"publish","type":"page","link":"https:\/\/web.umons.ac.be\/charleroi\/nous-rencontrer\/","title":{"rendered":"Nous rencontrer"},"content":{"rendered":"<p>Pour toute demande de renseignements relative aux programmes de l\u2019Universit\u00e9 de Mons sur son implantation carolor\u00e9gienne, n\u2019h\u00e9sitez pas \u00e0 contacter et \u00e0 venir y discuter avec le personnel de l&rsquo;<a href=\"https:\/\/web.umons.ac.be\/charleroi\/secretariat-et-point-dinscription\/\" target=\"_blank\" rel=\"noopener\">UMONS \u00e0 Charleroi<\/a>.<\/p>\n<p>L\u2019UMONS organise des<a href=\"https:\/\/www.umons.ac.be\/jpo\" target=\"_blank\" rel=\"noopener\"><strong> journ\u00e9es portes ouvertes<\/strong><\/a> tant \u00e0 Mons qu\u2019\u00e0 Charleroi. Elles permettent de d\u00e9couvrir l\u2019Universit\u00e9, ses facult\u00e9s et \u00e9coles, ses campus et logements\u00a0; et de recueillir un maximum d\u2019informations sur les futures \u00e9tudes. L\u2019occasion \u00e9galement de rencontrer des professeurs et \u00e9tudiants.<\/p>\n<p>La journ\u00e9e d\u00e9couverte du CampusUCharleroi se d\u00e9roule g\u00e9n\u00e9ralement au mois d&rsquo;avril, elle s\u2019adresse aussi bien aux rh\u00e9tos qu\u2019aux adultes en reprise d\u2019\u00e9tudes. Plus sp\u00e9cifiquement, la <a href=\"https:\/\/web.umons.ac.be\/fr\/vous-etes\/futur-etudiant\/adulte-reprise-detude\/\" target=\"_blank\" rel=\"noopener\"><strong>soir\u00e9e formation continue<\/strong><\/a>\u00a0du mois de juin est destin\u00e9e aux personnes int\u00e9ress\u00e9es par des cursus en horaire d\u00e9cal\u00e9.<\/p>\n<p>Une s\u00e9ance d\u2019informations sur les d\u00e9marches administratives li\u00e9es \u00e0 l\u2019admission et \u00e0 l\u2019inscription aux \u00e9tudes est \u00e9galement propos\u00e9e au public \u00e0 horaire d\u00e9cal\u00e9 \u00e0 la fin du mois d\u2019ao\u00fbt.<\/p>\n<p>De m\u00eame, les futurs \u00e9tudiants ont l\u2019occasion de rencontrer des informateurs de l\u2019UMONS lors des diff\u00e9rents <a href=\"https:\/\/web.umons.ac.be\/fr\/rdv-rhetos\/salons-et-manifestations\/\" target=\"_blank\" rel=\"noopener\"><strong>salons des \u00e9tudes, formations et professions<\/strong><\/a>.<\/p>\n","protected":false},"excerpt":{"rendered":"<p>Pour toute demande de renseignements relative aux programmes de l\u2019Universit\u00e9 de Mons sur son implantation carolor\u00e9gienne, n\u2019h\u00e9sitez pas \u00e0 contacter et \u00e0 venir y discuter avec le personnel de l&rsquo;UMONS \u00e0 Charleroi. L\u2019UMONS organise des journ\u00e9es portes ouvertes tant \u00e0 Mons qu\u2019\u00e0 Charleroi. Elles permettent de d\u00e9couvrir l\u2019Universit\u00e9, ses facult\u00e9s et \u00e9coles, ses campus et [&hellip;]<\/p>\n","protected":false},"author":2,"featured_media":0,"parent":0,"menu_order":0,"comment_status":"closed","ping_status":"closed","template":"","meta":{"footnotes":""},"class_list":["post-525","page","type-page","status-publish","hentry"],"yoast_head":"<!-- This site is optimized with the Yoast SEO plugin v27.2 - https:\/\/yoast.com\/product\/yoast-seo-wordpress\/ -->\n<title>Nous rencontrer - UMONS Charleroi<\/title>\n<meta name=\"robots\" content=\"index, follow, max-snippet:-1, max-image-preview:large, max-video-preview:-1\" \/>\n<link rel=\"canonical\" href=\"https:\/\/web.umons.ac.be\/charleroi\/nous-rencontrer\/\" \/>\n<meta property=\"og:locale\" content=\"fr_FR\" \/>\n<meta property=\"og:type\" content=\"article\" \/>\n<meta property=\"og:title\" content=\"Nous rencontrer - UMONS Charleroi\" \/>\n<meta property=\"og:description\" content=\"Pour toute demande de renseignements relative aux programmes de l\u2019Universit\u00e9 de Mons sur son implantation carolor\u00e9gienne, n\u2019h\u00e9sitez pas \u00e0 contacter et \u00e0 venir y discuter avec le personnel de l&rsquo;UMONS \u00e0 Charleroi. L\u2019UMONS organise des journ\u00e9es portes ouvertes tant \u00e0 Mons qu\u2019\u00e0 Charleroi. Elles permettent de d\u00e9couvrir l\u2019Universit\u00e9, ses facult\u00e9s et \u00e9coles, ses campus et [&hellip;]\" \/>\n<meta property=\"og:url\" content=\"https:\/\/web.umons.ac.be\/charleroi\/nous-rencontrer\/\" \/>\n<meta property=\"og:site_name\" content=\"UMONS Charleroi\" \/>\n<meta property=\"article:modified_time\" content=\"2025-09-03T15:06:59+00:00\" \/>\n<meta name=\"twitter:card\" content=\"summary_large_image\" \/>\n<meta name=\"twitter:label1\" content=\"Dur\u00e9e de lecture estim\u00e9e\" \/>\n\t<meta name=\"twitter:data1\" content=\"1 minute\" \/>\n<script type=\"application\/ld+json\" class=\"yoast-schema-graph\">{\"@context\":\"https:\/\/schema.org\",\"@graph\":[{\"@type\":\"WebPage\",\"@id\":\"https:\/\/web.umons.ac.be\/charleroi\/nous-rencontrer\/\",\"url\":\"https:\/\/web.umons.ac.be\/charleroi\/nous-rencontrer\/\",\"name\":\"Nous rencontrer - UMONS Charleroi\",\"isPartOf\":{\"@id\":\"https:\/\/web.umons.ac.be\/charleroi\/#website\"},\"datePublished\":\"2019-05-08T10:29:31+00:00\",\"dateModified\":\"2025-09-03T15:06:59+00:00\",\"breadcrumb\":{\"@id\":\"https:\/\/web.umons.ac.be\/charleroi\/nous-rencontrer\/#breadcrumb\"},\"inLanguage\":\"fr-FR\",\"potentialAction\":[{\"@type\":\"ReadAction\",\"target\":[\"https:\/\/web.umons.ac.be\/charleroi\/nous-rencontrer\/\"]}]},{\"@type\":\"BreadcrumbList\",\"@id\":\"https:\/\/web.umons.ac.be\/charleroi\/nous-rencontrer\/#breadcrumb\",\"itemListElement\":[{\"@type\":\"ListItem\",\"position\":1,\"name\":\"Accueil\",\"item\":\"https:\/\/web.umons.ac.be\/charleroi\/\"},{\"@type\":\"ListItem\",\"position\":2,\"name\":\"Nous rencontrer\"}]},{\"@type\":\"WebSite\",\"@id\":\"https:\/\/web.umons.ac.be\/charleroi\/#website\",\"url\":\"https:\/\/web.umons.ac.be\/charleroi\/\",\"name\":\"UMONS Charleroi\",\"description\":\"\",\"potentialAction\":[{\"@type\":\"SearchAction\",\"target\":{\"@type\":\"EntryPoint\",\"urlTemplate\":\"https:\/\/web.umons.ac.be\/charleroi\/?s={search_term_string}\"},\"query-input\":{\"@type\":\"PropertyValueSpecification\",\"valueRequired\":true,\"valueName\":\"search_term_string\"}}],\"inLanguage\":\"fr-FR\"}]}<\/script>\n<!-- \/ Yoast SEO plugin. -->","yoast_head_json":{"title":"Nous rencontrer - UMONS Charleroi","robots":{"index":"index","follow":"follow","max-snippet":"max-snippet:-1","max-image-preview":"max-image-preview:large","max-video-preview":"max-video-preview:-1"},"canonical":"https:\/\/web.umons.ac.be\/charleroi\/nous-rencontrer\/","og_locale":"fr_FR","og_type":"article","og_title":"Nous rencontrer - UMONS Charleroi","og_description":"Pour toute demande de renseignements relative aux programmes de l\u2019Universit\u00e9 de Mons sur son implantation carolor\u00e9gienne, n\u2019h\u00e9sitez pas \u00e0 contacter et \u00e0 venir y discuter avec le personnel de l&rsquo;UMONS \u00e0 Charleroi. L\u2019UMONS organise des journ\u00e9es portes ouvertes tant \u00e0 Mons qu\u2019\u00e0 Charleroi. Elles permettent de d\u00e9couvrir l\u2019Universit\u00e9, ses facult\u00e9s et \u00e9coles, ses campus et [&hellip;]","og_url":"https:\/\/web.umons.ac.be\/charleroi\/nous-rencontrer\/","og_site_name":"UMONS Charleroi","article_modified_time":"2025-09-03T15:06:59+00:00","twitter_card":"summary_large_image","twitter_misc":{"Dur\u00e9e de lecture estim\u00e9e":"1 minute"},"schema":{"@context":"https:\/\/schema.org","@graph":[{"@type":"WebPage","@id":"https:\/\/web.umons.ac.be\/charleroi\/nous-rencontrer\/","url":"https:\/\/web.umons.ac.be\/charleroi\/nous-rencontrer\/","name":"Nous rencontrer - UMONS Charleroi","isPartOf":{"@id":"https:\/\/web.umons.ac.be\/charleroi\/#website"},"datePublished":"2019-05-08T10:29:31+00:00","dateModified":"2025-09-03T15:06:59+00:00","breadcrumb":{"@id":"https:\/\/web.umons.ac.be\/charleroi\/nous-rencontrer\/#breadcrumb"},"inLanguage":"fr-FR","potentialAction":[{"@type":"ReadAction","target":["https:\/\/web.umons.ac.be\/charleroi\/nous-rencontrer\/"]}]},{"@type":"BreadcrumbList","@id":"https:\/\/web.umons.ac.be\/charleroi\/nous-rencontrer\/#breadcrumb","itemListElement":[{"@type":"ListItem","position":1,"name":"Accueil","item":"https:\/\/web.umons.ac.be\/charleroi\/"},{"@type":"ListItem","position":2,"name":"Nous rencontrer"}]},{"@type":"WebSite","@id":"https:\/\/web.umons.ac.be\/charleroi\/#website","url":"https:\/\/web.umons.ac.be\/charleroi\/","name":"UMONS Charleroi","description":"","potentialAction":[{"@type":"SearchAction","target":{"@type":"EntryPoint","urlTemplate":"https:\/\/web.umons.ac.be\/charleroi\/?s={search_term_string}"},"query-input":{"@type":"PropertyValueSpecification","valueRequired":true,"valueName":"search_term_string"}}],"inLanguage":"fr-FR"}]}},"lang":"fr","translations":{"fr":525},"pll_sync_post":[],"_links":{"self":[{"href":"https:\/\/web.umons.ac.be\/charleroi\/wp-json\/wp\/v2\/pages\/525","targetHints":{"allow":["GET"]}}],"collection":[{"href":"https:\/\/web.umons.ac.be\/charleroi\/wp-json\/wp\/v2\/pages"}],"about":[{"href":"https:\/\/web.umons.ac.be\/charleroi\/wp-json\/wp\/v2\/types\/page"}],"author":[{"embeddable":true,"href":"https:\/\/web.umons.ac.be\/charleroi\/wp-json\/wp\/v2\/users\/2"}],"replies":[{"embeddable":true,"href":"https:\/\/web.umons.ac.be\/charleroi\/wp-json\/wp\/v2\/comments?post=525"}],"version-history":[{"count":3,"href":"https:\/\/web.umons.ac.be\/charleroi\/wp-json\/wp\/v2\/pages\/525\/revisions"}],"predecessor-version":[{"id":1942,"href":"https:\/\/web.umons.ac.be\/charleroi\/wp-json\/wp\/v2\/pages\/525\/revisions\/1942"}],"wp:attachment":[{"href":"https:\/\/web.umons.ac.be\/charleroi\/wp-json\/wp\/v2\/media?parent=525"}],"curies":[{"name":"wp","href":"https:\/\/api.w.org\/{rel}","templated":true}]}}